{"id":8272,"date":"2019-09-06T13:33:49","date_gmt":"2019-09-06T11:33:49","guid":{"rendered":"https:\/\/www.antderground.com\/producto\/tenebrio-molitor\/"},"modified":"2024-01-08T17:04:14","modified_gmt":"2024-01-08T16:04:14","slug":"tenebrio-molitor","status":"publish","type":"product","link":"https:\/\/antderground.com\/ca\/producte\/tenebrio-molitor\/","title":{"rendered":"Tenebrio molitor"},"content":{"rendered":"<p>25|100|500 grams de tenebrio molitor<\/p>\n<p><strong>Fitxa T\u00e8cnica: Larva de Farina (Tenebrio molitor)<\/strong><\/p>\n<p><strong>Classificaci\u00f3:<\/strong><\/p>\n<ul>\n<li>Regne: Animalia<\/li>\n<li>Filum: Arthropoda<\/li>\n<li>Classe: Insecta<\/li>\n<li>Ordre: Coleoptera<\/li>\n<li>Fam\u00edlia: Tenebrionidae<\/li>\n<li>G\u00e8nere: Tenebrio<\/li>\n<li>Esp\u00e8cie: Tenebrio molitor<\/li>\n<\/ul>\n<p><strong>Descripci\u00f3:<\/strong><\/p>\n<ul>\n<li>Longitud: 1,5 a 2,5 cent\u00edmetres.<\/li>\n<li>Color: Marr\u00f3 fosc.<\/li>\n<li>Morfologia: Cos dividit en cap, t\u00f2rax i abdomen. T\u00e9 sis potes, antenes i mand\u00edbules desenvolupades.<\/li>\n<\/ul>\n<p><strong>Cicle de Vida:<\/strong><\/p>\n<ol>\n<li><strong>Ou:<\/strong> El cicle comen\u00e7a amb la postura d&#8217;ous per part de la femella.<\/li>\n<li><strong>Llarva:<\/strong> La larva, com\u00fament coneguda com a larva de farina, \u00e9s la fase de creixement m\u00e9s activa i s&#8217;alimenta de materials rics en prote\u00efnes.<\/li>\n<li><strong>Pupa:<\/strong> La larva es transforma en pupa, on es produeix la metamorfosi.<\/li>\n<li><strong>Adult:<\/strong> La pupa es desenvolupa en un escarabat adult.<\/li>\n<\/ol>\n<p><strong>H\u00e0bitat:<\/strong><\/p>\n<ul>\n<li>Les larves de farina s\u00f3n adaptatives i es troben en ambients foscos i c\u00e0lids, com ara magatzems, pallers i \u00e0rees d&#8217;emmagatzematge d&#8217;aliments.<\/li>\n<\/ul>\n<p><strong>Alimentaci\u00f3:<\/strong><\/p>\n<ul>\n<li>La fase de larva es nodreix de materials rics en prote\u00efnes, com ara farina, cereals i altres productes org\u00e0nics. Els adults consumeixen principalment aliments fibrosos.<\/li>\n<\/ul>\n<p><strong>Import\u00e0ncia Econ\u00f2mica:<\/strong><\/p>\n<ul>\n<li>S\u00f3n utilitzades com a aliment per a animals ex\u00f2tics, r\u00e8ptils, ocells i peixos a causa del seu alt contingut proteic i valor nutricional.<\/li>\n<\/ul>\n<p><strong>Beneficis Ambientals:<\/strong><\/p>\n<ul>\n<li>Descomponen materials org\u00e0nics, contribuint al proc\u00e9s de descomposici\u00f3 i reciclatge a la natura.<\/li>\n<\/ul>\n","protected":false},"excerpt":{"rendered":"<p>Cucs tenebri molitor (conegut com cucs de la farina) un aliment viu perfecte per a animals ex\u00f2tics i sobretot per a certes esp\u00e8cies de formigues<\/p>\n","protected":false},"featured_media":8273,"template":"","meta":[],"product_brand":[],"product_cat":[159,664],"product_tag":[],"class_list":{"0":"post-8272","1":"product","2":"type-product","3":"status-publish","4":"has-post-thumbnail","6":"product_cat-aliments-ca","7":"product_cat-aliment-viu","9":"first","10":"instock","11":"sale","12":"shipping-taxable","13":"purchasable","14":"product-type-variable"},"yoast_head":"<!-- This site is optimized with the Yoast SEO plugin v27.3 - https:\/\/yoast.com\/product\/yoast-seo-wordpress\/ -->\n<title>Tenebrio molitor (Cucs de la farina) - ANTDERGROUND<\/title>\n<meta name=\"description\" content=\"Tenebrio Molitor o conegut com a cucs de la farina \u00e9s un aliment viu perfecte per a les nostres formigues i altres insectes. El m\u00f3n de la mirmecologia!\" \/>\n<meta name=\"robots\" content=\"index, follow, max-snippet:-1, max-image-preview:large, max-video-preview:-1\" \/>\n<link rel=\"canonical\" href=\"https:\/\/antderground.com\/ca\/producte\/tenebrio-molitor\/\" \/>\n<meta property=\"og:locale\" content=\"ca_ES\" \/>\n<meta property=\"og:type\" content=\"article\" \/>\n<meta property=\"og:title\" content=\"Tenebrio molitor (Cucs de la farina) - ANTDERGROUND\" \/>\n<meta property=\"og:description\" content=\"Tenebrio Molitor o conegut com a cucs de la farina \u00e9s un aliment viu perfecte per a les nostres formigues i altres insectes. El m\u00f3n de la mirmecologia!\" \/>\n<meta property=\"og:url\" content=\"https:\/\/antderground.com\/ca\/producte\/tenebrio-molitor\/\" \/>\n<meta property=\"og:site_name\" content=\"ANTDERGROUND\" \/>\n<meta property=\"article:modified_time\" content=\"2024-01-08T16:04:14+00:00\" \/>\n<meta property=\"og:image\" content=\"https:\/\/antderground.com\/wp-content\/uploads\/2019\/09\/TENEBRIOS-PARA-HORMIGAS.jpg\" \/>\n\t<meta property=\"og:image:width\" content=\"567\" \/>\n\t<meta property=\"og:image:height\" content=\"567\" \/>\n\t<meta property=\"og:image:type\" content=\"image\/jpeg\" \/>\n<meta name=\"twitter:card\" content=\"summary_large_image\" \/>\n<meta name=\"twitter:label1\" content=\"Temps estimat de lectura\" \/>\n\t<meta name=\"twitter:data1\" content=\"1 minut\" \/>\n<script type=\"application\/ld+json\" class=\"yoast-schema-graph\">{\"@context\":\"https:\\\/\\\/schema.org\",\"@graph\":[{\"@type\":\"WebPage\",\"@id\":\"https:\\\/\\\/antderground.com\\\/ca\\\/producte\\\/tenebrio-molitor\\\/\",\"url\":\"https:\\\/\\\/antderground.com\\\/ca\\\/producte\\\/tenebrio-molitor\\\/\",\"name\":\"Tenebrio molitor (Cucs de la farina) - ANTDERGROUND\",\"isPartOf\":{\"@id\":\"https:\\\/\\\/antderground.com\\\/ca\\\/#website\"},\"primaryImageOfPage\":{\"@id\":\"https:\\\/\\\/antderground.com\\\/ca\\\/producte\\\/tenebrio-molitor\\\/#primaryimage\"},\"image\":{\"@id\":\"https:\\\/\\\/antderground.com\\\/ca\\\/producte\\\/tenebrio-molitor\\\/#primaryimage\"},\"thumbnailUrl\":\"https:\\\/\\\/antderground.com\\\/wp-content\\\/uploads\\\/2019\\\/09\\\/TENEBRIOS-PARA-HORMIGAS.jpg\",\"datePublished\":\"2019-09-06T11:33:49+00:00\",\"dateModified\":\"2024-01-08T16:04:14+00:00\",\"description\":\"Tenebrio Molitor o conegut com a cucs de la farina \u00e9s un aliment viu perfecte per a les nostres formigues i altres insectes. El m\u00f3n de la mirmecologia!\",\"breadcrumb\":{\"@id\":\"https:\\\/\\\/antderground.com\\\/ca\\\/producte\\\/tenebrio-molitor\\\/#breadcrumb\"},\"inLanguage\":\"ca\",\"potentialAction\":[{\"@type\":\"ReadAction\",\"target\":[\"https:\\\/\\\/antderground.com\\\/ca\\\/producte\\\/tenebrio-molitor\\\/\"]}]},{\"@type\":\"ImageObject\",\"inLanguage\":\"ca\",\"@id\":\"https:\\\/\\\/antderground.com\\\/ca\\\/producte\\\/tenebrio-molitor\\\/#primaryimage\",\"url\":\"https:\\\/\\\/antderground.com\\\/wp-content\\\/uploads\\\/2019\\\/09\\\/TENEBRIOS-PARA-HORMIGAS.jpg\",\"contentUrl\":\"https:\\\/\\\/antderground.com\\\/wp-content\\\/uploads\\\/2019\\\/09\\\/TENEBRIOS-PARA-HORMIGAS.jpg\",\"width\":567,\"height\":567},{\"@type\":\"BreadcrumbList\",\"@id\":\"https:\\\/\\\/antderground.com\\\/ca\\\/producte\\\/tenebrio-molitor\\\/#breadcrumb\",\"itemListElement\":[{\"@type\":\"ListItem\",\"position\":1,\"name\":\"Portada\",\"item\":\"https:\\\/\\\/antderground.com\\\/ca\\\/\"},{\"@type\":\"ListItem\",\"position\":2,\"name\":\"Productes\",\"item\":\"https:\\\/\\\/antderground.com\\\/ca\\\/productes\\\/\"},{\"@type\":\"ListItem\",\"position\":3,\"name\":\"Tenebrio molitor\"}]},{\"@type\":\"WebSite\",\"@id\":\"https:\\\/\\\/antderground.com\\\/ca\\\/#website\",\"url\":\"https:\\\/\\\/antderground.com\\\/ca\\\/\",\"name\":\"ANTDERGROUND\",\"description\":\"Tu tienda de hormigas, gran variedad de hormigueros acr\u00edlicos,madera,arena,3D y mas.. Pide tus hormigas gratis con tu pedido, somos expertos en hormigueros antifugas.\",\"publisher\":{\"@id\":\"https:\\\/\\\/antderground.com\\\/ca\\\/#\\\/schema\\\/person\\\/0e322c505e84fe72c65e2f6d08f96b81\"},\"alternateName\":\"Antderground\",\"potentialAction\":[{\"@type\":\"SearchAction\",\"target\":{\"@type\":\"EntryPoint\",\"urlTemplate\":\"https:\\\/\\\/antderground.com\\\/ca\\\/?s={search_term_string}\"},\"query-input\":{\"@type\":\"PropertyValueSpecification\",\"valueRequired\":true,\"valueName\":\"search_term_string\"}}],\"inLanguage\":\"ca\"},{\"@type\":[\"Person\",\"Organization\"],\"@id\":\"https:\\\/\\\/antderground.com\\\/ca\\\/#\\\/schema\\\/person\\\/0e322c505e84fe72c65e2f6d08f96b81\",\"name\":\"Eric de Antderground\",\"image\":{\"@type\":\"ImageObject\",\"inLanguage\":\"ca\",\"@id\":\"https:\\\/\\\/secure.gravatar.com\\\/avatar\\\/c49a1b9f79216d1498cb73c1e85cd47f4465dda35f2a94c03790d491bd4423c3?s=96&d=mm&r=g\",\"url\":\"https:\\\/\\\/secure.gravatar.com\\\/avatar\\\/c49a1b9f79216d1498cb73c1e85cd47f4465dda35f2a94c03790d491bd4423c3?s=96&d=mm&r=g\",\"contentUrl\":\"https:\\\/\\\/secure.gravatar.com\\\/avatar\\\/c49a1b9f79216d1498cb73c1e85cd47f4465dda35f2a94c03790d491bd4423c3?s=96&d=mm&r=g\",\"caption\":\"Eric de Antderground\"},\"logo\":{\"@id\":\"https:\\\/\\\/secure.gravatar.com\\\/avatar\\\/c49a1b9f79216d1498cb73c1e85cd47f4465dda35f2a94c03790d491bd4423c3?s=96&d=mm&r=g\"},\"description\":\"Eric es el especialista y fundador de Antderground, con una amplia trayectoria en artr\u00f3podos y enfocado en la mirmecolog\u00eda y el dise\u00f1o de hormigueros artificiales. Su enfoque combina la innovaci\u00f3n t\u00e9cnica con el respeto por la biolog\u00eda de las hormigas, is\u00f3podos y otros, desarrollando sistemas de nidos modulares 3D y acr\u00edlicos que son referentes para aficionados y profesionales en toda Europa. Su objetivo es facilitar la cr\u00eda de hormigas y otros artr\u00f3podos mediante soluciones seguras y divulgaci\u00f3n de calidad.\",\"sameAs\":[\"https:\\\/\\\/antderground.com\\\/\",\"https:\\\/\\\/www.youtube.com\\\/channel\\\/UCio72z7TlbufkAthAJIJfPw\"]}]}<\/script>\n<!-- \/ Yoast SEO plugin. -->","yoast_head_json":{"title":"Tenebrio molitor (Cucs de la farina) - ANTDERGROUND","description":"Tenebrio Molitor o conegut com a cucs de la farina \u00e9s un aliment viu perfecte per a les nostres formigues i altres insectes. El m\u00f3n de la mirmecologia!","robots":{"index":"index","follow":"follow","max-snippet":"max-snippet:-1","max-image-preview":"max-image-preview:large","max-video-preview":"max-video-preview:-1"},"canonical":"https:\/\/antderground.com\/ca\/producte\/tenebrio-molitor\/","og_locale":"ca_ES","og_type":"article","og_title":"Tenebrio molitor (Cucs de la farina) - ANTDERGROUND","og_description":"Tenebrio Molitor o conegut com a cucs de la farina \u00e9s un aliment viu perfecte per a les nostres formigues i altres insectes. El m\u00f3n de la mirmecologia!","og_url":"https:\/\/antderground.com\/ca\/producte\/tenebrio-molitor\/","og_site_name":"ANTDERGROUND","article_modified_time":"2024-01-08T16:04:14+00:00","og_image":[{"width":567,"height":567,"url":"https:\/\/antderground.com\/wp-content\/uploads\/2019\/09\/TENEBRIOS-PARA-HORMIGAS.jpg","type":"image\/jpeg"}],"twitter_card":"summary_large_image","twitter_misc":{"Temps estimat de lectura":"1 minut"},"schema":{"@context":"https:\/\/schema.org","@graph":[{"@type":"WebPage","@id":"https:\/\/antderground.com\/ca\/producte\/tenebrio-molitor\/","url":"https:\/\/antderground.com\/ca\/producte\/tenebrio-molitor\/","name":"Tenebrio molitor (Cucs de la farina) - ANTDERGROUND","isPartOf":{"@id":"https:\/\/antderground.com\/ca\/#website"},"primaryImageOfPage":{"@id":"https:\/\/antderground.com\/ca\/producte\/tenebrio-molitor\/#primaryimage"},"image":{"@id":"https:\/\/antderground.com\/ca\/producte\/tenebrio-molitor\/#primaryimage"},"thumbnailUrl":"https:\/\/antderground.com\/wp-content\/uploads\/2019\/09\/TENEBRIOS-PARA-HORMIGAS.jpg","datePublished":"2019-09-06T11:33:49+00:00","dateModified":"2024-01-08T16:04:14+00:00","description":"Tenebrio Molitor o conegut com a cucs de la farina \u00e9s un aliment viu perfecte per a les nostres formigues i altres insectes. El m\u00f3n de la mirmecologia!","breadcrumb":{"@id":"https:\/\/antderground.com\/ca\/producte\/tenebrio-molitor\/#breadcrumb"},"inLanguage":"ca","potentialAction":[{"@type":"ReadAction","target":["https:\/\/antderground.com\/ca\/producte\/tenebrio-molitor\/"]}]},{"@type":"ImageObject","inLanguage":"ca","@id":"https:\/\/antderground.com\/ca\/producte\/tenebrio-molitor\/#primaryimage","url":"https:\/\/antderground.com\/wp-content\/uploads\/2019\/09\/TENEBRIOS-PARA-HORMIGAS.jpg","contentUrl":"https:\/\/antderground.com\/wp-content\/uploads\/2019\/09\/TENEBRIOS-PARA-HORMIGAS.jpg","width":567,"height":567},{"@type":"BreadcrumbList","@id":"https:\/\/antderground.com\/ca\/producte\/tenebrio-molitor\/#breadcrumb","itemListElement":[{"@type":"ListItem","position":1,"name":"Portada","item":"https:\/\/antderground.com\/ca\/"},{"@type":"ListItem","position":2,"name":"Productes","item":"https:\/\/antderground.com\/ca\/productes\/"},{"@type":"ListItem","position":3,"name":"Tenebrio molitor"}]},{"@type":"WebSite","@id":"https:\/\/antderground.com\/ca\/#website","url":"https:\/\/antderground.com\/ca\/","name":"ANTDERGROUND","description":"Tu tienda de hormigas, gran variedad de hormigueros acr\u00edlicos,madera,arena,3D y mas.. Pide tus hormigas gratis con tu pedido, somos expertos en hormigueros antifugas.","publisher":{"@id":"https:\/\/antderground.com\/ca\/#\/schema\/person\/0e322c505e84fe72c65e2f6d08f96b81"},"alternateName":"Antderground","potentialAction":[{"@type":"SearchAction","target":{"@type":"EntryPoint","urlTemplate":"https:\/\/antderground.com\/ca\/?s={search_term_string}"},"query-input":{"@type":"PropertyValueSpecification","valueRequired":true,"valueName":"search_term_string"}}],"inLanguage":"ca"},{"@type":["Person","Organization"],"@id":"https:\/\/antderground.com\/ca\/#\/schema\/person\/0e322c505e84fe72c65e2f6d08f96b81","name":"Eric de Antderground","image":{"@type":"ImageObject","inLanguage":"ca","@id":"https:\/\/secure.gravatar.com\/avatar\/c49a1b9f79216d1498cb73c1e85cd47f4465dda35f2a94c03790d491bd4423c3?s=96&d=mm&r=g","url":"https:\/\/secure.gravatar.com\/avatar\/c49a1b9f79216d1498cb73c1e85cd47f4465dda35f2a94c03790d491bd4423c3?s=96&d=mm&r=g","contentUrl":"https:\/\/secure.gravatar.com\/avatar\/c49a1b9f79216d1498cb73c1e85cd47f4465dda35f2a94c03790d491bd4423c3?s=96&d=mm&r=g","caption":"Eric de Antderground"},"logo":{"@id":"https:\/\/secure.gravatar.com\/avatar\/c49a1b9f79216d1498cb73c1e85cd47f4465dda35f2a94c03790d491bd4423c3?s=96&d=mm&r=g"},"description":"Eric es el especialista y fundador de Antderground, con una amplia trayectoria en artr\u00f3podos y enfocado en la mirmecolog\u00eda y el dise\u00f1o de hormigueros artificiales. Su enfoque combina la innovaci\u00f3n t\u00e9cnica con el respeto por la biolog\u00eda de las hormigas, is\u00f3podos y otros, desarrollando sistemas de nidos modulares 3D y acr\u00edlicos que son referentes para aficionados y profesionales en toda Europa. Su objetivo es facilitar la cr\u00eda de hormigas y otros artr\u00f3podos mediante soluciones seguras y divulgaci\u00f3n de calidad.","sameAs":["https:\/\/antderground.com\/","https:\/\/www.youtube.com\/channel\/UCio72z7TlbufkAthAJIJfPw"]}]}},"_links":{"self":[{"href":"https:\/\/antderground.com\/ca\/wp-json\/wp\/v2\/product\/8272","targetHints":{"allow":["GET"]}}],"collection":[{"href":"https:\/\/antderground.com\/ca\/wp-json\/wp\/v2\/product"}],"about":[{"href":"https:\/\/antderground.com\/ca\/wp-json\/wp\/v2\/types\/product"}],"version-history":[{"count":0,"href":"https:\/\/antderground.com\/ca\/wp-json\/wp\/v2\/product\/8272\/revisions"}],"wp:featuredmedia":[{"embeddable":true,"href":"https:\/\/antderground.com\/ca\/wp-json\/wp\/v2\/media\/8273"}],"wp:attachment":[{"href":"https:\/\/antderground.com\/ca\/wp-json\/wp\/v2\/media?parent=8272"}],"wp:term":[{"taxonomy":"product_brand","embeddable":true,"href":"https:\/\/antderground.com\/ca\/wp-json\/wp\/v2\/product_brand?post=8272"},{"taxonomy":"product_cat","embeddable":true,"href":"https:\/\/antderground.com\/ca\/wp-json\/wp\/v2\/product_cat?post=8272"},{"taxonomy":"product_tag","embeddable":true,"href":"https:\/\/antderground.com\/ca\/wp-json\/wp\/v2\/product_tag?post=8272"}],"curies":[{"name":"wp","href":"https:\/\/api.w.org\/{rel}","templated":true}]}}