{"id":8288,"date":"2019-08-05T10:52:38","date_gmt":"2019-08-05T08:52:38","guid":{"rendered":"https:\/\/www.antderground.com\/producto\/camponotus-barbaricus\/"},"modified":"2024-08-28T12:16:09","modified_gmt":"2024-08-28T10:16:09","slug":"camponotus-barbaricus","status":"publish","type":"product","link":"https:\/\/antderground.com\/ca\/producte\/camponotus-barbaricus\/","title":{"rendered":"Camponotus barbaricus"},"content":{"rendered":"<p><strong>Nom cient\u00edfic:<\/strong> <em>Camponotus barbaricus<\/em><\/p>\n<p><strong>Descripci\u00f3 general:<\/strong> <em>Camponotus barbaricus<\/em> \u00e9s una esp\u00e8cie de formiga fusta habitualment trobada en regions del sud d&#8217;Europa, especialment a la regi\u00f3 mediterr\u00e0nia. Aquestes formigues es caracteritzen per la seva mida mitjana a gran, amb reines que poden arribar fins a 18 mm de longitud i obreres m\u00e9s petites, generalment de 5 a 13 mm de longitud.<\/p>\n<p><strong>H\u00e0bitat i distribuci\u00f3:<\/strong> Solen viure en zones boscoses, preferentment en boscos de con\u00edferes o mixtos, encara que tamb\u00e9 es poden trobar en \u00e0rees urbanes, especialment en zones amb arbres o vegetaci\u00f3 densa. S\u00f3n particularment actives durant els mesos c\u00e0lids de l&#8217;any.<\/p>\n<p><strong>Comportament i alimentaci\u00f3:<\/strong> <em>Camponotus barbaricus<\/em> s\u00f3n formigues omn\u00edvores, alimentant-se d&#8217;una varietat de fonts, incloent insectes morts, n\u00e8ctar, saba i altres materials org\u00e0nics. S\u00f3n conegudes per construir els seus nius dins de troncs d&#8217;arbres, fusta podrit o sota roques, utilitzant materials vegetals i la seva pr\u00f2pia saliva.<\/p>\n<p><strong>Col\u00f2nia i reproducci\u00f3:<\/strong> Les col\u00f2nies de <em>Camponotus barbaricus<\/em> poden ser bastant grans, amb milers d&#8217;individus, incloent una \u00fanica reina encarregada de la reproducci\u00f3. La reproducci\u00f3 generalment es produeix a trav\u00e9s de vols nupcials, on les reines i els mascles es creuen en l&#8217;aire abans d&#8217;establir noves col\u00f2nies.<\/p>\n<p><strong>Import\u00e0ncia ecol\u00f2gica:<\/strong> Aquestes formigues poden jugar un paper important en els ecosistemes, contribuint a la descomposici\u00f3 de la mat\u00e8ria org\u00e0nica, la dispersi\u00f3 de llavors i el control de poblacions d&#8217;insectes.<\/p>\n<p>Totes les formigues que oferim s\u00f3n sotmeses a una quarantena durant un temps per assegurar que estan en bon estat, per aix\u00f2 oferim una garantia quan decideixes adquirir una de les esp\u00e8cies que oferim a Antderground.<\/p>\n","protected":false},"excerpt":{"rendered":"<p>Endinsa&#8217;t en el fascinant m\u00f3n de Camponotus barbaricus al teu propi terrari! Observa la seva intricada vida en comunitat i meravella&#8217;t amb el seu comportament \u00fanic. Crea el teu propi ecosistema artificial i captivador avui mateix! \ud83d\udc1c\ud83c\udf3f<\/p>\n","protected":false},"featured_media":8289,"template":"","meta":[],"product_brand":[],"product_cat":[164,312],"product_tag":[],"class_list":{"0":"post-8288","1":"product","2":"type-product","3":"status-publish","4":"has-post-thumbnail","6":"product_cat-formigues","7":"product_cat-formigues-autoctones","9":"first","10":"outofstock","11":"shipping-taxable","12":"purchasable","13":"product-type-variable"},"yoast_head":"<!-- This site is optimized with the Yoast SEO plugin v27.4 - https:\/\/yoast.com\/product\/yoast-seo-wordpress\/ -->\n<title>Camponotus barbaricus | Formigues Europeas - ANTDERGROUND<\/title>\n<meta name=\"description\" content=\"Sorpr\u00e8n-te amb la formiga aut\u00f2ctona i europea Camponotus barbaricus. Explora com viu dins un formiguer artificial o terrari.\" \/>\n<meta name=\"robots\" content=\"index, follow, max-snippet:-1, max-image-preview:large, max-video-preview:-1\" \/>\n<link rel=\"canonical\" href=\"https:\/\/antderground.com\/ca\/producte\/camponotus-barbaricus\/\" \/>\n<meta property=\"og:locale\" content=\"ca_ES\" \/>\n<meta property=\"og:type\" content=\"article\" \/>\n<meta property=\"og:title\" content=\"Camponotus barbaricus | Formigues Europeas - ANTDERGROUND\" \/>\n<meta property=\"og:description\" content=\"Sorpr\u00e8n-te amb la formiga aut\u00f2ctona i europea Camponotus barbaricus. Explora com viu dins un formiguer artificial o terrari.\" \/>\n<meta property=\"og:url\" content=\"https:\/\/antderground.com\/ca\/producte\/camponotus-barbaricus\/\" \/>\n<meta property=\"og:site_name\" content=\"ANTDERGROUND\" \/>\n<meta property=\"article:modified_time\" content=\"2024-08-28T10:16:09+00:00\" \/>\n<meta property=\"og:image\" content=\"https:\/\/antderground.com\/wp-content\/uploads\/2019\/08\/CAMPONOTUS-BARBARICUS.jpg\" \/>\n\t<meta property=\"og:image:width\" content=\"567\" \/>\n\t<meta property=\"og:image:height\" content=\"567\" \/>\n\t<meta property=\"og:image:type\" content=\"image\/jpeg\" \/>\n<meta name=\"twitter:card\" content=\"summary_large_image\" \/>\n<meta name=\"twitter:label1\" content=\"Temps estimat de lectura\" \/>\n\t<meta name=\"twitter:data1\" content=\"1 minut\" \/>\n<script type=\"application\/ld+json\" class=\"yoast-schema-graph\">{\"@context\":\"https:\\\/\\\/schema.org\",\"@graph\":[{\"@type\":\"WebPage\",\"@id\":\"https:\\\/\\\/antderground.com\\\/ca\\\/producte\\\/camponotus-barbaricus\\\/\",\"url\":\"https:\\\/\\\/antderground.com\\\/ca\\\/producte\\\/camponotus-barbaricus\\\/\",\"name\":\"Camponotus barbaricus | Formigues Europeas - ANTDERGROUND\",\"isPartOf\":{\"@id\":\"https:\\\/\\\/antderground.com\\\/ca\\\/#website\"},\"primaryImageOfPage\":{\"@id\":\"https:\\\/\\\/antderground.com\\\/ca\\\/producte\\\/camponotus-barbaricus\\\/#primaryimage\"},\"image\":{\"@id\":\"https:\\\/\\\/antderground.com\\\/ca\\\/producte\\\/camponotus-barbaricus\\\/#primaryimage\"},\"thumbnailUrl\":\"https:\\\/\\\/antderground.com\\\/wp-content\\\/uploads\\\/2019\\\/08\\\/CAMPONOTUS-BARBARICUS.jpg\",\"datePublished\":\"2019-08-05T08:52:38+00:00\",\"dateModified\":\"2024-08-28T10:16:09+00:00\",\"description\":\"Sorpr\u00e8n-te amb la formiga aut\u00f2ctona i europea Camponotus barbaricus. Explora com viu dins un formiguer artificial o terrari.\",\"breadcrumb\":{\"@id\":\"https:\\\/\\\/antderground.com\\\/ca\\\/producte\\\/camponotus-barbaricus\\\/#breadcrumb\"},\"inLanguage\":\"ca\",\"potentialAction\":[{\"@type\":\"ReadAction\",\"target\":[\"https:\\\/\\\/antderground.com\\\/ca\\\/producte\\\/camponotus-barbaricus\\\/\"]}]},{\"@type\":\"ImageObject\",\"inLanguage\":\"ca\",\"@id\":\"https:\\\/\\\/antderground.com\\\/ca\\\/producte\\\/camponotus-barbaricus\\\/#primaryimage\",\"url\":\"https:\\\/\\\/antderground.com\\\/wp-content\\\/uploads\\\/2019\\\/08\\\/CAMPONOTUS-BARBARICUS.jpg\",\"contentUrl\":\"https:\\\/\\\/antderground.com\\\/wp-content\\\/uploads\\\/2019\\\/08\\\/CAMPONOTUS-BARBARICUS.jpg\",\"width\":567,\"height\":567,\"caption\":\"amponotus barbaricus\"},{\"@type\":\"BreadcrumbList\",\"@id\":\"https:\\\/\\\/antderground.com\\\/ca\\\/producte\\\/camponotus-barbaricus\\\/#breadcrumb\",\"itemListElement\":[{\"@type\":\"ListItem\",\"position\":1,\"name\":\"Portada\",\"item\":\"https:\\\/\\\/antderground.com\\\/ca\\\/\"},{\"@type\":\"ListItem\",\"position\":2,\"name\":\"Productes\",\"item\":\"https:\\\/\\\/antderground.com\\\/ca\\\/productes\\\/\"},{\"@type\":\"ListItem\",\"position\":3,\"name\":\"Camponotus barbaricus\"}]},{\"@type\":\"WebSite\",\"@id\":\"https:\\\/\\\/antderground.com\\\/ca\\\/#website\",\"url\":\"https:\\\/\\\/antderground.com\\\/ca\\\/\",\"name\":\"ANTDERGROUND\",\"description\":\"Tu tienda de hormigas, gran variedad de hormigueros acr\u00edlicos,madera,arena,3D y mas.. Pide tus hormigas gratis con tu pedido, somos expertos en hormigueros antifugas.\",\"publisher\":{\"@id\":\"https:\\\/\\\/antderground.com\\\/ca\\\/#\\\/schema\\\/person\\\/0e322c505e84fe72c65e2f6d08f96b81\"},\"alternateName\":\"Antderground\",\"potentialAction\":[{\"@type\":\"SearchAction\",\"target\":{\"@type\":\"EntryPoint\",\"urlTemplate\":\"https:\\\/\\\/antderground.com\\\/ca\\\/?s={search_term_string}\"},\"query-input\":{\"@type\":\"PropertyValueSpecification\",\"valueRequired\":true,\"valueName\":\"search_term_string\"}}],\"inLanguage\":\"ca\"},{\"@type\":[\"Person\",\"Organization\"],\"@id\":\"https:\\\/\\\/antderground.com\\\/ca\\\/#\\\/schema\\\/person\\\/0e322c505e84fe72c65e2f6d08f96b81\",\"name\":\"Eric de Antderground\",\"image\":{\"@type\":\"ImageObject\",\"inLanguage\":\"ca\",\"@id\":\"https:\\\/\\\/secure.gravatar.com\\\/avatar\\\/c49a1b9f79216d1498cb73c1e85cd47f4465dda35f2a94c03790d491bd4423c3?s=96&d=mm&r=g\",\"url\":\"https:\\\/\\\/secure.gravatar.com\\\/avatar\\\/c49a1b9f79216d1498cb73c1e85cd47f4465dda35f2a94c03790d491bd4423c3?s=96&d=mm&r=g\",\"contentUrl\":\"https:\\\/\\\/secure.gravatar.com\\\/avatar\\\/c49a1b9f79216d1498cb73c1e85cd47f4465dda35f2a94c03790d491bd4423c3?s=96&d=mm&r=g\",\"caption\":\"Eric de Antderground\"},\"logo\":{\"@id\":\"https:\\\/\\\/secure.gravatar.com\\\/avatar\\\/c49a1b9f79216d1498cb73c1e85cd47f4465dda35f2a94c03790d491bd4423c3?s=96&d=mm&r=g\"},\"description\":\"Eric es el especialista y fundador de Antderground, con una amplia trayectoria en artr\u00f3podos y enfocado en la mirmecolog\u00eda y el dise\u00f1o de hormigueros artificiales. Su enfoque combina la innovaci\u00f3n t\u00e9cnica con el respeto por la biolog\u00eda de las hormigas, is\u00f3podos y otros, desarrollando sistemas de nidos modulares 3D y acr\u00edlicos que son referentes para aficionados y profesionales en toda Europa. Su objetivo es facilitar la cr\u00eda de hormigas y otros artr\u00f3podos mediante soluciones seguras y divulgaci\u00f3n de calidad.\",\"sameAs\":[\"https:\\\/\\\/antderground.com\\\/\",\"https:\\\/\\\/www.youtube.com\\\/channel\\\/UCio72z7TlbufkAthAJIJfPw\"]}]}<\/script>\n<!-- \/ Yoast SEO plugin. -->","yoast_head_json":{"title":"Camponotus barbaricus | Formigues Europeas - ANTDERGROUND","description":"Sorpr\u00e8n-te amb la formiga aut\u00f2ctona i europea Camponotus barbaricus. Explora com viu dins un formiguer artificial o terrari.","robots":{"index":"index","follow":"follow","max-snippet":"max-snippet:-1","max-image-preview":"max-image-preview:large","max-video-preview":"max-video-preview:-1"},"canonical":"https:\/\/antderground.com\/ca\/producte\/camponotus-barbaricus\/","og_locale":"ca_ES","og_type":"article","og_title":"Camponotus barbaricus | Formigues Europeas - ANTDERGROUND","og_description":"Sorpr\u00e8n-te amb la formiga aut\u00f2ctona i europea Camponotus barbaricus. Explora com viu dins un formiguer artificial o terrari.","og_url":"https:\/\/antderground.com\/ca\/producte\/camponotus-barbaricus\/","og_site_name":"ANTDERGROUND","article_modified_time":"2024-08-28T10:16:09+00:00","og_image":[{"width":567,"height":567,"url":"https:\/\/antderground.com\/wp-content\/uploads\/2019\/08\/CAMPONOTUS-BARBARICUS.jpg","type":"image\/jpeg"}],"twitter_card":"summary_large_image","twitter_misc":{"Temps estimat de lectura":"1 minut"},"schema":{"@context":"https:\/\/schema.org","@graph":[{"@type":"WebPage","@id":"https:\/\/antderground.com\/ca\/producte\/camponotus-barbaricus\/","url":"https:\/\/antderground.com\/ca\/producte\/camponotus-barbaricus\/","name":"Camponotus barbaricus | Formigues Europeas - ANTDERGROUND","isPartOf":{"@id":"https:\/\/antderground.com\/ca\/#website"},"primaryImageOfPage":{"@id":"https:\/\/antderground.com\/ca\/producte\/camponotus-barbaricus\/#primaryimage"},"image":{"@id":"https:\/\/antderground.com\/ca\/producte\/camponotus-barbaricus\/#primaryimage"},"thumbnailUrl":"https:\/\/antderground.com\/wp-content\/uploads\/2019\/08\/CAMPONOTUS-BARBARICUS.jpg","datePublished":"2019-08-05T08:52:38+00:00","dateModified":"2024-08-28T10:16:09+00:00","description":"Sorpr\u00e8n-te amb la formiga aut\u00f2ctona i europea Camponotus barbaricus. Explora com viu dins un formiguer artificial o terrari.","breadcrumb":{"@id":"https:\/\/antderground.com\/ca\/producte\/camponotus-barbaricus\/#breadcrumb"},"inLanguage":"ca","potentialAction":[{"@type":"ReadAction","target":["https:\/\/antderground.com\/ca\/producte\/camponotus-barbaricus\/"]}]},{"@type":"ImageObject","inLanguage":"ca","@id":"https:\/\/antderground.com\/ca\/producte\/camponotus-barbaricus\/#primaryimage","url":"https:\/\/antderground.com\/wp-content\/uploads\/2019\/08\/CAMPONOTUS-BARBARICUS.jpg","contentUrl":"https:\/\/antderground.com\/wp-content\/uploads\/2019\/08\/CAMPONOTUS-BARBARICUS.jpg","width":567,"height":567,"caption":"amponotus barbaricus"},{"@type":"BreadcrumbList","@id":"https:\/\/antderground.com\/ca\/producte\/camponotus-barbaricus\/#breadcrumb","itemListElement":[{"@type":"ListItem","position":1,"name":"Portada","item":"https:\/\/antderground.com\/ca\/"},{"@type":"ListItem","position":2,"name":"Productes","item":"https:\/\/antderground.com\/ca\/productes\/"},{"@type":"ListItem","position":3,"name":"Camponotus barbaricus"}]},{"@type":"WebSite","@id":"https:\/\/antderground.com\/ca\/#website","url":"https:\/\/antderground.com\/ca\/","name":"ANTDERGROUND","description":"Tu tienda de hormigas, gran variedad de hormigueros acr\u00edlicos,madera,arena,3D y mas.. Pide tus hormigas gratis con tu pedido, somos expertos en hormigueros antifugas.","publisher":{"@id":"https:\/\/antderground.com\/ca\/#\/schema\/person\/0e322c505e84fe72c65e2f6d08f96b81"},"alternateName":"Antderground","potentialAction":[{"@type":"SearchAction","target":{"@type":"EntryPoint","urlTemplate":"https:\/\/antderground.com\/ca\/?s={search_term_string}"},"query-input":{"@type":"PropertyValueSpecification","valueRequired":true,"valueName":"search_term_string"}}],"inLanguage":"ca"},{"@type":["Person","Organization"],"@id":"https:\/\/antderground.com\/ca\/#\/schema\/person\/0e322c505e84fe72c65e2f6d08f96b81","name":"Eric de Antderground","image":{"@type":"ImageObject","inLanguage":"ca","@id":"https:\/\/secure.gravatar.com\/avatar\/c49a1b9f79216d1498cb73c1e85cd47f4465dda35f2a94c03790d491bd4423c3?s=96&d=mm&r=g","url":"https:\/\/secure.gravatar.com\/avatar\/c49a1b9f79216d1498cb73c1e85cd47f4465dda35f2a94c03790d491bd4423c3?s=96&d=mm&r=g","contentUrl":"https:\/\/secure.gravatar.com\/avatar\/c49a1b9f79216d1498cb73c1e85cd47f4465dda35f2a94c03790d491bd4423c3?s=96&d=mm&r=g","caption":"Eric de Antderground"},"logo":{"@id":"https:\/\/secure.gravatar.com\/avatar\/c49a1b9f79216d1498cb73c1e85cd47f4465dda35f2a94c03790d491bd4423c3?s=96&d=mm&r=g"},"description":"Eric es el especialista y fundador de Antderground, con una amplia trayectoria en artr\u00f3podos y enfocado en la mirmecolog\u00eda y el dise\u00f1o de hormigueros artificiales. Su enfoque combina la innovaci\u00f3n t\u00e9cnica con el respeto por la biolog\u00eda de las hormigas, is\u00f3podos y otros, desarrollando sistemas de nidos modulares 3D y acr\u00edlicos que son referentes para aficionados y profesionales en toda Europa. Su objetivo es facilitar la cr\u00eda de hormigas y otros artr\u00f3podos mediante soluciones seguras y divulgaci\u00f3n de calidad.","sameAs":["https:\/\/antderground.com\/","https:\/\/www.youtube.com\/channel\/UCio72z7TlbufkAthAJIJfPw"]}]}},"_links":{"self":[{"href":"https:\/\/antderground.com\/ca\/wp-json\/wp\/v2\/product\/8288","targetHints":{"allow":["GET"]}}],"collection":[{"href":"https:\/\/antderground.com\/ca\/wp-json\/wp\/v2\/product"}],"about":[{"href":"https:\/\/antderground.com\/ca\/wp-json\/wp\/v2\/types\/product"}],"version-history":[{"count":0,"href":"https:\/\/antderground.com\/ca\/wp-json\/wp\/v2\/product\/8288\/revisions"}],"wp:featuredmedia":[{"embeddable":true,"href":"https:\/\/antderground.com\/ca\/wp-json\/wp\/v2\/media\/8289"}],"wp:attachment":[{"href":"https:\/\/antderground.com\/ca\/wp-json\/wp\/v2\/media?parent=8288"}],"wp:term":[{"taxonomy":"product_brand","embeddable":true,"href":"https:\/\/antderground.com\/ca\/wp-json\/wp\/v2\/product_brand?post=8288"},{"taxonomy":"product_cat","embeddable":true,"href":"https:\/\/antderground.com\/ca\/wp-json\/wp\/v2\/product_cat?post=8288"},{"taxonomy":"product_tag","embeddable":true,"href":"https:\/\/antderground.com\/ca\/wp-json\/wp\/v2\/product_tag?post=8288"}],"curies":[{"name":"wp","href":"https:\/\/api.w.org\/{rel}","templated":true}]}}