{"id":8290,"date":"2019-08-05T10:52:02","date_gmt":"2019-08-05T08:52:02","guid":{"rendered":"https:\/\/www.antderground.com\/producto\/camponotus-cruentatus\/"},"modified":"2025-07-14T22:25:36","modified_gmt":"2025-07-14T20:25:36","slug":"camponotus-cruentatus","status":"publish","type":"product","link":"https:\/\/antderground.com\/ca\/producte\/camponotus-cruentatus\/","title":{"rendered":"Camponotus cruentatus"},"content":{"rendered":"<ul>\n<li><strong>Nom cient\u00edfic:<\/strong> Camponotus cruentatus<\/li>\n<li><strong>Classificaci\u00f3 taxon\u00f2mica:<\/strong>\n<ul>\n<li>Regne: Animalia<\/li>\n<li>Fil: Arthropoda<\/li>\n<li>Classe: Insecta<\/li>\n<li>Ordre: Hymenoptera<\/li>\n<li>Fam\u00edlia: Formicidae<\/li>\n<li>Subfam\u00edlia: Formicinae<\/li>\n<li>G\u00e8nere: Camponotus<\/li>\n<li>Esp\u00e8cie: C. cruentatus<\/li>\n<\/ul>\n<\/li>\n<li><strong>Distribuci\u00f3 geogr\u00e0fica:<\/strong> Camponotus cruentatus es troba principalment al sud d&#8217;Europa, en pa\u00efsos com Espanya, It\u00e0lia, Gr\u00e8cia i Turquia.<\/li>\n<li><strong>Caracter\u00edstiques f\u00edsiques:<\/strong> Les treballadores de Camponotus cruentatus tenen una mida variable, amb longituds que van de 5 a 12 mm. Tenen un cos robust i un cap gros en proporci\u00f3 al cos. El color del cos pot variar, per\u00f2 generalment tenen una tonalitat rogenc o marr\u00f3 fosc.<\/li>\n<li><strong>Comportament:<\/strong> Camponotus cruentatus \u00e9s una esp\u00e8cie principalment nocturna, el que significa que \u00e9s m\u00e9s activa durant la nit. S\u00f3n formigues omn\u00edvores que s&#8217;alimenten de n\u00e8ctar, sucs de fruites i ocasionalment insectes m\u00e9s petits. Poden construir els seus niu en la fusta en descomposici\u00f3, en escletxes de l&#8217;escor\u00e7a dels arbres o al s\u00f2l.<\/li>\n<li><strong>Estat de conservaci\u00f3:<\/strong> No hi ha informaci\u00f3 espec\u00edfica disponible sobre l&#8217;estat de conservaci\u00f3 de Camponotus cruentatus.<\/li>\n<li><strong>Notes addicionals:<\/strong> Camponotus cruentatus \u00e9s coneguda per la seva coloraci\u00f3 distintiva i la seva mida relativament gran. Aquesta esp\u00e8cie pot ser considerada una plaga en algunes circumst\u00e0ncies, ja que pot danificar la fusta de les estructures. A la natura, juga un paper important en la descomposici\u00f3 de mat\u00e8ria org\u00e0nica i en la interacci\u00f3 amb altres esp\u00e8cies en el seu ecosistema.<\/li>\n<\/ul>\n","protected":false},"excerpt":{"rendered":"<p>Nom cient\u00edfic: Camponotus cruentatus Classificaci\u00f3 taxon\u00f2mica: Regne: Animalia Fil: Arthropoda Classe: Insecta Ordre: Hymenoptera Fam\u00edlia: Formicidae Subfam\u00edlia: Formicinae G\u00e8nere: Camponotus<\/p>\n","protected":false},"featured_media":29434,"template":"","meta":[],"product_brand":[],"product_cat":[164,312],"product_tag":[],"class_list":{"0":"post-8290","1":"product","2":"type-product","3":"status-publish","4":"has-post-thumbnail","6":"product_cat-formigues","7":"product_cat-formigues-autoctones","9":"first","10":"outofstock","11":"shipping-taxable","12":"purchasable","13":"product-type-variable"},"yoast_head":"<!-- This site is optimized with the Yoast SEO plugin v27.4 - https:\/\/yoast.com\/product\/yoast-seo-wordpress\/ -->\n<title>Camponotus cruentatus - ANTDERGROUND<\/title>\n<meta name=\"description\" content=\"Descobreix la formiga reina Camponotus cruentatus, una formiga perfecta per comen\u00e7ar amb el teu formiguer o terrari\/formicarium\" \/>\n<meta name=\"robots\" content=\"index, follow, max-snippet:-1, max-image-preview:large, max-video-preview:-1\" \/>\n<link rel=\"canonical\" href=\"https:\/\/antderground.com\/ca\/producte\/camponotus-cruentatus\/\" \/>\n<meta property=\"og:locale\" content=\"ca_ES\" \/>\n<meta property=\"og:type\" content=\"article\" \/>\n<meta property=\"og:title\" content=\"Camponotus cruentatus - ANTDERGROUND\" \/>\n<meta property=\"og:description\" content=\"Descobreix la formiga reina Camponotus cruentatus, una formiga perfecta per comen\u00e7ar amb el teu formiguer o terrari\/formicarium\" \/>\n<meta property=\"og:url\" content=\"https:\/\/antderground.com\/ca\/producte\/camponotus-cruentatus\/\" \/>\n<meta property=\"og:site_name\" content=\"ANTDERGROUND\" \/>\n<meta property=\"article:modified_time\" content=\"2025-07-14T20:25:36+00:00\" \/>\n<meta property=\"og:image\" content=\"https:\/\/antderground.com\/wp-content\/uploads\/2019\/08\/Imagen-de-WhatsApp-2023-07-05-a-las-17.00.40.jpg\" \/>\n\t<meta property=\"og:image:width\" content=\"1417\" \/>\n\t<meta property=\"og:image:height\" content=\"1417\" \/>\n\t<meta property=\"og:image:type\" content=\"image\/jpeg\" \/>\n<meta name=\"twitter:card\" content=\"summary_large_image\" \/>\n<meta name=\"twitter:label1\" content=\"Temps estimat de lectura\" \/>\n\t<meta name=\"twitter:data1\" content=\"1 minut\" \/>\n<script type=\"application\/ld+json\" class=\"yoast-schema-graph\">{\"@context\":\"https:\\\/\\\/schema.org\",\"@graph\":[{\"@type\":\"WebPage\",\"@id\":\"https:\\\/\\\/antderground.com\\\/ca\\\/producte\\\/camponotus-cruentatus\\\/\",\"url\":\"https:\\\/\\\/antderground.com\\\/ca\\\/producte\\\/camponotus-cruentatus\\\/\",\"name\":\"Camponotus cruentatus - ANTDERGROUND\",\"isPartOf\":{\"@id\":\"https:\\\/\\\/antderground.com\\\/ca\\\/#website\"},\"primaryImageOfPage\":{\"@id\":\"https:\\\/\\\/antderground.com\\\/ca\\\/producte\\\/camponotus-cruentatus\\\/#primaryimage\"},\"image\":{\"@id\":\"https:\\\/\\\/antderground.com\\\/ca\\\/producte\\\/camponotus-cruentatus\\\/#primaryimage\"},\"thumbnailUrl\":\"https:\\\/\\\/antderground.com\\\/wp-content\\\/uploads\\\/2019\\\/08\\\/Imagen-de-WhatsApp-2023-07-05-a-las-17.00.40.jpg\",\"datePublished\":\"2019-08-05T08:52:02+00:00\",\"dateModified\":\"2025-07-14T20:25:36+00:00\",\"description\":\"Descobreix la formiga reina Camponotus cruentatus, una formiga perfecta per comen\u00e7ar amb el teu formiguer o terrari\\\/formicarium\",\"breadcrumb\":{\"@id\":\"https:\\\/\\\/antderground.com\\\/ca\\\/producte\\\/camponotus-cruentatus\\\/#breadcrumb\"},\"inLanguage\":\"ca\",\"potentialAction\":[{\"@type\":\"ReadAction\",\"target\":[\"https:\\\/\\\/antderground.com\\\/ca\\\/producte\\\/camponotus-cruentatus\\\/\"]}]},{\"@type\":\"ImageObject\",\"inLanguage\":\"ca\",\"@id\":\"https:\\\/\\\/antderground.com\\\/ca\\\/producte\\\/camponotus-cruentatus\\\/#primaryimage\",\"url\":\"https:\\\/\\\/antderground.com\\\/wp-content\\\/uploads\\\/2019\\\/08\\\/Imagen-de-WhatsApp-2023-07-05-a-las-17.00.40.jpg\",\"contentUrl\":\"https:\\\/\\\/antderground.com\\\/wp-content\\\/uploads\\\/2019\\\/08\\\/Imagen-de-WhatsApp-2023-07-05-a-las-17.00.40.jpg\",\"width\":1417,\"height\":1417,\"caption\":\"camponotus cruentatus\"},{\"@type\":\"BreadcrumbList\",\"@id\":\"https:\\\/\\\/antderground.com\\\/ca\\\/producte\\\/camponotus-cruentatus\\\/#breadcrumb\",\"itemListElement\":[{\"@type\":\"ListItem\",\"position\":1,\"name\":\"Portada\",\"item\":\"https:\\\/\\\/antderground.com\\\/ca\\\/\"},{\"@type\":\"ListItem\",\"position\":2,\"name\":\"Productes\",\"item\":\"https:\\\/\\\/antderground.com\\\/ca\\\/productes\\\/\"},{\"@type\":\"ListItem\",\"position\":3,\"name\":\"Camponotus cruentatus\"}]},{\"@type\":\"WebSite\",\"@id\":\"https:\\\/\\\/antderground.com\\\/ca\\\/#website\",\"url\":\"https:\\\/\\\/antderground.com\\\/ca\\\/\",\"name\":\"ANTDERGROUND\",\"description\":\"Tu tienda de hormigas, gran variedad de hormigueros acr\u00edlicos,madera,arena,3D y mas.. Pide tus hormigas gratis con tu pedido, somos expertos en hormigueros antifugas.\",\"publisher\":{\"@id\":\"https:\\\/\\\/antderground.com\\\/ca\\\/#\\\/schema\\\/person\\\/0e322c505e84fe72c65e2f6d08f96b81\"},\"alternateName\":\"Antderground\",\"potentialAction\":[{\"@type\":\"SearchAction\",\"target\":{\"@type\":\"EntryPoint\",\"urlTemplate\":\"https:\\\/\\\/antderground.com\\\/ca\\\/?s={search_term_string}\"},\"query-input\":{\"@type\":\"PropertyValueSpecification\",\"valueRequired\":true,\"valueName\":\"search_term_string\"}}],\"inLanguage\":\"ca\"},{\"@type\":[\"Person\",\"Organization\"],\"@id\":\"https:\\\/\\\/antderground.com\\\/ca\\\/#\\\/schema\\\/person\\\/0e322c505e84fe72c65e2f6d08f96b81\",\"name\":\"Eric de Antderground\",\"image\":{\"@type\":\"ImageObject\",\"inLanguage\":\"ca\",\"@id\":\"https:\\\/\\\/secure.gravatar.com\\\/avatar\\\/c49a1b9f79216d1498cb73c1e85cd47f4465dda35f2a94c03790d491bd4423c3?s=96&d=mm&r=g\",\"url\":\"https:\\\/\\\/secure.gravatar.com\\\/avatar\\\/c49a1b9f79216d1498cb73c1e85cd47f4465dda35f2a94c03790d491bd4423c3?s=96&d=mm&r=g\",\"contentUrl\":\"https:\\\/\\\/secure.gravatar.com\\\/avatar\\\/c49a1b9f79216d1498cb73c1e85cd47f4465dda35f2a94c03790d491bd4423c3?s=96&d=mm&r=g\",\"caption\":\"Eric de Antderground\"},\"logo\":{\"@id\":\"https:\\\/\\\/secure.gravatar.com\\\/avatar\\\/c49a1b9f79216d1498cb73c1e85cd47f4465dda35f2a94c03790d491bd4423c3?s=96&d=mm&r=g\"},\"description\":\"Eric es el especialista y fundador de Antderground, con una amplia trayectoria en artr\u00f3podos y enfocado en la mirmecolog\u00eda y el dise\u00f1o de hormigueros artificiales. Su enfoque combina la innovaci\u00f3n t\u00e9cnica con el respeto por la biolog\u00eda de las hormigas, is\u00f3podos y otros, desarrollando sistemas de nidos modulares 3D y acr\u00edlicos que son referentes para aficionados y profesionales en toda Europa. Su objetivo es facilitar la cr\u00eda de hormigas y otros artr\u00f3podos mediante soluciones seguras y divulgaci\u00f3n de calidad.\",\"sameAs\":[\"https:\\\/\\\/antderground.com\\\/\",\"https:\\\/\\\/www.youtube.com\\\/channel\\\/UCio72z7TlbufkAthAJIJfPw\"]}]}<\/script>\n<!-- \/ Yoast SEO plugin. -->","yoast_head_json":{"title":"Camponotus cruentatus - ANTDERGROUND","description":"Descobreix la formiga reina Camponotus cruentatus, una formiga perfecta per comen\u00e7ar amb el teu formiguer o terrari\/formicarium","robots":{"index":"index","follow":"follow","max-snippet":"max-snippet:-1","max-image-preview":"max-image-preview:large","max-video-preview":"max-video-preview:-1"},"canonical":"https:\/\/antderground.com\/ca\/producte\/camponotus-cruentatus\/","og_locale":"ca_ES","og_type":"article","og_title":"Camponotus cruentatus - ANTDERGROUND","og_description":"Descobreix la formiga reina Camponotus cruentatus, una formiga perfecta per comen\u00e7ar amb el teu formiguer o terrari\/formicarium","og_url":"https:\/\/antderground.com\/ca\/producte\/camponotus-cruentatus\/","og_site_name":"ANTDERGROUND","article_modified_time":"2025-07-14T20:25:36+00:00","og_image":[{"width":1417,"height":1417,"url":"https:\/\/antderground.com\/wp-content\/uploads\/2019\/08\/Imagen-de-WhatsApp-2023-07-05-a-las-17.00.40.jpg","type":"image\/jpeg"}],"twitter_card":"summary_large_image","twitter_misc":{"Temps estimat de lectura":"1 minut"},"schema":{"@context":"https:\/\/schema.org","@graph":[{"@type":"WebPage","@id":"https:\/\/antderground.com\/ca\/producte\/camponotus-cruentatus\/","url":"https:\/\/antderground.com\/ca\/producte\/camponotus-cruentatus\/","name":"Camponotus cruentatus - ANTDERGROUND","isPartOf":{"@id":"https:\/\/antderground.com\/ca\/#website"},"primaryImageOfPage":{"@id":"https:\/\/antderground.com\/ca\/producte\/camponotus-cruentatus\/#primaryimage"},"image":{"@id":"https:\/\/antderground.com\/ca\/producte\/camponotus-cruentatus\/#primaryimage"},"thumbnailUrl":"https:\/\/antderground.com\/wp-content\/uploads\/2019\/08\/Imagen-de-WhatsApp-2023-07-05-a-las-17.00.40.jpg","datePublished":"2019-08-05T08:52:02+00:00","dateModified":"2025-07-14T20:25:36+00:00","description":"Descobreix la formiga reina Camponotus cruentatus, una formiga perfecta per comen\u00e7ar amb el teu formiguer o terrari\/formicarium","breadcrumb":{"@id":"https:\/\/antderground.com\/ca\/producte\/camponotus-cruentatus\/#breadcrumb"},"inLanguage":"ca","potentialAction":[{"@type":"ReadAction","target":["https:\/\/antderground.com\/ca\/producte\/camponotus-cruentatus\/"]}]},{"@type":"ImageObject","inLanguage":"ca","@id":"https:\/\/antderground.com\/ca\/producte\/camponotus-cruentatus\/#primaryimage","url":"https:\/\/antderground.com\/wp-content\/uploads\/2019\/08\/Imagen-de-WhatsApp-2023-07-05-a-las-17.00.40.jpg","contentUrl":"https:\/\/antderground.com\/wp-content\/uploads\/2019\/08\/Imagen-de-WhatsApp-2023-07-05-a-las-17.00.40.jpg","width":1417,"height":1417,"caption":"camponotus cruentatus"},{"@type":"BreadcrumbList","@id":"https:\/\/antderground.com\/ca\/producte\/camponotus-cruentatus\/#breadcrumb","itemListElement":[{"@type":"ListItem","position":1,"name":"Portada","item":"https:\/\/antderground.com\/ca\/"},{"@type":"ListItem","position":2,"name":"Productes","item":"https:\/\/antderground.com\/ca\/productes\/"},{"@type":"ListItem","position":3,"name":"Camponotus cruentatus"}]},{"@type":"WebSite","@id":"https:\/\/antderground.com\/ca\/#website","url":"https:\/\/antderground.com\/ca\/","name":"ANTDERGROUND","description":"Tu tienda de hormigas, gran variedad de hormigueros acr\u00edlicos,madera,arena,3D y mas.. Pide tus hormigas gratis con tu pedido, somos expertos en hormigueros antifugas.","publisher":{"@id":"https:\/\/antderground.com\/ca\/#\/schema\/person\/0e322c505e84fe72c65e2f6d08f96b81"},"alternateName":"Antderground","potentialAction":[{"@type":"SearchAction","target":{"@type":"EntryPoint","urlTemplate":"https:\/\/antderground.com\/ca\/?s={search_term_string}"},"query-input":{"@type":"PropertyValueSpecification","valueRequired":true,"valueName":"search_term_string"}}],"inLanguage":"ca"},{"@type":["Person","Organization"],"@id":"https:\/\/antderground.com\/ca\/#\/schema\/person\/0e322c505e84fe72c65e2f6d08f96b81","name":"Eric de Antderground","image":{"@type":"ImageObject","inLanguage":"ca","@id":"https:\/\/secure.gravatar.com\/avatar\/c49a1b9f79216d1498cb73c1e85cd47f4465dda35f2a94c03790d491bd4423c3?s=96&d=mm&r=g","url":"https:\/\/secure.gravatar.com\/avatar\/c49a1b9f79216d1498cb73c1e85cd47f4465dda35f2a94c03790d491bd4423c3?s=96&d=mm&r=g","contentUrl":"https:\/\/secure.gravatar.com\/avatar\/c49a1b9f79216d1498cb73c1e85cd47f4465dda35f2a94c03790d491bd4423c3?s=96&d=mm&r=g","caption":"Eric de Antderground"},"logo":{"@id":"https:\/\/secure.gravatar.com\/avatar\/c49a1b9f79216d1498cb73c1e85cd47f4465dda35f2a94c03790d491bd4423c3?s=96&d=mm&r=g"},"description":"Eric es el especialista y fundador de Antderground, con una amplia trayectoria en artr\u00f3podos y enfocado en la mirmecolog\u00eda y el dise\u00f1o de hormigueros artificiales. Su enfoque combina la innovaci\u00f3n t\u00e9cnica con el respeto por la biolog\u00eda de las hormigas, is\u00f3podos y otros, desarrollando sistemas de nidos modulares 3D y acr\u00edlicos que son referentes para aficionados y profesionales en toda Europa. Su objetivo es facilitar la cr\u00eda de hormigas y otros artr\u00f3podos mediante soluciones seguras y divulgaci\u00f3n de calidad.","sameAs":["https:\/\/antderground.com\/","https:\/\/www.youtube.com\/channel\/UCio72z7TlbufkAthAJIJfPw"]}]}},"_links":{"self":[{"href":"https:\/\/antderground.com\/ca\/wp-json\/wp\/v2\/product\/8290","targetHints":{"allow":["GET"]}}],"collection":[{"href":"https:\/\/antderground.com\/ca\/wp-json\/wp\/v2\/product"}],"about":[{"href":"https:\/\/antderground.com\/ca\/wp-json\/wp\/v2\/types\/product"}],"version-history":[{"count":0,"href":"https:\/\/antderground.com\/ca\/wp-json\/wp\/v2\/product\/8290\/revisions"}],"wp:featuredmedia":[{"embeddable":true,"href":"https:\/\/antderground.com\/ca\/wp-json\/wp\/v2\/media\/29434"}],"wp:attachment":[{"href":"https:\/\/antderground.com\/ca\/wp-json\/wp\/v2\/media?parent=8290"}],"wp:term":[{"taxonomy":"product_brand","embeddable":true,"href":"https:\/\/antderground.com\/ca\/wp-json\/wp\/v2\/product_brand?post=8290"},{"taxonomy":"product_cat","embeddable":true,"href":"https:\/\/antderground.com\/ca\/wp-json\/wp\/v2\/product_cat?post=8290"},{"taxonomy":"product_tag","embeddable":true,"href":"https:\/\/antderground.com\/ca\/wp-json\/wp\/v2\/product_tag?post=8290"}],"curies":[{"name":"wp","href":"https:\/\/api.w.org\/{rel}","templated":true}]}}