{"id":8292,"date":"2019-08-02T22:42:23","date_gmt":"2019-08-02T20:42:23","guid":{"rendered":"https:\/\/www.antderground.com\/producto\/pheidole-pallidula\/"},"modified":"2024-09-10T11:31:19","modified_gmt":"2024-09-10T09:31:19","slug":"pheidole-pallidula","status":"publish","type":"product","link":"https:\/\/antderground.com\/ca\/producte\/pheidole-pallidula\/","title":{"rendered":"Pheidole pallidula"},"content":{"rendered":"<p>Nom cient\u00edfic: Pheidole pallidula<\/p>\n<p>Classe: Insecta<br \/>\nOrdre: Hymenoptera<br \/>\nFam\u00edlia: Formicidae<br \/>\nG\u00e8nere: Pheidole<br \/>\nEsp\u00e8cie: pallidula<\/p>\n<p>Caracter\u00edstiques morfol\u00f2giques:<\/p>\n<p>Mida: Les obreres tenen una mida d&#8217;aproximadament 2-4 mm, mentre que les reines poden arribar a mesurar fins a 7 mm.<br \/>\nColor: Les obreres s\u00f3n de color marr\u00f3 fosc a negre, amb l&#8217;abdomen m\u00e9s clar, mentre que les reines poden tenir tonalitats m\u00e9s clares.<br \/>\nCos: Presenta un cap gran en proporci\u00f3 al cos, amb un t\u00f2rax i abdomen ben diferenciats.<br \/>\nAntenes: El nombre de segments a les antenes varia depenent del tipus de casta, per\u00f2 generalment tenen 12 segments.<br \/>\nUlls: Presenta ulls compostos relativament grans.<\/p>\n<p>Cicle de vida:<\/p>\n<p>La col\u00f2nia est\u00e0 composta per una o diverses reines, obreres i larves.<br \/>\nLa reina \u00e9s l&#8217;\u00fanica femella f\u00e8rtil de la col\u00f2nia i \u00e9s l&#8217;encarregada de pondre ous.<br \/>\nLes larves passen per diferents estadis abans de convertir-se en obreres adultes.<br \/>\nLes obreres s&#8217;encarreguen de buscar aliment, cuidar les larves i defensar la col\u00f2nia.<\/p>\n<p>H\u00e0bitat i distribuci\u00f3:<\/p>\n<p>La formiga Pheidole pallidula \u00e9s origin\u00e0ria de regions mediterr\u00e0nies i es troba comunament a Europa.<br \/>\nPrefereix h\u00e0bitats c\u00e0lids i secs, com camps agr\u00edcoles, jardins, boscos i \u00e0rees urbanes.<br \/>\nPot construir els seus nius sota terra, en troncs podrits o en mat\u00e8ria vegetal en descomposici\u00f3.<\/p>\n<p>Comportament:<\/p>\n<p>\u00c9s una esp\u00e8cie omn\u00edvora, alimentant-se d&#8217;una varietat de fonts, incloent-hi insectes, n\u00e8ctar, llavors i mat\u00e8ria org\u00e0nica en descomposici\u00f3.<\/p>\n<p>Totes les formigues que oferim s\u00f3n sotmeses a una quarantena durant un temps per assegurar que estan en bon estat, \u00e9s per aix\u00f2 que oferim una garantia quan decideixes adquirir una de les esp\u00e8cies que oferim a Antderground.<\/p>\n","protected":false},"excerpt":{"rendered":"<p>Descobreix el poder de la formiga Pheidole pallidula: petita per\u00f2 poderosa, treballa incansablement per assolir grans fites. Fes-la part del teu formiguer avui mateix! \ud83d\udc1c\ud83d\udcaa<\/p>\n<p>&nbsp;<\/p>\n","protected":false},"featured_media":29427,"template":"","meta":[],"product_brand":[],"product_cat":[164,312],"product_tag":[],"class_list":{"0":"post-8292","1":"product","2":"type-product","3":"status-publish","4":"has-post-thumbnail","6":"product_cat-formigues","7":"product_cat-formigues-autoctones","9":"first","10":"instock","11":"shipping-taxable","12":"purchasable","13":"product-type-variable"},"yoast_head":"<!-- This site is optimized with the Yoast SEO plugin v27.3 - https:\/\/yoast.com\/product\/yoast-seo-wordpress\/ -->\n<title>Pheidole pallidula | Formicidae - ANTDERGROUND<\/title>\n<meta name=\"description\" content=\"Formiga aut\u00f2ctona Pheidole pallidula, en descobreix les caracter\u00edstiques i l&#039;estil de vida dins d&#039;un formiguer artificial. Explora el m\u00f3n mirmecol\u00f2gic\" \/>\n<meta name=\"robots\" content=\"index, follow, max-snippet:-1, max-image-preview:large, max-video-preview:-1\" \/>\n<link rel=\"canonical\" href=\"https:\/\/antderground.com\/ca\/producte\/pheidole-pallidula\/\" \/>\n<meta property=\"og:locale\" content=\"ca_ES\" \/>\n<meta property=\"og:type\" content=\"article\" \/>\n<meta property=\"og:title\" content=\"Pheidole pallidula | Formicidae - ANTDERGROUND\" \/>\n<meta property=\"og:description\" content=\"Formiga aut\u00f2ctona Pheidole pallidula, en descobreix les caracter\u00edstiques i l&#039;estil de vida dins d&#039;un formiguer artificial. Explora el m\u00f3n mirmecol\u00f2gic\" \/>\n<meta property=\"og:url\" content=\"https:\/\/antderground.com\/ca\/producte\/pheidole-pallidula\/\" \/>\n<meta property=\"og:site_name\" content=\"ANTDERGROUND\" \/>\n<meta property=\"article:modified_time\" content=\"2024-09-10T09:31:19+00:00\" \/>\n<meta property=\"og:image\" content=\"https:\/\/antderground.com\/wp-content\/uploads\/2019\/08\/PHEIDOLE-PALLIDULA.jpg\" \/>\n\t<meta property=\"og:image:width\" content=\"1417\" \/>\n\t<meta property=\"og:image:height\" content=\"1417\" \/>\n\t<meta property=\"og:image:type\" content=\"image\/jpeg\" \/>\n<meta name=\"twitter:card\" content=\"summary_large_image\" \/>\n<meta name=\"twitter:label1\" content=\"Temps estimat de lectura\" \/>\n\t<meta name=\"twitter:data1\" content=\"1 minut\" \/>\n<script type=\"application\/ld+json\" class=\"yoast-schema-graph\">{\"@context\":\"https:\\\/\\\/schema.org\",\"@graph\":[{\"@type\":\"WebPage\",\"@id\":\"https:\\\/\\\/antderground.com\\\/ca\\\/producte\\\/pheidole-pallidula\\\/\",\"url\":\"https:\\\/\\\/antderground.com\\\/ca\\\/producte\\\/pheidole-pallidula\\\/\",\"name\":\"Pheidole pallidula | Formicidae - ANTDERGROUND\",\"isPartOf\":{\"@id\":\"https:\\\/\\\/antderground.com\\\/ca\\\/#website\"},\"primaryImageOfPage\":{\"@id\":\"https:\\\/\\\/antderground.com\\\/ca\\\/producte\\\/pheidole-pallidula\\\/#primaryimage\"},\"image\":{\"@id\":\"https:\\\/\\\/antderground.com\\\/ca\\\/producte\\\/pheidole-pallidula\\\/#primaryimage\"},\"thumbnailUrl\":\"https:\\\/\\\/antderground.com\\\/wp-content\\\/uploads\\\/2019\\\/08\\\/PHEIDOLE-PALLIDULA.jpg\",\"datePublished\":\"2019-08-02T20:42:23+00:00\",\"dateModified\":\"2024-09-10T09:31:19+00:00\",\"description\":\"Formiga aut\u00f2ctona Pheidole pallidula, en descobreix les caracter\u00edstiques i l'estil de vida dins d'un formiguer artificial. Explora el m\u00f3n mirmecol\u00f2gic\",\"breadcrumb\":{\"@id\":\"https:\\\/\\\/antderground.com\\\/ca\\\/producte\\\/pheidole-pallidula\\\/#breadcrumb\"},\"inLanguage\":\"ca\",\"potentialAction\":[{\"@type\":\"ReadAction\",\"target\":[\"https:\\\/\\\/antderground.com\\\/ca\\\/producte\\\/pheidole-pallidula\\\/\"]}]},{\"@type\":\"ImageObject\",\"inLanguage\":\"ca\",\"@id\":\"https:\\\/\\\/antderground.com\\\/ca\\\/producte\\\/pheidole-pallidula\\\/#primaryimage\",\"url\":\"https:\\\/\\\/antderground.com\\\/wp-content\\\/uploads\\\/2019\\\/08\\\/PHEIDOLE-PALLIDULA.jpg\",\"contentUrl\":\"https:\\\/\\\/antderground.com\\\/wp-content\\\/uploads\\\/2019\\\/08\\\/PHEIDOLE-PALLIDULA.jpg\",\"width\":1417,\"height\":1417,\"caption\":\"PHEIDOLE PALLIDULA\"},{\"@type\":\"BreadcrumbList\",\"@id\":\"https:\\\/\\\/antderground.com\\\/ca\\\/producte\\\/pheidole-pallidula\\\/#breadcrumb\",\"itemListElement\":[{\"@type\":\"ListItem\",\"position\":1,\"name\":\"Portada\",\"item\":\"https:\\\/\\\/antderground.com\\\/ca\\\/\"},{\"@type\":\"ListItem\",\"position\":2,\"name\":\"Productes\",\"item\":\"https:\\\/\\\/antderground.com\\\/ca\\\/productes\\\/\"},{\"@type\":\"ListItem\",\"position\":3,\"name\":\"Pheidole pallidula\"}]},{\"@type\":\"WebSite\",\"@id\":\"https:\\\/\\\/antderground.com\\\/ca\\\/#website\",\"url\":\"https:\\\/\\\/antderground.com\\\/ca\\\/\",\"name\":\"ANTDERGROUND\",\"description\":\"Tu tienda de hormigas, gran variedad de hormigueros acr\u00edlicos,madera,arena,3D y mas.. Pide tus hormigas gratis con tu pedido, somos expertos en hormigueros antifugas.\",\"publisher\":{\"@id\":\"https:\\\/\\\/antderground.com\\\/ca\\\/#\\\/schema\\\/person\\\/0e322c505e84fe72c65e2f6d08f96b81\"},\"alternateName\":\"Antderground\",\"potentialAction\":[{\"@type\":\"SearchAction\",\"target\":{\"@type\":\"EntryPoint\",\"urlTemplate\":\"https:\\\/\\\/antderground.com\\\/ca\\\/?s={search_term_string}\"},\"query-input\":{\"@type\":\"PropertyValueSpecification\",\"valueRequired\":true,\"valueName\":\"search_term_string\"}}],\"inLanguage\":\"ca\"},{\"@type\":[\"Person\",\"Organization\"],\"@id\":\"https:\\\/\\\/antderground.com\\\/ca\\\/#\\\/schema\\\/person\\\/0e322c505e84fe72c65e2f6d08f96b81\",\"name\":\"Eric de Antderground\",\"image\":{\"@type\":\"ImageObject\",\"inLanguage\":\"ca\",\"@id\":\"https:\\\/\\\/secure.gravatar.com\\\/avatar\\\/c49a1b9f79216d1498cb73c1e85cd47f4465dda35f2a94c03790d491bd4423c3?s=96&d=mm&r=g\",\"url\":\"https:\\\/\\\/secure.gravatar.com\\\/avatar\\\/c49a1b9f79216d1498cb73c1e85cd47f4465dda35f2a94c03790d491bd4423c3?s=96&d=mm&r=g\",\"contentUrl\":\"https:\\\/\\\/secure.gravatar.com\\\/avatar\\\/c49a1b9f79216d1498cb73c1e85cd47f4465dda35f2a94c03790d491bd4423c3?s=96&d=mm&r=g\",\"caption\":\"Eric de Antderground\"},\"logo\":{\"@id\":\"https:\\\/\\\/secure.gravatar.com\\\/avatar\\\/c49a1b9f79216d1498cb73c1e85cd47f4465dda35f2a94c03790d491bd4423c3?s=96&d=mm&r=g\"},\"description\":\"Eric es el especialista y fundador de Antderground, con una amplia trayectoria en artr\u00f3podos y enfocado en la mirmecolog\u00eda y el dise\u00f1o de hormigueros artificiales. Su enfoque combina la innovaci\u00f3n t\u00e9cnica con el respeto por la biolog\u00eda de las hormigas, is\u00f3podos y otros, desarrollando sistemas de nidos modulares 3D y acr\u00edlicos que son referentes para aficionados y profesionales en toda Europa. Su objetivo es facilitar la cr\u00eda de hormigas y otros artr\u00f3podos mediante soluciones seguras y divulgaci\u00f3n de calidad.\",\"sameAs\":[\"https:\\\/\\\/antderground.com\\\/\",\"https:\\\/\\\/www.youtube.com\\\/channel\\\/UCio72z7TlbufkAthAJIJfPw\"]}]}<\/script>\n<!-- \/ Yoast SEO plugin. -->","yoast_head_json":{"title":"Pheidole pallidula | Formicidae - ANTDERGROUND","description":"Formiga aut\u00f2ctona Pheidole pallidula, en descobreix les caracter\u00edstiques i l'estil de vida dins d'un formiguer artificial. Explora el m\u00f3n mirmecol\u00f2gic","robots":{"index":"index","follow":"follow","max-snippet":"max-snippet:-1","max-image-preview":"max-image-preview:large","max-video-preview":"max-video-preview:-1"},"canonical":"https:\/\/antderground.com\/ca\/producte\/pheidole-pallidula\/","og_locale":"ca_ES","og_type":"article","og_title":"Pheidole pallidula | Formicidae - ANTDERGROUND","og_description":"Formiga aut\u00f2ctona Pheidole pallidula, en descobreix les caracter\u00edstiques i l'estil de vida dins d'un formiguer artificial. Explora el m\u00f3n mirmecol\u00f2gic","og_url":"https:\/\/antderground.com\/ca\/producte\/pheidole-pallidula\/","og_site_name":"ANTDERGROUND","article_modified_time":"2024-09-10T09:31:19+00:00","og_image":[{"width":1417,"height":1417,"url":"https:\/\/antderground.com\/wp-content\/uploads\/2019\/08\/PHEIDOLE-PALLIDULA.jpg","type":"image\/jpeg"}],"twitter_card":"summary_large_image","twitter_misc":{"Temps estimat de lectura":"1 minut"},"schema":{"@context":"https:\/\/schema.org","@graph":[{"@type":"WebPage","@id":"https:\/\/antderground.com\/ca\/producte\/pheidole-pallidula\/","url":"https:\/\/antderground.com\/ca\/producte\/pheidole-pallidula\/","name":"Pheidole pallidula | Formicidae - ANTDERGROUND","isPartOf":{"@id":"https:\/\/antderground.com\/ca\/#website"},"primaryImageOfPage":{"@id":"https:\/\/antderground.com\/ca\/producte\/pheidole-pallidula\/#primaryimage"},"image":{"@id":"https:\/\/antderground.com\/ca\/producte\/pheidole-pallidula\/#primaryimage"},"thumbnailUrl":"https:\/\/antderground.com\/wp-content\/uploads\/2019\/08\/PHEIDOLE-PALLIDULA.jpg","datePublished":"2019-08-02T20:42:23+00:00","dateModified":"2024-09-10T09:31:19+00:00","description":"Formiga aut\u00f2ctona Pheidole pallidula, en descobreix les caracter\u00edstiques i l'estil de vida dins d'un formiguer artificial. Explora el m\u00f3n mirmecol\u00f2gic","breadcrumb":{"@id":"https:\/\/antderground.com\/ca\/producte\/pheidole-pallidula\/#breadcrumb"},"inLanguage":"ca","potentialAction":[{"@type":"ReadAction","target":["https:\/\/antderground.com\/ca\/producte\/pheidole-pallidula\/"]}]},{"@type":"ImageObject","inLanguage":"ca","@id":"https:\/\/antderground.com\/ca\/producte\/pheidole-pallidula\/#primaryimage","url":"https:\/\/antderground.com\/wp-content\/uploads\/2019\/08\/PHEIDOLE-PALLIDULA.jpg","contentUrl":"https:\/\/antderground.com\/wp-content\/uploads\/2019\/08\/PHEIDOLE-PALLIDULA.jpg","width":1417,"height":1417,"caption":"PHEIDOLE PALLIDULA"},{"@type":"BreadcrumbList","@id":"https:\/\/antderground.com\/ca\/producte\/pheidole-pallidula\/#breadcrumb","itemListElement":[{"@type":"ListItem","position":1,"name":"Portada","item":"https:\/\/antderground.com\/ca\/"},{"@type":"ListItem","position":2,"name":"Productes","item":"https:\/\/antderground.com\/ca\/productes\/"},{"@type":"ListItem","position":3,"name":"Pheidole pallidula"}]},{"@type":"WebSite","@id":"https:\/\/antderground.com\/ca\/#website","url":"https:\/\/antderground.com\/ca\/","name":"ANTDERGROUND","description":"Tu tienda de hormigas, gran variedad de hormigueros acr\u00edlicos,madera,arena,3D y mas.. Pide tus hormigas gratis con tu pedido, somos expertos en hormigueros antifugas.","publisher":{"@id":"https:\/\/antderground.com\/ca\/#\/schema\/person\/0e322c505e84fe72c65e2f6d08f96b81"},"alternateName":"Antderground","potentialAction":[{"@type":"SearchAction","target":{"@type":"EntryPoint","urlTemplate":"https:\/\/antderground.com\/ca\/?s={search_term_string}"},"query-input":{"@type":"PropertyValueSpecification","valueRequired":true,"valueName":"search_term_string"}}],"inLanguage":"ca"},{"@type":["Person","Organization"],"@id":"https:\/\/antderground.com\/ca\/#\/schema\/person\/0e322c505e84fe72c65e2f6d08f96b81","name":"Eric de Antderground","image":{"@type":"ImageObject","inLanguage":"ca","@id":"https:\/\/secure.gravatar.com\/avatar\/c49a1b9f79216d1498cb73c1e85cd47f4465dda35f2a94c03790d491bd4423c3?s=96&d=mm&r=g","url":"https:\/\/secure.gravatar.com\/avatar\/c49a1b9f79216d1498cb73c1e85cd47f4465dda35f2a94c03790d491bd4423c3?s=96&d=mm&r=g","contentUrl":"https:\/\/secure.gravatar.com\/avatar\/c49a1b9f79216d1498cb73c1e85cd47f4465dda35f2a94c03790d491bd4423c3?s=96&d=mm&r=g","caption":"Eric de Antderground"},"logo":{"@id":"https:\/\/secure.gravatar.com\/avatar\/c49a1b9f79216d1498cb73c1e85cd47f4465dda35f2a94c03790d491bd4423c3?s=96&d=mm&r=g"},"description":"Eric es el especialista y fundador de Antderground, con una amplia trayectoria en artr\u00f3podos y enfocado en la mirmecolog\u00eda y el dise\u00f1o de hormigueros artificiales. Su enfoque combina la innovaci\u00f3n t\u00e9cnica con el respeto por la biolog\u00eda de las hormigas, is\u00f3podos y otros, desarrollando sistemas de nidos modulares 3D y acr\u00edlicos que son referentes para aficionados y profesionales en toda Europa. Su objetivo es facilitar la cr\u00eda de hormigas y otros artr\u00f3podos mediante soluciones seguras y divulgaci\u00f3n de calidad.","sameAs":["https:\/\/antderground.com\/","https:\/\/www.youtube.com\/channel\/UCio72z7TlbufkAthAJIJfPw"]}]}},"_links":{"self":[{"href":"https:\/\/antderground.com\/ca\/wp-json\/wp\/v2\/product\/8292","targetHints":{"allow":["GET"]}}],"collection":[{"href":"https:\/\/antderground.com\/ca\/wp-json\/wp\/v2\/product"}],"about":[{"href":"https:\/\/antderground.com\/ca\/wp-json\/wp\/v2\/types\/product"}],"version-history":[{"count":0,"href":"https:\/\/antderground.com\/ca\/wp-json\/wp\/v2\/product\/8292\/revisions"}],"wp:featuredmedia":[{"embeddable":true,"href":"https:\/\/antderground.com\/ca\/wp-json\/wp\/v2\/media\/29427"}],"wp:attachment":[{"href":"https:\/\/antderground.com\/ca\/wp-json\/wp\/v2\/media?parent=8292"}],"wp:term":[{"taxonomy":"product_brand","embeddable":true,"href":"https:\/\/antderground.com\/ca\/wp-json\/wp\/v2\/product_brand?post=8292"},{"taxonomy":"product_cat","embeddable":true,"href":"https:\/\/antderground.com\/ca\/wp-json\/wp\/v2\/product_cat?post=8292"},{"taxonomy":"product_tag","embeddable":true,"href":"https:\/\/antderground.com\/ca\/wp-json\/wp\/v2\/product_tag?post=8292"}],"curies":[{"name":"wp","href":"https:\/\/api.w.org\/{rel}","templated":true}]}}