{"id":8294,"date":"2019-07-22T13:50:55","date_gmt":"2019-07-22T11:50:55","guid":{"rendered":"https:\/\/www.antderground.com\/producto\/reina-de-messor-barbarus\/"},"modified":"2025-05-27T21:12:29","modified_gmt":"2025-05-27T19:12:29","slug":"reina-de-messor-barbarus","status":"publish","type":"product","link":"https:\/\/antderground.com\/ca\/producte\/reina-de-messor-barbarus\/","title":{"rendered":"Reina de messor barbarus"},"content":{"rendered":"<p>La <a href=\"https:\/\/antderground.com\/categoria-producto\/hormigas\/\" target=\"_blank\" rel=\"noopener\">formiga Reina<\/a> de Messor Barbarus, ideal per iniciar-se al m\u00f3n de les formigues o mirmecologia. A continuaci\u00f3 mostrarem una informaci\u00f3 b\u00e0sica o fitxa t\u00e8cnica. \ud83d\ude09<\/p>\n<p><strong>Nom Cient\u00edfic:<\/strong><\/p>\n<ul>\n<li>Esp\u00e8cie: Messor barbarus<\/li>\n<\/ul>\n<p><strong>Classificaci\u00f3:<\/strong><\/p>\n<ul>\n<li>Regne: Animalia<\/li>\n<li>Filum: Arthropoda<\/li>\n<li>Classe: Insecta<\/li>\n<li>Ordre: Hymenoptera<\/li>\n<li>Fam\u00edlia: Formicidae<\/li>\n<li>G\u00e8nere: Messor<\/li>\n<\/ul>\n<p><strong>Morfologia:<\/strong><\/p>\n<ul>\n<li>Mida: Variable, per\u00f2 les obreres solen tenir una grand\u00e0ria de 5 a 10 mm.<\/li>\n<li>Color: Marr\u00f3 a rogenc.<\/li>\n<li>Cap: Proporcional al cos, amb antenes i mand\u00edbules prominents.<\/li>\n<li>T\u00f2rax: Dividit en tres segments: pro, meso i metat\u00f3rax.<\/li>\n<li>Abdomen: Segmentat, amb un peduncle distintiu.<\/li>\n<\/ul>\n<p><strong>Comportament:<\/strong><\/p>\n<ul>\n<li>Tipus de col\u00f2nia: Poligina (m\u00faltiples reines per col\u00f2nia).<\/li>\n<li>Dieta: Principalment gran\u00edvora, es nodreix de llavors.<\/li>\n<li>H\u00e0bits: Construeixen nius subterranis, caracteritzats per monticles de terra a la superf\u00edcie.<\/li>\n<\/ul>\n<p><strong>H\u00e0bitat:<\/strong><\/p>\n<ul>\n<li>Prefereix \u00e0rees seques i c\u00e0lides.<\/li>\n<li>Es pot trobar en camps, prats i zones amb vegetaci\u00f3 baixa.<\/li>\n<\/ul>\n<p><strong>Distribuci\u00f3 Geogr\u00e0fica:<\/strong><\/p>\n<ul>\n<li>Europa del Sud i Nord d&#8217;\u00c0frica.<\/li>\n<\/ul>\n<p><strong>Cicle de Vida:<\/strong><\/p>\n<ul>\n<li>Desenvolupament amb metamorfosi completa (ou, larva, pupa, adult).<\/li>\n<li>La col\u00f2nia pot incloure diverses reines.<\/li>\n<\/ul>\n<p><strong>Altres Aspectes:<\/strong><\/p>\n<ul>\n<li>Interacci\u00f3 amb altres esp\u00e8cies: Pot interactuar amb altres formigues i competir pels recursos.<\/li>\n<li>Import\u00e0ncia ecol\u00f2gica: Contribueix a la dispersi\u00f3 de llavors en el seu h\u00e0bitat.<\/li>\n<\/ul>\n","protected":false},"excerpt":{"rendered":"<p>Descobreix la formiga Messor barbarus, una esp\u00e8cie perfecta per iniciar-te a la mirmecologia, \u00e9s f\u00e0cil de cuidar i per tenir una col\u00f2nia.<\/p>\n","protected":false},"featured_media":9732,"template":"","meta":[],"product_brand":[],"product_cat":[164,312],"product_tag":[],"class_list":{"0":"post-8294","1":"product","2":"type-product","3":"status-publish","4":"has-post-thumbnail","6":"product_cat-formigues","7":"product_cat-formigues-autoctones","9":"first","10":"instock","11":"shipping-taxable","12":"purchasable","13":"product-type-variable"},"yoast_head":"<!-- This site is optimized with the Yoast SEO plugin v27.3 - https:\/\/yoast.com\/product\/yoast-seo-wordpress\/ -->\n<title>Reina de messor barbarus | Formiga reina o Col\u00f2nia de formigues - ANTDERGROUND<\/title>\n<meta name=\"description\" content=\"Descobreix la formiga reina Messor Barbarus, una esp\u00e8cie perfecta per iniciar-te i crear la teva pr\u00f2pia col\u00f2nia de formigues. Comen\u00e7a amb les teves formigues obreres!!\" \/>\n<meta name=\"robots\" content=\"index, follow, max-snippet:-1, max-image-preview:large, max-video-preview:-1\" \/>\n<link rel=\"canonical\" href=\"https:\/\/antderground.com\/ca\/producte\/reina-de-messor-barbarus\/\" \/>\n<meta property=\"og:locale\" content=\"ca_ES\" \/>\n<meta property=\"og:type\" content=\"article\" \/>\n<meta property=\"og:title\" content=\"Reina de messor barbarus | Formiga reina o Col\u00f2nia de formigues - ANTDERGROUND\" \/>\n<meta property=\"og:description\" content=\"Descobreix la formiga reina Messor Barbarus, una esp\u00e8cie perfecta per iniciar-te i crear la teva pr\u00f2pia col\u00f2nia de formigues. Comen\u00e7a amb les teves formigues obreres!!\" \/>\n<meta property=\"og:url\" content=\"https:\/\/antderground.com\/ca\/producte\/reina-de-messor-barbarus\/\" \/>\n<meta property=\"og:site_name\" content=\"ANTDERGROUND\" \/>\n<meta property=\"article:modified_time\" content=\"2025-05-27T19:12:29+00:00\" \/>\n<meta property=\"og:image\" content=\"https:\/\/antderground.com\/wp-content\/uploads\/2019\/07\/messor-barbarus-1.jpg\" \/>\n\t<meta property=\"og:image:width\" content=\"709\" \/>\n\t<meta property=\"og:image:height\" content=\"709\" \/>\n\t<meta property=\"og:image:type\" content=\"image\/jpeg\" \/>\n<meta name=\"twitter:card\" content=\"summary_large_image\" \/>\n<meta name=\"twitter:label1\" content=\"Temps estimat de lectura\" \/>\n\t<meta name=\"twitter:data1\" content=\"1 minut\" \/>\n<script type=\"application\/ld+json\" class=\"yoast-schema-graph\">{\"@context\":\"https:\\\/\\\/schema.org\",\"@graph\":[{\"@type\":\"WebPage\",\"@id\":\"https:\\\/\\\/antderground.com\\\/ca\\\/producte\\\/reina-de-messor-barbarus\\\/\",\"url\":\"https:\\\/\\\/antderground.com\\\/ca\\\/producte\\\/reina-de-messor-barbarus\\\/\",\"name\":\"Reina de messor barbarus | Formiga reina o Col\u00f2nia de formigues - ANTDERGROUND\",\"isPartOf\":{\"@id\":\"https:\\\/\\\/antderground.com\\\/ca\\\/#website\"},\"primaryImageOfPage\":{\"@id\":\"https:\\\/\\\/antderground.com\\\/ca\\\/producte\\\/reina-de-messor-barbarus\\\/#primaryimage\"},\"image\":{\"@id\":\"https:\\\/\\\/antderground.com\\\/ca\\\/producte\\\/reina-de-messor-barbarus\\\/#primaryimage\"},\"thumbnailUrl\":\"https:\\\/\\\/antderground.com\\\/wp-content\\\/uploads\\\/2019\\\/07\\\/messor-barbarus-1.jpg\",\"datePublished\":\"2019-07-22T11:50:55+00:00\",\"dateModified\":\"2025-05-27T19:12:29+00:00\",\"description\":\"Descobreix la formiga reina Messor Barbarus, una esp\u00e8cie perfecta per iniciar-te i crear la teva pr\u00f2pia col\u00f2nia de formigues. Comen\u00e7a amb les teves formigues obreres!!\",\"breadcrumb\":{\"@id\":\"https:\\\/\\\/antderground.com\\\/ca\\\/producte\\\/reina-de-messor-barbarus\\\/#breadcrumb\"},\"inLanguage\":\"ca\",\"potentialAction\":[{\"@type\":\"ReadAction\",\"target\":[\"https:\\\/\\\/antderground.com\\\/ca\\\/producte\\\/reina-de-messor-barbarus\\\/\"]}]},{\"@type\":\"ImageObject\",\"inLanguage\":\"ca\",\"@id\":\"https:\\\/\\\/antderground.com\\\/ca\\\/producte\\\/reina-de-messor-barbarus\\\/#primaryimage\",\"url\":\"https:\\\/\\\/antderground.com\\\/wp-content\\\/uploads\\\/2019\\\/07\\\/messor-barbarus-1.jpg\",\"contentUrl\":\"https:\\\/\\\/antderground.com\\\/wp-content\\\/uploads\\\/2019\\\/07\\\/messor-barbarus-1.jpg\",\"width\":709,\"height\":709,\"caption\":\"hormiga messor barbarus\"},{\"@type\":\"BreadcrumbList\",\"@id\":\"https:\\\/\\\/antderground.com\\\/ca\\\/producte\\\/reina-de-messor-barbarus\\\/#breadcrumb\",\"itemListElement\":[{\"@type\":\"ListItem\",\"position\":1,\"name\":\"Portada\",\"item\":\"https:\\\/\\\/antderground.com\\\/ca\\\/\"},{\"@type\":\"ListItem\",\"position\":2,\"name\":\"Productes\",\"item\":\"https:\\\/\\\/antderground.com\\\/ca\\\/productes\\\/\"},{\"@type\":\"ListItem\",\"position\":3,\"name\":\"Reina de messor barbarus\"}]},{\"@type\":\"WebSite\",\"@id\":\"https:\\\/\\\/antderground.com\\\/ca\\\/#website\",\"url\":\"https:\\\/\\\/antderground.com\\\/ca\\\/\",\"name\":\"ANTDERGROUND\",\"description\":\"Tu tienda de hormigas, gran variedad de hormigueros acr\u00edlicos,madera,arena,3D y mas.. Pide tus hormigas gratis con tu pedido, somos expertos en hormigueros antifugas.\",\"publisher\":{\"@id\":\"https:\\\/\\\/antderground.com\\\/ca\\\/#\\\/schema\\\/person\\\/0e322c505e84fe72c65e2f6d08f96b81\"},\"alternateName\":\"Antderground\",\"potentialAction\":[{\"@type\":\"SearchAction\",\"target\":{\"@type\":\"EntryPoint\",\"urlTemplate\":\"https:\\\/\\\/antderground.com\\\/ca\\\/?s={search_term_string}\"},\"query-input\":{\"@type\":\"PropertyValueSpecification\",\"valueRequired\":true,\"valueName\":\"search_term_string\"}}],\"inLanguage\":\"ca\"},{\"@type\":[\"Person\",\"Organization\"],\"@id\":\"https:\\\/\\\/antderground.com\\\/ca\\\/#\\\/schema\\\/person\\\/0e322c505e84fe72c65e2f6d08f96b81\",\"name\":\"Eric de Antderground\",\"image\":{\"@type\":\"ImageObject\",\"inLanguage\":\"ca\",\"@id\":\"https:\\\/\\\/secure.gravatar.com\\\/avatar\\\/c49a1b9f79216d1498cb73c1e85cd47f4465dda35f2a94c03790d491bd4423c3?s=96&d=mm&r=g\",\"url\":\"https:\\\/\\\/secure.gravatar.com\\\/avatar\\\/c49a1b9f79216d1498cb73c1e85cd47f4465dda35f2a94c03790d491bd4423c3?s=96&d=mm&r=g\",\"contentUrl\":\"https:\\\/\\\/secure.gravatar.com\\\/avatar\\\/c49a1b9f79216d1498cb73c1e85cd47f4465dda35f2a94c03790d491bd4423c3?s=96&d=mm&r=g\",\"caption\":\"Eric de Antderground\"},\"logo\":{\"@id\":\"https:\\\/\\\/secure.gravatar.com\\\/avatar\\\/c49a1b9f79216d1498cb73c1e85cd47f4465dda35f2a94c03790d491bd4423c3?s=96&d=mm&r=g\"},\"description\":\"Eric es el especialista y fundador de Antderground, con una amplia trayectoria en artr\u00f3podos y enfocado en la mirmecolog\u00eda y el dise\u00f1o de hormigueros artificiales. Su enfoque combina la innovaci\u00f3n t\u00e9cnica con el respeto por la biolog\u00eda de las hormigas, is\u00f3podos y otros, desarrollando sistemas de nidos modulares 3D y acr\u00edlicos que son referentes para aficionados y profesionales en toda Europa. Su objetivo es facilitar la cr\u00eda de hormigas y otros artr\u00f3podos mediante soluciones seguras y divulgaci\u00f3n de calidad.\",\"sameAs\":[\"https:\\\/\\\/antderground.com\\\/\",\"https:\\\/\\\/www.youtube.com\\\/channel\\\/UCio72z7TlbufkAthAJIJfPw\"]}]}<\/script>\n<!-- \/ Yoast SEO plugin. -->","yoast_head_json":{"title":"Reina de messor barbarus | Formiga reina o Col\u00f2nia de formigues - ANTDERGROUND","description":"Descobreix la formiga reina Messor Barbarus, una esp\u00e8cie perfecta per iniciar-te i crear la teva pr\u00f2pia col\u00f2nia de formigues. Comen\u00e7a amb les teves formigues obreres!!","robots":{"index":"index","follow":"follow","max-snippet":"max-snippet:-1","max-image-preview":"max-image-preview:large","max-video-preview":"max-video-preview:-1"},"canonical":"https:\/\/antderground.com\/ca\/producte\/reina-de-messor-barbarus\/","og_locale":"ca_ES","og_type":"article","og_title":"Reina de messor barbarus | Formiga reina o Col\u00f2nia de formigues - ANTDERGROUND","og_description":"Descobreix la formiga reina Messor Barbarus, una esp\u00e8cie perfecta per iniciar-te i crear la teva pr\u00f2pia col\u00f2nia de formigues. Comen\u00e7a amb les teves formigues obreres!!","og_url":"https:\/\/antderground.com\/ca\/producte\/reina-de-messor-barbarus\/","og_site_name":"ANTDERGROUND","article_modified_time":"2025-05-27T19:12:29+00:00","og_image":[{"width":709,"height":709,"url":"https:\/\/antderground.com\/wp-content\/uploads\/2019\/07\/messor-barbarus-1.jpg","type":"image\/jpeg"}],"twitter_card":"summary_large_image","twitter_misc":{"Temps estimat de lectura":"1 minut"},"schema":{"@context":"https:\/\/schema.org","@graph":[{"@type":"WebPage","@id":"https:\/\/antderground.com\/ca\/producte\/reina-de-messor-barbarus\/","url":"https:\/\/antderground.com\/ca\/producte\/reina-de-messor-barbarus\/","name":"Reina de messor barbarus | Formiga reina o Col\u00f2nia de formigues - ANTDERGROUND","isPartOf":{"@id":"https:\/\/antderground.com\/ca\/#website"},"primaryImageOfPage":{"@id":"https:\/\/antderground.com\/ca\/producte\/reina-de-messor-barbarus\/#primaryimage"},"image":{"@id":"https:\/\/antderground.com\/ca\/producte\/reina-de-messor-barbarus\/#primaryimage"},"thumbnailUrl":"https:\/\/antderground.com\/wp-content\/uploads\/2019\/07\/messor-barbarus-1.jpg","datePublished":"2019-07-22T11:50:55+00:00","dateModified":"2025-05-27T19:12:29+00:00","description":"Descobreix la formiga reina Messor Barbarus, una esp\u00e8cie perfecta per iniciar-te i crear la teva pr\u00f2pia col\u00f2nia de formigues. Comen\u00e7a amb les teves formigues obreres!!","breadcrumb":{"@id":"https:\/\/antderground.com\/ca\/producte\/reina-de-messor-barbarus\/#breadcrumb"},"inLanguage":"ca","potentialAction":[{"@type":"ReadAction","target":["https:\/\/antderground.com\/ca\/producte\/reina-de-messor-barbarus\/"]}]},{"@type":"ImageObject","inLanguage":"ca","@id":"https:\/\/antderground.com\/ca\/producte\/reina-de-messor-barbarus\/#primaryimage","url":"https:\/\/antderground.com\/wp-content\/uploads\/2019\/07\/messor-barbarus-1.jpg","contentUrl":"https:\/\/antderground.com\/wp-content\/uploads\/2019\/07\/messor-barbarus-1.jpg","width":709,"height":709,"caption":"hormiga messor barbarus"},{"@type":"BreadcrumbList","@id":"https:\/\/antderground.com\/ca\/producte\/reina-de-messor-barbarus\/#breadcrumb","itemListElement":[{"@type":"ListItem","position":1,"name":"Portada","item":"https:\/\/antderground.com\/ca\/"},{"@type":"ListItem","position":2,"name":"Productes","item":"https:\/\/antderground.com\/ca\/productes\/"},{"@type":"ListItem","position":3,"name":"Reina de messor barbarus"}]},{"@type":"WebSite","@id":"https:\/\/antderground.com\/ca\/#website","url":"https:\/\/antderground.com\/ca\/","name":"ANTDERGROUND","description":"Tu tienda de hormigas, gran variedad de hormigueros acr\u00edlicos,madera,arena,3D y mas.. Pide tus hormigas gratis con tu pedido, somos expertos en hormigueros antifugas.","publisher":{"@id":"https:\/\/antderground.com\/ca\/#\/schema\/person\/0e322c505e84fe72c65e2f6d08f96b81"},"alternateName":"Antderground","potentialAction":[{"@type":"SearchAction","target":{"@type":"EntryPoint","urlTemplate":"https:\/\/antderground.com\/ca\/?s={search_term_string}"},"query-input":{"@type":"PropertyValueSpecification","valueRequired":true,"valueName":"search_term_string"}}],"inLanguage":"ca"},{"@type":["Person","Organization"],"@id":"https:\/\/antderground.com\/ca\/#\/schema\/person\/0e322c505e84fe72c65e2f6d08f96b81","name":"Eric de Antderground","image":{"@type":"ImageObject","inLanguage":"ca","@id":"https:\/\/secure.gravatar.com\/avatar\/c49a1b9f79216d1498cb73c1e85cd47f4465dda35f2a94c03790d491bd4423c3?s=96&d=mm&r=g","url":"https:\/\/secure.gravatar.com\/avatar\/c49a1b9f79216d1498cb73c1e85cd47f4465dda35f2a94c03790d491bd4423c3?s=96&d=mm&r=g","contentUrl":"https:\/\/secure.gravatar.com\/avatar\/c49a1b9f79216d1498cb73c1e85cd47f4465dda35f2a94c03790d491bd4423c3?s=96&d=mm&r=g","caption":"Eric de Antderground"},"logo":{"@id":"https:\/\/secure.gravatar.com\/avatar\/c49a1b9f79216d1498cb73c1e85cd47f4465dda35f2a94c03790d491bd4423c3?s=96&d=mm&r=g"},"description":"Eric es el especialista y fundador de Antderground, con una amplia trayectoria en artr\u00f3podos y enfocado en la mirmecolog\u00eda y el dise\u00f1o de hormigueros artificiales. Su enfoque combina la innovaci\u00f3n t\u00e9cnica con el respeto por la biolog\u00eda de las hormigas, is\u00f3podos y otros, desarrollando sistemas de nidos modulares 3D y acr\u00edlicos que son referentes para aficionados y profesionales en toda Europa. Su objetivo es facilitar la cr\u00eda de hormigas y otros artr\u00f3podos mediante soluciones seguras y divulgaci\u00f3n de calidad.","sameAs":["https:\/\/antderground.com\/","https:\/\/www.youtube.com\/channel\/UCio72z7TlbufkAthAJIJfPw"]}]}},"_links":{"self":[{"href":"https:\/\/antderground.com\/ca\/wp-json\/wp\/v2\/product\/8294","targetHints":{"allow":["GET"]}}],"collection":[{"href":"https:\/\/antderground.com\/ca\/wp-json\/wp\/v2\/product"}],"about":[{"href":"https:\/\/antderground.com\/ca\/wp-json\/wp\/v2\/types\/product"}],"version-history":[{"count":0,"href":"https:\/\/antderground.com\/ca\/wp-json\/wp\/v2\/product\/8294\/revisions"}],"wp:featuredmedia":[{"embeddable":true,"href":"https:\/\/antderground.com\/ca\/wp-json\/wp\/v2\/media\/9732"}],"wp:attachment":[{"href":"https:\/\/antderground.com\/ca\/wp-json\/wp\/v2\/media?parent=8294"}],"wp:term":[{"taxonomy":"product_brand","embeddable":true,"href":"https:\/\/antderground.com\/ca\/wp-json\/wp\/v2\/product_brand?post=8294"},{"taxonomy":"product_cat","embeddable":true,"href":"https:\/\/antderground.com\/ca\/wp-json\/wp\/v2\/product_cat?post=8294"},{"taxonomy":"product_tag","embeddable":true,"href":"https:\/\/antderground.com\/ca\/wp-json\/wp\/v2\/product_tag?post=8294"}],"curies":[{"name":"wp","href":"https:\/\/api.w.org\/{rel}","templated":true}]}}