{"id":8317,"date":"2019-07-07T23:49:21","date_gmt":"2019-07-07T21:49:21","guid":{"rendered":"https:\/\/www.antderground.com\/producto\/formiguer-10-x-20-bolet-esponja-amb-zona-de-farratge\/"},"modified":"2021-11-19T00:23:57","modified_gmt":"2021-11-18T23:23:57","slug":"formiguer-10-x-20-bolet-esponja-amb-zona-de-farratge","status":"publish","type":"product","link":"https:\/\/antderground.com\/ca\/producte\/formiguer-10-x-20-bolet-esponja-amb-zona-de-farratge\/","title":{"rendered":"Formiguer 10 x 20 bolet + esponja amb zona de farratge"},"content":{"rendered":"<p>Formiguer amb bolet i esponja per a un millor control del grau d&#8217;humitat, molt vers\u00e0til i \u00fatil per a mes \u00e0mplia varietat d&#8217;esp\u00e8cies.<br \/>\nTant el bolet com l&#8217;esponja es poden treure sense necessitat d&#8217;obrir el formiguer.<br \/>\n3 Zones separades amb portes corredisses, amb diferents graus d&#8217;humitat.<\/p>\n","protected":false},"excerpt":{"rendered":"<p>1,2 Altura interior.<br \/>\nPortes corredisses.<br \/>\nBolet + esponja.<br \/>\nAmplia zona de farratge<\/p>\n","protected":false},"featured_media":15131,"template":"","meta":[],"product_brand":[],"product_cat":[165,169],"product_tag":[],"class_list":{"0":"post-8317","1":"product","2":"type-product","3":"status-publish","4":"has-post-thumbnail","6":"product_cat-formiguers","7":"product_cat-bolet-esponja","9":"first","10":"instock","11":"sale","12":"shipping-taxable","13":"purchasable","14":"product-type-simple"},"yoast_head":"<!-- This site is optimized with the Yoast SEO plugin v27.3 - https:\/\/yoast.com\/product\/yoast-seo-wordpress\/ -->\n<title>Formiguer 10x20 bolet + esponja + zona de farratge - ANTDERGROUND<\/title>\n<meta name=\"description\" content=\"Formiguer amb bolet i esponja per a un millor control del grau d&#039;humitat, molt vers\u00e0til i \u00fatil per a m\u00e9s \u00e0mplia varietat d&#039;esp\u00e8cies de formigues\" \/>\n<meta name=\"robots\" content=\"index, follow, max-snippet:-1, max-image-preview:large, max-video-preview:-1\" \/>\n<link rel=\"canonical\" href=\"https:\/\/antderground.com\/ca\/producte\/formiguer-10-x-20-bolet-esponja-amb-zona-de-farratge\/\" \/>\n<meta property=\"og:locale\" content=\"ca_ES\" \/>\n<meta property=\"og:type\" content=\"article\" \/>\n<meta property=\"og:title\" content=\"Formiguer 10x20 bolet + esponja + zona de farratge - ANTDERGROUND\" \/>\n<meta property=\"og:description\" content=\"Formiguer amb bolet i esponja per a un millor control del grau d&#039;humitat, molt vers\u00e0til i \u00fatil per a m\u00e9s \u00e0mplia varietat d&#039;esp\u00e8cies de formigues\" \/>\n<meta property=\"og:url\" content=\"https:\/\/antderground.com\/ca\/producte\/formiguer-10-x-20-bolet-esponja-amb-zona-de-farratge\/\" \/>\n<meta property=\"og:site_name\" content=\"ANTDERGROUND\" \/>\n<meta property=\"article:modified_time\" content=\"2021-11-18T23:23:57+00:00\" \/>\n<meta property=\"og:image\" content=\"https:\/\/antderground.com\/wp-content\/uploads\/2019\/07\/hormiguero-10-x-20-iniciacion.jpg\" \/>\n\t<meta property=\"og:image:width\" content=\"591\" \/>\n\t<meta property=\"og:image:height\" content=\"601\" \/>\n\t<meta property=\"og:image:type\" content=\"image\/jpeg\" \/>\n<meta name=\"twitter:card\" content=\"summary_large_image\" \/>\n<script type=\"application\/ld+json\" class=\"yoast-schema-graph\">{\"@context\":\"https:\\\/\\\/schema.org\",\"@graph\":[{\"@type\":\"WebPage\",\"@id\":\"https:\\\/\\\/antderground.com\\\/ca\\\/producte\\\/formiguer-10-x-20-bolet-esponja-amb-zona-de-farratge\\\/\",\"url\":\"https:\\\/\\\/antderground.com\\\/ca\\\/producte\\\/formiguer-10-x-20-bolet-esponja-amb-zona-de-farratge\\\/\",\"name\":\"Formiguer 10x20 bolet + esponja + zona de farratge - ANTDERGROUND\",\"isPartOf\":{\"@id\":\"https:\\\/\\\/antderground.com\\\/ca\\\/#website\"},\"primaryImageOfPage\":{\"@id\":\"https:\\\/\\\/antderground.com\\\/ca\\\/producte\\\/formiguer-10-x-20-bolet-esponja-amb-zona-de-farratge\\\/#primaryimage\"},\"image\":{\"@id\":\"https:\\\/\\\/antderground.com\\\/ca\\\/producte\\\/formiguer-10-x-20-bolet-esponja-amb-zona-de-farratge\\\/#primaryimage\"},\"thumbnailUrl\":\"https:\\\/\\\/antderground.com\\\/wp-content\\\/uploads\\\/2019\\\/07\\\/hormiguero-10-x-20-iniciacion.jpg\",\"datePublished\":\"2019-07-07T21:49:21+00:00\",\"dateModified\":\"2021-11-18T23:23:57+00:00\",\"description\":\"Formiguer amb bolet i esponja per a un millor control del grau d'humitat, molt vers\u00e0til i \u00fatil per a m\u00e9s \u00e0mplia varietat d'esp\u00e8cies de formigues\",\"breadcrumb\":{\"@id\":\"https:\\\/\\\/antderground.com\\\/ca\\\/producte\\\/formiguer-10-x-20-bolet-esponja-amb-zona-de-farratge\\\/#breadcrumb\"},\"inLanguage\":\"ca\",\"potentialAction\":[{\"@type\":\"ReadAction\",\"target\":[\"https:\\\/\\\/antderground.com\\\/ca\\\/producte\\\/formiguer-10-x-20-bolet-esponja-amb-zona-de-farratge\\\/\"]}]},{\"@type\":\"ImageObject\",\"inLanguage\":\"ca\",\"@id\":\"https:\\\/\\\/antderground.com\\\/ca\\\/producte\\\/formiguer-10-x-20-bolet-esponja-amb-zona-de-farratge\\\/#primaryimage\",\"url\":\"https:\\\/\\\/antderground.com\\\/wp-content\\\/uploads\\\/2019\\\/07\\\/hormiguero-10-x-20-iniciacion.jpg\",\"contentUrl\":\"https:\\\/\\\/antderground.com\\\/wp-content\\\/uploads\\\/2019\\\/07\\\/hormiguero-10-x-20-iniciacion.jpg\",\"width\":591,\"height\":601},{\"@type\":\"BreadcrumbList\",\"@id\":\"https:\\\/\\\/antderground.com\\\/ca\\\/producte\\\/formiguer-10-x-20-bolet-esponja-amb-zona-de-farratge\\\/#breadcrumb\",\"itemListElement\":[{\"@type\":\"ListItem\",\"position\":1,\"name\":\"Portada\",\"item\":\"https:\\\/\\\/antderground.com\\\/ca\\\/\"},{\"@type\":\"ListItem\",\"position\":2,\"name\":\"Productes\",\"item\":\"https:\\\/\\\/antderground.com\\\/ca\\\/productes\\\/\"},{\"@type\":\"ListItem\",\"position\":3,\"name\":\"Formiguer 10 x 20 bolet + esponja amb zona de farratge\"}]},{\"@type\":\"WebSite\",\"@id\":\"https:\\\/\\\/antderground.com\\\/ca\\\/#website\",\"url\":\"https:\\\/\\\/antderground.com\\\/ca\\\/\",\"name\":\"ANTDERGROUND\",\"description\":\"Tu tienda de hormigas, gran variedad de hormigueros acr\u00edlicos,madera,arena,3D y mas.. Pide tus hormigas gratis con tu pedido, somos expertos en hormigueros antifugas.\",\"publisher\":{\"@id\":\"https:\\\/\\\/antderground.com\\\/ca\\\/#\\\/schema\\\/person\\\/0e322c505e84fe72c65e2f6d08f96b81\"},\"alternateName\":\"Antderground\",\"potentialAction\":[{\"@type\":\"SearchAction\",\"target\":{\"@type\":\"EntryPoint\",\"urlTemplate\":\"https:\\\/\\\/antderground.com\\\/ca\\\/?s={search_term_string}\"},\"query-input\":{\"@type\":\"PropertyValueSpecification\",\"valueRequired\":true,\"valueName\":\"search_term_string\"}}],\"inLanguage\":\"ca\"},{\"@type\":[\"Person\",\"Organization\"],\"@id\":\"https:\\\/\\\/antderground.com\\\/ca\\\/#\\\/schema\\\/person\\\/0e322c505e84fe72c65e2f6d08f96b81\",\"name\":\"Eric de Antderground\",\"image\":{\"@type\":\"ImageObject\",\"inLanguage\":\"ca\",\"@id\":\"https:\\\/\\\/secure.gravatar.com\\\/avatar\\\/c49a1b9f79216d1498cb73c1e85cd47f4465dda35f2a94c03790d491bd4423c3?s=96&d=mm&r=g\",\"url\":\"https:\\\/\\\/secure.gravatar.com\\\/avatar\\\/c49a1b9f79216d1498cb73c1e85cd47f4465dda35f2a94c03790d491bd4423c3?s=96&d=mm&r=g\",\"contentUrl\":\"https:\\\/\\\/secure.gravatar.com\\\/avatar\\\/c49a1b9f79216d1498cb73c1e85cd47f4465dda35f2a94c03790d491bd4423c3?s=96&d=mm&r=g\",\"caption\":\"Eric de Antderground\"},\"logo\":{\"@id\":\"https:\\\/\\\/secure.gravatar.com\\\/avatar\\\/c49a1b9f79216d1498cb73c1e85cd47f4465dda35f2a94c03790d491bd4423c3?s=96&d=mm&r=g\"},\"description\":\"Eric es el especialista y fundador de Antderground, con una amplia trayectoria en artr\u00f3podos y enfocado en la mirmecolog\u00eda y el dise\u00f1o de hormigueros artificiales. Su enfoque combina la innovaci\u00f3n t\u00e9cnica con el respeto por la biolog\u00eda de las hormigas, is\u00f3podos y otros, desarrollando sistemas de nidos modulares 3D y acr\u00edlicos que son referentes para aficionados y profesionales en toda Europa. Su objetivo es facilitar la cr\u00eda de hormigas y otros artr\u00f3podos mediante soluciones seguras y divulgaci\u00f3n de calidad.\",\"sameAs\":[\"https:\\\/\\\/antderground.com\\\/\",\"https:\\\/\\\/www.youtube.com\\\/channel\\\/UCio72z7TlbufkAthAJIJfPw\"]}]}<\/script>\n<!-- \/ Yoast SEO plugin. -->","yoast_head_json":{"title":"Formiguer 10x20 bolet + esponja + zona de farratge - ANTDERGROUND","description":"Formiguer amb bolet i esponja per a un millor control del grau d'humitat, molt vers\u00e0til i \u00fatil per a m\u00e9s \u00e0mplia varietat d'esp\u00e8cies de formigues","robots":{"index":"index","follow":"follow","max-snippet":"max-snippet:-1","max-image-preview":"max-image-preview:large","max-video-preview":"max-video-preview:-1"},"canonical":"https:\/\/antderground.com\/ca\/producte\/formiguer-10-x-20-bolet-esponja-amb-zona-de-farratge\/","og_locale":"ca_ES","og_type":"article","og_title":"Formiguer 10x20 bolet + esponja + zona de farratge - ANTDERGROUND","og_description":"Formiguer amb bolet i esponja per a un millor control del grau d'humitat, molt vers\u00e0til i \u00fatil per a m\u00e9s \u00e0mplia varietat d'esp\u00e8cies de formigues","og_url":"https:\/\/antderground.com\/ca\/producte\/formiguer-10-x-20-bolet-esponja-amb-zona-de-farratge\/","og_site_name":"ANTDERGROUND","article_modified_time":"2021-11-18T23:23:57+00:00","og_image":[{"width":591,"height":601,"url":"https:\/\/antderground.com\/wp-content\/uploads\/2019\/07\/hormiguero-10-x-20-iniciacion.jpg","type":"image\/jpeg"}],"twitter_card":"summary_large_image","schema":{"@context":"https:\/\/schema.org","@graph":[{"@type":"WebPage","@id":"https:\/\/antderground.com\/ca\/producte\/formiguer-10-x-20-bolet-esponja-amb-zona-de-farratge\/","url":"https:\/\/antderground.com\/ca\/producte\/formiguer-10-x-20-bolet-esponja-amb-zona-de-farratge\/","name":"Formiguer 10x20 bolet + esponja + zona de farratge - ANTDERGROUND","isPartOf":{"@id":"https:\/\/antderground.com\/ca\/#website"},"primaryImageOfPage":{"@id":"https:\/\/antderground.com\/ca\/producte\/formiguer-10-x-20-bolet-esponja-amb-zona-de-farratge\/#primaryimage"},"image":{"@id":"https:\/\/antderground.com\/ca\/producte\/formiguer-10-x-20-bolet-esponja-amb-zona-de-farratge\/#primaryimage"},"thumbnailUrl":"https:\/\/antderground.com\/wp-content\/uploads\/2019\/07\/hormiguero-10-x-20-iniciacion.jpg","datePublished":"2019-07-07T21:49:21+00:00","dateModified":"2021-11-18T23:23:57+00:00","description":"Formiguer amb bolet i esponja per a un millor control del grau d'humitat, molt vers\u00e0til i \u00fatil per a m\u00e9s \u00e0mplia varietat d'esp\u00e8cies de formigues","breadcrumb":{"@id":"https:\/\/antderground.com\/ca\/producte\/formiguer-10-x-20-bolet-esponja-amb-zona-de-farratge\/#breadcrumb"},"inLanguage":"ca","potentialAction":[{"@type":"ReadAction","target":["https:\/\/antderground.com\/ca\/producte\/formiguer-10-x-20-bolet-esponja-amb-zona-de-farratge\/"]}]},{"@type":"ImageObject","inLanguage":"ca","@id":"https:\/\/antderground.com\/ca\/producte\/formiguer-10-x-20-bolet-esponja-amb-zona-de-farratge\/#primaryimage","url":"https:\/\/antderground.com\/wp-content\/uploads\/2019\/07\/hormiguero-10-x-20-iniciacion.jpg","contentUrl":"https:\/\/antderground.com\/wp-content\/uploads\/2019\/07\/hormiguero-10-x-20-iniciacion.jpg","width":591,"height":601},{"@type":"BreadcrumbList","@id":"https:\/\/antderground.com\/ca\/producte\/formiguer-10-x-20-bolet-esponja-amb-zona-de-farratge\/#breadcrumb","itemListElement":[{"@type":"ListItem","position":1,"name":"Portada","item":"https:\/\/antderground.com\/ca\/"},{"@type":"ListItem","position":2,"name":"Productes","item":"https:\/\/antderground.com\/ca\/productes\/"},{"@type":"ListItem","position":3,"name":"Formiguer 10 x 20 bolet + esponja amb zona de farratge"}]},{"@type":"WebSite","@id":"https:\/\/antderground.com\/ca\/#website","url":"https:\/\/antderground.com\/ca\/","name":"ANTDERGROUND","description":"Tu tienda de hormigas, gran variedad de hormigueros acr\u00edlicos,madera,arena,3D y mas.. Pide tus hormigas gratis con tu pedido, somos expertos en hormigueros antifugas.","publisher":{"@id":"https:\/\/antderground.com\/ca\/#\/schema\/person\/0e322c505e84fe72c65e2f6d08f96b81"},"alternateName":"Antderground","potentialAction":[{"@type":"SearchAction","target":{"@type":"EntryPoint","urlTemplate":"https:\/\/antderground.com\/ca\/?s={search_term_string}"},"query-input":{"@type":"PropertyValueSpecification","valueRequired":true,"valueName":"search_term_string"}}],"inLanguage":"ca"},{"@type":["Person","Organization"],"@id":"https:\/\/antderground.com\/ca\/#\/schema\/person\/0e322c505e84fe72c65e2f6d08f96b81","name":"Eric de Antderground","image":{"@type":"ImageObject","inLanguage":"ca","@id":"https:\/\/secure.gravatar.com\/avatar\/c49a1b9f79216d1498cb73c1e85cd47f4465dda35f2a94c03790d491bd4423c3?s=96&d=mm&r=g","url":"https:\/\/secure.gravatar.com\/avatar\/c49a1b9f79216d1498cb73c1e85cd47f4465dda35f2a94c03790d491bd4423c3?s=96&d=mm&r=g","contentUrl":"https:\/\/secure.gravatar.com\/avatar\/c49a1b9f79216d1498cb73c1e85cd47f4465dda35f2a94c03790d491bd4423c3?s=96&d=mm&r=g","caption":"Eric de Antderground"},"logo":{"@id":"https:\/\/secure.gravatar.com\/avatar\/c49a1b9f79216d1498cb73c1e85cd47f4465dda35f2a94c03790d491bd4423c3?s=96&d=mm&r=g"},"description":"Eric es el especialista y fundador de Antderground, con una amplia trayectoria en artr\u00f3podos y enfocado en la mirmecolog\u00eda y el dise\u00f1o de hormigueros artificiales. Su enfoque combina la innovaci\u00f3n t\u00e9cnica con el respeto por la biolog\u00eda de las hormigas, is\u00f3podos y otros, desarrollando sistemas de nidos modulares 3D y acr\u00edlicos que son referentes para aficionados y profesionales en toda Europa. Su objetivo es facilitar la cr\u00eda de hormigas y otros artr\u00f3podos mediante soluciones seguras y divulgaci\u00f3n de calidad.","sameAs":["https:\/\/antderground.com\/","https:\/\/www.youtube.com\/channel\/UCio72z7TlbufkAthAJIJfPw"]}]}},"_links":{"self":[{"href":"https:\/\/antderground.com\/ca\/wp-json\/wp\/v2\/product\/8317","targetHints":{"allow":["GET"]}}],"collection":[{"href":"https:\/\/antderground.com\/ca\/wp-json\/wp\/v2\/product"}],"about":[{"href":"https:\/\/antderground.com\/ca\/wp-json\/wp\/v2\/types\/product"}],"version-history":[{"count":0,"href":"https:\/\/antderground.com\/ca\/wp-json\/wp\/v2\/product\/8317\/revisions"}],"wp:featuredmedia":[{"embeddable":true,"href":"https:\/\/antderground.com\/ca\/wp-json\/wp\/v2\/media\/15131"}],"wp:attachment":[{"href":"https:\/\/antderground.com\/ca\/wp-json\/wp\/v2\/media?parent=8317"}],"wp:term":[{"taxonomy":"product_brand","embeddable":true,"href":"https:\/\/antderground.com\/ca\/wp-json\/wp\/v2\/product_brand?post=8317"},{"taxonomy":"product_cat","embeddable":true,"href":"https:\/\/antderground.com\/ca\/wp-json\/wp\/v2\/product_cat?post=8317"},{"taxonomy":"product_tag","embeddable":true,"href":"https:\/\/antderground.com\/ca\/wp-json\/wp\/v2\/product_tag?post=8317"}],"curies":[{"name":"wp","href":"https:\/\/api.w.org\/{rel}","templated":true}]}}