{"id":9052,"date":"2020-08-21T22:23:17","date_gmt":"2020-08-21T20:23:17","guid":{"rendered":"https:\/\/www.antderground.com\/producto\/conector-per-a-tubs-dassaig-90-inclou-tub\/"},"modified":"2021-11-18T22:10:59","modified_gmt":"2021-11-18T21:10:59","slug":"conector-per-a-tubs-dassaig-90-inclou-tub","status":"publish","type":"product","link":"https:\/\/antderground.com\/ca\/producte\/conector-per-a-tubs-dassaig-90-inclou-tub\/","title":{"rendered":"Conector per a tubs d\u2019assaig 90\u00b0 ( inclou tub )"},"content":{"rendered":"<p>Descobreix aquest connector per a tub d&#8217;assaig de 90 \u00b0 amb tub d&#8217;assaig incl\u00f2s.<\/p>\n","protected":false},"excerpt":{"rendered":"<p>Descobreix aquest connector per a tub d&#8217;assaig de 90 \u00b0 amb tub d&#8217;assaig incl\u00f2s.<\/p>\n","protected":false},"featured_media":14196,"template":"","meta":[],"product_brand":[],"product_cat":[162],"product_tag":[],"class_list":{"0":"post-9052","1":"product","2":"type-product","3":"status-publish","4":"has-post-thumbnail","6":"product_cat-conectors","8":"first","9":"instock","10":"shipping-taxable","11":"purchasable","12":"product-type-variable"},"yoast_head":"<!-- This site is optimized with the Yoast SEO plugin v27.4 - https:\/\/yoast.com\/product\/yoast-seo-wordpress\/ -->\n<title>Conector per a tubs d\u2019assaig 90\u00b0 ( inclou tub ) - ANTDERGROUND<\/title>\n<meta name=\"description\" content=\"Connector per a tubs d&#039;assaig de 90 \u00b0 amb diferents posicions disponibles, el connector inclou tub d&#039;assaig.\" \/>\n<meta name=\"robots\" content=\"index, follow, max-snippet:-1, max-image-preview:large, max-video-preview:-1\" \/>\n<link rel=\"canonical\" href=\"https:\/\/antderground.com\/ca\/producte\/conector-per-a-tubs-dassaig-90-inclou-tub\/\" \/>\n<meta property=\"og:locale\" content=\"ca_ES\" \/>\n<meta property=\"og:type\" content=\"article\" \/>\n<meta property=\"og:title\" content=\"Conector per a tubs d\u2019assaig 90\u00b0 ( inclou tub ) - ANTDERGROUND\" \/>\n<meta property=\"og:description\" content=\"Connector per a tubs d&#039;assaig de 90 \u00b0 amb diferents posicions disponibles, el connector inclou tub d&#039;assaig.\" \/>\n<meta property=\"og:url\" content=\"https:\/\/antderground.com\/ca\/producte\/conector-per-a-tubs-dassaig-90-inclou-tub\/\" \/>\n<meta property=\"og:site_name\" content=\"ANTDERGROUND\" \/>\n<meta property=\"article:modified_time\" content=\"2021-11-18T21:10:59+00:00\" \/>\n<meta property=\"og:image\" content=\"https:\/\/antderground.com\/wp-content\/uploads\/2020\/08\/conector-tubo-90.jpg\" \/>\n\t<meta property=\"og:image:width\" content=\"591\" \/>\n\t<meta property=\"og:image:height\" content=\"601\" \/>\n\t<meta property=\"og:image:type\" content=\"image\/jpeg\" \/>\n<meta name=\"twitter:card\" content=\"summary_large_image\" \/>\n<script type=\"application\/ld+json\" class=\"yoast-schema-graph\">{\"@context\":\"https:\\\/\\\/schema.org\",\"@graph\":[{\"@type\":\"WebPage\",\"@id\":\"https:\\\/\\\/antderground.com\\\/ca\\\/producte\\\/conector-per-a-tubs-dassaig-90-inclou-tub\\\/\",\"url\":\"https:\\\/\\\/antderground.com\\\/ca\\\/producte\\\/conector-per-a-tubs-dassaig-90-inclou-tub\\\/\",\"name\":\"Conector per a tubs d\u2019assaig 90\u00b0 ( inclou tub ) - ANTDERGROUND\",\"isPartOf\":{\"@id\":\"https:\\\/\\\/antderground.com\\\/ca\\\/#website\"},\"primaryImageOfPage\":{\"@id\":\"https:\\\/\\\/antderground.com\\\/ca\\\/producte\\\/conector-per-a-tubs-dassaig-90-inclou-tub\\\/#primaryimage\"},\"image\":{\"@id\":\"https:\\\/\\\/antderground.com\\\/ca\\\/producte\\\/conector-per-a-tubs-dassaig-90-inclou-tub\\\/#primaryimage\"},\"thumbnailUrl\":\"https:\\\/\\\/antderground.com\\\/wp-content\\\/uploads\\\/2020\\\/08\\\/conector-tubo-90.jpg\",\"datePublished\":\"2020-08-21T20:23:17+00:00\",\"dateModified\":\"2021-11-18T21:10:59+00:00\",\"description\":\"Connector per a tubs d'assaig de 90 \u00b0 amb diferents posicions disponibles, el connector inclou tub d'assaig.\",\"breadcrumb\":{\"@id\":\"https:\\\/\\\/antderground.com\\\/ca\\\/producte\\\/conector-per-a-tubs-dassaig-90-inclou-tub\\\/#breadcrumb\"},\"inLanguage\":\"ca\",\"potentialAction\":[{\"@type\":\"ReadAction\",\"target\":[\"https:\\\/\\\/antderground.com\\\/ca\\\/producte\\\/conector-per-a-tubs-dassaig-90-inclou-tub\\\/\"]}]},{\"@type\":\"ImageObject\",\"inLanguage\":\"ca\",\"@id\":\"https:\\\/\\\/antderground.com\\\/ca\\\/producte\\\/conector-per-a-tubs-dassaig-90-inclou-tub\\\/#primaryimage\",\"url\":\"https:\\\/\\\/antderground.com\\\/wp-content\\\/uploads\\\/2020\\\/08\\\/conector-tubo-90.jpg\",\"contentUrl\":\"https:\\\/\\\/antderground.com\\\/wp-content\\\/uploads\\\/2020\\\/08\\\/conector-tubo-90.jpg\",\"width\":591,\"height\":601},{\"@type\":\"BreadcrumbList\",\"@id\":\"https:\\\/\\\/antderground.com\\\/ca\\\/producte\\\/conector-per-a-tubs-dassaig-90-inclou-tub\\\/#breadcrumb\",\"itemListElement\":[{\"@type\":\"ListItem\",\"position\":1,\"name\":\"Portada\",\"item\":\"https:\\\/\\\/antderground.com\\\/ca\\\/\"},{\"@type\":\"ListItem\",\"position\":2,\"name\":\"Productes\",\"item\":\"https:\\\/\\\/antderground.com\\\/ca\\\/productes\\\/\"},{\"@type\":\"ListItem\",\"position\":3,\"name\":\"Conector per a tubs d\u2019assaig 90\u00b0 ( inclou tub )\"}]},{\"@type\":\"WebSite\",\"@id\":\"https:\\\/\\\/antderground.com\\\/ca\\\/#website\",\"url\":\"https:\\\/\\\/antderground.com\\\/ca\\\/\",\"name\":\"ANTDERGROUND\",\"description\":\"Tu tienda de hormigas, gran variedad de hormigueros acr\u00edlicos,madera,arena,3D y mas.. Pide tus hormigas gratis con tu pedido, somos expertos en hormigueros antifugas.\",\"publisher\":{\"@id\":\"https:\\\/\\\/antderground.com\\\/ca\\\/#\\\/schema\\\/person\\\/0e322c505e84fe72c65e2f6d08f96b81\"},\"alternateName\":\"Antderground\",\"potentialAction\":[{\"@type\":\"SearchAction\",\"target\":{\"@type\":\"EntryPoint\",\"urlTemplate\":\"https:\\\/\\\/antderground.com\\\/ca\\\/?s={search_term_string}\"},\"query-input\":{\"@type\":\"PropertyValueSpecification\",\"valueRequired\":true,\"valueName\":\"search_term_string\"}}],\"inLanguage\":\"ca\"},{\"@type\":[\"Person\",\"Organization\"],\"@id\":\"https:\\\/\\\/antderground.com\\\/ca\\\/#\\\/schema\\\/person\\\/0e322c505e84fe72c65e2f6d08f96b81\",\"name\":\"Eric de Antderground\",\"image\":{\"@type\":\"ImageObject\",\"inLanguage\":\"ca\",\"@id\":\"https:\\\/\\\/secure.gravatar.com\\\/avatar\\\/c49a1b9f79216d1498cb73c1e85cd47f4465dda35f2a94c03790d491bd4423c3?s=96&d=mm&r=g\",\"url\":\"https:\\\/\\\/secure.gravatar.com\\\/avatar\\\/c49a1b9f79216d1498cb73c1e85cd47f4465dda35f2a94c03790d491bd4423c3?s=96&d=mm&r=g\",\"contentUrl\":\"https:\\\/\\\/secure.gravatar.com\\\/avatar\\\/c49a1b9f79216d1498cb73c1e85cd47f4465dda35f2a94c03790d491bd4423c3?s=96&d=mm&r=g\",\"caption\":\"Eric de Antderground\"},\"logo\":{\"@id\":\"https:\\\/\\\/secure.gravatar.com\\\/avatar\\\/c49a1b9f79216d1498cb73c1e85cd47f4465dda35f2a94c03790d491bd4423c3?s=96&d=mm&r=g\"},\"description\":\"Eric es el especialista y fundador de Antderground, con una amplia trayectoria en artr\u00f3podos y enfocado en la mirmecolog\u00eda y el dise\u00f1o de hormigueros artificiales. Su enfoque combina la innovaci\u00f3n t\u00e9cnica con el respeto por la biolog\u00eda de las hormigas, is\u00f3podos y otros, desarrollando sistemas de nidos modulares 3D y acr\u00edlicos que son referentes para aficionados y profesionales en toda Europa. Su objetivo es facilitar la cr\u00eda de hormigas y otros artr\u00f3podos mediante soluciones seguras y divulgaci\u00f3n de calidad.\",\"sameAs\":[\"https:\\\/\\\/antderground.com\\\/\",\"https:\\\/\\\/www.youtube.com\\\/channel\\\/UCio72z7TlbufkAthAJIJfPw\"]}]}<\/script>\n<!-- \/ Yoast SEO plugin. -->","yoast_head_json":{"title":"Conector per a tubs d\u2019assaig 90\u00b0 ( inclou tub ) - ANTDERGROUND","description":"Connector per a tubs d'assaig de 90 \u00b0 amb diferents posicions disponibles, el connector inclou tub d'assaig.","robots":{"index":"index","follow":"follow","max-snippet":"max-snippet:-1","max-image-preview":"max-image-preview:large","max-video-preview":"max-video-preview:-1"},"canonical":"https:\/\/antderground.com\/ca\/producte\/conector-per-a-tubs-dassaig-90-inclou-tub\/","og_locale":"ca_ES","og_type":"article","og_title":"Conector per a tubs d\u2019assaig 90\u00b0 ( inclou tub ) - ANTDERGROUND","og_description":"Connector per a tubs d'assaig de 90 \u00b0 amb diferents posicions disponibles, el connector inclou tub d'assaig.","og_url":"https:\/\/antderground.com\/ca\/producte\/conector-per-a-tubs-dassaig-90-inclou-tub\/","og_site_name":"ANTDERGROUND","article_modified_time":"2021-11-18T21:10:59+00:00","og_image":[{"width":591,"height":601,"url":"https:\/\/antderground.com\/wp-content\/uploads\/2020\/08\/conector-tubo-90.jpg","type":"image\/jpeg"}],"twitter_card":"summary_large_image","schema":{"@context":"https:\/\/schema.org","@graph":[{"@type":"WebPage","@id":"https:\/\/antderground.com\/ca\/producte\/conector-per-a-tubs-dassaig-90-inclou-tub\/","url":"https:\/\/antderground.com\/ca\/producte\/conector-per-a-tubs-dassaig-90-inclou-tub\/","name":"Conector per a tubs d\u2019assaig 90\u00b0 ( inclou tub ) - ANTDERGROUND","isPartOf":{"@id":"https:\/\/antderground.com\/ca\/#website"},"primaryImageOfPage":{"@id":"https:\/\/antderground.com\/ca\/producte\/conector-per-a-tubs-dassaig-90-inclou-tub\/#primaryimage"},"image":{"@id":"https:\/\/antderground.com\/ca\/producte\/conector-per-a-tubs-dassaig-90-inclou-tub\/#primaryimage"},"thumbnailUrl":"https:\/\/antderground.com\/wp-content\/uploads\/2020\/08\/conector-tubo-90.jpg","datePublished":"2020-08-21T20:23:17+00:00","dateModified":"2021-11-18T21:10:59+00:00","description":"Connector per a tubs d'assaig de 90 \u00b0 amb diferents posicions disponibles, el connector inclou tub d'assaig.","breadcrumb":{"@id":"https:\/\/antderground.com\/ca\/producte\/conector-per-a-tubs-dassaig-90-inclou-tub\/#breadcrumb"},"inLanguage":"ca","potentialAction":[{"@type":"ReadAction","target":["https:\/\/antderground.com\/ca\/producte\/conector-per-a-tubs-dassaig-90-inclou-tub\/"]}]},{"@type":"ImageObject","inLanguage":"ca","@id":"https:\/\/antderground.com\/ca\/producte\/conector-per-a-tubs-dassaig-90-inclou-tub\/#primaryimage","url":"https:\/\/antderground.com\/wp-content\/uploads\/2020\/08\/conector-tubo-90.jpg","contentUrl":"https:\/\/antderground.com\/wp-content\/uploads\/2020\/08\/conector-tubo-90.jpg","width":591,"height":601},{"@type":"BreadcrumbList","@id":"https:\/\/antderground.com\/ca\/producte\/conector-per-a-tubs-dassaig-90-inclou-tub\/#breadcrumb","itemListElement":[{"@type":"ListItem","position":1,"name":"Portada","item":"https:\/\/antderground.com\/ca\/"},{"@type":"ListItem","position":2,"name":"Productes","item":"https:\/\/antderground.com\/ca\/productes\/"},{"@type":"ListItem","position":3,"name":"Conector per a tubs d\u2019assaig 90\u00b0 ( inclou tub )"}]},{"@type":"WebSite","@id":"https:\/\/antderground.com\/ca\/#website","url":"https:\/\/antderground.com\/ca\/","name":"ANTDERGROUND","description":"Tu tienda de hormigas, gran variedad de hormigueros acr\u00edlicos,madera,arena,3D y mas.. Pide tus hormigas gratis con tu pedido, somos expertos en hormigueros antifugas.","publisher":{"@id":"https:\/\/antderground.com\/ca\/#\/schema\/person\/0e322c505e84fe72c65e2f6d08f96b81"},"alternateName":"Antderground","potentialAction":[{"@type":"SearchAction","target":{"@type":"EntryPoint","urlTemplate":"https:\/\/antderground.com\/ca\/?s={search_term_string}"},"query-input":{"@type":"PropertyValueSpecification","valueRequired":true,"valueName":"search_term_string"}}],"inLanguage":"ca"},{"@type":["Person","Organization"],"@id":"https:\/\/antderground.com\/ca\/#\/schema\/person\/0e322c505e84fe72c65e2f6d08f96b81","name":"Eric de Antderground","image":{"@type":"ImageObject","inLanguage":"ca","@id":"https:\/\/secure.gravatar.com\/avatar\/c49a1b9f79216d1498cb73c1e85cd47f4465dda35f2a94c03790d491bd4423c3?s=96&d=mm&r=g","url":"https:\/\/secure.gravatar.com\/avatar\/c49a1b9f79216d1498cb73c1e85cd47f4465dda35f2a94c03790d491bd4423c3?s=96&d=mm&r=g","contentUrl":"https:\/\/secure.gravatar.com\/avatar\/c49a1b9f79216d1498cb73c1e85cd47f4465dda35f2a94c03790d491bd4423c3?s=96&d=mm&r=g","caption":"Eric de Antderground"},"logo":{"@id":"https:\/\/secure.gravatar.com\/avatar\/c49a1b9f79216d1498cb73c1e85cd47f4465dda35f2a94c03790d491bd4423c3?s=96&d=mm&r=g"},"description":"Eric es el especialista y fundador de Antderground, con una amplia trayectoria en artr\u00f3podos y enfocado en la mirmecolog\u00eda y el dise\u00f1o de hormigueros artificiales. Su enfoque combina la innovaci\u00f3n t\u00e9cnica con el respeto por la biolog\u00eda de las hormigas, is\u00f3podos y otros, desarrollando sistemas de nidos modulares 3D y acr\u00edlicos que son referentes para aficionados y profesionales en toda Europa. Su objetivo es facilitar la cr\u00eda de hormigas y otros artr\u00f3podos mediante soluciones seguras y divulgaci\u00f3n de calidad.","sameAs":["https:\/\/antderground.com\/","https:\/\/www.youtube.com\/channel\/UCio72z7TlbufkAthAJIJfPw"]}]}},"_links":{"self":[{"href":"https:\/\/antderground.com\/ca\/wp-json\/wp\/v2\/product\/9052","targetHints":{"allow":["GET"]}}],"collection":[{"href":"https:\/\/antderground.com\/ca\/wp-json\/wp\/v2\/product"}],"about":[{"href":"https:\/\/antderground.com\/ca\/wp-json\/wp\/v2\/types\/product"}],"version-history":[{"count":0,"href":"https:\/\/antderground.com\/ca\/wp-json\/wp\/v2\/product\/9052\/revisions"}],"wp:featuredmedia":[{"embeddable":true,"href":"https:\/\/antderground.com\/ca\/wp-json\/wp\/v2\/media\/14196"}],"wp:attachment":[{"href":"https:\/\/antderground.com\/ca\/wp-json\/wp\/v2\/media?parent=9052"}],"wp:term":[{"taxonomy":"product_brand","embeddable":true,"href":"https:\/\/antderground.com\/ca\/wp-json\/wp\/v2\/product_brand?post=9052"},{"taxonomy":"product_cat","embeddable":true,"href":"https:\/\/antderground.com\/ca\/wp-json\/wp\/v2\/product_cat?post=9052"},{"taxonomy":"product_tag","embeddable":true,"href":"https:\/\/antderground.com\/ca\/wp-json\/wp\/v2\/product_tag?post=9052"}],"curies":[{"name":"wp","href":"https:\/\/api.w.org\/{rel}","templated":true}]}}