{"id":26077,"date":"2019-06-16T08:35:11","date_gmt":"2019-06-16T06:35:11","guid":{"rendered":"https:\/\/www.antderground.com\/aviso-legal\/"},"modified":"2023-02-02T15:42:30","modified_gmt":"2023-02-02T14:42:30","slug":"rechtlicher-hinweis","status":"publish","type":"page","link":"https:\/\/antderground.com\/de\/rechtlicher-hinweis\/","title":{"rendered":"Rechtlicher Hinweis"},"content":{"rendered":"<p><b>DATEN ZUR IDENTIFIZIERUNG DES EIGENT\u00dcMERS DER WEBSITE<\/b><\/p>\n<p>In Erf\u00fcllung der Informationspflicht gem\u00e4\u00df Artikel 10 des Gesetzes 34\/2002 vom 11. Juli 2002 \u00fcber die Dienste der Informationsgesellschaft und den elektronischen Handel, (<b>E<\/b><em><b>RIC LOPEZ FERNANDEZ<\/b><\/em>), mit DNI (77745286-L), im Folgenden ANTDERGROUND, in seiner Eigenschaft als Inhaber der Website www.antderground. com, mit Adresse Carretera de Berga 15, Postleitzahl 08611 a Cal Rosal, Spanien &#8211; Barcelona, E-Mail-Adresse antderground@gmail.com, \u00fcbermittelt die vorliegenden Informationen, die die Nutzungsbedingungen dieser Seite, die Haftungsbeschr\u00e4nkungen und die Verpflichtungen, die die Nutzer der unter dem Domainnamen www.antderground.com ver\u00f6ffentlichten Website \u00fcbernehmen und einhalten m\u00fcssen, regeln.<\/p>\n<p><span style=\"color: #343541;\"><span style=\"font-family: S hne, ui-sans-serif, system-ui, apple-system, Segoe UI, Roboto, Ubuntu, Cantarell, Noto Sans, sans-serif, Helvetica Neue, Arial, Apple Color Emoji, Segoe UI Emoji, Segoe UI Symbol, Noto Color Emoji;\"><span style=\"font-size: medium;\">*Rechtschreibfehler oder Fehlinterpretationen:&nbsp;<\/span><\/span><\/span><\/p>\n<p><span style=\"color: #343541;\"><span style=\"font-family: S hne, ui-sans-serif, system-ui, apple-system, Segoe UI, Roboto, Ubuntu, Cantarell, Noto Sans, sans-serif, Helvetica Neue, Arial, Apple Color Emoji, Segoe UI Emoji, Segoe UI Symbol, Noto Color Emoji;\"><span style=\"font-size: medium;\">Wichtig: Dieser Text ist eine \u00dcbersetzung der <a href=\"https:\/\/antderground.com\/aviso-legal\/\">Originalversion in (Spanisch)<\/a> und kann \u00dcbersetzungsfehler enthalten. Falls Sie falsche Informationen finden, bitten wir um Entschuldigung. Sollten Sie einen Fehler oder ein Missverst\u00e4ndnis (aufgrund einer Fehlinterpretation) entdecken, w\u00e4ren wir Ihnen dankbar, wenn Sie uns eine E-Mail an antderground@gmail.com schicken k\u00f6nnten.<\/span><\/span><\/span><\/p>\n<p>&nbsp;<\/p>\n<p><strong>NUTZUNGSBESTIMMUNGEN UND -BEDINGUNGEN<\/strong><\/p>\n<p>Die Nutzung von www.antderground.com setzt voraus, dass der (Benutzer) von www.antderground.com, sei es eine nat\u00fcrliche oder eine juristische Person, die vollst\u00e4ndige, uneingeschr\u00e4nkte und vorbehaltlose Akzeptanz aller und jeder einzelnen Klauseln und allgemeinen Bedingungen, die im Impressum enthalten sind, akzeptiert. Wenn der (Nutzer) mit den Klauseln und Nutzungsbedingungen dieser rechtlichen Hinweise nicht einverstanden ist, wird er\/sie von der Nutzung von www.antderground.com absehen.<br \/>\nDieser rechtliche Hinweis unterliegt \u00c4nderungen und Aktualisierungen, so dass die von (ANTDERGROUND) ver\u00f6ffentlichte Version zu jedem Zeitpunkt des Zugriffs des Nutzers auf das Portal anders sein kann.<br \/>\nDaher muss der (Nutzer) die rechtlichen Hinweise jedes Mal lesen, wenn er\/sie auf www.antderground.com zugreift.<br \/>\n\u00dcber www.antderground.com erm\u00f6glicht (ANTDERGROUND) dem (Nutzer) den Zugang zu und die Nutzung von verschiedenen Inhalten, die von (ANTDERGROUND) oder von autorisierten Dritten im Internet ver\u00f6ffentlicht werden.<\/p>\n<p>Der (Nutzer) ist verpflichtet und verpflichtet sich, www.antderground.com und die Inhalte in \u00dcbereinstimmung mit der geltenden Gesetzgebung, den rechtlichen Hinweisen und allen anderen Hinweisen oder Anweisungen zu nutzen, die ihm entweder durch diese rechtlichen Hinweise oder an einer anderen Stelle innerhalb der Inhalte, aus denen www.antderground.com besteht, bekannt gemacht werden, wie z.B. die Regeln des Zusammenlebens, der Moral und der allgemein anerkannten guten Sitten. In diesem Sinne ist der (Nutzer) verpflichtet und verpflichtet sich, KEINE der Inhalte f\u00fcr unerlaubte Zwecke oder Wirkungen zu verwenden, die in den rechtlichen Hinweisen oder durch die geltende Gesetzgebung verboten sind, die die Rechte und Interessen Dritter verletzen oder die in irgendeiner Weise die normale Nutzung von besch\u00e4digen, unbrauchbar machen, \u00fcberlasten, verschlechtern oder verhindern k\u00f6nnen, oder die in irgendeiner Weise die normale Nutzung von besch\u00e4digen, unbrauchbar machen, \u00fcberlasten, verschlechtern oder verhindern k\u00f6nnen, die normale Nutzung der Inhalte, der Computerausr\u00fcstung oder der Dokumente, Dateien und aller Arten von Inhalten, die in einer Computerausr\u00fcstung gespeichert sind, die ANTDERGROUND, einem anderen (BENUTZER) oder einem anderen Internetbenutzer geh\u00f6rt oder von diesem in Auftrag gegeben wurde (Hardware und Software), zu beeintr\u00e4chtigen oder zu behindern.<br \/>\nDer (die) Nutzer(in) verpflichtet sich und verpflichtet sich, keinerlei Material, das auf www.antderground.com enthalten ist, wie Informationen, Texte, Daten, Inhalte, Nachrichten, Grafiken, Zeichnungen, Ton- und\/oder Bilddateien, Fotografien, Aufnahmen, Software, Logos, Marken, Icons, Technologie, Fotografien, Software, Links, grafische Gestaltung und Quellcodes oder sonstiges Material, zu dem er\/sie als Nutzer(in) von www.antderground.com Zugang hat, zu \u00fcbermitteln, zu verbreiten oder Dritten zug\u00e4nglich zu machen, ohne dass diese Aufz\u00e4hlung ersch\u00f6pfend ist. Ebenso darf der (Nutzer) in \u00dcbereinstimmung mit allen oben genannten Punkten nicht:<\/p>\n<p>&#8211; die Inhalte zu vervielf\u00e4ltigen, zu kopieren, zu verbreiten, zur Verf\u00fcgung zu stellen oder in sonstiger Weise \u00f6ffentlich wiederzugeben, umzuwandeln oder zu ver\u00e4ndern, es sei denn, es liegt eine ausdr\u00fcckliche schriftliche Genehmigung von ANTDERGROUND vor, die Inhaberin der entsprechenden Rechte ist, oder dies ist gesetzlich erlaubt.<\/p>\n<p>&#8211; das Urheberrecht und andere Daten, die den Vorbehalt der Rechte von ANTDERGROUND oder seinen Eigent\u00fcmern kennzeichnen, die Fingerabdr\u00fccke und\/oder digitalen Identifikatoren, Wasserzeichen oder andere technische Mittel zu ihrer Erkennung zu l\u00f6schen, zu manipulieren oder in irgendeiner Weise zu ver\u00e4ndern.<\/p>\n<p>Der Nutzer muss es unterlassen, die Inhalte mit anderen Mitteln oder Verfahren zu erhalten oder auch nur zu versuchen, sie zu erhalten, als denjenigen, die zu diesem Zweck zur Verf\u00fcgung gestellt oder auf den Webseiten, auf denen die Inhalte zu finden sind, angegeben sind, oder allgemein denjenigen, die \u00fcblicherweise im Internet zu diesem Zweck verwendet werden, vorausgesetzt, dass sie nicht das Risiko einer Besch\u00e4digung oder Deaktivierung von www.antderground.com und\/oder der Inhalte mit sich bringen.<\/p>\n<p><b>GEISTIGES EIGENTUM:<\/b><\/p>\n<p>Alles, was auf unserer Website www.antderground.com erscheint, wie Texte, Bilder, Grafiken, Logos, Marken, Industriezeichnungen und andere Elemente, ist durch geistige Eigentumsrechte von ANTDERGROUND oder Dritten gesch\u00fctzt.<\/p>\n<p>*In einigen F\u00e4llen k\u00f6nnen Werbebilder oder Vorlagenbilder von Dritten stammen, die die Erlaubnis zur Verwendung auf unserer Website www.antderground.com erteilt haben. In diesem Fall fordern Sie bitte vor der Verwendung Informationen an.<\/p>\n<p>Keiner dieser Inhalte darf ohne schriftliche Genehmigung von ANTDERGROUND oder des jeweiligen Eigent\u00fcmers kopiert, ver\u00e4ndert, verwertet, verbreitet oder vermarktet werden.<\/p>\n<p><b>VERF\u00dcGBARKEIT VON WWW.ANTDERGROUND.COM<\/b><\/p>\n<p>(ANTDERGROUND) garantiert nicht, dass es keine Unterbrechungen oder Fehler beim Zugang zu www.antderground.com und seinem Inhalt gibt und dass er auf dem neuesten Stand ist, obwohl sie sich nach besten Kr\u00e4ften bem\u00fcht, diese zu vermeiden, zu korrigieren oder zu aktualisieren, je nachdem. Folglich \u00fcbernimmt ANTDERGROUND keine Haftung f\u00fcr Sch\u00e4den jeglicher Art, die dem (Nutzer) infolge von St\u00f6rungen oder Unterbrechungen in den Telekommunikationsnetzen entstehen, die zur Aussetzung, Annullierung oder Unterbrechung des Dienstes des Portals w\u00e4hrend der Bereitstellung desselben oder im Vorfeld desselben f\u00fchren.<\/p>\n<p>ANTDERGROUND schlie\u00dft, mit den in der geltenden Gesetzgebung vorgesehenen Ausnahmen, jegliche Haftung f\u00fcr Sch\u00e4den jeglicher Art aus, die auf die mangelnde Verf\u00fcgbarkeit, Kontinuit\u00e4t oder Qualit\u00e4t des Betriebs von www.antderground.com und der Inhalte, auf die Nichterf\u00fcllung der N\u00fctzlichkeitserwartung, die der (BENUTZER) www.antderground.com und den Inhalten zugeschrieben haben mag, zur\u00fcckzuf\u00fchren sind.<\/p>\n<p>Die Funktion der Hyperlinks, die auf dieser Website erscheinen, besteht ausschlie\u00dflich darin, den Nutzer \u00fcber die Existenz anderer Websites zu informieren, die Informationen zu diesem Thema enthalten. Diese Hyperlinks stellen keine Anregung oder Empfehlung irgendeiner Art dar.<\/p>\n<p>ANTDERGROUND \u00fcbernimmt keine Verantwortung f\u00fcr den Inhalt dieser verlinkten Seiten, f\u00fcr das Funktionieren oder die N\u00fctzlichkeit der Hyperlinks oder f\u00fcr das Ergebnis dieser Links und garantiert auch nicht die Abwesenheit von Viren oder anderen Elementen, die Ver\u00e4nderungen im Computersystem (Hardware und Software), in den Dokumenten oder in den Dateien des Benutzers verursachen k\u00f6nnen, unter Ausschluss jeglicher Haftung f\u00fcr Sch\u00e4den jeglicher Art, die dem Benutzer aus diesem Grund entstehen.<\/p>\n<p>Der Zugang zu www.antderground.com verpflichtet ANTDERGROUND nicht dazu, die Abwesenheit von Viren, W\u00fcrmern oder anderen sch\u00e4dlichen Computerelementen zu \u00fcberpr\u00fcfen. In jedem Fall ist der Nutzer f\u00fcr die Verf\u00fcgbarkeit geeigneter Werkzeuge zur Erkennung und Desinfektion von sch\u00e4dlichen Computerprogrammen verantwortlich, und daher \u00fcbernimmt ANTDERGROUND keine Haftung f\u00fcr eventuelle Sicherheitsfehler, die bei der Bereitstellung des Dienstes von www.antderground auftreten k\u00f6nnen. com noch f\u00fcr eventuelle Sch\u00e4den, die am Computersystem des Nutzers oder Dritter (Hardware und Software), an den darin gespeicherten Dateien oder Dokumenten infolge des Vorhandenseins eines Virus im Computer des Nutzers, der f\u00fcr die Verbindung zu den Dienstleistungen und Inhalten des Webs verwendet wird, einer Fehlfunktion des Browsers oder der Verwendung nicht aktualisierter Versionen desselben verursacht werden k\u00f6nnen.<\/p>\n<p>Die Bereitstellung des Dienstes www.antderground.com und des Inhalts ist im Prinzip unbefristet. ANTDERGROUND ist jedoch berechtigt, die Bereitstellung der Dienste von www.antderground.com und\/oder einzelner Inhalte jederzeit zu beenden oder auszusetzen. Wann immer es m\u00f6glich ist, wird ANTDERGROUND die Beendigung oder Aussetzung von www.antderground.com vorher ank\u00fcndigen.<\/p>\n<p><b>QUALIT\u00c4T VON WWW.ANTDERGROUND.COM.<\/b><\/p>\n<p>In Anbetracht des dynamischen und sich ver\u00e4ndernden Umfelds der Informationen und Dienstleistungen, die \u00fcber www.antderground.com angeboten werden, bem\u00fcht sich ANTDERGROUND nach besten Kr\u00e4ften, garantiert jedoch nicht die vollst\u00e4ndige Wahrhaftigkeit, Genauigkeit, Zuverl\u00e4ssigkeit, N\u00fctzlichkeit und\/oder Aktualit\u00e4t der Inhalte. Die auf den Seiten dieses Portals enthaltenen Informationen haben ausschlie\u00dflich informativen, beratenden, informativen und werbenden Charakter. Keinesfalls bietet sie eine verbindliche oder vertragliche Zusage und hat auch nicht den Charakter einer solchen.<\/p>\n<p><b>HAFTUNGSBESCHR\u00c4NKUNG<\/b><\/p>\n<p>ANTDERGROUND schlie\u00dft jede Haftung f\u00fcr die Entscheidungen aus, die der (Benutzer) auf der Grundlage dieser Informationen trifft, ebenso wie f\u00fcr eventuelle Druckfehler, die die Dokumente und Grafiken von www.antderground.com enthalten k\u00f6nnen. Die Informationen unterliegen m\u00f6glichen periodischen \u00c4nderungen ohne vorherige Ank\u00fcndigung ihres Inhalts aufgrund von Erweiterungen, Verbesserungen, Korrekturen oder Aktualisierungen des Inhalts.<\/p>\n<p><b>NACHRICHTEN<\/b><\/p>\n<p>Alle Benachrichtigungen und Mitteilungen von ANTDERGROUND an den (Nutzer), die auf beliebigem Wege erfolgen, gelten f\u00fcr alle Zwecke als wirksam.<\/p>\n<p><b>JURISDICTION<\/b><\/p>\n<p>F\u00fcr alle Fragen, die sich in Bezug auf die Auslegung, Anwendung und Erf\u00fcllung des vorliegenden rechtlichen Hinweises ergeben k\u00f6nnen, sowie f\u00fcr alle Anspr\u00fcche, die sich aus seiner Verwendung ergeben k\u00f6nnen, unterwerfen sich alle beteiligten Parteien den Richtern und Gerichten der Provinz Spanien &#8211; Barcelona, unter ausdr\u00fccklichem Verzicht auf jede andere Zust\u00e4ndigkeit, die ihnen zustehen k\u00f6nnte.<\/p>\n<p><b>GELTENDE RECHTSVORSCHRIFTEN<\/b><\/p>\n<p>Dieser rechtliche Hinweis unterliegt der geltenden spanischen Gesetzgebung.<\/p>\n<p>&nbsp;<\/p>\n","protected":false},"excerpt":{"rendered":"<p>DATEN ZUR IDENTIFIZIERUNG DES EIGENT\u00dcMERS DER WEBSITE In Erf\u00fcllung der Informationspflicht gem\u00e4\u00df Artikel 10 des Gesetzes 34\/2002 vom 11. Juli<\/p>\n","protected":false},"author":1,"featured_media":0,"parent":0,"menu_order":0,"comment_status":"closed","ping_status":"closed","template":"","meta":{"footnotes":""},"class_list":["post-26077","page","type-page","status-publish","hentry"],"yoast_head":"<!-- This site is optimized with the Yoast SEO plugin v27.4 - https:\/\/yoast.com\/product\/yoast-seo-wordpress\/ -->\n<title>Rechtlicher Hinweis - ANTDERGROUND<\/title>\n<meta name=\"robots\" content=\"index, follow, max-snippet:-1, max-image-preview:large, max-video-preview:-1\" \/>\n<link rel=\"canonical\" href=\"https:\/\/antderground.com\/de\/rechtlicher-hinweis\/\" \/>\n<meta property=\"og:locale\" content=\"de_DE\" \/>\n<meta property=\"og:type\" content=\"article\" \/>\n<meta property=\"og:title\" content=\"Rechtlicher Hinweis - ANTDERGROUND\" \/>\n<meta property=\"og:description\" content=\"DATEN ZUR IDENTIFIZIERUNG DES EIGENT\u00dcMERS DER WEBSITE In Erf\u00fcllung der Informationspflicht gem\u00e4\u00df Artikel 10 des Gesetzes 34\/2002 vom 11. Juli\" \/>\n<meta property=\"og:url\" content=\"https:\/\/antderground.com\/de\/rechtlicher-hinweis\/\" \/>\n<meta property=\"og:site_name\" content=\"ANTDERGROUND\" \/>\n<meta property=\"article:modified_time\" content=\"2023-02-02T14:42:30+00:00\" \/>\n<meta name=\"twitter:card\" content=\"summary_large_image\" \/>\n<meta name=\"twitter:label1\" content=\"Gesch\u00e4tzte Lesezeit\" \/>\n\t<meta name=\"twitter:data1\" content=\"7\u00a0Minuten\" \/>\n<script type=\"application\/ld+json\" class=\"yoast-schema-graph\">{\"@context\":\"https:\\\/\\\/schema.org\",\"@graph\":[{\"@type\":\"WebPage\",\"@id\":\"https:\\\/\\\/antderground.com\\\/de\\\/rechtlicher-hinweis\\\/\",\"url\":\"https:\\\/\\\/antderground.com\\\/de\\\/rechtlicher-hinweis\\\/\",\"name\":\"Rechtlicher Hinweis - ANTDERGROUND\",\"isPartOf\":{\"@id\":\"https:\\\/\\\/antderground.com\\\/de\\\/#website\"},\"datePublished\":\"2019-06-16T06:35:11+00:00\",\"dateModified\":\"2023-02-02T14:42:30+00:00\",\"breadcrumb\":{\"@id\":\"https:\\\/\\\/antderground.com\\\/de\\\/rechtlicher-hinweis\\\/#breadcrumb\"},\"inLanguage\":\"de\",\"potentialAction\":[{\"@type\":\"ReadAction\",\"target\":[\"https:\\\/\\\/antderground.com\\\/de\\\/rechtlicher-hinweis\\\/\"]}]},{\"@type\":\"BreadcrumbList\",\"@id\":\"https:\\\/\\\/antderground.com\\\/de\\\/rechtlicher-hinweis\\\/#breadcrumb\",\"itemListElement\":[{\"@type\":\"ListItem\",\"position\":1,\"name\":\"Portada\",\"item\":\"https:\\\/\\\/antderground.com\\\/de\\\/\"},{\"@type\":\"ListItem\",\"position\":2,\"name\":\"Rechtlicher Hinweis\"}]},{\"@type\":\"WebSite\",\"@id\":\"https:\\\/\\\/antderground.com\\\/de\\\/#website\",\"url\":\"https:\\\/\\\/antderground.com\\\/de\\\/\",\"name\":\"ANTDERGROUND\",\"description\":\"Tu tienda de hormigas, gran variedad de hormigueros acr\u00edlicos,madera,arena,3D y mas.. Pide tus hormigas gratis con tu pedido, somos expertos en hormigueros antifugas.\",\"publisher\":{\"@id\":\"https:\\\/\\\/antderground.com\\\/de\\\/#\\\/schema\\\/person\\\/0e322c505e84fe72c65e2f6d08f96b81\"},\"alternateName\":\"Antderground\",\"potentialAction\":[{\"@type\":\"SearchAction\",\"target\":{\"@type\":\"EntryPoint\",\"urlTemplate\":\"https:\\\/\\\/antderground.com\\\/de\\\/?s={search_term_string}\"},\"query-input\":{\"@type\":\"PropertyValueSpecification\",\"valueRequired\":true,\"valueName\":\"search_term_string\"}}],\"inLanguage\":\"de\"},{\"@type\":[\"Person\",\"Organization\"],\"@id\":\"https:\\\/\\\/antderground.com\\\/de\\\/#\\\/schema\\\/person\\\/0e322c505e84fe72c65e2f6d08f96b81\",\"name\":\"Eric de Antderground\",\"image\":{\"@type\":\"ImageObject\",\"inLanguage\":\"de\",\"@id\":\"https:\\\/\\\/secure.gravatar.com\\\/avatar\\\/c49a1b9f79216d1498cb73c1e85cd47f4465dda35f2a94c03790d491bd4423c3?s=96&d=mm&r=g\",\"url\":\"https:\\\/\\\/secure.gravatar.com\\\/avatar\\\/c49a1b9f79216d1498cb73c1e85cd47f4465dda35f2a94c03790d491bd4423c3?s=96&d=mm&r=g\",\"contentUrl\":\"https:\\\/\\\/secure.gravatar.com\\\/avatar\\\/c49a1b9f79216d1498cb73c1e85cd47f4465dda35f2a94c03790d491bd4423c3?s=96&d=mm&r=g\",\"caption\":\"Eric de Antderground\"},\"logo\":{\"@id\":\"https:\\\/\\\/secure.gravatar.com\\\/avatar\\\/c49a1b9f79216d1498cb73c1e85cd47f4465dda35f2a94c03790d491bd4423c3?s=96&d=mm&r=g\"},\"description\":\"Eric es el especialista y fundador de Antderground, con una amplia trayectoria en artr\u00f3podos y enfocado en la mirmecolog\u00eda y el dise\u00f1o de hormigueros artificiales. Su enfoque combina la innovaci\u00f3n t\u00e9cnica con el respeto por la biolog\u00eda de las hormigas, is\u00f3podos y otros, desarrollando sistemas de nidos modulares 3D y acr\u00edlicos que son referentes para aficionados y profesionales en toda Europa. Su objetivo es facilitar la cr\u00eda de hormigas y otros artr\u00f3podos mediante soluciones seguras y divulgaci\u00f3n de calidad.\",\"sameAs\":[\"https:\\\/\\\/antderground.com\\\/\",\"https:\\\/\\\/www.youtube.com\\\/channel\\\/UCio72z7TlbufkAthAJIJfPw\"]}]}<\/script>\n<!-- \/ Yoast SEO plugin. -->","yoast_head_json":{"title":"Rechtlicher Hinweis - ANTDERGROUND","robots":{"index":"index","follow":"follow","max-snippet":"max-snippet:-1","max-image-preview":"max-image-preview:large","max-video-preview":"max-video-preview:-1"},"canonical":"https:\/\/antderground.com\/de\/rechtlicher-hinweis\/","og_locale":"de_DE","og_type":"article","og_title":"Rechtlicher Hinweis - ANTDERGROUND","og_description":"DATEN ZUR IDENTIFIZIERUNG DES EIGENT\u00dcMERS DER WEBSITE In Erf\u00fcllung der Informationspflicht gem\u00e4\u00df Artikel 10 des Gesetzes 34\/2002 vom 11. Juli","og_url":"https:\/\/antderground.com\/de\/rechtlicher-hinweis\/","og_site_name":"ANTDERGROUND","article_modified_time":"2023-02-02T14:42:30+00:00","twitter_card":"summary_large_image","twitter_misc":{"Gesch\u00e4tzte Lesezeit":"7\u00a0Minuten"},"schema":{"@context":"https:\/\/schema.org","@graph":[{"@type":"WebPage","@id":"https:\/\/antderground.com\/de\/rechtlicher-hinweis\/","url":"https:\/\/antderground.com\/de\/rechtlicher-hinweis\/","name":"Rechtlicher Hinweis - ANTDERGROUND","isPartOf":{"@id":"https:\/\/antderground.com\/de\/#website"},"datePublished":"2019-06-16T06:35:11+00:00","dateModified":"2023-02-02T14:42:30+00:00","breadcrumb":{"@id":"https:\/\/antderground.com\/de\/rechtlicher-hinweis\/#breadcrumb"},"inLanguage":"de","potentialAction":[{"@type":"ReadAction","target":["https:\/\/antderground.com\/de\/rechtlicher-hinweis\/"]}]},{"@type":"BreadcrumbList","@id":"https:\/\/antderground.com\/de\/rechtlicher-hinweis\/#breadcrumb","itemListElement":[{"@type":"ListItem","position":1,"name":"Portada","item":"https:\/\/antderground.com\/de\/"},{"@type":"ListItem","position":2,"name":"Rechtlicher Hinweis"}]},{"@type":"WebSite","@id":"https:\/\/antderground.com\/de\/#website","url":"https:\/\/antderground.com\/de\/","name":"ANTDERGROUND","description":"Tu tienda de hormigas, gran variedad de hormigueros acr\u00edlicos,madera,arena,3D y mas.. Pide tus hormigas gratis con tu pedido, somos expertos en hormigueros antifugas.","publisher":{"@id":"https:\/\/antderground.com\/de\/#\/schema\/person\/0e322c505e84fe72c65e2f6d08f96b81"},"alternateName":"Antderground","potentialAction":[{"@type":"SearchAction","target":{"@type":"EntryPoint","urlTemplate":"https:\/\/antderground.com\/de\/?s={search_term_string}"},"query-input":{"@type":"PropertyValueSpecification","valueRequired":true,"valueName":"search_term_string"}}],"inLanguage":"de"},{"@type":["Person","Organization"],"@id":"https:\/\/antderground.com\/de\/#\/schema\/person\/0e322c505e84fe72c65e2f6d08f96b81","name":"Eric de Antderground","image":{"@type":"ImageObject","inLanguage":"de","@id":"https:\/\/secure.gravatar.com\/avatar\/c49a1b9f79216d1498cb73c1e85cd47f4465dda35f2a94c03790d491bd4423c3?s=96&d=mm&r=g","url":"https:\/\/secure.gravatar.com\/avatar\/c49a1b9f79216d1498cb73c1e85cd47f4465dda35f2a94c03790d491bd4423c3?s=96&d=mm&r=g","contentUrl":"https:\/\/secure.gravatar.com\/avatar\/c49a1b9f79216d1498cb73c1e85cd47f4465dda35f2a94c03790d491bd4423c3?s=96&d=mm&r=g","caption":"Eric de Antderground"},"logo":{"@id":"https:\/\/secure.gravatar.com\/avatar\/c49a1b9f79216d1498cb73c1e85cd47f4465dda35f2a94c03790d491bd4423c3?s=96&d=mm&r=g"},"description":"Eric es el especialista y fundador de Antderground, con una amplia trayectoria en artr\u00f3podos y enfocado en la mirmecolog\u00eda y el dise\u00f1o de hormigueros artificiales. Su enfoque combina la innovaci\u00f3n t\u00e9cnica con el respeto por la biolog\u00eda de las hormigas, is\u00f3podos y otros, desarrollando sistemas de nidos modulares 3D y acr\u00edlicos que son referentes para aficionados y profesionales en toda Europa. Su objetivo es facilitar la cr\u00eda de hormigas y otros artr\u00f3podos mediante soluciones seguras y divulgaci\u00f3n de calidad.","sameAs":["https:\/\/antderground.com\/","https:\/\/www.youtube.com\/channel\/UCio72z7TlbufkAthAJIJfPw"]}]}},"_links":{"self":[{"href":"https:\/\/antderground.com\/de\/wp-json\/wp\/v2\/pages\/26077","targetHints":{"allow":["GET"]}}],"collection":[{"href":"https:\/\/antderground.com\/de\/wp-json\/wp\/v2\/pages"}],"about":[{"href":"https:\/\/antderground.com\/de\/wp-json\/wp\/v2\/types\/page"}],"author":[{"embeddable":true,"href":"https:\/\/antderground.com\/de\/wp-json\/wp\/v2\/users\/1"}],"replies":[{"embeddable":true,"href":"https:\/\/antderground.com\/de\/wp-json\/wp\/v2\/comments?post=26077"}],"version-history":[{"count":0,"href":"https:\/\/antderground.com\/de\/wp-json\/wp\/v2\/pages\/26077\/revisions"}],"wp:attachment":[{"href":"https:\/\/antderground.com\/de\/wp-json\/wp\/v2\/media?parent=26077"}],"curies":[{"name":"wp","href":"https:\/\/api.w.org\/{rel}","templated":true}]}}