{"id":26090,"date":"2019-06-16T08:35:11","date_gmt":"2019-06-16T06:35:11","guid":{"rendered":"https:\/\/www.antderground.com\/politica-de-privacidad\/"},"modified":"2023-02-03T12:12:44","modified_gmt":"2023-02-03T11:12:44","slug":"datenschutzrichtlinie","status":"publish","type":"page","link":"https:\/\/antderground.com\/de\/datenschutzrichtlinie\/","title":{"rendered":"Datenschutzrichtlinie"},"content":{"rendered":"\n<p><strong>EINLEITUNG<\/strong><\/p>\n\n\n\n<p>In (ANTDERGROUND) sind wir sensibilisiert f\u00fcr die Bed\u00fcrfnisse der Internetnutzer und sind uns bewusst, wie wichtig die sorgf\u00e4ltige Schutz von personenbezogenen Daten ist, die uns anvertraut werden. Deshalb haben wir diese Datenschutzerkl\u00e4rung verfasst, damit Sie \u00fcber die Datenschutzrichtlinien im Umgang mit den pers\u00f6nlichen Daten informiert sind, die von Besuchern und Nutzern erhoben werden. Als Nutzer akzeptieren Sie diese Bedingungen, indem Sie diesen Text lesen, anzeigen oder auf der Website surfen. Wenn Sie diese Bedingungen nicht akzeptieren, sollten Sie die Website verlassen und diese und ihren Inhalt nicht nutzen und keine Verkn\u00fcpfungen aufrufen.<\/p>\n\n\n\n<p><strong>VERANTWORTLICHER F\u00dcR DIE DATENVERARBEITUNG<\/strong><\/p>\n\n\n\n<p>Der Inhaber der Website und Verantwortliche f\u00fcr die Datenverarbeitung ist (ERIC LOPEZ FERNANDEZ), mit der DNI (77745286-L). Sie k\u00f6nnen per E-Mail (<a href=\"mailto:%61nt%64%65%72gr%6Fund@%67m%61i%6C.c%6Fm\">antderground@gmail.com<\/a>) oder per Post an die Adresse Carretera de Berga 15, Postleitzahl 08611 von Cal Rosal, Spanien &#8211; Barcelona kontaktieren.<\/p>\n\n\n\n<p><strong>ZWECK DER DATENVERARBEITUNG<\/strong><\/p>\n\n\n\n<p>Auf unseren Websites gibt es spezifische Bereiche, in denen Sie Ihre Daten wie z.B. (Kontaktformular \/ Zum Abschluss einer Bestellung) notieren k\u00f6nnen.<\/p>\n\n\n\n<p>Wir garantieren Ihnen, dass die von Ihnen bereitgestellten Informationen vollst\u00e4ndig vertraulich behandelt werden.<\/p>\n\n\n\n<p>Kontaktformular: F\u00fcr Fragen und Antworten wird (E-Mail, Name ist optional und Nachricht) angefordert.<\/p>\n\n\n\n<p>Bestellungen: Es wird bestimmte pers\u00f6nliche Informationen wie z.B. (Name und Nachname, Land, Adresse, Telefon, E-Mail) angefordert. Diese Informationen sind einzigartig und ausschlie\u00dflich f\u00fcr die Verwaltung der Bestellung und den Versand des Kaufs erforderlich.<\/p>\n\n\n\n<p>Benutzerkonto erstellen: Um ein Konto auf (antderground.com) zu erstellen und Eink\u00e4ufe t\u00e4tigen zu k\u00f6nnen, werden Daten wie Name und E-Mail-Adresse angefordert.<\/p>\n\n\n\n<p>Zahlungssysteme: Die Zahlung erfolgt \u00fcber sichere und bekannte Plattformen wie z.B. (PayPal, TPV BBVA, Bizum).<\/p>\n\n\n\n<p>Die Daten werden gespeichert, solange eine Vorhersage f\u00fcr ihre Verwendung f\u00fcr den Zweck besteht, f\u00fcr den sie gesammelt wurden.<\/p>\n\n\n\n<p>Es werden keine automatisierten Entscheidungen auf Basis Ihrer Daten getroffen.<\/p>\n\n\n\n<p>Die Website kann auch Cookies verwenden und bestimmte, auf der Seite angegebene anonyme Informationen sammeln:<\/p>\n\n\n\n<p>Siehe unsere (Cookie-Richtlinie).<\/p>\n\n\n\n<p><strong>RECHTM\u00c4SSIGKEIT DER DATENVERARBEITUNG<\/strong><\/p>\n\n\n\n<p>Die Verwendung Ihrer Daten erfolgt aufgrund Ihrer Zustimmung durch die Akzeptanz eines Kontrollk\u00e4stchens in jedem der Formulare.<\/p>\n\n\n\n<p>Sie werden nur f\u00fcr den im jeweiligen Formular angegebenen Zweck verwendet (Formular f\u00fcr den Kaufabschluss \/ Kontaktformular).<\/p>\n\n\n\n<p>Ihre Daten sind nur f\u00fcr die konkreten Zwecke erforderlich, f\u00fcr die sie angefordert werden. Ohne diese Informationen sind diese Dienstleistungen nicht m\u00f6glich.<\/p>\n\n\n\n<p><strong>\u00dcBERTRAGUNGEN UND \u00dcBERGABEN VON DATEN<\/strong><\/p>\n\n\n\n<p>Es besteht ein fester Verpflichtung auf unserer Seite, dass die von Ihnen bereitgestellten Daten an (ANTDERGROUND) weder verkauft noch ohne vorherige Zustimmung des Betroffenen an Dritte weitergegeben werden, es sei denn, es liegt eine ausdr\u00fcckliche Zustimmung oder gesetzliche Verpflichtung vor.<\/p>\n\n\n\n<p>Unsere Website enth\u00e4lt Links zu Websites Dritter. ANTDERGROUND ist nicht verantwortlich f\u00fcr die Datenschutzrichtlinien und -praktiken dieser anderen Websites.<\/p>\n\n\n\n<p><strong>RECHTE DER BETROFFENEN<\/strong><\/p>\n\n\n\n<p>Sie haben das Recht, auf die \u00fcber Sie in unseren Datenbanken gespeicherten Informationen zuzugreifen, diese bei Bedarf zu berichtigen, zu l\u00f6schen, zu beschr\u00e4nken, der Verarbeitung zu widersprechen und Ihre Zustimmung zur\u00fcckzuziehen, wenn Sie dies w\u00fcnschen.<\/p>\n\n\n\n<p>Um dies zu tun, m\u00fcssen Sie einfach eine E-Mail an die E-Mail-Adresse <a href=\"mailto:antderground@gmail.com\">antderground@gmail.com<\/a> senden, wo wir Ihnen gerne jede Anfrage, Kommentare oder Klarstellungen bez\u00fcglich dieser Angelegenheit beantworten werden.<\/p>\n","protected":false},"excerpt":{"rendered":"<p>EINLEITUNG In (ANTDERGROUND) sind wir sensibilisiert f\u00fcr die Bed\u00fcrfnisse der Internetnutzer und sind uns bewusst, wie wichtig die sorgf\u00e4ltige Schutz<\/p>\n","protected":false},"author":1,"featured_media":0,"parent":0,"menu_order":0,"comment_status":"closed","ping_status":"closed","template":"","meta":{"footnotes":""},"class_list":["post-26090","page","type-page","status-publish","hentry"],"yoast_head":"<!-- This site is optimized with the Yoast SEO plugin v27.3 - https:\/\/yoast.com\/product\/yoast-seo-wordpress\/ -->\n<title>Datenschutzrichtlinie - ANTDERGROUND<\/title>\n<meta name=\"robots\" content=\"index, follow, max-snippet:-1, max-image-preview:large, max-video-preview:-1\" \/>\n<link rel=\"canonical\" href=\"https:\/\/antderground.com\/de\/datenschutzrichtlinie\/\" \/>\n<meta property=\"og:locale\" content=\"de_DE\" \/>\n<meta property=\"og:type\" content=\"article\" \/>\n<meta property=\"og:title\" content=\"Datenschutzrichtlinie - ANTDERGROUND\" \/>\n<meta property=\"og:description\" content=\"EINLEITUNG In (ANTDERGROUND) sind wir sensibilisiert f\u00fcr die Bed\u00fcrfnisse der Internetnutzer und sind uns bewusst, wie wichtig die sorgf\u00e4ltige Schutz\" \/>\n<meta property=\"og:url\" content=\"https:\/\/antderground.com\/de\/datenschutzrichtlinie\/\" \/>\n<meta property=\"og:site_name\" content=\"ANTDERGROUND\" \/>\n<meta property=\"article:modified_time\" content=\"2023-02-03T11:12:44+00:00\" \/>\n<meta name=\"twitter:card\" content=\"summary_large_image\" \/>\n<meta name=\"twitter:label1\" content=\"Gesch\u00e4tzte Lesezeit\" \/>\n\t<meta name=\"twitter:data1\" content=\"3\u00a0Minuten\" \/>\n<script type=\"application\/ld+json\" class=\"yoast-schema-graph\">{\"@context\":\"https:\\\/\\\/schema.org\",\"@graph\":[{\"@type\":\"WebPage\",\"@id\":\"https:\\\/\\\/antderground.com\\\/de\\\/datenschutzrichtlinie\\\/\",\"url\":\"https:\\\/\\\/antderground.com\\\/de\\\/datenschutzrichtlinie\\\/\",\"name\":\"Datenschutzrichtlinie - ANTDERGROUND\",\"isPartOf\":{\"@id\":\"https:\\\/\\\/antderground.com\\\/de\\\/#website\"},\"datePublished\":\"2019-06-16T06:35:11+00:00\",\"dateModified\":\"2023-02-03T11:12:44+00:00\",\"breadcrumb\":{\"@id\":\"https:\\\/\\\/antderground.com\\\/de\\\/datenschutzrichtlinie\\\/#breadcrumb\"},\"inLanguage\":\"de\",\"potentialAction\":[{\"@type\":\"ReadAction\",\"target\":[\"https:\\\/\\\/antderground.com\\\/de\\\/datenschutzrichtlinie\\\/\"]}]},{\"@type\":\"BreadcrumbList\",\"@id\":\"https:\\\/\\\/antderground.com\\\/de\\\/datenschutzrichtlinie\\\/#breadcrumb\",\"itemListElement\":[{\"@type\":\"ListItem\",\"position\":1,\"name\":\"Portada\",\"item\":\"https:\\\/\\\/antderground.com\\\/de\\\/\"},{\"@type\":\"ListItem\",\"position\":2,\"name\":\"Datenschutzrichtlinie\"}]},{\"@type\":\"WebSite\",\"@id\":\"https:\\\/\\\/antderground.com\\\/de\\\/#website\",\"url\":\"https:\\\/\\\/antderground.com\\\/de\\\/\",\"name\":\"ANTDERGROUND\",\"description\":\"Tu tienda de hormigas, gran variedad de hormigueros acr\u00edlicos,madera,arena,3D y mas.. Pide tus hormigas gratis con tu pedido, somos expertos en hormigueros antifugas.\",\"publisher\":{\"@id\":\"https:\\\/\\\/antderground.com\\\/de\\\/#\\\/schema\\\/person\\\/0e322c505e84fe72c65e2f6d08f96b81\"},\"alternateName\":\"Antderground\",\"potentialAction\":[{\"@type\":\"SearchAction\",\"target\":{\"@type\":\"EntryPoint\",\"urlTemplate\":\"https:\\\/\\\/antderground.com\\\/de\\\/?s={search_term_string}\"},\"query-input\":{\"@type\":\"PropertyValueSpecification\",\"valueRequired\":true,\"valueName\":\"search_term_string\"}}],\"inLanguage\":\"de\"},{\"@type\":[\"Person\",\"Organization\"],\"@id\":\"https:\\\/\\\/antderground.com\\\/de\\\/#\\\/schema\\\/person\\\/0e322c505e84fe72c65e2f6d08f96b81\",\"name\":\"Eric de Antderground\",\"image\":{\"@type\":\"ImageObject\",\"inLanguage\":\"de\",\"@id\":\"https:\\\/\\\/secure.gravatar.com\\\/avatar\\\/c49a1b9f79216d1498cb73c1e85cd47f4465dda35f2a94c03790d491bd4423c3?s=96&d=mm&r=g\",\"url\":\"https:\\\/\\\/secure.gravatar.com\\\/avatar\\\/c49a1b9f79216d1498cb73c1e85cd47f4465dda35f2a94c03790d491bd4423c3?s=96&d=mm&r=g\",\"contentUrl\":\"https:\\\/\\\/secure.gravatar.com\\\/avatar\\\/c49a1b9f79216d1498cb73c1e85cd47f4465dda35f2a94c03790d491bd4423c3?s=96&d=mm&r=g\",\"caption\":\"Eric de Antderground\"},\"logo\":{\"@id\":\"https:\\\/\\\/secure.gravatar.com\\\/avatar\\\/c49a1b9f79216d1498cb73c1e85cd47f4465dda35f2a94c03790d491bd4423c3?s=96&d=mm&r=g\"},\"description\":\"Eric es el especialista y fundador de Antderground, con una amplia trayectoria en artr\u00f3podos y enfocado en la mirmecolog\u00eda y el dise\u00f1o de hormigueros artificiales. Su enfoque combina la innovaci\u00f3n t\u00e9cnica con el respeto por la biolog\u00eda de las hormigas, is\u00f3podos y otros, desarrollando sistemas de nidos modulares 3D y acr\u00edlicos que son referentes para aficionados y profesionales en toda Europa. Su objetivo es facilitar la cr\u00eda de hormigas y otros artr\u00f3podos mediante soluciones seguras y divulgaci\u00f3n de calidad.\",\"sameAs\":[\"https:\\\/\\\/antderground.com\\\/\",\"https:\\\/\\\/www.youtube.com\\\/channel\\\/UCio72z7TlbufkAthAJIJfPw\"]}]}<\/script>\n<!-- \/ Yoast SEO plugin. -->","yoast_head_json":{"title":"Datenschutzrichtlinie - ANTDERGROUND","robots":{"index":"index","follow":"follow","max-snippet":"max-snippet:-1","max-image-preview":"max-image-preview:large","max-video-preview":"max-video-preview:-1"},"canonical":"https:\/\/antderground.com\/de\/datenschutzrichtlinie\/","og_locale":"de_DE","og_type":"article","og_title":"Datenschutzrichtlinie - ANTDERGROUND","og_description":"EINLEITUNG In (ANTDERGROUND) sind wir sensibilisiert f\u00fcr die Bed\u00fcrfnisse der Internetnutzer und sind uns bewusst, wie wichtig die sorgf\u00e4ltige Schutz","og_url":"https:\/\/antderground.com\/de\/datenschutzrichtlinie\/","og_site_name":"ANTDERGROUND","article_modified_time":"2023-02-03T11:12:44+00:00","twitter_card":"summary_large_image","twitter_misc":{"Gesch\u00e4tzte Lesezeit":"3\u00a0Minuten"},"schema":{"@context":"https:\/\/schema.org","@graph":[{"@type":"WebPage","@id":"https:\/\/antderground.com\/de\/datenschutzrichtlinie\/","url":"https:\/\/antderground.com\/de\/datenschutzrichtlinie\/","name":"Datenschutzrichtlinie - ANTDERGROUND","isPartOf":{"@id":"https:\/\/antderground.com\/de\/#website"},"datePublished":"2019-06-16T06:35:11+00:00","dateModified":"2023-02-03T11:12:44+00:00","breadcrumb":{"@id":"https:\/\/antderground.com\/de\/datenschutzrichtlinie\/#breadcrumb"},"inLanguage":"de","potentialAction":[{"@type":"ReadAction","target":["https:\/\/antderground.com\/de\/datenschutzrichtlinie\/"]}]},{"@type":"BreadcrumbList","@id":"https:\/\/antderground.com\/de\/datenschutzrichtlinie\/#breadcrumb","itemListElement":[{"@type":"ListItem","position":1,"name":"Portada","item":"https:\/\/antderground.com\/de\/"},{"@type":"ListItem","position":2,"name":"Datenschutzrichtlinie"}]},{"@type":"WebSite","@id":"https:\/\/antderground.com\/de\/#website","url":"https:\/\/antderground.com\/de\/","name":"ANTDERGROUND","description":"Tu tienda de hormigas, gran variedad de hormigueros acr\u00edlicos,madera,arena,3D y mas.. Pide tus hormigas gratis con tu pedido, somos expertos en hormigueros antifugas.","publisher":{"@id":"https:\/\/antderground.com\/de\/#\/schema\/person\/0e322c505e84fe72c65e2f6d08f96b81"},"alternateName":"Antderground","potentialAction":[{"@type":"SearchAction","target":{"@type":"EntryPoint","urlTemplate":"https:\/\/antderground.com\/de\/?s={search_term_string}"},"query-input":{"@type":"PropertyValueSpecification","valueRequired":true,"valueName":"search_term_string"}}],"inLanguage":"de"},{"@type":["Person","Organization"],"@id":"https:\/\/antderground.com\/de\/#\/schema\/person\/0e322c505e84fe72c65e2f6d08f96b81","name":"Eric de Antderground","image":{"@type":"ImageObject","inLanguage":"de","@id":"https:\/\/secure.gravatar.com\/avatar\/c49a1b9f79216d1498cb73c1e85cd47f4465dda35f2a94c03790d491bd4423c3?s=96&d=mm&r=g","url":"https:\/\/secure.gravatar.com\/avatar\/c49a1b9f79216d1498cb73c1e85cd47f4465dda35f2a94c03790d491bd4423c3?s=96&d=mm&r=g","contentUrl":"https:\/\/secure.gravatar.com\/avatar\/c49a1b9f79216d1498cb73c1e85cd47f4465dda35f2a94c03790d491bd4423c3?s=96&d=mm&r=g","caption":"Eric de Antderground"},"logo":{"@id":"https:\/\/secure.gravatar.com\/avatar\/c49a1b9f79216d1498cb73c1e85cd47f4465dda35f2a94c03790d491bd4423c3?s=96&d=mm&r=g"},"description":"Eric es el especialista y fundador de Antderground, con una amplia trayectoria en artr\u00f3podos y enfocado en la mirmecolog\u00eda y el dise\u00f1o de hormigueros artificiales. Su enfoque combina la innovaci\u00f3n t\u00e9cnica con el respeto por la biolog\u00eda de las hormigas, is\u00f3podos y otros, desarrollando sistemas de nidos modulares 3D y acr\u00edlicos que son referentes para aficionados y profesionales en toda Europa. Su objetivo es facilitar la cr\u00eda de hormigas y otros artr\u00f3podos mediante soluciones seguras y divulgaci\u00f3n de calidad.","sameAs":["https:\/\/antderground.com\/","https:\/\/www.youtube.com\/channel\/UCio72z7TlbufkAthAJIJfPw"]}]}},"_links":{"self":[{"href":"https:\/\/antderground.com\/de\/wp-json\/wp\/v2\/pages\/26090","targetHints":{"allow":["GET"]}}],"collection":[{"href":"https:\/\/antderground.com\/de\/wp-json\/wp\/v2\/pages"}],"about":[{"href":"https:\/\/antderground.com\/de\/wp-json\/wp\/v2\/types\/page"}],"author":[{"embeddable":true,"href":"https:\/\/antderground.com\/de\/wp-json\/wp\/v2\/users\/1"}],"replies":[{"embeddable":true,"href":"https:\/\/antderground.com\/de\/wp-json\/wp\/v2\/comments?post=26090"}],"version-history":[{"count":0,"href":"https:\/\/antderground.com\/de\/wp-json\/wp\/v2\/pages\/26090\/revisions"}],"wp:attachment":[{"href":"https:\/\/antderground.com\/de\/wp-json\/wp\/v2\/media?parent=26090"}],"curies":[{"name":"wp","href":"https:\/\/api.w.org\/{rel}","templated":true}]}}