{"id":26123,"date":"2021-08-09T20:59:12","date_gmt":"2021-08-09T18:59:12","guid":{"rendered":"https:\/\/www.antderground.com\/garantia-de-las-hormigas\/"},"modified":"2024-04-09T17:18:45","modified_gmt":"2024-04-09T15:18:45","slug":"ameisen-garantie","status":"publish","type":"page","link":"https:\/\/antderground.com\/de\/ameisen-garantie\/","title":{"rendered":"Ameisen Garantie"},"content":{"rendered":"\n<p>Wir garantieren, dass die Ameisen lebend ankommen.<\/p>\n\n\n\n<p>Wenn Ihre Ameise tot ankommt, schicken wir Ihnen noch am selben Tag eine neue Ameise oder 100% des Preises der Ameise, wenn wir sie nicht auf Lager haben, sofern eine Reihe von Voraussetzungen erf\u00fcllt sind:<\/p>\n\n\n\n<p>&#8211; Schicken Sie ein Video oder ein Foto, bevor Sie das Sicherheitsetikett entfernen, um das R\u00f6hrchen zu \u00f6ffnen, in dem die Ameisenk\u00f6nigin angekommen ist, und auf dem deutlich zu erkennen ist, dass sie tot ist.<\/p>\n\n\n\n<p>&#8211; Wie im vorherigen Punkt beschrieben, verliert die Tube ihre Garantie, sobald sie ge\u00f6ffnet wird.<\/p>\n\n\n\n<p>&#8211; Bitte beachten Sie, dass dies nur f\u00fcr den Fall gilt, dass die Ameisenk\u00f6nigin stirbt, nicht aber f\u00fcr die Arbeiterinnen oder ihre Nachkommen.<\/p>\n\n\n\n<p>&#8211; Bitte informieren Sie sich vor der Bestellung \u00fcber die Gesetze und Zollbeschr\u00e4nkungen in Ihrem Land, um \u00dcberraschungen und\/oder Probleme mit Ihrem Paket zu vermeiden. Gesetzgebung und Zollfragen sind auf eigenes Risiko des K\u00e4ufers. (*Zollverantwortlichkeit)<\/p>\n\n\n\n<p>&#8211; Die Garantie erlischt auch, wenn das Paket bei der ersten Zustellung durch den Spediteur nicht in Empfang genommen wird oder aufgrund der Abwesenheit des K\u00e4ufers bei einem Nachbarn abgegeben wird.<\/p>\n\n\n\n<p>**<strong>Zollverantwortlichkeit: Erkl\u00e4rung des Verk\u00e4ufers<\/strong>**<\/p>\n\n\n\n<p>Sehr geehrter Kunde,<\/p>\n\n\n\n<p>wir m\u00f6chten Sie \u00fcber unsere Richtlinien und Verantwortlichkeiten in Bezug auf Zollangelegenheiten informieren, die w\u00e4hrend des Versandprozesses Ihrer Bestellung von Insekten auftreten k\u00f6nnten.<\/p>\n\n\n\n<ol class=\"wp-block-list\">\n<li><strong>Verantwortung des K\u00e4ufers:<\/strong> Es ist wichtig zu betonen, dass unsere Verantwortung als Verk\u00e4ufer von Insekten streng darauf beschr\u00e4nkt ist, die bestellten Produkte in angemessenen Zustand und innerhalb der vereinbarten Fristen zu liefern. Probleme im Zusammenhang mit den Zollbeh\u00f6rden Ihres Landes liegen ausschlie\u00dflich in der Verantwortung des K\u00e4ufers.<\/li>\n\n\n\n<li><strong>Vorherige Recherche:<\/strong> Wir empfehlen dringend, dass Sie sich vor Ihrer Bestellung ausreichend \u00fcber die Gesetze, Vorschriften und Zollbeschr\u00e4nkungen in Ihrem Land informieren. Dieser Schritt ist entscheidend, um unangenehme \u00dcberraschungen oder Unannehmlichkeiten w\u00e4hrend des Versandprozesses zu vermeiden.<\/li>\n\n\n\n<li><strong>Verbundene Risiken:<\/strong> Bitte beachten Sie, dass jegliche Probleme im Zusammenhang mit den Zollbeh\u00f6rden, wie Verz\u00f6gerungen, Beschlagnahmungen oder zus\u00e4tzliche Geb\u00fchren, in die alleinige Verantwortung des K\u00e4ufers fallen. Als Verk\u00e4ufer k\u00f6nnen wir f\u00fcr derartige Ereignisse nach dem Versand des Pakets keine Verantwortung \u00fcbernehmen.<\/li>\n\n\n\n<li><strong>Verantwortung f\u00fcr Zur\u00fcckgehaltene Pakete:<\/strong> Es ist wichtig zu betonen, dass der Verk\u00e4ufer keine Verantwortung \u00fcbernimmt, wenn das Paket vom Zoll des Herkunfts- oder Bestimmungslandes zur\u00fcckgehalten wird. In solchen F\u00e4llen ist der K\u00e4ufer allein verantwortlich f\u00fcr etwaige Ma\u00dfnahmen, die zur L\u00f6sung der Situation erforderlich sind.<\/li>\n\n\n\n<li><strong>Zus\u00e4tzliche Geb\u00fchren:<\/strong> Dar\u00fcber hinaus ist zu beachten, dass alle zus\u00e4tzlichen Geb\u00fchren im Zusammenhang mit Steuern, Z\u00f6llen oder anderen Zollgeb\u00fchren ausschlie\u00dflich in der Verantwortung des K\u00e4ufers liegen und nicht im urspr\u00fcnglichen Produktpreis enthalten sind.<\/li>\n<\/ol>\n\n\n\n<p>Durch Ihre Bestellung bei uns erkennen Sie diese Bedingungen und Klauseln im Zusammenhang mit Zollangelegenheiten an und akzeptieren sie. Wir danken Ihnen f\u00fcr Ihr Verst\u00e4ndnis und Ihre Kooperation in dieser Angelegenheit.<\/p>\n\n\n\n<p>Wenn Sie weitere Fragen oder Bedenken haben, z\u00f6gern Sie bitte nicht, sich mit unserem Kundenservice-Team in Verbindung zu setzen. Wir helfen Ihnen gerne weiter.<\/p>\n\n\n\n<p>Mit freundlichen Gr\u00fc\u00dfen,<\/p>\n\n\n\n<p>Antderground<\/p>\n\n\n\n<p>**Dieser Text ist eine \u00dcbersetzung der Originalversion (siehe Version).<\/p>\n\n\n\n<p>Wenn Sie einen Fehler oder eine Fehlinterpretation entdecken, senden Sie bitte eine E-Mail, um den Fehler\/die Fehlinterpretation zu korrigieren.<\/p>\n","protected":false},"excerpt":{"rendered":"<p>Wir garantieren, dass die Ameisen lebend ankommen. Wenn Ihre Ameise tot ankommt, schicken wir Ihnen noch am selben Tag eine<\/p>\n","protected":false},"author":1,"featured_media":0,"parent":0,"menu_order":0,"comment_status":"closed","ping_status":"closed","template":"","meta":{"footnotes":""},"class_list":["post-26123","page","type-page","status-publish","hentry"],"yoast_head":"<!-- This site is optimized with the Yoast SEO plugin v27.3 - https:\/\/yoast.com\/product\/yoast-seo-wordpress\/ -->\n<title>Ameisen Garantie - ANTDERGROUND<\/title>\n<meta name=\"description\" content=\"Todas nuestras hormigas ex\u00f3ticas y hormigas aut\u00f3ctonas cumplen con un periodo de cuarentena, aun y as\u00ed ofrecemos garant\u00eda\" \/>\n<meta name=\"robots\" content=\"index, follow, max-snippet:-1, max-image-preview:large, max-video-preview:-1\" \/>\n<link rel=\"canonical\" href=\"https:\/\/antderground.com\/de\/ameisen-garantie\/\" \/>\n<meta property=\"og:locale\" content=\"de_DE\" \/>\n<meta property=\"og:type\" content=\"article\" \/>\n<meta property=\"og:title\" content=\"Ameisen Garantie - ANTDERGROUND\" \/>\n<meta property=\"og:description\" content=\"Todas nuestras hormigas ex\u00f3ticas y hormigas aut\u00f3ctonas cumplen con un periodo de cuarentena, aun y as\u00ed ofrecemos garant\u00eda\" \/>\n<meta property=\"og:url\" content=\"https:\/\/antderground.com\/de\/ameisen-garantie\/\" \/>\n<meta property=\"og:site_name\" content=\"ANTDERGROUND\" \/>\n<meta property=\"article:modified_time\" content=\"2024-04-09T15:18:45+00:00\" \/>\n<meta name=\"twitter:card\" content=\"summary_large_image\" \/>\n<meta name=\"twitter:label1\" content=\"Gesch\u00e4tzte Lesezeit\" \/>\n\t<meta name=\"twitter:data1\" content=\"3\u00a0Minuten\" \/>\n<script type=\"application\/ld+json\" class=\"yoast-schema-graph\">{\"@context\":\"https:\\\/\\\/schema.org\",\"@graph\":[{\"@type\":\"WebPage\",\"@id\":\"https:\\\/\\\/antderground.com\\\/de\\\/ameisen-garantie\\\/\",\"url\":\"https:\\\/\\\/antderground.com\\\/de\\\/ameisen-garantie\\\/\",\"name\":\"Ameisen Garantie - ANTDERGROUND\",\"isPartOf\":{\"@id\":\"https:\\\/\\\/antderground.com\\\/de\\\/#website\"},\"datePublished\":\"2021-08-09T18:59:12+00:00\",\"dateModified\":\"2024-04-09T15:18:45+00:00\",\"description\":\"Todas nuestras hormigas ex\u00f3ticas y hormigas aut\u00f3ctonas cumplen con un periodo de cuarentena, aun y as\u00ed ofrecemos garant\u00eda\",\"breadcrumb\":{\"@id\":\"https:\\\/\\\/antderground.com\\\/de\\\/ameisen-garantie\\\/#breadcrumb\"},\"inLanguage\":\"de\",\"potentialAction\":[{\"@type\":\"ReadAction\",\"target\":[\"https:\\\/\\\/antderground.com\\\/de\\\/ameisen-garantie\\\/\"]}]},{\"@type\":\"BreadcrumbList\",\"@id\":\"https:\\\/\\\/antderground.com\\\/de\\\/ameisen-garantie\\\/#breadcrumb\",\"itemListElement\":[{\"@type\":\"ListItem\",\"position\":1,\"name\":\"Portada\",\"item\":\"https:\\\/\\\/antderground.com\\\/de\\\/\"},{\"@type\":\"ListItem\",\"position\":2,\"name\":\"Ameisen Garantie\"}]},{\"@type\":\"WebSite\",\"@id\":\"https:\\\/\\\/antderground.com\\\/de\\\/#website\",\"url\":\"https:\\\/\\\/antderground.com\\\/de\\\/\",\"name\":\"ANTDERGROUND\",\"description\":\"Tu tienda de hormigas, gran variedad de hormigueros acr\u00edlicos,madera,arena,3D y mas.. Pide tus hormigas gratis con tu pedido, somos expertos en hormigueros antifugas.\",\"publisher\":{\"@id\":\"https:\\\/\\\/antderground.com\\\/de\\\/#\\\/schema\\\/person\\\/0e322c505e84fe72c65e2f6d08f96b81\"},\"alternateName\":\"Antderground\",\"potentialAction\":[{\"@type\":\"SearchAction\",\"target\":{\"@type\":\"EntryPoint\",\"urlTemplate\":\"https:\\\/\\\/antderground.com\\\/de\\\/?s={search_term_string}\"},\"query-input\":{\"@type\":\"PropertyValueSpecification\",\"valueRequired\":true,\"valueName\":\"search_term_string\"}}],\"inLanguage\":\"de\"},{\"@type\":[\"Person\",\"Organization\"],\"@id\":\"https:\\\/\\\/antderground.com\\\/de\\\/#\\\/schema\\\/person\\\/0e322c505e84fe72c65e2f6d08f96b81\",\"name\":\"Eric de Antderground\",\"image\":{\"@type\":\"ImageObject\",\"inLanguage\":\"de\",\"@id\":\"https:\\\/\\\/secure.gravatar.com\\\/avatar\\\/c49a1b9f79216d1498cb73c1e85cd47f4465dda35f2a94c03790d491bd4423c3?s=96&d=mm&r=g\",\"url\":\"https:\\\/\\\/secure.gravatar.com\\\/avatar\\\/c49a1b9f79216d1498cb73c1e85cd47f4465dda35f2a94c03790d491bd4423c3?s=96&d=mm&r=g\",\"contentUrl\":\"https:\\\/\\\/secure.gravatar.com\\\/avatar\\\/c49a1b9f79216d1498cb73c1e85cd47f4465dda35f2a94c03790d491bd4423c3?s=96&d=mm&r=g\",\"caption\":\"Eric de Antderground\"},\"logo\":{\"@id\":\"https:\\\/\\\/secure.gravatar.com\\\/avatar\\\/c49a1b9f79216d1498cb73c1e85cd47f4465dda35f2a94c03790d491bd4423c3?s=96&d=mm&r=g\"},\"description\":\"Eric es el especialista y fundador de Antderground, con una amplia trayectoria en artr\u00f3podos y enfocado en la mirmecolog\u00eda y el dise\u00f1o de hormigueros artificiales. Su enfoque combina la innovaci\u00f3n t\u00e9cnica con el respeto por la biolog\u00eda de las hormigas, is\u00f3podos y otros, desarrollando sistemas de nidos modulares 3D y acr\u00edlicos que son referentes para aficionados y profesionales en toda Europa. Su objetivo es facilitar la cr\u00eda de hormigas y otros artr\u00f3podos mediante soluciones seguras y divulgaci\u00f3n de calidad.\",\"sameAs\":[\"https:\\\/\\\/antderground.com\\\/\",\"https:\\\/\\\/www.youtube.com\\\/channel\\\/UCio72z7TlbufkAthAJIJfPw\"]}]}<\/script>\n<!-- \/ Yoast SEO plugin. -->","yoast_head_json":{"title":"Ameisen Garantie - ANTDERGROUND","description":"Todas nuestras hormigas ex\u00f3ticas y hormigas aut\u00f3ctonas cumplen con un periodo de cuarentena, aun y as\u00ed ofrecemos garant\u00eda","robots":{"index":"index","follow":"follow","max-snippet":"max-snippet:-1","max-image-preview":"max-image-preview:large","max-video-preview":"max-video-preview:-1"},"canonical":"https:\/\/antderground.com\/de\/ameisen-garantie\/","og_locale":"de_DE","og_type":"article","og_title":"Ameisen Garantie - ANTDERGROUND","og_description":"Todas nuestras hormigas ex\u00f3ticas y hormigas aut\u00f3ctonas cumplen con un periodo de cuarentena, aun y as\u00ed ofrecemos garant\u00eda","og_url":"https:\/\/antderground.com\/de\/ameisen-garantie\/","og_site_name":"ANTDERGROUND","article_modified_time":"2024-04-09T15:18:45+00:00","twitter_card":"summary_large_image","twitter_misc":{"Gesch\u00e4tzte Lesezeit":"3\u00a0Minuten"},"schema":{"@context":"https:\/\/schema.org","@graph":[{"@type":"WebPage","@id":"https:\/\/antderground.com\/de\/ameisen-garantie\/","url":"https:\/\/antderground.com\/de\/ameisen-garantie\/","name":"Ameisen Garantie - ANTDERGROUND","isPartOf":{"@id":"https:\/\/antderground.com\/de\/#website"},"datePublished":"2021-08-09T18:59:12+00:00","dateModified":"2024-04-09T15:18:45+00:00","description":"Todas nuestras hormigas ex\u00f3ticas y hormigas aut\u00f3ctonas cumplen con un periodo de cuarentena, aun y as\u00ed ofrecemos garant\u00eda","breadcrumb":{"@id":"https:\/\/antderground.com\/de\/ameisen-garantie\/#breadcrumb"},"inLanguage":"de","potentialAction":[{"@type":"ReadAction","target":["https:\/\/antderground.com\/de\/ameisen-garantie\/"]}]},{"@type":"BreadcrumbList","@id":"https:\/\/antderground.com\/de\/ameisen-garantie\/#breadcrumb","itemListElement":[{"@type":"ListItem","position":1,"name":"Portada","item":"https:\/\/antderground.com\/de\/"},{"@type":"ListItem","position":2,"name":"Ameisen Garantie"}]},{"@type":"WebSite","@id":"https:\/\/antderground.com\/de\/#website","url":"https:\/\/antderground.com\/de\/","name":"ANTDERGROUND","description":"Tu tienda de hormigas, gran variedad de hormigueros acr\u00edlicos,madera,arena,3D y mas.. Pide tus hormigas gratis con tu pedido, somos expertos en hormigueros antifugas.","publisher":{"@id":"https:\/\/antderground.com\/de\/#\/schema\/person\/0e322c505e84fe72c65e2f6d08f96b81"},"alternateName":"Antderground","potentialAction":[{"@type":"SearchAction","target":{"@type":"EntryPoint","urlTemplate":"https:\/\/antderground.com\/de\/?s={search_term_string}"},"query-input":{"@type":"PropertyValueSpecification","valueRequired":true,"valueName":"search_term_string"}}],"inLanguage":"de"},{"@type":["Person","Organization"],"@id":"https:\/\/antderground.com\/de\/#\/schema\/person\/0e322c505e84fe72c65e2f6d08f96b81","name":"Eric de Antderground","image":{"@type":"ImageObject","inLanguage":"de","@id":"https:\/\/secure.gravatar.com\/avatar\/c49a1b9f79216d1498cb73c1e85cd47f4465dda35f2a94c03790d491bd4423c3?s=96&d=mm&r=g","url":"https:\/\/secure.gravatar.com\/avatar\/c49a1b9f79216d1498cb73c1e85cd47f4465dda35f2a94c03790d491bd4423c3?s=96&d=mm&r=g","contentUrl":"https:\/\/secure.gravatar.com\/avatar\/c49a1b9f79216d1498cb73c1e85cd47f4465dda35f2a94c03790d491bd4423c3?s=96&d=mm&r=g","caption":"Eric de Antderground"},"logo":{"@id":"https:\/\/secure.gravatar.com\/avatar\/c49a1b9f79216d1498cb73c1e85cd47f4465dda35f2a94c03790d491bd4423c3?s=96&d=mm&r=g"},"description":"Eric es el especialista y fundador de Antderground, con una amplia trayectoria en artr\u00f3podos y enfocado en la mirmecolog\u00eda y el dise\u00f1o de hormigueros artificiales. Su enfoque combina la innovaci\u00f3n t\u00e9cnica con el respeto por la biolog\u00eda de las hormigas, is\u00f3podos y otros, desarrollando sistemas de nidos modulares 3D y acr\u00edlicos que son referentes para aficionados y profesionales en toda Europa. Su objetivo es facilitar la cr\u00eda de hormigas y otros artr\u00f3podos mediante soluciones seguras y divulgaci\u00f3n de calidad.","sameAs":["https:\/\/antderground.com\/","https:\/\/www.youtube.com\/channel\/UCio72z7TlbufkAthAJIJfPw"]}]}},"_links":{"self":[{"href":"https:\/\/antderground.com\/de\/wp-json\/wp\/v2\/pages\/26123","targetHints":{"allow":["GET"]}}],"collection":[{"href":"https:\/\/antderground.com\/de\/wp-json\/wp\/v2\/pages"}],"about":[{"href":"https:\/\/antderground.com\/de\/wp-json\/wp\/v2\/types\/page"}],"author":[{"embeddable":true,"href":"https:\/\/antderground.com\/de\/wp-json\/wp\/v2\/users\/1"}],"replies":[{"embeddable":true,"href":"https:\/\/antderground.com\/de\/wp-json\/wp\/v2\/comments?post=26123"}],"version-history":[{"count":0,"href":"https:\/\/antderground.com\/de\/wp-json\/wp\/v2\/pages\/26123\/revisions"}],"wp:attachment":[{"href":"https:\/\/antderground.com\/de\/wp-json\/wp\/v2\/media?parent=26123"}],"curies":[{"name":"wp","href":"https:\/\/api.w.org\/{rel}","templated":true}]}}