{"id":26191,"date":"2022-05-09T13:51:05","date_gmt":"2022-05-09T11:51:05","guid":{"rendered":"https:\/\/www.antderground.com\/producto\/camponotus-pilicornis\/"},"modified":"2023-12-21T23:00:05","modified_gmt":"2023-12-21T22:00:05","slug":"camponotus-pilicornis","status":"publish","type":"product","link":"https:\/\/antderground.com\/de\/produkt\/camponotus-pilicornis\/","title":{"rendered":"Camponotus pilicornis"},"content":{"rendered":"<p>Canponotus pilicornis<\/p>\n<p>Beschreibung: Diese Ameise zeichnet sich durch ihre beachtliche Gr\u00f6\u00dfe aus. Er hat eine bernsteinfarbene Farbe.<\/p>\n<p>Diese Farbschattierungen und die Tatsache, dass sie nicht leicht zu finden ist, machen sie zu einer der begehrtesten Arten der einheimischen Ameisen.<\/p>\n<p>Sie ben\u00f6tigt wenig Feuchtigkeit im Nest und ist nachtaktiv.<\/p>\n<p>Herkunft: Spanien, Portugal und Frankreich.<\/p>\n<p>Empfohlene Nester: Acryl, 3D, Ytong, vertikal mit Substrat.<\/p>\n<p>Temperatur: 21 &#8211; 24 \u00baC<\/p>\n<p>Luftfeuchtigkeit: 50 &#8211; 60%.<\/p>\n<p>Winterschlaf: Ja. Von Ende Oktober bis Ende M\u00e4rz, bei einer Temperatur von 8 bis 11 \u00baC.<\/p>\n<p>Nahrung: Antnectar, kleine Insekten.<\/p>\n","protected":false},"excerpt":{"rendered":"<p>Canponotus pilicornis Beschreibung: Diese Ameise zeichnet sich durch ihre beachtliche Gr\u00f6\u00dfe aus. Er hat eine bernsteinfarbene Farbe. Diese Farbschattierungen und<\/p>\n","protected":false},"featured_media":25804,"template":"","meta":[],"product_brand":[],"product_cat":[495,496],"product_tag":[],"class_list":{"0":"post-26191","1":"product","2":"type-product","3":"status-publish","4":"has-post-thumbnail","6":"product_cat-ameisen","7":"product_cat-europaische-ameisen","9":"first","10":"outofstock","11":"shipping-taxable","12":"purchasable","13":"product-type-variable"},"yoast_head":"<!-- This site is optimized with the Yoast SEO plugin v27.3 - https:\/\/yoast.com\/product\/yoast-seo-wordpress\/ -->\n<title>Camponotus pilicornis - ANTDERGROUND<\/title>\n<meta name=\"description\" content=\"Entdecken Sie diese beeindruckende Bernsteinameise (Camponotus pilicornis). Eine Ameise von betr\u00e4chtlicher Gr\u00f6\u00dfe. Finden Sie Ihre Ameisen und Ameisenhaufen.\" \/>\n<meta name=\"robots\" content=\"index, follow, max-snippet:-1, max-image-preview:large, max-video-preview:-1\" \/>\n<link rel=\"canonical\" href=\"https:\/\/antderground.com\/de\/produkt\/camponotus-pilicornis\/\" \/>\n<meta property=\"og:locale\" content=\"de_DE\" \/>\n<meta property=\"og:type\" content=\"article\" \/>\n<meta property=\"og:title\" content=\"Camponotus pilicornis - ANTDERGROUND\" \/>\n<meta property=\"og:description\" content=\"Entdecken Sie diese beeindruckende Bernsteinameise (Camponotus pilicornis). Eine Ameise von betr\u00e4chtlicher Gr\u00f6\u00dfe. Finden Sie Ihre Ameisen und Ameisenhaufen.\" \/>\n<meta property=\"og:url\" content=\"https:\/\/antderground.com\/de\/produkt\/camponotus-pilicornis\/\" \/>\n<meta property=\"og:site_name\" content=\"ANTDERGROUND\" \/>\n<meta property=\"article:modified_time\" content=\"2023-12-21T22:00:05+00:00\" \/>\n<meta property=\"og:image\" content=\"https:\/\/antderground.com\/wp-content\/uploads\/2022\/05\/IMG_20220509_132343.jpg\" \/>\n\t<meta property=\"og:image:width\" content=\"1566\" \/>\n\t<meta property=\"og:image:height\" content=\"1566\" \/>\n\t<meta property=\"og:image:type\" content=\"image\/jpeg\" \/>\n<meta name=\"twitter:card\" content=\"summary_large_image\" \/>\n<script type=\"application\/ld+json\" class=\"yoast-schema-graph\">{\"@context\":\"https:\\\/\\\/schema.org\",\"@graph\":[{\"@type\":\"WebPage\",\"@id\":\"https:\\\/\\\/antderground.com\\\/de\\\/produkt\\\/camponotus-pilicornis\\\/\",\"url\":\"https:\\\/\\\/antderground.com\\\/de\\\/produkt\\\/camponotus-pilicornis\\\/\",\"name\":\"Camponotus pilicornis - ANTDERGROUND\",\"isPartOf\":{\"@id\":\"https:\\\/\\\/antderground.com\\\/de\\\/#website\"},\"primaryImageOfPage\":{\"@id\":\"https:\\\/\\\/antderground.com\\\/de\\\/produkt\\\/camponotus-pilicornis\\\/#primaryimage\"},\"image\":{\"@id\":\"https:\\\/\\\/antderground.com\\\/de\\\/produkt\\\/camponotus-pilicornis\\\/#primaryimage\"},\"thumbnailUrl\":\"https:\\\/\\\/antderground.com\\\/wp-content\\\/uploads\\\/2022\\\/05\\\/IMG_20220509_132343.jpg\",\"datePublished\":\"2022-05-09T11:51:05+00:00\",\"dateModified\":\"2023-12-21T22:00:05+00:00\",\"description\":\"Entdecken Sie diese beeindruckende Bernsteinameise (Camponotus pilicornis). Eine Ameise von betr\u00e4chtlicher Gr\u00f6\u00dfe. Finden Sie Ihre Ameisen und Ameisenhaufen.\",\"breadcrumb\":{\"@id\":\"https:\\\/\\\/antderground.com\\\/de\\\/produkt\\\/camponotus-pilicornis\\\/#breadcrumb\"},\"inLanguage\":\"de\",\"potentialAction\":[{\"@type\":\"ReadAction\",\"target\":[\"https:\\\/\\\/antderground.com\\\/de\\\/produkt\\\/camponotus-pilicornis\\\/\"]}]},{\"@type\":\"ImageObject\",\"inLanguage\":\"de\",\"@id\":\"https:\\\/\\\/antderground.com\\\/de\\\/produkt\\\/camponotus-pilicornis\\\/#primaryimage\",\"url\":\"https:\\\/\\\/antderground.com\\\/wp-content\\\/uploads\\\/2022\\\/05\\\/IMG_20220509_132343.jpg\",\"contentUrl\":\"https:\\\/\\\/antderground.com\\\/wp-content\\\/uploads\\\/2022\\\/05\\\/IMG_20220509_132343.jpg\",\"width\":1566,\"height\":1566},{\"@type\":\"BreadcrumbList\",\"@id\":\"https:\\\/\\\/antderground.com\\\/de\\\/produkt\\\/camponotus-pilicornis\\\/#breadcrumb\",\"itemListElement\":[{\"@type\":\"ListItem\",\"position\":1,\"name\":\"Portada\",\"item\":\"https:\\\/\\\/antderground.com\\\/de\\\/\"},{\"@type\":\"ListItem\",\"position\":2,\"name\":\"Shop\",\"item\":\"https:\\\/\\\/antderground.com\\\/de\\\/shop\\\/\"},{\"@type\":\"ListItem\",\"position\":3,\"name\":\"Camponotus pilicornis\"}]},{\"@type\":\"WebSite\",\"@id\":\"https:\\\/\\\/antderground.com\\\/de\\\/#website\",\"url\":\"https:\\\/\\\/antderground.com\\\/de\\\/\",\"name\":\"ANTDERGROUND\",\"description\":\"Tu tienda de hormigas, gran variedad de hormigueros acr\u00edlicos,madera,arena,3D y mas.. Pide tus hormigas gratis con tu pedido, somos expertos en hormigueros antifugas.\",\"publisher\":{\"@id\":\"https:\\\/\\\/antderground.com\\\/de\\\/#\\\/schema\\\/person\\\/0e322c505e84fe72c65e2f6d08f96b81\"},\"alternateName\":\"Antderground\",\"potentialAction\":[{\"@type\":\"SearchAction\",\"target\":{\"@type\":\"EntryPoint\",\"urlTemplate\":\"https:\\\/\\\/antderground.com\\\/de\\\/?s={search_term_string}\"},\"query-input\":{\"@type\":\"PropertyValueSpecification\",\"valueRequired\":true,\"valueName\":\"search_term_string\"}}],\"inLanguage\":\"de\"},{\"@type\":[\"Person\",\"Organization\"],\"@id\":\"https:\\\/\\\/antderground.com\\\/de\\\/#\\\/schema\\\/person\\\/0e322c505e84fe72c65e2f6d08f96b81\",\"name\":\"Eric de Antderground\",\"image\":{\"@type\":\"ImageObject\",\"inLanguage\":\"de\",\"@id\":\"https:\\\/\\\/secure.gravatar.com\\\/avatar\\\/c49a1b9f79216d1498cb73c1e85cd47f4465dda35f2a94c03790d491bd4423c3?s=96&d=mm&r=g\",\"url\":\"https:\\\/\\\/secure.gravatar.com\\\/avatar\\\/c49a1b9f79216d1498cb73c1e85cd47f4465dda35f2a94c03790d491bd4423c3?s=96&d=mm&r=g\",\"contentUrl\":\"https:\\\/\\\/secure.gravatar.com\\\/avatar\\\/c49a1b9f79216d1498cb73c1e85cd47f4465dda35f2a94c03790d491bd4423c3?s=96&d=mm&r=g\",\"caption\":\"Eric de Antderground\"},\"logo\":{\"@id\":\"https:\\\/\\\/secure.gravatar.com\\\/avatar\\\/c49a1b9f79216d1498cb73c1e85cd47f4465dda35f2a94c03790d491bd4423c3?s=96&d=mm&r=g\"},\"description\":\"Eric es el especialista y fundador de Antderground, con una amplia trayectoria en artr\u00f3podos y enfocado en la mirmecolog\u00eda y el dise\u00f1o de hormigueros artificiales. Su enfoque combina la innovaci\u00f3n t\u00e9cnica con el respeto por la biolog\u00eda de las hormigas, is\u00f3podos y otros, desarrollando sistemas de nidos modulares 3D y acr\u00edlicos que son referentes para aficionados y profesionales en toda Europa. Su objetivo es facilitar la cr\u00eda de hormigas y otros artr\u00f3podos mediante soluciones seguras y divulgaci\u00f3n de calidad.\",\"sameAs\":[\"https:\\\/\\\/antderground.com\\\/\",\"https:\\\/\\\/www.youtube.com\\\/channel\\\/UCio72z7TlbufkAthAJIJfPw\"]}]}<\/script>\n<!-- \/ Yoast SEO plugin. -->","yoast_head_json":{"title":"Camponotus pilicornis - ANTDERGROUND","description":"Entdecken Sie diese beeindruckende Bernsteinameise (Camponotus pilicornis). Eine Ameise von betr\u00e4chtlicher Gr\u00f6\u00dfe. Finden Sie Ihre Ameisen und Ameisenhaufen.","robots":{"index":"index","follow":"follow","max-snippet":"max-snippet:-1","max-image-preview":"max-image-preview:large","max-video-preview":"max-video-preview:-1"},"canonical":"https:\/\/antderground.com\/de\/produkt\/camponotus-pilicornis\/","og_locale":"de_DE","og_type":"article","og_title":"Camponotus pilicornis - ANTDERGROUND","og_description":"Entdecken Sie diese beeindruckende Bernsteinameise (Camponotus pilicornis). Eine Ameise von betr\u00e4chtlicher Gr\u00f6\u00dfe. Finden Sie Ihre Ameisen und Ameisenhaufen.","og_url":"https:\/\/antderground.com\/de\/produkt\/camponotus-pilicornis\/","og_site_name":"ANTDERGROUND","article_modified_time":"2023-12-21T22:00:05+00:00","og_image":[{"width":1566,"height":1566,"url":"https:\/\/antderground.com\/wp-content\/uploads\/2022\/05\/IMG_20220509_132343.jpg","type":"image\/jpeg"}],"twitter_card":"summary_large_image","schema":{"@context":"https:\/\/schema.org","@graph":[{"@type":"WebPage","@id":"https:\/\/antderground.com\/de\/produkt\/camponotus-pilicornis\/","url":"https:\/\/antderground.com\/de\/produkt\/camponotus-pilicornis\/","name":"Camponotus pilicornis - ANTDERGROUND","isPartOf":{"@id":"https:\/\/antderground.com\/de\/#website"},"primaryImageOfPage":{"@id":"https:\/\/antderground.com\/de\/produkt\/camponotus-pilicornis\/#primaryimage"},"image":{"@id":"https:\/\/antderground.com\/de\/produkt\/camponotus-pilicornis\/#primaryimage"},"thumbnailUrl":"https:\/\/antderground.com\/wp-content\/uploads\/2022\/05\/IMG_20220509_132343.jpg","datePublished":"2022-05-09T11:51:05+00:00","dateModified":"2023-12-21T22:00:05+00:00","description":"Entdecken Sie diese beeindruckende Bernsteinameise (Camponotus pilicornis). Eine Ameise von betr\u00e4chtlicher Gr\u00f6\u00dfe. Finden Sie Ihre Ameisen und Ameisenhaufen.","breadcrumb":{"@id":"https:\/\/antderground.com\/de\/produkt\/camponotus-pilicornis\/#breadcrumb"},"inLanguage":"de","potentialAction":[{"@type":"ReadAction","target":["https:\/\/antderground.com\/de\/produkt\/camponotus-pilicornis\/"]}]},{"@type":"ImageObject","inLanguage":"de","@id":"https:\/\/antderground.com\/de\/produkt\/camponotus-pilicornis\/#primaryimage","url":"https:\/\/antderground.com\/wp-content\/uploads\/2022\/05\/IMG_20220509_132343.jpg","contentUrl":"https:\/\/antderground.com\/wp-content\/uploads\/2022\/05\/IMG_20220509_132343.jpg","width":1566,"height":1566},{"@type":"BreadcrumbList","@id":"https:\/\/antderground.com\/de\/produkt\/camponotus-pilicornis\/#breadcrumb","itemListElement":[{"@type":"ListItem","position":1,"name":"Portada","item":"https:\/\/antderground.com\/de\/"},{"@type":"ListItem","position":2,"name":"Shop","item":"https:\/\/antderground.com\/de\/shop\/"},{"@type":"ListItem","position":3,"name":"Camponotus pilicornis"}]},{"@type":"WebSite","@id":"https:\/\/antderground.com\/de\/#website","url":"https:\/\/antderground.com\/de\/","name":"ANTDERGROUND","description":"Tu tienda de hormigas, gran variedad de hormigueros acr\u00edlicos,madera,arena,3D y mas.. Pide tus hormigas gratis con tu pedido, somos expertos en hormigueros antifugas.","publisher":{"@id":"https:\/\/antderground.com\/de\/#\/schema\/person\/0e322c505e84fe72c65e2f6d08f96b81"},"alternateName":"Antderground","potentialAction":[{"@type":"SearchAction","target":{"@type":"EntryPoint","urlTemplate":"https:\/\/antderground.com\/de\/?s={search_term_string}"},"query-input":{"@type":"PropertyValueSpecification","valueRequired":true,"valueName":"search_term_string"}}],"inLanguage":"de"},{"@type":["Person","Organization"],"@id":"https:\/\/antderground.com\/de\/#\/schema\/person\/0e322c505e84fe72c65e2f6d08f96b81","name":"Eric de Antderground","image":{"@type":"ImageObject","inLanguage":"de","@id":"https:\/\/secure.gravatar.com\/avatar\/c49a1b9f79216d1498cb73c1e85cd47f4465dda35f2a94c03790d491bd4423c3?s=96&d=mm&r=g","url":"https:\/\/secure.gravatar.com\/avatar\/c49a1b9f79216d1498cb73c1e85cd47f4465dda35f2a94c03790d491bd4423c3?s=96&d=mm&r=g","contentUrl":"https:\/\/secure.gravatar.com\/avatar\/c49a1b9f79216d1498cb73c1e85cd47f4465dda35f2a94c03790d491bd4423c3?s=96&d=mm&r=g","caption":"Eric de Antderground"},"logo":{"@id":"https:\/\/secure.gravatar.com\/avatar\/c49a1b9f79216d1498cb73c1e85cd47f4465dda35f2a94c03790d491bd4423c3?s=96&d=mm&r=g"},"description":"Eric es el especialista y fundador de Antderground, con una amplia trayectoria en artr\u00f3podos y enfocado en la mirmecolog\u00eda y el dise\u00f1o de hormigueros artificiales. Su enfoque combina la innovaci\u00f3n t\u00e9cnica con el respeto por la biolog\u00eda de las hormigas, is\u00f3podos y otros, desarrollando sistemas de nidos modulares 3D y acr\u00edlicos que son referentes para aficionados y profesionales en toda Europa. Su objetivo es facilitar la cr\u00eda de hormigas y otros artr\u00f3podos mediante soluciones seguras y divulgaci\u00f3n de calidad.","sameAs":["https:\/\/antderground.com\/","https:\/\/www.youtube.com\/channel\/UCio72z7TlbufkAthAJIJfPw"]}]}},"_links":{"self":[{"href":"https:\/\/antderground.com\/de\/wp-json\/wp\/v2\/product\/26191","targetHints":{"allow":["GET"]}}],"collection":[{"href":"https:\/\/antderground.com\/de\/wp-json\/wp\/v2\/product"}],"about":[{"href":"https:\/\/antderground.com\/de\/wp-json\/wp\/v2\/types\/product"}],"version-history":[{"count":0,"href":"https:\/\/antderground.com\/de\/wp-json\/wp\/v2\/product\/26191\/revisions"}],"wp:featuredmedia":[{"embeddable":true,"href":"https:\/\/antderground.com\/de\/wp-json\/wp\/v2\/media\/25804"}],"wp:attachment":[{"href":"https:\/\/antderground.com\/de\/wp-json\/wp\/v2\/media?parent=26191"}],"wp:term":[{"taxonomy":"product_brand","embeddable":true,"href":"https:\/\/antderground.com\/de\/wp-json\/wp\/v2\/product_brand?post=26191"},{"taxonomy":"product_cat","embeddable":true,"href":"https:\/\/antderground.com\/de\/wp-json\/wp\/v2\/product_cat?post=26191"},{"taxonomy":"product_tag","embeddable":true,"href":"https:\/\/antderground.com\/de\/wp-json\/wp\/v2\/product_tag?post=26191"}],"curies":[{"name":"wp","href":"https:\/\/api.w.org\/{rel}","templated":true}]}}