{"id":26209,"date":"2022-02-24T17:28:41","date_gmt":"2022-02-24T16:28:41","guid":{"rendered":"https:\/\/www.antderground.com\/producto\/camponotus-habereri\/"},"modified":"2024-04-10T15:32:07","modified_gmt":"2024-04-10T13:32:07","slug":"camponotus-habereri","status":"publish","type":"product","link":"https:\/\/antderground.com\/de\/produkt\/camponotus-habereri\/","title":{"rendered":"Camponotus habereri"},"content":{"rendered":"<ul>\n<li><strong>Wissenschaftlicher Name:<\/strong> Camponotus habereri<\/li>\n<li><strong>Taxonomische Klassifikation:<\/strong>\n<ul>\n<li>Reich: Animalia<\/li>\n<li>Stamm: Arthropoda<\/li>\n<li>Klasse: Insecta<\/li>\n<li>Ordnung: Hymenoptera<\/li>\n<li>Familie: Formicidae<\/li>\n<li>Unterfamilie: Formicinae<\/li>\n<li>Gattung: Camponotus<\/li>\n<li>Art: C. habereri<\/li>\n<\/ul>\n<\/li>\n<li><strong>Geografische Verbreitung:<\/strong> Camponotus habereri ist eine endemische Art in Taiwan, einer Insel in Ostasien.<\/li>\n<li><strong>Physische Merkmale:<\/strong> Die Arbeiterinnen von Camponotus habereri variieren in der Gr\u00f6\u00dfe und haben typischerweise L\u00e4ngen von 6 bis 10 mm. Sie haben einen kr\u00e4ftigen K\u00f6rper, und ihre Farbe kann von schwarz bis dunkelbraun reichen, mit einem helleren Bauch. Diese Ameisen sind polymorph, was bedeutet, dass sie verschiedene Kasten von Arbeitern mit unterschiedlichen Gr\u00f6\u00dfen und Funktionen haben.<\/li>\n<li><strong>Verhalten:<\/strong> Camponotus habereri ist eine interessante Art aufgrund ihres sozialen Verhaltens und ihrer Anpassung an verschiedene Umgebungen. Es handelt sich um Waldameisen, die ihre Nester in Holz und anderen Materialien bauen k\u00f6nnen. Sie sind auch Sammlerinnen und ern\u00e4hren sich von einer Vielzahl von Substanzen, einschlie\u00dflich Nektar, Honigtau und kleinen Insekten.<\/li>\n<li><strong>Erhaltungszustand:<\/strong> Es liegen keine spezifischen Informationen zum Erhaltungszustand von Camponotus habereri vor.<\/li>\n<li><strong>Weitere Anmerkungen:<\/strong> Diese Ameisen sind wichtig f\u00fcr den Abbau von organischem Material und haben eine \u00f6kologische Rolle in den \u00d6kosystemen von Taiwan. Aufgrund ihrer Pr\u00e4senz in einer einzigartigen Inselregion werden sie in den Bereichen Entomologie und \u00d6kologie untersucht.<\/li>\n<\/ul>\n","protected":false},"excerpt":{"rendered":"<p>Wissenschaftlicher Name: Camponotus habereri Taxonomische Klassifikation: Reich: Animalia Stamm: Arthropoda Klasse: Insecta Ordnung: Hymenoptera Familie: Formicidae Unterfamilie: Formicinae Gattung: Camponotus<\/p>\n","protected":false},"featured_media":25775,"template":"","meta":[],"product_brand":[],"product_cat":[495,497],"product_tag":[],"class_list":{"0":"post-26209","1":"product","2":"type-product","3":"status-publish","4":"has-post-thumbnail","6":"product_cat-ameisen","7":"product_cat-exotische-ameisen","9":"first","10":"outofstock","11":"shipping-taxable","12":"purchasable","13":"product-type-variable"},"yoast_head":"<!-- This site is optimized with the Yoast SEO plugin v27.3 - https:\/\/yoast.com\/product\/yoast-seo-wordpress\/ -->\n<title>Camponotus habereri - ANTDERGROUND<\/title>\n<meta name=\"description\" content=\"Entdecken Sie die Camponotus habereri-Ameisen, eine exotische Ameise, die in Asien aus der Region Taiwan heimisch ist. Alles \u00fcber Entomologie \/ Formicarien.\" \/>\n<meta name=\"robots\" content=\"index, follow, max-snippet:-1, max-image-preview:large, max-video-preview:-1\" \/>\n<link rel=\"canonical\" href=\"https:\/\/antderground.com\/de\/produkt\/camponotus-habereri\/\" \/>\n<meta property=\"og:locale\" content=\"de_DE\" \/>\n<meta property=\"og:type\" content=\"article\" \/>\n<meta property=\"og:title\" content=\"Camponotus habereri - ANTDERGROUND\" \/>\n<meta property=\"og:description\" content=\"Entdecken Sie die Camponotus habereri-Ameisen, eine exotische Ameise, die in Asien aus der Region Taiwan heimisch ist. Alles \u00fcber Entomologie \/ Formicarien.\" \/>\n<meta property=\"og:url\" content=\"https:\/\/antderground.com\/de\/produkt\/camponotus-habereri\/\" \/>\n<meta property=\"og:site_name\" content=\"ANTDERGROUND\" \/>\n<meta property=\"article:modified_time\" content=\"2024-04-10T13:32:07+00:00\" \/>\n<meta property=\"og:image\" content=\"https:\/\/antderground.com\/wp-content\/uploads\/2022\/02\/camponotus-habereri.jpg\" \/>\n\t<meta property=\"og:image:width\" content=\"1027\" \/>\n\t<meta property=\"og:image:height\" content=\"1027\" \/>\n\t<meta property=\"og:image:type\" content=\"image\/jpeg\" \/>\n<meta name=\"twitter:card\" content=\"summary_large_image\" \/>\n<meta name=\"twitter:label1\" content=\"Gesch\u00e4tzte Lesezeit\" \/>\n\t<meta name=\"twitter:data1\" content=\"1\u00a0Minute\" \/>\n<script type=\"application\/ld+json\" class=\"yoast-schema-graph\">{\"@context\":\"https:\\\/\\\/schema.org\",\"@graph\":[{\"@type\":\"WebPage\",\"@id\":\"https:\\\/\\\/antderground.com\\\/de\\\/produkt\\\/camponotus-habereri\\\/\",\"url\":\"https:\\\/\\\/antderground.com\\\/de\\\/produkt\\\/camponotus-habereri\\\/\",\"name\":\"Camponotus habereri - ANTDERGROUND\",\"isPartOf\":{\"@id\":\"https:\\\/\\\/antderground.com\\\/de\\\/#website\"},\"primaryImageOfPage\":{\"@id\":\"https:\\\/\\\/antderground.com\\\/de\\\/produkt\\\/camponotus-habereri\\\/#primaryimage\"},\"image\":{\"@id\":\"https:\\\/\\\/antderground.com\\\/de\\\/produkt\\\/camponotus-habereri\\\/#primaryimage\"},\"thumbnailUrl\":\"https:\\\/\\\/antderground.com\\\/wp-content\\\/uploads\\\/2022\\\/02\\\/camponotus-habereri.jpg\",\"datePublished\":\"2022-02-24T16:28:41+00:00\",\"dateModified\":\"2024-04-10T13:32:07+00:00\",\"description\":\"Entdecken Sie die Camponotus habereri-Ameisen, eine exotische Ameise, die in Asien aus der Region Taiwan heimisch ist. Alles \u00fcber Entomologie \\\/ Formicarien.\",\"breadcrumb\":{\"@id\":\"https:\\\/\\\/antderground.com\\\/de\\\/produkt\\\/camponotus-habereri\\\/#breadcrumb\"},\"inLanguage\":\"de\",\"potentialAction\":[{\"@type\":\"ReadAction\",\"target\":[\"https:\\\/\\\/antderground.com\\\/de\\\/produkt\\\/camponotus-habereri\\\/\"]}]},{\"@type\":\"ImageObject\",\"inLanguage\":\"de\",\"@id\":\"https:\\\/\\\/antderground.com\\\/de\\\/produkt\\\/camponotus-habereri\\\/#primaryimage\",\"url\":\"https:\\\/\\\/antderground.com\\\/wp-content\\\/uploads\\\/2022\\\/02\\\/camponotus-habereri.jpg\",\"contentUrl\":\"https:\\\/\\\/antderground.com\\\/wp-content\\\/uploads\\\/2022\\\/02\\\/camponotus-habereri.jpg\",\"width\":1027,\"height\":1027,\"caption\":\"Camponotus habereri\"},{\"@type\":\"BreadcrumbList\",\"@id\":\"https:\\\/\\\/antderground.com\\\/de\\\/produkt\\\/camponotus-habereri\\\/#breadcrumb\",\"itemListElement\":[{\"@type\":\"ListItem\",\"position\":1,\"name\":\"Portada\",\"item\":\"https:\\\/\\\/antderground.com\\\/de\\\/\"},{\"@type\":\"ListItem\",\"position\":2,\"name\":\"Shop\",\"item\":\"https:\\\/\\\/antderground.com\\\/de\\\/shop\\\/\"},{\"@type\":\"ListItem\",\"position\":3,\"name\":\"Camponotus habereri\"}]},{\"@type\":\"WebSite\",\"@id\":\"https:\\\/\\\/antderground.com\\\/de\\\/#website\",\"url\":\"https:\\\/\\\/antderground.com\\\/de\\\/\",\"name\":\"ANTDERGROUND\",\"description\":\"Tu tienda de hormigas, gran variedad de hormigueros acr\u00edlicos,madera,arena,3D y mas.. Pide tus hormigas gratis con tu pedido, somos expertos en hormigueros antifugas.\",\"publisher\":{\"@id\":\"https:\\\/\\\/antderground.com\\\/de\\\/#\\\/schema\\\/person\\\/0e322c505e84fe72c65e2f6d08f96b81\"},\"alternateName\":\"Antderground\",\"potentialAction\":[{\"@type\":\"SearchAction\",\"target\":{\"@type\":\"EntryPoint\",\"urlTemplate\":\"https:\\\/\\\/antderground.com\\\/de\\\/?s={search_term_string}\"},\"query-input\":{\"@type\":\"PropertyValueSpecification\",\"valueRequired\":true,\"valueName\":\"search_term_string\"}}],\"inLanguage\":\"de\"},{\"@type\":[\"Person\",\"Organization\"],\"@id\":\"https:\\\/\\\/antderground.com\\\/de\\\/#\\\/schema\\\/person\\\/0e322c505e84fe72c65e2f6d08f96b81\",\"name\":\"Eric de Antderground\",\"image\":{\"@type\":\"ImageObject\",\"inLanguage\":\"de\",\"@id\":\"https:\\\/\\\/secure.gravatar.com\\\/avatar\\\/c49a1b9f79216d1498cb73c1e85cd47f4465dda35f2a94c03790d491bd4423c3?s=96&d=mm&r=g\",\"url\":\"https:\\\/\\\/secure.gravatar.com\\\/avatar\\\/c49a1b9f79216d1498cb73c1e85cd47f4465dda35f2a94c03790d491bd4423c3?s=96&d=mm&r=g\",\"contentUrl\":\"https:\\\/\\\/secure.gravatar.com\\\/avatar\\\/c49a1b9f79216d1498cb73c1e85cd47f4465dda35f2a94c03790d491bd4423c3?s=96&d=mm&r=g\",\"caption\":\"Eric de Antderground\"},\"logo\":{\"@id\":\"https:\\\/\\\/secure.gravatar.com\\\/avatar\\\/c49a1b9f79216d1498cb73c1e85cd47f4465dda35f2a94c03790d491bd4423c3?s=96&d=mm&r=g\"},\"description\":\"Eric es el especialista y fundador de Antderground, con una amplia trayectoria en artr\u00f3podos y enfocado en la mirmecolog\u00eda y el dise\u00f1o de hormigueros artificiales. Su enfoque combina la innovaci\u00f3n t\u00e9cnica con el respeto por la biolog\u00eda de las hormigas, is\u00f3podos y otros, desarrollando sistemas de nidos modulares 3D y acr\u00edlicos que son referentes para aficionados y profesionales en toda Europa. Su objetivo es facilitar la cr\u00eda de hormigas y otros artr\u00f3podos mediante soluciones seguras y divulgaci\u00f3n de calidad.\",\"sameAs\":[\"https:\\\/\\\/antderground.com\\\/\",\"https:\\\/\\\/www.youtube.com\\\/channel\\\/UCio72z7TlbufkAthAJIJfPw\"]}]}<\/script>\n<!-- \/ Yoast SEO plugin. -->","yoast_head_json":{"title":"Camponotus habereri - ANTDERGROUND","description":"Entdecken Sie die Camponotus habereri-Ameisen, eine exotische Ameise, die in Asien aus der Region Taiwan heimisch ist. Alles \u00fcber Entomologie \/ Formicarien.","robots":{"index":"index","follow":"follow","max-snippet":"max-snippet:-1","max-image-preview":"max-image-preview:large","max-video-preview":"max-video-preview:-1"},"canonical":"https:\/\/antderground.com\/de\/produkt\/camponotus-habereri\/","og_locale":"de_DE","og_type":"article","og_title":"Camponotus habereri - ANTDERGROUND","og_description":"Entdecken Sie die Camponotus habereri-Ameisen, eine exotische Ameise, die in Asien aus der Region Taiwan heimisch ist. Alles \u00fcber Entomologie \/ Formicarien.","og_url":"https:\/\/antderground.com\/de\/produkt\/camponotus-habereri\/","og_site_name":"ANTDERGROUND","article_modified_time":"2024-04-10T13:32:07+00:00","og_image":[{"width":1027,"height":1027,"url":"https:\/\/antderground.com\/wp-content\/uploads\/2022\/02\/camponotus-habereri.jpg","type":"image\/jpeg"}],"twitter_card":"summary_large_image","twitter_misc":{"Gesch\u00e4tzte Lesezeit":"1\u00a0Minute"},"schema":{"@context":"https:\/\/schema.org","@graph":[{"@type":"WebPage","@id":"https:\/\/antderground.com\/de\/produkt\/camponotus-habereri\/","url":"https:\/\/antderground.com\/de\/produkt\/camponotus-habereri\/","name":"Camponotus habereri - ANTDERGROUND","isPartOf":{"@id":"https:\/\/antderground.com\/de\/#website"},"primaryImageOfPage":{"@id":"https:\/\/antderground.com\/de\/produkt\/camponotus-habereri\/#primaryimage"},"image":{"@id":"https:\/\/antderground.com\/de\/produkt\/camponotus-habereri\/#primaryimage"},"thumbnailUrl":"https:\/\/antderground.com\/wp-content\/uploads\/2022\/02\/camponotus-habereri.jpg","datePublished":"2022-02-24T16:28:41+00:00","dateModified":"2024-04-10T13:32:07+00:00","description":"Entdecken Sie die Camponotus habereri-Ameisen, eine exotische Ameise, die in Asien aus der Region Taiwan heimisch ist. Alles \u00fcber Entomologie \/ Formicarien.","breadcrumb":{"@id":"https:\/\/antderground.com\/de\/produkt\/camponotus-habereri\/#breadcrumb"},"inLanguage":"de","potentialAction":[{"@type":"ReadAction","target":["https:\/\/antderground.com\/de\/produkt\/camponotus-habereri\/"]}]},{"@type":"ImageObject","inLanguage":"de","@id":"https:\/\/antderground.com\/de\/produkt\/camponotus-habereri\/#primaryimage","url":"https:\/\/antderground.com\/wp-content\/uploads\/2022\/02\/camponotus-habereri.jpg","contentUrl":"https:\/\/antderground.com\/wp-content\/uploads\/2022\/02\/camponotus-habereri.jpg","width":1027,"height":1027,"caption":"Camponotus habereri"},{"@type":"BreadcrumbList","@id":"https:\/\/antderground.com\/de\/produkt\/camponotus-habereri\/#breadcrumb","itemListElement":[{"@type":"ListItem","position":1,"name":"Portada","item":"https:\/\/antderground.com\/de\/"},{"@type":"ListItem","position":2,"name":"Shop","item":"https:\/\/antderground.com\/de\/shop\/"},{"@type":"ListItem","position":3,"name":"Camponotus habereri"}]},{"@type":"WebSite","@id":"https:\/\/antderground.com\/de\/#website","url":"https:\/\/antderground.com\/de\/","name":"ANTDERGROUND","description":"Tu tienda de hormigas, gran variedad de hormigueros acr\u00edlicos,madera,arena,3D y mas.. Pide tus hormigas gratis con tu pedido, somos expertos en hormigueros antifugas.","publisher":{"@id":"https:\/\/antderground.com\/de\/#\/schema\/person\/0e322c505e84fe72c65e2f6d08f96b81"},"alternateName":"Antderground","potentialAction":[{"@type":"SearchAction","target":{"@type":"EntryPoint","urlTemplate":"https:\/\/antderground.com\/de\/?s={search_term_string}"},"query-input":{"@type":"PropertyValueSpecification","valueRequired":true,"valueName":"search_term_string"}}],"inLanguage":"de"},{"@type":["Person","Organization"],"@id":"https:\/\/antderground.com\/de\/#\/schema\/person\/0e322c505e84fe72c65e2f6d08f96b81","name":"Eric de Antderground","image":{"@type":"ImageObject","inLanguage":"de","@id":"https:\/\/secure.gravatar.com\/avatar\/c49a1b9f79216d1498cb73c1e85cd47f4465dda35f2a94c03790d491bd4423c3?s=96&d=mm&r=g","url":"https:\/\/secure.gravatar.com\/avatar\/c49a1b9f79216d1498cb73c1e85cd47f4465dda35f2a94c03790d491bd4423c3?s=96&d=mm&r=g","contentUrl":"https:\/\/secure.gravatar.com\/avatar\/c49a1b9f79216d1498cb73c1e85cd47f4465dda35f2a94c03790d491bd4423c3?s=96&d=mm&r=g","caption":"Eric de Antderground"},"logo":{"@id":"https:\/\/secure.gravatar.com\/avatar\/c49a1b9f79216d1498cb73c1e85cd47f4465dda35f2a94c03790d491bd4423c3?s=96&d=mm&r=g"},"description":"Eric es el especialista y fundador de Antderground, con una amplia trayectoria en artr\u00f3podos y enfocado en la mirmecolog\u00eda y el dise\u00f1o de hormigueros artificiales. Su enfoque combina la innovaci\u00f3n t\u00e9cnica con el respeto por la biolog\u00eda de las hormigas, is\u00f3podos y otros, desarrollando sistemas de nidos modulares 3D y acr\u00edlicos que son referentes para aficionados y profesionales en toda Europa. Su objetivo es facilitar la cr\u00eda de hormigas y otros artr\u00f3podos mediante soluciones seguras y divulgaci\u00f3n de calidad.","sameAs":["https:\/\/antderground.com\/","https:\/\/www.youtube.com\/channel\/UCio72z7TlbufkAthAJIJfPw"]}]}},"_links":{"self":[{"href":"https:\/\/antderground.com\/de\/wp-json\/wp\/v2\/product\/26209","targetHints":{"allow":["GET"]}}],"collection":[{"href":"https:\/\/antderground.com\/de\/wp-json\/wp\/v2\/product"}],"about":[{"href":"https:\/\/antderground.com\/de\/wp-json\/wp\/v2\/types\/product"}],"version-history":[{"count":0,"href":"https:\/\/antderground.com\/de\/wp-json\/wp\/v2\/product\/26209\/revisions"}],"wp:featuredmedia":[{"embeddable":true,"href":"https:\/\/antderground.com\/de\/wp-json\/wp\/v2\/media\/25775"}],"wp:attachment":[{"href":"https:\/\/antderground.com\/de\/wp-json\/wp\/v2\/media?parent=26209"}],"wp:term":[{"taxonomy":"product_brand","embeddable":true,"href":"https:\/\/antderground.com\/de\/wp-json\/wp\/v2\/product_brand?post=26209"},{"taxonomy":"product_cat","embeddable":true,"href":"https:\/\/antderground.com\/de\/wp-json\/wp\/v2\/product_cat?post=26209"},{"taxonomy":"product_tag","embeddable":true,"href":"https:\/\/antderground.com\/de\/wp-json\/wp\/v2\/product_tag?post=26209"}],"curies":[{"name":"wp","href":"https:\/\/api.w.org\/{rel}","templated":true}]}}