{"id":26229,"date":"2022-02-08T10:07:04","date_gmt":"2022-02-08T09:07:04","guid":{"rendered":"https:\/\/www.antderground.com\/producto\/messor-minor-hesperius-konigin\/"},"modified":"2024-05-17T15:54:42","modified_gmt":"2024-05-17T13:54:42","slug":"messor-minor-hesperius-konigin","status":"publish","type":"product","link":"https:\/\/antderground.com\/de\/produkt\/messor-minor-hesperius-konigin\/","title":{"rendered":"Messor minor hesperius K\u00f6nigin"},"content":{"rendered":"<p>Messor minor hesperius<\/p>\n<p>Beschreibung:<br \/>\nMessor minor hesperius ist eine haupts\u00e4chlich k\u00f6rnerfressende Ameisenart. Sie ist eine Art, die sich f\u00fcr Anf\u00e4nger in der Ameisenzucht eignet.<\/p>\n<p>Herkunft: Kanarische Inseln und Nordafrika.<\/p>\n<p>Empfohlene Ameisen: 3D, Acryl, Holz.<\/p>\n<p>Temperatur: 23 &#8211; 28\u00baC.<\/p>\n<p>Luftfeuchtigkeit: 50 &#8211; 70%.<\/p>\n<p>Winterschlaf: Ja. Von Mitte November bis Anfang M\u00e4rz, zwischen 12\u00baC und 15\u00baC.<\/p>\n<p>Ern\u00e4hrung: Haupts\u00e4chlich k\u00f6rnerfressend (ern\u00e4hrt sich von verschiedenen Samen), aber auch von kleinen Insekten.<\/p>\n","protected":false},"excerpt":{"rendered":"<p>Messor minor hesperius Beschreibung: Messor minor hesperius ist eine haupts\u00e4chlich k\u00f6rnerfressende Ameisenart. Sie ist eine Art, die sich f\u00fcr Anf\u00e4nger<\/p>\n","protected":false},"featured_media":31829,"template":"","meta":[],"product_brand":[],"product_cat":[495,496],"product_tag":[],"class_list":{"0":"post-26229","1":"product","2":"type-product","3":"status-publish","4":"has-post-thumbnail","6":"product_cat-ameisen","7":"product_cat-europaische-ameisen","9":"first","10":"instock","11":"shipping-taxable","12":"purchasable","13":"product-type-variable"},"yoast_head":"<!-- This site is optimized with the Yoast SEO plugin v27.3 - https:\/\/yoast.com\/product\/yoast-seo-wordpress\/ -->\n<title>Messor Minor Hesperius | Ameisenk\u00f6nigin - ANTDERGROUND<\/title>\n<meta name=\"description\" content=\"Finden Sie die Ameisenk\u00f6nigin Messor Minor Hesperius, eine ideale Ameisenart f\u00fcr die Gr\u00fcndung Ihrer Ameisenkolonie. Willkommen in unserem Gesch\u00e4ft!\" \/>\n<meta name=\"robots\" content=\"index, follow, max-snippet:-1, max-image-preview:large, max-video-preview:-1\" \/>\n<link rel=\"canonical\" href=\"https:\/\/antderground.com\/de\/produkt\/messor-minor-hesperius-konigin\/\" \/>\n<meta property=\"og:locale\" content=\"de_DE\" \/>\n<meta property=\"og:type\" content=\"article\" \/>\n<meta property=\"og:title\" content=\"Messor Minor Hesperius | Ameisenk\u00f6nigin - ANTDERGROUND\" \/>\n<meta property=\"og:description\" content=\"Finden Sie die Ameisenk\u00f6nigin Messor Minor Hesperius, eine ideale Ameisenart f\u00fcr die Gr\u00fcndung Ihrer Ameisenkolonie. Willkommen in unserem Gesch\u00e4ft!\" \/>\n<meta property=\"og:url\" content=\"https:\/\/antderground.com\/de\/produkt\/messor-minor-hesperius-konigin\/\" \/>\n<meta property=\"og:site_name\" content=\"ANTDERGROUND\" \/>\n<meta property=\"article:modified_time\" content=\"2024-05-17T13:54:42+00:00\" \/>\n<meta property=\"og:image\" content=\"https:\/\/antderground.com\/wp-content\/uploads\/2022\/02\/Messor-minor-hesperius-hormiga-Reina.jpg\" \/>\n\t<meta property=\"og:image:width\" content=\"772\" \/>\n\t<meta property=\"og:image:height\" content=\"772\" \/>\n\t<meta property=\"og:image:type\" content=\"image\/jpeg\" \/>\n<meta name=\"twitter:card\" content=\"summary_large_image\" \/>\n<script type=\"application\/ld+json\" class=\"yoast-schema-graph\">{\"@context\":\"https:\\\/\\\/schema.org\",\"@graph\":[{\"@type\":\"WebPage\",\"@id\":\"https:\\\/\\\/antderground.com\\\/de\\\/produkt\\\/messor-minor-hesperius-konigin\\\/\",\"url\":\"https:\\\/\\\/antderground.com\\\/de\\\/produkt\\\/messor-minor-hesperius-konigin\\\/\",\"name\":\"Messor Minor Hesperius | Ameisenk\u00f6nigin - ANTDERGROUND\",\"isPartOf\":{\"@id\":\"https:\\\/\\\/antderground.com\\\/de\\\/#website\"},\"primaryImageOfPage\":{\"@id\":\"https:\\\/\\\/antderground.com\\\/de\\\/produkt\\\/messor-minor-hesperius-konigin\\\/#primaryimage\"},\"image\":{\"@id\":\"https:\\\/\\\/antderground.com\\\/de\\\/produkt\\\/messor-minor-hesperius-konigin\\\/#primaryimage\"},\"thumbnailUrl\":\"https:\\\/\\\/antderground.com\\\/wp-content\\\/uploads\\\/2022\\\/02\\\/Messor-minor-hesperius-hormiga-Reina.jpg\",\"datePublished\":\"2022-02-08T09:07:04+00:00\",\"dateModified\":\"2024-05-17T13:54:42+00:00\",\"description\":\"Finden Sie die Ameisenk\u00f6nigin Messor Minor Hesperius, eine ideale Ameisenart f\u00fcr die Gr\u00fcndung Ihrer Ameisenkolonie. Willkommen in unserem Gesch\u00e4ft!\",\"breadcrumb\":{\"@id\":\"https:\\\/\\\/antderground.com\\\/de\\\/produkt\\\/messor-minor-hesperius-konigin\\\/#breadcrumb\"},\"inLanguage\":\"de\",\"potentialAction\":[{\"@type\":\"ReadAction\",\"target\":[\"https:\\\/\\\/antderground.com\\\/de\\\/produkt\\\/messor-minor-hesperius-konigin\\\/\"]}]},{\"@type\":\"ImageObject\",\"inLanguage\":\"de\",\"@id\":\"https:\\\/\\\/antderground.com\\\/de\\\/produkt\\\/messor-minor-hesperius-konigin\\\/#primaryimage\",\"url\":\"https:\\\/\\\/antderground.com\\\/wp-content\\\/uploads\\\/2022\\\/02\\\/Messor-minor-hesperius-hormiga-Reina.jpg\",\"contentUrl\":\"https:\\\/\\\/antderground.com\\\/wp-content\\\/uploads\\\/2022\\\/02\\\/Messor-minor-hesperius-hormiga-Reina.jpg\",\"width\":772,\"height\":772,\"caption\":\"Messor minor hesperius Ameisenk\u00f6nigin\"},{\"@type\":\"BreadcrumbList\",\"@id\":\"https:\\\/\\\/antderground.com\\\/de\\\/produkt\\\/messor-minor-hesperius-konigin\\\/#breadcrumb\",\"itemListElement\":[{\"@type\":\"ListItem\",\"position\":1,\"name\":\"Portada\",\"item\":\"https:\\\/\\\/antderground.com\\\/de\\\/\"},{\"@type\":\"ListItem\",\"position\":2,\"name\":\"Shop\",\"item\":\"https:\\\/\\\/antderground.com\\\/de\\\/shop\\\/\"},{\"@type\":\"ListItem\",\"position\":3,\"name\":\"Messor minor hesperius K\u00f6nigin\"}]},{\"@type\":\"WebSite\",\"@id\":\"https:\\\/\\\/antderground.com\\\/de\\\/#website\",\"url\":\"https:\\\/\\\/antderground.com\\\/de\\\/\",\"name\":\"ANTDERGROUND\",\"description\":\"Tu tienda de hormigas, gran variedad de hormigueros acr\u00edlicos,madera,arena,3D y mas.. Pide tus hormigas gratis con tu pedido, somos expertos en hormigueros antifugas.\",\"publisher\":{\"@id\":\"https:\\\/\\\/antderground.com\\\/de\\\/#\\\/schema\\\/person\\\/0e322c505e84fe72c65e2f6d08f96b81\"},\"alternateName\":\"Antderground\",\"potentialAction\":[{\"@type\":\"SearchAction\",\"target\":{\"@type\":\"EntryPoint\",\"urlTemplate\":\"https:\\\/\\\/antderground.com\\\/de\\\/?s={search_term_string}\"},\"query-input\":{\"@type\":\"PropertyValueSpecification\",\"valueRequired\":true,\"valueName\":\"search_term_string\"}}],\"inLanguage\":\"de\"},{\"@type\":[\"Person\",\"Organization\"],\"@id\":\"https:\\\/\\\/antderground.com\\\/de\\\/#\\\/schema\\\/person\\\/0e322c505e84fe72c65e2f6d08f96b81\",\"name\":\"Eric de Antderground\",\"image\":{\"@type\":\"ImageObject\",\"inLanguage\":\"de\",\"@id\":\"https:\\\/\\\/secure.gravatar.com\\\/avatar\\\/c49a1b9f79216d1498cb73c1e85cd47f4465dda35f2a94c03790d491bd4423c3?s=96&d=mm&r=g\",\"url\":\"https:\\\/\\\/secure.gravatar.com\\\/avatar\\\/c49a1b9f79216d1498cb73c1e85cd47f4465dda35f2a94c03790d491bd4423c3?s=96&d=mm&r=g\",\"contentUrl\":\"https:\\\/\\\/secure.gravatar.com\\\/avatar\\\/c49a1b9f79216d1498cb73c1e85cd47f4465dda35f2a94c03790d491bd4423c3?s=96&d=mm&r=g\",\"caption\":\"Eric de Antderground\"},\"logo\":{\"@id\":\"https:\\\/\\\/secure.gravatar.com\\\/avatar\\\/c49a1b9f79216d1498cb73c1e85cd47f4465dda35f2a94c03790d491bd4423c3?s=96&d=mm&r=g\"},\"description\":\"Eric es el especialista y fundador de Antderground, con una amplia trayectoria en artr\u00f3podos y enfocado en la mirmecolog\u00eda y el dise\u00f1o de hormigueros artificiales. Su enfoque combina la innovaci\u00f3n t\u00e9cnica con el respeto por la biolog\u00eda de las hormigas, is\u00f3podos y otros, desarrollando sistemas de nidos modulares 3D y acr\u00edlicos que son referentes para aficionados y profesionales en toda Europa. Su objetivo es facilitar la cr\u00eda de hormigas y otros artr\u00f3podos mediante soluciones seguras y divulgaci\u00f3n de calidad.\",\"sameAs\":[\"https:\\\/\\\/antderground.com\\\/\",\"https:\\\/\\\/www.youtube.com\\\/channel\\\/UCio72z7TlbufkAthAJIJfPw\"]}]}<\/script>\n<!-- \/ Yoast SEO plugin. -->","yoast_head_json":{"title":"Messor Minor Hesperius | Ameisenk\u00f6nigin - ANTDERGROUND","description":"Finden Sie die Ameisenk\u00f6nigin Messor Minor Hesperius, eine ideale Ameisenart f\u00fcr die Gr\u00fcndung Ihrer Ameisenkolonie. Willkommen in unserem Gesch\u00e4ft!","robots":{"index":"index","follow":"follow","max-snippet":"max-snippet:-1","max-image-preview":"max-image-preview:large","max-video-preview":"max-video-preview:-1"},"canonical":"https:\/\/antderground.com\/de\/produkt\/messor-minor-hesperius-konigin\/","og_locale":"de_DE","og_type":"article","og_title":"Messor Minor Hesperius | Ameisenk\u00f6nigin - ANTDERGROUND","og_description":"Finden Sie die Ameisenk\u00f6nigin Messor Minor Hesperius, eine ideale Ameisenart f\u00fcr die Gr\u00fcndung Ihrer Ameisenkolonie. Willkommen in unserem Gesch\u00e4ft!","og_url":"https:\/\/antderground.com\/de\/produkt\/messor-minor-hesperius-konigin\/","og_site_name":"ANTDERGROUND","article_modified_time":"2024-05-17T13:54:42+00:00","og_image":[{"width":772,"height":772,"url":"https:\/\/antderground.com\/wp-content\/uploads\/2022\/02\/Messor-minor-hesperius-hormiga-Reina.jpg","type":"image\/jpeg"}],"twitter_card":"summary_large_image","schema":{"@context":"https:\/\/schema.org","@graph":[{"@type":"WebPage","@id":"https:\/\/antderground.com\/de\/produkt\/messor-minor-hesperius-konigin\/","url":"https:\/\/antderground.com\/de\/produkt\/messor-minor-hesperius-konigin\/","name":"Messor Minor Hesperius | Ameisenk\u00f6nigin - ANTDERGROUND","isPartOf":{"@id":"https:\/\/antderground.com\/de\/#website"},"primaryImageOfPage":{"@id":"https:\/\/antderground.com\/de\/produkt\/messor-minor-hesperius-konigin\/#primaryimage"},"image":{"@id":"https:\/\/antderground.com\/de\/produkt\/messor-minor-hesperius-konigin\/#primaryimage"},"thumbnailUrl":"https:\/\/antderground.com\/wp-content\/uploads\/2022\/02\/Messor-minor-hesperius-hormiga-Reina.jpg","datePublished":"2022-02-08T09:07:04+00:00","dateModified":"2024-05-17T13:54:42+00:00","description":"Finden Sie die Ameisenk\u00f6nigin Messor Minor Hesperius, eine ideale Ameisenart f\u00fcr die Gr\u00fcndung Ihrer Ameisenkolonie. Willkommen in unserem Gesch\u00e4ft!","breadcrumb":{"@id":"https:\/\/antderground.com\/de\/produkt\/messor-minor-hesperius-konigin\/#breadcrumb"},"inLanguage":"de","potentialAction":[{"@type":"ReadAction","target":["https:\/\/antderground.com\/de\/produkt\/messor-minor-hesperius-konigin\/"]}]},{"@type":"ImageObject","inLanguage":"de","@id":"https:\/\/antderground.com\/de\/produkt\/messor-minor-hesperius-konigin\/#primaryimage","url":"https:\/\/antderground.com\/wp-content\/uploads\/2022\/02\/Messor-minor-hesperius-hormiga-Reina.jpg","contentUrl":"https:\/\/antderground.com\/wp-content\/uploads\/2022\/02\/Messor-minor-hesperius-hormiga-Reina.jpg","width":772,"height":772,"caption":"Messor minor hesperius Ameisenk\u00f6nigin"},{"@type":"BreadcrumbList","@id":"https:\/\/antderground.com\/de\/produkt\/messor-minor-hesperius-konigin\/#breadcrumb","itemListElement":[{"@type":"ListItem","position":1,"name":"Portada","item":"https:\/\/antderground.com\/de\/"},{"@type":"ListItem","position":2,"name":"Shop","item":"https:\/\/antderground.com\/de\/shop\/"},{"@type":"ListItem","position":3,"name":"Messor minor hesperius K\u00f6nigin"}]},{"@type":"WebSite","@id":"https:\/\/antderground.com\/de\/#website","url":"https:\/\/antderground.com\/de\/","name":"ANTDERGROUND","description":"Tu tienda de hormigas, gran variedad de hormigueros acr\u00edlicos,madera,arena,3D y mas.. Pide tus hormigas gratis con tu pedido, somos expertos en hormigueros antifugas.","publisher":{"@id":"https:\/\/antderground.com\/de\/#\/schema\/person\/0e322c505e84fe72c65e2f6d08f96b81"},"alternateName":"Antderground","potentialAction":[{"@type":"SearchAction","target":{"@type":"EntryPoint","urlTemplate":"https:\/\/antderground.com\/de\/?s={search_term_string}"},"query-input":{"@type":"PropertyValueSpecification","valueRequired":true,"valueName":"search_term_string"}}],"inLanguage":"de"},{"@type":["Person","Organization"],"@id":"https:\/\/antderground.com\/de\/#\/schema\/person\/0e322c505e84fe72c65e2f6d08f96b81","name":"Eric de Antderground","image":{"@type":"ImageObject","inLanguage":"de","@id":"https:\/\/secure.gravatar.com\/avatar\/c49a1b9f79216d1498cb73c1e85cd47f4465dda35f2a94c03790d491bd4423c3?s=96&d=mm&r=g","url":"https:\/\/secure.gravatar.com\/avatar\/c49a1b9f79216d1498cb73c1e85cd47f4465dda35f2a94c03790d491bd4423c3?s=96&d=mm&r=g","contentUrl":"https:\/\/secure.gravatar.com\/avatar\/c49a1b9f79216d1498cb73c1e85cd47f4465dda35f2a94c03790d491bd4423c3?s=96&d=mm&r=g","caption":"Eric de Antderground"},"logo":{"@id":"https:\/\/secure.gravatar.com\/avatar\/c49a1b9f79216d1498cb73c1e85cd47f4465dda35f2a94c03790d491bd4423c3?s=96&d=mm&r=g"},"description":"Eric es el especialista y fundador de Antderground, con una amplia trayectoria en artr\u00f3podos y enfocado en la mirmecolog\u00eda y el dise\u00f1o de hormigueros artificiales. Su enfoque combina la innovaci\u00f3n t\u00e9cnica con el respeto por la biolog\u00eda de las hormigas, is\u00f3podos y otros, desarrollando sistemas de nidos modulares 3D y acr\u00edlicos que son referentes para aficionados y profesionales en toda Europa. Su objetivo es facilitar la cr\u00eda de hormigas y otros artr\u00f3podos mediante soluciones seguras y divulgaci\u00f3n de calidad.","sameAs":["https:\/\/antderground.com\/","https:\/\/www.youtube.com\/channel\/UCio72z7TlbufkAthAJIJfPw"]}]}},"_links":{"self":[{"href":"https:\/\/antderground.com\/de\/wp-json\/wp\/v2\/product\/26229","targetHints":{"allow":["GET"]}}],"collection":[{"href":"https:\/\/antderground.com\/de\/wp-json\/wp\/v2\/product"}],"about":[{"href":"https:\/\/antderground.com\/de\/wp-json\/wp\/v2\/types\/product"}],"version-history":[{"count":0,"href":"https:\/\/antderground.com\/de\/wp-json\/wp\/v2\/product\/26229\/revisions"}],"wp:featuredmedia":[{"embeddable":true,"href":"https:\/\/antderground.com\/de\/wp-json\/wp\/v2\/media\/31829"}],"wp:attachment":[{"href":"https:\/\/antderground.com\/de\/wp-json\/wp\/v2\/media?parent=26229"}],"wp:term":[{"taxonomy":"product_brand","embeddable":true,"href":"https:\/\/antderground.com\/de\/wp-json\/wp\/v2\/product_brand?post=26229"},{"taxonomy":"product_cat","embeddable":true,"href":"https:\/\/antderground.com\/de\/wp-json\/wp\/v2\/product_cat?post=26229"},{"taxonomy":"product_tag","embeddable":true,"href":"https:\/\/antderground.com\/de\/wp-json\/wp\/v2\/product_tag?post=26229"}],"curies":[{"name":"wp","href":"https:\/\/api.w.org\/{rel}","templated":true}]}}