{"id":26912,"date":"2022-02-28T12:01:11","date_gmt":"2022-02-28T11:01:11","guid":{"rendered":"https:\/\/www.antderground.com\/producto\/ameisenhaufen-aus-acryl-mit-gips-10-x-20\/"},"modified":"2023-02-16T14:53:26","modified_gmt":"2023-02-16T13:53:26","slug":"ameisennest-aus-acryl-mit-gips-10-x-20","status":"publish","type":"product","link":"https:\/\/antderground.com\/de\/produkt\/ameisennest-aus-acryl-mit-gips-10-x-20\/","title":{"rendered":"Ameisennest aus Acryl mit Gips (10 X 20)"},"content":{"rendered":"<p>Acryl-Ameisennest (10 x 20) cm mit Gipskammern f\u00fcr Ameisenarten, die eine hohe Luftfeuchtigkeit ben\u00f6tigen.<\/p>\n<p>Die Gipskammern sind vollst\u00e4ndig herausnehmbar, entweder zum Auswechseln oder um den Bereich als Mini-Futterkammer zu nutzen.<\/p>\n<p>Er verf\u00fcgt \u00fcber ein integriertes Thermohygrometer, so dass wir immer \u00fcber die Temperatur und die Luftfeuchtigkeit in unserem Ameisenhaufen Bescheid wissen, Werte, die wir auch \u00fcber das Telefon via Bluetooth sehen k\u00f6nnen.<\/p>\n","protected":false},"excerpt":{"rendered":"<p>Acryl-Ameisennest (10 x 20) cm mit Gipskammern f\u00fcr Ameisenarten, die eine hohe Luftfeuchtigkeit ben\u00f6tigen. Die Gipskammern sind vollst\u00e4ndig herausnehmbar, entweder<\/p>\n","protected":false},"featured_media":25779,"template":"","meta":[],"product_brand":[],"product_cat":[504,516,517,499],"product_tag":[],"class_list":{"0":"post-26912","1":"product","2":"type-product","3":"status-publish","4":"has-post-thumbnail","6":"product_cat-ameisennester","7":"product_cat-spezielle-ameisenhaufen","8":"product_cat-modulare-ameisennester","9":"product_cat-neuheiten","11":"first","12":"instock","13":"shipping-taxable","14":"purchasable","15":"product-type-simple"},"yoast_head":"<!-- This site is optimized with the Yoast SEO plugin v27.4 - https:\/\/yoast.com\/product\/yoast-seo-wordpress\/ -->\n<title>Ameisennest aus Acryl mit Gips (10 X 20) - ANTDERGROUND<\/title>\n<meta name=\"description\" content=\"Eines der vielseitigsten Ameisennester aus Gips und Acryl, die wir finden k\u00f6nnen, ein Ameisenhaufen f\u00fcr exotische Ameisen. ameisenfarm\" \/>\n<meta name=\"robots\" content=\"index, follow, max-snippet:-1, max-image-preview:large, max-video-preview:-1\" \/>\n<link rel=\"canonical\" href=\"https:\/\/antderground.com\/de\/produkt\/ameisennest-aus-acryl-mit-gips-10-x-20\/\" \/>\n<meta property=\"og:locale\" content=\"de_DE\" \/>\n<meta property=\"og:type\" content=\"article\" \/>\n<meta property=\"og:title\" content=\"Ameisennest aus Acryl mit Gips (10 X 20) - ANTDERGROUND\" \/>\n<meta property=\"og:description\" content=\"Eines der vielseitigsten Ameisennester aus Gips und Acryl, die wir finden k\u00f6nnen, ein Ameisenhaufen f\u00fcr exotische Ameisen. ameisenfarm\" \/>\n<meta property=\"og:url\" content=\"https:\/\/antderground.com\/de\/produkt\/ameisennest-aus-acryl-mit-gips-10-x-20\/\" \/>\n<meta property=\"og:site_name\" content=\"ANTDERGROUND\" \/>\n<meta property=\"article:modified_time\" content=\"2023-02-16T13:53:26+00:00\" \/>\n<meta property=\"og:image\" content=\"https:\/\/antderground.com\/wp-content\/uploads\/2022\/02\/hormiguero-de-yeso.jpg\" \/>\n\t<meta property=\"og:image:width\" content=\"1752\" \/>\n\t<meta property=\"og:image:height\" content=\"1752\" \/>\n\t<meta property=\"og:image:type\" content=\"image\/jpeg\" \/>\n<meta name=\"twitter:card\" content=\"summary_large_image\" \/>\n<script type=\"application\/ld+json\" class=\"yoast-schema-graph\">{\"@context\":\"https:\\\/\\\/schema.org\",\"@graph\":[{\"@type\":\"WebPage\",\"@id\":\"https:\\\/\\\/antderground.com\\\/de\\\/produkt\\\/ameisennest-aus-acryl-mit-gips-10-x-20\\\/\",\"url\":\"https:\\\/\\\/antderground.com\\\/de\\\/produkt\\\/ameisennest-aus-acryl-mit-gips-10-x-20\\\/\",\"name\":\"Ameisennest aus Acryl mit Gips (10 X 20) - ANTDERGROUND\",\"isPartOf\":{\"@id\":\"https:\\\/\\\/antderground.com\\\/de\\\/#website\"},\"primaryImageOfPage\":{\"@id\":\"https:\\\/\\\/antderground.com\\\/de\\\/produkt\\\/ameisennest-aus-acryl-mit-gips-10-x-20\\\/#primaryimage\"},\"image\":{\"@id\":\"https:\\\/\\\/antderground.com\\\/de\\\/produkt\\\/ameisennest-aus-acryl-mit-gips-10-x-20\\\/#primaryimage\"},\"thumbnailUrl\":\"https:\\\/\\\/antderground.com\\\/wp-content\\\/uploads\\\/2022\\\/02\\\/hormiguero-de-yeso.jpg\",\"datePublished\":\"2022-02-28T11:01:11+00:00\",\"dateModified\":\"2023-02-16T13:53:26+00:00\",\"description\":\"Eines der vielseitigsten Ameisennester aus Gips und Acryl, die wir finden k\u00f6nnen, ein Ameisenhaufen f\u00fcr exotische Ameisen. ameisenfarm\",\"breadcrumb\":{\"@id\":\"https:\\\/\\\/antderground.com\\\/de\\\/produkt\\\/ameisennest-aus-acryl-mit-gips-10-x-20\\\/#breadcrumb\"},\"inLanguage\":\"de\",\"potentialAction\":[{\"@type\":\"ReadAction\",\"target\":[\"https:\\\/\\\/antderground.com\\\/de\\\/produkt\\\/ameisennest-aus-acryl-mit-gips-10-x-20\\\/\"]}]},{\"@type\":\"ImageObject\",\"inLanguage\":\"de\",\"@id\":\"https:\\\/\\\/antderground.com\\\/de\\\/produkt\\\/ameisennest-aus-acryl-mit-gips-10-x-20\\\/#primaryimage\",\"url\":\"https:\\\/\\\/antderground.com\\\/wp-content\\\/uploads\\\/2022\\\/02\\\/hormiguero-de-yeso.jpg\",\"contentUrl\":\"https:\\\/\\\/antderground.com\\\/wp-content\\\/uploads\\\/2022\\\/02\\\/hormiguero-de-yeso.jpg\",\"width\":1752,\"height\":1752},{\"@type\":\"BreadcrumbList\",\"@id\":\"https:\\\/\\\/antderground.com\\\/de\\\/produkt\\\/ameisennest-aus-acryl-mit-gips-10-x-20\\\/#breadcrumb\",\"itemListElement\":[{\"@type\":\"ListItem\",\"position\":1,\"name\":\"Portada\",\"item\":\"https:\\\/\\\/antderground.com\\\/de\\\/\"},{\"@type\":\"ListItem\",\"position\":2,\"name\":\"Shop\",\"item\":\"https:\\\/\\\/antderground.com\\\/de\\\/shop\\\/\"},{\"@type\":\"ListItem\",\"position\":3,\"name\":\"Ameisennest aus Acryl mit Gips (10 X 20)\"}]},{\"@type\":\"WebSite\",\"@id\":\"https:\\\/\\\/antderground.com\\\/de\\\/#website\",\"url\":\"https:\\\/\\\/antderground.com\\\/de\\\/\",\"name\":\"ANTDERGROUND\",\"description\":\"Tu tienda de hormigas, gran variedad de hormigueros acr\u00edlicos,madera,arena,3D y mas.. Pide tus hormigas gratis con tu pedido, somos expertos en hormigueros antifugas.\",\"publisher\":{\"@id\":\"https:\\\/\\\/antderground.com\\\/de\\\/#\\\/schema\\\/person\\\/0e322c505e84fe72c65e2f6d08f96b81\"},\"alternateName\":\"Antderground\",\"potentialAction\":[{\"@type\":\"SearchAction\",\"target\":{\"@type\":\"EntryPoint\",\"urlTemplate\":\"https:\\\/\\\/antderground.com\\\/de\\\/?s={search_term_string}\"},\"query-input\":{\"@type\":\"PropertyValueSpecification\",\"valueRequired\":true,\"valueName\":\"search_term_string\"}}],\"inLanguage\":\"de\"},{\"@type\":[\"Person\",\"Organization\"],\"@id\":\"https:\\\/\\\/antderground.com\\\/de\\\/#\\\/schema\\\/person\\\/0e322c505e84fe72c65e2f6d08f96b81\",\"name\":\"Eric de Antderground\",\"image\":{\"@type\":\"ImageObject\",\"inLanguage\":\"de\",\"@id\":\"https:\\\/\\\/secure.gravatar.com\\\/avatar\\\/c49a1b9f79216d1498cb73c1e85cd47f4465dda35f2a94c03790d491bd4423c3?s=96&d=mm&r=g\",\"url\":\"https:\\\/\\\/secure.gravatar.com\\\/avatar\\\/c49a1b9f79216d1498cb73c1e85cd47f4465dda35f2a94c03790d491bd4423c3?s=96&d=mm&r=g\",\"contentUrl\":\"https:\\\/\\\/secure.gravatar.com\\\/avatar\\\/c49a1b9f79216d1498cb73c1e85cd47f4465dda35f2a94c03790d491bd4423c3?s=96&d=mm&r=g\",\"caption\":\"Eric de Antderground\"},\"logo\":{\"@id\":\"https:\\\/\\\/secure.gravatar.com\\\/avatar\\\/c49a1b9f79216d1498cb73c1e85cd47f4465dda35f2a94c03790d491bd4423c3?s=96&d=mm&r=g\"},\"description\":\"Eric es el especialista y fundador de Antderground, con una amplia trayectoria en artr\u00f3podos y enfocado en la mirmecolog\u00eda y el dise\u00f1o de hormigueros artificiales. Su enfoque combina la innovaci\u00f3n t\u00e9cnica con el respeto por la biolog\u00eda de las hormigas, is\u00f3podos y otros, desarrollando sistemas de nidos modulares 3D y acr\u00edlicos que son referentes para aficionados y profesionales en toda Europa. Su objetivo es facilitar la cr\u00eda de hormigas y otros artr\u00f3podos mediante soluciones seguras y divulgaci\u00f3n de calidad.\",\"sameAs\":[\"https:\\\/\\\/antderground.com\\\/\",\"https:\\\/\\\/www.youtube.com\\\/channel\\\/UCio72z7TlbufkAthAJIJfPw\"]}]}<\/script>\n<!-- \/ Yoast SEO plugin. -->","yoast_head_json":{"title":"Ameisennest aus Acryl mit Gips (10 X 20) - ANTDERGROUND","description":"Eines der vielseitigsten Ameisennester aus Gips und Acryl, die wir finden k\u00f6nnen, ein Ameisenhaufen f\u00fcr exotische Ameisen. ameisenfarm","robots":{"index":"index","follow":"follow","max-snippet":"max-snippet:-1","max-image-preview":"max-image-preview:large","max-video-preview":"max-video-preview:-1"},"canonical":"https:\/\/antderground.com\/de\/produkt\/ameisennest-aus-acryl-mit-gips-10-x-20\/","og_locale":"de_DE","og_type":"article","og_title":"Ameisennest aus Acryl mit Gips (10 X 20) - ANTDERGROUND","og_description":"Eines der vielseitigsten Ameisennester aus Gips und Acryl, die wir finden k\u00f6nnen, ein Ameisenhaufen f\u00fcr exotische Ameisen. ameisenfarm","og_url":"https:\/\/antderground.com\/de\/produkt\/ameisennest-aus-acryl-mit-gips-10-x-20\/","og_site_name":"ANTDERGROUND","article_modified_time":"2023-02-16T13:53:26+00:00","og_image":[{"width":1752,"height":1752,"url":"https:\/\/antderground.com\/wp-content\/uploads\/2022\/02\/hormiguero-de-yeso.jpg","type":"image\/jpeg"}],"twitter_card":"summary_large_image","schema":{"@context":"https:\/\/schema.org","@graph":[{"@type":"WebPage","@id":"https:\/\/antderground.com\/de\/produkt\/ameisennest-aus-acryl-mit-gips-10-x-20\/","url":"https:\/\/antderground.com\/de\/produkt\/ameisennest-aus-acryl-mit-gips-10-x-20\/","name":"Ameisennest aus Acryl mit Gips (10 X 20) - ANTDERGROUND","isPartOf":{"@id":"https:\/\/antderground.com\/de\/#website"},"primaryImageOfPage":{"@id":"https:\/\/antderground.com\/de\/produkt\/ameisennest-aus-acryl-mit-gips-10-x-20\/#primaryimage"},"image":{"@id":"https:\/\/antderground.com\/de\/produkt\/ameisennest-aus-acryl-mit-gips-10-x-20\/#primaryimage"},"thumbnailUrl":"https:\/\/antderground.com\/wp-content\/uploads\/2022\/02\/hormiguero-de-yeso.jpg","datePublished":"2022-02-28T11:01:11+00:00","dateModified":"2023-02-16T13:53:26+00:00","description":"Eines der vielseitigsten Ameisennester aus Gips und Acryl, die wir finden k\u00f6nnen, ein Ameisenhaufen f\u00fcr exotische Ameisen. ameisenfarm","breadcrumb":{"@id":"https:\/\/antderground.com\/de\/produkt\/ameisennest-aus-acryl-mit-gips-10-x-20\/#breadcrumb"},"inLanguage":"de","potentialAction":[{"@type":"ReadAction","target":["https:\/\/antderground.com\/de\/produkt\/ameisennest-aus-acryl-mit-gips-10-x-20\/"]}]},{"@type":"ImageObject","inLanguage":"de","@id":"https:\/\/antderground.com\/de\/produkt\/ameisennest-aus-acryl-mit-gips-10-x-20\/#primaryimage","url":"https:\/\/antderground.com\/wp-content\/uploads\/2022\/02\/hormiguero-de-yeso.jpg","contentUrl":"https:\/\/antderground.com\/wp-content\/uploads\/2022\/02\/hormiguero-de-yeso.jpg","width":1752,"height":1752},{"@type":"BreadcrumbList","@id":"https:\/\/antderground.com\/de\/produkt\/ameisennest-aus-acryl-mit-gips-10-x-20\/#breadcrumb","itemListElement":[{"@type":"ListItem","position":1,"name":"Portada","item":"https:\/\/antderground.com\/de\/"},{"@type":"ListItem","position":2,"name":"Shop","item":"https:\/\/antderground.com\/de\/shop\/"},{"@type":"ListItem","position":3,"name":"Ameisennest aus Acryl mit Gips (10 X 20)"}]},{"@type":"WebSite","@id":"https:\/\/antderground.com\/de\/#website","url":"https:\/\/antderground.com\/de\/","name":"ANTDERGROUND","description":"Tu tienda de hormigas, gran variedad de hormigueros acr\u00edlicos,madera,arena,3D y mas.. Pide tus hormigas gratis con tu pedido, somos expertos en hormigueros antifugas.","publisher":{"@id":"https:\/\/antderground.com\/de\/#\/schema\/person\/0e322c505e84fe72c65e2f6d08f96b81"},"alternateName":"Antderground","potentialAction":[{"@type":"SearchAction","target":{"@type":"EntryPoint","urlTemplate":"https:\/\/antderground.com\/de\/?s={search_term_string}"},"query-input":{"@type":"PropertyValueSpecification","valueRequired":true,"valueName":"search_term_string"}}],"inLanguage":"de"},{"@type":["Person","Organization"],"@id":"https:\/\/antderground.com\/de\/#\/schema\/person\/0e322c505e84fe72c65e2f6d08f96b81","name":"Eric de Antderground","image":{"@type":"ImageObject","inLanguage":"de","@id":"https:\/\/secure.gravatar.com\/avatar\/c49a1b9f79216d1498cb73c1e85cd47f4465dda35f2a94c03790d491bd4423c3?s=96&d=mm&r=g","url":"https:\/\/secure.gravatar.com\/avatar\/c49a1b9f79216d1498cb73c1e85cd47f4465dda35f2a94c03790d491bd4423c3?s=96&d=mm&r=g","contentUrl":"https:\/\/secure.gravatar.com\/avatar\/c49a1b9f79216d1498cb73c1e85cd47f4465dda35f2a94c03790d491bd4423c3?s=96&d=mm&r=g","caption":"Eric de Antderground"},"logo":{"@id":"https:\/\/secure.gravatar.com\/avatar\/c49a1b9f79216d1498cb73c1e85cd47f4465dda35f2a94c03790d491bd4423c3?s=96&d=mm&r=g"},"description":"Eric es el especialista y fundador de Antderground, con una amplia trayectoria en artr\u00f3podos y enfocado en la mirmecolog\u00eda y el dise\u00f1o de hormigueros artificiales. Su enfoque combina la innovaci\u00f3n t\u00e9cnica con el respeto por la biolog\u00eda de las hormigas, is\u00f3podos y otros, desarrollando sistemas de nidos modulares 3D y acr\u00edlicos que son referentes para aficionados y profesionales en toda Europa. Su objetivo es facilitar la cr\u00eda de hormigas y otros artr\u00f3podos mediante soluciones seguras y divulgaci\u00f3n de calidad.","sameAs":["https:\/\/antderground.com\/","https:\/\/www.youtube.com\/channel\/UCio72z7TlbufkAthAJIJfPw"]}]}},"_links":{"self":[{"href":"https:\/\/antderground.com\/de\/wp-json\/wp\/v2\/product\/26912","targetHints":{"allow":["GET"]}}],"collection":[{"href":"https:\/\/antderground.com\/de\/wp-json\/wp\/v2\/product"}],"about":[{"href":"https:\/\/antderground.com\/de\/wp-json\/wp\/v2\/types\/product"}],"version-history":[{"count":0,"href":"https:\/\/antderground.com\/de\/wp-json\/wp\/v2\/product\/26912\/revisions"}],"wp:featuredmedia":[{"embeddable":true,"href":"https:\/\/antderground.com\/de\/wp-json\/wp\/v2\/media\/25779"}],"wp:attachment":[{"href":"https:\/\/antderground.com\/de\/wp-json\/wp\/v2\/media?parent=26912"}],"wp:term":[{"taxonomy":"product_brand","embeddable":true,"href":"https:\/\/antderground.com\/de\/wp-json\/wp\/v2\/product_brand?post=26912"},{"taxonomy":"product_cat","embeddable":true,"href":"https:\/\/antderground.com\/de\/wp-json\/wp\/v2\/product_cat?post=26912"},{"taxonomy":"product_tag","embeddable":true,"href":"https:\/\/antderground.com\/de\/wp-json\/wp\/v2\/product_tag?post=26912"}],"curies":[{"name":"wp","href":"https:\/\/api.w.org\/{rel}","templated":true}]}}