{"id":26956,"date":"2019-07-03T22:48:23","date_gmt":"2019-07-03T20:48:23","guid":{"rendered":"https:\/\/www.antderground.com\/producto\/acryl-ameisennest-10x10-mit-schwamm-futterkasten\/"},"modified":"2019-07-03T22:48:23","modified_gmt":"2019-07-03T20:48:23","slug":"acryl-ameisennest-10x10-mit-schwamm-futterkasten","status":"publish","type":"product","link":"https:\/\/antderground.com\/de\/produkt\/acryl-ameisennest-10x10-mit-schwamm-futterkasten\/","title":{"rendered":"Acryl-Ameisennest (10&#215;10) mit Schwamm + Futterkasten."},"content":{"rendered":"","protected":false},"excerpt":{"rendered":"<p>Acryl-Ameisennest (10&#215;10) mit Schwamm und Futtersuchkasten.<\/p>\n<p>Der Schwamm ist herausnehmbar, ohne das Nest zu zerlegen.<\/p>\n<p>Trennung zwischen den Kammern (Zonen).<br \/>\nZugang zu Nass- und Trockenbereichen.<\/p>\n<p>Merkmale:<br \/>\nGr\u00f6\u00dfe: 10&#215;10 (cm).<br \/>\nFarbe: Wei\u00df.<br \/>\nMaterial: Acryl.<br \/>\nMit Schwamm.<br \/>\nMit rotem Deckel.<br \/>\nAnti-Leck: Ja.<\/p>\n","protected":false},"featured_media":23021,"template":"","meta":[],"product_brand":[],"product_cat":[504,519,521],"product_tag":[],"class_list":{"0":"post-26956","1":"product","2":"type-product","3":"status-publish","4":"has-post-thumbnail","6":"product_cat-ameisennester","7":"product_cat-ameisenfarmen-100-acryl","8":"product_cat-ameisenhaufen-kleiner-arten","10":"first","11":"instock","12":"shipping-taxable","13":"purchasable","14":"product-type-simple"},"yoast_head":"<!-- This site is optimized with the Yoast SEO plugin v27.4 - https:\/\/yoast.com\/product\/yoast-seo-wordpress\/ -->\n<title>Acryl-Ameisennest (10x10) mit Schwamm + Futterkasten- ANTDERGROUND<\/title>\n<meta name=\"description\" content=\"Ameisennest (10x10) mit integriertem Futtersuchkasten. Eines der ersten Antderground-Modelle. Anti-Leck-Ameisennest.\" \/>\n<meta name=\"robots\" content=\"index, follow, max-snippet:-1, max-image-preview:large, max-video-preview:-1\" \/>\n<link rel=\"canonical\" href=\"https:\/\/antderground.com\/de\/produkt\/acryl-ameisennest-10x10-mit-schwamm-futterkasten\/\" \/>\n<meta property=\"og:locale\" content=\"de_DE\" \/>\n<meta property=\"og:type\" content=\"article\" \/>\n<meta property=\"og:title\" content=\"Acryl-Ameisennest (10x10) mit Schwamm + Futterkasten- ANTDERGROUND\" \/>\n<meta property=\"og:description\" content=\"Ameisennest (10x10) mit integriertem Futtersuchkasten. Eines der ersten Antderground-Modelle. Anti-Leck-Ameisennest.\" \/>\n<meta property=\"og:url\" content=\"https:\/\/antderground.com\/de\/produkt\/acryl-ameisennest-10x10-mit-schwamm-futterkasten\/\" \/>\n<meta property=\"og:site_name\" content=\"ANTDERGROUND\" \/>\n<meta property=\"og:image\" content=\"https:\/\/antderground.com\/wp-content\/uploads\/2019\/07\/10-X-10-ESPONJA-ANTIFUGAS-ANTDERGROUND.jpg\" \/>\n\t<meta property=\"og:image:width\" content=\"567\" \/>\n\t<meta property=\"og:image:height\" content=\"567\" \/>\n\t<meta property=\"og:image:type\" content=\"image\/jpeg\" \/>\n<meta name=\"twitter:card\" content=\"summary_large_image\" \/>\n<script type=\"application\/ld+json\" class=\"yoast-schema-graph\">{\"@context\":\"https:\\\/\\\/schema.org\",\"@graph\":[{\"@type\":\"WebPage\",\"@id\":\"https:\\\/\\\/antderground.com\\\/de\\\/produkt\\\/acryl-ameisennest-10x10-mit-schwamm-futterkasten\\\/\",\"url\":\"https:\\\/\\\/antderground.com\\\/de\\\/produkt\\\/acryl-ameisennest-10x10-mit-schwamm-futterkasten\\\/\",\"name\":\"Acryl-Ameisennest (10x10) mit Schwamm + Futterkasten- ANTDERGROUND\",\"isPartOf\":{\"@id\":\"https:\\\/\\\/antderground.com\\\/de\\\/#website\"},\"primaryImageOfPage\":{\"@id\":\"https:\\\/\\\/antderground.com\\\/de\\\/produkt\\\/acryl-ameisennest-10x10-mit-schwamm-futterkasten\\\/#primaryimage\"},\"image\":{\"@id\":\"https:\\\/\\\/antderground.com\\\/de\\\/produkt\\\/acryl-ameisennest-10x10-mit-schwamm-futterkasten\\\/#primaryimage\"},\"thumbnailUrl\":\"https:\\\/\\\/antderground.com\\\/wp-content\\\/uploads\\\/2019\\\/07\\\/10-X-10-ESPONJA-ANTIFUGAS-ANTDERGROUND.jpg\",\"datePublished\":\"2019-07-03T20:48:23+00:00\",\"description\":\"Ameisennest (10x10) mit integriertem Futtersuchkasten. Eines der ersten Antderground-Modelle. Anti-Leck-Ameisennest.\",\"breadcrumb\":{\"@id\":\"https:\\\/\\\/antderground.com\\\/de\\\/produkt\\\/acryl-ameisennest-10x10-mit-schwamm-futterkasten\\\/#breadcrumb\"},\"inLanguage\":\"de\",\"potentialAction\":[{\"@type\":\"ReadAction\",\"target\":[\"https:\\\/\\\/antderground.com\\\/de\\\/produkt\\\/acryl-ameisennest-10x10-mit-schwamm-futterkasten\\\/\"]}]},{\"@type\":\"ImageObject\",\"inLanguage\":\"de\",\"@id\":\"https:\\\/\\\/antderground.com\\\/de\\\/produkt\\\/acryl-ameisennest-10x10-mit-schwamm-futterkasten\\\/#primaryimage\",\"url\":\"https:\\\/\\\/antderground.com\\\/wp-content\\\/uploads\\\/2019\\\/07\\\/10-X-10-ESPONJA-ANTIFUGAS-ANTDERGROUND.jpg\",\"contentUrl\":\"https:\\\/\\\/antderground.com\\\/wp-content\\\/uploads\\\/2019\\\/07\\\/10-X-10-ESPONJA-ANTIFUGAS-ANTDERGROUND.jpg\",\"width\":567,\"height\":567,\"caption\":\"Acryl-Ameisennest (10x10) mit Schwamm und Futtersuchkasten.\"},{\"@type\":\"BreadcrumbList\",\"@id\":\"https:\\\/\\\/antderground.com\\\/de\\\/produkt\\\/acryl-ameisennest-10x10-mit-schwamm-futterkasten\\\/#breadcrumb\",\"itemListElement\":[{\"@type\":\"ListItem\",\"position\":1,\"name\":\"Portada\",\"item\":\"https:\\\/\\\/antderground.com\\\/de\\\/\"},{\"@type\":\"ListItem\",\"position\":2,\"name\":\"Shop\",\"item\":\"https:\\\/\\\/antderground.com\\\/de\\\/shop\\\/\"},{\"@type\":\"ListItem\",\"position\":3,\"name\":\"Acryl-Ameisennest (10&#215;10) mit Schwamm + Futterkasten.\"}]},{\"@type\":\"WebSite\",\"@id\":\"https:\\\/\\\/antderground.com\\\/de\\\/#website\",\"url\":\"https:\\\/\\\/antderground.com\\\/de\\\/\",\"name\":\"ANTDERGROUND\",\"description\":\"Tu tienda de hormigas, gran variedad de hormigueros acr\u00edlicos,madera,arena,3D y mas.. Pide tus hormigas gratis con tu pedido, somos expertos en hormigueros antifugas.\",\"publisher\":{\"@id\":\"https:\\\/\\\/antderground.com\\\/de\\\/#\\\/schema\\\/person\\\/0e322c505e84fe72c65e2f6d08f96b81\"},\"alternateName\":\"Antderground\",\"potentialAction\":[{\"@type\":\"SearchAction\",\"target\":{\"@type\":\"EntryPoint\",\"urlTemplate\":\"https:\\\/\\\/antderground.com\\\/de\\\/?s={search_term_string}\"},\"query-input\":{\"@type\":\"PropertyValueSpecification\",\"valueRequired\":true,\"valueName\":\"search_term_string\"}}],\"inLanguage\":\"de\"},{\"@type\":[\"Person\",\"Organization\"],\"@id\":\"https:\\\/\\\/antderground.com\\\/de\\\/#\\\/schema\\\/person\\\/0e322c505e84fe72c65e2f6d08f96b81\",\"name\":\"Eric de Antderground\",\"image\":{\"@type\":\"ImageObject\",\"inLanguage\":\"de\",\"@id\":\"https:\\\/\\\/secure.gravatar.com\\\/avatar\\\/c49a1b9f79216d1498cb73c1e85cd47f4465dda35f2a94c03790d491bd4423c3?s=96&d=mm&r=g\",\"url\":\"https:\\\/\\\/secure.gravatar.com\\\/avatar\\\/c49a1b9f79216d1498cb73c1e85cd47f4465dda35f2a94c03790d491bd4423c3?s=96&d=mm&r=g\",\"contentUrl\":\"https:\\\/\\\/secure.gravatar.com\\\/avatar\\\/c49a1b9f79216d1498cb73c1e85cd47f4465dda35f2a94c03790d491bd4423c3?s=96&d=mm&r=g\",\"caption\":\"Eric de Antderground\"},\"logo\":{\"@id\":\"https:\\\/\\\/secure.gravatar.com\\\/avatar\\\/c49a1b9f79216d1498cb73c1e85cd47f4465dda35f2a94c03790d491bd4423c3?s=96&d=mm&r=g\"},\"description\":\"Eric es el especialista y fundador de Antderground, con una amplia trayectoria en artr\u00f3podos y enfocado en la mirmecolog\u00eda y el dise\u00f1o de hormigueros artificiales. Su enfoque combina la innovaci\u00f3n t\u00e9cnica con el respeto por la biolog\u00eda de las hormigas, is\u00f3podos y otros, desarrollando sistemas de nidos modulares 3D y acr\u00edlicos que son referentes para aficionados y profesionales en toda Europa. Su objetivo es facilitar la cr\u00eda de hormigas y otros artr\u00f3podos mediante soluciones seguras y divulgaci\u00f3n de calidad.\",\"sameAs\":[\"https:\\\/\\\/antderground.com\\\/\",\"https:\\\/\\\/www.youtube.com\\\/channel\\\/UCio72z7TlbufkAthAJIJfPw\"]}]}<\/script>\n<!-- \/ Yoast SEO plugin. -->","yoast_head_json":{"title":"Acryl-Ameisennest (10x10) mit Schwamm + Futterkasten- ANTDERGROUND","description":"Ameisennest (10x10) mit integriertem Futtersuchkasten. Eines der ersten Antderground-Modelle. Anti-Leck-Ameisennest.","robots":{"index":"index","follow":"follow","max-snippet":"max-snippet:-1","max-image-preview":"max-image-preview:large","max-video-preview":"max-video-preview:-1"},"canonical":"https:\/\/antderground.com\/de\/produkt\/acryl-ameisennest-10x10-mit-schwamm-futterkasten\/","og_locale":"de_DE","og_type":"article","og_title":"Acryl-Ameisennest (10x10) mit Schwamm + Futterkasten- ANTDERGROUND","og_description":"Ameisennest (10x10) mit integriertem Futtersuchkasten. Eines der ersten Antderground-Modelle. Anti-Leck-Ameisennest.","og_url":"https:\/\/antderground.com\/de\/produkt\/acryl-ameisennest-10x10-mit-schwamm-futterkasten\/","og_site_name":"ANTDERGROUND","og_image":[{"width":567,"height":567,"url":"https:\/\/antderground.com\/wp-content\/uploads\/2019\/07\/10-X-10-ESPONJA-ANTIFUGAS-ANTDERGROUND.jpg","type":"image\/jpeg"}],"twitter_card":"summary_large_image","schema":{"@context":"https:\/\/schema.org","@graph":[{"@type":"WebPage","@id":"https:\/\/antderground.com\/de\/produkt\/acryl-ameisennest-10x10-mit-schwamm-futterkasten\/","url":"https:\/\/antderground.com\/de\/produkt\/acryl-ameisennest-10x10-mit-schwamm-futterkasten\/","name":"Acryl-Ameisennest (10x10) mit Schwamm + Futterkasten- ANTDERGROUND","isPartOf":{"@id":"https:\/\/antderground.com\/de\/#website"},"primaryImageOfPage":{"@id":"https:\/\/antderground.com\/de\/produkt\/acryl-ameisennest-10x10-mit-schwamm-futterkasten\/#primaryimage"},"image":{"@id":"https:\/\/antderground.com\/de\/produkt\/acryl-ameisennest-10x10-mit-schwamm-futterkasten\/#primaryimage"},"thumbnailUrl":"https:\/\/antderground.com\/wp-content\/uploads\/2019\/07\/10-X-10-ESPONJA-ANTIFUGAS-ANTDERGROUND.jpg","datePublished":"2019-07-03T20:48:23+00:00","description":"Ameisennest (10x10) mit integriertem Futtersuchkasten. Eines der ersten Antderground-Modelle. Anti-Leck-Ameisennest.","breadcrumb":{"@id":"https:\/\/antderground.com\/de\/produkt\/acryl-ameisennest-10x10-mit-schwamm-futterkasten\/#breadcrumb"},"inLanguage":"de","potentialAction":[{"@type":"ReadAction","target":["https:\/\/antderground.com\/de\/produkt\/acryl-ameisennest-10x10-mit-schwamm-futterkasten\/"]}]},{"@type":"ImageObject","inLanguage":"de","@id":"https:\/\/antderground.com\/de\/produkt\/acryl-ameisennest-10x10-mit-schwamm-futterkasten\/#primaryimage","url":"https:\/\/antderground.com\/wp-content\/uploads\/2019\/07\/10-X-10-ESPONJA-ANTIFUGAS-ANTDERGROUND.jpg","contentUrl":"https:\/\/antderground.com\/wp-content\/uploads\/2019\/07\/10-X-10-ESPONJA-ANTIFUGAS-ANTDERGROUND.jpg","width":567,"height":567,"caption":"Acryl-Ameisennest (10x10) mit Schwamm und Futtersuchkasten."},{"@type":"BreadcrumbList","@id":"https:\/\/antderground.com\/de\/produkt\/acryl-ameisennest-10x10-mit-schwamm-futterkasten\/#breadcrumb","itemListElement":[{"@type":"ListItem","position":1,"name":"Portada","item":"https:\/\/antderground.com\/de\/"},{"@type":"ListItem","position":2,"name":"Shop","item":"https:\/\/antderground.com\/de\/shop\/"},{"@type":"ListItem","position":3,"name":"Acryl-Ameisennest (10&#215;10) mit Schwamm + Futterkasten."}]},{"@type":"WebSite","@id":"https:\/\/antderground.com\/de\/#website","url":"https:\/\/antderground.com\/de\/","name":"ANTDERGROUND","description":"Tu tienda de hormigas, gran variedad de hormigueros acr\u00edlicos,madera,arena,3D y mas.. Pide tus hormigas gratis con tu pedido, somos expertos en hormigueros antifugas.","publisher":{"@id":"https:\/\/antderground.com\/de\/#\/schema\/person\/0e322c505e84fe72c65e2f6d08f96b81"},"alternateName":"Antderground","potentialAction":[{"@type":"SearchAction","target":{"@type":"EntryPoint","urlTemplate":"https:\/\/antderground.com\/de\/?s={search_term_string}"},"query-input":{"@type":"PropertyValueSpecification","valueRequired":true,"valueName":"search_term_string"}}],"inLanguage":"de"},{"@type":["Person","Organization"],"@id":"https:\/\/antderground.com\/de\/#\/schema\/person\/0e322c505e84fe72c65e2f6d08f96b81","name":"Eric de Antderground","image":{"@type":"ImageObject","inLanguage":"de","@id":"https:\/\/secure.gravatar.com\/avatar\/c49a1b9f79216d1498cb73c1e85cd47f4465dda35f2a94c03790d491bd4423c3?s=96&d=mm&r=g","url":"https:\/\/secure.gravatar.com\/avatar\/c49a1b9f79216d1498cb73c1e85cd47f4465dda35f2a94c03790d491bd4423c3?s=96&d=mm&r=g","contentUrl":"https:\/\/secure.gravatar.com\/avatar\/c49a1b9f79216d1498cb73c1e85cd47f4465dda35f2a94c03790d491bd4423c3?s=96&d=mm&r=g","caption":"Eric de Antderground"},"logo":{"@id":"https:\/\/secure.gravatar.com\/avatar\/c49a1b9f79216d1498cb73c1e85cd47f4465dda35f2a94c03790d491bd4423c3?s=96&d=mm&r=g"},"description":"Eric es el especialista y fundador de Antderground, con una amplia trayectoria en artr\u00f3podos y enfocado en la mirmecolog\u00eda y el dise\u00f1o de hormigueros artificiales. Su enfoque combina la innovaci\u00f3n t\u00e9cnica con el respeto por la biolog\u00eda de las hormigas, is\u00f3podos y otros, desarrollando sistemas de nidos modulares 3D y acr\u00edlicos que son referentes para aficionados y profesionales en toda Europa. Su objetivo es facilitar la cr\u00eda de hormigas y otros artr\u00f3podos mediante soluciones seguras y divulgaci\u00f3n de calidad.","sameAs":["https:\/\/antderground.com\/","https:\/\/www.youtube.com\/channel\/UCio72z7TlbufkAthAJIJfPw"]}]}},"_links":{"self":[{"href":"https:\/\/antderground.com\/de\/wp-json\/wp\/v2\/product\/26956","targetHints":{"allow":["GET"]}}],"collection":[{"href":"https:\/\/antderground.com\/de\/wp-json\/wp\/v2\/product"}],"about":[{"href":"https:\/\/antderground.com\/de\/wp-json\/wp\/v2\/types\/product"}],"version-history":[{"count":0,"href":"https:\/\/antderground.com\/de\/wp-json\/wp\/v2\/product\/26956\/revisions"}],"wp:featuredmedia":[{"embeddable":true,"href":"https:\/\/antderground.com\/de\/wp-json\/wp\/v2\/media\/23021"}],"wp:attachment":[{"href":"https:\/\/antderground.com\/de\/wp-json\/wp\/v2\/media?parent=26956"}],"wp:term":[{"taxonomy":"product_brand","embeddable":true,"href":"https:\/\/antderground.com\/de\/wp-json\/wp\/v2\/product_brand?post=26956"},{"taxonomy":"product_cat","embeddable":true,"href":"https:\/\/antderground.com\/de\/wp-json\/wp\/v2\/product_cat?post=26956"},{"taxonomy":"product_tag","embeddable":true,"href":"https:\/\/antderground.com\/de\/wp-json\/wp\/v2\/product_tag?post=26956"}],"curies":[{"name":"wp","href":"https:\/\/api.w.org\/{rel}","templated":true}]}}