{"id":26972,"date":"2022-06-14T20:39:44","date_gmt":"2022-06-14T18:39:44","guid":{"rendered":"https:\/\/www.antderground.com\/producto\/acryl-ameisennest-7x5-fur-ameisenkoniginnen\/"},"modified":"2024-08-19T11:54:37","modified_gmt":"2024-08-19T09:54:37","slug":"acryl-ameisennest-7x5-fur-ameisenkoniginnen","status":"publish","type":"product","link":"https:\/\/antderground.com\/de\/produkt\/acryl-ameisennest-7x5-fur-ameisenkoniginnen\/","title":{"rendered":"3D Ameisennest v2 (7\u00d74,5cm) f\u00fcr Ameisenk\u00f6niginnen"},"content":{"rendered":"","protected":false},"excerpt":{"rendered":"<p>Entdecken Sie Version 2 des 3D-Starternestes, ideal f\u00fcr die Gr\u00fcndung von Ameisenkolonien. Diese neue Version verbessert die Verbindungen und verf\u00fcgt \u00fcber einen inneren Trennteil, der sich nicht schlie\u00dfen l\u00e4sst, was die Erweiterung erleichtert. Es besteht aus PLA-Material, das bessere Oberfl\u00e4chen und die gleiche Widerstandsf\u00e4higkeit bietet.<\/p>\n<p><strong>Merkmale des Ameisenhaufens:<\/strong><br \/>\nGr\u00f6\u00dfe: 7 cm x 4,5 cm.<br \/>\nTr\u00e4nke: 20 ml (neues).<br \/>\nFarbe: Wei\u00df.<br \/>\nDeckel: in roter Farbe enthalten.<br \/>\nT\u00fcr: Drehbar mit Sicherheitssystem.<\/p>\n","protected":false},"featured_media":35853,"template":"","meta":[],"product_brand":[],"product_cat":[504,505,503,499],"product_tag":[],"class_list":{"0":"post-26972","1":"product","2":"type-product","3":"status-publish","4":"has-post-thumbnail","6":"product_cat-ameisennester","7":"product_cat-ameisenfarmen-3d","8":"product_cat-kleine-ameisennester","9":"product_cat-neuheiten","11":"first","12":"instock","13":"shipping-taxable","14":"purchasable","15":"product-type-simple"},"yoast_head":"<!-- This site is optimized with the Yoast SEO plugin v27.5 - https:\/\/yoast.com\/product\/yoast-seo-wordpress\/ -->\n<title>3D Ameisennest v2 (7\u00d74,5cm) f\u00fcr Ameisenk\u00f6niginnen ANTDERGROUND<\/title>\n<meta name=\"description\" content=\"Entdecken Sie dieses Ameisennest, das ideal f\u00fcr die Gr\u00fcndung einer Ameisenkolonie ist, ein ideales Nest f\u00fcr unsere Ameisenk\u00f6nigin.\" \/>\n<meta name=\"robots\" content=\"index, follow, max-snippet:-1, max-image-preview:large, max-video-preview:-1\" \/>\n<link rel=\"canonical\" href=\"https:\/\/antderground.com\/de\/produkt\/acryl-ameisennest-7x5-fur-ameisenkoniginnen\/\" \/>\n<meta property=\"og:locale\" content=\"de_DE\" \/>\n<meta property=\"og:type\" content=\"article\" \/>\n<meta property=\"og:title\" content=\"3D Ameisennest v2 (7\u00d74,5cm) f\u00fcr Ameisenk\u00f6niginnen ANTDERGROUND\" \/>\n<meta property=\"og:description\" content=\"Entdecken Sie dieses Ameisennest, das ideal f\u00fcr die Gr\u00fcndung einer Ameisenkolonie ist, ein ideales Nest f\u00fcr unsere Ameisenk\u00f6nigin.\" \/>\n<meta property=\"og:url\" content=\"https:\/\/antderground.com\/de\/produkt\/acryl-ameisennest-7x5-fur-ameisenkoniginnen\/\" \/>\n<meta property=\"og:site_name\" content=\"ANTDERGROUND\" \/>\n<meta property=\"article:modified_time\" content=\"2024-08-19T09:54:37+00:00\" \/>\n<meta property=\"og:image\" content=\"https:\/\/antderground.com\/wp-content\/uploads\/2022\/06\/reinerovv2.jpg\" \/>\n\t<meta property=\"og:image:width\" content=\"1600\" \/>\n\t<meta property=\"og:image:height\" content=\"1600\" \/>\n\t<meta property=\"og:image:type\" content=\"image\/jpeg\" \/>\n<meta name=\"twitter:card\" content=\"summary_large_image\" \/>\n<script type=\"application\/ld+json\" class=\"yoast-schema-graph\">{\"@context\":\"https:\\\/\\\/schema.org\",\"@graph\":[{\"@type\":\"WebPage\",\"@id\":\"https:\\\/\\\/antderground.com\\\/de\\\/produkt\\\/acryl-ameisennest-7x5-fur-ameisenkoniginnen\\\/\",\"url\":\"https:\\\/\\\/antderground.com\\\/de\\\/produkt\\\/acryl-ameisennest-7x5-fur-ameisenkoniginnen\\\/\",\"name\":\"3D Ameisennest v2 (7\u00d74,5cm) f\u00fcr Ameisenk\u00f6niginnen ANTDERGROUND\",\"isPartOf\":{\"@id\":\"https:\\\/\\\/antderground.com\\\/de\\\/#website\"},\"primaryImageOfPage\":{\"@id\":\"https:\\\/\\\/antderground.com\\\/de\\\/produkt\\\/acryl-ameisennest-7x5-fur-ameisenkoniginnen\\\/#primaryimage\"},\"image\":{\"@id\":\"https:\\\/\\\/antderground.com\\\/de\\\/produkt\\\/acryl-ameisennest-7x5-fur-ameisenkoniginnen\\\/#primaryimage\"},\"thumbnailUrl\":\"https:\\\/\\\/antderground.com\\\/wp-content\\\/uploads\\\/2022\\\/06\\\/reinerovv2.jpg\",\"datePublished\":\"2022-06-14T18:39:44+00:00\",\"dateModified\":\"2024-08-19T09:54:37+00:00\",\"description\":\"Entdecken Sie dieses Ameisennest, das ideal f\u00fcr die Gr\u00fcndung einer Ameisenkolonie ist, ein ideales Nest f\u00fcr unsere Ameisenk\u00f6nigin.\",\"breadcrumb\":{\"@id\":\"https:\\\/\\\/antderground.com\\\/de\\\/produkt\\\/acryl-ameisennest-7x5-fur-ameisenkoniginnen\\\/#breadcrumb\"},\"inLanguage\":\"de\",\"potentialAction\":[{\"@type\":\"ReadAction\",\"target\":[\"https:\\\/\\\/antderground.com\\\/de\\\/produkt\\\/acryl-ameisennest-7x5-fur-ameisenkoniginnen\\\/\"]}]},{\"@type\":\"ImageObject\",\"inLanguage\":\"de\",\"@id\":\"https:\\\/\\\/antderground.com\\\/de\\\/produkt\\\/acryl-ameisennest-7x5-fur-ameisenkoniginnen\\\/#primaryimage\",\"url\":\"https:\\\/\\\/antderground.com\\\/wp-content\\\/uploads\\\/2022\\\/06\\\/reinerovv2.jpg\",\"contentUrl\":\"https:\\\/\\\/antderground.com\\\/wp-content\\\/uploads\\\/2022\\\/06\\\/reinerovv2.jpg\",\"width\":1600,\"height\":1600,\"caption\":\"3D Ameisennest v2 (7\u00d74,5cm) f\u00fcr Ameisenk\u00f6niginnen\"},{\"@type\":\"BreadcrumbList\",\"@id\":\"https:\\\/\\\/antderground.com\\\/de\\\/produkt\\\/acryl-ameisennest-7x5-fur-ameisenkoniginnen\\\/#breadcrumb\",\"itemListElement\":[{\"@type\":\"ListItem\",\"position\":1,\"name\":\"Portada\",\"item\":\"https:\\\/\\\/antderground.com\\\/de\\\/\"},{\"@type\":\"ListItem\",\"position\":2,\"name\":\"Shop\",\"item\":\"https:\\\/\\\/antderground.com\\\/de\\\/shop\\\/\"},{\"@type\":\"ListItem\",\"position\":3,\"name\":\"3D Ameisennest v2 (7\u00d74,5cm) f\u00fcr Ameisenk\u00f6niginnen\"}]},{\"@type\":\"WebSite\",\"@id\":\"https:\\\/\\\/antderground.com\\\/de\\\/#website\",\"url\":\"https:\\\/\\\/antderground.com\\\/de\\\/\",\"name\":\"ANTDERGROUND\",\"description\":\"Tu tienda de hormigas, gran variedad de hormigueros acr\u00edlicos,madera,arena,3D y mas.. Pide tus hormigas gratis con tu pedido, somos expertos en hormigueros antifugas.\",\"publisher\":{\"@id\":\"https:\\\/\\\/antderground.com\\\/de\\\/#\\\/schema\\\/person\\\/0e322c505e84fe72c65e2f6d08f96b81\"},\"alternateName\":\"Antderground\",\"potentialAction\":[{\"@type\":\"SearchAction\",\"target\":{\"@type\":\"EntryPoint\",\"urlTemplate\":\"https:\\\/\\\/antderground.com\\\/de\\\/?s={search_term_string}\"},\"query-input\":{\"@type\":\"PropertyValueSpecification\",\"valueRequired\":true,\"valueName\":\"search_term_string\"}}],\"inLanguage\":\"de\"},{\"@type\":[\"Person\",\"Organization\"],\"@id\":\"https:\\\/\\\/antderground.com\\\/de\\\/#\\\/schema\\\/person\\\/0e322c505e84fe72c65e2f6d08f96b81\",\"name\":\"Eric de Antderground\",\"image\":{\"@type\":\"ImageObject\",\"inLanguage\":\"de\",\"@id\":\"https:\\\/\\\/secure.gravatar.com\\\/avatar\\\/c49a1b9f79216d1498cb73c1e85cd47f4465dda35f2a94c03790d491bd4423c3?s=96&d=mm&r=g\",\"url\":\"https:\\\/\\\/secure.gravatar.com\\\/avatar\\\/c49a1b9f79216d1498cb73c1e85cd47f4465dda35f2a94c03790d491bd4423c3?s=96&d=mm&r=g\",\"contentUrl\":\"https:\\\/\\\/secure.gravatar.com\\\/avatar\\\/c49a1b9f79216d1498cb73c1e85cd47f4465dda35f2a94c03790d491bd4423c3?s=96&d=mm&r=g\",\"caption\":\"Eric de Antderground\"},\"logo\":{\"@id\":\"https:\\\/\\\/secure.gravatar.com\\\/avatar\\\/c49a1b9f79216d1498cb73c1e85cd47f4465dda35f2a94c03790d491bd4423c3?s=96&d=mm&r=g\"},\"description\":\"Eric es el especialista y fundador de Antderground, con una amplia trayectoria en artr\u00f3podos y enfocado en la mirmecolog\u00eda y el dise\u00f1o de hormigueros artificiales. Su enfoque combina la innovaci\u00f3n t\u00e9cnica con el respeto por la biolog\u00eda de las hormigas, is\u00f3podos y otros, desarrollando sistemas de nidos modulares 3D y acr\u00edlicos que son referentes para aficionados y profesionales en toda Europa. Su objetivo es facilitar la cr\u00eda de hormigas y otros artr\u00f3podos mediante soluciones seguras y divulgaci\u00f3n de calidad.\",\"sameAs\":[\"https:\\\/\\\/antderground.com\\\/\",\"https:\\\/\\\/www.youtube.com\\\/channel\\\/UCio72z7TlbufkAthAJIJfPw\"]}]}<\/script>\n<!-- \/ Yoast SEO plugin. -->","yoast_head_json":{"title":"3D Ameisennest v2 (7\u00d74,5cm) f\u00fcr Ameisenk\u00f6niginnen ANTDERGROUND","description":"Entdecken Sie dieses Ameisennest, das ideal f\u00fcr die Gr\u00fcndung einer Ameisenkolonie ist, ein ideales Nest f\u00fcr unsere Ameisenk\u00f6nigin.","robots":{"index":"index","follow":"follow","max-snippet":"max-snippet:-1","max-image-preview":"max-image-preview:large","max-video-preview":"max-video-preview:-1"},"canonical":"https:\/\/antderground.com\/de\/produkt\/acryl-ameisennest-7x5-fur-ameisenkoniginnen\/","og_locale":"de_DE","og_type":"article","og_title":"3D Ameisennest v2 (7\u00d74,5cm) f\u00fcr Ameisenk\u00f6niginnen ANTDERGROUND","og_description":"Entdecken Sie dieses Ameisennest, das ideal f\u00fcr die Gr\u00fcndung einer Ameisenkolonie ist, ein ideales Nest f\u00fcr unsere Ameisenk\u00f6nigin.","og_url":"https:\/\/antderground.com\/de\/produkt\/acryl-ameisennest-7x5-fur-ameisenkoniginnen\/","og_site_name":"ANTDERGROUND","article_modified_time":"2024-08-19T09:54:37+00:00","og_image":[{"width":1600,"height":1600,"url":"https:\/\/antderground.com\/wp-content\/uploads\/2022\/06\/reinerovv2.jpg","type":"image\/jpeg"}],"twitter_card":"summary_large_image","schema":{"@context":"https:\/\/schema.org","@graph":[{"@type":"WebPage","@id":"https:\/\/antderground.com\/de\/produkt\/acryl-ameisennest-7x5-fur-ameisenkoniginnen\/","url":"https:\/\/antderground.com\/de\/produkt\/acryl-ameisennest-7x5-fur-ameisenkoniginnen\/","name":"3D Ameisennest v2 (7\u00d74,5cm) f\u00fcr Ameisenk\u00f6niginnen ANTDERGROUND","isPartOf":{"@id":"https:\/\/antderground.com\/de\/#website"},"primaryImageOfPage":{"@id":"https:\/\/antderground.com\/de\/produkt\/acryl-ameisennest-7x5-fur-ameisenkoniginnen\/#primaryimage"},"image":{"@id":"https:\/\/antderground.com\/de\/produkt\/acryl-ameisennest-7x5-fur-ameisenkoniginnen\/#primaryimage"},"thumbnailUrl":"https:\/\/antderground.com\/wp-content\/uploads\/2022\/06\/reinerovv2.jpg","datePublished":"2022-06-14T18:39:44+00:00","dateModified":"2024-08-19T09:54:37+00:00","description":"Entdecken Sie dieses Ameisennest, das ideal f\u00fcr die Gr\u00fcndung einer Ameisenkolonie ist, ein ideales Nest f\u00fcr unsere Ameisenk\u00f6nigin.","breadcrumb":{"@id":"https:\/\/antderground.com\/de\/produkt\/acryl-ameisennest-7x5-fur-ameisenkoniginnen\/#breadcrumb"},"inLanguage":"de","potentialAction":[{"@type":"ReadAction","target":["https:\/\/antderground.com\/de\/produkt\/acryl-ameisennest-7x5-fur-ameisenkoniginnen\/"]}]},{"@type":"ImageObject","inLanguage":"de","@id":"https:\/\/antderground.com\/de\/produkt\/acryl-ameisennest-7x5-fur-ameisenkoniginnen\/#primaryimage","url":"https:\/\/antderground.com\/wp-content\/uploads\/2022\/06\/reinerovv2.jpg","contentUrl":"https:\/\/antderground.com\/wp-content\/uploads\/2022\/06\/reinerovv2.jpg","width":1600,"height":1600,"caption":"3D Ameisennest v2 (7\u00d74,5cm) f\u00fcr Ameisenk\u00f6niginnen"},{"@type":"BreadcrumbList","@id":"https:\/\/antderground.com\/de\/produkt\/acryl-ameisennest-7x5-fur-ameisenkoniginnen\/#breadcrumb","itemListElement":[{"@type":"ListItem","position":1,"name":"Portada","item":"https:\/\/antderground.com\/de\/"},{"@type":"ListItem","position":2,"name":"Shop","item":"https:\/\/antderground.com\/de\/shop\/"},{"@type":"ListItem","position":3,"name":"3D Ameisennest v2 (7\u00d74,5cm) f\u00fcr Ameisenk\u00f6niginnen"}]},{"@type":"WebSite","@id":"https:\/\/antderground.com\/de\/#website","url":"https:\/\/antderground.com\/de\/","name":"ANTDERGROUND","description":"Tu tienda de hormigas, gran variedad de hormigueros acr\u00edlicos,madera,arena,3D y mas.. Pide tus hormigas gratis con tu pedido, somos expertos en hormigueros antifugas.","publisher":{"@id":"https:\/\/antderground.com\/de\/#\/schema\/person\/0e322c505e84fe72c65e2f6d08f96b81"},"alternateName":"Antderground","potentialAction":[{"@type":"SearchAction","target":{"@type":"EntryPoint","urlTemplate":"https:\/\/antderground.com\/de\/?s={search_term_string}"},"query-input":{"@type":"PropertyValueSpecification","valueRequired":true,"valueName":"search_term_string"}}],"inLanguage":"de"},{"@type":["Person","Organization"],"@id":"https:\/\/antderground.com\/de\/#\/schema\/person\/0e322c505e84fe72c65e2f6d08f96b81","name":"Eric de Antderground","image":{"@type":"ImageObject","inLanguage":"de","@id":"https:\/\/secure.gravatar.com\/avatar\/c49a1b9f79216d1498cb73c1e85cd47f4465dda35f2a94c03790d491bd4423c3?s=96&d=mm&r=g","url":"https:\/\/secure.gravatar.com\/avatar\/c49a1b9f79216d1498cb73c1e85cd47f4465dda35f2a94c03790d491bd4423c3?s=96&d=mm&r=g","contentUrl":"https:\/\/secure.gravatar.com\/avatar\/c49a1b9f79216d1498cb73c1e85cd47f4465dda35f2a94c03790d491bd4423c3?s=96&d=mm&r=g","caption":"Eric de Antderground"},"logo":{"@id":"https:\/\/secure.gravatar.com\/avatar\/c49a1b9f79216d1498cb73c1e85cd47f4465dda35f2a94c03790d491bd4423c3?s=96&d=mm&r=g"},"description":"Eric es el especialista y fundador de Antderground, con una amplia trayectoria en artr\u00f3podos y enfocado en la mirmecolog\u00eda y el dise\u00f1o de hormigueros artificiales. Su enfoque combina la innovaci\u00f3n t\u00e9cnica con el respeto por la biolog\u00eda de las hormigas, is\u00f3podos y otros, desarrollando sistemas de nidos modulares 3D y acr\u00edlicos que son referentes para aficionados y profesionales en toda Europa. Su objetivo es facilitar la cr\u00eda de hormigas y otros artr\u00f3podos mediante soluciones seguras y divulgaci\u00f3n de calidad.","sameAs":["https:\/\/antderground.com\/","https:\/\/www.youtube.com\/channel\/UCio72z7TlbufkAthAJIJfPw"]}]}},"_links":{"self":[{"href":"https:\/\/antderground.com\/de\/wp-json\/wp\/v2\/product\/26972","targetHints":{"allow":["GET"]}}],"collection":[{"href":"https:\/\/antderground.com\/de\/wp-json\/wp\/v2\/product"}],"about":[{"href":"https:\/\/antderground.com\/de\/wp-json\/wp\/v2\/types\/product"}],"version-history":[{"count":0,"href":"https:\/\/antderground.com\/de\/wp-json\/wp\/v2\/product\/26972\/revisions"}],"wp:featuredmedia":[{"embeddable":true,"href":"https:\/\/antderground.com\/de\/wp-json\/wp\/v2\/media\/35853"}],"wp:attachment":[{"href":"https:\/\/antderground.com\/de\/wp-json\/wp\/v2\/media?parent=26972"}],"wp:term":[{"taxonomy":"product_brand","embeddable":true,"href":"https:\/\/antderground.com\/de\/wp-json\/wp\/v2\/product_brand?post=26972"},{"taxonomy":"product_cat","embeddable":true,"href":"https:\/\/antderground.com\/de\/wp-json\/wp\/v2\/product_cat?post=26972"},{"taxonomy":"product_tag","embeddable":true,"href":"https:\/\/antderground.com\/de\/wp-json\/wp\/v2\/product_tag?post=26972"}],"curies":[{"name":"wp","href":"https:\/\/api.w.org\/{rel}","templated":true}]}}