{"id":26973,"date":"2022-05-31T18:45:04","date_gmt":"2022-05-31T16:45:04","guid":{"rendered":"https:\/\/www.antderground.com\/producto\/feuchtigkeitssystem-und-tranke-fur-ameisen\/"},"modified":"2022-05-31T18:45:04","modified_gmt":"2022-05-31T16:45:04","slug":"feuchtigkeitssystem-und-tranke-fur-ameisen","status":"publish","type":"product","link":"https:\/\/antderground.com\/de\/produkt\/feuchtigkeitssystem-und-tranke-fur-ameisen\/","title":{"rendered":"Feuchtigkeitssystem und Tr\u00e4nke f\u00fcr Ameisen"},"content":{"rendered":"","protected":false},"excerpt":{"rendered":"<p>Feuchtigkeitssystem und Tr\u00e4nke f\u00fcr Ameisen. Ideal zum Anschluss an jedes Ameisennest oder Futterkasten.<\/p>\n<p>Vollst\u00e4ndig dicht (Anti-Leckage) und mit einem Design, das eine vertikale oder horizontale Verbindung erm\u00f6glicht.<\/p>\n<p>Reservoir (20 ml).<\/p>\n<p>Nicht geeignet f\u00fcr zuckerhaltige Fl\u00fcssigkeiten.<\/p>\n","protected":false},"featured_media":25806,"template":"","meta":[],"product_brand":[],"product_cat":[514,525,526,499],"product_tag":[],"class_list":{"0":"post-26973","1":"product","2":"type-product","3":"status-publish","4":"has-post-thumbnail","6":"product_cat-zubehor","7":"product_cat-tranken-und-futtertroge","8":"product_cat-anschlusse","9":"product_cat-neuheiten","11":"first","12":"instock","13":"shipping-taxable","14":"purchasable","15":"product-type-simple"},"yoast_head":"<!-- This site is optimized with the Yoast SEO plugin v27.4 - https:\/\/yoast.com\/product\/yoast-seo-wordpress\/ -->\n<title>Feuchtigkeitssystem und Tr\u00e4nke f\u00fcr Ameisen - ANTDERGROUND<\/title>\n<meta name=\"robots\" content=\"index, follow, max-snippet:-1, max-image-preview:large, max-video-preview:-1\" \/>\n<link rel=\"canonical\" href=\"https:\/\/antderground.com\/de\/produkt\/feuchtigkeitssystem-und-tranke-fur-ameisen\/\" \/>\n<meta property=\"og:locale\" content=\"de_DE\" \/>\n<meta property=\"og:type\" content=\"article\" \/>\n<meta property=\"og:title\" content=\"Feuchtigkeitssystem und Tr\u00e4nke f\u00fcr Ameisen - ANTDERGROUND\" \/>\n<meta property=\"og:description\" content=\"Feuchtigkeitssystem und Tr\u00e4nke f\u00fcr Ameisen. Ideal zum Anschluss an jedes Ameisennest oder Futterkasten.  Vollst\u00e4ndig dicht (Anti-Leckage) und mit einem Design, das eine vertikale oder horizontale Verbindung erm\u00f6glicht.  Reservoir (20 ml).  Nicht geeignet f\u00fcr zuckerhaltige Fl\u00fcssigkeiten.\" \/>\n<meta property=\"og:url\" content=\"https:\/\/antderground.com\/de\/produkt\/feuchtigkeitssystem-und-tranke-fur-ameisen\/\" \/>\n<meta property=\"og:site_name\" content=\"ANTDERGROUND\" \/>\n<meta property=\"og:image\" content=\"https:\/\/antderground.com\/wp-content\/uploads\/2022\/05\/bebedero-humedad-para-hormigas.jpg\" \/>\n\t<meta property=\"og:image:width\" content=\"1752\" \/>\n\t<meta property=\"og:image:height\" content=\"1752\" \/>\n\t<meta property=\"og:image:type\" content=\"image\/jpeg\" \/>\n<meta name=\"twitter:card\" content=\"summary_large_image\" \/>\n<script type=\"application\/ld+json\" class=\"yoast-schema-graph\">{\"@context\":\"https:\\\/\\\/schema.org\",\"@graph\":[{\"@type\":\"WebPage\",\"@id\":\"https:\\\/\\\/antderground.com\\\/de\\\/produkt\\\/feuchtigkeitssystem-und-tranke-fur-ameisen\\\/\",\"url\":\"https:\\\/\\\/antderground.com\\\/de\\\/produkt\\\/feuchtigkeitssystem-und-tranke-fur-ameisen\\\/\",\"name\":\"Feuchtigkeitssystem und Tr\u00e4nke f\u00fcr Ameisen - ANTDERGROUND\",\"isPartOf\":{\"@id\":\"https:\\\/\\\/antderground.com\\\/de\\\/#website\"},\"primaryImageOfPage\":{\"@id\":\"https:\\\/\\\/antderground.com\\\/de\\\/produkt\\\/feuchtigkeitssystem-und-tranke-fur-ameisen\\\/#primaryimage\"},\"image\":{\"@id\":\"https:\\\/\\\/antderground.com\\\/de\\\/produkt\\\/feuchtigkeitssystem-und-tranke-fur-ameisen\\\/#primaryimage\"},\"thumbnailUrl\":\"https:\\\/\\\/antderground.com\\\/wp-content\\\/uploads\\\/2022\\\/05\\\/bebedero-humedad-para-hormigas.jpg\",\"datePublished\":\"2022-05-31T16:45:04+00:00\",\"breadcrumb\":{\"@id\":\"https:\\\/\\\/antderground.com\\\/de\\\/produkt\\\/feuchtigkeitssystem-und-tranke-fur-ameisen\\\/#breadcrumb\"},\"inLanguage\":\"de\",\"potentialAction\":[{\"@type\":\"ReadAction\",\"target\":[\"https:\\\/\\\/antderground.com\\\/de\\\/produkt\\\/feuchtigkeitssystem-und-tranke-fur-ameisen\\\/\"]}]},{\"@type\":\"ImageObject\",\"inLanguage\":\"de\",\"@id\":\"https:\\\/\\\/antderground.com\\\/de\\\/produkt\\\/feuchtigkeitssystem-und-tranke-fur-ameisen\\\/#primaryimage\",\"url\":\"https:\\\/\\\/antderground.com\\\/wp-content\\\/uploads\\\/2022\\\/05\\\/bebedero-humedad-para-hormigas.jpg\",\"contentUrl\":\"https:\\\/\\\/antderground.com\\\/wp-content\\\/uploads\\\/2022\\\/05\\\/bebedero-humedad-para-hormigas.jpg\",\"width\":1752,\"height\":1752},{\"@type\":\"BreadcrumbList\",\"@id\":\"https:\\\/\\\/antderground.com\\\/de\\\/produkt\\\/feuchtigkeitssystem-und-tranke-fur-ameisen\\\/#breadcrumb\",\"itemListElement\":[{\"@type\":\"ListItem\",\"position\":1,\"name\":\"Portada\",\"item\":\"https:\\\/\\\/antderground.com\\\/de\\\/\"},{\"@type\":\"ListItem\",\"position\":2,\"name\":\"Shop\",\"item\":\"https:\\\/\\\/antderground.com\\\/de\\\/shop\\\/\"},{\"@type\":\"ListItem\",\"position\":3,\"name\":\"Feuchtigkeitssystem und Tr\u00e4nke f\u00fcr Ameisen\"}]},{\"@type\":\"WebSite\",\"@id\":\"https:\\\/\\\/antderground.com\\\/de\\\/#website\",\"url\":\"https:\\\/\\\/antderground.com\\\/de\\\/\",\"name\":\"ANTDERGROUND\",\"description\":\"Tu tienda de hormigas, gran variedad de hormigueros acr\u00edlicos,madera,arena,3D y mas.. Pide tus hormigas gratis con tu pedido, somos expertos en hormigueros antifugas.\",\"publisher\":{\"@id\":\"https:\\\/\\\/antderground.com\\\/de\\\/#\\\/schema\\\/person\\\/0e322c505e84fe72c65e2f6d08f96b81\"},\"alternateName\":\"Antderground\",\"potentialAction\":[{\"@type\":\"SearchAction\",\"target\":{\"@type\":\"EntryPoint\",\"urlTemplate\":\"https:\\\/\\\/antderground.com\\\/de\\\/?s={search_term_string}\"},\"query-input\":{\"@type\":\"PropertyValueSpecification\",\"valueRequired\":true,\"valueName\":\"search_term_string\"}}],\"inLanguage\":\"de\"},{\"@type\":[\"Person\",\"Organization\"],\"@id\":\"https:\\\/\\\/antderground.com\\\/de\\\/#\\\/schema\\\/person\\\/0e322c505e84fe72c65e2f6d08f96b81\",\"name\":\"Eric de Antderground\",\"image\":{\"@type\":\"ImageObject\",\"inLanguage\":\"de\",\"@id\":\"https:\\\/\\\/secure.gravatar.com\\\/avatar\\\/c49a1b9f79216d1498cb73c1e85cd47f4465dda35f2a94c03790d491bd4423c3?s=96&d=mm&r=g\",\"url\":\"https:\\\/\\\/secure.gravatar.com\\\/avatar\\\/c49a1b9f79216d1498cb73c1e85cd47f4465dda35f2a94c03790d491bd4423c3?s=96&d=mm&r=g\",\"contentUrl\":\"https:\\\/\\\/secure.gravatar.com\\\/avatar\\\/c49a1b9f79216d1498cb73c1e85cd47f4465dda35f2a94c03790d491bd4423c3?s=96&d=mm&r=g\",\"caption\":\"Eric de Antderground\"},\"logo\":{\"@id\":\"https:\\\/\\\/secure.gravatar.com\\\/avatar\\\/c49a1b9f79216d1498cb73c1e85cd47f4465dda35f2a94c03790d491bd4423c3?s=96&d=mm&r=g\"},\"description\":\"Eric es el especialista y fundador de Antderground, con una amplia trayectoria en artr\u00f3podos y enfocado en la mirmecolog\u00eda y el dise\u00f1o de hormigueros artificiales. Su enfoque combina la innovaci\u00f3n t\u00e9cnica con el respeto por la biolog\u00eda de las hormigas, is\u00f3podos y otros, desarrollando sistemas de nidos modulares 3D y acr\u00edlicos que son referentes para aficionados y profesionales en toda Europa. Su objetivo es facilitar la cr\u00eda de hormigas y otros artr\u00f3podos mediante soluciones seguras y divulgaci\u00f3n de calidad.\",\"sameAs\":[\"https:\\\/\\\/antderground.com\\\/\",\"https:\\\/\\\/www.youtube.com\\\/channel\\\/UCio72z7TlbufkAthAJIJfPw\"]}]}<\/script>\n<!-- \/ Yoast SEO plugin. -->","yoast_head_json":{"title":"Feuchtigkeitssystem und Tr\u00e4nke f\u00fcr Ameisen - ANTDERGROUND","robots":{"index":"index","follow":"follow","max-snippet":"max-snippet:-1","max-image-preview":"max-image-preview:large","max-video-preview":"max-video-preview:-1"},"canonical":"https:\/\/antderground.com\/de\/produkt\/feuchtigkeitssystem-und-tranke-fur-ameisen\/","og_locale":"de_DE","og_type":"article","og_title":"Feuchtigkeitssystem und Tr\u00e4nke f\u00fcr Ameisen - ANTDERGROUND","og_description":"Feuchtigkeitssystem und Tr\u00e4nke f\u00fcr Ameisen. Ideal zum Anschluss an jedes Ameisennest oder Futterkasten.  Vollst\u00e4ndig dicht (Anti-Leckage) und mit einem Design, das eine vertikale oder horizontale Verbindung erm\u00f6glicht.  Reservoir (20 ml).  Nicht geeignet f\u00fcr zuckerhaltige Fl\u00fcssigkeiten.","og_url":"https:\/\/antderground.com\/de\/produkt\/feuchtigkeitssystem-und-tranke-fur-ameisen\/","og_site_name":"ANTDERGROUND","og_image":[{"width":1752,"height":1752,"url":"https:\/\/antderground.com\/wp-content\/uploads\/2022\/05\/bebedero-humedad-para-hormigas.jpg","type":"image\/jpeg"}],"twitter_card":"summary_large_image","schema":{"@context":"https:\/\/schema.org","@graph":[{"@type":"WebPage","@id":"https:\/\/antderground.com\/de\/produkt\/feuchtigkeitssystem-und-tranke-fur-ameisen\/","url":"https:\/\/antderground.com\/de\/produkt\/feuchtigkeitssystem-und-tranke-fur-ameisen\/","name":"Feuchtigkeitssystem und Tr\u00e4nke f\u00fcr Ameisen - ANTDERGROUND","isPartOf":{"@id":"https:\/\/antderground.com\/de\/#website"},"primaryImageOfPage":{"@id":"https:\/\/antderground.com\/de\/produkt\/feuchtigkeitssystem-und-tranke-fur-ameisen\/#primaryimage"},"image":{"@id":"https:\/\/antderground.com\/de\/produkt\/feuchtigkeitssystem-und-tranke-fur-ameisen\/#primaryimage"},"thumbnailUrl":"https:\/\/antderground.com\/wp-content\/uploads\/2022\/05\/bebedero-humedad-para-hormigas.jpg","datePublished":"2022-05-31T16:45:04+00:00","breadcrumb":{"@id":"https:\/\/antderground.com\/de\/produkt\/feuchtigkeitssystem-und-tranke-fur-ameisen\/#breadcrumb"},"inLanguage":"de","potentialAction":[{"@type":"ReadAction","target":["https:\/\/antderground.com\/de\/produkt\/feuchtigkeitssystem-und-tranke-fur-ameisen\/"]}]},{"@type":"ImageObject","inLanguage":"de","@id":"https:\/\/antderground.com\/de\/produkt\/feuchtigkeitssystem-und-tranke-fur-ameisen\/#primaryimage","url":"https:\/\/antderground.com\/wp-content\/uploads\/2022\/05\/bebedero-humedad-para-hormigas.jpg","contentUrl":"https:\/\/antderground.com\/wp-content\/uploads\/2022\/05\/bebedero-humedad-para-hormigas.jpg","width":1752,"height":1752},{"@type":"BreadcrumbList","@id":"https:\/\/antderground.com\/de\/produkt\/feuchtigkeitssystem-und-tranke-fur-ameisen\/#breadcrumb","itemListElement":[{"@type":"ListItem","position":1,"name":"Portada","item":"https:\/\/antderground.com\/de\/"},{"@type":"ListItem","position":2,"name":"Shop","item":"https:\/\/antderground.com\/de\/shop\/"},{"@type":"ListItem","position":3,"name":"Feuchtigkeitssystem und Tr\u00e4nke f\u00fcr Ameisen"}]},{"@type":"WebSite","@id":"https:\/\/antderground.com\/de\/#website","url":"https:\/\/antderground.com\/de\/","name":"ANTDERGROUND","description":"Tu tienda de hormigas, gran variedad de hormigueros acr\u00edlicos,madera,arena,3D y mas.. Pide tus hormigas gratis con tu pedido, somos expertos en hormigueros antifugas.","publisher":{"@id":"https:\/\/antderground.com\/de\/#\/schema\/person\/0e322c505e84fe72c65e2f6d08f96b81"},"alternateName":"Antderground","potentialAction":[{"@type":"SearchAction","target":{"@type":"EntryPoint","urlTemplate":"https:\/\/antderground.com\/de\/?s={search_term_string}"},"query-input":{"@type":"PropertyValueSpecification","valueRequired":true,"valueName":"search_term_string"}}],"inLanguage":"de"},{"@type":["Person","Organization"],"@id":"https:\/\/antderground.com\/de\/#\/schema\/person\/0e322c505e84fe72c65e2f6d08f96b81","name":"Eric de Antderground","image":{"@type":"ImageObject","inLanguage":"de","@id":"https:\/\/secure.gravatar.com\/avatar\/c49a1b9f79216d1498cb73c1e85cd47f4465dda35f2a94c03790d491bd4423c3?s=96&d=mm&r=g","url":"https:\/\/secure.gravatar.com\/avatar\/c49a1b9f79216d1498cb73c1e85cd47f4465dda35f2a94c03790d491bd4423c3?s=96&d=mm&r=g","contentUrl":"https:\/\/secure.gravatar.com\/avatar\/c49a1b9f79216d1498cb73c1e85cd47f4465dda35f2a94c03790d491bd4423c3?s=96&d=mm&r=g","caption":"Eric de Antderground"},"logo":{"@id":"https:\/\/secure.gravatar.com\/avatar\/c49a1b9f79216d1498cb73c1e85cd47f4465dda35f2a94c03790d491bd4423c3?s=96&d=mm&r=g"},"description":"Eric es el especialista y fundador de Antderground, con una amplia trayectoria en artr\u00f3podos y enfocado en la mirmecolog\u00eda y el dise\u00f1o de hormigueros artificiales. Su enfoque combina la innovaci\u00f3n t\u00e9cnica con el respeto por la biolog\u00eda de las hormigas, is\u00f3podos y otros, desarrollando sistemas de nidos modulares 3D y acr\u00edlicos que son referentes para aficionados y profesionales en toda Europa. Su objetivo es facilitar la cr\u00eda de hormigas y otros artr\u00f3podos mediante soluciones seguras y divulgaci\u00f3n de calidad.","sameAs":["https:\/\/antderground.com\/","https:\/\/www.youtube.com\/channel\/UCio72z7TlbufkAthAJIJfPw"]}]}},"_links":{"self":[{"href":"https:\/\/antderground.com\/de\/wp-json\/wp\/v2\/product\/26973","targetHints":{"allow":["GET"]}}],"collection":[{"href":"https:\/\/antderground.com\/de\/wp-json\/wp\/v2\/product"}],"about":[{"href":"https:\/\/antderground.com\/de\/wp-json\/wp\/v2\/types\/product"}],"version-history":[{"count":0,"href":"https:\/\/antderground.com\/de\/wp-json\/wp\/v2\/product\/26973\/revisions"}],"wp:featuredmedia":[{"embeddable":true,"href":"https:\/\/antderground.com\/de\/wp-json\/wp\/v2\/media\/25806"}],"wp:attachment":[{"href":"https:\/\/antderground.com\/de\/wp-json\/wp\/v2\/media?parent=26973"}],"wp:term":[{"taxonomy":"product_brand","embeddable":true,"href":"https:\/\/antderground.com\/de\/wp-json\/wp\/v2\/product_brand?post=26973"},{"taxonomy":"product_cat","embeddable":true,"href":"https:\/\/antderground.com\/de\/wp-json\/wp\/v2\/product_cat?post=26973"},{"taxonomy":"product_tag","embeddable":true,"href":"https:\/\/antderground.com\/de\/wp-json\/wp\/v2\/product_tag?post=26973"}],"curies":[{"name":"wp","href":"https:\/\/api.w.org\/{rel}","templated":true}]}}