{"id":26985,"date":"2022-03-17T20:31:21","date_gmt":"2022-03-17T19:31:21","guid":{"rendered":"https:\/\/www.antderground.com\/producto\/armadillidium-klugii-5-einheiten\/"},"modified":"2026-01-25T14:41:47","modified_gmt":"2026-01-25T13:41:47","slug":"armadillidium-klugii-5-einheiten","status":"publish","type":"product","link":"https:\/\/antderground.com\/de\/produkt\/armadillidium-klugii-5-einheiten\/","title":{"rendered":"Armadillidium klugii"},"content":{"rendered":"<p><strong>Gemeinsamer Name:<\/strong> Europ\u00e4ischer Asselk\u00e4fer<br \/>\nKlasse: Malacostraca<br \/>\nOrdnung: Isopoda<br \/>\nFamilie: Armadillidiidae<br \/>\nGattung: Armadillidium<br \/>\nArt: A. klugii<\/p>\n<p><strong>Beschreibung:<\/strong><\/p>\n<p>Armadillidium klugii ist eine Art terrestrischer Asselk\u00e4fer, auch bekannt als Pillendreher oder Feuchtigkeitsschabe.<br \/>\nSein K\u00f6rper besteht aus Segmenten und rollt sich zu einer Kugel zusammen, wenn er sich bedroht f\u00fchlt, um so seinen Bauch zu sch\u00fctzen.<br \/>\nSie haben einen Exoskelett, das sie vor Austrocknung sch\u00fctzt.<\/p>\n<p><strong>Verbreitung:<\/strong><\/p>\n<p>Diese Art ist h\u00e4ufig in Europa anzutreffen, insbesondere in feuchten und schattigen Gebieten wie W\u00e4ldern, G\u00e4rten und unter Steinen oder verrottendem Holz.<\/p>\n<p><strong>Lebensraum und Verhalten:<\/strong><\/p>\n<p>Armadillidium klugii ist eine nachtaktive Art und ern\u00e4hrt sich von organischer Materie in Verwesung, wodurch sie zum Zersetzungsprozess und zur N\u00e4hrstoffumwandlung im Boden beitr\u00e4gt.<br \/>\nSie bevorzugen feuchte Gebiete und meiden direktes Sonnenlicht.<br \/>\nSie sind bekannt f\u00fcr ihre F\u00e4higkeit, sich zu einer Kugel zusammenzurollen, wenn sie sich bedroht f\u00fchlen, was ihnen hilft, sich vor R\u00e4ubern zu sch\u00fctzen.<\/p>\n<p><strong>\u00d6kologie:<\/strong><\/p>\n<p>A. klugii spielt eine wichtige Rolle in \u00d6kosystemen, indem sie zum Abbau organischer Materie und zum N\u00e4hrstoffkreislauf im Boden beitr\u00e4gt.<br \/>\nSie sind eine Nahrungsquelle f\u00fcr eine Vielzahl von Tieren wie V\u00f6gel, Amphibien und einige Insekten.<br \/>\nSie k\u00f6nnen auch in wissenschaftlichen Studien zum Tierverhalten, zur \u00d6kologie und zur Physiologie verwendet werden.<\/p>\n","protected":false},"excerpt":{"rendered":"<p>Gemeinsamer Name: Europ\u00e4ischer Asselk\u00e4fer Klasse: Malacostraca Ordnung: Isopoda Familie: Armadillidiidae Gattung: Armadillidium Art: A. klugii Beschreibung: Armadillidium klugii ist eine<\/p>\n","protected":false},"featured_media":25792,"template":"","meta":[],"product_brand":[],"product_cat":[528,530,713],"product_tag":[],"class_list":{"0":"post-26985","1":"product","2":"type-product","3":"status-publish","4":"has-post-thumbnail","6":"product_cat-arthropoden","7":"product_cat-isopoden","8":"product_cat-armadillidium","10":"first","11":"outofstock","12":"shipping-taxable","13":"purchasable","14":"product-type-variable"},"yoast_head":"<!-- This site is optimized with the Yoast SEO plugin v27.4 - https:\/\/yoast.com\/product\/yoast-seo-wordpress\/ -->\n<title>Armadillidium klugii - ANTDERGROUND<\/title>\n<meta name=\"description\" content=\"Entdecken Sie die Armadillidium klugii verkauft in Packungen mit (5 Einheiten).\" \/>\n<meta name=\"robots\" content=\"index, follow, max-snippet:-1, max-image-preview:large, max-video-preview:-1\" \/>\n<link rel=\"canonical\" href=\"https:\/\/antderground.com\/de\/produkt\/armadillidium-klugii-5-einheiten\/\" \/>\n<meta property=\"og:locale\" content=\"de_DE\" \/>\n<meta property=\"og:type\" content=\"article\" \/>\n<meta property=\"og:title\" content=\"Armadillidium klugii - ANTDERGROUND\" \/>\n<meta property=\"og:description\" content=\"Entdecken Sie die Armadillidium klugii verkauft in Packungen mit (5 Einheiten).\" \/>\n<meta property=\"og:url\" content=\"https:\/\/antderground.com\/de\/produkt\/armadillidium-klugii-5-einheiten\/\" \/>\n<meta property=\"og:site_name\" content=\"ANTDERGROUND\" \/>\n<meta property=\"article:modified_time\" content=\"2026-01-25T13:41:47+00:00\" \/>\n<meta property=\"og:image\" content=\"https:\/\/antderground.com\/wp-content\/uploads\/2022\/03\/Armadillum-kluguii.jpeg\" \/>\n\t<meta property=\"og:image:width\" content=\"709\" \/>\n\t<meta property=\"og:image:height\" content=\"740\" \/>\n\t<meta property=\"og:image:type\" content=\"image\/jpeg\" \/>\n<meta name=\"twitter:card\" content=\"summary_large_image\" \/>\n<meta name=\"twitter:label1\" content=\"Gesch\u00e4tzte Lesezeit\" \/>\n\t<meta name=\"twitter:data1\" content=\"1\u00a0Minute\" \/>\n<script type=\"application\/ld+json\" class=\"yoast-schema-graph\">{\"@context\":\"https:\\\/\\\/schema.org\",\"@graph\":[{\"@type\":\"WebPage\",\"@id\":\"https:\\\/\\\/antderground.com\\\/de\\\/produkt\\\/armadillidium-klugii-5-einheiten\\\/\",\"url\":\"https:\\\/\\\/antderground.com\\\/de\\\/produkt\\\/armadillidium-klugii-5-einheiten\\\/\",\"name\":\"Armadillidium klugii - ANTDERGROUND\",\"isPartOf\":{\"@id\":\"https:\\\/\\\/antderground.com\\\/de\\\/#website\"},\"primaryImageOfPage\":{\"@id\":\"https:\\\/\\\/antderground.com\\\/de\\\/produkt\\\/armadillidium-klugii-5-einheiten\\\/#primaryimage\"},\"image\":{\"@id\":\"https:\\\/\\\/antderground.com\\\/de\\\/produkt\\\/armadillidium-klugii-5-einheiten\\\/#primaryimage\"},\"thumbnailUrl\":\"https:\\\/\\\/antderground.com\\\/wp-content\\\/uploads\\\/2022\\\/03\\\/Armadillum-kluguii.jpeg\",\"datePublished\":\"2022-03-17T19:31:21+00:00\",\"dateModified\":\"2026-01-25T13:41:47+00:00\",\"description\":\"Entdecken Sie die Armadillidium klugii verkauft in Packungen mit (5 Einheiten).\",\"breadcrumb\":{\"@id\":\"https:\\\/\\\/antderground.com\\\/de\\\/produkt\\\/armadillidium-klugii-5-einheiten\\\/#breadcrumb\"},\"inLanguage\":\"de\",\"potentialAction\":[{\"@type\":\"ReadAction\",\"target\":[\"https:\\\/\\\/antderground.com\\\/de\\\/produkt\\\/armadillidium-klugii-5-einheiten\\\/\"]}]},{\"@type\":\"ImageObject\",\"inLanguage\":\"de\",\"@id\":\"https:\\\/\\\/antderground.com\\\/de\\\/produkt\\\/armadillidium-klugii-5-einheiten\\\/#primaryimage\",\"url\":\"https:\\\/\\\/antderground.com\\\/wp-content\\\/uploads\\\/2022\\\/03\\\/Armadillum-kluguii.jpeg\",\"contentUrl\":\"https:\\\/\\\/antderground.com\\\/wp-content\\\/uploads\\\/2022\\\/03\\\/Armadillum-kluguii.jpeg\",\"width\":709,\"height\":740},{\"@type\":\"BreadcrumbList\",\"@id\":\"https:\\\/\\\/antderground.com\\\/de\\\/produkt\\\/armadillidium-klugii-5-einheiten\\\/#breadcrumb\",\"itemListElement\":[{\"@type\":\"ListItem\",\"position\":1,\"name\":\"Portada\",\"item\":\"https:\\\/\\\/antderground.com\\\/de\\\/\"},{\"@type\":\"ListItem\",\"position\":2,\"name\":\"Shop\",\"item\":\"https:\\\/\\\/antderground.com\\\/de\\\/shop\\\/\"},{\"@type\":\"ListItem\",\"position\":3,\"name\":\"Armadillidium klugii\"}]},{\"@type\":\"WebSite\",\"@id\":\"https:\\\/\\\/antderground.com\\\/de\\\/#website\",\"url\":\"https:\\\/\\\/antderground.com\\\/de\\\/\",\"name\":\"ANTDERGROUND\",\"description\":\"Tu tienda de hormigas, gran variedad de hormigueros acr\u00edlicos,madera,arena,3D y mas.. Pide tus hormigas gratis con tu pedido, somos expertos en hormigueros antifugas.\",\"publisher\":{\"@id\":\"https:\\\/\\\/antderground.com\\\/de\\\/#\\\/schema\\\/person\\\/0e322c505e84fe72c65e2f6d08f96b81\"},\"alternateName\":\"Antderground\",\"potentialAction\":[{\"@type\":\"SearchAction\",\"target\":{\"@type\":\"EntryPoint\",\"urlTemplate\":\"https:\\\/\\\/antderground.com\\\/de\\\/?s={search_term_string}\"},\"query-input\":{\"@type\":\"PropertyValueSpecification\",\"valueRequired\":true,\"valueName\":\"search_term_string\"}}],\"inLanguage\":\"de\"},{\"@type\":[\"Person\",\"Organization\"],\"@id\":\"https:\\\/\\\/antderground.com\\\/de\\\/#\\\/schema\\\/person\\\/0e322c505e84fe72c65e2f6d08f96b81\",\"name\":\"Eric de Antderground\",\"image\":{\"@type\":\"ImageObject\",\"inLanguage\":\"de\",\"@id\":\"https:\\\/\\\/secure.gravatar.com\\\/avatar\\\/c49a1b9f79216d1498cb73c1e85cd47f4465dda35f2a94c03790d491bd4423c3?s=96&d=mm&r=g\",\"url\":\"https:\\\/\\\/secure.gravatar.com\\\/avatar\\\/c49a1b9f79216d1498cb73c1e85cd47f4465dda35f2a94c03790d491bd4423c3?s=96&d=mm&r=g\",\"contentUrl\":\"https:\\\/\\\/secure.gravatar.com\\\/avatar\\\/c49a1b9f79216d1498cb73c1e85cd47f4465dda35f2a94c03790d491bd4423c3?s=96&d=mm&r=g\",\"caption\":\"Eric de Antderground\"},\"logo\":{\"@id\":\"https:\\\/\\\/secure.gravatar.com\\\/avatar\\\/c49a1b9f79216d1498cb73c1e85cd47f4465dda35f2a94c03790d491bd4423c3?s=96&d=mm&r=g\"},\"description\":\"Eric es el especialista y fundador de Antderground, con una amplia trayectoria en artr\u00f3podos y enfocado en la mirmecolog\u00eda y el dise\u00f1o de hormigueros artificiales. Su enfoque combina la innovaci\u00f3n t\u00e9cnica con el respeto por la biolog\u00eda de las hormigas, is\u00f3podos y otros, desarrollando sistemas de nidos modulares 3D y acr\u00edlicos que son referentes para aficionados y profesionales en toda Europa. Su objetivo es facilitar la cr\u00eda de hormigas y otros artr\u00f3podos mediante soluciones seguras y divulgaci\u00f3n de calidad.\",\"sameAs\":[\"https:\\\/\\\/antderground.com\\\/\",\"https:\\\/\\\/www.youtube.com\\\/channel\\\/UCio72z7TlbufkAthAJIJfPw\"]}]}<\/script>\n<!-- \/ Yoast SEO plugin. -->","yoast_head_json":{"title":"Armadillidium klugii - ANTDERGROUND","description":"Entdecken Sie die Armadillidium klugii verkauft in Packungen mit (5 Einheiten).","robots":{"index":"index","follow":"follow","max-snippet":"max-snippet:-1","max-image-preview":"max-image-preview:large","max-video-preview":"max-video-preview:-1"},"canonical":"https:\/\/antderground.com\/de\/produkt\/armadillidium-klugii-5-einheiten\/","og_locale":"de_DE","og_type":"article","og_title":"Armadillidium klugii - ANTDERGROUND","og_description":"Entdecken Sie die Armadillidium klugii verkauft in Packungen mit (5 Einheiten).","og_url":"https:\/\/antderground.com\/de\/produkt\/armadillidium-klugii-5-einheiten\/","og_site_name":"ANTDERGROUND","article_modified_time":"2026-01-25T13:41:47+00:00","og_image":[{"width":709,"height":740,"url":"https:\/\/antderground.com\/wp-content\/uploads\/2022\/03\/Armadillum-kluguii.jpeg","type":"image\/jpeg"}],"twitter_card":"summary_large_image","twitter_misc":{"Gesch\u00e4tzte Lesezeit":"1\u00a0Minute"},"schema":{"@context":"https:\/\/schema.org","@graph":[{"@type":"WebPage","@id":"https:\/\/antderground.com\/de\/produkt\/armadillidium-klugii-5-einheiten\/","url":"https:\/\/antderground.com\/de\/produkt\/armadillidium-klugii-5-einheiten\/","name":"Armadillidium klugii - ANTDERGROUND","isPartOf":{"@id":"https:\/\/antderground.com\/de\/#website"},"primaryImageOfPage":{"@id":"https:\/\/antderground.com\/de\/produkt\/armadillidium-klugii-5-einheiten\/#primaryimage"},"image":{"@id":"https:\/\/antderground.com\/de\/produkt\/armadillidium-klugii-5-einheiten\/#primaryimage"},"thumbnailUrl":"https:\/\/antderground.com\/wp-content\/uploads\/2022\/03\/Armadillum-kluguii.jpeg","datePublished":"2022-03-17T19:31:21+00:00","dateModified":"2026-01-25T13:41:47+00:00","description":"Entdecken Sie die Armadillidium klugii verkauft in Packungen mit (5 Einheiten).","breadcrumb":{"@id":"https:\/\/antderground.com\/de\/produkt\/armadillidium-klugii-5-einheiten\/#breadcrumb"},"inLanguage":"de","potentialAction":[{"@type":"ReadAction","target":["https:\/\/antderground.com\/de\/produkt\/armadillidium-klugii-5-einheiten\/"]}]},{"@type":"ImageObject","inLanguage":"de","@id":"https:\/\/antderground.com\/de\/produkt\/armadillidium-klugii-5-einheiten\/#primaryimage","url":"https:\/\/antderground.com\/wp-content\/uploads\/2022\/03\/Armadillum-kluguii.jpeg","contentUrl":"https:\/\/antderground.com\/wp-content\/uploads\/2022\/03\/Armadillum-kluguii.jpeg","width":709,"height":740},{"@type":"BreadcrumbList","@id":"https:\/\/antderground.com\/de\/produkt\/armadillidium-klugii-5-einheiten\/#breadcrumb","itemListElement":[{"@type":"ListItem","position":1,"name":"Portada","item":"https:\/\/antderground.com\/de\/"},{"@type":"ListItem","position":2,"name":"Shop","item":"https:\/\/antderground.com\/de\/shop\/"},{"@type":"ListItem","position":3,"name":"Armadillidium klugii"}]},{"@type":"WebSite","@id":"https:\/\/antderground.com\/de\/#website","url":"https:\/\/antderground.com\/de\/","name":"ANTDERGROUND","description":"Tu tienda de hormigas, gran variedad de hormigueros acr\u00edlicos,madera,arena,3D y mas.. Pide tus hormigas gratis con tu pedido, somos expertos en hormigueros antifugas.","publisher":{"@id":"https:\/\/antderground.com\/de\/#\/schema\/person\/0e322c505e84fe72c65e2f6d08f96b81"},"alternateName":"Antderground","potentialAction":[{"@type":"SearchAction","target":{"@type":"EntryPoint","urlTemplate":"https:\/\/antderground.com\/de\/?s={search_term_string}"},"query-input":{"@type":"PropertyValueSpecification","valueRequired":true,"valueName":"search_term_string"}}],"inLanguage":"de"},{"@type":["Person","Organization"],"@id":"https:\/\/antderground.com\/de\/#\/schema\/person\/0e322c505e84fe72c65e2f6d08f96b81","name":"Eric de Antderground","image":{"@type":"ImageObject","inLanguage":"de","@id":"https:\/\/secure.gravatar.com\/avatar\/c49a1b9f79216d1498cb73c1e85cd47f4465dda35f2a94c03790d491bd4423c3?s=96&d=mm&r=g","url":"https:\/\/secure.gravatar.com\/avatar\/c49a1b9f79216d1498cb73c1e85cd47f4465dda35f2a94c03790d491bd4423c3?s=96&d=mm&r=g","contentUrl":"https:\/\/secure.gravatar.com\/avatar\/c49a1b9f79216d1498cb73c1e85cd47f4465dda35f2a94c03790d491bd4423c3?s=96&d=mm&r=g","caption":"Eric de Antderground"},"logo":{"@id":"https:\/\/secure.gravatar.com\/avatar\/c49a1b9f79216d1498cb73c1e85cd47f4465dda35f2a94c03790d491bd4423c3?s=96&d=mm&r=g"},"description":"Eric es el especialista y fundador de Antderground, con una amplia trayectoria en artr\u00f3podos y enfocado en la mirmecolog\u00eda y el dise\u00f1o de hormigueros artificiales. Su enfoque combina la innovaci\u00f3n t\u00e9cnica con el respeto por la biolog\u00eda de las hormigas, is\u00f3podos y otros, desarrollando sistemas de nidos modulares 3D y acr\u00edlicos que son referentes para aficionados y profesionales en toda Europa. Su objetivo es facilitar la cr\u00eda de hormigas y otros artr\u00f3podos mediante soluciones seguras y divulgaci\u00f3n de calidad.","sameAs":["https:\/\/antderground.com\/","https:\/\/www.youtube.com\/channel\/UCio72z7TlbufkAthAJIJfPw"]}]}},"_links":{"self":[{"href":"https:\/\/antderground.com\/de\/wp-json\/wp\/v2\/product\/26985","targetHints":{"allow":["GET"]}}],"collection":[{"href":"https:\/\/antderground.com\/de\/wp-json\/wp\/v2\/product"}],"about":[{"href":"https:\/\/antderground.com\/de\/wp-json\/wp\/v2\/types\/product"}],"version-history":[{"count":0,"href":"https:\/\/antderground.com\/de\/wp-json\/wp\/v2\/product\/26985\/revisions"}],"wp:featuredmedia":[{"embeddable":true,"href":"https:\/\/antderground.com\/de\/wp-json\/wp\/v2\/media\/25792"}],"wp:attachment":[{"href":"https:\/\/antderground.com\/de\/wp-json\/wp\/v2\/media?parent=26985"}],"wp:term":[{"taxonomy":"product_brand","embeddable":true,"href":"https:\/\/antderground.com\/de\/wp-json\/wp\/v2\/product_brand?post=26985"},{"taxonomy":"product_cat","embeddable":true,"href":"https:\/\/antderground.com\/de\/wp-json\/wp\/v2\/product_cat?post=26985"},{"taxonomy":"product_tag","embeddable":true,"href":"https:\/\/antderground.com\/de\/wp-json\/wp\/v2\/product_tag?post=26985"}],"curies":[{"name":"wp","href":"https:\/\/api.w.org\/{rel}","templated":true}]}}