{"id":26994,"date":"2021-08-17T22:23:40","date_gmt":"2021-08-17T20:23:40","guid":{"rendered":"https:\/\/www.antderground.com\/producto\/crematogaster-biroi\/"},"modified":"2025-06-23T10:44:19","modified_gmt":"2025-06-23T08:44:19","slug":"crematogaster-biroi","status":"publish","type":"product","link":"https:\/\/antderground.com\/de\/produkt\/crematogaster-biroi\/","title":{"rendered":"Crematogaster Biroi"},"content":{"rendered":"<h3>\ud83d\udc1c Steckbrief \u2013 <em>Crematogaster biroi<\/em><\/h3>\n<p><strong>Wissenschaftlicher Name:<\/strong> <em>Crematogaster biroi<\/em><br \/>\n<strong>Gattung:<\/strong> <em>Crematogaster<\/em><br \/>\n<strong>Herkunft:<\/strong> S\u00fcdostasien (vor allem tropische Regionen)<br \/>\n<strong>Gr\u00f6\u00dfe:<\/strong><\/p>\n<ul>\n<li><strong>K\u00f6nigin:<\/strong> 7\u20138 mm<\/li>\n<li><strong>Arbeiterinnen:<\/strong> 3\u20135 mm<\/li>\n<li><strong>M\u00e4nnchen:<\/strong> 2\u20133 mm<\/li>\n<\/ul>\n<p><strong>F\u00e4rbung:<\/strong><br \/>\nBraunt\u00f6ne, oft mit r\u00f6tlich gef\u00e4rbtem Thorax und einem charakteristisch herzf\u00f6rmigen Gaster.<\/p>\n<p><strong>Kolonietyp:<\/strong><br \/>\nPolygyn (mehrere K\u00f6niginnen pro Kolonie)<\/p>\n<p><strong>Ideale Temperatur:<\/strong><br \/>\n24\u202f\u00b0C \u2013 28\u202f\u00b0C<\/p>\n<p><strong>Luftfeuchtigkeit:<\/strong><\/p>\n<ul>\n<li><strong>Nest:<\/strong> 60\u201380\u202f%<\/li>\n<li><strong>Ameisenarena:<\/strong> 50\u201360\u202f%<\/li>\n<\/ul>\n<p><strong>Ern\u00e4hrung:<\/strong><br \/>\nOmnivor. Sie nehmen gerne s\u00fc\u00dfe Fl\u00fcssigkeiten auf (z.\u202fB. Nektar, Zuckerwasser, Honigl\u00f6sungen) und ben\u00f6tigen kleine Insekten zur Proteinversorgung.<\/p>\n<p><strong>Verhalten:<\/strong><br \/>\nSehr aktiv, neugierig und flink unterwegs. Sie zeigen ein auff\u00e4lliges Verteidigungsverhalten, indem sie ihren Hinterleib anheben \u2013 typisch f\u00fcr die Gattung. Bei Futterquellen bilden sie klar erkennbare Laufstra\u00dfen.<\/p>\n<p><strong>Haltungsanspruch:<\/strong><br \/>\nMittel. Sie sind nicht \u00fcberm\u00e4\u00dfig empfindlich, erfordern aber gute Bel\u00fcftung und passende Feuchtigkeit. Geeignet f\u00fcr Halter mit etwas Erfahrung.<\/p>\n<p><strong>Winterruhe:<\/strong><br \/>\nKeine Winterruhe. Bei zu niedrigen Temperaturen kann sich die Aktivit\u00e4t jedoch deutlich verringern.<\/p>\n<p><strong>Koloniegr\u00f6\u00dfe in freier Natur:<\/strong><br \/>\nMehrere Tausend Individuen m\u00f6glich.<\/p>\n<p><strong>Entwicklungsgeschwindigkeit:<\/strong><br \/>\nMittel. Bei optimalen Bedingungen w\u00e4chst die Kolonie kontinuierlich \u00fcber das ganze Jahr hinweg.<\/p>\n","protected":false},"excerpt":{"rendered":"<p>\ud83d\udc1c Steckbrief \u2013 Crematogaster biroi Wissenschaftlicher Name: Crematogaster biroi Gattung: Crematogaster Herkunft: S\u00fcdostasien (vor allem tropische Regionen) Gr\u00f6\u00dfe: K\u00f6nigin: 7\u20138<\/p>\n","protected":false},"featured_media":25668,"template":"","meta":[],"product_brand":[],"product_cat":[495,497],"product_tag":[],"class_list":{"0":"post-26994","1":"product","2":"type-product","3":"status-publish","4":"has-post-thumbnail","6":"product_cat-ameisen","7":"product_cat-exotische-ameisen","9":"first","10":"outofstock","11":"shipping-taxable","12":"purchasable","13":"product-type-variable"},"yoast_head":"<!-- This site is optimized with the Yoast SEO plugin v27.3 - https:\/\/yoast.com\/product\/yoast-seo-wordpress\/ -->\n<title>Crematogaster Biroi | Exotische Ameisen - ANTDERGROUND<\/title>\n<meta name=\"description\" content=\"Crematogaster biroi-Kolonie. Ameisen der Welt, Ameisennester aus Methacrylat, Spezialisten f\u00fcr Ameisen. Wir fertigen Ameisenhaufen.\" \/>\n<meta name=\"robots\" content=\"index, follow, max-snippet:-1, max-image-preview:large, max-video-preview:-1\" \/>\n<link rel=\"canonical\" href=\"https:\/\/antderground.com\/de\/produkt\/crematogaster-biroi\/\" \/>\n<meta property=\"og:locale\" content=\"de_DE\" \/>\n<meta property=\"og:type\" content=\"article\" \/>\n<meta property=\"og:title\" content=\"Crematogaster Biroi | Exotische Ameisen - ANTDERGROUND\" \/>\n<meta property=\"og:description\" content=\"Crematogaster biroi-Kolonie. Ameisen der Welt, Ameisennester aus Methacrylat, Spezialisten f\u00fcr Ameisen. Wir fertigen Ameisenhaufen.\" \/>\n<meta property=\"og:url\" content=\"https:\/\/antderground.com\/de\/produkt\/crematogaster-biroi\/\" \/>\n<meta property=\"og:site_name\" content=\"ANTDERGROUND\" \/>\n<meta property=\"article:modified_time\" content=\"2025-06-23T08:44:19+00:00\" \/>\n<meta property=\"og:image\" content=\"https:\/\/antderground.com\/wp-content\/uploads\/2021\/09\/crematogaster-biroi.jpg\" \/>\n\t<meta property=\"og:image:width\" content=\"591\" \/>\n\t<meta property=\"og:image:height\" content=\"601\" \/>\n\t<meta property=\"og:image:type\" content=\"image\/jpeg\" \/>\n<meta name=\"twitter:card\" content=\"summary_large_image\" \/>\n<meta name=\"twitter:label1\" content=\"Gesch\u00e4tzte Lesezeit\" \/>\n\t<meta name=\"twitter:data1\" content=\"1\u00a0Minute\" \/>\n<script type=\"application\/ld+json\" class=\"yoast-schema-graph\">{\"@context\":\"https:\\\/\\\/schema.org\",\"@graph\":[{\"@type\":\"WebPage\",\"@id\":\"https:\\\/\\\/antderground.com\\\/de\\\/produkt\\\/crematogaster-biroi\\\/\",\"url\":\"https:\\\/\\\/antderground.com\\\/de\\\/produkt\\\/crematogaster-biroi\\\/\",\"name\":\"Crematogaster Biroi | Exotische Ameisen - ANTDERGROUND\",\"isPartOf\":{\"@id\":\"https:\\\/\\\/antderground.com\\\/de\\\/#website\"},\"primaryImageOfPage\":{\"@id\":\"https:\\\/\\\/antderground.com\\\/de\\\/produkt\\\/crematogaster-biroi\\\/#primaryimage\"},\"image\":{\"@id\":\"https:\\\/\\\/antderground.com\\\/de\\\/produkt\\\/crematogaster-biroi\\\/#primaryimage\"},\"thumbnailUrl\":\"https:\\\/\\\/antderground.com\\\/wp-content\\\/uploads\\\/2021\\\/09\\\/crematogaster-biroi.jpg\",\"datePublished\":\"2021-08-17T20:23:40+00:00\",\"dateModified\":\"2025-06-23T08:44:19+00:00\",\"description\":\"Crematogaster biroi-Kolonie. Ameisen der Welt, Ameisennester aus Methacrylat, Spezialisten f\u00fcr Ameisen. Wir fertigen Ameisenhaufen.\",\"breadcrumb\":{\"@id\":\"https:\\\/\\\/antderground.com\\\/de\\\/produkt\\\/crematogaster-biroi\\\/#breadcrumb\"},\"inLanguage\":\"de\",\"potentialAction\":[{\"@type\":\"ReadAction\",\"target\":[\"https:\\\/\\\/antderground.com\\\/de\\\/produkt\\\/crematogaster-biroi\\\/\"]}]},{\"@type\":\"ImageObject\",\"inLanguage\":\"de\",\"@id\":\"https:\\\/\\\/antderground.com\\\/de\\\/produkt\\\/crematogaster-biroi\\\/#primaryimage\",\"url\":\"https:\\\/\\\/antderground.com\\\/wp-content\\\/uploads\\\/2021\\\/09\\\/crematogaster-biroi.jpg\",\"contentUrl\":\"https:\\\/\\\/antderground.com\\\/wp-content\\\/uploads\\\/2021\\\/09\\\/crematogaster-biroi.jpg\",\"width\":591,\"height\":601},{\"@type\":\"BreadcrumbList\",\"@id\":\"https:\\\/\\\/antderground.com\\\/de\\\/produkt\\\/crematogaster-biroi\\\/#breadcrumb\",\"itemListElement\":[{\"@type\":\"ListItem\",\"position\":1,\"name\":\"Portada\",\"item\":\"https:\\\/\\\/antderground.com\\\/de\\\/\"},{\"@type\":\"ListItem\",\"position\":2,\"name\":\"Shop\",\"item\":\"https:\\\/\\\/antderground.com\\\/de\\\/shop\\\/\"},{\"@type\":\"ListItem\",\"position\":3,\"name\":\"Crematogaster Biroi\"}]},{\"@type\":\"WebSite\",\"@id\":\"https:\\\/\\\/antderground.com\\\/de\\\/#website\",\"url\":\"https:\\\/\\\/antderground.com\\\/de\\\/\",\"name\":\"ANTDERGROUND\",\"description\":\"Tu tienda de hormigas, gran variedad de hormigueros acr\u00edlicos,madera,arena,3D y mas.. Pide tus hormigas gratis con tu pedido, somos expertos en hormigueros antifugas.\",\"publisher\":{\"@id\":\"https:\\\/\\\/antderground.com\\\/de\\\/#\\\/schema\\\/person\\\/0e322c505e84fe72c65e2f6d08f96b81\"},\"alternateName\":\"Antderground\",\"potentialAction\":[{\"@type\":\"SearchAction\",\"target\":{\"@type\":\"EntryPoint\",\"urlTemplate\":\"https:\\\/\\\/antderground.com\\\/de\\\/?s={search_term_string}\"},\"query-input\":{\"@type\":\"PropertyValueSpecification\",\"valueRequired\":true,\"valueName\":\"search_term_string\"}}],\"inLanguage\":\"de\"},{\"@type\":[\"Person\",\"Organization\"],\"@id\":\"https:\\\/\\\/antderground.com\\\/de\\\/#\\\/schema\\\/person\\\/0e322c505e84fe72c65e2f6d08f96b81\",\"name\":\"Eric de Antderground\",\"image\":{\"@type\":\"ImageObject\",\"inLanguage\":\"de\",\"@id\":\"https:\\\/\\\/secure.gravatar.com\\\/avatar\\\/c49a1b9f79216d1498cb73c1e85cd47f4465dda35f2a94c03790d491bd4423c3?s=96&d=mm&r=g\",\"url\":\"https:\\\/\\\/secure.gravatar.com\\\/avatar\\\/c49a1b9f79216d1498cb73c1e85cd47f4465dda35f2a94c03790d491bd4423c3?s=96&d=mm&r=g\",\"contentUrl\":\"https:\\\/\\\/secure.gravatar.com\\\/avatar\\\/c49a1b9f79216d1498cb73c1e85cd47f4465dda35f2a94c03790d491bd4423c3?s=96&d=mm&r=g\",\"caption\":\"Eric de Antderground\"},\"logo\":{\"@id\":\"https:\\\/\\\/secure.gravatar.com\\\/avatar\\\/c49a1b9f79216d1498cb73c1e85cd47f4465dda35f2a94c03790d491bd4423c3?s=96&d=mm&r=g\"},\"description\":\"Eric es el especialista y fundador de Antderground, con una amplia trayectoria en artr\u00f3podos y enfocado en la mirmecolog\u00eda y el dise\u00f1o de hormigueros artificiales. Su enfoque combina la innovaci\u00f3n t\u00e9cnica con el respeto por la biolog\u00eda de las hormigas, is\u00f3podos y otros, desarrollando sistemas de nidos modulares 3D y acr\u00edlicos que son referentes para aficionados y profesionales en toda Europa. Su objetivo es facilitar la cr\u00eda de hormigas y otros artr\u00f3podos mediante soluciones seguras y divulgaci\u00f3n de calidad.\",\"sameAs\":[\"https:\\\/\\\/antderground.com\\\/\",\"https:\\\/\\\/www.youtube.com\\\/channel\\\/UCio72z7TlbufkAthAJIJfPw\"]}]}<\/script>\n<!-- \/ Yoast SEO plugin. -->","yoast_head_json":{"title":"Crematogaster Biroi | Exotische Ameisen - ANTDERGROUND","description":"Crematogaster biroi-Kolonie. Ameisen der Welt, Ameisennester aus Methacrylat, Spezialisten f\u00fcr Ameisen. Wir fertigen Ameisenhaufen.","robots":{"index":"index","follow":"follow","max-snippet":"max-snippet:-1","max-image-preview":"max-image-preview:large","max-video-preview":"max-video-preview:-1"},"canonical":"https:\/\/antderground.com\/de\/produkt\/crematogaster-biroi\/","og_locale":"de_DE","og_type":"article","og_title":"Crematogaster Biroi | Exotische Ameisen - ANTDERGROUND","og_description":"Crematogaster biroi-Kolonie. Ameisen der Welt, Ameisennester aus Methacrylat, Spezialisten f\u00fcr Ameisen. Wir fertigen Ameisenhaufen.","og_url":"https:\/\/antderground.com\/de\/produkt\/crematogaster-biroi\/","og_site_name":"ANTDERGROUND","article_modified_time":"2025-06-23T08:44:19+00:00","og_image":[{"width":591,"height":601,"url":"https:\/\/antderground.com\/wp-content\/uploads\/2021\/09\/crematogaster-biroi.jpg","type":"image\/jpeg"}],"twitter_card":"summary_large_image","twitter_misc":{"Gesch\u00e4tzte Lesezeit":"1\u00a0Minute"},"schema":{"@context":"https:\/\/schema.org","@graph":[{"@type":"WebPage","@id":"https:\/\/antderground.com\/de\/produkt\/crematogaster-biroi\/","url":"https:\/\/antderground.com\/de\/produkt\/crematogaster-biroi\/","name":"Crematogaster Biroi | Exotische Ameisen - ANTDERGROUND","isPartOf":{"@id":"https:\/\/antderground.com\/de\/#website"},"primaryImageOfPage":{"@id":"https:\/\/antderground.com\/de\/produkt\/crematogaster-biroi\/#primaryimage"},"image":{"@id":"https:\/\/antderground.com\/de\/produkt\/crematogaster-biroi\/#primaryimage"},"thumbnailUrl":"https:\/\/antderground.com\/wp-content\/uploads\/2021\/09\/crematogaster-biroi.jpg","datePublished":"2021-08-17T20:23:40+00:00","dateModified":"2025-06-23T08:44:19+00:00","description":"Crematogaster biroi-Kolonie. Ameisen der Welt, Ameisennester aus Methacrylat, Spezialisten f\u00fcr Ameisen. Wir fertigen Ameisenhaufen.","breadcrumb":{"@id":"https:\/\/antderground.com\/de\/produkt\/crematogaster-biroi\/#breadcrumb"},"inLanguage":"de","potentialAction":[{"@type":"ReadAction","target":["https:\/\/antderground.com\/de\/produkt\/crematogaster-biroi\/"]}]},{"@type":"ImageObject","inLanguage":"de","@id":"https:\/\/antderground.com\/de\/produkt\/crematogaster-biroi\/#primaryimage","url":"https:\/\/antderground.com\/wp-content\/uploads\/2021\/09\/crematogaster-biroi.jpg","contentUrl":"https:\/\/antderground.com\/wp-content\/uploads\/2021\/09\/crematogaster-biroi.jpg","width":591,"height":601},{"@type":"BreadcrumbList","@id":"https:\/\/antderground.com\/de\/produkt\/crematogaster-biroi\/#breadcrumb","itemListElement":[{"@type":"ListItem","position":1,"name":"Portada","item":"https:\/\/antderground.com\/de\/"},{"@type":"ListItem","position":2,"name":"Shop","item":"https:\/\/antderground.com\/de\/shop\/"},{"@type":"ListItem","position":3,"name":"Crematogaster Biroi"}]},{"@type":"WebSite","@id":"https:\/\/antderground.com\/de\/#website","url":"https:\/\/antderground.com\/de\/","name":"ANTDERGROUND","description":"Tu tienda de hormigas, gran variedad de hormigueros acr\u00edlicos,madera,arena,3D y mas.. Pide tus hormigas gratis con tu pedido, somos expertos en hormigueros antifugas.","publisher":{"@id":"https:\/\/antderground.com\/de\/#\/schema\/person\/0e322c505e84fe72c65e2f6d08f96b81"},"alternateName":"Antderground","potentialAction":[{"@type":"SearchAction","target":{"@type":"EntryPoint","urlTemplate":"https:\/\/antderground.com\/de\/?s={search_term_string}"},"query-input":{"@type":"PropertyValueSpecification","valueRequired":true,"valueName":"search_term_string"}}],"inLanguage":"de"},{"@type":["Person","Organization"],"@id":"https:\/\/antderground.com\/de\/#\/schema\/person\/0e322c505e84fe72c65e2f6d08f96b81","name":"Eric de Antderground","image":{"@type":"ImageObject","inLanguage":"de","@id":"https:\/\/secure.gravatar.com\/avatar\/c49a1b9f79216d1498cb73c1e85cd47f4465dda35f2a94c03790d491bd4423c3?s=96&d=mm&r=g","url":"https:\/\/secure.gravatar.com\/avatar\/c49a1b9f79216d1498cb73c1e85cd47f4465dda35f2a94c03790d491bd4423c3?s=96&d=mm&r=g","contentUrl":"https:\/\/secure.gravatar.com\/avatar\/c49a1b9f79216d1498cb73c1e85cd47f4465dda35f2a94c03790d491bd4423c3?s=96&d=mm&r=g","caption":"Eric de Antderground"},"logo":{"@id":"https:\/\/secure.gravatar.com\/avatar\/c49a1b9f79216d1498cb73c1e85cd47f4465dda35f2a94c03790d491bd4423c3?s=96&d=mm&r=g"},"description":"Eric es el especialista y fundador de Antderground, con una amplia trayectoria en artr\u00f3podos y enfocado en la mirmecolog\u00eda y el dise\u00f1o de hormigueros artificiales. Su enfoque combina la innovaci\u00f3n t\u00e9cnica con el respeto por la biolog\u00eda de las hormigas, is\u00f3podos y otros, desarrollando sistemas de nidos modulares 3D y acr\u00edlicos que son referentes para aficionados y profesionales en toda Europa. Su objetivo es facilitar la cr\u00eda de hormigas y otros artr\u00f3podos mediante soluciones seguras y divulgaci\u00f3n de calidad.","sameAs":["https:\/\/antderground.com\/","https:\/\/www.youtube.com\/channel\/UCio72z7TlbufkAthAJIJfPw"]}]}},"_links":{"self":[{"href":"https:\/\/antderground.com\/de\/wp-json\/wp\/v2\/product\/26994","targetHints":{"allow":["GET"]}}],"collection":[{"href":"https:\/\/antderground.com\/de\/wp-json\/wp\/v2\/product"}],"about":[{"href":"https:\/\/antderground.com\/de\/wp-json\/wp\/v2\/types\/product"}],"version-history":[{"count":0,"href":"https:\/\/antderground.com\/de\/wp-json\/wp\/v2\/product\/26994\/revisions"}],"wp:featuredmedia":[{"embeddable":true,"href":"https:\/\/antderground.com\/de\/wp-json\/wp\/v2\/media\/25668"}],"wp:attachment":[{"href":"https:\/\/antderground.com\/de\/wp-json\/wp\/v2\/media?parent=26994"}],"wp:term":[{"taxonomy":"product_brand","embeddable":true,"href":"https:\/\/antderground.com\/de\/wp-json\/wp\/v2\/product_brand?post=26994"},{"taxonomy":"product_cat","embeddable":true,"href":"https:\/\/antderground.com\/de\/wp-json\/wp\/v2\/product_cat?post=26994"},{"taxonomy":"product_tag","embeddable":true,"href":"https:\/\/antderground.com\/de\/wp-json\/wp\/v2\/product_tag?post=26994"}],"curies":[{"name":"wp","href":"https:\/\/api.w.org\/{rel}","templated":true}]}}