{"id":27366,"date":"2023-03-09T14:14:04","date_gmt":"2023-03-09T13:14:04","guid":{"rendered":"https:\/\/www.antderground.com\/producto\/rhytidoponera-metallica-konigin\/"},"modified":"2023-08-22T11:57:13","modified_gmt":"2023-08-22T09:57:13","slug":"rhytidoponera-metallica-konigin","status":"publish","type":"product","link":"https:\/\/antderground.com\/de\/produkt\/rhytidoponera-metallica-konigin\/","title":{"rendered":"Rhytidoponera metallica (K\u00f6nigin)"},"content":{"rendered":"<p>&nbsp;<\/p>\n<ul>\n<li>Wissenschaftlicher Name: Rhytidoponera metallica<\/li>\n<li>Taxonomische Klassifikation:\n<ul>\n<li>Reich: Animalia<\/li>\n<li>Stamm: Arthropoda<\/li>\n<li>Klasse: Insecta<\/li>\n<li>Ordnung: Hymenoptera<\/li>\n<li>Familie: Formicidae<\/li>\n<li>Unterfamilie: Ectatomminae<\/li>\n<li>Tribus: Ectatommini<\/li>\n<li>Gattung: Rhytidoponera<\/li>\n<li>Art: R. metallica<\/li>\n<\/ul>\n<\/li>\n<li>Geographische Verbreitung: Diese Art kommt haupts\u00e4chlich in den tropischen und subtropischen Regionen Australiens vor, insbesondere im \u00f6stlichen Queensland, im Norden von New South Wales und auf der Lord-Howe-Insel.<\/li>\n<li>Lebensraum: Die Rhytidoponera metallica ist in Waldhabitaten zu finden, einschlie\u00dflich tropischer, subtropischer und Eukalyptusw\u00e4lder. Sie ist oft in der N\u00e4he von B\u00e4chen und Fl\u00fcssen anzutreffen, wo sie ihre Nester in der Laubstreu oder totem Holz bauen kann.<\/li>\n<li>K\u00f6rperbau: Die Rhytidoponera metallica ist eine mittelgro\u00dfe Ameise, die zwischen 6 und 10 mm lang ist. Ihr K\u00f6rper ist metallisch schwarz mit einem gl\u00e4nzenden, metallischen Glanz. Der Kopf und der Thorax sind im Vergleich zum Abdomen ziemlich breit, das schmaler ist. Die Art hat eine lange, kr\u00e4ftige Mandibeln und eine sehr markante Taille zwischen dem Thorax und dem Abdomen.<\/li>\n<li>Ern\u00e4hrung: Die Rhytidoponera metallica ern\u00e4hrt sich haupts\u00e4chlich von Insekten und anderen Arthropoden sowie von Nektar und Pflanzensaft.<\/li>\n<li>Verhalten: Ameisen dieser Art sind sehr aggressiv und k\u00f6nnen andere Insekten, Tiere und Menschen angreifen, wenn sie sich bedroht f\u00fchlen. Sie sind f\u00fcr ihr territoriales Verhalten und ihre heftige Verteidigung ihrer Nester bekannt. Arbeiterinnen dieser Art k\u00f6nnen solit\u00e4r sein oder Gruppen von bis zu 20 Individuen bilden, um Nahrung zu suchen oder gr\u00f6\u00dfere Beute anzugreifen.<\/li>\n<\/ul>\n","protected":false},"excerpt":{"rendered":"<p>Ameisenk\u00f6nigin (Rhytidoponera metallica).<br \/>\n<strong>Zu senden: (K\u00f6nigin allein).<\/strong><\/p>\n","protected":false},"featured_media":27361,"template":"","meta":[],"product_brand":[],"product_cat":[495,497],"product_tag":[],"class_list":{"0":"post-27366","1":"product","2":"type-product","3":"status-publish","4":"has-post-thumbnail","6":"product_cat-ameisen","7":"product_cat-exotische-ameisen","9":"first","10":"outofstock","11":"sale","12":"shipping-taxable","13":"purchasable","14":"product-type-simple"},"yoast_head":"<!-- This site is optimized with the Yoast SEO plugin v27.4 - https:\/\/yoast.com\/product\/yoast-seo-wordpress\/ -->\n<title>Rhytidoponera metallica (K\u00f6nigin) - ANTDERGROUND<\/title>\n<meta name=\"description\" content=\"Entdecken Sie die neue Ameisenk\u00f6nigin (Rhytidoponera metallica), eine Ameise, die als metallische Dschungelameise bekannt ist. Eine sehr \u00fcberraschende exotische Ameise!\" \/>\n<meta name=\"robots\" content=\"index, follow, max-snippet:-1, max-image-preview:large, max-video-preview:-1\" \/>\n<link rel=\"canonical\" href=\"https:\/\/antderground.com\/de\/produkt\/rhytidoponera-metallica-konigin\/\" \/>\n<meta property=\"og:locale\" content=\"de_DE\" \/>\n<meta property=\"og:type\" content=\"article\" \/>\n<meta property=\"og:title\" content=\"Rhytidoponera metallica (K\u00f6nigin) - ANTDERGROUND\" \/>\n<meta property=\"og:description\" content=\"Entdecken Sie die neue Ameisenk\u00f6nigin (Rhytidoponera metallica), eine Ameise, die als metallische Dschungelameise bekannt ist. Eine sehr \u00fcberraschende exotische Ameise!\" \/>\n<meta property=\"og:url\" content=\"https:\/\/antderground.com\/de\/produkt\/rhytidoponera-metallica-konigin\/\" \/>\n<meta property=\"og:site_name\" content=\"ANTDERGROUND\" \/>\n<meta property=\"article:modified_time\" content=\"2023-08-22T09:57:13+00:00\" \/>\n<meta property=\"og:image\" content=\"https:\/\/antderground.com\/wp-content\/uploads\/2023\/03\/WhatsApp-Image-2023-03-09-at-14.31.01.jpeg\" \/>\n\t<meta property=\"og:image:width\" content=\"1200\" \/>\n\t<meta property=\"og:image:height\" content=\"1200\" \/>\n\t<meta property=\"og:image:type\" content=\"image\/jpeg\" \/>\n<meta name=\"twitter:card\" content=\"summary_large_image\" \/>\n<meta name=\"twitter:label1\" content=\"Gesch\u00e4tzte Lesezeit\" \/>\n\t<meta name=\"twitter:data1\" content=\"1\u00a0Minute\" \/>\n<script type=\"application\/ld+json\" class=\"yoast-schema-graph\">{\"@context\":\"https:\\\/\\\/schema.org\",\"@graph\":[{\"@type\":\"WebPage\",\"@id\":\"https:\\\/\\\/antderground.com\\\/de\\\/produkt\\\/rhytidoponera-metallica-konigin\\\/\",\"url\":\"https:\\\/\\\/antderground.com\\\/de\\\/produkt\\\/rhytidoponera-metallica-konigin\\\/\",\"name\":\"Rhytidoponera metallica (K\u00f6nigin) - ANTDERGROUND\",\"isPartOf\":{\"@id\":\"https:\\\/\\\/antderground.com\\\/de\\\/#website\"},\"primaryImageOfPage\":{\"@id\":\"https:\\\/\\\/antderground.com\\\/de\\\/produkt\\\/rhytidoponera-metallica-konigin\\\/#primaryimage\"},\"image\":{\"@id\":\"https:\\\/\\\/antderground.com\\\/de\\\/produkt\\\/rhytidoponera-metallica-konigin\\\/#primaryimage\"},\"thumbnailUrl\":\"https:\\\/\\\/antderground.com\\\/wp-content\\\/uploads\\\/2023\\\/03\\\/WhatsApp-Image-2023-03-09-at-14.31.01.jpeg\",\"datePublished\":\"2023-03-09T13:14:04+00:00\",\"dateModified\":\"2023-08-22T09:57:13+00:00\",\"description\":\"Entdecken Sie die neue Ameisenk\u00f6nigin (Rhytidoponera metallica), eine Ameise, die als metallische Dschungelameise bekannt ist. Eine sehr \u00fcberraschende exotische Ameise!\",\"breadcrumb\":{\"@id\":\"https:\\\/\\\/antderground.com\\\/de\\\/produkt\\\/rhytidoponera-metallica-konigin\\\/#breadcrumb\"},\"inLanguage\":\"de\",\"potentialAction\":[{\"@type\":\"ReadAction\",\"target\":[\"https:\\\/\\\/antderground.com\\\/de\\\/produkt\\\/rhytidoponera-metallica-konigin\\\/\"]}]},{\"@type\":\"ImageObject\",\"inLanguage\":\"de\",\"@id\":\"https:\\\/\\\/antderground.com\\\/de\\\/produkt\\\/rhytidoponera-metallica-konigin\\\/#primaryimage\",\"url\":\"https:\\\/\\\/antderground.com\\\/wp-content\\\/uploads\\\/2023\\\/03\\\/WhatsApp-Image-2023-03-09-at-14.31.01.jpeg\",\"contentUrl\":\"https:\\\/\\\/antderground.com\\\/wp-content\\\/uploads\\\/2023\\\/03\\\/WhatsApp-Image-2023-03-09-at-14.31.01.jpeg\",\"width\":1200,\"height\":1200},{\"@type\":\"BreadcrumbList\",\"@id\":\"https:\\\/\\\/antderground.com\\\/de\\\/produkt\\\/rhytidoponera-metallica-konigin\\\/#breadcrumb\",\"itemListElement\":[{\"@type\":\"ListItem\",\"position\":1,\"name\":\"Portada\",\"item\":\"https:\\\/\\\/antderground.com\\\/de\\\/\"},{\"@type\":\"ListItem\",\"position\":2,\"name\":\"Shop\",\"item\":\"https:\\\/\\\/antderground.com\\\/de\\\/shop\\\/\"},{\"@type\":\"ListItem\",\"position\":3,\"name\":\"Rhytidoponera metallica (K\u00f6nigin)\"}]},{\"@type\":\"WebSite\",\"@id\":\"https:\\\/\\\/antderground.com\\\/de\\\/#website\",\"url\":\"https:\\\/\\\/antderground.com\\\/de\\\/\",\"name\":\"ANTDERGROUND\",\"description\":\"Tu tienda de hormigas, gran variedad de hormigueros acr\u00edlicos,madera,arena,3D y mas.. Pide tus hormigas gratis con tu pedido, somos expertos en hormigueros antifugas.\",\"publisher\":{\"@id\":\"https:\\\/\\\/antderground.com\\\/de\\\/#\\\/schema\\\/person\\\/0e322c505e84fe72c65e2f6d08f96b81\"},\"alternateName\":\"Antderground\",\"potentialAction\":[{\"@type\":\"SearchAction\",\"target\":{\"@type\":\"EntryPoint\",\"urlTemplate\":\"https:\\\/\\\/antderground.com\\\/de\\\/?s={search_term_string}\"},\"query-input\":{\"@type\":\"PropertyValueSpecification\",\"valueRequired\":true,\"valueName\":\"search_term_string\"}}],\"inLanguage\":\"de\"},{\"@type\":[\"Person\",\"Organization\"],\"@id\":\"https:\\\/\\\/antderground.com\\\/de\\\/#\\\/schema\\\/person\\\/0e322c505e84fe72c65e2f6d08f96b81\",\"name\":\"Eric de Antderground\",\"image\":{\"@type\":\"ImageObject\",\"inLanguage\":\"de\",\"@id\":\"https:\\\/\\\/secure.gravatar.com\\\/avatar\\\/c49a1b9f79216d1498cb73c1e85cd47f4465dda35f2a94c03790d491bd4423c3?s=96&d=mm&r=g\",\"url\":\"https:\\\/\\\/secure.gravatar.com\\\/avatar\\\/c49a1b9f79216d1498cb73c1e85cd47f4465dda35f2a94c03790d491bd4423c3?s=96&d=mm&r=g\",\"contentUrl\":\"https:\\\/\\\/secure.gravatar.com\\\/avatar\\\/c49a1b9f79216d1498cb73c1e85cd47f4465dda35f2a94c03790d491bd4423c3?s=96&d=mm&r=g\",\"caption\":\"Eric de Antderground\"},\"logo\":{\"@id\":\"https:\\\/\\\/secure.gravatar.com\\\/avatar\\\/c49a1b9f79216d1498cb73c1e85cd47f4465dda35f2a94c03790d491bd4423c3?s=96&d=mm&r=g\"},\"description\":\"Eric es el especialista y fundador de Antderground, con una amplia trayectoria en artr\u00f3podos y enfocado en la mirmecolog\u00eda y el dise\u00f1o de hormigueros artificiales. Su enfoque combina la innovaci\u00f3n t\u00e9cnica con el respeto por la biolog\u00eda de las hormigas, is\u00f3podos y otros, desarrollando sistemas de nidos modulares 3D y acr\u00edlicos que son referentes para aficionados y profesionales en toda Europa. Su objetivo es facilitar la cr\u00eda de hormigas y otros artr\u00f3podos mediante soluciones seguras y divulgaci\u00f3n de calidad.\",\"sameAs\":[\"https:\\\/\\\/antderground.com\\\/\",\"https:\\\/\\\/www.youtube.com\\\/channel\\\/UCio72z7TlbufkAthAJIJfPw\"]}]}<\/script>\n<!-- \/ Yoast SEO plugin. -->","yoast_head_json":{"title":"Rhytidoponera metallica (K\u00f6nigin) - ANTDERGROUND","description":"Entdecken Sie die neue Ameisenk\u00f6nigin (Rhytidoponera metallica), eine Ameise, die als metallische Dschungelameise bekannt ist. Eine sehr \u00fcberraschende exotische Ameise!","robots":{"index":"index","follow":"follow","max-snippet":"max-snippet:-1","max-image-preview":"max-image-preview:large","max-video-preview":"max-video-preview:-1"},"canonical":"https:\/\/antderground.com\/de\/produkt\/rhytidoponera-metallica-konigin\/","og_locale":"de_DE","og_type":"article","og_title":"Rhytidoponera metallica (K\u00f6nigin) - ANTDERGROUND","og_description":"Entdecken Sie die neue Ameisenk\u00f6nigin (Rhytidoponera metallica), eine Ameise, die als metallische Dschungelameise bekannt ist. Eine sehr \u00fcberraschende exotische Ameise!","og_url":"https:\/\/antderground.com\/de\/produkt\/rhytidoponera-metallica-konigin\/","og_site_name":"ANTDERGROUND","article_modified_time":"2023-08-22T09:57:13+00:00","og_image":[{"width":1200,"height":1200,"url":"https:\/\/antderground.com\/wp-content\/uploads\/2023\/03\/WhatsApp-Image-2023-03-09-at-14.31.01.jpeg","type":"image\/jpeg"}],"twitter_card":"summary_large_image","twitter_misc":{"Gesch\u00e4tzte Lesezeit":"1\u00a0Minute"},"schema":{"@context":"https:\/\/schema.org","@graph":[{"@type":"WebPage","@id":"https:\/\/antderground.com\/de\/produkt\/rhytidoponera-metallica-konigin\/","url":"https:\/\/antderground.com\/de\/produkt\/rhytidoponera-metallica-konigin\/","name":"Rhytidoponera metallica (K\u00f6nigin) - ANTDERGROUND","isPartOf":{"@id":"https:\/\/antderground.com\/de\/#website"},"primaryImageOfPage":{"@id":"https:\/\/antderground.com\/de\/produkt\/rhytidoponera-metallica-konigin\/#primaryimage"},"image":{"@id":"https:\/\/antderground.com\/de\/produkt\/rhytidoponera-metallica-konigin\/#primaryimage"},"thumbnailUrl":"https:\/\/antderground.com\/wp-content\/uploads\/2023\/03\/WhatsApp-Image-2023-03-09-at-14.31.01.jpeg","datePublished":"2023-03-09T13:14:04+00:00","dateModified":"2023-08-22T09:57:13+00:00","description":"Entdecken Sie die neue Ameisenk\u00f6nigin (Rhytidoponera metallica), eine Ameise, die als metallische Dschungelameise bekannt ist. Eine sehr \u00fcberraschende exotische Ameise!","breadcrumb":{"@id":"https:\/\/antderground.com\/de\/produkt\/rhytidoponera-metallica-konigin\/#breadcrumb"},"inLanguage":"de","potentialAction":[{"@type":"ReadAction","target":["https:\/\/antderground.com\/de\/produkt\/rhytidoponera-metallica-konigin\/"]}]},{"@type":"ImageObject","inLanguage":"de","@id":"https:\/\/antderground.com\/de\/produkt\/rhytidoponera-metallica-konigin\/#primaryimage","url":"https:\/\/antderground.com\/wp-content\/uploads\/2023\/03\/WhatsApp-Image-2023-03-09-at-14.31.01.jpeg","contentUrl":"https:\/\/antderground.com\/wp-content\/uploads\/2023\/03\/WhatsApp-Image-2023-03-09-at-14.31.01.jpeg","width":1200,"height":1200},{"@type":"BreadcrumbList","@id":"https:\/\/antderground.com\/de\/produkt\/rhytidoponera-metallica-konigin\/#breadcrumb","itemListElement":[{"@type":"ListItem","position":1,"name":"Portada","item":"https:\/\/antderground.com\/de\/"},{"@type":"ListItem","position":2,"name":"Shop","item":"https:\/\/antderground.com\/de\/shop\/"},{"@type":"ListItem","position":3,"name":"Rhytidoponera metallica (K\u00f6nigin)"}]},{"@type":"WebSite","@id":"https:\/\/antderground.com\/de\/#website","url":"https:\/\/antderground.com\/de\/","name":"ANTDERGROUND","description":"Tu tienda de hormigas, gran variedad de hormigueros acr\u00edlicos,madera,arena,3D y mas.. Pide tus hormigas gratis con tu pedido, somos expertos en hormigueros antifugas.","publisher":{"@id":"https:\/\/antderground.com\/de\/#\/schema\/person\/0e322c505e84fe72c65e2f6d08f96b81"},"alternateName":"Antderground","potentialAction":[{"@type":"SearchAction","target":{"@type":"EntryPoint","urlTemplate":"https:\/\/antderground.com\/de\/?s={search_term_string}"},"query-input":{"@type":"PropertyValueSpecification","valueRequired":true,"valueName":"search_term_string"}}],"inLanguage":"de"},{"@type":["Person","Organization"],"@id":"https:\/\/antderground.com\/de\/#\/schema\/person\/0e322c505e84fe72c65e2f6d08f96b81","name":"Eric de Antderground","image":{"@type":"ImageObject","inLanguage":"de","@id":"https:\/\/secure.gravatar.com\/avatar\/c49a1b9f79216d1498cb73c1e85cd47f4465dda35f2a94c03790d491bd4423c3?s=96&d=mm&r=g","url":"https:\/\/secure.gravatar.com\/avatar\/c49a1b9f79216d1498cb73c1e85cd47f4465dda35f2a94c03790d491bd4423c3?s=96&d=mm&r=g","contentUrl":"https:\/\/secure.gravatar.com\/avatar\/c49a1b9f79216d1498cb73c1e85cd47f4465dda35f2a94c03790d491bd4423c3?s=96&d=mm&r=g","caption":"Eric de Antderground"},"logo":{"@id":"https:\/\/secure.gravatar.com\/avatar\/c49a1b9f79216d1498cb73c1e85cd47f4465dda35f2a94c03790d491bd4423c3?s=96&d=mm&r=g"},"description":"Eric es el especialista y fundador de Antderground, con una amplia trayectoria en artr\u00f3podos y enfocado en la mirmecolog\u00eda y el dise\u00f1o de hormigueros artificiales. Su enfoque combina la innovaci\u00f3n t\u00e9cnica con el respeto por la biolog\u00eda de las hormigas, is\u00f3podos y otros, desarrollando sistemas de nidos modulares 3D y acr\u00edlicos que son referentes para aficionados y profesionales en toda Europa. Su objetivo es facilitar la cr\u00eda de hormigas y otros artr\u00f3podos mediante soluciones seguras y divulgaci\u00f3n de calidad.","sameAs":["https:\/\/antderground.com\/","https:\/\/www.youtube.com\/channel\/UCio72z7TlbufkAthAJIJfPw"]}]}},"_links":{"self":[{"href":"https:\/\/antderground.com\/de\/wp-json\/wp\/v2\/product\/27366","targetHints":{"allow":["GET"]}}],"collection":[{"href":"https:\/\/antderground.com\/de\/wp-json\/wp\/v2\/product"}],"about":[{"href":"https:\/\/antderground.com\/de\/wp-json\/wp\/v2\/types\/product"}],"version-history":[{"count":0,"href":"https:\/\/antderground.com\/de\/wp-json\/wp\/v2\/product\/27366\/revisions"}],"wp:featuredmedia":[{"embeddable":true,"href":"https:\/\/antderground.com\/de\/wp-json\/wp\/v2\/media\/27361"}],"wp:attachment":[{"href":"https:\/\/antderground.com\/de\/wp-json\/wp\/v2\/media?parent=27366"}],"wp:term":[{"taxonomy":"product_brand","embeddable":true,"href":"https:\/\/antderground.com\/de\/wp-json\/wp\/v2\/product_brand?post=27366"},{"taxonomy":"product_cat","embeddable":true,"href":"https:\/\/antderground.com\/de\/wp-json\/wp\/v2\/product_cat?post=27366"},{"taxonomy":"product_tag","embeddable":true,"href":"https:\/\/antderground.com\/de\/wp-json\/wp\/v2\/product_tag?post=27366"}],"curies":[{"name":"wp","href":"https:\/\/api.w.org\/{rel}","templated":true}]}}