{"id":27618,"date":"2023-04-05T21:54:12","date_gmt":"2023-04-05T19:54:12","guid":{"rendered":"https:\/\/www.antderground.com\/producto\/colobopsis-leonardi\/"},"modified":"2023-08-02T17:38:44","modified_gmt":"2023-08-02T15:38:44","slug":"colobopsis-leonardi","status":"publish","type":"product","link":"https:\/\/antderground.com\/de\/produkt\/colobopsis-leonardi\/","title":{"rendered":"Colobopsis leonardi (K\u00f6nigin)"},"content":{"rendered":"<p><strong>Wissenschaftlicher Name:<\/strong> Colobopsis leonardi<\/p>\n<p><strong>Taxonomische Klassifikation:<\/strong><\/p>\n<ul>\n<li>K\u00f6nigreich: Animalia<\/li>\n<li>Stamm: Arthropoda<\/li>\n<li>Klasse: Insecta<\/li>\n<li>Ordnung: Hymenoptera<\/li>\n<li>Familie: Formicidae<\/li>\n<li>Gattung: Colobopsis<\/li>\n<li>Art: C. leonardi<\/li>\n<\/ul>\n<p><strong>Geografische Verbreitung:<\/strong> S\u00fcdostasien, insbesondere in Malaysia und Borneo.<\/p>\n<p><strong>Physische Merkmale:<\/strong><\/p>\n<ul>\n<li>Gr\u00f6\u00dfe: Arbeiterinnen zwischen 5-8 mm L\u00e4nge, K\u00f6niginnen zwischen 13-14 mm L\u00e4nge.<\/li>\n<li>Farbe: R\u00f6tliche oder braune Arbeiterinnen, dunkler braune K\u00f6niginnen.<\/li>\n<li>Sichelf\u00f6rmige Mandibeln, die zum Schneiden von Bl\u00e4ttern und zur Gruppenjagd verwendet werden.<\/li>\n<\/ul>\n<p><strong>Verhalten:<\/strong><\/p>\n<ul>\n<li>Jagen in Gruppen und nutzen ihre Mandibeln zum Bei\u00dfen und eine klebrige Substanz, um ihre Beute zu immobilisieren.<\/li>\n<li>Haben eine symbiotische Beziehung mit einer Art von Bakterien, die Schutz gegen andere Insekten bietet.<\/li>\n<\/ul>\n<p><strong>Erhaltungszustand:<\/strong> Nicht auf einer Liste gef\u00e4hrdeter Arten aufgef\u00fchrt.<\/p>\n<p><strong>Zus\u00e4tzliche Anmerkungen:<\/strong> Die Colobopsis leonardi-Ameise ist eine faszinierende und einzigartige Art, bekannt f\u00fcr ihr Gruppenjagdverhalten und ihre symbiotische Beziehung mit Bakterien. Au\u00dferdem k\u00f6nnen diese Ameisen eine wichtige Rolle in der \u00d6kologie des Waldes spielen, indem sie die Struktur der Insektengemeinschaft und die Zersetzung organischer Materie beeinflussen.<\/p>\n","protected":false},"excerpt":{"rendered":"<p>Wissenschaftlicher Name: Colobopsis leonardi Taxonomische Klassifikation: K\u00f6nigreich: Animalia Stamm: Arthropoda Klasse: Insecta Ordnung: Hymenoptera Familie: Formicidae Gattung: Colobopsis Art: C.<\/p>\n","protected":false},"featured_media":27611,"template":"","meta":[],"product_brand":[],"product_cat":[495,497],"product_tag":[],"class_list":{"0":"post-27618","1":"product","2":"type-product","3":"status-publish","4":"has-post-thumbnail","6":"product_cat-ameisen","7":"product_cat-exotische-ameisen","9":"first","10":"outofstock","11":"shipping-taxable","12":"purchasable","13":"product-type-variable"},"yoast_head":"<!-- This site is optimized with the Yoast SEO plugin v27.3 - https:\/\/yoast.com\/product\/yoast-seo-wordpress\/ -->\n<title>Colobopsis leonardi (K\u00f6nigin) - ANTDERGROUND<\/title>\n<meta name=\"description\" content=\"Entdecken Sie die neue Ameisenk\u00f6nigin (Colobopsis leonardi), eine exotische und \u00fcberraschende Ameise. Entdecken Sie die Welt der Myrmekologie ;-)\" \/>\n<meta name=\"robots\" content=\"index, follow, max-snippet:-1, max-image-preview:large, max-video-preview:-1\" \/>\n<link rel=\"canonical\" href=\"https:\/\/antderground.com\/de\/produkt\/colobopsis-leonardi\/\" \/>\n<meta property=\"og:locale\" content=\"de_DE\" \/>\n<meta property=\"og:type\" content=\"article\" \/>\n<meta property=\"og:title\" content=\"Colobopsis leonardi (K\u00f6nigin) - ANTDERGROUND\" \/>\n<meta property=\"og:description\" content=\"Entdecken Sie die neue Ameisenk\u00f6nigin (Colobopsis leonardi), eine exotische und \u00fcberraschende Ameise. Entdecken Sie die Welt der Myrmekologie ;-)\" \/>\n<meta property=\"og:url\" content=\"https:\/\/antderground.com\/de\/produkt\/colobopsis-leonardi\/\" \/>\n<meta property=\"og:site_name\" content=\"ANTDERGROUND\" \/>\n<meta property=\"article:modified_time\" content=\"2023-08-02T15:38:44+00:00\" \/>\n<meta property=\"og:image\" content=\"https:\/\/antderground.com\/wp-content\/uploads\/2023\/04\/Imagen-de-WhatsApp-2023-04-05-a-las-18.59.13.jpg\" \/>\n\t<meta property=\"og:image:width\" content=\"1417\" \/>\n\t<meta property=\"og:image:height\" content=\"1417\" \/>\n\t<meta property=\"og:image:type\" content=\"image\/jpeg\" \/>\n<meta name=\"twitter:card\" content=\"summary_large_image\" \/>\n<meta name=\"twitter:label1\" content=\"Gesch\u00e4tzte Lesezeit\" \/>\n\t<meta name=\"twitter:data1\" content=\"1\u00a0Minute\" \/>\n<script type=\"application\/ld+json\" class=\"yoast-schema-graph\">{\"@context\":\"https:\\\/\\\/schema.org\",\"@graph\":[{\"@type\":\"WebPage\",\"@id\":\"https:\\\/\\\/antderground.com\\\/de\\\/produkt\\\/colobopsis-leonardi\\\/\",\"url\":\"https:\\\/\\\/antderground.com\\\/de\\\/produkt\\\/colobopsis-leonardi\\\/\",\"name\":\"Colobopsis leonardi (K\u00f6nigin) - ANTDERGROUND\",\"isPartOf\":{\"@id\":\"https:\\\/\\\/antderground.com\\\/de\\\/#website\"},\"primaryImageOfPage\":{\"@id\":\"https:\\\/\\\/antderground.com\\\/de\\\/produkt\\\/colobopsis-leonardi\\\/#primaryimage\"},\"image\":{\"@id\":\"https:\\\/\\\/antderground.com\\\/de\\\/produkt\\\/colobopsis-leonardi\\\/#primaryimage\"},\"thumbnailUrl\":\"https:\\\/\\\/antderground.com\\\/wp-content\\\/uploads\\\/2023\\\/04\\\/Imagen-de-WhatsApp-2023-04-05-a-las-18.59.13.jpg\",\"datePublished\":\"2023-04-05T19:54:12+00:00\",\"dateModified\":\"2023-08-02T15:38:44+00:00\",\"description\":\"Entdecken Sie die neue Ameisenk\u00f6nigin (Colobopsis leonardi), eine exotische und \u00fcberraschende Ameise. Entdecken Sie die Welt der Myrmekologie ;-)\",\"breadcrumb\":{\"@id\":\"https:\\\/\\\/antderground.com\\\/de\\\/produkt\\\/colobopsis-leonardi\\\/#breadcrumb\"},\"inLanguage\":\"de\",\"potentialAction\":[{\"@type\":\"ReadAction\",\"target\":[\"https:\\\/\\\/antderground.com\\\/de\\\/produkt\\\/colobopsis-leonardi\\\/\"]}]},{\"@type\":\"ImageObject\",\"inLanguage\":\"de\",\"@id\":\"https:\\\/\\\/antderground.com\\\/de\\\/produkt\\\/colobopsis-leonardi\\\/#primaryimage\",\"url\":\"https:\\\/\\\/antderground.com\\\/wp-content\\\/uploads\\\/2023\\\/04\\\/Imagen-de-WhatsApp-2023-04-05-a-las-18.59.13.jpg\",\"contentUrl\":\"https:\\\/\\\/antderground.com\\\/wp-content\\\/uploads\\\/2023\\\/04\\\/Imagen-de-WhatsApp-2023-04-05-a-las-18.59.13.jpg\",\"width\":1417,\"height\":1417},{\"@type\":\"BreadcrumbList\",\"@id\":\"https:\\\/\\\/antderground.com\\\/de\\\/produkt\\\/colobopsis-leonardi\\\/#breadcrumb\",\"itemListElement\":[{\"@type\":\"ListItem\",\"position\":1,\"name\":\"Portada\",\"item\":\"https:\\\/\\\/antderground.com\\\/de\\\/\"},{\"@type\":\"ListItem\",\"position\":2,\"name\":\"Shop\",\"item\":\"https:\\\/\\\/antderground.com\\\/de\\\/shop\\\/\"},{\"@type\":\"ListItem\",\"position\":3,\"name\":\"Colobopsis leonardi (K\u00f6nigin)\"}]},{\"@type\":\"WebSite\",\"@id\":\"https:\\\/\\\/antderground.com\\\/de\\\/#website\",\"url\":\"https:\\\/\\\/antderground.com\\\/de\\\/\",\"name\":\"ANTDERGROUND\",\"description\":\"Tu tienda de hormigas, gran variedad de hormigueros acr\u00edlicos,madera,arena,3D y mas.. Pide tus hormigas gratis con tu pedido, somos expertos en hormigueros antifugas.\",\"publisher\":{\"@id\":\"https:\\\/\\\/antderground.com\\\/de\\\/#\\\/schema\\\/person\\\/0e322c505e84fe72c65e2f6d08f96b81\"},\"alternateName\":\"Antderground\",\"potentialAction\":[{\"@type\":\"SearchAction\",\"target\":{\"@type\":\"EntryPoint\",\"urlTemplate\":\"https:\\\/\\\/antderground.com\\\/de\\\/?s={search_term_string}\"},\"query-input\":{\"@type\":\"PropertyValueSpecification\",\"valueRequired\":true,\"valueName\":\"search_term_string\"}}],\"inLanguage\":\"de\"},{\"@type\":[\"Person\",\"Organization\"],\"@id\":\"https:\\\/\\\/antderground.com\\\/de\\\/#\\\/schema\\\/person\\\/0e322c505e84fe72c65e2f6d08f96b81\",\"name\":\"Eric de Antderground\",\"image\":{\"@type\":\"ImageObject\",\"inLanguage\":\"de\",\"@id\":\"https:\\\/\\\/secure.gravatar.com\\\/avatar\\\/c49a1b9f79216d1498cb73c1e85cd47f4465dda35f2a94c03790d491bd4423c3?s=96&d=mm&r=g\",\"url\":\"https:\\\/\\\/secure.gravatar.com\\\/avatar\\\/c49a1b9f79216d1498cb73c1e85cd47f4465dda35f2a94c03790d491bd4423c3?s=96&d=mm&r=g\",\"contentUrl\":\"https:\\\/\\\/secure.gravatar.com\\\/avatar\\\/c49a1b9f79216d1498cb73c1e85cd47f4465dda35f2a94c03790d491bd4423c3?s=96&d=mm&r=g\",\"caption\":\"Eric de Antderground\"},\"logo\":{\"@id\":\"https:\\\/\\\/secure.gravatar.com\\\/avatar\\\/c49a1b9f79216d1498cb73c1e85cd47f4465dda35f2a94c03790d491bd4423c3?s=96&d=mm&r=g\"},\"description\":\"Eric es el especialista y fundador de Antderground, con una amplia trayectoria en artr\u00f3podos y enfocado en la mirmecolog\u00eda y el dise\u00f1o de hormigueros artificiales. Su enfoque combina la innovaci\u00f3n t\u00e9cnica con el respeto por la biolog\u00eda de las hormigas, is\u00f3podos y otros, desarrollando sistemas de nidos modulares 3D y acr\u00edlicos que son referentes para aficionados y profesionales en toda Europa. Su objetivo es facilitar la cr\u00eda de hormigas y otros artr\u00f3podos mediante soluciones seguras y divulgaci\u00f3n de calidad.\",\"sameAs\":[\"https:\\\/\\\/antderground.com\\\/\",\"https:\\\/\\\/www.youtube.com\\\/channel\\\/UCio72z7TlbufkAthAJIJfPw\"]}]}<\/script>\n<!-- \/ Yoast SEO plugin. -->","yoast_head_json":{"title":"Colobopsis leonardi (K\u00f6nigin) - ANTDERGROUND","description":"Entdecken Sie die neue Ameisenk\u00f6nigin (Colobopsis leonardi), eine exotische und \u00fcberraschende Ameise. Entdecken Sie die Welt der Myrmekologie ;-)","robots":{"index":"index","follow":"follow","max-snippet":"max-snippet:-1","max-image-preview":"max-image-preview:large","max-video-preview":"max-video-preview:-1"},"canonical":"https:\/\/antderground.com\/de\/produkt\/colobopsis-leonardi\/","og_locale":"de_DE","og_type":"article","og_title":"Colobopsis leonardi (K\u00f6nigin) - ANTDERGROUND","og_description":"Entdecken Sie die neue Ameisenk\u00f6nigin (Colobopsis leonardi), eine exotische und \u00fcberraschende Ameise. Entdecken Sie die Welt der Myrmekologie ;-)","og_url":"https:\/\/antderground.com\/de\/produkt\/colobopsis-leonardi\/","og_site_name":"ANTDERGROUND","article_modified_time":"2023-08-02T15:38:44+00:00","og_image":[{"width":1417,"height":1417,"url":"https:\/\/antderground.com\/wp-content\/uploads\/2023\/04\/Imagen-de-WhatsApp-2023-04-05-a-las-18.59.13.jpg","type":"image\/jpeg"}],"twitter_card":"summary_large_image","twitter_misc":{"Gesch\u00e4tzte Lesezeit":"1\u00a0Minute"},"schema":{"@context":"https:\/\/schema.org","@graph":[{"@type":"WebPage","@id":"https:\/\/antderground.com\/de\/produkt\/colobopsis-leonardi\/","url":"https:\/\/antderground.com\/de\/produkt\/colobopsis-leonardi\/","name":"Colobopsis leonardi (K\u00f6nigin) - ANTDERGROUND","isPartOf":{"@id":"https:\/\/antderground.com\/de\/#website"},"primaryImageOfPage":{"@id":"https:\/\/antderground.com\/de\/produkt\/colobopsis-leonardi\/#primaryimage"},"image":{"@id":"https:\/\/antderground.com\/de\/produkt\/colobopsis-leonardi\/#primaryimage"},"thumbnailUrl":"https:\/\/antderground.com\/wp-content\/uploads\/2023\/04\/Imagen-de-WhatsApp-2023-04-05-a-las-18.59.13.jpg","datePublished":"2023-04-05T19:54:12+00:00","dateModified":"2023-08-02T15:38:44+00:00","description":"Entdecken Sie die neue Ameisenk\u00f6nigin (Colobopsis leonardi), eine exotische und \u00fcberraschende Ameise. Entdecken Sie die Welt der Myrmekologie ;-)","breadcrumb":{"@id":"https:\/\/antderground.com\/de\/produkt\/colobopsis-leonardi\/#breadcrumb"},"inLanguage":"de","potentialAction":[{"@type":"ReadAction","target":["https:\/\/antderground.com\/de\/produkt\/colobopsis-leonardi\/"]}]},{"@type":"ImageObject","inLanguage":"de","@id":"https:\/\/antderground.com\/de\/produkt\/colobopsis-leonardi\/#primaryimage","url":"https:\/\/antderground.com\/wp-content\/uploads\/2023\/04\/Imagen-de-WhatsApp-2023-04-05-a-las-18.59.13.jpg","contentUrl":"https:\/\/antderground.com\/wp-content\/uploads\/2023\/04\/Imagen-de-WhatsApp-2023-04-05-a-las-18.59.13.jpg","width":1417,"height":1417},{"@type":"BreadcrumbList","@id":"https:\/\/antderground.com\/de\/produkt\/colobopsis-leonardi\/#breadcrumb","itemListElement":[{"@type":"ListItem","position":1,"name":"Portada","item":"https:\/\/antderground.com\/de\/"},{"@type":"ListItem","position":2,"name":"Shop","item":"https:\/\/antderground.com\/de\/shop\/"},{"@type":"ListItem","position":3,"name":"Colobopsis leonardi (K\u00f6nigin)"}]},{"@type":"WebSite","@id":"https:\/\/antderground.com\/de\/#website","url":"https:\/\/antderground.com\/de\/","name":"ANTDERGROUND","description":"Tu tienda de hormigas, gran variedad de hormigueros acr\u00edlicos,madera,arena,3D y mas.. Pide tus hormigas gratis con tu pedido, somos expertos en hormigueros antifugas.","publisher":{"@id":"https:\/\/antderground.com\/de\/#\/schema\/person\/0e322c505e84fe72c65e2f6d08f96b81"},"alternateName":"Antderground","potentialAction":[{"@type":"SearchAction","target":{"@type":"EntryPoint","urlTemplate":"https:\/\/antderground.com\/de\/?s={search_term_string}"},"query-input":{"@type":"PropertyValueSpecification","valueRequired":true,"valueName":"search_term_string"}}],"inLanguage":"de"},{"@type":["Person","Organization"],"@id":"https:\/\/antderground.com\/de\/#\/schema\/person\/0e322c505e84fe72c65e2f6d08f96b81","name":"Eric de Antderground","image":{"@type":"ImageObject","inLanguage":"de","@id":"https:\/\/secure.gravatar.com\/avatar\/c49a1b9f79216d1498cb73c1e85cd47f4465dda35f2a94c03790d491bd4423c3?s=96&d=mm&r=g","url":"https:\/\/secure.gravatar.com\/avatar\/c49a1b9f79216d1498cb73c1e85cd47f4465dda35f2a94c03790d491bd4423c3?s=96&d=mm&r=g","contentUrl":"https:\/\/secure.gravatar.com\/avatar\/c49a1b9f79216d1498cb73c1e85cd47f4465dda35f2a94c03790d491bd4423c3?s=96&d=mm&r=g","caption":"Eric de Antderground"},"logo":{"@id":"https:\/\/secure.gravatar.com\/avatar\/c49a1b9f79216d1498cb73c1e85cd47f4465dda35f2a94c03790d491bd4423c3?s=96&d=mm&r=g"},"description":"Eric es el especialista y fundador de Antderground, con una amplia trayectoria en artr\u00f3podos y enfocado en la mirmecolog\u00eda y el dise\u00f1o de hormigueros artificiales. Su enfoque combina la innovaci\u00f3n t\u00e9cnica con el respeto por la biolog\u00eda de las hormigas, is\u00f3podos y otros, desarrollando sistemas de nidos modulares 3D y acr\u00edlicos que son referentes para aficionados y profesionales en toda Europa. Su objetivo es facilitar la cr\u00eda de hormigas y otros artr\u00f3podos mediante soluciones seguras y divulgaci\u00f3n de calidad.","sameAs":["https:\/\/antderground.com\/","https:\/\/www.youtube.com\/channel\/UCio72z7TlbufkAthAJIJfPw"]}]}},"_links":{"self":[{"href":"https:\/\/antderground.com\/de\/wp-json\/wp\/v2\/product\/27618","targetHints":{"allow":["GET"]}}],"collection":[{"href":"https:\/\/antderground.com\/de\/wp-json\/wp\/v2\/product"}],"about":[{"href":"https:\/\/antderground.com\/de\/wp-json\/wp\/v2\/types\/product"}],"version-history":[{"count":0,"href":"https:\/\/antderground.com\/de\/wp-json\/wp\/v2\/product\/27618\/revisions"}],"wp:featuredmedia":[{"embeddable":true,"href":"https:\/\/antderground.com\/de\/wp-json\/wp\/v2\/media\/27611"}],"wp:attachment":[{"href":"https:\/\/antderground.com\/de\/wp-json\/wp\/v2\/media?parent=27618"}],"wp:term":[{"taxonomy":"product_brand","embeddable":true,"href":"https:\/\/antderground.com\/de\/wp-json\/wp\/v2\/product_brand?post=27618"},{"taxonomy":"product_cat","embeddable":true,"href":"https:\/\/antderground.com\/de\/wp-json\/wp\/v2\/product_cat?post=27618"},{"taxonomy":"product_tag","embeddable":true,"href":"https:\/\/antderground.com\/de\/wp-json\/wp\/v2\/product_tag?post=27618"}],"curies":[{"name":"wp","href":"https:\/\/api.w.org\/{rel}","templated":true}]}}