{"id":27666,"date":"2023-04-07T12:56:41","date_gmt":"2023-04-07T10:56:41","guid":{"rendered":"https:\/\/www.antderground.com\/producto\/camponotus-mitis\/"},"modified":"2023-04-07T14:29:47","modified_gmt":"2023-04-07T12:29:47","slug":"camponotus-mitis","status":"publish","type":"product","link":"https:\/\/antderground.com\/de\/produkt\/camponotus-mitis\/","title":{"rendered":"Camponotus mitis (K\u00f6nigin)"},"content":{"rendered":"<p><strong>Wissenschaftlicher Name:<\/strong> Camponotus mitis<\/p>\n<p><strong>Taxonomische Klassifikation:<\/strong><\/p>\n<ul>\n<li>K\u00f6nigreich: Animalia<\/li>\n<li>Stamm: Arthropoda<\/li>\n<li>Klasse: Insecta<\/li>\n<li>Ordnung: Hymenoptera<\/li>\n<li>Familie: Formicidae<\/li>\n<li>Gattung: Camponotus<\/li>\n<li>Art: C. mitis<\/li>\n<\/ul>\n<p><strong>Geographische Verbreitung:<\/strong><\/p>\n<p>Die geographische Verbreitung von Camponotus mitis ist weit und kommt haupts\u00e4chlich in Afrika vor, aber sie kann auch in anderen tropischen und subtropischen Regionen der Welt gefunden werden, wie zum Beispiel:<\/p>\n<ul>\n<li>Afrika: Sie ist auf dem gesamten Kontinent zu finden.<\/li>\n<li>Asien: Sie wurde in L\u00e4ndern wie China, Japan, Indien, Indonesien, Malaysia, den Philippinen, Sri Lanka und Thailand nachgewiesen.<\/li>\n<li>Australien: Sie kommt in einigen Teilen Australiens vor.<\/li>\n<li>S\u00fcdamerika: Sie wurde in L\u00e4ndern wie Kolumbien, Ecuador und Brasilien beobachtet.<\/li>\n<\/ul>\n<p>Daher ist die geographische Verbreitung dieser Art ziemlich weit und kommt auf mehreren Kontinenten vor.<\/p>\n<p><strong>K\u00f6rperliche Merkmale:<\/strong><\/p>\n<ul>\n<li>Gr\u00f6\u00dfe: Arbeiterinnen zwischen 4 und 9 mm L\u00e4nge, K\u00f6niginnen zwischen 10 und 12 mm L\u00e4nge.<\/li>\n<li>Farbe: In der Regel schwarz, mit einigen Arten mit r\u00f6tlichen oder gelben Markierungen am Abdomen.<\/li>\n<li>Gro\u00dfe und kraftvolle Mandibeln, die zum Schneiden und Transportieren von Pflanzenmaterial verwendet werden.<\/li>\n<\/ul>\n<p><strong>Verhalten:<\/strong><\/p>\n<ul>\n<li>Sie sind in der Regel omnivor, ern\u00e4hren sich von Pflanzenmaterial und kleinen Insekten.<\/li>\n<li>Die Arbeiterinnen sind polymorph, d.h. sie k\u00f6nnen in Gr\u00f6\u00dfe und Funktion innerhalb der Kolonie variieren.<\/li>\n<li>Sie bilden relativ kleine Kolonien mit ein paar hundert Arbeiterinnen.<\/li>\n<\/ul>\n<p><strong>Erhaltungsstatus:<\/strong> Nicht auf Listen gef\u00e4hrdeter Arten aufgef\u00fchrt.<\/p>\n<p><strong>Zus\u00e4tzliche Anmerkungen:<\/strong> Camponotus mitis ist eine h\u00e4ufige Ameisenart in tropischen und subtropischen Afrika und kann eine wichtige Rolle in der \u00d6kologie von \u00d6kosystemen spielen. Aufgrund ihrer F\u00e4higkeit, Pflanzenmaterial zu schneiden und zu transportieren, k\u00f6nnen diese Ameisen bei der Samenausbreitung und bei der Schaffung von Mikrohabitaten im Waldboden wichtig sein. Dar\u00fcber hinaus haben einige Arten von Camponotus mitis eine symbiotische Beziehung zu bestimmten Pflanzen und k\u00f6nnen Schutz gegen Herbivoren und Pathogene bieten.<\/p>\n","protected":false},"excerpt":{"rendered":"<p>K\u00f6nigin allein<\/p>\n","protected":false},"featured_media":29416,"template":"","meta":[],"product_brand":[],"product_cat":[495,497],"product_tag":[],"class_list":{"0":"post-27666","1":"product","2":"type-product","3":"status-publish","4":"has-post-thumbnail","6":"product_cat-ameisen","7":"product_cat-exotische-ameisen","9":"first","10":"outofstock","11":"shipping-taxable","12":"purchasable","13":"product-type-simple"},"yoast_head":"<!-- This site is optimized with the Yoast SEO plugin v27.3 - https:\/\/yoast.com\/product\/yoast-seo-wordpress\/ -->\n<title>Camponotus mitis (K\u00f6nigin) - ANTDERGROUND<\/title>\n<meta name=\"description\" content=\"Entdecken Sie die neue Ameisenk\u00f6nigin Camponotus mitis, eine exotische Ameise, die im tropischen und subtropischen Afrika verbreitet ist. Ihr Myrmekologie-Shop.\" \/>\n<meta name=\"robots\" content=\"index, follow, max-snippet:-1, max-image-preview:large, max-video-preview:-1\" \/>\n<link rel=\"canonical\" href=\"https:\/\/antderground.com\/de\/produkt\/camponotus-mitis\/\" \/>\n<meta property=\"og:locale\" content=\"de_DE\" \/>\n<meta property=\"og:type\" content=\"article\" \/>\n<meta property=\"og:title\" content=\"Camponotus mitis (K\u00f6nigin) - ANTDERGROUND\" \/>\n<meta property=\"og:description\" content=\"Entdecken Sie die neue Ameisenk\u00f6nigin Camponotus mitis, eine exotische Ameise, die im tropischen und subtropischen Afrika verbreitet ist. Ihr Myrmekologie-Shop.\" \/>\n<meta property=\"og:url\" content=\"https:\/\/antderground.com\/de\/produkt\/camponotus-mitis\/\" \/>\n<meta property=\"og:site_name\" content=\"ANTDERGROUND\" \/>\n<meta property=\"article:modified_time\" content=\"2023-04-07T12:29:47+00:00\" \/>\n<meta name=\"twitter:card\" content=\"summary_large_image\" \/>\n<meta name=\"twitter:label1\" content=\"Gesch\u00e4tzte Lesezeit\" \/>\n\t<meta name=\"twitter:data1\" content=\"1\u00a0Minute\" \/>\n<script type=\"application\/ld+json\" class=\"yoast-schema-graph\">{\"@context\":\"https:\\\/\\\/schema.org\",\"@graph\":[{\"@type\":\"WebPage\",\"@id\":\"https:\\\/\\\/antderground.com\\\/de\\\/produkt\\\/camponotus-mitis\\\/\",\"url\":\"https:\\\/\\\/antderground.com\\\/de\\\/produkt\\\/camponotus-mitis\\\/\",\"name\":\"Camponotus mitis (K\u00f6nigin) - ANTDERGROUND\",\"isPartOf\":{\"@id\":\"https:\\\/\\\/antderground.com\\\/de\\\/#website\"},\"primaryImageOfPage\":{\"@id\":\"https:\\\/\\\/antderground.com\\\/de\\\/produkt\\\/camponotus-mitis\\\/#primaryimage\"},\"image\":{\"@id\":\"https:\\\/\\\/antderground.com\\\/de\\\/produkt\\\/camponotus-mitis\\\/#primaryimage\"},\"thumbnailUrl\":\"https:\\\/\\\/antderground.com\\\/wp-content\\\/uploads\\\/2023\\\/04\\\/Camponotus-mitis.jpg\",\"datePublished\":\"2023-04-07T10:56:41+00:00\",\"dateModified\":\"2023-04-07T12:29:47+00:00\",\"description\":\"Entdecken Sie die neue Ameisenk\u00f6nigin Camponotus mitis, eine exotische Ameise, die im tropischen und subtropischen Afrika verbreitet ist. Ihr Myrmekologie-Shop.\",\"breadcrumb\":{\"@id\":\"https:\\\/\\\/antderground.com\\\/de\\\/produkt\\\/camponotus-mitis\\\/#breadcrumb\"},\"inLanguage\":\"de\",\"potentialAction\":[{\"@type\":\"ReadAction\",\"target\":[\"https:\\\/\\\/antderground.com\\\/de\\\/produkt\\\/camponotus-mitis\\\/\"]}]},{\"@type\":\"ImageObject\",\"inLanguage\":\"de\",\"@id\":\"https:\\\/\\\/antderground.com\\\/de\\\/produkt\\\/camponotus-mitis\\\/#primaryimage\",\"url\":\"https:\\\/\\\/antderground.com\\\/wp-content\\\/uploads\\\/2023\\\/04\\\/Camponotus-mitis.jpg\",\"contentUrl\":\"https:\\\/\\\/antderground.com\\\/wp-content\\\/uploads\\\/2023\\\/04\\\/Camponotus-mitis.jpg\",\"width\":1417,\"height\":1417,\"caption\":\"Camponotus mitis (Reina)\"},{\"@type\":\"BreadcrumbList\",\"@id\":\"https:\\\/\\\/antderground.com\\\/de\\\/produkt\\\/camponotus-mitis\\\/#breadcrumb\",\"itemListElement\":[{\"@type\":\"ListItem\",\"position\":1,\"name\":\"Portada\",\"item\":\"https:\\\/\\\/antderground.com\\\/de\\\/\"},{\"@type\":\"ListItem\",\"position\":2,\"name\":\"Shop\",\"item\":\"https:\\\/\\\/antderground.com\\\/de\\\/shop\\\/\"},{\"@type\":\"ListItem\",\"position\":3,\"name\":\"Camponotus mitis (K\u00f6nigin)\"}]},{\"@type\":\"WebSite\",\"@id\":\"https:\\\/\\\/antderground.com\\\/de\\\/#website\",\"url\":\"https:\\\/\\\/antderground.com\\\/de\\\/\",\"name\":\"ANTDERGROUND\",\"description\":\"Tu tienda de hormigas, gran variedad de hormigueros acr\u00edlicos,madera,arena,3D y mas.. Pide tus hormigas gratis con tu pedido, somos expertos en hormigueros antifugas.\",\"publisher\":{\"@id\":\"https:\\\/\\\/antderground.com\\\/de\\\/#\\\/schema\\\/person\\\/0e322c505e84fe72c65e2f6d08f96b81\"},\"alternateName\":\"Antderground\",\"potentialAction\":[{\"@type\":\"SearchAction\",\"target\":{\"@type\":\"EntryPoint\",\"urlTemplate\":\"https:\\\/\\\/antderground.com\\\/de\\\/?s={search_term_string}\"},\"query-input\":{\"@type\":\"PropertyValueSpecification\",\"valueRequired\":true,\"valueName\":\"search_term_string\"}}],\"inLanguage\":\"de\"},{\"@type\":[\"Person\",\"Organization\"],\"@id\":\"https:\\\/\\\/antderground.com\\\/de\\\/#\\\/schema\\\/person\\\/0e322c505e84fe72c65e2f6d08f96b81\",\"name\":\"Eric de Antderground\",\"image\":{\"@type\":\"ImageObject\",\"inLanguage\":\"de\",\"@id\":\"https:\\\/\\\/secure.gravatar.com\\\/avatar\\\/c49a1b9f79216d1498cb73c1e85cd47f4465dda35f2a94c03790d491bd4423c3?s=96&d=mm&r=g\",\"url\":\"https:\\\/\\\/secure.gravatar.com\\\/avatar\\\/c49a1b9f79216d1498cb73c1e85cd47f4465dda35f2a94c03790d491bd4423c3?s=96&d=mm&r=g\",\"contentUrl\":\"https:\\\/\\\/secure.gravatar.com\\\/avatar\\\/c49a1b9f79216d1498cb73c1e85cd47f4465dda35f2a94c03790d491bd4423c3?s=96&d=mm&r=g\",\"caption\":\"Eric de Antderground\"},\"logo\":{\"@id\":\"https:\\\/\\\/secure.gravatar.com\\\/avatar\\\/c49a1b9f79216d1498cb73c1e85cd47f4465dda35f2a94c03790d491bd4423c3?s=96&d=mm&r=g\"},\"description\":\"Eric es el especialista y fundador de Antderground, con una amplia trayectoria en artr\u00f3podos y enfocado en la mirmecolog\u00eda y el dise\u00f1o de hormigueros artificiales. Su enfoque combina la innovaci\u00f3n t\u00e9cnica con el respeto por la biolog\u00eda de las hormigas, is\u00f3podos y otros, desarrollando sistemas de nidos modulares 3D y acr\u00edlicos que son referentes para aficionados y profesionales en toda Europa. Su objetivo es facilitar la cr\u00eda de hormigas y otros artr\u00f3podos mediante soluciones seguras y divulgaci\u00f3n de calidad.\",\"sameAs\":[\"https:\\\/\\\/antderground.com\\\/\",\"https:\\\/\\\/www.youtube.com\\\/channel\\\/UCio72z7TlbufkAthAJIJfPw\"]}]}<\/script>\n<!-- \/ Yoast SEO plugin. -->","yoast_head_json":{"title":"Camponotus mitis (K\u00f6nigin) - ANTDERGROUND","description":"Entdecken Sie die neue Ameisenk\u00f6nigin Camponotus mitis, eine exotische Ameise, die im tropischen und subtropischen Afrika verbreitet ist. Ihr Myrmekologie-Shop.","robots":{"index":"index","follow":"follow","max-snippet":"max-snippet:-1","max-image-preview":"max-image-preview:large","max-video-preview":"max-video-preview:-1"},"canonical":"https:\/\/antderground.com\/de\/produkt\/camponotus-mitis\/","og_locale":"de_DE","og_type":"article","og_title":"Camponotus mitis (K\u00f6nigin) - ANTDERGROUND","og_description":"Entdecken Sie die neue Ameisenk\u00f6nigin Camponotus mitis, eine exotische Ameise, die im tropischen und subtropischen Afrika verbreitet ist. Ihr Myrmekologie-Shop.","og_url":"https:\/\/antderground.com\/de\/produkt\/camponotus-mitis\/","og_site_name":"ANTDERGROUND","article_modified_time":"2023-04-07T12:29:47+00:00","twitter_card":"summary_large_image","twitter_misc":{"Gesch\u00e4tzte Lesezeit":"1\u00a0Minute"},"schema":{"@context":"https:\/\/schema.org","@graph":[{"@type":"WebPage","@id":"https:\/\/antderground.com\/de\/produkt\/camponotus-mitis\/","url":"https:\/\/antderground.com\/de\/produkt\/camponotus-mitis\/","name":"Camponotus mitis (K\u00f6nigin) - ANTDERGROUND","isPartOf":{"@id":"https:\/\/antderground.com\/de\/#website"},"primaryImageOfPage":{"@id":"https:\/\/antderground.com\/de\/produkt\/camponotus-mitis\/#primaryimage"},"image":{"@id":"https:\/\/antderground.com\/de\/produkt\/camponotus-mitis\/#primaryimage"},"thumbnailUrl":"https:\/\/antderground.com\/wp-content\/uploads\/2023\/04\/Camponotus-mitis.jpg","datePublished":"2023-04-07T10:56:41+00:00","dateModified":"2023-04-07T12:29:47+00:00","description":"Entdecken Sie die neue Ameisenk\u00f6nigin Camponotus mitis, eine exotische Ameise, die im tropischen und subtropischen Afrika verbreitet ist. Ihr Myrmekologie-Shop.","breadcrumb":{"@id":"https:\/\/antderground.com\/de\/produkt\/camponotus-mitis\/#breadcrumb"},"inLanguage":"de","potentialAction":[{"@type":"ReadAction","target":["https:\/\/antderground.com\/de\/produkt\/camponotus-mitis\/"]}]},{"@type":"ImageObject","inLanguage":"de","@id":"https:\/\/antderground.com\/de\/produkt\/camponotus-mitis\/#primaryimage","url":"https:\/\/antderground.com\/wp-content\/uploads\/2023\/04\/Camponotus-mitis.jpg","contentUrl":"https:\/\/antderground.com\/wp-content\/uploads\/2023\/04\/Camponotus-mitis.jpg","width":1417,"height":1417,"caption":"Camponotus mitis (Reina)"},{"@type":"BreadcrumbList","@id":"https:\/\/antderground.com\/de\/produkt\/camponotus-mitis\/#breadcrumb","itemListElement":[{"@type":"ListItem","position":1,"name":"Portada","item":"https:\/\/antderground.com\/de\/"},{"@type":"ListItem","position":2,"name":"Shop","item":"https:\/\/antderground.com\/de\/shop\/"},{"@type":"ListItem","position":3,"name":"Camponotus mitis (K\u00f6nigin)"}]},{"@type":"WebSite","@id":"https:\/\/antderground.com\/de\/#website","url":"https:\/\/antderground.com\/de\/","name":"ANTDERGROUND","description":"Tu tienda de hormigas, gran variedad de hormigueros acr\u00edlicos,madera,arena,3D y mas.. Pide tus hormigas gratis con tu pedido, somos expertos en hormigueros antifugas.","publisher":{"@id":"https:\/\/antderground.com\/de\/#\/schema\/person\/0e322c505e84fe72c65e2f6d08f96b81"},"alternateName":"Antderground","potentialAction":[{"@type":"SearchAction","target":{"@type":"EntryPoint","urlTemplate":"https:\/\/antderground.com\/de\/?s={search_term_string}"},"query-input":{"@type":"PropertyValueSpecification","valueRequired":true,"valueName":"search_term_string"}}],"inLanguage":"de"},{"@type":["Person","Organization"],"@id":"https:\/\/antderground.com\/de\/#\/schema\/person\/0e322c505e84fe72c65e2f6d08f96b81","name":"Eric de Antderground","image":{"@type":"ImageObject","inLanguage":"de","@id":"https:\/\/secure.gravatar.com\/avatar\/c49a1b9f79216d1498cb73c1e85cd47f4465dda35f2a94c03790d491bd4423c3?s=96&d=mm&r=g","url":"https:\/\/secure.gravatar.com\/avatar\/c49a1b9f79216d1498cb73c1e85cd47f4465dda35f2a94c03790d491bd4423c3?s=96&d=mm&r=g","contentUrl":"https:\/\/secure.gravatar.com\/avatar\/c49a1b9f79216d1498cb73c1e85cd47f4465dda35f2a94c03790d491bd4423c3?s=96&d=mm&r=g","caption":"Eric de Antderground"},"logo":{"@id":"https:\/\/secure.gravatar.com\/avatar\/c49a1b9f79216d1498cb73c1e85cd47f4465dda35f2a94c03790d491bd4423c3?s=96&d=mm&r=g"},"description":"Eric es el especialista y fundador de Antderground, con una amplia trayectoria en artr\u00f3podos y enfocado en la mirmecolog\u00eda y el dise\u00f1o de hormigueros artificiales. Su enfoque combina la innovaci\u00f3n t\u00e9cnica con el respeto por la biolog\u00eda de las hormigas, is\u00f3podos y otros, desarrollando sistemas de nidos modulares 3D y acr\u00edlicos que son referentes para aficionados y profesionales en toda Europa. Su objetivo es facilitar la cr\u00eda de hormigas y otros artr\u00f3podos mediante soluciones seguras y divulgaci\u00f3n de calidad.","sameAs":["https:\/\/antderground.com\/","https:\/\/www.youtube.com\/channel\/UCio72z7TlbufkAthAJIJfPw"]}]}},"_links":{"self":[{"href":"https:\/\/antderground.com\/de\/wp-json\/wp\/v2\/product\/27666","targetHints":{"allow":["GET"]}}],"collection":[{"href":"https:\/\/antderground.com\/de\/wp-json\/wp\/v2\/product"}],"about":[{"href":"https:\/\/antderground.com\/de\/wp-json\/wp\/v2\/types\/product"}],"version-history":[{"count":0,"href":"https:\/\/antderground.com\/de\/wp-json\/wp\/v2\/product\/27666\/revisions"}],"wp:featuredmedia":[{"embeddable":true,"href":"https:\/\/antderground.com\/de\/wp-json\/wp\/v2\/media\/29416"}],"wp:attachment":[{"href":"https:\/\/antderground.com\/de\/wp-json\/wp\/v2\/media?parent=27666"}],"wp:term":[{"taxonomy":"product_brand","embeddable":true,"href":"https:\/\/antderground.com\/de\/wp-json\/wp\/v2\/product_brand?post=27666"},{"taxonomy":"product_cat","embeddable":true,"href":"https:\/\/antderground.com\/de\/wp-json\/wp\/v2\/product_cat?post=27666"},{"taxonomy":"product_tag","embeddable":true,"href":"https:\/\/antderground.com\/de\/wp-json\/wp\/v2\/product_tag?post=27666"}],"curies":[{"name":"wp","href":"https:\/\/api.w.org\/{rel}","templated":true}]}}