{"id":27802,"date":"2023-04-12T16:05:42","date_gmt":"2023-04-12T14:05:42","guid":{"rendered":"https:\/\/www.antderground.com\/producto\/cataulacus-granulatus\/"},"modified":"2023-04-14T17:54:44","modified_gmt":"2023-04-14T15:54:44","slug":"cataulacus-granulatus","status":"publish","type":"product","link":"https:\/\/antderground.com\/de\/produkt\/cataulacus-granulatus\/","title":{"rendered":"Cataulacus granulatus"},"content":{"rendered":"<p><strong>Name:<\/strong> Cataulacus granulatus<\/p>\n<p><strong>Common name:<\/strong> Asiatische Schildkr\u00f6tenameise<\/p>\n<p><strong>Taxonomische Klassifikation:<\/strong><\/p>\n<p>K\u00f6nigreich: Animalia<br \/>\nStamm: Arthropoda<br \/>\nKlasse: Insecta<br \/>\nOrdnung: Hymenoptera<br \/>\nFamilie: Formicidae<br \/>\nGattung: Cataulacus<br \/>\nArt: C. granulatus<\/p>\n<p><strong>Geographische Verbreitung:<\/strong> Die Ameise Cataulacus granulatus kommt in den tropischen und subtropischen Regionen Afrikas und Teilen Asiens vor, darunter L\u00e4nder wie Ghana, Nigeria, Kamerun, Indien und China.<\/p>\n<p><strong>Physische Eigenschaften:<\/strong><\/p>\n<p>Gr\u00f6\u00dfe: Arbeiterinnen messen etwa 3-5 mm in der L\u00e4nge.<br \/>\nFarbe: Sie sind r\u00f6tlich-braun und haben ein gl\u00e4nzendes, glattes Aussehen.<br \/>\nSie haben einen schlanken, l\u00e4nglichen K\u00f6rper, mit langen, d\u00fcnnen F\u00fchlern und Beinen.<\/p>\n<p><strong>Verhalten:<\/strong><\/p>\n<p>Sie sind baumbewohnende Ameisen und bauen ihre Nester auf B\u00e4umen und B\u00fcschen.<br \/>\nSie ern\u00e4hren sich haupts\u00e4chlich von Insektenausscheidungen und Honigtau und manchmal auch von kleinen Insekten und Arthropoden.<br \/>\nDie Kolonien sind relativ klein und haben eine begrenzte Anzahl von Arbeitern.<\/p>\n<p><strong>Erhaltungszustand<\/strong>: Es liegen keine Informationen zum Erhaltungszustand der Ameise Cataulacus granulatus vor.<\/p>\n<p><strong>Zus\u00e4tzliche Anmerkungen:<\/strong> Die Ameise Cataulacus granulatus ist eine interessante Art aufgrund ihres baumbewohnenden Verhaltens und ihrer Ern\u00e4hrung von Insektenausscheidungen.<\/p>\n","protected":false},"excerpt":{"rendered":"<p>Name: Cataulacus granulatus Common name: Asiatische Schildkr\u00f6tenameise Taxonomische Klassifikation: K\u00f6nigreich: Animalia Stamm: Arthropoda Klasse: Insecta Ordnung: Hymenoptera Familie: Formicidae Gattung:<\/p>\n","protected":false},"featured_media":27785,"template":"","meta":[],"product_brand":[],"product_cat":[495,497],"product_tag":[],"class_list":{"0":"post-27802","1":"product","2":"type-product","3":"status-publish","4":"has-post-thumbnail","6":"product_cat-ameisen","7":"product_cat-exotische-ameisen","9":"first","10":"outofstock","11":"shipping-taxable","12":"purchasable","13":"product-type-variable"},"yoast_head":"<!-- This site is optimized with the Yoast SEO plugin v27.3 - https:\/\/yoast.com\/product\/yoast-seo-wordpress\/ -->\n<title>Cataulacus granulatus - ANTDERGROUND<\/title>\n<meta name=\"description\" content=\"Entdecken Sie die Ameise Cataulacus granulatus, eine beeindruckende exotische und baumbewohnende Ameise! Ihr Myrmekologie-Shop! Formicarium\" \/>\n<meta name=\"robots\" content=\"index, follow, max-snippet:-1, max-image-preview:large, max-video-preview:-1\" \/>\n<link rel=\"canonical\" href=\"https:\/\/antderground.com\/de\/produkt\/cataulacus-granulatus\/\" \/>\n<meta property=\"og:locale\" content=\"de_DE\" \/>\n<meta property=\"og:type\" content=\"article\" \/>\n<meta property=\"og:title\" content=\"Cataulacus granulatus - ANTDERGROUND\" \/>\n<meta property=\"og:description\" content=\"Entdecken Sie die Ameise Cataulacus granulatus, eine beeindruckende exotische und baumbewohnende Ameise! Ihr Myrmekologie-Shop! Formicarium\" \/>\n<meta property=\"og:url\" content=\"https:\/\/antderground.com\/de\/produkt\/cataulacus-granulatus\/\" \/>\n<meta property=\"og:site_name\" content=\"ANTDERGROUND\" \/>\n<meta property=\"article:modified_time\" content=\"2023-04-14T15:54:44+00:00\" \/>\n<meta property=\"og:image\" content=\"https:\/\/antderground.com\/wp-content\/uploads\/2023\/04\/Cataulacus-granulatus.jpg\" \/>\n\t<meta property=\"og:image:width\" content=\"1200\" \/>\n\t<meta property=\"og:image:height\" content=\"1600\" \/>\n\t<meta property=\"og:image:type\" content=\"image\/jpeg\" \/>\n<meta name=\"twitter:card\" content=\"summary_large_image\" \/>\n<meta name=\"twitter:label1\" content=\"Gesch\u00e4tzte Lesezeit\" \/>\n\t<meta name=\"twitter:data1\" content=\"1\u00a0Minute\" \/>\n<script type=\"application\/ld+json\" class=\"yoast-schema-graph\">{\"@context\":\"https:\\\/\\\/schema.org\",\"@graph\":[{\"@type\":\"WebPage\",\"@id\":\"https:\\\/\\\/antderground.com\\\/de\\\/produkt\\\/cataulacus-granulatus\\\/\",\"url\":\"https:\\\/\\\/antderground.com\\\/de\\\/produkt\\\/cataulacus-granulatus\\\/\",\"name\":\"Cataulacus granulatus - ANTDERGROUND\",\"isPartOf\":{\"@id\":\"https:\\\/\\\/antderground.com\\\/de\\\/#website\"},\"primaryImageOfPage\":{\"@id\":\"https:\\\/\\\/antderground.com\\\/de\\\/produkt\\\/cataulacus-granulatus\\\/#primaryimage\"},\"image\":{\"@id\":\"https:\\\/\\\/antderground.com\\\/de\\\/produkt\\\/cataulacus-granulatus\\\/#primaryimage\"},\"thumbnailUrl\":\"https:\\\/\\\/antderground.com\\\/wp-content\\\/uploads\\\/2023\\\/04\\\/Cataulacus-granulatus.jpg\",\"datePublished\":\"2023-04-12T14:05:42+00:00\",\"dateModified\":\"2023-04-14T15:54:44+00:00\",\"description\":\"Entdecken Sie die Ameise Cataulacus granulatus, eine beeindruckende exotische und baumbewohnende Ameise! Ihr Myrmekologie-Shop! Formicarium\",\"breadcrumb\":{\"@id\":\"https:\\\/\\\/antderground.com\\\/de\\\/produkt\\\/cataulacus-granulatus\\\/#breadcrumb\"},\"inLanguage\":\"de\",\"potentialAction\":[{\"@type\":\"ReadAction\",\"target\":[\"https:\\\/\\\/antderground.com\\\/de\\\/produkt\\\/cataulacus-granulatus\\\/\"]}]},{\"@type\":\"ImageObject\",\"inLanguage\":\"de\",\"@id\":\"https:\\\/\\\/antderground.com\\\/de\\\/produkt\\\/cataulacus-granulatus\\\/#primaryimage\",\"url\":\"https:\\\/\\\/antderground.com\\\/wp-content\\\/uploads\\\/2023\\\/04\\\/Cataulacus-granulatus.jpg\",\"contentUrl\":\"https:\\\/\\\/antderground.com\\\/wp-content\\\/uploads\\\/2023\\\/04\\\/Cataulacus-granulatus.jpg\",\"width\":1200,\"height\":1600},{\"@type\":\"BreadcrumbList\",\"@id\":\"https:\\\/\\\/antderground.com\\\/de\\\/produkt\\\/cataulacus-granulatus\\\/#breadcrumb\",\"itemListElement\":[{\"@type\":\"ListItem\",\"position\":1,\"name\":\"Portada\",\"item\":\"https:\\\/\\\/antderground.com\\\/de\\\/\"},{\"@type\":\"ListItem\",\"position\":2,\"name\":\"Shop\",\"item\":\"https:\\\/\\\/antderground.com\\\/de\\\/shop\\\/\"},{\"@type\":\"ListItem\",\"position\":3,\"name\":\"Cataulacus granulatus\"}]},{\"@type\":\"WebSite\",\"@id\":\"https:\\\/\\\/antderground.com\\\/de\\\/#website\",\"url\":\"https:\\\/\\\/antderground.com\\\/de\\\/\",\"name\":\"ANTDERGROUND\",\"description\":\"Tu tienda de hormigas, gran variedad de hormigueros acr\u00edlicos,madera,arena,3D y mas.. Pide tus hormigas gratis con tu pedido, somos expertos en hormigueros antifugas.\",\"publisher\":{\"@id\":\"https:\\\/\\\/antderground.com\\\/de\\\/#\\\/schema\\\/person\\\/0e322c505e84fe72c65e2f6d08f96b81\"},\"alternateName\":\"Antderground\",\"potentialAction\":[{\"@type\":\"SearchAction\",\"target\":{\"@type\":\"EntryPoint\",\"urlTemplate\":\"https:\\\/\\\/antderground.com\\\/de\\\/?s={search_term_string}\"},\"query-input\":{\"@type\":\"PropertyValueSpecification\",\"valueRequired\":true,\"valueName\":\"search_term_string\"}}],\"inLanguage\":\"de\"},{\"@type\":[\"Person\",\"Organization\"],\"@id\":\"https:\\\/\\\/antderground.com\\\/de\\\/#\\\/schema\\\/person\\\/0e322c505e84fe72c65e2f6d08f96b81\",\"name\":\"Eric de Antderground\",\"image\":{\"@type\":\"ImageObject\",\"inLanguage\":\"de\",\"@id\":\"https:\\\/\\\/secure.gravatar.com\\\/avatar\\\/c49a1b9f79216d1498cb73c1e85cd47f4465dda35f2a94c03790d491bd4423c3?s=96&d=mm&r=g\",\"url\":\"https:\\\/\\\/secure.gravatar.com\\\/avatar\\\/c49a1b9f79216d1498cb73c1e85cd47f4465dda35f2a94c03790d491bd4423c3?s=96&d=mm&r=g\",\"contentUrl\":\"https:\\\/\\\/secure.gravatar.com\\\/avatar\\\/c49a1b9f79216d1498cb73c1e85cd47f4465dda35f2a94c03790d491bd4423c3?s=96&d=mm&r=g\",\"caption\":\"Eric de Antderground\"},\"logo\":{\"@id\":\"https:\\\/\\\/secure.gravatar.com\\\/avatar\\\/c49a1b9f79216d1498cb73c1e85cd47f4465dda35f2a94c03790d491bd4423c3?s=96&d=mm&r=g\"},\"description\":\"Eric es el especialista y fundador de Antderground, con una amplia trayectoria en artr\u00f3podos y enfocado en la mirmecolog\u00eda y el dise\u00f1o de hormigueros artificiales. Su enfoque combina la innovaci\u00f3n t\u00e9cnica con el respeto por la biolog\u00eda de las hormigas, is\u00f3podos y otros, desarrollando sistemas de nidos modulares 3D y acr\u00edlicos que son referentes para aficionados y profesionales en toda Europa. Su objetivo es facilitar la cr\u00eda de hormigas y otros artr\u00f3podos mediante soluciones seguras y divulgaci\u00f3n de calidad.\",\"sameAs\":[\"https:\\\/\\\/antderground.com\\\/\",\"https:\\\/\\\/www.youtube.com\\\/channel\\\/UCio72z7TlbufkAthAJIJfPw\"]}]}<\/script>\n<!-- \/ Yoast SEO plugin. -->","yoast_head_json":{"title":"Cataulacus granulatus - ANTDERGROUND","description":"Entdecken Sie die Ameise Cataulacus granulatus, eine beeindruckende exotische und baumbewohnende Ameise! Ihr Myrmekologie-Shop! Formicarium","robots":{"index":"index","follow":"follow","max-snippet":"max-snippet:-1","max-image-preview":"max-image-preview:large","max-video-preview":"max-video-preview:-1"},"canonical":"https:\/\/antderground.com\/de\/produkt\/cataulacus-granulatus\/","og_locale":"de_DE","og_type":"article","og_title":"Cataulacus granulatus - ANTDERGROUND","og_description":"Entdecken Sie die Ameise Cataulacus granulatus, eine beeindruckende exotische und baumbewohnende Ameise! Ihr Myrmekologie-Shop! Formicarium","og_url":"https:\/\/antderground.com\/de\/produkt\/cataulacus-granulatus\/","og_site_name":"ANTDERGROUND","article_modified_time":"2023-04-14T15:54:44+00:00","og_image":[{"width":1200,"height":1600,"url":"https:\/\/antderground.com\/wp-content\/uploads\/2023\/04\/Cataulacus-granulatus.jpg","type":"image\/jpeg"}],"twitter_card":"summary_large_image","twitter_misc":{"Gesch\u00e4tzte Lesezeit":"1\u00a0Minute"},"schema":{"@context":"https:\/\/schema.org","@graph":[{"@type":"WebPage","@id":"https:\/\/antderground.com\/de\/produkt\/cataulacus-granulatus\/","url":"https:\/\/antderground.com\/de\/produkt\/cataulacus-granulatus\/","name":"Cataulacus granulatus - ANTDERGROUND","isPartOf":{"@id":"https:\/\/antderground.com\/de\/#website"},"primaryImageOfPage":{"@id":"https:\/\/antderground.com\/de\/produkt\/cataulacus-granulatus\/#primaryimage"},"image":{"@id":"https:\/\/antderground.com\/de\/produkt\/cataulacus-granulatus\/#primaryimage"},"thumbnailUrl":"https:\/\/antderground.com\/wp-content\/uploads\/2023\/04\/Cataulacus-granulatus.jpg","datePublished":"2023-04-12T14:05:42+00:00","dateModified":"2023-04-14T15:54:44+00:00","description":"Entdecken Sie die Ameise Cataulacus granulatus, eine beeindruckende exotische und baumbewohnende Ameise! Ihr Myrmekologie-Shop! Formicarium","breadcrumb":{"@id":"https:\/\/antderground.com\/de\/produkt\/cataulacus-granulatus\/#breadcrumb"},"inLanguage":"de","potentialAction":[{"@type":"ReadAction","target":["https:\/\/antderground.com\/de\/produkt\/cataulacus-granulatus\/"]}]},{"@type":"ImageObject","inLanguage":"de","@id":"https:\/\/antderground.com\/de\/produkt\/cataulacus-granulatus\/#primaryimage","url":"https:\/\/antderground.com\/wp-content\/uploads\/2023\/04\/Cataulacus-granulatus.jpg","contentUrl":"https:\/\/antderground.com\/wp-content\/uploads\/2023\/04\/Cataulacus-granulatus.jpg","width":1200,"height":1600},{"@type":"BreadcrumbList","@id":"https:\/\/antderground.com\/de\/produkt\/cataulacus-granulatus\/#breadcrumb","itemListElement":[{"@type":"ListItem","position":1,"name":"Portada","item":"https:\/\/antderground.com\/de\/"},{"@type":"ListItem","position":2,"name":"Shop","item":"https:\/\/antderground.com\/de\/shop\/"},{"@type":"ListItem","position":3,"name":"Cataulacus granulatus"}]},{"@type":"WebSite","@id":"https:\/\/antderground.com\/de\/#website","url":"https:\/\/antderground.com\/de\/","name":"ANTDERGROUND","description":"Tu tienda de hormigas, gran variedad de hormigueros acr\u00edlicos,madera,arena,3D y mas.. Pide tus hormigas gratis con tu pedido, somos expertos en hormigueros antifugas.","publisher":{"@id":"https:\/\/antderground.com\/de\/#\/schema\/person\/0e322c505e84fe72c65e2f6d08f96b81"},"alternateName":"Antderground","potentialAction":[{"@type":"SearchAction","target":{"@type":"EntryPoint","urlTemplate":"https:\/\/antderground.com\/de\/?s={search_term_string}"},"query-input":{"@type":"PropertyValueSpecification","valueRequired":true,"valueName":"search_term_string"}}],"inLanguage":"de"},{"@type":["Person","Organization"],"@id":"https:\/\/antderground.com\/de\/#\/schema\/person\/0e322c505e84fe72c65e2f6d08f96b81","name":"Eric de Antderground","image":{"@type":"ImageObject","inLanguage":"de","@id":"https:\/\/secure.gravatar.com\/avatar\/c49a1b9f79216d1498cb73c1e85cd47f4465dda35f2a94c03790d491bd4423c3?s=96&d=mm&r=g","url":"https:\/\/secure.gravatar.com\/avatar\/c49a1b9f79216d1498cb73c1e85cd47f4465dda35f2a94c03790d491bd4423c3?s=96&d=mm&r=g","contentUrl":"https:\/\/secure.gravatar.com\/avatar\/c49a1b9f79216d1498cb73c1e85cd47f4465dda35f2a94c03790d491bd4423c3?s=96&d=mm&r=g","caption":"Eric de Antderground"},"logo":{"@id":"https:\/\/secure.gravatar.com\/avatar\/c49a1b9f79216d1498cb73c1e85cd47f4465dda35f2a94c03790d491bd4423c3?s=96&d=mm&r=g"},"description":"Eric es el especialista y fundador de Antderground, con una amplia trayectoria en artr\u00f3podos y enfocado en la mirmecolog\u00eda y el dise\u00f1o de hormigueros artificiales. Su enfoque combina la innovaci\u00f3n t\u00e9cnica con el respeto por la biolog\u00eda de las hormigas, is\u00f3podos y otros, desarrollando sistemas de nidos modulares 3D y acr\u00edlicos que son referentes para aficionados y profesionales en toda Europa. Su objetivo es facilitar la cr\u00eda de hormigas y otros artr\u00f3podos mediante soluciones seguras y divulgaci\u00f3n de calidad.","sameAs":["https:\/\/antderground.com\/","https:\/\/www.youtube.com\/channel\/UCio72z7TlbufkAthAJIJfPw"]}]}},"_links":{"self":[{"href":"https:\/\/antderground.com\/de\/wp-json\/wp\/v2\/product\/27802","targetHints":{"allow":["GET"]}}],"collection":[{"href":"https:\/\/antderground.com\/de\/wp-json\/wp\/v2\/product"}],"about":[{"href":"https:\/\/antderground.com\/de\/wp-json\/wp\/v2\/types\/product"}],"version-history":[{"count":0,"href":"https:\/\/antderground.com\/de\/wp-json\/wp\/v2\/product\/27802\/revisions"}],"wp:featuredmedia":[{"embeddable":true,"href":"https:\/\/antderground.com\/de\/wp-json\/wp\/v2\/media\/27785"}],"wp:attachment":[{"href":"https:\/\/antderground.com\/de\/wp-json\/wp\/v2\/media?parent=27802"}],"wp:term":[{"taxonomy":"product_brand","embeddable":true,"href":"https:\/\/antderground.com\/de\/wp-json\/wp\/v2\/product_brand?post=27802"},{"taxonomy":"product_cat","embeddable":true,"href":"https:\/\/antderground.com\/de\/wp-json\/wp\/v2\/product_cat?post=27802"},{"taxonomy":"product_tag","embeddable":true,"href":"https:\/\/antderground.com\/de\/wp-json\/wp\/v2\/product_tag?post=27802"}],"curies":[{"name":"wp","href":"https:\/\/api.w.org\/{rel}","templated":true}]}}