{"id":27857,"date":"2023-04-13T22:02:42","date_gmt":"2023-04-13T20:02:42","guid":{"rendered":"https:\/\/www.antderground.com\/producto\/diacamma-violaceum\/"},"modified":"2023-12-01T20:40:38","modified_gmt":"2023-12-01T19:40:38","slug":"diacamma-violaceum","status":"publish","type":"product","link":"https:\/\/antderground.com\/de\/produkt\/diacamma-violaceum\/","title":{"rendered":"Diacamma violaceum"},"content":{"rendered":"<p><strong>Wissenschaftlicher Name:<\/strong> Diacamma violaceum<\/p>\n<p><strong>Taxonomische Klassifikation:<\/strong><\/p>\n<ul>\n<li>Reich: Animalia<\/li>\n<li>Stamm: Arthropoda<\/li>\n<li>Klasse: Insecta<\/li>\n<li>Ordnung: Hymenoptera<\/li>\n<li>Familie: Formicidae<\/li>\n<li>Gattung: Diacamma<\/li>\n<li>Art: D. violaceum<\/li>\n<\/ul>\n<p><strong>Geographische Verbreitung:<\/strong> Diacamma violaceum ist in Asien und Australien verbreitet, einschlie\u00dflich L\u00e4nder wie Indien, Sri Lanka, Thailand, Vietnam, Indonesien und Australien.<\/p>\n<p><strong>Physische Merkmale:<\/strong><\/p>\n<ul>\n<li>Gr\u00f6\u00dfe: Arbeiterinnen sind zwischen 8 und 10 mm lang, w\u00e4hrend K\u00f6niginnen bis zu 16 mm erreichen k\u00f6nnen.<\/li>\n<li>Farbe: Der K\u00f6rper der Ameise ist dunkelbraun mit violetten Schattierungen.<\/li>\n<li>Die Antennen haben 12 Segmente.<\/li>\n<\/ul>\n<p><strong>Verhalten:<\/strong><\/p>\n<ul>\n<li>Die Ameisen Diacamma violaceum sind haupts\u00e4chlich nachtaktiv und ern\u00e4hren sich von kleinen Insekten, Spinnen und anderen wirbellosen Tieren.<\/li>\n<li>Sie bauen ihre Nester auf dem Boden, in der Laubstreu und unter Steinen.<\/li>\n<li>Diese Ameisen sind bekannt f\u00fcr ihre F\u00e4higkeit, Termiten und andere schwer zu fangende Insekten zu jagen.<\/li>\n<li>Dar\u00fcber hinaus haben Arbeiterinnen von Diacamma violaceum die F\u00e4higkeit, ihren K\u00f6rper zu vibrieren, um miteinander zu kommunizieren und sich im Dunkeln zu bewegen.<\/li>\n<li>Es wurde nicht berichtet, dass diese Art f\u00fcr den Menschen giftig oder gef\u00e4hrlich ist.<\/li>\n<\/ul>\n<p><strong>Erhaltungszustand:<\/strong> Es liegen keine Informationen zum Erhaltungszustand von Diacamma violaceum vor.<\/p>\n<p><strong>Zus\u00e4tzliche Anmerkungen:<\/strong> Die Ameisen Diacamma violaceum sind bekannt f\u00fcr ihre F\u00e4higkeit, Termiten und andere schwer zu fangende Insekten zu jagen.<\/p>\n","protected":false},"excerpt":{"rendered":"<p>Wissenschaftlicher Name: Diacamma violaceum Taxonomische Klassifikation: Reich: Animalia Stamm: Arthropoda Klasse: Insecta Ordnung: Hymenoptera Familie: Formicidae Gattung: Diacamma Art: D.<\/p>\n","protected":false},"featured_media":27871,"template":"","meta":[],"product_brand":[],"product_cat":[495,497],"product_tag":[],"class_list":{"0":"post-27857","1":"product","2":"type-product","3":"status-publish","4":"has-post-thumbnail","6":"product_cat-ameisen","7":"product_cat-exotische-ameisen","9":"first","10":"outofstock","11":"shipping-taxable","12":"purchasable","13":"product-type-variable"},"yoast_head":"<!-- This site is optimized with the Yoast SEO plugin v27.3 - https:\/\/yoast.com\/product\/yoast-seo-wordpress\/ -->\n<title>Diacamma violaceum \/ Formicidae - ANTDERGROUND<\/title>\n<meta name=\"description\" content=\"Entdecken Sie diese exotische Ameise (Diacamma violaceum), eine starke und wehrhafte Ameise mit gro\u00dfen F\u00e4higkeiten.\" \/>\n<meta name=\"robots\" content=\"index, follow, max-snippet:-1, max-image-preview:large, max-video-preview:-1\" \/>\n<link rel=\"canonical\" href=\"https:\/\/antderground.com\/de\/produkt\/diacamma-violaceum\/\" \/>\n<meta property=\"og:locale\" content=\"de_DE\" \/>\n<meta property=\"og:type\" content=\"article\" \/>\n<meta property=\"og:title\" content=\"Diacamma violaceum \/ Formicidae - ANTDERGROUND\" \/>\n<meta property=\"og:description\" content=\"Entdecken Sie diese exotische Ameise (Diacamma violaceum), eine starke und wehrhafte Ameise mit gro\u00dfen F\u00e4higkeiten.\" \/>\n<meta property=\"og:url\" content=\"https:\/\/antderground.com\/de\/produkt\/diacamma-violaceum\/\" \/>\n<meta property=\"og:site_name\" content=\"ANTDERGROUND\" \/>\n<meta property=\"article:modified_time\" content=\"2023-12-01T19:40:38+00:00\" \/>\n<meta property=\"og:image\" content=\"https:\/\/antderground.com\/wp-content\/uploads\/2023\/04\/Diacamma-violaceum.jpg\" \/>\n\t<meta property=\"og:image:width\" content=\"1417\" \/>\n\t<meta property=\"og:image:height\" content=\"1417\" \/>\n\t<meta property=\"og:image:type\" content=\"image\/jpeg\" \/>\n<meta name=\"twitter:card\" content=\"summary_large_image\" \/>\n<meta name=\"twitter:label1\" content=\"Gesch\u00e4tzte Lesezeit\" \/>\n\t<meta name=\"twitter:data1\" content=\"1\u00a0Minute\" \/>\n<script type=\"application\/ld+json\" class=\"yoast-schema-graph\">{\"@context\":\"https:\\\/\\\/schema.org\",\"@graph\":[{\"@type\":\"WebPage\",\"@id\":\"https:\\\/\\\/antderground.com\\\/de\\\/produkt\\\/diacamma-violaceum\\\/\",\"url\":\"https:\\\/\\\/antderground.com\\\/de\\\/produkt\\\/diacamma-violaceum\\\/\",\"name\":\"Diacamma violaceum \\\/ Formicidae - ANTDERGROUND\",\"isPartOf\":{\"@id\":\"https:\\\/\\\/antderground.com\\\/de\\\/#website\"},\"primaryImageOfPage\":{\"@id\":\"https:\\\/\\\/antderground.com\\\/de\\\/produkt\\\/diacamma-violaceum\\\/#primaryimage\"},\"image\":{\"@id\":\"https:\\\/\\\/antderground.com\\\/de\\\/produkt\\\/diacamma-violaceum\\\/#primaryimage\"},\"thumbnailUrl\":\"https:\\\/\\\/antderground.com\\\/wp-content\\\/uploads\\\/2023\\\/04\\\/Diacamma-violaceum.jpg\",\"datePublished\":\"2023-04-13T20:02:42+00:00\",\"dateModified\":\"2023-12-01T19:40:38+00:00\",\"description\":\"Entdecken Sie diese exotische Ameise (Diacamma violaceum), eine starke und wehrhafte Ameise mit gro\u00dfen F\u00e4higkeiten.\",\"breadcrumb\":{\"@id\":\"https:\\\/\\\/antderground.com\\\/de\\\/produkt\\\/diacamma-violaceum\\\/#breadcrumb\"},\"inLanguage\":\"de\",\"potentialAction\":[{\"@type\":\"ReadAction\",\"target\":[\"https:\\\/\\\/antderground.com\\\/de\\\/produkt\\\/diacamma-violaceum\\\/\"]}]},{\"@type\":\"ImageObject\",\"inLanguage\":\"de\",\"@id\":\"https:\\\/\\\/antderground.com\\\/de\\\/produkt\\\/diacamma-violaceum\\\/#primaryimage\",\"url\":\"https:\\\/\\\/antderground.com\\\/wp-content\\\/uploads\\\/2023\\\/04\\\/Diacamma-violaceum.jpg\",\"contentUrl\":\"https:\\\/\\\/antderground.com\\\/wp-content\\\/uploads\\\/2023\\\/04\\\/Diacamma-violaceum.jpg\",\"width\":1417,\"height\":1417},{\"@type\":\"BreadcrumbList\",\"@id\":\"https:\\\/\\\/antderground.com\\\/de\\\/produkt\\\/diacamma-violaceum\\\/#breadcrumb\",\"itemListElement\":[{\"@type\":\"ListItem\",\"position\":1,\"name\":\"Portada\",\"item\":\"https:\\\/\\\/antderground.com\\\/de\\\/\"},{\"@type\":\"ListItem\",\"position\":2,\"name\":\"Shop\",\"item\":\"https:\\\/\\\/antderground.com\\\/de\\\/shop\\\/\"},{\"@type\":\"ListItem\",\"position\":3,\"name\":\"Diacamma violaceum\"}]},{\"@type\":\"WebSite\",\"@id\":\"https:\\\/\\\/antderground.com\\\/de\\\/#website\",\"url\":\"https:\\\/\\\/antderground.com\\\/de\\\/\",\"name\":\"ANTDERGROUND\",\"description\":\"Tu tienda de hormigas, gran variedad de hormigueros acr\u00edlicos,madera,arena,3D y mas.. Pide tus hormigas gratis con tu pedido, somos expertos en hormigueros antifugas.\",\"publisher\":{\"@id\":\"https:\\\/\\\/antderground.com\\\/de\\\/#\\\/schema\\\/person\\\/0e322c505e84fe72c65e2f6d08f96b81\"},\"alternateName\":\"Antderground\",\"potentialAction\":[{\"@type\":\"SearchAction\",\"target\":{\"@type\":\"EntryPoint\",\"urlTemplate\":\"https:\\\/\\\/antderground.com\\\/de\\\/?s={search_term_string}\"},\"query-input\":{\"@type\":\"PropertyValueSpecification\",\"valueRequired\":true,\"valueName\":\"search_term_string\"}}],\"inLanguage\":\"de\"},{\"@type\":[\"Person\",\"Organization\"],\"@id\":\"https:\\\/\\\/antderground.com\\\/de\\\/#\\\/schema\\\/person\\\/0e322c505e84fe72c65e2f6d08f96b81\",\"name\":\"Eric de Antderground\",\"image\":{\"@type\":\"ImageObject\",\"inLanguage\":\"de\",\"@id\":\"https:\\\/\\\/secure.gravatar.com\\\/avatar\\\/c49a1b9f79216d1498cb73c1e85cd47f4465dda35f2a94c03790d491bd4423c3?s=96&d=mm&r=g\",\"url\":\"https:\\\/\\\/secure.gravatar.com\\\/avatar\\\/c49a1b9f79216d1498cb73c1e85cd47f4465dda35f2a94c03790d491bd4423c3?s=96&d=mm&r=g\",\"contentUrl\":\"https:\\\/\\\/secure.gravatar.com\\\/avatar\\\/c49a1b9f79216d1498cb73c1e85cd47f4465dda35f2a94c03790d491bd4423c3?s=96&d=mm&r=g\",\"caption\":\"Eric de Antderground\"},\"logo\":{\"@id\":\"https:\\\/\\\/secure.gravatar.com\\\/avatar\\\/c49a1b9f79216d1498cb73c1e85cd47f4465dda35f2a94c03790d491bd4423c3?s=96&d=mm&r=g\"},\"description\":\"Eric es el especialista y fundador de Antderground, con una amplia trayectoria en artr\u00f3podos y enfocado en la mirmecolog\u00eda y el dise\u00f1o de hormigueros artificiales. Su enfoque combina la innovaci\u00f3n t\u00e9cnica con el respeto por la biolog\u00eda de las hormigas, is\u00f3podos y otros, desarrollando sistemas de nidos modulares 3D y acr\u00edlicos que son referentes para aficionados y profesionales en toda Europa. Su objetivo es facilitar la cr\u00eda de hormigas y otros artr\u00f3podos mediante soluciones seguras y divulgaci\u00f3n de calidad.\",\"sameAs\":[\"https:\\\/\\\/antderground.com\\\/\",\"https:\\\/\\\/www.youtube.com\\\/channel\\\/UCio72z7TlbufkAthAJIJfPw\"]}]}<\/script>\n<!-- \/ Yoast SEO plugin. -->","yoast_head_json":{"title":"Diacamma violaceum \/ Formicidae - ANTDERGROUND","description":"Entdecken Sie diese exotische Ameise (Diacamma violaceum), eine starke und wehrhafte Ameise mit gro\u00dfen F\u00e4higkeiten.","robots":{"index":"index","follow":"follow","max-snippet":"max-snippet:-1","max-image-preview":"max-image-preview:large","max-video-preview":"max-video-preview:-1"},"canonical":"https:\/\/antderground.com\/de\/produkt\/diacamma-violaceum\/","og_locale":"de_DE","og_type":"article","og_title":"Diacamma violaceum \/ Formicidae - ANTDERGROUND","og_description":"Entdecken Sie diese exotische Ameise (Diacamma violaceum), eine starke und wehrhafte Ameise mit gro\u00dfen F\u00e4higkeiten.","og_url":"https:\/\/antderground.com\/de\/produkt\/diacamma-violaceum\/","og_site_name":"ANTDERGROUND","article_modified_time":"2023-12-01T19:40:38+00:00","og_image":[{"width":1417,"height":1417,"url":"https:\/\/antderground.com\/wp-content\/uploads\/2023\/04\/Diacamma-violaceum.jpg","type":"image\/jpeg"}],"twitter_card":"summary_large_image","twitter_misc":{"Gesch\u00e4tzte Lesezeit":"1\u00a0Minute"},"schema":{"@context":"https:\/\/schema.org","@graph":[{"@type":"WebPage","@id":"https:\/\/antderground.com\/de\/produkt\/diacamma-violaceum\/","url":"https:\/\/antderground.com\/de\/produkt\/diacamma-violaceum\/","name":"Diacamma violaceum \/ Formicidae - ANTDERGROUND","isPartOf":{"@id":"https:\/\/antderground.com\/de\/#website"},"primaryImageOfPage":{"@id":"https:\/\/antderground.com\/de\/produkt\/diacamma-violaceum\/#primaryimage"},"image":{"@id":"https:\/\/antderground.com\/de\/produkt\/diacamma-violaceum\/#primaryimage"},"thumbnailUrl":"https:\/\/antderground.com\/wp-content\/uploads\/2023\/04\/Diacamma-violaceum.jpg","datePublished":"2023-04-13T20:02:42+00:00","dateModified":"2023-12-01T19:40:38+00:00","description":"Entdecken Sie diese exotische Ameise (Diacamma violaceum), eine starke und wehrhafte Ameise mit gro\u00dfen F\u00e4higkeiten.","breadcrumb":{"@id":"https:\/\/antderground.com\/de\/produkt\/diacamma-violaceum\/#breadcrumb"},"inLanguage":"de","potentialAction":[{"@type":"ReadAction","target":["https:\/\/antderground.com\/de\/produkt\/diacamma-violaceum\/"]}]},{"@type":"ImageObject","inLanguage":"de","@id":"https:\/\/antderground.com\/de\/produkt\/diacamma-violaceum\/#primaryimage","url":"https:\/\/antderground.com\/wp-content\/uploads\/2023\/04\/Diacamma-violaceum.jpg","contentUrl":"https:\/\/antderground.com\/wp-content\/uploads\/2023\/04\/Diacamma-violaceum.jpg","width":1417,"height":1417},{"@type":"BreadcrumbList","@id":"https:\/\/antderground.com\/de\/produkt\/diacamma-violaceum\/#breadcrumb","itemListElement":[{"@type":"ListItem","position":1,"name":"Portada","item":"https:\/\/antderground.com\/de\/"},{"@type":"ListItem","position":2,"name":"Shop","item":"https:\/\/antderground.com\/de\/shop\/"},{"@type":"ListItem","position":3,"name":"Diacamma violaceum"}]},{"@type":"WebSite","@id":"https:\/\/antderground.com\/de\/#website","url":"https:\/\/antderground.com\/de\/","name":"ANTDERGROUND","description":"Tu tienda de hormigas, gran variedad de hormigueros acr\u00edlicos,madera,arena,3D y mas.. Pide tus hormigas gratis con tu pedido, somos expertos en hormigueros antifugas.","publisher":{"@id":"https:\/\/antderground.com\/de\/#\/schema\/person\/0e322c505e84fe72c65e2f6d08f96b81"},"alternateName":"Antderground","potentialAction":[{"@type":"SearchAction","target":{"@type":"EntryPoint","urlTemplate":"https:\/\/antderground.com\/de\/?s={search_term_string}"},"query-input":{"@type":"PropertyValueSpecification","valueRequired":true,"valueName":"search_term_string"}}],"inLanguage":"de"},{"@type":["Person","Organization"],"@id":"https:\/\/antderground.com\/de\/#\/schema\/person\/0e322c505e84fe72c65e2f6d08f96b81","name":"Eric de Antderground","image":{"@type":"ImageObject","inLanguage":"de","@id":"https:\/\/secure.gravatar.com\/avatar\/c49a1b9f79216d1498cb73c1e85cd47f4465dda35f2a94c03790d491bd4423c3?s=96&d=mm&r=g","url":"https:\/\/secure.gravatar.com\/avatar\/c49a1b9f79216d1498cb73c1e85cd47f4465dda35f2a94c03790d491bd4423c3?s=96&d=mm&r=g","contentUrl":"https:\/\/secure.gravatar.com\/avatar\/c49a1b9f79216d1498cb73c1e85cd47f4465dda35f2a94c03790d491bd4423c3?s=96&d=mm&r=g","caption":"Eric de Antderground"},"logo":{"@id":"https:\/\/secure.gravatar.com\/avatar\/c49a1b9f79216d1498cb73c1e85cd47f4465dda35f2a94c03790d491bd4423c3?s=96&d=mm&r=g"},"description":"Eric es el especialista y fundador de Antderground, con una amplia trayectoria en artr\u00f3podos y enfocado en la mirmecolog\u00eda y el dise\u00f1o de hormigueros artificiales. Su enfoque combina la innovaci\u00f3n t\u00e9cnica con el respeto por la biolog\u00eda de las hormigas, is\u00f3podos y otros, desarrollando sistemas de nidos modulares 3D y acr\u00edlicos que son referentes para aficionados y profesionales en toda Europa. Su objetivo es facilitar la cr\u00eda de hormigas y otros artr\u00f3podos mediante soluciones seguras y divulgaci\u00f3n de calidad.","sameAs":["https:\/\/antderground.com\/","https:\/\/www.youtube.com\/channel\/UCio72z7TlbufkAthAJIJfPw"]}]}},"_links":{"self":[{"href":"https:\/\/antderground.com\/de\/wp-json\/wp\/v2\/product\/27857","targetHints":{"allow":["GET"]}}],"collection":[{"href":"https:\/\/antderground.com\/de\/wp-json\/wp\/v2\/product"}],"about":[{"href":"https:\/\/antderground.com\/de\/wp-json\/wp\/v2\/types\/product"}],"version-history":[{"count":0,"href":"https:\/\/antderground.com\/de\/wp-json\/wp\/v2\/product\/27857\/revisions"}],"wp:featuredmedia":[{"embeddable":true,"href":"https:\/\/antderground.com\/de\/wp-json\/wp\/v2\/media\/27871"}],"wp:attachment":[{"href":"https:\/\/antderground.com\/de\/wp-json\/wp\/v2\/media?parent=27857"}],"wp:term":[{"taxonomy":"product_brand","embeddable":true,"href":"https:\/\/antderground.com\/de\/wp-json\/wp\/v2\/product_brand?post=27857"},{"taxonomy":"product_cat","embeddable":true,"href":"https:\/\/antderground.com\/de\/wp-json\/wp\/v2\/product_cat?post=27857"},{"taxonomy":"product_tag","embeddable":true,"href":"https:\/\/antderground.com\/de\/wp-json\/wp\/v2\/product_tag?post=27857"}],"curies":[{"name":"wp","href":"https:\/\/api.w.org\/{rel}","templated":true}]}}