{"id":28110,"date":"2023-04-25T11:35:35","date_gmt":"2023-04-25T09:35:35","guid":{"rendered":"https:\/\/www.antderground.com\/producto\/messor-cephalotes\/"},"modified":"2023-04-25T22:30:22","modified_gmt":"2023-04-25T20:30:22","slug":"messor-cephalotes","status":"publish","type":"product","link":"https:\/\/antderground.com\/de\/produkt\/messor-cephalotes\/","title":{"rendered":"Messor cephalotes"},"content":{"rendered":"<p><strong>Wissenschaftlicher Name:<\/strong> Messor cephalotes<\/p>\n<p><strong>Taxonomische Klassifikation:<\/strong><br \/>\nReich: Animalia<br \/>\nStamm: Arthropoda<br \/>\nKlasse: Insecta<br \/>\nOrdnung: Hymenoptera<br \/>\nFamilie: Formicidae<br \/>\nUnterfamilie: Myrmicinae<br \/>\nGattung: Messor<\/p>\n<p><strong>Geographische Verbreitung:<\/strong> Die Ameise Messor cephalotes kommt in Europa, Asien und Afrika vor.<\/p>\n<p><strong>Physikalische Merkmale:<\/strong> Arbeiterinnen messen zwischen 4 und 8 mm in der L\u00e4nge, w\u00e4hrend die K\u00f6nigin bis zu 12 mm erreichen kann. Der K\u00f6rper ist dunkelbraun mit einem leicht helleren Abdomen. Der K\u00f6rper der Ameise ist mit Haaren bedeckt, die es ihnen erm\u00f6glichen, Gegenst\u00e4nde zu tragen, die viel gr\u00f6\u00dfer sind als ihre eigene Gr\u00f6\u00dfe.<\/p>\n<p><strong>Verhalten:<\/strong> Messor cephalotes Ameisen sind bekannt daf\u00fcr, Samen zu sammeln und in ihren Nestern f\u00fcr den sp\u00e4teren Verzehr zu lagern. Arbeiterinnen schneiden und transportieren die Samen in ihre Kolonie, wo sie in speziellen Lagern namens &#8220;Kornkammern&#8221; gelagert werden. Au\u00dferdem fressen diese Ameisen auch tote Insekten und andere Wirbellose.<\/p>\n<p><strong>Erhaltungszustand:<\/strong> Die Art Messor cephalotes gilt als nicht gef\u00e4hrdet.<\/p>\n<p><strong>Zus\u00e4tzliche Hinweise:<\/strong> Messor cephalotes Ameisen gelten als vorteilhafte Art f\u00fcr das \u00d6kosystem, da ihre Sammelt\u00e4tigkeit dazu beitr\u00e4gt, das Gleichgewicht der Vegetation aufrechtzuerhalten. Dar\u00fcber hinaus werden sie aufgrund ihrer F\u00e4higkeit, Samen organisiert und effizient zu sammeln und zu lagern, weit verbreitet in Verhaltensstudien bei Tieren eingesetzt.<\/p>\n","protected":false},"excerpt":{"rendered":"<p>Ameisenk\u00f6nigin<\/p>\n","protected":false},"featured_media":28266,"template":"","meta":[],"product_brand":[],"product_cat":[495,497],"product_tag":[],"class_list":{"0":"post-28110","1":"product","2":"type-product","3":"status-publish","4":"has-post-thumbnail","6":"product_cat-ameisen","7":"product_cat-exotische-ameisen","9":"first","10":"outofstock","11":"shipping-taxable","12":"product-type-simple"},"yoast_head":"<!-- This site is optimized with the Yoast SEO plugin v27.3 - https:\/\/yoast.com\/product\/yoast-seo-wordpress\/ -->\n<title>Messor cephalotes - ANTDERGROUND<\/title>\n<meta name=\"description\" content=\"Neue Ameise Messor Cephalotes, findet eine \u00fcberraschende Ameisenk\u00f6nigin. Gro\u00dfe Vielfalt an Ameisenarten. Ihr Myrmekologie-Shop.\" \/>\n<meta name=\"robots\" content=\"index, follow, max-snippet:-1, max-image-preview:large, max-video-preview:-1\" \/>\n<link rel=\"canonical\" href=\"https:\/\/antderground.com\/de\/produkt\/messor-cephalotes\/\" \/>\n<meta property=\"og:locale\" content=\"de_DE\" \/>\n<meta property=\"og:type\" content=\"article\" \/>\n<meta property=\"og:title\" content=\"Messor cephalotes - ANTDERGROUND\" \/>\n<meta property=\"og:description\" content=\"Neue Ameise Messor Cephalotes, findet eine \u00fcberraschende Ameisenk\u00f6nigin. Gro\u00dfe Vielfalt an Ameisenarten. Ihr Myrmekologie-Shop.\" \/>\n<meta property=\"og:url\" content=\"https:\/\/antderground.com\/de\/produkt\/messor-cephalotes\/\" \/>\n<meta property=\"og:site_name\" content=\"ANTDERGROUND\" \/>\n<meta property=\"article:modified_time\" content=\"2023-04-25T20:30:22+00:00\" \/>\n<meta property=\"og:image\" content=\"https:\/\/antderground.com\/wp-content\/uploads\/2023\/04\/messor-cephalotes-2.png\" \/>\n\t<meta property=\"og:image:width\" content=\"675\" \/>\n\t<meta property=\"og:image:height\" content=\"659\" \/>\n\t<meta property=\"og:image:type\" content=\"image\/png\" \/>\n<meta name=\"twitter:card\" content=\"summary_large_image\" \/>\n<meta name=\"twitter:label1\" content=\"Gesch\u00e4tzte Lesezeit\" \/>\n\t<meta name=\"twitter:data1\" content=\"1\u00a0Minute\" \/>\n<script type=\"application\/ld+json\" class=\"yoast-schema-graph\">{\"@context\":\"https:\\\/\\\/schema.org\",\"@graph\":[{\"@type\":\"WebPage\",\"@id\":\"https:\\\/\\\/antderground.com\\\/de\\\/produkt\\\/messor-cephalotes\\\/\",\"url\":\"https:\\\/\\\/antderground.com\\\/de\\\/produkt\\\/messor-cephalotes\\\/\",\"name\":\"Messor cephalotes - ANTDERGROUND\",\"isPartOf\":{\"@id\":\"https:\\\/\\\/antderground.com\\\/de\\\/#website\"},\"primaryImageOfPage\":{\"@id\":\"https:\\\/\\\/antderground.com\\\/de\\\/produkt\\\/messor-cephalotes\\\/#primaryimage\"},\"image\":{\"@id\":\"https:\\\/\\\/antderground.com\\\/de\\\/produkt\\\/messor-cephalotes\\\/#primaryimage\"},\"thumbnailUrl\":\"https:\\\/\\\/antderground.com\\\/wp-content\\\/uploads\\\/2023\\\/04\\\/messor-cephalotes-eric.jpg\",\"datePublished\":\"2023-04-25T09:35:35+00:00\",\"dateModified\":\"2023-04-25T20:30:22+00:00\",\"description\":\"Neue Ameise Messor Cephalotes, findet eine \u00fcberraschende Ameisenk\u00f6nigin. Gro\u00dfe Vielfalt an Ameisenarten. Ihr Myrmekologie-Shop.\",\"breadcrumb\":{\"@id\":\"https:\\\/\\\/antderground.com\\\/de\\\/produkt\\\/messor-cephalotes\\\/#breadcrumb\"},\"inLanguage\":\"de\",\"potentialAction\":[{\"@type\":\"ReadAction\",\"target\":[\"https:\\\/\\\/antderground.com\\\/de\\\/produkt\\\/messor-cephalotes\\\/\"]}]},{\"@type\":\"ImageObject\",\"inLanguage\":\"de\",\"@id\":\"https:\\\/\\\/antderground.com\\\/de\\\/produkt\\\/messor-cephalotes\\\/#primaryimage\",\"url\":\"https:\\\/\\\/antderground.com\\\/wp-content\\\/uploads\\\/2023\\\/04\\\/messor-cephalotes-eric.jpg\",\"contentUrl\":\"https:\\\/\\\/antderground.com\\\/wp-content\\\/uploads\\\/2023\\\/04\\\/messor-cephalotes-eric.jpg\",\"width\":1417,\"height\":1417},{\"@type\":\"BreadcrumbList\",\"@id\":\"https:\\\/\\\/antderground.com\\\/de\\\/produkt\\\/messor-cephalotes\\\/#breadcrumb\",\"itemListElement\":[{\"@type\":\"ListItem\",\"position\":1,\"name\":\"Portada\",\"item\":\"https:\\\/\\\/antderground.com\\\/de\\\/\"},{\"@type\":\"ListItem\",\"position\":2,\"name\":\"Shop\",\"item\":\"https:\\\/\\\/antderground.com\\\/de\\\/shop\\\/\"},{\"@type\":\"ListItem\",\"position\":3,\"name\":\"Messor cephalotes\"}]},{\"@type\":\"WebSite\",\"@id\":\"https:\\\/\\\/antderground.com\\\/de\\\/#website\",\"url\":\"https:\\\/\\\/antderground.com\\\/de\\\/\",\"name\":\"ANTDERGROUND\",\"description\":\"Tu tienda de hormigas, gran variedad de hormigueros acr\u00edlicos,madera,arena,3D y mas.. Pide tus hormigas gratis con tu pedido, somos expertos en hormigueros antifugas.\",\"publisher\":{\"@id\":\"https:\\\/\\\/antderground.com\\\/de\\\/#\\\/schema\\\/person\\\/0e322c505e84fe72c65e2f6d08f96b81\"},\"alternateName\":\"Antderground\",\"potentialAction\":[{\"@type\":\"SearchAction\",\"target\":{\"@type\":\"EntryPoint\",\"urlTemplate\":\"https:\\\/\\\/antderground.com\\\/de\\\/?s={search_term_string}\"},\"query-input\":{\"@type\":\"PropertyValueSpecification\",\"valueRequired\":true,\"valueName\":\"search_term_string\"}}],\"inLanguage\":\"de\"},{\"@type\":[\"Person\",\"Organization\"],\"@id\":\"https:\\\/\\\/antderground.com\\\/de\\\/#\\\/schema\\\/person\\\/0e322c505e84fe72c65e2f6d08f96b81\",\"name\":\"Eric de Antderground\",\"image\":{\"@type\":\"ImageObject\",\"inLanguage\":\"de\",\"@id\":\"https:\\\/\\\/secure.gravatar.com\\\/avatar\\\/c49a1b9f79216d1498cb73c1e85cd47f4465dda35f2a94c03790d491bd4423c3?s=96&d=mm&r=g\",\"url\":\"https:\\\/\\\/secure.gravatar.com\\\/avatar\\\/c49a1b9f79216d1498cb73c1e85cd47f4465dda35f2a94c03790d491bd4423c3?s=96&d=mm&r=g\",\"contentUrl\":\"https:\\\/\\\/secure.gravatar.com\\\/avatar\\\/c49a1b9f79216d1498cb73c1e85cd47f4465dda35f2a94c03790d491bd4423c3?s=96&d=mm&r=g\",\"caption\":\"Eric de Antderground\"},\"logo\":{\"@id\":\"https:\\\/\\\/secure.gravatar.com\\\/avatar\\\/c49a1b9f79216d1498cb73c1e85cd47f4465dda35f2a94c03790d491bd4423c3?s=96&d=mm&r=g\"},\"description\":\"Eric es el especialista y fundador de Antderground, con una amplia trayectoria en artr\u00f3podos y enfocado en la mirmecolog\u00eda y el dise\u00f1o de hormigueros artificiales. Su enfoque combina la innovaci\u00f3n t\u00e9cnica con el respeto por la biolog\u00eda de las hormigas, is\u00f3podos y otros, desarrollando sistemas de nidos modulares 3D y acr\u00edlicos que son referentes para aficionados y profesionales en toda Europa. Su objetivo es facilitar la cr\u00eda de hormigas y otros artr\u00f3podos mediante soluciones seguras y divulgaci\u00f3n de calidad.\",\"sameAs\":[\"https:\\\/\\\/antderground.com\\\/\",\"https:\\\/\\\/www.youtube.com\\\/channel\\\/UCio72z7TlbufkAthAJIJfPw\"]}]}<\/script>\n<!-- \/ Yoast SEO plugin. -->","yoast_head_json":{"title":"Messor cephalotes - ANTDERGROUND","description":"Neue Ameise Messor Cephalotes, findet eine \u00fcberraschende Ameisenk\u00f6nigin. Gro\u00dfe Vielfalt an Ameisenarten. Ihr Myrmekologie-Shop.","robots":{"index":"index","follow":"follow","max-snippet":"max-snippet:-1","max-image-preview":"max-image-preview:large","max-video-preview":"max-video-preview:-1"},"canonical":"https:\/\/antderground.com\/de\/produkt\/messor-cephalotes\/","og_locale":"de_DE","og_type":"article","og_title":"Messor cephalotes - ANTDERGROUND","og_description":"Neue Ameise Messor Cephalotes, findet eine \u00fcberraschende Ameisenk\u00f6nigin. Gro\u00dfe Vielfalt an Ameisenarten. Ihr Myrmekologie-Shop.","og_url":"https:\/\/antderground.com\/de\/produkt\/messor-cephalotes\/","og_site_name":"ANTDERGROUND","article_modified_time":"2023-04-25T20:30:22+00:00","og_image":[{"width":675,"height":659,"url":"https:\/\/antderground.com\/wp-content\/uploads\/2023\/04\/messor-cephalotes-2.png","type":"image\/png"}],"twitter_card":"summary_large_image","twitter_misc":{"Gesch\u00e4tzte Lesezeit":"1\u00a0Minute"},"schema":{"@context":"https:\/\/schema.org","@graph":[{"@type":"WebPage","@id":"https:\/\/antderground.com\/de\/produkt\/messor-cephalotes\/","url":"https:\/\/antderground.com\/de\/produkt\/messor-cephalotes\/","name":"Messor cephalotes - ANTDERGROUND","isPartOf":{"@id":"https:\/\/antderground.com\/de\/#website"},"primaryImageOfPage":{"@id":"https:\/\/antderground.com\/de\/produkt\/messor-cephalotes\/#primaryimage"},"image":{"@id":"https:\/\/antderground.com\/de\/produkt\/messor-cephalotes\/#primaryimage"},"thumbnailUrl":"https:\/\/antderground.com\/wp-content\/uploads\/2023\/04\/messor-cephalotes-eric.jpg","datePublished":"2023-04-25T09:35:35+00:00","dateModified":"2023-04-25T20:30:22+00:00","description":"Neue Ameise Messor Cephalotes, findet eine \u00fcberraschende Ameisenk\u00f6nigin. Gro\u00dfe Vielfalt an Ameisenarten. Ihr Myrmekologie-Shop.","breadcrumb":{"@id":"https:\/\/antderground.com\/de\/produkt\/messor-cephalotes\/#breadcrumb"},"inLanguage":"de","potentialAction":[{"@type":"ReadAction","target":["https:\/\/antderground.com\/de\/produkt\/messor-cephalotes\/"]}]},{"@type":"ImageObject","inLanguage":"de","@id":"https:\/\/antderground.com\/de\/produkt\/messor-cephalotes\/#primaryimage","url":"https:\/\/antderground.com\/wp-content\/uploads\/2023\/04\/messor-cephalotes-eric.jpg","contentUrl":"https:\/\/antderground.com\/wp-content\/uploads\/2023\/04\/messor-cephalotes-eric.jpg","width":1417,"height":1417},{"@type":"BreadcrumbList","@id":"https:\/\/antderground.com\/de\/produkt\/messor-cephalotes\/#breadcrumb","itemListElement":[{"@type":"ListItem","position":1,"name":"Portada","item":"https:\/\/antderground.com\/de\/"},{"@type":"ListItem","position":2,"name":"Shop","item":"https:\/\/antderground.com\/de\/shop\/"},{"@type":"ListItem","position":3,"name":"Messor cephalotes"}]},{"@type":"WebSite","@id":"https:\/\/antderground.com\/de\/#website","url":"https:\/\/antderground.com\/de\/","name":"ANTDERGROUND","description":"Tu tienda de hormigas, gran variedad de hormigueros acr\u00edlicos,madera,arena,3D y mas.. Pide tus hormigas gratis con tu pedido, somos expertos en hormigueros antifugas.","publisher":{"@id":"https:\/\/antderground.com\/de\/#\/schema\/person\/0e322c505e84fe72c65e2f6d08f96b81"},"alternateName":"Antderground","potentialAction":[{"@type":"SearchAction","target":{"@type":"EntryPoint","urlTemplate":"https:\/\/antderground.com\/de\/?s={search_term_string}"},"query-input":{"@type":"PropertyValueSpecification","valueRequired":true,"valueName":"search_term_string"}}],"inLanguage":"de"},{"@type":["Person","Organization"],"@id":"https:\/\/antderground.com\/de\/#\/schema\/person\/0e322c505e84fe72c65e2f6d08f96b81","name":"Eric de Antderground","image":{"@type":"ImageObject","inLanguage":"de","@id":"https:\/\/secure.gravatar.com\/avatar\/c49a1b9f79216d1498cb73c1e85cd47f4465dda35f2a94c03790d491bd4423c3?s=96&d=mm&r=g","url":"https:\/\/secure.gravatar.com\/avatar\/c49a1b9f79216d1498cb73c1e85cd47f4465dda35f2a94c03790d491bd4423c3?s=96&d=mm&r=g","contentUrl":"https:\/\/secure.gravatar.com\/avatar\/c49a1b9f79216d1498cb73c1e85cd47f4465dda35f2a94c03790d491bd4423c3?s=96&d=mm&r=g","caption":"Eric de Antderground"},"logo":{"@id":"https:\/\/secure.gravatar.com\/avatar\/c49a1b9f79216d1498cb73c1e85cd47f4465dda35f2a94c03790d491bd4423c3?s=96&d=mm&r=g"},"description":"Eric es el especialista y fundador de Antderground, con una amplia trayectoria en artr\u00f3podos y enfocado en la mirmecolog\u00eda y el dise\u00f1o de hormigueros artificiales. Su enfoque combina la innovaci\u00f3n t\u00e9cnica con el respeto por la biolog\u00eda de las hormigas, is\u00f3podos y otros, desarrollando sistemas de nidos modulares 3D y acr\u00edlicos que son referentes para aficionados y profesionales en toda Europa. Su objetivo es facilitar la cr\u00eda de hormigas y otros artr\u00f3podos mediante soluciones seguras y divulgaci\u00f3n de calidad.","sameAs":["https:\/\/antderground.com\/","https:\/\/www.youtube.com\/channel\/UCio72z7TlbufkAthAJIJfPw"]}]}},"_links":{"self":[{"href":"https:\/\/antderground.com\/de\/wp-json\/wp\/v2\/product\/28110","targetHints":{"allow":["GET"]}}],"collection":[{"href":"https:\/\/antderground.com\/de\/wp-json\/wp\/v2\/product"}],"about":[{"href":"https:\/\/antderground.com\/de\/wp-json\/wp\/v2\/types\/product"}],"version-history":[{"count":0,"href":"https:\/\/antderground.com\/de\/wp-json\/wp\/v2\/product\/28110\/revisions"}],"wp:featuredmedia":[{"embeddable":true,"href":"https:\/\/antderground.com\/de\/wp-json\/wp\/v2\/media\/28266"}],"wp:attachment":[{"href":"https:\/\/antderground.com\/de\/wp-json\/wp\/v2\/media?parent=28110"}],"wp:term":[{"taxonomy":"product_brand","embeddable":true,"href":"https:\/\/antderground.com\/de\/wp-json\/wp\/v2\/product_brand?post=28110"},{"taxonomy":"product_cat","embeddable":true,"href":"https:\/\/antderground.com\/de\/wp-json\/wp\/v2\/product_cat?post=28110"},{"taxonomy":"product_tag","embeddable":true,"href":"https:\/\/antderground.com\/de\/wp-json\/wp\/v2\/product_tag?post=28110"}],"curies":[{"name":"wp","href":"https:\/\/api.w.org\/{rel}","templated":true}]}}