{"id":28325,"date":"2023-04-29T18:12:45","date_gmt":"2023-04-29T16:12:45","guid":{"rendered":"https:\/\/www.antderground.com\/producto\/realistische-und-modulare-3d-ameisenfarm-10x10\/"},"modified":"2023-11-30T23:00:07","modified_gmt":"2023-11-30T22:00:07","slug":"realistische-und-modulare-3d-ameisenfarm-10x10","status":"publish","type":"product","link":"https:\/\/antderground.com\/de\/produkt\/realistische-und-modulare-3d-ameisenfarm-10x10\/","title":{"rendered":"Realistische und modulare 3D-Ameisenfarm (10&#215;10)"},"content":{"rendered":"","protected":false},"excerpt":{"rendered":"<p>Neues realistisches und modulares 3D-Ameisennest (RealistNest), ein perfekter Ameisenbau mit verschiedenen Reliefen, der h\u00f6chste Qualit\u00e4t und Nat\u00fcrlichkeit bietet.<\/p>\n<p>Eigenschaften:<\/p>\n<p><strong>Kammer:<\/strong> Ja, mit verschiedenen H\u00f6hen<br \/>\n<strong>Depot:<\/strong> 35 ml<br \/>\n<strong>Farbe:<\/strong> Wei\u00df<br \/>\n<strong>Deckel:<\/strong> Inklusive, in rot<br \/>\n<strong>Modular:<\/strong> Ja<br \/>\n<strong>T\u00fcren:<\/strong> 4.<\/p>\n","protected":false},"featured_media":28276,"template":"","meta":[],"product_brand":[],"product_cat":[504,505,517],"product_tag":[],"class_list":{"0":"post-28325","1":"product","2":"type-product","3":"status-publish","4":"has-post-thumbnail","6":"product_cat-ameisennester","7":"product_cat-ameisenfarmen-3d","8":"product_cat-modulare-ameisennester","10":"first","11":"instock","12":"shipping-taxable","13":"purchasable","14":"product-type-simple"},"yoast_head":"<!-- This site is optimized with the Yoast SEO plugin v27.4 - https:\/\/yoast.com\/product\/yoast-seo-wordpress\/ -->\n<title>Realistische und modulare 3D-Ameisenfarm (10x10) - ANTDERGROUND<\/title>\n<meta name=\"description\" content=\"Entdecken Sie das neue realistische und modulare Ameisennest im 3D-Format, ein Ameisennest mit verschiedenen Reliefs, das so nat\u00fcrlich wie m\u00f6glich ist. Ideal f\u00fcr alle Ameisen.\" \/>\n<meta name=\"robots\" content=\"index, follow, max-snippet:-1, max-image-preview:large, max-video-preview:-1\" \/>\n<link rel=\"canonical\" href=\"https:\/\/antderground.com\/de\/produkt\/realistische-und-modulare-3d-ameisenfarm-10x10\/\" \/>\n<meta property=\"og:locale\" content=\"de_DE\" \/>\n<meta property=\"og:type\" content=\"article\" \/>\n<meta property=\"og:title\" content=\"Realistische und modulare 3D-Ameisenfarm (10x10) - ANTDERGROUND\" \/>\n<meta property=\"og:description\" content=\"Entdecken Sie das neue realistische und modulare Ameisennest im 3D-Format, ein Ameisennest mit verschiedenen Reliefs, das so nat\u00fcrlich wie m\u00f6glich ist. Ideal f\u00fcr alle Ameisen.\" \/>\n<meta property=\"og:url\" content=\"https:\/\/antderground.com\/de\/produkt\/realistische-und-modulare-3d-ameisenfarm-10x10\/\" \/>\n<meta property=\"og:site_name\" content=\"ANTDERGROUND\" \/>\n<meta property=\"article:modified_time\" content=\"2023-11-30T22:00:07+00:00\" \/>\n<meta property=\"og:image\" content=\"https:\/\/antderground.com\/wp-content\/uploads\/2023\/04\/homirguero-3d-modular-con-relieve.jpg\" \/>\n\t<meta property=\"og:image:width\" content=\"1417\" \/>\n\t<meta property=\"og:image:height\" content=\"1417\" \/>\n\t<meta property=\"og:image:type\" content=\"image\/jpeg\" \/>\n<meta name=\"twitter:card\" content=\"summary_large_image\" \/>\n<script type=\"application\/ld+json\" class=\"yoast-schema-graph\">{\"@context\":\"https:\\\/\\\/schema.org\",\"@graph\":[{\"@type\":\"WebPage\",\"@id\":\"https:\\\/\\\/antderground.com\\\/de\\\/produkt\\\/realistische-und-modulare-3d-ameisenfarm-10x10\\\/\",\"url\":\"https:\\\/\\\/antderground.com\\\/de\\\/produkt\\\/realistische-und-modulare-3d-ameisenfarm-10x10\\\/\",\"name\":\"Realistische und modulare 3D-Ameisenfarm (10x10) - ANTDERGROUND\",\"isPartOf\":{\"@id\":\"https:\\\/\\\/antderground.com\\\/de\\\/#website\"},\"primaryImageOfPage\":{\"@id\":\"https:\\\/\\\/antderground.com\\\/de\\\/produkt\\\/realistische-und-modulare-3d-ameisenfarm-10x10\\\/#primaryimage\"},\"image\":{\"@id\":\"https:\\\/\\\/antderground.com\\\/de\\\/produkt\\\/realistische-und-modulare-3d-ameisenfarm-10x10\\\/#primaryimage\"},\"thumbnailUrl\":\"https:\\\/\\\/antderground.com\\\/wp-content\\\/uploads\\\/2023\\\/04\\\/homirguero-3d-modular-con-relieve.jpg\",\"datePublished\":\"2023-04-29T16:12:45+00:00\",\"dateModified\":\"2023-11-30T22:00:07+00:00\",\"description\":\"Entdecken Sie das neue realistische und modulare Ameisennest im 3D-Format, ein Ameisennest mit verschiedenen Reliefs, das so nat\u00fcrlich wie m\u00f6glich ist. Ideal f\u00fcr alle Ameisen.\",\"breadcrumb\":{\"@id\":\"https:\\\/\\\/antderground.com\\\/de\\\/produkt\\\/realistische-und-modulare-3d-ameisenfarm-10x10\\\/#breadcrumb\"},\"inLanguage\":\"de\",\"potentialAction\":[{\"@type\":\"ReadAction\",\"target\":[\"https:\\\/\\\/antderground.com\\\/de\\\/produkt\\\/realistische-und-modulare-3d-ameisenfarm-10x10\\\/\"]}]},{\"@type\":\"ImageObject\",\"inLanguage\":\"de\",\"@id\":\"https:\\\/\\\/antderground.com\\\/de\\\/produkt\\\/realistische-und-modulare-3d-ameisenfarm-10x10\\\/#primaryimage\",\"url\":\"https:\\\/\\\/antderground.com\\\/wp-content\\\/uploads\\\/2023\\\/04\\\/homirguero-3d-modular-con-relieve.jpg\",\"contentUrl\":\"https:\\\/\\\/antderground.com\\\/wp-content\\\/uploads\\\/2023\\\/04\\\/homirguero-3d-modular-con-relieve.jpg\",\"width\":1417,\"height\":1417},{\"@type\":\"BreadcrumbList\",\"@id\":\"https:\\\/\\\/antderground.com\\\/de\\\/produkt\\\/realistische-und-modulare-3d-ameisenfarm-10x10\\\/#breadcrumb\",\"itemListElement\":[{\"@type\":\"ListItem\",\"position\":1,\"name\":\"Portada\",\"item\":\"https:\\\/\\\/antderground.com\\\/de\\\/\"},{\"@type\":\"ListItem\",\"position\":2,\"name\":\"Shop\",\"item\":\"https:\\\/\\\/antderground.com\\\/de\\\/shop\\\/\"},{\"@type\":\"ListItem\",\"position\":3,\"name\":\"Realistische und modulare 3D-Ameisenfarm (10&#215;10)\"}]},{\"@type\":\"WebSite\",\"@id\":\"https:\\\/\\\/antderground.com\\\/de\\\/#website\",\"url\":\"https:\\\/\\\/antderground.com\\\/de\\\/\",\"name\":\"ANTDERGROUND\",\"description\":\"Tu tienda de hormigas, gran variedad de hormigueros acr\u00edlicos,madera,arena,3D y mas.. Pide tus hormigas gratis con tu pedido, somos expertos en hormigueros antifugas.\",\"publisher\":{\"@id\":\"https:\\\/\\\/antderground.com\\\/de\\\/#\\\/schema\\\/person\\\/0e322c505e84fe72c65e2f6d08f96b81\"},\"alternateName\":\"Antderground\",\"potentialAction\":[{\"@type\":\"SearchAction\",\"target\":{\"@type\":\"EntryPoint\",\"urlTemplate\":\"https:\\\/\\\/antderground.com\\\/de\\\/?s={search_term_string}\"},\"query-input\":{\"@type\":\"PropertyValueSpecification\",\"valueRequired\":true,\"valueName\":\"search_term_string\"}}],\"inLanguage\":\"de\"},{\"@type\":[\"Person\",\"Organization\"],\"@id\":\"https:\\\/\\\/antderground.com\\\/de\\\/#\\\/schema\\\/person\\\/0e322c505e84fe72c65e2f6d08f96b81\",\"name\":\"Eric de Antderground\",\"image\":{\"@type\":\"ImageObject\",\"inLanguage\":\"de\",\"@id\":\"https:\\\/\\\/secure.gravatar.com\\\/avatar\\\/c49a1b9f79216d1498cb73c1e85cd47f4465dda35f2a94c03790d491bd4423c3?s=96&d=mm&r=g\",\"url\":\"https:\\\/\\\/secure.gravatar.com\\\/avatar\\\/c49a1b9f79216d1498cb73c1e85cd47f4465dda35f2a94c03790d491bd4423c3?s=96&d=mm&r=g\",\"contentUrl\":\"https:\\\/\\\/secure.gravatar.com\\\/avatar\\\/c49a1b9f79216d1498cb73c1e85cd47f4465dda35f2a94c03790d491bd4423c3?s=96&d=mm&r=g\",\"caption\":\"Eric de Antderground\"},\"logo\":{\"@id\":\"https:\\\/\\\/secure.gravatar.com\\\/avatar\\\/c49a1b9f79216d1498cb73c1e85cd47f4465dda35f2a94c03790d491bd4423c3?s=96&d=mm&r=g\"},\"description\":\"Eric es el especialista y fundador de Antderground, con una amplia trayectoria en artr\u00f3podos y enfocado en la mirmecolog\u00eda y el dise\u00f1o de hormigueros artificiales. Su enfoque combina la innovaci\u00f3n t\u00e9cnica con el respeto por la biolog\u00eda de las hormigas, is\u00f3podos y otros, desarrollando sistemas de nidos modulares 3D y acr\u00edlicos que son referentes para aficionados y profesionales en toda Europa. Su objetivo es facilitar la cr\u00eda de hormigas y otros artr\u00f3podos mediante soluciones seguras y divulgaci\u00f3n de calidad.\",\"sameAs\":[\"https:\\\/\\\/antderground.com\\\/\",\"https:\\\/\\\/www.youtube.com\\\/channel\\\/UCio72z7TlbufkAthAJIJfPw\"]}]}<\/script>\n<!-- \/ Yoast SEO plugin. -->","yoast_head_json":{"title":"Realistische und modulare 3D-Ameisenfarm (10x10) - ANTDERGROUND","description":"Entdecken Sie das neue realistische und modulare Ameisennest im 3D-Format, ein Ameisennest mit verschiedenen Reliefs, das so nat\u00fcrlich wie m\u00f6glich ist. Ideal f\u00fcr alle Ameisen.","robots":{"index":"index","follow":"follow","max-snippet":"max-snippet:-1","max-image-preview":"max-image-preview:large","max-video-preview":"max-video-preview:-1"},"canonical":"https:\/\/antderground.com\/de\/produkt\/realistische-und-modulare-3d-ameisenfarm-10x10\/","og_locale":"de_DE","og_type":"article","og_title":"Realistische und modulare 3D-Ameisenfarm (10x10) - ANTDERGROUND","og_description":"Entdecken Sie das neue realistische und modulare Ameisennest im 3D-Format, ein Ameisennest mit verschiedenen Reliefs, das so nat\u00fcrlich wie m\u00f6glich ist. Ideal f\u00fcr alle Ameisen.","og_url":"https:\/\/antderground.com\/de\/produkt\/realistische-und-modulare-3d-ameisenfarm-10x10\/","og_site_name":"ANTDERGROUND","article_modified_time":"2023-11-30T22:00:07+00:00","og_image":[{"width":1417,"height":1417,"url":"https:\/\/antderground.com\/wp-content\/uploads\/2023\/04\/homirguero-3d-modular-con-relieve.jpg","type":"image\/jpeg"}],"twitter_card":"summary_large_image","schema":{"@context":"https:\/\/schema.org","@graph":[{"@type":"WebPage","@id":"https:\/\/antderground.com\/de\/produkt\/realistische-und-modulare-3d-ameisenfarm-10x10\/","url":"https:\/\/antderground.com\/de\/produkt\/realistische-und-modulare-3d-ameisenfarm-10x10\/","name":"Realistische und modulare 3D-Ameisenfarm (10x10) - ANTDERGROUND","isPartOf":{"@id":"https:\/\/antderground.com\/de\/#website"},"primaryImageOfPage":{"@id":"https:\/\/antderground.com\/de\/produkt\/realistische-und-modulare-3d-ameisenfarm-10x10\/#primaryimage"},"image":{"@id":"https:\/\/antderground.com\/de\/produkt\/realistische-und-modulare-3d-ameisenfarm-10x10\/#primaryimage"},"thumbnailUrl":"https:\/\/antderground.com\/wp-content\/uploads\/2023\/04\/homirguero-3d-modular-con-relieve.jpg","datePublished":"2023-04-29T16:12:45+00:00","dateModified":"2023-11-30T22:00:07+00:00","description":"Entdecken Sie das neue realistische und modulare Ameisennest im 3D-Format, ein Ameisennest mit verschiedenen Reliefs, das so nat\u00fcrlich wie m\u00f6glich ist. Ideal f\u00fcr alle Ameisen.","breadcrumb":{"@id":"https:\/\/antderground.com\/de\/produkt\/realistische-und-modulare-3d-ameisenfarm-10x10\/#breadcrumb"},"inLanguage":"de","potentialAction":[{"@type":"ReadAction","target":["https:\/\/antderground.com\/de\/produkt\/realistische-und-modulare-3d-ameisenfarm-10x10\/"]}]},{"@type":"ImageObject","inLanguage":"de","@id":"https:\/\/antderground.com\/de\/produkt\/realistische-und-modulare-3d-ameisenfarm-10x10\/#primaryimage","url":"https:\/\/antderground.com\/wp-content\/uploads\/2023\/04\/homirguero-3d-modular-con-relieve.jpg","contentUrl":"https:\/\/antderground.com\/wp-content\/uploads\/2023\/04\/homirguero-3d-modular-con-relieve.jpg","width":1417,"height":1417},{"@type":"BreadcrumbList","@id":"https:\/\/antderground.com\/de\/produkt\/realistische-und-modulare-3d-ameisenfarm-10x10\/#breadcrumb","itemListElement":[{"@type":"ListItem","position":1,"name":"Portada","item":"https:\/\/antderground.com\/de\/"},{"@type":"ListItem","position":2,"name":"Shop","item":"https:\/\/antderground.com\/de\/shop\/"},{"@type":"ListItem","position":3,"name":"Realistische und modulare 3D-Ameisenfarm (10&#215;10)"}]},{"@type":"WebSite","@id":"https:\/\/antderground.com\/de\/#website","url":"https:\/\/antderground.com\/de\/","name":"ANTDERGROUND","description":"Tu tienda de hormigas, gran variedad de hormigueros acr\u00edlicos,madera,arena,3D y mas.. Pide tus hormigas gratis con tu pedido, somos expertos en hormigueros antifugas.","publisher":{"@id":"https:\/\/antderground.com\/de\/#\/schema\/person\/0e322c505e84fe72c65e2f6d08f96b81"},"alternateName":"Antderground","potentialAction":[{"@type":"SearchAction","target":{"@type":"EntryPoint","urlTemplate":"https:\/\/antderground.com\/de\/?s={search_term_string}"},"query-input":{"@type":"PropertyValueSpecification","valueRequired":true,"valueName":"search_term_string"}}],"inLanguage":"de"},{"@type":["Person","Organization"],"@id":"https:\/\/antderground.com\/de\/#\/schema\/person\/0e322c505e84fe72c65e2f6d08f96b81","name":"Eric de Antderground","image":{"@type":"ImageObject","inLanguage":"de","@id":"https:\/\/secure.gravatar.com\/avatar\/c49a1b9f79216d1498cb73c1e85cd47f4465dda35f2a94c03790d491bd4423c3?s=96&d=mm&r=g","url":"https:\/\/secure.gravatar.com\/avatar\/c49a1b9f79216d1498cb73c1e85cd47f4465dda35f2a94c03790d491bd4423c3?s=96&d=mm&r=g","contentUrl":"https:\/\/secure.gravatar.com\/avatar\/c49a1b9f79216d1498cb73c1e85cd47f4465dda35f2a94c03790d491bd4423c3?s=96&d=mm&r=g","caption":"Eric de Antderground"},"logo":{"@id":"https:\/\/secure.gravatar.com\/avatar\/c49a1b9f79216d1498cb73c1e85cd47f4465dda35f2a94c03790d491bd4423c3?s=96&d=mm&r=g"},"description":"Eric es el especialista y fundador de Antderground, con una amplia trayectoria en artr\u00f3podos y enfocado en la mirmecolog\u00eda y el dise\u00f1o de hormigueros artificiales. Su enfoque combina la innovaci\u00f3n t\u00e9cnica con el respeto por la biolog\u00eda de las hormigas, is\u00f3podos y otros, desarrollando sistemas de nidos modulares 3D y acr\u00edlicos que son referentes para aficionados y profesionales en toda Europa. Su objetivo es facilitar la cr\u00eda de hormigas y otros artr\u00f3podos mediante soluciones seguras y divulgaci\u00f3n de calidad.","sameAs":["https:\/\/antderground.com\/","https:\/\/www.youtube.com\/channel\/UCio72z7TlbufkAthAJIJfPw"]}]}},"_links":{"self":[{"href":"https:\/\/antderground.com\/de\/wp-json\/wp\/v2\/product\/28325","targetHints":{"allow":["GET"]}}],"collection":[{"href":"https:\/\/antderground.com\/de\/wp-json\/wp\/v2\/product"}],"about":[{"href":"https:\/\/antderground.com\/de\/wp-json\/wp\/v2\/types\/product"}],"version-history":[{"count":0,"href":"https:\/\/antderground.com\/de\/wp-json\/wp\/v2\/product\/28325\/revisions"}],"wp:featuredmedia":[{"embeddable":true,"href":"https:\/\/antderground.com\/de\/wp-json\/wp\/v2\/media\/28276"}],"wp:attachment":[{"href":"https:\/\/antderground.com\/de\/wp-json\/wp\/v2\/media?parent=28325"}],"wp:term":[{"taxonomy":"product_brand","embeddable":true,"href":"https:\/\/antderground.com\/de\/wp-json\/wp\/v2\/product_brand?post=28325"},{"taxonomy":"product_cat","embeddable":true,"href":"https:\/\/antderground.com\/de\/wp-json\/wp\/v2\/product_cat?post=28325"},{"taxonomy":"product_tag","embeddable":true,"href":"https:\/\/antderground.com\/de\/wp-json\/wp\/v2\/product_tag?post=28325"}],"curies":[{"name":"wp","href":"https:\/\/api.w.org\/{rel}","templated":true}]}}