{"id":28563,"date":"2023-05-20T20:06:17","date_gmt":"2023-05-20T18:06:17","guid":{"rendered":"https:\/\/www.antderground.com\/producto\/prenolepis-nitens\/"},"modified":"2023-06-30T21:01:37","modified_gmt":"2023-06-30T19:01:37","slug":"prenolepis-nitens","status":"publish","type":"product","link":"https:\/\/antderground.com\/de\/produkt\/prenolepis-nitens\/","title":{"rendered":"Prenolepis nitens (Europ\u00e4ische Honigtopfameisen)"},"content":{"rendered":"<p><strong>Wissenschaftlicher Name:<\/strong> Prenolepis nitens<\/p>\n<p><strong>Taxonomische Klassifikation:<\/strong> K\u00f6nigreich Animalia, Stamm Arthropoda, Klasse Insecta, Ordnung Hymenoptera, Familie Formicidae, Unterfamilie Formicinae, Tribus Lasiini, Gattung Prenolepis.<\/p>\n<p><strong>Geographische Verbreitung:<\/strong> Prenolepis nitens kommt haupts\u00e4chlich in Teilen S\u00fcdosteuropas vor. Ihr Verbreitungsgebiet umfasst L\u00e4nder wie Italien, Griechenland, Bulgarien, Rum\u00e4nien und die Ukraine.<\/p>\n<p><strong>K\u00f6rperliche Merkmale:<\/strong> Prenolepis nitens ist eine kleine bis mittelgro\u00dfe Ameise mit einer durchschnittlichen L\u00e4nge von etwa 3-5 mm. Ihr K\u00f6rper ist hellbraun und hat ein gl\u00e4nzendes Aussehen. Die Arbeiterinnen haben einen schlanken K\u00f6rper und segmentierte F\u00fchler.<\/p>\n<p><strong>Verhalten:<\/strong> Prenolepis nitens bildet relativ kleine Kolonien. Sie sind in der Regel Allesfresser und ern\u00e4hren sich von verschiedenen Quellen wie Nektar, toten Insekten und zuckerhaltigen Fl\u00fcssigkeiten. Diese Ameisen sind daf\u00fcr bekannt, symbiotische Beziehungen zu Ameisen der Gattung Aphidius aufzubauen und die von ihnen produzierten zuckerhaltigen Exsudate zu nutzen.<\/p>\n<p><strong>Erhaltungszustand:<\/strong> Es liegen keine spezifischen Informationen zum Erhaltungszustand dieser Art vor.<\/p>\n<p><strong>Weitere Anmerkungen:<\/strong> Prenolepis nitens ist h\u00e4ufig in Lebensr\u00e4umen in S\u00fcdosteuropa anzutreffen, wie W\u00e4ldern und l\u00e4ndlichen Gebieten. Sie sind aktive und wendige Ameisen und k\u00f6nnen bei der Nahrungssuche beobachtet werden oder kleine Nester im Boden oder zwischen der Vegetation bauen. Dar\u00fcber hinaus gelten diese Ameisen als vorteilhaft f\u00fcr das \u00d6kosystem, da sie zur Samenverbreitung und Sch\u00e4dlingsbek\u00e4mpfung beitragen.<\/p>\n","protected":false},"excerpt":{"rendered":"<p>Wissenschaftlicher Name: Prenolepis nitens Taxonomische Klassifikation: K\u00f6nigreich Animalia, Stamm Arthropoda, Klasse Insecta, Ordnung Hymenoptera, Familie Formicidae, Unterfamilie Formicinae, Tribus Lasiini,<\/p>\n","protected":false},"featured_media":28499,"template":"","meta":[],"product_brand":[],"product_cat":[495,497],"product_tag":[],"class_list":{"0":"post-28563","1":"product","2":"type-product","3":"status-publish","4":"has-post-thumbnail","6":"product_cat-ameisen","7":"product_cat-exotische-ameisen","9":"first","10":"outofstock","11":"shipping-taxable","12":"purchasable","13":"product-type-variable"},"yoast_head":"<!-- This site is optimized with the Yoast SEO plugin v27.3 - https:\/\/yoast.com\/product\/yoast-seo-wordpress\/ -->\n<title>Prenolepis nitens (Europ\u00e4ische Honigtopfameisen) - ANTDERGROUND<\/title>\n<meta name=\"description\" content=\"Entdecken Sie diese Ameise Prenolepis nitens (Europ\u00e4ische Honigtopfameisen ). Eine erstaunliche Ameise. Gro\u00dfe Auswahl an exotischen Ameisen.\" \/>\n<meta name=\"robots\" content=\"index, follow, max-snippet:-1, max-image-preview:large, max-video-preview:-1\" \/>\n<link rel=\"canonical\" href=\"https:\/\/antderground.com\/de\/produkt\/prenolepis-nitens\/\" \/>\n<meta property=\"og:locale\" content=\"de_DE\" \/>\n<meta property=\"og:type\" content=\"article\" \/>\n<meta property=\"og:title\" content=\"Prenolepis nitens (Europ\u00e4ische Honigtopfameisen) - ANTDERGROUND\" \/>\n<meta property=\"og:description\" content=\"Entdecken Sie diese Ameise Prenolepis nitens (Europ\u00e4ische Honigtopfameisen ). Eine erstaunliche Ameise. Gro\u00dfe Auswahl an exotischen Ameisen.\" \/>\n<meta property=\"og:url\" content=\"https:\/\/antderground.com\/de\/produkt\/prenolepis-nitens\/\" \/>\n<meta property=\"og:site_name\" content=\"ANTDERGROUND\" \/>\n<meta property=\"article:modified_time\" content=\"2023-06-30T19:01:37+00:00\" \/>\n<meta property=\"og:image\" content=\"https:\/\/antderground.com\/wp-content\/uploads\/2023\/05\/Prenolepis-nitens.jpg\" \/>\n\t<meta property=\"og:image:width\" content=\"1417\" \/>\n\t<meta property=\"og:image:height\" content=\"1417\" \/>\n\t<meta property=\"og:image:type\" content=\"image\/jpeg\" \/>\n<meta name=\"twitter:card\" content=\"summary_large_image\" \/>\n<meta name=\"twitter:label1\" content=\"Gesch\u00e4tzte Lesezeit\" \/>\n\t<meta name=\"twitter:data1\" content=\"1\u00a0Minute\" \/>\n<script type=\"application\/ld+json\" class=\"yoast-schema-graph\">{\"@context\":\"https:\\\/\\\/schema.org\",\"@graph\":[{\"@type\":\"WebPage\",\"@id\":\"https:\\\/\\\/antderground.com\\\/de\\\/produkt\\\/prenolepis-nitens\\\/\",\"url\":\"https:\\\/\\\/antderground.com\\\/de\\\/produkt\\\/prenolepis-nitens\\\/\",\"name\":\"Prenolepis nitens (Europ\u00e4ische Honigtopfameisen) - ANTDERGROUND\",\"isPartOf\":{\"@id\":\"https:\\\/\\\/antderground.com\\\/de\\\/#website\"},\"primaryImageOfPage\":{\"@id\":\"https:\\\/\\\/antderground.com\\\/de\\\/produkt\\\/prenolepis-nitens\\\/#primaryimage\"},\"image\":{\"@id\":\"https:\\\/\\\/antderground.com\\\/de\\\/produkt\\\/prenolepis-nitens\\\/#primaryimage\"},\"thumbnailUrl\":\"https:\\\/\\\/antderground.com\\\/wp-content\\\/uploads\\\/2023\\\/05\\\/Prenolepis-nitens.jpg\",\"datePublished\":\"2023-05-20T18:06:17+00:00\",\"dateModified\":\"2023-06-30T19:01:37+00:00\",\"description\":\"Entdecken Sie diese Ameise Prenolepis nitens (Europ\u00e4ische Honigtopfameisen ). Eine erstaunliche Ameise. Gro\u00dfe Auswahl an exotischen Ameisen.\",\"breadcrumb\":{\"@id\":\"https:\\\/\\\/antderground.com\\\/de\\\/produkt\\\/prenolepis-nitens\\\/#breadcrumb\"},\"inLanguage\":\"de\",\"potentialAction\":[{\"@type\":\"ReadAction\",\"target\":[\"https:\\\/\\\/antderground.com\\\/de\\\/produkt\\\/prenolepis-nitens\\\/\"]}]},{\"@type\":\"ImageObject\",\"inLanguage\":\"de\",\"@id\":\"https:\\\/\\\/antderground.com\\\/de\\\/produkt\\\/prenolepis-nitens\\\/#primaryimage\",\"url\":\"https:\\\/\\\/antderground.com\\\/wp-content\\\/uploads\\\/2023\\\/05\\\/Prenolepis-nitens.jpg\",\"contentUrl\":\"https:\\\/\\\/antderground.com\\\/wp-content\\\/uploads\\\/2023\\\/05\\\/Prenolepis-nitens.jpg\",\"width\":1417,\"height\":1417},{\"@type\":\"BreadcrumbList\",\"@id\":\"https:\\\/\\\/antderground.com\\\/de\\\/produkt\\\/prenolepis-nitens\\\/#breadcrumb\",\"itemListElement\":[{\"@type\":\"ListItem\",\"position\":1,\"name\":\"Portada\",\"item\":\"https:\\\/\\\/antderground.com\\\/de\\\/\"},{\"@type\":\"ListItem\",\"position\":2,\"name\":\"Shop\",\"item\":\"https:\\\/\\\/antderground.com\\\/de\\\/shop\\\/\"},{\"@type\":\"ListItem\",\"position\":3,\"name\":\"Prenolepis nitens (Europ\u00e4ische Honigtopfameisen)\"}]},{\"@type\":\"WebSite\",\"@id\":\"https:\\\/\\\/antderground.com\\\/de\\\/#website\",\"url\":\"https:\\\/\\\/antderground.com\\\/de\\\/\",\"name\":\"ANTDERGROUND\",\"description\":\"Tu tienda de hormigas, gran variedad de hormigueros acr\u00edlicos,madera,arena,3D y mas.. Pide tus hormigas gratis con tu pedido, somos expertos en hormigueros antifugas.\",\"publisher\":{\"@id\":\"https:\\\/\\\/antderground.com\\\/de\\\/#\\\/schema\\\/person\\\/0e322c505e84fe72c65e2f6d08f96b81\"},\"alternateName\":\"Antderground\",\"potentialAction\":[{\"@type\":\"SearchAction\",\"target\":{\"@type\":\"EntryPoint\",\"urlTemplate\":\"https:\\\/\\\/antderground.com\\\/de\\\/?s={search_term_string}\"},\"query-input\":{\"@type\":\"PropertyValueSpecification\",\"valueRequired\":true,\"valueName\":\"search_term_string\"}}],\"inLanguage\":\"de\"},{\"@type\":[\"Person\",\"Organization\"],\"@id\":\"https:\\\/\\\/antderground.com\\\/de\\\/#\\\/schema\\\/person\\\/0e322c505e84fe72c65e2f6d08f96b81\",\"name\":\"Eric de Antderground\",\"image\":{\"@type\":\"ImageObject\",\"inLanguage\":\"de\",\"@id\":\"https:\\\/\\\/secure.gravatar.com\\\/avatar\\\/c49a1b9f79216d1498cb73c1e85cd47f4465dda35f2a94c03790d491bd4423c3?s=96&d=mm&r=g\",\"url\":\"https:\\\/\\\/secure.gravatar.com\\\/avatar\\\/c49a1b9f79216d1498cb73c1e85cd47f4465dda35f2a94c03790d491bd4423c3?s=96&d=mm&r=g\",\"contentUrl\":\"https:\\\/\\\/secure.gravatar.com\\\/avatar\\\/c49a1b9f79216d1498cb73c1e85cd47f4465dda35f2a94c03790d491bd4423c3?s=96&d=mm&r=g\",\"caption\":\"Eric de Antderground\"},\"logo\":{\"@id\":\"https:\\\/\\\/secure.gravatar.com\\\/avatar\\\/c49a1b9f79216d1498cb73c1e85cd47f4465dda35f2a94c03790d491bd4423c3?s=96&d=mm&r=g\"},\"description\":\"Eric es el especialista y fundador de Antderground, con una amplia trayectoria en artr\u00f3podos y enfocado en la mirmecolog\u00eda y el dise\u00f1o de hormigueros artificiales. Su enfoque combina la innovaci\u00f3n t\u00e9cnica con el respeto por la biolog\u00eda de las hormigas, is\u00f3podos y otros, desarrollando sistemas de nidos modulares 3D y acr\u00edlicos que son referentes para aficionados y profesionales en toda Europa. Su objetivo es facilitar la cr\u00eda de hormigas y otros artr\u00f3podos mediante soluciones seguras y divulgaci\u00f3n de calidad.\",\"sameAs\":[\"https:\\\/\\\/antderground.com\\\/\",\"https:\\\/\\\/www.youtube.com\\\/channel\\\/UCio72z7TlbufkAthAJIJfPw\"]}]}<\/script>\n<!-- \/ Yoast SEO plugin. -->","yoast_head_json":{"title":"Prenolepis nitens (Europ\u00e4ische Honigtopfameisen) - ANTDERGROUND","description":"Entdecken Sie diese Ameise Prenolepis nitens (Europ\u00e4ische Honigtopfameisen ). Eine erstaunliche Ameise. Gro\u00dfe Auswahl an exotischen Ameisen.","robots":{"index":"index","follow":"follow","max-snippet":"max-snippet:-1","max-image-preview":"max-image-preview:large","max-video-preview":"max-video-preview:-1"},"canonical":"https:\/\/antderground.com\/de\/produkt\/prenolepis-nitens\/","og_locale":"de_DE","og_type":"article","og_title":"Prenolepis nitens (Europ\u00e4ische Honigtopfameisen) - ANTDERGROUND","og_description":"Entdecken Sie diese Ameise Prenolepis nitens (Europ\u00e4ische Honigtopfameisen ). Eine erstaunliche Ameise. Gro\u00dfe Auswahl an exotischen Ameisen.","og_url":"https:\/\/antderground.com\/de\/produkt\/prenolepis-nitens\/","og_site_name":"ANTDERGROUND","article_modified_time":"2023-06-30T19:01:37+00:00","og_image":[{"width":1417,"height":1417,"url":"https:\/\/antderground.com\/wp-content\/uploads\/2023\/05\/Prenolepis-nitens.jpg","type":"image\/jpeg"}],"twitter_card":"summary_large_image","twitter_misc":{"Gesch\u00e4tzte Lesezeit":"1\u00a0Minute"},"schema":{"@context":"https:\/\/schema.org","@graph":[{"@type":"WebPage","@id":"https:\/\/antderground.com\/de\/produkt\/prenolepis-nitens\/","url":"https:\/\/antderground.com\/de\/produkt\/prenolepis-nitens\/","name":"Prenolepis nitens (Europ\u00e4ische Honigtopfameisen) - ANTDERGROUND","isPartOf":{"@id":"https:\/\/antderground.com\/de\/#website"},"primaryImageOfPage":{"@id":"https:\/\/antderground.com\/de\/produkt\/prenolepis-nitens\/#primaryimage"},"image":{"@id":"https:\/\/antderground.com\/de\/produkt\/prenolepis-nitens\/#primaryimage"},"thumbnailUrl":"https:\/\/antderground.com\/wp-content\/uploads\/2023\/05\/Prenolepis-nitens.jpg","datePublished":"2023-05-20T18:06:17+00:00","dateModified":"2023-06-30T19:01:37+00:00","description":"Entdecken Sie diese Ameise Prenolepis nitens (Europ\u00e4ische Honigtopfameisen ). Eine erstaunliche Ameise. Gro\u00dfe Auswahl an exotischen Ameisen.","breadcrumb":{"@id":"https:\/\/antderground.com\/de\/produkt\/prenolepis-nitens\/#breadcrumb"},"inLanguage":"de","potentialAction":[{"@type":"ReadAction","target":["https:\/\/antderground.com\/de\/produkt\/prenolepis-nitens\/"]}]},{"@type":"ImageObject","inLanguage":"de","@id":"https:\/\/antderground.com\/de\/produkt\/prenolepis-nitens\/#primaryimage","url":"https:\/\/antderground.com\/wp-content\/uploads\/2023\/05\/Prenolepis-nitens.jpg","contentUrl":"https:\/\/antderground.com\/wp-content\/uploads\/2023\/05\/Prenolepis-nitens.jpg","width":1417,"height":1417},{"@type":"BreadcrumbList","@id":"https:\/\/antderground.com\/de\/produkt\/prenolepis-nitens\/#breadcrumb","itemListElement":[{"@type":"ListItem","position":1,"name":"Portada","item":"https:\/\/antderground.com\/de\/"},{"@type":"ListItem","position":2,"name":"Shop","item":"https:\/\/antderground.com\/de\/shop\/"},{"@type":"ListItem","position":3,"name":"Prenolepis nitens (Europ\u00e4ische Honigtopfameisen)"}]},{"@type":"WebSite","@id":"https:\/\/antderground.com\/de\/#website","url":"https:\/\/antderground.com\/de\/","name":"ANTDERGROUND","description":"Tu tienda de hormigas, gran variedad de hormigueros acr\u00edlicos,madera,arena,3D y mas.. Pide tus hormigas gratis con tu pedido, somos expertos en hormigueros antifugas.","publisher":{"@id":"https:\/\/antderground.com\/de\/#\/schema\/person\/0e322c505e84fe72c65e2f6d08f96b81"},"alternateName":"Antderground","potentialAction":[{"@type":"SearchAction","target":{"@type":"EntryPoint","urlTemplate":"https:\/\/antderground.com\/de\/?s={search_term_string}"},"query-input":{"@type":"PropertyValueSpecification","valueRequired":true,"valueName":"search_term_string"}}],"inLanguage":"de"},{"@type":["Person","Organization"],"@id":"https:\/\/antderground.com\/de\/#\/schema\/person\/0e322c505e84fe72c65e2f6d08f96b81","name":"Eric de Antderground","image":{"@type":"ImageObject","inLanguage":"de","@id":"https:\/\/secure.gravatar.com\/avatar\/c49a1b9f79216d1498cb73c1e85cd47f4465dda35f2a94c03790d491bd4423c3?s=96&d=mm&r=g","url":"https:\/\/secure.gravatar.com\/avatar\/c49a1b9f79216d1498cb73c1e85cd47f4465dda35f2a94c03790d491bd4423c3?s=96&d=mm&r=g","contentUrl":"https:\/\/secure.gravatar.com\/avatar\/c49a1b9f79216d1498cb73c1e85cd47f4465dda35f2a94c03790d491bd4423c3?s=96&d=mm&r=g","caption":"Eric de Antderground"},"logo":{"@id":"https:\/\/secure.gravatar.com\/avatar\/c49a1b9f79216d1498cb73c1e85cd47f4465dda35f2a94c03790d491bd4423c3?s=96&d=mm&r=g"},"description":"Eric es el especialista y fundador de Antderground, con una amplia trayectoria en artr\u00f3podos y enfocado en la mirmecolog\u00eda y el dise\u00f1o de hormigueros artificiales. Su enfoque combina la innovaci\u00f3n t\u00e9cnica con el respeto por la biolog\u00eda de las hormigas, is\u00f3podos y otros, desarrollando sistemas de nidos modulares 3D y acr\u00edlicos que son referentes para aficionados y profesionales en toda Europa. Su objetivo es facilitar la cr\u00eda de hormigas y otros artr\u00f3podos mediante soluciones seguras y divulgaci\u00f3n de calidad.","sameAs":["https:\/\/antderground.com\/","https:\/\/www.youtube.com\/channel\/UCio72z7TlbufkAthAJIJfPw"]}]}},"_links":{"self":[{"href":"https:\/\/antderground.com\/de\/wp-json\/wp\/v2\/product\/28563","targetHints":{"allow":["GET"]}}],"collection":[{"href":"https:\/\/antderground.com\/de\/wp-json\/wp\/v2\/product"}],"about":[{"href":"https:\/\/antderground.com\/de\/wp-json\/wp\/v2\/types\/product"}],"version-history":[{"count":0,"href":"https:\/\/antderground.com\/de\/wp-json\/wp\/v2\/product\/28563\/revisions"}],"wp:featuredmedia":[{"embeddable":true,"href":"https:\/\/antderground.com\/de\/wp-json\/wp\/v2\/media\/28499"}],"wp:attachment":[{"href":"https:\/\/antderground.com\/de\/wp-json\/wp\/v2\/media?parent=28563"}],"wp:term":[{"taxonomy":"product_brand","embeddable":true,"href":"https:\/\/antderground.com\/de\/wp-json\/wp\/v2\/product_brand?post=28563"},{"taxonomy":"product_cat","embeddable":true,"href":"https:\/\/antderground.com\/de\/wp-json\/wp\/v2\/product_cat?post=28563"},{"taxonomy":"product_tag","embeddable":true,"href":"https:\/\/antderground.com\/de\/wp-json\/wp\/v2\/product_tag?post=28563"}],"curies":[{"name":"wp","href":"https:\/\/api.w.org\/{rel}","templated":true}]}}