{"id":28706,"date":"2019-10-16T16:05:10","date_gmt":"2019-10-16T14:05:10","guid":{"rendered":"https:\/\/www.antderground.com\/producto\/colobopsis-truncata\/"},"modified":"2025-06-09T16:44:20","modified_gmt":"2025-06-09T14:44:20","slug":"colobopsis-truncata","status":"publish","type":"product","link":"https:\/\/antderground.com\/de\/produkt\/colobopsis-truncata\/","title":{"rendered":"Colobopsis truncata"},"content":{"rendered":"<p><strong>Wissenschaftlicher Name:<\/strong> Colobopsis truncata<\/p>\n<p><strong>Taxonomische Klassifikation:<\/strong> Tierreich Animalia, Stamm Arthropoda, Klasse Insecta, Ordnung Hymenoptera, Familie Formicidae, Unterfamilie Formicinae, Tribus Camponotini, Gattung Colobopsis.<\/p>\n<p><strong>Verbreitung:<\/strong> Colobopsis truncata kommt haupts\u00e4chlich in der mediterranen Region vor, einschlie\u00dflich L\u00e4nder wie Spanien, Italien, Griechenland und anderen k\u00fcstennahen L\u00e4ndern der Region.<\/p>\n<p><strong>K\u00f6rperliche Merkmale:<\/strong> Colobopsis truncata ist eine Ameise mittlerer Gr\u00f6\u00dfe mit einer durchschnittlichen L\u00e4nge von etwa 4-6 mm. Ihr K\u00f6rper ist von einem harten, gl\u00e4nzend schwarzen Exoskelett bedeckt. Sie haben gro\u00dfe Mandibeln und einen herzf\u00f6rmigen Kopf.<\/p>\n<p><strong>Verhalten:<\/strong> Colobopsis truncata ist f\u00fcr ihr Verteidigungsverhalten bekannt. Wenn sie sich bedroht f\u00fchlen, k\u00f6nnen diese Ameisen ihren Hinterleib anheben und eine klebrige, viskose Substanz freisetzen, die dazu dient, Raubtiere zu fangen. Sie bilden Kolonien in B\u00e4umen und bauen Blattnester.<\/p>\n<p><strong>Erhaltungszustand:<\/strong> Es liegen keine spezifischen Informationen zum Erhaltungszustand dieser Art vor.<\/p>\n<p><strong>Weitere Anmerkungen:<\/strong> Colobopsis truncata ist eine Ameisenart, die haupts\u00e4chlich in mediterranen Lebensr\u00e4umen wie W\u00e4ldern und K\u00fcstengebieten vorkommt. Sie sind bekannt f\u00fcr ihr einzigartiges Verteidigungsverhalten und ihre F\u00e4higkeit, Blattnester zu bauen. Dar\u00fcber hinaus wurde beobachtet, dass sie symbiotische Beziehungen zu bestimmten Insekten und Pflanzen haben.<\/p>\n","protected":false},"excerpt":{"rendered":"<p>Wissenschaftlicher Name: Colobopsis truncata Taxonomische Klassifikation: Tierreich Animalia, Stamm Arthropoda, Klasse Insecta, Ordnung Hymenoptera, Familie Formicidae, Unterfamilie Formicinae, Tribus Camponotini,<\/p>\n","protected":false},"featured_media":30012,"template":"","meta":[],"product_brand":[],"product_cat":[495,496],"product_tag":[],"class_list":{"0":"post-28706","1":"product","2":"type-product","3":"status-publish","4":"has-post-thumbnail","6":"product_cat-ameisen","7":"product_cat-europaische-ameisen","9":"first","10":"outofstock","11":"shipping-taxable","12":"purchasable","13":"product-type-variable"},"yoast_head":"<!-- This site is optimized with the Yoast SEO plugin v27.4 - https:\/\/yoast.com\/product\/yoast-seo-wordpress\/ -->\n<title>Colobopsis truncata - ANTDERGROUND<\/title>\n<meta name=\"description\" content=\"Entdecken Sie die Ameise Colobopsis truncata, eine sehr sch\u00f6ne europ\u00e4ische Ameise.\" \/>\n<meta name=\"robots\" content=\"index, follow, max-snippet:-1, max-image-preview:large, max-video-preview:-1\" \/>\n<link rel=\"canonical\" href=\"https:\/\/antderground.com\/de\/produkt\/colobopsis-truncata\/\" \/>\n<meta property=\"og:locale\" content=\"de_DE\" \/>\n<meta property=\"og:type\" content=\"article\" \/>\n<meta property=\"og:title\" content=\"Colobopsis truncata - ANTDERGROUND\" \/>\n<meta property=\"og:description\" content=\"Entdecken Sie die Ameise Colobopsis truncata, eine sehr sch\u00f6ne europ\u00e4ische Ameise.\" \/>\n<meta property=\"og:url\" content=\"https:\/\/antderground.com\/de\/produkt\/colobopsis-truncata\/\" \/>\n<meta property=\"og:site_name\" content=\"ANTDERGROUND\" \/>\n<meta property=\"article:modified_time\" content=\"2025-06-09T14:44:20+00:00\" \/>\n<meta property=\"og:image\" content=\"https:\/\/antderground.com\/wp-content\/uploads\/2019\/10\/reina-de-colobopsis-truncata.jpg\" \/>\n\t<meta property=\"og:image:width\" content=\"709\" \/>\n\t<meta property=\"og:image:height\" content=\"709\" \/>\n\t<meta property=\"og:image:type\" content=\"image\/jpeg\" \/>\n<meta name=\"twitter:card\" content=\"summary_large_image\" \/>\n<meta name=\"twitter:label1\" content=\"Gesch\u00e4tzte Lesezeit\" \/>\n\t<meta name=\"twitter:data1\" content=\"1\u00a0Minute\" \/>\n<script type=\"application\/ld+json\" class=\"yoast-schema-graph\">{\"@context\":\"https:\\\/\\\/schema.org\",\"@graph\":[{\"@type\":\"WebPage\",\"@id\":\"https:\\\/\\\/antderground.com\\\/de\\\/produkt\\\/colobopsis-truncata\\\/\",\"url\":\"https:\\\/\\\/antderground.com\\\/de\\\/produkt\\\/colobopsis-truncata\\\/\",\"name\":\"Colobopsis truncata - ANTDERGROUND\",\"isPartOf\":{\"@id\":\"https:\\\/\\\/antderground.com\\\/de\\\/#website\"},\"primaryImageOfPage\":{\"@id\":\"https:\\\/\\\/antderground.com\\\/de\\\/produkt\\\/colobopsis-truncata\\\/#primaryimage\"},\"image\":{\"@id\":\"https:\\\/\\\/antderground.com\\\/de\\\/produkt\\\/colobopsis-truncata\\\/#primaryimage\"},\"thumbnailUrl\":\"https:\\\/\\\/antderground.com\\\/wp-content\\\/uploads\\\/2019\\\/10\\\/reina-de-colobopsis-truncata-2.png.png\",\"datePublished\":\"2019-10-16T14:05:10+00:00\",\"dateModified\":\"2025-06-09T14:44:20+00:00\",\"description\":\"Entdecken Sie die Ameise Colobopsis truncata, eine sehr sch\u00f6ne europ\u00e4ische Ameise.\",\"breadcrumb\":{\"@id\":\"https:\\\/\\\/antderground.com\\\/de\\\/produkt\\\/colobopsis-truncata\\\/#breadcrumb\"},\"inLanguage\":\"de\",\"potentialAction\":[{\"@type\":\"ReadAction\",\"target\":[\"https:\\\/\\\/antderground.com\\\/de\\\/produkt\\\/colobopsis-truncata\\\/\"]}]},{\"@type\":\"ImageObject\",\"inLanguage\":\"de\",\"@id\":\"https:\\\/\\\/antderground.com\\\/de\\\/produkt\\\/colobopsis-truncata\\\/#primaryimage\",\"url\":\"https:\\\/\\\/antderground.com\\\/wp-content\\\/uploads\\\/2019\\\/10\\\/reina-de-colobopsis-truncata-2.png.png\",\"contentUrl\":\"https:\\\/\\\/antderground.com\\\/wp-content\\\/uploads\\\/2019\\\/10\\\/reina-de-colobopsis-truncata-2.png.png\",\"width\":709,\"height\":709,\"caption\":\"reina de colobopsis truncata\"},{\"@type\":\"BreadcrumbList\",\"@id\":\"https:\\\/\\\/antderground.com\\\/de\\\/produkt\\\/colobopsis-truncata\\\/#breadcrumb\",\"itemListElement\":[{\"@type\":\"ListItem\",\"position\":1,\"name\":\"Portada\",\"item\":\"https:\\\/\\\/antderground.com\\\/de\\\/\"},{\"@type\":\"ListItem\",\"position\":2,\"name\":\"Shop\",\"item\":\"https:\\\/\\\/antderground.com\\\/de\\\/shop\\\/\"},{\"@type\":\"ListItem\",\"position\":3,\"name\":\"Colobopsis truncata\"}]},{\"@type\":\"WebSite\",\"@id\":\"https:\\\/\\\/antderground.com\\\/de\\\/#website\",\"url\":\"https:\\\/\\\/antderground.com\\\/de\\\/\",\"name\":\"ANTDERGROUND\",\"description\":\"Tu tienda de hormigas, gran variedad de hormigueros acr\u00edlicos,madera,arena,3D y mas.. Pide tus hormigas gratis con tu pedido, somos expertos en hormigueros antifugas.\",\"publisher\":{\"@id\":\"https:\\\/\\\/antderground.com\\\/de\\\/#\\\/schema\\\/person\\\/0e322c505e84fe72c65e2f6d08f96b81\"},\"alternateName\":\"Antderground\",\"potentialAction\":[{\"@type\":\"SearchAction\",\"target\":{\"@type\":\"EntryPoint\",\"urlTemplate\":\"https:\\\/\\\/antderground.com\\\/de\\\/?s={search_term_string}\"},\"query-input\":{\"@type\":\"PropertyValueSpecification\",\"valueRequired\":true,\"valueName\":\"search_term_string\"}}],\"inLanguage\":\"de\"},{\"@type\":[\"Person\",\"Organization\"],\"@id\":\"https:\\\/\\\/antderground.com\\\/de\\\/#\\\/schema\\\/person\\\/0e322c505e84fe72c65e2f6d08f96b81\",\"name\":\"Eric de Antderground\",\"image\":{\"@type\":\"ImageObject\",\"inLanguage\":\"de\",\"@id\":\"https:\\\/\\\/secure.gravatar.com\\\/avatar\\\/c49a1b9f79216d1498cb73c1e85cd47f4465dda35f2a94c03790d491bd4423c3?s=96&d=mm&r=g\",\"url\":\"https:\\\/\\\/secure.gravatar.com\\\/avatar\\\/c49a1b9f79216d1498cb73c1e85cd47f4465dda35f2a94c03790d491bd4423c3?s=96&d=mm&r=g\",\"contentUrl\":\"https:\\\/\\\/secure.gravatar.com\\\/avatar\\\/c49a1b9f79216d1498cb73c1e85cd47f4465dda35f2a94c03790d491bd4423c3?s=96&d=mm&r=g\",\"caption\":\"Eric de Antderground\"},\"logo\":{\"@id\":\"https:\\\/\\\/secure.gravatar.com\\\/avatar\\\/c49a1b9f79216d1498cb73c1e85cd47f4465dda35f2a94c03790d491bd4423c3?s=96&d=mm&r=g\"},\"description\":\"Eric es el especialista y fundador de Antderground, con una amplia trayectoria en artr\u00f3podos y enfocado en la mirmecolog\u00eda y el dise\u00f1o de hormigueros artificiales. Su enfoque combina la innovaci\u00f3n t\u00e9cnica con el respeto por la biolog\u00eda de las hormigas, is\u00f3podos y otros, desarrollando sistemas de nidos modulares 3D y acr\u00edlicos que son referentes para aficionados y profesionales en toda Europa. Su objetivo es facilitar la cr\u00eda de hormigas y otros artr\u00f3podos mediante soluciones seguras y divulgaci\u00f3n de calidad.\",\"sameAs\":[\"https:\\\/\\\/antderground.com\\\/\",\"https:\\\/\\\/www.youtube.com\\\/channel\\\/UCio72z7TlbufkAthAJIJfPw\"]}]}<\/script>\n<!-- \/ Yoast SEO plugin. -->","yoast_head_json":{"title":"Colobopsis truncata - ANTDERGROUND","description":"Entdecken Sie die Ameise Colobopsis truncata, eine sehr sch\u00f6ne europ\u00e4ische Ameise.","robots":{"index":"index","follow":"follow","max-snippet":"max-snippet:-1","max-image-preview":"max-image-preview:large","max-video-preview":"max-video-preview:-1"},"canonical":"https:\/\/antderground.com\/de\/produkt\/colobopsis-truncata\/","og_locale":"de_DE","og_type":"article","og_title":"Colobopsis truncata - ANTDERGROUND","og_description":"Entdecken Sie die Ameise Colobopsis truncata, eine sehr sch\u00f6ne europ\u00e4ische Ameise.","og_url":"https:\/\/antderground.com\/de\/produkt\/colobopsis-truncata\/","og_site_name":"ANTDERGROUND","article_modified_time":"2025-06-09T14:44:20+00:00","og_image":[{"width":709,"height":709,"url":"https:\/\/antderground.com\/wp-content\/uploads\/2019\/10\/reina-de-colobopsis-truncata.jpg","type":"image\/jpeg"}],"twitter_card":"summary_large_image","twitter_misc":{"Gesch\u00e4tzte Lesezeit":"1\u00a0Minute"},"schema":{"@context":"https:\/\/schema.org","@graph":[{"@type":"WebPage","@id":"https:\/\/antderground.com\/de\/produkt\/colobopsis-truncata\/","url":"https:\/\/antderground.com\/de\/produkt\/colobopsis-truncata\/","name":"Colobopsis truncata - ANTDERGROUND","isPartOf":{"@id":"https:\/\/antderground.com\/de\/#website"},"primaryImageOfPage":{"@id":"https:\/\/antderground.com\/de\/produkt\/colobopsis-truncata\/#primaryimage"},"image":{"@id":"https:\/\/antderground.com\/de\/produkt\/colobopsis-truncata\/#primaryimage"},"thumbnailUrl":"https:\/\/antderground.com\/wp-content\/uploads\/2019\/10\/reina-de-colobopsis-truncata-2.png.png","datePublished":"2019-10-16T14:05:10+00:00","dateModified":"2025-06-09T14:44:20+00:00","description":"Entdecken Sie die Ameise Colobopsis truncata, eine sehr sch\u00f6ne europ\u00e4ische Ameise.","breadcrumb":{"@id":"https:\/\/antderground.com\/de\/produkt\/colobopsis-truncata\/#breadcrumb"},"inLanguage":"de","potentialAction":[{"@type":"ReadAction","target":["https:\/\/antderground.com\/de\/produkt\/colobopsis-truncata\/"]}]},{"@type":"ImageObject","inLanguage":"de","@id":"https:\/\/antderground.com\/de\/produkt\/colobopsis-truncata\/#primaryimage","url":"https:\/\/antderground.com\/wp-content\/uploads\/2019\/10\/reina-de-colobopsis-truncata-2.png.png","contentUrl":"https:\/\/antderground.com\/wp-content\/uploads\/2019\/10\/reina-de-colobopsis-truncata-2.png.png","width":709,"height":709,"caption":"reina de colobopsis truncata"},{"@type":"BreadcrumbList","@id":"https:\/\/antderground.com\/de\/produkt\/colobopsis-truncata\/#breadcrumb","itemListElement":[{"@type":"ListItem","position":1,"name":"Portada","item":"https:\/\/antderground.com\/de\/"},{"@type":"ListItem","position":2,"name":"Shop","item":"https:\/\/antderground.com\/de\/shop\/"},{"@type":"ListItem","position":3,"name":"Colobopsis truncata"}]},{"@type":"WebSite","@id":"https:\/\/antderground.com\/de\/#website","url":"https:\/\/antderground.com\/de\/","name":"ANTDERGROUND","description":"Tu tienda de hormigas, gran variedad de hormigueros acr\u00edlicos,madera,arena,3D y mas.. Pide tus hormigas gratis con tu pedido, somos expertos en hormigueros antifugas.","publisher":{"@id":"https:\/\/antderground.com\/de\/#\/schema\/person\/0e322c505e84fe72c65e2f6d08f96b81"},"alternateName":"Antderground","potentialAction":[{"@type":"SearchAction","target":{"@type":"EntryPoint","urlTemplate":"https:\/\/antderground.com\/de\/?s={search_term_string}"},"query-input":{"@type":"PropertyValueSpecification","valueRequired":true,"valueName":"search_term_string"}}],"inLanguage":"de"},{"@type":["Person","Organization"],"@id":"https:\/\/antderground.com\/de\/#\/schema\/person\/0e322c505e84fe72c65e2f6d08f96b81","name":"Eric de Antderground","image":{"@type":"ImageObject","inLanguage":"de","@id":"https:\/\/secure.gravatar.com\/avatar\/c49a1b9f79216d1498cb73c1e85cd47f4465dda35f2a94c03790d491bd4423c3?s=96&d=mm&r=g","url":"https:\/\/secure.gravatar.com\/avatar\/c49a1b9f79216d1498cb73c1e85cd47f4465dda35f2a94c03790d491bd4423c3?s=96&d=mm&r=g","contentUrl":"https:\/\/secure.gravatar.com\/avatar\/c49a1b9f79216d1498cb73c1e85cd47f4465dda35f2a94c03790d491bd4423c3?s=96&d=mm&r=g","caption":"Eric de Antderground"},"logo":{"@id":"https:\/\/secure.gravatar.com\/avatar\/c49a1b9f79216d1498cb73c1e85cd47f4465dda35f2a94c03790d491bd4423c3?s=96&d=mm&r=g"},"description":"Eric es el especialista y fundador de Antderground, con una amplia trayectoria en artr\u00f3podos y enfocado en la mirmecolog\u00eda y el dise\u00f1o de hormigueros artificiales. Su enfoque combina la innovaci\u00f3n t\u00e9cnica con el respeto por la biolog\u00eda de las hormigas, is\u00f3podos y otros, desarrollando sistemas de nidos modulares 3D y acr\u00edlicos que son referentes para aficionados y profesionales en toda Europa. Su objetivo es facilitar la cr\u00eda de hormigas y otros artr\u00f3podos mediante soluciones seguras y divulgaci\u00f3n de calidad.","sameAs":["https:\/\/antderground.com\/","https:\/\/www.youtube.com\/channel\/UCio72z7TlbufkAthAJIJfPw"]}]}},"_links":{"self":[{"href":"https:\/\/antderground.com\/de\/wp-json\/wp\/v2\/product\/28706","targetHints":{"allow":["GET"]}}],"collection":[{"href":"https:\/\/antderground.com\/de\/wp-json\/wp\/v2\/product"}],"about":[{"href":"https:\/\/antderground.com\/de\/wp-json\/wp\/v2\/types\/product"}],"version-history":[{"count":0,"href":"https:\/\/antderground.com\/de\/wp-json\/wp\/v2\/product\/28706\/revisions"}],"wp:featuredmedia":[{"embeddable":true,"href":"https:\/\/antderground.com\/de\/wp-json\/wp\/v2\/media\/30012"}],"wp:attachment":[{"href":"https:\/\/antderground.com\/de\/wp-json\/wp\/v2\/media?parent=28706"}],"wp:term":[{"taxonomy":"product_brand","embeddable":true,"href":"https:\/\/antderground.com\/de\/wp-json\/wp\/v2\/product_brand?post=28706"},{"taxonomy":"product_cat","embeddable":true,"href":"https:\/\/antderground.com\/de\/wp-json\/wp\/v2\/product_cat?post=28706"},{"taxonomy":"product_tag","embeddable":true,"href":"https:\/\/antderground.com\/de\/wp-json\/wp\/v2\/product_tag?post=28706"}],"curies":[{"name":"wp","href":"https:\/\/api.w.org\/{rel}","templated":true}]}}