{"id":28774,"date":"2023-06-07T16:22:07","date_gmt":"2023-06-07T14:22:07","guid":{"rendered":"https:\/\/www.antderground.com\/producto\/manica-rubida-konigin\/"},"modified":"2024-06-18T16:48:15","modified_gmt":"2024-06-18T14:48:15","slug":"manica-rubida","status":"publish","type":"product","link":"https:\/\/antderground.com\/de\/produkt\/manica-rubida\/","title":{"rendered":"Manica rubida (K\u00f6nigin)"},"content":{"rendered":"<p><strong>Wissenschaftlicher Name:<\/strong> Manica rubida<\/p>\n<p><strong>Taxonomische Klassifikation:<\/strong> Reich Animalia, Stamm Arthropoda, Klasse Insecta, Ordnung Hymenoptera, Familie Formicidae, Unterfamilie Myrmicinae, Tribus Myrmicini, Gattung Manica.<\/p>\n<p><strong>Verbreitung:<\/strong> Manica rubida kommt haupts\u00e4chlich in Europa vor, einschlie\u00dflich L\u00e4nder wie das Vereinigte K\u00f6nigreich, Frankreich, Deutschland, die Schweiz, Italien und andere europ\u00e4ische L\u00e4nder.<\/p>\n<p><strong>K\u00f6rperliche Merkmale:<\/strong> Manica rubida ist eine mittelgro\u00dfe bis gro\u00dfe Ameise, wobei die Arbeiterinnen eine L\u00e4nge von etwa 6-8 mm aufweisen. Ihr K\u00f6rper ist dunkelrot bis r\u00f6tlich-braun gef\u00e4rbt, mit einem deutlich abgegrenzten Kopf und Hinterleib. Sie haben kr\u00e4ftige Mandibeln und lange, schlanke Beine.<\/p>\n<p><strong>Verhalten:<\/strong> Manica rubida ist eine Ameisenart, die Kolonien mit einem hohen Grad an Organisation bildet. Sie sind bekannt f\u00fcr ihr aggressives und defensives Verhalten. Ihre Nahrung besteht haupts\u00e4chlich aus kleinen Insekten und Bl\u00fctennektar. Sie bauen ihre Nester im Boden und k\u00f6nnen sich schnell auf Nahrungssuche bewegen.<\/p>\n<p><strong>Erhaltungszustand:<\/strong> Es liegen keine spezifischen Informationen zum Erhaltungszustand dieser Art vor.<\/p>\n<p><strong>Zus\u00e4tzliche Anmerkungen:<\/strong> Manica rubida ist eine h\u00e4ufige Ameisenart, die in verschiedenen Lebensr\u00e4umen in Europa vorkommt. Ihre Aggressivit\u00e4t und F\u00e4higkeit, gut organisierte Kolonien zu bilden, sind bemerkenswerte Merkmale. Sie sind oft in offenen Gebieten, Wiesen, W\u00e4ldern und G\u00e4rten zu finden.<\/p>\n","protected":false},"excerpt":{"rendered":"<p>Wissenschaftlicher Name: Manica rubida Taxonomische Klassifikation: Reich Animalia, Stamm Arthropoda, Klasse Insecta, Ordnung Hymenoptera, Familie Formicidae, Unterfamilie Myrmicinae, Tribus Myrmicini,<\/p>\n","protected":false},"featured_media":28765,"template":"","meta":[],"product_brand":[],"product_cat":[495,496],"product_tag":[],"class_list":{"0":"post-28774","1":"product","2":"type-product","3":"status-publish","4":"has-post-thumbnail","6":"product_cat-ameisen","7":"product_cat-europaische-ameisen","9":"first","10":"outofstock","11":"shipping-taxable","12":"purchasable","13":"product-type-variable"},"yoast_head":"<!-- This site is optimized with the Yoast SEO plugin v27.3 - https:\/\/yoast.com\/product\/yoast-seo-wordpress\/ -->\n<title>Manica rubida (K\u00f6nigin) (K\u00f6nigin) - ANTDERGROUND<\/title>\n<meta name=\"description\" content=\"Neue Europ\u00e4ische Ameise (Manica rubida), eine erstaunliche Ameisenk\u00f6nigin. Entdecken Sie weitere Arten europ\u00e4ischer Ameisen in Antderground.\" \/>\n<meta name=\"robots\" content=\"index, follow, max-snippet:-1, max-image-preview:large, max-video-preview:-1\" \/>\n<link rel=\"canonical\" href=\"https:\/\/antderground.com\/de\/produkt\/manica-rubida\/\" \/>\n<meta property=\"og:locale\" content=\"de_DE\" \/>\n<meta property=\"og:type\" content=\"article\" \/>\n<meta property=\"og:title\" content=\"Manica rubida (K\u00f6nigin) (K\u00f6nigin) - ANTDERGROUND\" \/>\n<meta property=\"og:description\" content=\"Neue Europ\u00e4ische Ameise (Manica rubida), eine erstaunliche Ameisenk\u00f6nigin. Entdecken Sie weitere Arten europ\u00e4ischer Ameisen in Antderground.\" \/>\n<meta property=\"og:url\" content=\"https:\/\/antderground.com\/de\/produkt\/manica-rubida\/\" \/>\n<meta property=\"og:site_name\" content=\"ANTDERGROUND\" \/>\n<meta property=\"article:modified_time\" content=\"2024-06-18T14:48:15+00:00\" \/>\n<meta property=\"og:image\" content=\"https:\/\/antderground.com\/wp-content\/uploads\/2023\/06\/Manica-rubida.jpg\" \/>\n\t<meta property=\"og:image:width\" content=\"1417\" \/>\n\t<meta property=\"og:image:height\" content=\"1417\" \/>\n\t<meta property=\"og:image:type\" content=\"image\/jpeg\" \/>\n<meta name=\"twitter:card\" content=\"summary_large_image\" \/>\n<meta name=\"twitter:label1\" content=\"Gesch\u00e4tzte Lesezeit\" \/>\n\t<meta name=\"twitter:data1\" content=\"1\u00a0Minute\" \/>\n<script type=\"application\/ld+json\" class=\"yoast-schema-graph\">{\"@context\":\"https:\\\/\\\/schema.org\",\"@graph\":[{\"@type\":\"WebPage\",\"@id\":\"https:\\\/\\\/antderground.com\\\/de\\\/produkt\\\/manica-rubida\\\/\",\"url\":\"https:\\\/\\\/antderground.com\\\/de\\\/produkt\\\/manica-rubida\\\/\",\"name\":\"Manica rubida (K\u00f6nigin) (K\u00f6nigin) - ANTDERGROUND\",\"isPartOf\":{\"@id\":\"https:\\\/\\\/antderground.com\\\/de\\\/#website\"},\"primaryImageOfPage\":{\"@id\":\"https:\\\/\\\/antderground.com\\\/de\\\/produkt\\\/manica-rubida\\\/#primaryimage\"},\"image\":{\"@id\":\"https:\\\/\\\/antderground.com\\\/de\\\/produkt\\\/manica-rubida\\\/#primaryimage\"},\"thumbnailUrl\":\"https:\\\/\\\/antderground.com\\\/wp-content\\\/uploads\\\/2023\\\/06\\\/Manica-rubida.jpg\",\"datePublished\":\"2023-06-07T14:22:07+00:00\",\"dateModified\":\"2024-06-18T14:48:15+00:00\",\"description\":\"Neue Europ\u00e4ische Ameise (Manica rubida), eine erstaunliche Ameisenk\u00f6nigin. Entdecken Sie weitere Arten europ\u00e4ischer Ameisen in Antderground.\",\"breadcrumb\":{\"@id\":\"https:\\\/\\\/antderground.com\\\/de\\\/produkt\\\/manica-rubida\\\/#breadcrumb\"},\"inLanguage\":\"de\",\"potentialAction\":[{\"@type\":\"ReadAction\",\"target\":[\"https:\\\/\\\/antderground.com\\\/de\\\/produkt\\\/manica-rubida\\\/\"]}]},{\"@type\":\"ImageObject\",\"inLanguage\":\"de\",\"@id\":\"https:\\\/\\\/antderground.com\\\/de\\\/produkt\\\/manica-rubida\\\/#primaryimage\",\"url\":\"https:\\\/\\\/antderground.com\\\/wp-content\\\/uploads\\\/2023\\\/06\\\/Manica-rubida.jpg\",\"contentUrl\":\"https:\\\/\\\/antderground.com\\\/wp-content\\\/uploads\\\/2023\\\/06\\\/Manica-rubida.jpg\",\"width\":1417,\"height\":1417},{\"@type\":\"BreadcrumbList\",\"@id\":\"https:\\\/\\\/antderground.com\\\/de\\\/produkt\\\/manica-rubida\\\/#breadcrumb\",\"itemListElement\":[{\"@type\":\"ListItem\",\"position\":1,\"name\":\"Portada\",\"item\":\"https:\\\/\\\/antderground.com\\\/de\\\/\"},{\"@type\":\"ListItem\",\"position\":2,\"name\":\"Shop\",\"item\":\"https:\\\/\\\/antderground.com\\\/de\\\/shop\\\/\"},{\"@type\":\"ListItem\",\"position\":3,\"name\":\"Manica rubida (K\u00f6nigin)\"}]},{\"@type\":\"WebSite\",\"@id\":\"https:\\\/\\\/antderground.com\\\/de\\\/#website\",\"url\":\"https:\\\/\\\/antderground.com\\\/de\\\/\",\"name\":\"ANTDERGROUND\",\"description\":\"Tu tienda de hormigas, gran variedad de hormigueros acr\u00edlicos,madera,arena,3D y mas.. Pide tus hormigas gratis con tu pedido, somos expertos en hormigueros antifugas.\",\"publisher\":{\"@id\":\"https:\\\/\\\/antderground.com\\\/de\\\/#\\\/schema\\\/person\\\/0e322c505e84fe72c65e2f6d08f96b81\"},\"alternateName\":\"Antderground\",\"potentialAction\":[{\"@type\":\"SearchAction\",\"target\":{\"@type\":\"EntryPoint\",\"urlTemplate\":\"https:\\\/\\\/antderground.com\\\/de\\\/?s={search_term_string}\"},\"query-input\":{\"@type\":\"PropertyValueSpecification\",\"valueRequired\":true,\"valueName\":\"search_term_string\"}}],\"inLanguage\":\"de\"},{\"@type\":[\"Person\",\"Organization\"],\"@id\":\"https:\\\/\\\/antderground.com\\\/de\\\/#\\\/schema\\\/person\\\/0e322c505e84fe72c65e2f6d08f96b81\",\"name\":\"Eric de Antderground\",\"image\":{\"@type\":\"ImageObject\",\"inLanguage\":\"de\",\"@id\":\"https:\\\/\\\/secure.gravatar.com\\\/avatar\\\/c49a1b9f79216d1498cb73c1e85cd47f4465dda35f2a94c03790d491bd4423c3?s=96&d=mm&r=g\",\"url\":\"https:\\\/\\\/secure.gravatar.com\\\/avatar\\\/c49a1b9f79216d1498cb73c1e85cd47f4465dda35f2a94c03790d491bd4423c3?s=96&d=mm&r=g\",\"contentUrl\":\"https:\\\/\\\/secure.gravatar.com\\\/avatar\\\/c49a1b9f79216d1498cb73c1e85cd47f4465dda35f2a94c03790d491bd4423c3?s=96&d=mm&r=g\",\"caption\":\"Eric de Antderground\"},\"logo\":{\"@id\":\"https:\\\/\\\/secure.gravatar.com\\\/avatar\\\/c49a1b9f79216d1498cb73c1e85cd47f4465dda35f2a94c03790d491bd4423c3?s=96&d=mm&r=g\"},\"description\":\"Eric es el especialista y fundador de Antderground, con una amplia trayectoria en artr\u00f3podos y enfocado en la mirmecolog\u00eda y el dise\u00f1o de hormigueros artificiales. Su enfoque combina la innovaci\u00f3n t\u00e9cnica con el respeto por la biolog\u00eda de las hormigas, is\u00f3podos y otros, desarrollando sistemas de nidos modulares 3D y acr\u00edlicos que son referentes para aficionados y profesionales en toda Europa. Su objetivo es facilitar la cr\u00eda de hormigas y otros artr\u00f3podos mediante soluciones seguras y divulgaci\u00f3n de calidad.\",\"sameAs\":[\"https:\\\/\\\/antderground.com\\\/\",\"https:\\\/\\\/www.youtube.com\\\/channel\\\/UCio72z7TlbufkAthAJIJfPw\"]}]}<\/script>\n<!-- \/ Yoast SEO plugin. -->","yoast_head_json":{"title":"Manica rubida (K\u00f6nigin) (K\u00f6nigin) - ANTDERGROUND","description":"Neue Europ\u00e4ische Ameise (Manica rubida), eine erstaunliche Ameisenk\u00f6nigin. Entdecken Sie weitere Arten europ\u00e4ischer Ameisen in Antderground.","robots":{"index":"index","follow":"follow","max-snippet":"max-snippet:-1","max-image-preview":"max-image-preview:large","max-video-preview":"max-video-preview:-1"},"canonical":"https:\/\/antderground.com\/de\/produkt\/manica-rubida\/","og_locale":"de_DE","og_type":"article","og_title":"Manica rubida (K\u00f6nigin) (K\u00f6nigin) - ANTDERGROUND","og_description":"Neue Europ\u00e4ische Ameise (Manica rubida), eine erstaunliche Ameisenk\u00f6nigin. Entdecken Sie weitere Arten europ\u00e4ischer Ameisen in Antderground.","og_url":"https:\/\/antderground.com\/de\/produkt\/manica-rubida\/","og_site_name":"ANTDERGROUND","article_modified_time":"2024-06-18T14:48:15+00:00","og_image":[{"width":1417,"height":1417,"url":"https:\/\/antderground.com\/wp-content\/uploads\/2023\/06\/Manica-rubida.jpg","type":"image\/jpeg"}],"twitter_card":"summary_large_image","twitter_misc":{"Gesch\u00e4tzte Lesezeit":"1\u00a0Minute"},"schema":{"@context":"https:\/\/schema.org","@graph":[{"@type":"WebPage","@id":"https:\/\/antderground.com\/de\/produkt\/manica-rubida\/","url":"https:\/\/antderground.com\/de\/produkt\/manica-rubida\/","name":"Manica rubida (K\u00f6nigin) (K\u00f6nigin) - ANTDERGROUND","isPartOf":{"@id":"https:\/\/antderground.com\/de\/#website"},"primaryImageOfPage":{"@id":"https:\/\/antderground.com\/de\/produkt\/manica-rubida\/#primaryimage"},"image":{"@id":"https:\/\/antderground.com\/de\/produkt\/manica-rubida\/#primaryimage"},"thumbnailUrl":"https:\/\/antderground.com\/wp-content\/uploads\/2023\/06\/Manica-rubida.jpg","datePublished":"2023-06-07T14:22:07+00:00","dateModified":"2024-06-18T14:48:15+00:00","description":"Neue Europ\u00e4ische Ameise (Manica rubida), eine erstaunliche Ameisenk\u00f6nigin. Entdecken Sie weitere Arten europ\u00e4ischer Ameisen in Antderground.","breadcrumb":{"@id":"https:\/\/antderground.com\/de\/produkt\/manica-rubida\/#breadcrumb"},"inLanguage":"de","potentialAction":[{"@type":"ReadAction","target":["https:\/\/antderground.com\/de\/produkt\/manica-rubida\/"]}]},{"@type":"ImageObject","inLanguage":"de","@id":"https:\/\/antderground.com\/de\/produkt\/manica-rubida\/#primaryimage","url":"https:\/\/antderground.com\/wp-content\/uploads\/2023\/06\/Manica-rubida.jpg","contentUrl":"https:\/\/antderground.com\/wp-content\/uploads\/2023\/06\/Manica-rubida.jpg","width":1417,"height":1417},{"@type":"BreadcrumbList","@id":"https:\/\/antderground.com\/de\/produkt\/manica-rubida\/#breadcrumb","itemListElement":[{"@type":"ListItem","position":1,"name":"Portada","item":"https:\/\/antderground.com\/de\/"},{"@type":"ListItem","position":2,"name":"Shop","item":"https:\/\/antderground.com\/de\/shop\/"},{"@type":"ListItem","position":3,"name":"Manica rubida (K\u00f6nigin)"}]},{"@type":"WebSite","@id":"https:\/\/antderground.com\/de\/#website","url":"https:\/\/antderground.com\/de\/","name":"ANTDERGROUND","description":"Tu tienda de hormigas, gran variedad de hormigueros acr\u00edlicos,madera,arena,3D y mas.. Pide tus hormigas gratis con tu pedido, somos expertos en hormigueros antifugas.","publisher":{"@id":"https:\/\/antderground.com\/de\/#\/schema\/person\/0e322c505e84fe72c65e2f6d08f96b81"},"alternateName":"Antderground","potentialAction":[{"@type":"SearchAction","target":{"@type":"EntryPoint","urlTemplate":"https:\/\/antderground.com\/de\/?s={search_term_string}"},"query-input":{"@type":"PropertyValueSpecification","valueRequired":true,"valueName":"search_term_string"}}],"inLanguage":"de"},{"@type":["Person","Organization"],"@id":"https:\/\/antderground.com\/de\/#\/schema\/person\/0e322c505e84fe72c65e2f6d08f96b81","name":"Eric de Antderground","image":{"@type":"ImageObject","inLanguage":"de","@id":"https:\/\/secure.gravatar.com\/avatar\/c49a1b9f79216d1498cb73c1e85cd47f4465dda35f2a94c03790d491bd4423c3?s=96&d=mm&r=g","url":"https:\/\/secure.gravatar.com\/avatar\/c49a1b9f79216d1498cb73c1e85cd47f4465dda35f2a94c03790d491bd4423c3?s=96&d=mm&r=g","contentUrl":"https:\/\/secure.gravatar.com\/avatar\/c49a1b9f79216d1498cb73c1e85cd47f4465dda35f2a94c03790d491bd4423c3?s=96&d=mm&r=g","caption":"Eric de Antderground"},"logo":{"@id":"https:\/\/secure.gravatar.com\/avatar\/c49a1b9f79216d1498cb73c1e85cd47f4465dda35f2a94c03790d491bd4423c3?s=96&d=mm&r=g"},"description":"Eric es el especialista y fundador de Antderground, con una amplia trayectoria en artr\u00f3podos y enfocado en la mirmecolog\u00eda y el dise\u00f1o de hormigueros artificiales. Su enfoque combina la innovaci\u00f3n t\u00e9cnica con el respeto por la biolog\u00eda de las hormigas, is\u00f3podos y otros, desarrollando sistemas de nidos modulares 3D y acr\u00edlicos que son referentes para aficionados y profesionales en toda Europa. Su objetivo es facilitar la cr\u00eda de hormigas y otros artr\u00f3podos mediante soluciones seguras y divulgaci\u00f3n de calidad.","sameAs":["https:\/\/antderground.com\/","https:\/\/www.youtube.com\/channel\/UCio72z7TlbufkAthAJIJfPw"]}]}},"_links":{"self":[{"href":"https:\/\/antderground.com\/de\/wp-json\/wp\/v2\/product\/28774","targetHints":{"allow":["GET"]}}],"collection":[{"href":"https:\/\/antderground.com\/de\/wp-json\/wp\/v2\/product"}],"about":[{"href":"https:\/\/antderground.com\/de\/wp-json\/wp\/v2\/types\/product"}],"version-history":[{"count":0,"href":"https:\/\/antderground.com\/de\/wp-json\/wp\/v2\/product\/28774\/revisions"}],"wp:featuredmedia":[{"embeddable":true,"href":"https:\/\/antderground.com\/de\/wp-json\/wp\/v2\/media\/28765"}],"wp:attachment":[{"href":"https:\/\/antderground.com\/de\/wp-json\/wp\/v2\/media?parent=28774"}],"wp:term":[{"taxonomy":"product_brand","embeddable":true,"href":"https:\/\/antderground.com\/de\/wp-json\/wp\/v2\/product_brand?post=28774"},{"taxonomy":"product_cat","embeddable":true,"href":"https:\/\/antderground.com\/de\/wp-json\/wp\/v2\/product_cat?post=28774"},{"taxonomy":"product_tag","embeddable":true,"href":"https:\/\/antderground.com\/de\/wp-json\/wp\/v2\/product_tag?post=28774"}],"curies":[{"name":"wp","href":"https:\/\/api.w.org\/{rel}","templated":true}]}}