{"id":28970,"date":"2023-06-21T21:02:33","date_gmt":"2023-06-21T19:02:33","guid":{"rendered":"https:\/\/www.antderground.com\/producto\/camponotus-satan\/"},"modified":"2023-07-19T09:44:15","modified_gmt":"2023-07-19T07:44:15","slug":"camponotus-satan","status":"publish","type":"product","link":"https:\/\/antderground.com\/de\/produkt\/camponotus-satan\/","title":{"rendered":"Camponotus satan (K\u00f6niginameise)"},"content":{"rendered":"<p><strong>Wissenschaftlicher Name:<\/strong> Camponotus satan<\/p>\n<p><strong>Taxonomische Klassifikation<\/strong>: Reich Animalia, Stamm Arthropoda, Klasse Insecta, Ordnung Hymenoptera, Familie Formicidae, Unterfamilie Formicinae, Gattung Camponotus.<\/p>\n<p><strong>Verbreitung:<\/strong> Camponotus satan ist in S\u00fcdostasien beheimatet, insbesondere in L\u00e4ndern wie Indonesien, Thailand, Malaysia und den Philippinen, wo sie in tropischen und subtropischen Regionen vorkommt.<\/p>\n<p><strong>K\u00f6rperliche Merkmale:<\/strong> Camponotus satan ist eine gro\u00dfe Ameise, wobei die Arbeiterinnen in der Regel eine L\u00e4nge von 10 bis 15 mm aufweisen. Ihr K\u00f6rper ist in der Regel schwarz oder dunkelbraun, und sie hat einen gro\u00dfen Kopf und starke Mandibeln. Diese Art hat ein einsch\u00fcchterndes Erscheinungsbild aufgrund ihrer Gr\u00f6\u00dfe und k\u00f6rperlichen Merkmale.<\/p>\n<p><strong>Verhalten:<\/strong> Camponotus satan ist f\u00fcr ihr aggressives und defensives Verhalten bekannt. Bei Bedrohung kann sie aggressiv sein und ihr Territorium und ihre Kolonie energisch verteidigen. Sie baut ihre Nester im Boden oder in Holz und ern\u00e4hrt sich von verschiedenen Nahrungsquellen, einschlie\u00dflich Nektar, Insekten und anderen kleinen Wirbellosen.<\/p>\n<p><strong>Erhaltungszustand:<\/strong> Es liegen keine spezifischen Informationen zum Erhaltungszustand dieser Art vor.<\/p>\n<p><strong>Zus\u00e4tzliche Anmerkungen:<\/strong> Camponotus satan ist eine interessante Ameisenart aufgrund ihrer Gr\u00f6\u00dfe und ihres aggressiven Verhaltens. Der wissenschaftliche Name &#8220;satan&#8221; bezieht sich auf ihr einsch\u00fcchterndes Aussehen. Diese Ameise spielt eine wichtige \u00f6kologische Rolle in den \u00d6kosystemen S\u00fcdostasiens und wird innerhalb der Ameisenwelt als bedeutsam angesehen.<\/p>\n","protected":false},"excerpt":{"rendered":"<p>K\u00f6niginameise<\/p>\n","protected":false},"featured_media":29053,"template":"","meta":[],"product_brand":[],"product_cat":[495,497],"product_tag":[],"class_list":{"0":"post-28970","1":"product","2":"type-product","3":"status-publish","4":"has-post-thumbnail","6":"product_cat-ameisen","7":"product_cat-exotische-ameisen","9":"first","10":"outofstock","11":"shipping-taxable","12":"purchasable","13":"product-type-simple"},"yoast_head":"<!-- This site is optimized with the Yoast SEO plugin v27.4 - https:\/\/yoast.com\/product\/yoast-seo-wordpress\/ -->\n<title>Camponotus satan (K\u00f6niginameise) - ANTDERGROUND<\/title>\n<meta name=\"description\" content=\"Entdecken Sie diese Ameisenk\u00f6nigin (Camponotus Satan). Eine in Asien beheimatete Ameise. Entdecken Sie Myrmekologie mit authentischen exotischen Ameisen. Ameisenfarm\" \/>\n<meta name=\"robots\" content=\"index, follow, max-snippet:-1, max-image-preview:large, max-video-preview:-1\" \/>\n<link rel=\"canonical\" href=\"https:\/\/antderground.com\/de\/produkt\/camponotus-satan\/\" \/>\n<meta property=\"og:locale\" content=\"de_DE\" \/>\n<meta property=\"og:type\" content=\"article\" \/>\n<meta property=\"og:title\" content=\"Camponotus satan (K\u00f6niginameise) - ANTDERGROUND\" \/>\n<meta property=\"og:description\" content=\"Entdecken Sie diese Ameisenk\u00f6nigin (Camponotus Satan). Eine in Asien beheimatete Ameise. Entdecken Sie Myrmekologie mit authentischen exotischen Ameisen. Ameisenfarm\" \/>\n<meta property=\"og:url\" content=\"https:\/\/antderground.com\/de\/produkt\/camponotus-satan\/\" \/>\n<meta property=\"og:site_name\" content=\"ANTDERGROUND\" \/>\n<meta property=\"article:modified_time\" content=\"2023-07-19T07:44:15+00:00\" \/>\n<meta property=\"og:image\" content=\"https:\/\/antderground.com\/wp-content\/uploads\/2023\/06\/camponotus-satan-bona2.png\" \/>\n\t<meta property=\"og:image:width\" content=\"900\" \/>\n\t<meta property=\"og:image:height\" content=\"900\" \/>\n\t<meta property=\"og:image:type\" content=\"image\/png\" \/>\n<meta name=\"twitter:card\" content=\"summary_large_image\" \/>\n<meta name=\"twitter:label1\" content=\"Gesch\u00e4tzte Lesezeit\" \/>\n\t<meta name=\"twitter:data1\" content=\"1\u00a0Minute\" \/>\n<script type=\"application\/ld+json\" class=\"yoast-schema-graph\">{\"@context\":\"https:\\\/\\\/schema.org\",\"@graph\":[{\"@type\":\"WebPage\",\"@id\":\"https:\\\/\\\/antderground.com\\\/de\\\/produkt\\\/camponotus-satan\\\/\",\"url\":\"https:\\\/\\\/antderground.com\\\/de\\\/produkt\\\/camponotus-satan\\\/\",\"name\":\"Camponotus satan (K\u00f6niginameise) - ANTDERGROUND\",\"isPartOf\":{\"@id\":\"https:\\\/\\\/antderground.com\\\/de\\\/#website\"},\"primaryImageOfPage\":{\"@id\":\"https:\\\/\\\/antderground.com\\\/de\\\/produkt\\\/camponotus-satan\\\/#primaryimage\"},\"image\":{\"@id\":\"https:\\\/\\\/antderground.com\\\/de\\\/produkt\\\/camponotus-satan\\\/#primaryimage\"},\"thumbnailUrl\":\"https:\\\/\\\/antderground.com\\\/wp-content\\\/uploads\\\/2023\\\/06\\\/Camponotus-satan.jpg\",\"datePublished\":\"2023-06-21T19:02:33+00:00\",\"dateModified\":\"2023-07-19T07:44:15+00:00\",\"description\":\"Entdecken Sie diese Ameisenk\u00f6nigin (Camponotus Satan). Eine in Asien beheimatete Ameise. Entdecken Sie Myrmekologie mit authentischen exotischen Ameisen. Ameisenfarm\",\"breadcrumb\":{\"@id\":\"https:\\\/\\\/antderground.com\\\/de\\\/produkt\\\/camponotus-satan\\\/#breadcrumb\"},\"inLanguage\":\"de\",\"potentialAction\":[{\"@type\":\"ReadAction\",\"target\":[\"https:\\\/\\\/antderground.com\\\/de\\\/produkt\\\/camponotus-satan\\\/\"]}]},{\"@type\":\"ImageObject\",\"inLanguage\":\"de\",\"@id\":\"https:\\\/\\\/antderground.com\\\/de\\\/produkt\\\/camponotus-satan\\\/#primaryimage\",\"url\":\"https:\\\/\\\/antderground.com\\\/wp-content\\\/uploads\\\/2023\\\/06\\\/Camponotus-satan.jpg\",\"contentUrl\":\"https:\\\/\\\/antderground.com\\\/wp-content\\\/uploads\\\/2023\\\/06\\\/Camponotus-satan.jpg\",\"width\":1417,\"height\":1417},{\"@type\":\"BreadcrumbList\",\"@id\":\"https:\\\/\\\/antderground.com\\\/de\\\/produkt\\\/camponotus-satan\\\/#breadcrumb\",\"itemListElement\":[{\"@type\":\"ListItem\",\"position\":1,\"name\":\"Portada\",\"item\":\"https:\\\/\\\/antderground.com\\\/de\\\/\"},{\"@type\":\"ListItem\",\"position\":2,\"name\":\"Shop\",\"item\":\"https:\\\/\\\/antderground.com\\\/de\\\/shop\\\/\"},{\"@type\":\"ListItem\",\"position\":3,\"name\":\"Camponotus satan (K\u00f6niginameise)\"}]},{\"@type\":\"WebSite\",\"@id\":\"https:\\\/\\\/antderground.com\\\/de\\\/#website\",\"url\":\"https:\\\/\\\/antderground.com\\\/de\\\/\",\"name\":\"ANTDERGROUND\",\"description\":\"Tu tienda de hormigas, gran variedad de hormigueros acr\u00edlicos,madera,arena,3D y mas.. Pide tus hormigas gratis con tu pedido, somos expertos en hormigueros antifugas.\",\"publisher\":{\"@id\":\"https:\\\/\\\/antderground.com\\\/de\\\/#\\\/schema\\\/person\\\/0e322c505e84fe72c65e2f6d08f96b81\"},\"alternateName\":\"Antderground\",\"potentialAction\":[{\"@type\":\"SearchAction\",\"target\":{\"@type\":\"EntryPoint\",\"urlTemplate\":\"https:\\\/\\\/antderground.com\\\/de\\\/?s={search_term_string}\"},\"query-input\":{\"@type\":\"PropertyValueSpecification\",\"valueRequired\":true,\"valueName\":\"search_term_string\"}}],\"inLanguage\":\"de\"},{\"@type\":[\"Person\",\"Organization\"],\"@id\":\"https:\\\/\\\/antderground.com\\\/de\\\/#\\\/schema\\\/person\\\/0e322c505e84fe72c65e2f6d08f96b81\",\"name\":\"Eric de Antderground\",\"image\":{\"@type\":\"ImageObject\",\"inLanguage\":\"de\",\"@id\":\"https:\\\/\\\/secure.gravatar.com\\\/avatar\\\/c49a1b9f79216d1498cb73c1e85cd47f4465dda35f2a94c03790d491bd4423c3?s=96&d=mm&r=g\",\"url\":\"https:\\\/\\\/secure.gravatar.com\\\/avatar\\\/c49a1b9f79216d1498cb73c1e85cd47f4465dda35f2a94c03790d491bd4423c3?s=96&d=mm&r=g\",\"contentUrl\":\"https:\\\/\\\/secure.gravatar.com\\\/avatar\\\/c49a1b9f79216d1498cb73c1e85cd47f4465dda35f2a94c03790d491bd4423c3?s=96&d=mm&r=g\",\"caption\":\"Eric de Antderground\"},\"logo\":{\"@id\":\"https:\\\/\\\/secure.gravatar.com\\\/avatar\\\/c49a1b9f79216d1498cb73c1e85cd47f4465dda35f2a94c03790d491bd4423c3?s=96&d=mm&r=g\"},\"description\":\"Eric es el especialista y fundador de Antderground, con una amplia trayectoria en artr\u00f3podos y enfocado en la mirmecolog\u00eda y el dise\u00f1o de hormigueros artificiales. Su enfoque combina la innovaci\u00f3n t\u00e9cnica con el respeto por la biolog\u00eda de las hormigas, is\u00f3podos y otros, desarrollando sistemas de nidos modulares 3D y acr\u00edlicos que son referentes para aficionados y profesionales en toda Europa. Su objetivo es facilitar la cr\u00eda de hormigas y otros artr\u00f3podos mediante soluciones seguras y divulgaci\u00f3n de calidad.\",\"sameAs\":[\"https:\\\/\\\/antderground.com\\\/\",\"https:\\\/\\\/www.youtube.com\\\/channel\\\/UCio72z7TlbufkAthAJIJfPw\"]}]}<\/script>\n<!-- \/ Yoast SEO plugin. -->","yoast_head_json":{"title":"Camponotus satan (K\u00f6niginameise) - ANTDERGROUND","description":"Entdecken Sie diese Ameisenk\u00f6nigin (Camponotus Satan). Eine in Asien beheimatete Ameise. Entdecken Sie Myrmekologie mit authentischen exotischen Ameisen. Ameisenfarm","robots":{"index":"index","follow":"follow","max-snippet":"max-snippet:-1","max-image-preview":"max-image-preview:large","max-video-preview":"max-video-preview:-1"},"canonical":"https:\/\/antderground.com\/de\/produkt\/camponotus-satan\/","og_locale":"de_DE","og_type":"article","og_title":"Camponotus satan (K\u00f6niginameise) - ANTDERGROUND","og_description":"Entdecken Sie diese Ameisenk\u00f6nigin (Camponotus Satan). Eine in Asien beheimatete Ameise. Entdecken Sie Myrmekologie mit authentischen exotischen Ameisen. Ameisenfarm","og_url":"https:\/\/antderground.com\/de\/produkt\/camponotus-satan\/","og_site_name":"ANTDERGROUND","article_modified_time":"2023-07-19T07:44:15+00:00","og_image":[{"width":900,"height":900,"url":"https:\/\/antderground.com\/wp-content\/uploads\/2023\/06\/camponotus-satan-bona2.png","type":"image\/png"}],"twitter_card":"summary_large_image","twitter_misc":{"Gesch\u00e4tzte Lesezeit":"1\u00a0Minute"},"schema":{"@context":"https:\/\/schema.org","@graph":[{"@type":"WebPage","@id":"https:\/\/antderground.com\/de\/produkt\/camponotus-satan\/","url":"https:\/\/antderground.com\/de\/produkt\/camponotus-satan\/","name":"Camponotus satan (K\u00f6niginameise) - ANTDERGROUND","isPartOf":{"@id":"https:\/\/antderground.com\/de\/#website"},"primaryImageOfPage":{"@id":"https:\/\/antderground.com\/de\/produkt\/camponotus-satan\/#primaryimage"},"image":{"@id":"https:\/\/antderground.com\/de\/produkt\/camponotus-satan\/#primaryimage"},"thumbnailUrl":"https:\/\/antderground.com\/wp-content\/uploads\/2023\/06\/Camponotus-satan.jpg","datePublished":"2023-06-21T19:02:33+00:00","dateModified":"2023-07-19T07:44:15+00:00","description":"Entdecken Sie diese Ameisenk\u00f6nigin (Camponotus Satan). Eine in Asien beheimatete Ameise. Entdecken Sie Myrmekologie mit authentischen exotischen Ameisen. Ameisenfarm","breadcrumb":{"@id":"https:\/\/antderground.com\/de\/produkt\/camponotus-satan\/#breadcrumb"},"inLanguage":"de","potentialAction":[{"@type":"ReadAction","target":["https:\/\/antderground.com\/de\/produkt\/camponotus-satan\/"]}]},{"@type":"ImageObject","inLanguage":"de","@id":"https:\/\/antderground.com\/de\/produkt\/camponotus-satan\/#primaryimage","url":"https:\/\/antderground.com\/wp-content\/uploads\/2023\/06\/Camponotus-satan.jpg","contentUrl":"https:\/\/antderground.com\/wp-content\/uploads\/2023\/06\/Camponotus-satan.jpg","width":1417,"height":1417},{"@type":"BreadcrumbList","@id":"https:\/\/antderground.com\/de\/produkt\/camponotus-satan\/#breadcrumb","itemListElement":[{"@type":"ListItem","position":1,"name":"Portada","item":"https:\/\/antderground.com\/de\/"},{"@type":"ListItem","position":2,"name":"Shop","item":"https:\/\/antderground.com\/de\/shop\/"},{"@type":"ListItem","position":3,"name":"Camponotus satan (K\u00f6niginameise)"}]},{"@type":"WebSite","@id":"https:\/\/antderground.com\/de\/#website","url":"https:\/\/antderground.com\/de\/","name":"ANTDERGROUND","description":"Tu tienda de hormigas, gran variedad de hormigueros acr\u00edlicos,madera,arena,3D y mas.. Pide tus hormigas gratis con tu pedido, somos expertos en hormigueros antifugas.","publisher":{"@id":"https:\/\/antderground.com\/de\/#\/schema\/person\/0e322c505e84fe72c65e2f6d08f96b81"},"alternateName":"Antderground","potentialAction":[{"@type":"SearchAction","target":{"@type":"EntryPoint","urlTemplate":"https:\/\/antderground.com\/de\/?s={search_term_string}"},"query-input":{"@type":"PropertyValueSpecification","valueRequired":true,"valueName":"search_term_string"}}],"inLanguage":"de"},{"@type":["Person","Organization"],"@id":"https:\/\/antderground.com\/de\/#\/schema\/person\/0e322c505e84fe72c65e2f6d08f96b81","name":"Eric de Antderground","image":{"@type":"ImageObject","inLanguage":"de","@id":"https:\/\/secure.gravatar.com\/avatar\/c49a1b9f79216d1498cb73c1e85cd47f4465dda35f2a94c03790d491bd4423c3?s=96&d=mm&r=g","url":"https:\/\/secure.gravatar.com\/avatar\/c49a1b9f79216d1498cb73c1e85cd47f4465dda35f2a94c03790d491bd4423c3?s=96&d=mm&r=g","contentUrl":"https:\/\/secure.gravatar.com\/avatar\/c49a1b9f79216d1498cb73c1e85cd47f4465dda35f2a94c03790d491bd4423c3?s=96&d=mm&r=g","caption":"Eric de Antderground"},"logo":{"@id":"https:\/\/secure.gravatar.com\/avatar\/c49a1b9f79216d1498cb73c1e85cd47f4465dda35f2a94c03790d491bd4423c3?s=96&d=mm&r=g"},"description":"Eric es el especialista y fundador de Antderground, con una amplia trayectoria en artr\u00f3podos y enfocado en la mirmecolog\u00eda y el dise\u00f1o de hormigueros artificiales. Su enfoque combina la innovaci\u00f3n t\u00e9cnica con el respeto por la biolog\u00eda de las hormigas, is\u00f3podos y otros, desarrollando sistemas de nidos modulares 3D y acr\u00edlicos que son referentes para aficionados y profesionales en toda Europa. Su objetivo es facilitar la cr\u00eda de hormigas y otros artr\u00f3podos mediante soluciones seguras y divulgaci\u00f3n de calidad.","sameAs":["https:\/\/antderground.com\/","https:\/\/www.youtube.com\/channel\/UCio72z7TlbufkAthAJIJfPw"]}]}},"_links":{"self":[{"href":"https:\/\/antderground.com\/de\/wp-json\/wp\/v2\/product\/28970","targetHints":{"allow":["GET"]}}],"collection":[{"href":"https:\/\/antderground.com\/de\/wp-json\/wp\/v2\/product"}],"about":[{"href":"https:\/\/antderground.com\/de\/wp-json\/wp\/v2\/types\/product"}],"version-history":[{"count":0,"href":"https:\/\/antderground.com\/de\/wp-json\/wp\/v2\/product\/28970\/revisions"}],"wp:featuredmedia":[{"embeddable":true,"href":"https:\/\/antderground.com\/de\/wp-json\/wp\/v2\/media\/29053"}],"wp:attachment":[{"href":"https:\/\/antderground.com\/de\/wp-json\/wp\/v2\/media?parent=28970"}],"wp:term":[{"taxonomy":"product_brand","embeddable":true,"href":"https:\/\/antderground.com\/de\/wp-json\/wp\/v2\/product_brand?post=28970"},{"taxonomy":"product_cat","embeddable":true,"href":"https:\/\/antderground.com\/de\/wp-json\/wp\/v2\/product_cat?post=28970"},{"taxonomy":"product_tag","embeddable":true,"href":"https:\/\/antderground.com\/de\/wp-json\/wp\/v2\/product_tag?post=28970"}],"curies":[{"name":"wp","href":"https:\/\/api.w.org\/{rel}","templated":true}]}}