{"id":29844,"date":"2023-08-22T15:23:43","date_gmt":"2023-08-22T13:23:43","guid":{"rendered":"https:\/\/www.antderground.com\/producto\/pogonomyrmex-wheeleri\/"},"modified":"2023-10-18T21:57:01","modified_gmt":"2023-10-18T19:57:01","slug":"pogonomyrmex-wheeleri","status":"publish","type":"product","link":"https:\/\/antderground.com\/de\/produkt\/pogonomyrmex-wheeleri\/","title":{"rendered":"Pogonomyrmex wheeleri (K\u00f6nigin)"},"content":{"rendered":"<p><strong>Wissenschaftlicher Name:<\/strong> Pogonomyrmex wheeleri<\/p>\n<p><strong>Taxonomische Klassifikation:<\/strong><\/p>\n<ul>\n<li style=\"list-style-type: none;\">\n<ul>\n<li style=\"list-style-type: none;\">\n<ul>\n<li>Reich: Animalia<\/li>\n<li>Stamm: Arthropoda<\/li>\n<li>Klasse: Insecta<\/li>\n<li>Ordnung: Hymenoptera<\/li>\n<li>Familie: Formicidae<\/li>\n<li>Unterfamilie: Myrmicinae<\/li>\n<li>Gattung: Pogonomyrmex<\/li>\n<li>Art: P. wheeleri<\/li>\n<\/ul>\n<\/li>\n<\/ul>\n<\/li>\n<\/ul>\n<p><strong>Geografische Verbreitung:<\/strong> Pogonomyrmex wheeleri kommt in Nordamerika vor, genauer gesagt in W\u00fcsten- und halbariden Regionen des S\u00fcdwestens der Vereinigten Staaten und im Norden Mexikos.<\/p>\n<p><strong>Physische Merkmale:<\/strong> Die Arbeiterinnen von Pogonomyrmex wheeleri sind mittelgro\u00df und haben L\u00e4ngen von 5 bis 10 mm. Sie haben einen kr\u00e4ftigen K\u00f6rper und eine Farbgebung, die von braun bis schwarz variieren kann. Sie haben in der Regel starke und markante Mandibeln.<\/p>\n<p><strong>Verhalten:<\/strong> Pogonomyrmex wheeleri ist f\u00fcr ihr aggressives und defensives Verhalten bekannt. Es handelt sich um Erntefl\u00e4chenameisen, die Samen und andere Pflanzenmaterialien sammeln, um sie in ihren Nestern zu lagern. Diese Ameisen bauen gro\u00dfe H\u00fcgel um die Eing\u00e4nge ihrer Nester, was zur Regulation der Temperatur im Inneren beitr\u00e4gt.<\/p>\n<p><strong>Erhaltungszustand:<\/strong> Es liegen keine spezifischen Informationen zum Erhaltungszustand von Pogonomyrmex wheeleri vor.<\/p>\n<p><strong>Weitere Anmerkungen:<\/strong> Pogonomyrmex wheeleri ist eine wichtige Art in W\u00fcsten\u00f6kosystemen, da ihr Sammeln von Samen die Vegetation und andere Aspekte der W\u00fcsten\u00f6kologie beeinflussen kann. Ihr Verteidigungsverhalten und der charakteristische H\u00fcgelbau machen sie in der Erforschung von Arteninteraktionen in diesen Umgebungen bemerkenswert.<\/p>\n","protected":false},"excerpt":{"rendered":"<p>K\u00f6niginameise<\/p>\n","protected":false},"featured_media":29834,"template":"","meta":[],"product_brand":[],"product_cat":[495,497],"product_tag":[],"class_list":{"0":"post-29844","1":"product","2":"type-product","3":"status-publish","4":"has-post-thumbnail","6":"product_cat-ameisen","7":"product_cat-exotische-ameisen","9":"first","10":"outofstock","11":"shipping-taxable","12":"purchasable","13":"product-type-simple"},"yoast_head":"<!-- This site is optimized with the Yoast SEO plugin v27.4 - https:\/\/yoast.com\/product\/yoast-seo-wordpress\/ -->\n<title>Pogonomyrmex wheeleri (K\u00f6niginameise) - ANTDERGROUND<\/title>\n<meta name=\"description\" content=\"Entdecken Sie die Ameisenk\u00f6nigin Pogonomyrmex Wheeleri, eine Ameise aus Nordamerika. Eine exotische und robuste Ameise. Ameisenhaufen und Terrarien.\" \/>\n<meta name=\"robots\" content=\"index, follow, max-snippet:-1, max-image-preview:large, max-video-preview:-1\" \/>\n<link rel=\"canonical\" href=\"https:\/\/antderground.com\/de\/produkt\/pogonomyrmex-wheeleri\/\" \/>\n<meta property=\"og:locale\" content=\"de_DE\" \/>\n<meta property=\"og:type\" content=\"article\" \/>\n<meta property=\"og:title\" content=\"Pogonomyrmex wheeleri (K\u00f6niginameise) - ANTDERGROUND\" \/>\n<meta property=\"og:description\" content=\"Entdecken Sie die Ameisenk\u00f6nigin Pogonomyrmex Wheeleri, eine Ameise aus Nordamerika. Eine exotische und robuste Ameise. Ameisenhaufen und Terrarien.\" \/>\n<meta property=\"og:url\" content=\"https:\/\/antderground.com\/de\/produkt\/pogonomyrmex-wheeleri\/\" \/>\n<meta property=\"og:site_name\" content=\"ANTDERGROUND\" \/>\n<meta property=\"article:modified_time\" content=\"2023-10-18T19:57:01+00:00\" \/>\n<meta property=\"og:image\" content=\"https:\/\/antderground.com\/wp-content\/uploads\/2023\/08\/Pogonomyrmex-wheeleri.jpg\" \/>\n\t<meta property=\"og:image:width\" content=\"1417\" \/>\n\t<meta property=\"og:image:height\" content=\"1417\" \/>\n\t<meta property=\"og:image:type\" content=\"image\/jpeg\" \/>\n<meta name=\"twitter:card\" content=\"summary_large_image\" \/>\n<meta name=\"twitter:label1\" content=\"Gesch\u00e4tzte Lesezeit\" \/>\n\t<meta name=\"twitter:data1\" content=\"1\u00a0Minute\" \/>\n<script type=\"application\/ld+json\" class=\"yoast-schema-graph\">{\"@context\":\"https:\\\/\\\/schema.org\",\"@graph\":[{\"@type\":\"WebPage\",\"@id\":\"https:\\\/\\\/antderground.com\\\/de\\\/produkt\\\/pogonomyrmex-wheeleri\\\/\",\"url\":\"https:\\\/\\\/antderground.com\\\/de\\\/produkt\\\/pogonomyrmex-wheeleri\\\/\",\"name\":\"Pogonomyrmex wheeleri (K\u00f6niginameise) - ANTDERGROUND\",\"isPartOf\":{\"@id\":\"https:\\\/\\\/antderground.com\\\/de\\\/#website\"},\"primaryImageOfPage\":{\"@id\":\"https:\\\/\\\/antderground.com\\\/de\\\/produkt\\\/pogonomyrmex-wheeleri\\\/#primaryimage\"},\"image\":{\"@id\":\"https:\\\/\\\/antderground.com\\\/de\\\/produkt\\\/pogonomyrmex-wheeleri\\\/#primaryimage\"},\"thumbnailUrl\":\"https:\\\/\\\/antderground.com\\\/wp-content\\\/uploads\\\/2023\\\/08\\\/Pogonomyrmex-wheeleri.jpg\",\"datePublished\":\"2023-08-22T13:23:43+00:00\",\"dateModified\":\"2023-10-18T19:57:01+00:00\",\"description\":\"Entdecken Sie die Ameisenk\u00f6nigin Pogonomyrmex Wheeleri, eine Ameise aus Nordamerika. Eine exotische und robuste Ameise. Ameisenhaufen und Terrarien.\",\"breadcrumb\":{\"@id\":\"https:\\\/\\\/antderground.com\\\/de\\\/produkt\\\/pogonomyrmex-wheeleri\\\/#breadcrumb\"},\"inLanguage\":\"de\",\"potentialAction\":[{\"@type\":\"ReadAction\",\"target\":[\"https:\\\/\\\/antderground.com\\\/de\\\/produkt\\\/pogonomyrmex-wheeleri\\\/\"]}]},{\"@type\":\"ImageObject\",\"inLanguage\":\"de\",\"@id\":\"https:\\\/\\\/antderground.com\\\/de\\\/produkt\\\/pogonomyrmex-wheeleri\\\/#primaryimage\",\"url\":\"https:\\\/\\\/antderground.com\\\/wp-content\\\/uploads\\\/2023\\\/08\\\/Pogonomyrmex-wheeleri.jpg\",\"contentUrl\":\"https:\\\/\\\/antderground.com\\\/wp-content\\\/uploads\\\/2023\\\/08\\\/Pogonomyrmex-wheeleri.jpg\",\"width\":1417,\"height\":1417,\"caption\":\"K\u00f6niginameise Pogonomyrmex wheeleri\"},{\"@type\":\"BreadcrumbList\",\"@id\":\"https:\\\/\\\/antderground.com\\\/de\\\/produkt\\\/pogonomyrmex-wheeleri\\\/#breadcrumb\",\"itemListElement\":[{\"@type\":\"ListItem\",\"position\":1,\"name\":\"Portada\",\"item\":\"https:\\\/\\\/antderground.com\\\/de\\\/\"},{\"@type\":\"ListItem\",\"position\":2,\"name\":\"Shop\",\"item\":\"https:\\\/\\\/antderground.com\\\/de\\\/shop\\\/\"},{\"@type\":\"ListItem\",\"position\":3,\"name\":\"Pogonomyrmex wheeleri (K\u00f6nigin)\"}]},{\"@type\":\"WebSite\",\"@id\":\"https:\\\/\\\/antderground.com\\\/de\\\/#website\",\"url\":\"https:\\\/\\\/antderground.com\\\/de\\\/\",\"name\":\"ANTDERGROUND\",\"description\":\"Tu tienda de hormigas, gran variedad de hormigueros acr\u00edlicos,madera,arena,3D y mas.. Pide tus hormigas gratis con tu pedido, somos expertos en hormigueros antifugas.\",\"publisher\":{\"@id\":\"https:\\\/\\\/antderground.com\\\/de\\\/#\\\/schema\\\/person\\\/0e322c505e84fe72c65e2f6d08f96b81\"},\"alternateName\":\"Antderground\",\"potentialAction\":[{\"@type\":\"SearchAction\",\"target\":{\"@type\":\"EntryPoint\",\"urlTemplate\":\"https:\\\/\\\/antderground.com\\\/de\\\/?s={search_term_string}\"},\"query-input\":{\"@type\":\"PropertyValueSpecification\",\"valueRequired\":true,\"valueName\":\"search_term_string\"}}],\"inLanguage\":\"de\"},{\"@type\":[\"Person\",\"Organization\"],\"@id\":\"https:\\\/\\\/antderground.com\\\/de\\\/#\\\/schema\\\/person\\\/0e322c505e84fe72c65e2f6d08f96b81\",\"name\":\"Eric de Antderground\",\"image\":{\"@type\":\"ImageObject\",\"inLanguage\":\"de\",\"@id\":\"https:\\\/\\\/secure.gravatar.com\\\/avatar\\\/c49a1b9f79216d1498cb73c1e85cd47f4465dda35f2a94c03790d491bd4423c3?s=96&d=mm&r=g\",\"url\":\"https:\\\/\\\/secure.gravatar.com\\\/avatar\\\/c49a1b9f79216d1498cb73c1e85cd47f4465dda35f2a94c03790d491bd4423c3?s=96&d=mm&r=g\",\"contentUrl\":\"https:\\\/\\\/secure.gravatar.com\\\/avatar\\\/c49a1b9f79216d1498cb73c1e85cd47f4465dda35f2a94c03790d491bd4423c3?s=96&d=mm&r=g\",\"caption\":\"Eric de Antderground\"},\"logo\":{\"@id\":\"https:\\\/\\\/secure.gravatar.com\\\/avatar\\\/c49a1b9f79216d1498cb73c1e85cd47f4465dda35f2a94c03790d491bd4423c3?s=96&d=mm&r=g\"},\"description\":\"Eric es el especialista y fundador de Antderground, con una amplia trayectoria en artr\u00f3podos y enfocado en la mirmecolog\u00eda y el dise\u00f1o de hormigueros artificiales. Su enfoque combina la innovaci\u00f3n t\u00e9cnica con el respeto por la biolog\u00eda de las hormigas, is\u00f3podos y otros, desarrollando sistemas de nidos modulares 3D y acr\u00edlicos que son referentes para aficionados y profesionales en toda Europa. Su objetivo es facilitar la cr\u00eda de hormigas y otros artr\u00f3podos mediante soluciones seguras y divulgaci\u00f3n de calidad.\",\"sameAs\":[\"https:\\\/\\\/antderground.com\\\/\",\"https:\\\/\\\/www.youtube.com\\\/channel\\\/UCio72z7TlbufkAthAJIJfPw\"]}]}<\/script>\n<!-- \/ Yoast SEO plugin. -->","yoast_head_json":{"title":"Pogonomyrmex wheeleri (K\u00f6niginameise) - ANTDERGROUND","description":"Entdecken Sie die Ameisenk\u00f6nigin Pogonomyrmex Wheeleri, eine Ameise aus Nordamerika. Eine exotische und robuste Ameise. Ameisenhaufen und Terrarien.","robots":{"index":"index","follow":"follow","max-snippet":"max-snippet:-1","max-image-preview":"max-image-preview:large","max-video-preview":"max-video-preview:-1"},"canonical":"https:\/\/antderground.com\/de\/produkt\/pogonomyrmex-wheeleri\/","og_locale":"de_DE","og_type":"article","og_title":"Pogonomyrmex wheeleri (K\u00f6niginameise) - ANTDERGROUND","og_description":"Entdecken Sie die Ameisenk\u00f6nigin Pogonomyrmex Wheeleri, eine Ameise aus Nordamerika. Eine exotische und robuste Ameise. Ameisenhaufen und Terrarien.","og_url":"https:\/\/antderground.com\/de\/produkt\/pogonomyrmex-wheeleri\/","og_site_name":"ANTDERGROUND","article_modified_time":"2023-10-18T19:57:01+00:00","og_image":[{"width":1417,"height":1417,"url":"https:\/\/antderground.com\/wp-content\/uploads\/2023\/08\/Pogonomyrmex-wheeleri.jpg","type":"image\/jpeg"}],"twitter_card":"summary_large_image","twitter_misc":{"Gesch\u00e4tzte Lesezeit":"1\u00a0Minute"},"schema":{"@context":"https:\/\/schema.org","@graph":[{"@type":"WebPage","@id":"https:\/\/antderground.com\/de\/produkt\/pogonomyrmex-wheeleri\/","url":"https:\/\/antderground.com\/de\/produkt\/pogonomyrmex-wheeleri\/","name":"Pogonomyrmex wheeleri (K\u00f6niginameise) - ANTDERGROUND","isPartOf":{"@id":"https:\/\/antderground.com\/de\/#website"},"primaryImageOfPage":{"@id":"https:\/\/antderground.com\/de\/produkt\/pogonomyrmex-wheeleri\/#primaryimage"},"image":{"@id":"https:\/\/antderground.com\/de\/produkt\/pogonomyrmex-wheeleri\/#primaryimage"},"thumbnailUrl":"https:\/\/antderground.com\/wp-content\/uploads\/2023\/08\/Pogonomyrmex-wheeleri.jpg","datePublished":"2023-08-22T13:23:43+00:00","dateModified":"2023-10-18T19:57:01+00:00","description":"Entdecken Sie die Ameisenk\u00f6nigin Pogonomyrmex Wheeleri, eine Ameise aus Nordamerika. Eine exotische und robuste Ameise. Ameisenhaufen und Terrarien.","breadcrumb":{"@id":"https:\/\/antderground.com\/de\/produkt\/pogonomyrmex-wheeleri\/#breadcrumb"},"inLanguage":"de","potentialAction":[{"@type":"ReadAction","target":["https:\/\/antderground.com\/de\/produkt\/pogonomyrmex-wheeleri\/"]}]},{"@type":"ImageObject","inLanguage":"de","@id":"https:\/\/antderground.com\/de\/produkt\/pogonomyrmex-wheeleri\/#primaryimage","url":"https:\/\/antderground.com\/wp-content\/uploads\/2023\/08\/Pogonomyrmex-wheeleri.jpg","contentUrl":"https:\/\/antderground.com\/wp-content\/uploads\/2023\/08\/Pogonomyrmex-wheeleri.jpg","width":1417,"height":1417,"caption":"K\u00f6niginameise Pogonomyrmex wheeleri"},{"@type":"BreadcrumbList","@id":"https:\/\/antderground.com\/de\/produkt\/pogonomyrmex-wheeleri\/#breadcrumb","itemListElement":[{"@type":"ListItem","position":1,"name":"Portada","item":"https:\/\/antderground.com\/de\/"},{"@type":"ListItem","position":2,"name":"Shop","item":"https:\/\/antderground.com\/de\/shop\/"},{"@type":"ListItem","position":3,"name":"Pogonomyrmex wheeleri (K\u00f6nigin)"}]},{"@type":"WebSite","@id":"https:\/\/antderground.com\/de\/#website","url":"https:\/\/antderground.com\/de\/","name":"ANTDERGROUND","description":"Tu tienda de hormigas, gran variedad de hormigueros acr\u00edlicos,madera,arena,3D y mas.. Pide tus hormigas gratis con tu pedido, somos expertos en hormigueros antifugas.","publisher":{"@id":"https:\/\/antderground.com\/de\/#\/schema\/person\/0e322c505e84fe72c65e2f6d08f96b81"},"alternateName":"Antderground","potentialAction":[{"@type":"SearchAction","target":{"@type":"EntryPoint","urlTemplate":"https:\/\/antderground.com\/de\/?s={search_term_string}"},"query-input":{"@type":"PropertyValueSpecification","valueRequired":true,"valueName":"search_term_string"}}],"inLanguage":"de"},{"@type":["Person","Organization"],"@id":"https:\/\/antderground.com\/de\/#\/schema\/person\/0e322c505e84fe72c65e2f6d08f96b81","name":"Eric de Antderground","image":{"@type":"ImageObject","inLanguage":"de","@id":"https:\/\/secure.gravatar.com\/avatar\/c49a1b9f79216d1498cb73c1e85cd47f4465dda35f2a94c03790d491bd4423c3?s=96&d=mm&r=g","url":"https:\/\/secure.gravatar.com\/avatar\/c49a1b9f79216d1498cb73c1e85cd47f4465dda35f2a94c03790d491bd4423c3?s=96&d=mm&r=g","contentUrl":"https:\/\/secure.gravatar.com\/avatar\/c49a1b9f79216d1498cb73c1e85cd47f4465dda35f2a94c03790d491bd4423c3?s=96&d=mm&r=g","caption":"Eric de Antderground"},"logo":{"@id":"https:\/\/secure.gravatar.com\/avatar\/c49a1b9f79216d1498cb73c1e85cd47f4465dda35f2a94c03790d491bd4423c3?s=96&d=mm&r=g"},"description":"Eric es el especialista y fundador de Antderground, con una amplia trayectoria en artr\u00f3podos y enfocado en la mirmecolog\u00eda y el dise\u00f1o de hormigueros artificiales. Su enfoque combina la innovaci\u00f3n t\u00e9cnica con el respeto por la biolog\u00eda de las hormigas, is\u00f3podos y otros, desarrollando sistemas de nidos modulares 3D y acr\u00edlicos que son referentes para aficionados y profesionales en toda Europa. Su objetivo es facilitar la cr\u00eda de hormigas y otros artr\u00f3podos mediante soluciones seguras y divulgaci\u00f3n de calidad.","sameAs":["https:\/\/antderground.com\/","https:\/\/www.youtube.com\/channel\/UCio72z7TlbufkAthAJIJfPw"]}]}},"_links":{"self":[{"href":"https:\/\/antderground.com\/de\/wp-json\/wp\/v2\/product\/29844","targetHints":{"allow":["GET"]}}],"collection":[{"href":"https:\/\/antderground.com\/de\/wp-json\/wp\/v2\/product"}],"about":[{"href":"https:\/\/antderground.com\/de\/wp-json\/wp\/v2\/types\/product"}],"version-history":[{"count":0,"href":"https:\/\/antderground.com\/de\/wp-json\/wp\/v2\/product\/29844\/revisions"}],"wp:featuredmedia":[{"embeddable":true,"href":"https:\/\/antderground.com\/de\/wp-json\/wp\/v2\/media\/29834"}],"wp:attachment":[{"href":"https:\/\/antderground.com\/de\/wp-json\/wp\/v2\/media?parent=29844"}],"wp:term":[{"taxonomy":"product_brand","embeddable":true,"href":"https:\/\/antderground.com\/de\/wp-json\/wp\/v2\/product_brand?post=29844"},{"taxonomy":"product_cat","embeddable":true,"href":"https:\/\/antderground.com\/de\/wp-json\/wp\/v2\/product_cat?post=29844"},{"taxonomy":"product_tag","embeddable":true,"href":"https:\/\/antderground.com\/de\/wp-json\/wp\/v2\/product_tag?post=29844"}],"curies":[{"name":"wp","href":"https:\/\/api.w.org\/{rel}","templated":true}]}}