{"id":30058,"date":"2023-09-08T17:31:19","date_gmt":"2023-09-08T15:31:19","guid":{"rendered":"https:\/\/www.antderground.com\/producto\/kit-ameisentranke-3-stuck-20-ml\/"},"modified":"2023-09-09T00:30:57","modified_gmt":"2023-09-08T22:30:57","slug":"kit-ameisentranke-3-stuck-20-ml","status":"publish","type":"product","link":"https:\/\/antderground.com\/de\/produkt\/kit-ameisentranke-3-stuck-20-ml\/","title":{"rendered":"Kit Ameisentr\u00e4nke 3 St\u00fcck (20 ml). (Verschiedene Farben)"},"content":{"rendered":"","protected":false},"excerpt":{"rendered":"<p>Pack aus 3 Tr\u00e4nken f\u00fcr Ameisen mit jeweils 20 ml Fassungsverm\u00f6gen. Perfekte Tr\u00e4nken f\u00fcr Ihr Terrarium oder Ihr Ameisenfarm. Diese Version der Tr\u00e4nken verf\u00fcgt \u00fcber ein Edelstahlgitter, um das Auslaufen von Fl\u00fcssigkeit zu verhindern.<\/p>\n<p><strong>Eigenschaften:<\/strong><br \/>\nTransparenter Plastikbeh\u00e4lter\/Flasche.<br \/>\nFassungsverm\u00f6gen: 20 ml.<br \/>\nGitter: Edelstahl.<br \/>\nFarben: Rot (Rosa), Gelb, Blau.<br \/>\nAnzahl: 3 Tr\u00e4nken.<\/p>\n","protected":false},"featured_media":30041,"template":"","meta":[],"product_brand":[],"product_cat":[514,525],"product_tag":[],"class_list":{"0":"post-30058","1":"product","2":"type-product","3":"status-publish","4":"has-post-thumbnail","6":"product_cat-zubehor","7":"product_cat-tranken-und-futtertroge","9":"first","10":"instock","11":"shipping-taxable","12":"purchasable","13":"product-type-variable"},"yoast_head":"<!-- This site is optimized with the Yoast SEO plugin v27.4 - https:\/\/yoast.com\/product\/yoast-seo-wordpress\/ -->\n<title>Kit Ameisentr\u00e4nke 3 St\u00fcck (20 ml) - ANTDERGROUND<\/title>\n<meta name=\"description\" content=\"Neues Set von 3 Ameisentr\u00e4nken (20 ml). Ideale Hochleistungs-Tr\u00e4nken, ein perfektes Hydrationssystem f\u00fcr Ameisenfarmen und Terrarien.\" \/>\n<meta name=\"robots\" content=\"index, follow, max-snippet:-1, max-image-preview:large, max-video-preview:-1\" \/>\n<link rel=\"canonical\" href=\"https:\/\/antderground.com\/de\/produkt\/kit-ameisentranke-3-stuck-20-ml\/\" \/>\n<meta property=\"og:locale\" content=\"de_DE\" \/>\n<meta property=\"og:type\" content=\"article\" \/>\n<meta property=\"og:title\" content=\"Kit Ameisentr\u00e4nke 3 St\u00fcck (20 ml) - ANTDERGROUND\" \/>\n<meta property=\"og:description\" content=\"Neues Set von 3 Ameisentr\u00e4nken (20 ml). Ideale Hochleistungs-Tr\u00e4nken, ein perfektes Hydrationssystem f\u00fcr Ameisenfarmen und Terrarien.\" \/>\n<meta property=\"og:url\" content=\"https:\/\/antderground.com\/de\/produkt\/kit-ameisentranke-3-stuck-20-ml\/\" \/>\n<meta property=\"og:site_name\" content=\"ANTDERGROUND\" \/>\n<meta property=\"article:modified_time\" content=\"2023-09-08T22:30:57+00:00\" \/>\n<meta property=\"og:image\" content=\"https:\/\/antderground.com\/wp-content\/uploads\/2023\/09\/1694206351671.jpg\" \/>\n\t<meta property=\"og:image:width\" content=\"1417\" \/>\n\t<meta property=\"og:image:height\" content=\"1417\" \/>\n\t<meta property=\"og:image:type\" content=\"image\/jpeg\" \/>\n<meta name=\"twitter:card\" content=\"summary_large_image\" \/>\n<script type=\"application\/ld+json\" class=\"yoast-schema-graph\">{\"@context\":\"https:\\\/\\\/schema.org\",\"@graph\":[{\"@type\":\"WebPage\",\"@id\":\"https:\\\/\\\/antderground.com\\\/de\\\/produkt\\\/kit-ameisentranke-3-stuck-20-ml\\\/\",\"url\":\"https:\\\/\\\/antderground.com\\\/de\\\/produkt\\\/kit-ameisentranke-3-stuck-20-ml\\\/\",\"name\":\"Kit Ameisentr\u00e4nke 3 St\u00fcck (20 ml) - ANTDERGROUND\",\"isPartOf\":{\"@id\":\"https:\\\/\\\/antderground.com\\\/de\\\/#website\"},\"primaryImageOfPage\":{\"@id\":\"https:\\\/\\\/antderground.com\\\/de\\\/produkt\\\/kit-ameisentranke-3-stuck-20-ml\\\/#primaryimage\"},\"image\":{\"@id\":\"https:\\\/\\\/antderground.com\\\/de\\\/produkt\\\/kit-ameisentranke-3-stuck-20-ml\\\/#primaryimage\"},\"thumbnailUrl\":\"https:\\\/\\\/antderground.com\\\/wp-content\\\/uploads\\\/2023\\\/09\\\/1694206351671.jpg\",\"datePublished\":\"2023-09-08T15:31:19+00:00\",\"dateModified\":\"2023-09-08T22:30:57+00:00\",\"description\":\"Neues Set von 3 Ameisentr\u00e4nken (20 ml). Ideale Hochleistungs-Tr\u00e4nken, ein perfektes Hydrationssystem f\u00fcr Ameisenfarmen und Terrarien.\",\"breadcrumb\":{\"@id\":\"https:\\\/\\\/antderground.com\\\/de\\\/produkt\\\/kit-ameisentranke-3-stuck-20-ml\\\/#breadcrumb\"},\"inLanguage\":\"de\",\"potentialAction\":[{\"@type\":\"ReadAction\",\"target\":[\"https:\\\/\\\/antderground.com\\\/de\\\/produkt\\\/kit-ameisentranke-3-stuck-20-ml\\\/\"]}]},{\"@type\":\"ImageObject\",\"inLanguage\":\"de\",\"@id\":\"https:\\\/\\\/antderground.com\\\/de\\\/produkt\\\/kit-ameisentranke-3-stuck-20-ml\\\/#primaryimage\",\"url\":\"https:\\\/\\\/antderground.com\\\/wp-content\\\/uploads\\\/2023\\\/09\\\/1694206351671.jpg\",\"contentUrl\":\"https:\\\/\\\/antderground.com\\\/wp-content\\\/uploads\\\/2023\\\/09\\\/1694206351671.jpg\",\"width\":1417,\"height\":1417,\"caption\":\"Kit Ameisentr\u00e4nke 3 St\u00fcck (20 ml). (Verschiedene Farben)\"},{\"@type\":\"BreadcrumbList\",\"@id\":\"https:\\\/\\\/antderground.com\\\/de\\\/produkt\\\/kit-ameisentranke-3-stuck-20-ml\\\/#breadcrumb\",\"itemListElement\":[{\"@type\":\"ListItem\",\"position\":1,\"name\":\"Portada\",\"item\":\"https:\\\/\\\/antderground.com\\\/de\\\/\"},{\"@type\":\"ListItem\",\"position\":2,\"name\":\"Shop\",\"item\":\"https:\\\/\\\/antderground.com\\\/de\\\/shop\\\/\"},{\"@type\":\"ListItem\",\"position\":3,\"name\":\"Kit Ameisentr\u00e4nke 3 St\u00fcck (20 ml). (Verschiedene Farben)\"}]},{\"@type\":\"WebSite\",\"@id\":\"https:\\\/\\\/antderground.com\\\/de\\\/#website\",\"url\":\"https:\\\/\\\/antderground.com\\\/de\\\/\",\"name\":\"ANTDERGROUND\",\"description\":\"Tu tienda de hormigas, gran variedad de hormigueros acr\u00edlicos,madera,arena,3D y mas.. Pide tus hormigas gratis con tu pedido, somos expertos en hormigueros antifugas.\",\"publisher\":{\"@id\":\"https:\\\/\\\/antderground.com\\\/de\\\/#\\\/schema\\\/person\\\/0e322c505e84fe72c65e2f6d08f96b81\"},\"alternateName\":\"Antderground\",\"potentialAction\":[{\"@type\":\"SearchAction\",\"target\":{\"@type\":\"EntryPoint\",\"urlTemplate\":\"https:\\\/\\\/antderground.com\\\/de\\\/?s={search_term_string}\"},\"query-input\":{\"@type\":\"PropertyValueSpecification\",\"valueRequired\":true,\"valueName\":\"search_term_string\"}}],\"inLanguage\":\"de\"},{\"@type\":[\"Person\",\"Organization\"],\"@id\":\"https:\\\/\\\/antderground.com\\\/de\\\/#\\\/schema\\\/person\\\/0e322c505e84fe72c65e2f6d08f96b81\",\"name\":\"Eric de Antderground\",\"image\":{\"@type\":\"ImageObject\",\"inLanguage\":\"de\",\"@id\":\"https:\\\/\\\/secure.gravatar.com\\\/avatar\\\/c49a1b9f79216d1498cb73c1e85cd47f4465dda35f2a94c03790d491bd4423c3?s=96&d=mm&r=g\",\"url\":\"https:\\\/\\\/secure.gravatar.com\\\/avatar\\\/c49a1b9f79216d1498cb73c1e85cd47f4465dda35f2a94c03790d491bd4423c3?s=96&d=mm&r=g\",\"contentUrl\":\"https:\\\/\\\/secure.gravatar.com\\\/avatar\\\/c49a1b9f79216d1498cb73c1e85cd47f4465dda35f2a94c03790d491bd4423c3?s=96&d=mm&r=g\",\"caption\":\"Eric de Antderground\"},\"logo\":{\"@id\":\"https:\\\/\\\/secure.gravatar.com\\\/avatar\\\/c49a1b9f79216d1498cb73c1e85cd47f4465dda35f2a94c03790d491bd4423c3?s=96&d=mm&r=g\"},\"description\":\"Eric es el especialista y fundador de Antderground, con una amplia trayectoria en artr\u00f3podos y enfocado en la mirmecolog\u00eda y el dise\u00f1o de hormigueros artificiales. Su enfoque combina la innovaci\u00f3n t\u00e9cnica con el respeto por la biolog\u00eda de las hormigas, is\u00f3podos y otros, desarrollando sistemas de nidos modulares 3D y acr\u00edlicos que son referentes para aficionados y profesionales en toda Europa. Su objetivo es facilitar la cr\u00eda de hormigas y otros artr\u00f3podos mediante soluciones seguras y divulgaci\u00f3n de calidad.\",\"sameAs\":[\"https:\\\/\\\/antderground.com\\\/\",\"https:\\\/\\\/www.youtube.com\\\/channel\\\/UCio72z7TlbufkAthAJIJfPw\"]}]}<\/script>\n<!-- \/ Yoast SEO plugin. -->","yoast_head_json":{"title":"Kit Ameisentr\u00e4nke 3 St\u00fcck (20 ml) - ANTDERGROUND","description":"Neues Set von 3 Ameisentr\u00e4nken (20 ml). Ideale Hochleistungs-Tr\u00e4nken, ein perfektes Hydrationssystem f\u00fcr Ameisenfarmen und Terrarien.","robots":{"index":"index","follow":"follow","max-snippet":"max-snippet:-1","max-image-preview":"max-image-preview:large","max-video-preview":"max-video-preview:-1"},"canonical":"https:\/\/antderground.com\/de\/produkt\/kit-ameisentranke-3-stuck-20-ml\/","og_locale":"de_DE","og_type":"article","og_title":"Kit Ameisentr\u00e4nke 3 St\u00fcck (20 ml) - ANTDERGROUND","og_description":"Neues Set von 3 Ameisentr\u00e4nken (20 ml). Ideale Hochleistungs-Tr\u00e4nken, ein perfektes Hydrationssystem f\u00fcr Ameisenfarmen und Terrarien.","og_url":"https:\/\/antderground.com\/de\/produkt\/kit-ameisentranke-3-stuck-20-ml\/","og_site_name":"ANTDERGROUND","article_modified_time":"2023-09-08T22:30:57+00:00","og_image":[{"width":1417,"height":1417,"url":"https:\/\/antderground.com\/wp-content\/uploads\/2023\/09\/1694206351671.jpg","type":"image\/jpeg"}],"twitter_card":"summary_large_image","schema":{"@context":"https:\/\/schema.org","@graph":[{"@type":"WebPage","@id":"https:\/\/antderground.com\/de\/produkt\/kit-ameisentranke-3-stuck-20-ml\/","url":"https:\/\/antderground.com\/de\/produkt\/kit-ameisentranke-3-stuck-20-ml\/","name":"Kit Ameisentr\u00e4nke 3 St\u00fcck (20 ml) - ANTDERGROUND","isPartOf":{"@id":"https:\/\/antderground.com\/de\/#website"},"primaryImageOfPage":{"@id":"https:\/\/antderground.com\/de\/produkt\/kit-ameisentranke-3-stuck-20-ml\/#primaryimage"},"image":{"@id":"https:\/\/antderground.com\/de\/produkt\/kit-ameisentranke-3-stuck-20-ml\/#primaryimage"},"thumbnailUrl":"https:\/\/antderground.com\/wp-content\/uploads\/2023\/09\/1694206351671.jpg","datePublished":"2023-09-08T15:31:19+00:00","dateModified":"2023-09-08T22:30:57+00:00","description":"Neues Set von 3 Ameisentr\u00e4nken (20 ml). Ideale Hochleistungs-Tr\u00e4nken, ein perfektes Hydrationssystem f\u00fcr Ameisenfarmen und Terrarien.","breadcrumb":{"@id":"https:\/\/antderground.com\/de\/produkt\/kit-ameisentranke-3-stuck-20-ml\/#breadcrumb"},"inLanguage":"de","potentialAction":[{"@type":"ReadAction","target":["https:\/\/antderground.com\/de\/produkt\/kit-ameisentranke-3-stuck-20-ml\/"]}]},{"@type":"ImageObject","inLanguage":"de","@id":"https:\/\/antderground.com\/de\/produkt\/kit-ameisentranke-3-stuck-20-ml\/#primaryimage","url":"https:\/\/antderground.com\/wp-content\/uploads\/2023\/09\/1694206351671.jpg","contentUrl":"https:\/\/antderground.com\/wp-content\/uploads\/2023\/09\/1694206351671.jpg","width":1417,"height":1417,"caption":"Kit Ameisentr\u00e4nke 3 St\u00fcck (20 ml). (Verschiedene Farben)"},{"@type":"BreadcrumbList","@id":"https:\/\/antderground.com\/de\/produkt\/kit-ameisentranke-3-stuck-20-ml\/#breadcrumb","itemListElement":[{"@type":"ListItem","position":1,"name":"Portada","item":"https:\/\/antderground.com\/de\/"},{"@type":"ListItem","position":2,"name":"Shop","item":"https:\/\/antderground.com\/de\/shop\/"},{"@type":"ListItem","position":3,"name":"Kit Ameisentr\u00e4nke 3 St\u00fcck (20 ml). (Verschiedene Farben)"}]},{"@type":"WebSite","@id":"https:\/\/antderground.com\/de\/#website","url":"https:\/\/antderground.com\/de\/","name":"ANTDERGROUND","description":"Tu tienda de hormigas, gran variedad de hormigueros acr\u00edlicos,madera,arena,3D y mas.. Pide tus hormigas gratis con tu pedido, somos expertos en hormigueros antifugas.","publisher":{"@id":"https:\/\/antderground.com\/de\/#\/schema\/person\/0e322c505e84fe72c65e2f6d08f96b81"},"alternateName":"Antderground","potentialAction":[{"@type":"SearchAction","target":{"@type":"EntryPoint","urlTemplate":"https:\/\/antderground.com\/de\/?s={search_term_string}"},"query-input":{"@type":"PropertyValueSpecification","valueRequired":true,"valueName":"search_term_string"}}],"inLanguage":"de"},{"@type":["Person","Organization"],"@id":"https:\/\/antderground.com\/de\/#\/schema\/person\/0e322c505e84fe72c65e2f6d08f96b81","name":"Eric de Antderground","image":{"@type":"ImageObject","inLanguage":"de","@id":"https:\/\/secure.gravatar.com\/avatar\/c49a1b9f79216d1498cb73c1e85cd47f4465dda35f2a94c03790d491bd4423c3?s=96&d=mm&r=g","url":"https:\/\/secure.gravatar.com\/avatar\/c49a1b9f79216d1498cb73c1e85cd47f4465dda35f2a94c03790d491bd4423c3?s=96&d=mm&r=g","contentUrl":"https:\/\/secure.gravatar.com\/avatar\/c49a1b9f79216d1498cb73c1e85cd47f4465dda35f2a94c03790d491bd4423c3?s=96&d=mm&r=g","caption":"Eric de Antderground"},"logo":{"@id":"https:\/\/secure.gravatar.com\/avatar\/c49a1b9f79216d1498cb73c1e85cd47f4465dda35f2a94c03790d491bd4423c3?s=96&d=mm&r=g"},"description":"Eric es el especialista y fundador de Antderground, con una amplia trayectoria en artr\u00f3podos y enfocado en la mirmecolog\u00eda y el dise\u00f1o de hormigueros artificiales. Su enfoque combina la innovaci\u00f3n t\u00e9cnica con el respeto por la biolog\u00eda de las hormigas, is\u00f3podos y otros, desarrollando sistemas de nidos modulares 3D y acr\u00edlicos que son referentes para aficionados y profesionales en toda Europa. Su objetivo es facilitar la cr\u00eda de hormigas y otros artr\u00f3podos mediante soluciones seguras y divulgaci\u00f3n de calidad.","sameAs":["https:\/\/antderground.com\/","https:\/\/www.youtube.com\/channel\/UCio72z7TlbufkAthAJIJfPw"]}]}},"_links":{"self":[{"href":"https:\/\/antderground.com\/de\/wp-json\/wp\/v2\/product\/30058","targetHints":{"allow":["GET"]}}],"collection":[{"href":"https:\/\/antderground.com\/de\/wp-json\/wp\/v2\/product"}],"about":[{"href":"https:\/\/antderground.com\/de\/wp-json\/wp\/v2\/types\/product"}],"version-history":[{"count":0,"href":"https:\/\/antderground.com\/de\/wp-json\/wp\/v2\/product\/30058\/revisions"}],"wp:featuredmedia":[{"embeddable":true,"href":"https:\/\/antderground.com\/de\/wp-json\/wp\/v2\/media\/30041"}],"wp:attachment":[{"href":"https:\/\/antderground.com\/de\/wp-json\/wp\/v2\/media?parent=30058"}],"wp:term":[{"taxonomy":"product_brand","embeddable":true,"href":"https:\/\/antderground.com\/de\/wp-json\/wp\/v2\/product_brand?post=30058"},{"taxonomy":"product_cat","embeddable":true,"href":"https:\/\/antderground.com\/de\/wp-json\/wp\/v2\/product_cat?post=30058"},{"taxonomy":"product_tag","embeddable":true,"href":"https:\/\/antderground.com\/de\/wp-json\/wp\/v2\/product_tag?post=30058"}],"curies":[{"name":"wp","href":"https:\/\/api.w.org\/{rel}","templated":true}]}}