{"id":30459,"date":"2023-10-10T12:08:30","date_gmt":"2023-10-10T10:08:30","guid":{"rendered":"https:\/\/www.antderground.com\/producto\/erstelle-dein-ameisennest-ytong\/"},"modified":"2023-11-30T23:00:06","modified_gmt":"2023-11-30T22:00:06","slug":"erstelle-dein-ameisennest-ytong","status":"publish","type":"product","link":"https:\/\/antderground.com\/de\/produkt\/erstelle-dein-ameisennest-ytong\/","title":{"rendered":"Erstelle dein Ameisennest (Ytong)"},"content":{"rendered":"<h2>Denken Sie daran, Ihr Ameisennest zu erstellen?<\/h2>\n<p>Ja? Gro\u00dfartig! Dieses Ameisennest wurde entwickelt, damit Sie Ihre eigenen Galerien erstellen k\u00f6nnen.<\/p>\n<h3>Vorteile beim Erstellen Ihres Ameisennests (Ytong) in Ihrem eigenen Stil!<\/h3>\n<ul>\n<li>Individuelles Design<\/li>\n<li>Ersatzteile sind verf\u00fcgbar, falls Fehler auftreten<\/li>\n<li>Leicht zu bearbeiten (Ytong-Material)<\/li>\n<li>Zwei Verbindungen (Sie k\u00f6nnen Steckverbinder verwenden oder benutzerdefinierte Verbindungen erstellen).<\/li>\n<\/ul>\n<h4>Gibt es Ersatzteile f\u00fcr alle Teile des Ameisennests?<\/h4>\n<p>Ja! Ersatzteile f\u00fcr die Struktur und den Ytong sind verf\u00fcgbar!<\/p>\n<h5>Kann es mit anderen Ameisennestern oder Futtersuchbereichen verbunden werden?<\/h5>\n<p>Ja! Es kann mit allen unseren Antderground-Produkten mit den Steckverbindern verbunden werden. Wenn Sie es mit inoffiziellen Versionen verbinden m\u00f6chten, m\u00fcssen Sie andere L\u00f6sungen finden. \u00dcbrigens bietet Antderground jetzt auch Rohrsteckverbinder an, die Sie im Steckverbinderbereich unseres Gesch\u00e4fts finden k\u00f6nnen, um Ihnen mehr Verbindungsoptionen zu bieten.<\/p>\n<ul>\n<li>Es wird mit einem Schwamm geliefert, falls Sie es als Feuchtigkeitssystem verwenden m\u00f6chten.<\/li>\n<\/ul>\n<p><strong>**Wichtig:<\/strong> Es ist kein Spielzeug! Eine Aufsicht durch einen Erwachsenen ist jederzeit wichtig. Es k\u00f6nnen kleine Teile wie Schrauben und andere Materialien enthalten sein!**<\/p>\n","protected":false},"excerpt":{"rendered":"<p>Dein Ameisennest! Dein Design! Erstelle deine eigenen G\u00e4nge mit diesem fantastischen Ameisennest aus Ytong, einfach zu schnitzen und deine eigenen G\u00e4nge zu gestalten. Es gibt auch Ytong-Ersatzteile, f\u00fcr den Fall, dass dir das Design nicht mehr gef\u00e4llt oder du einen Fehler gemacht hast.<\/p>\n<p><strong>Eigenschaften: <\/strong><br \/>\nInnen: 8&#215;8 cm (Nistbereich).<br \/>\nAu\u00dfen: 10&#215;8 cm.<br \/>\nVerbindungen: 2.<br \/>\nMaterial: PLA (3D) \/ Ytong.<br \/>\nFarbe: Gr\u00fcn \/ Ytong (Grau).<br \/>\nRote Abdeckung: Ja (in Rot).<\/p>\n","protected":false},"featured_media":30453,"template":"","meta":[],"product_brand":[],"product_cat":[504,556],"product_tag":[],"class_list":{"0":"post-30459","1":"product","2":"type-product","3":"status-publish","4":"has-post-thumbnail","6":"product_cat-ameisennester","7":"product_cat-ytong-ameisennester","9":"first","10":"instock","11":"shipping-taxable","12":"purchasable","13":"product-type-simple"},"yoast_head":"<!-- This site is optimized with the Yoast SEO plugin v27.3 - https:\/\/yoast.com\/product\/yoast-seo-wordpress\/ -->\n<title>Erstelle dein Ameisennest (Ytong) - ANTDERGROUND<\/title>\n<meta name=\"description\" content=\"Dein Ameisennest! Dein Design! Gestalte die G\u00e4nge deines Ytong-Ameisennests selbst! Ma\u00dfgeschneiderte und professionelle Ameisennester! Dein selbstgemachtes Ameisennest von Antderground.\" \/>\n<meta name=\"robots\" content=\"index, follow, max-snippet:-1, max-image-preview:large, max-video-preview:-1\" \/>\n<link rel=\"canonical\" href=\"https:\/\/antderground.com\/de\/produkt\/erstelle-dein-ameisennest-ytong\/\" \/>\n<meta property=\"og:locale\" content=\"de_DE\" \/>\n<meta property=\"og:type\" content=\"article\" \/>\n<meta property=\"og:title\" content=\"Erstelle dein Ameisennest (Ytong) - ANTDERGROUND\" \/>\n<meta property=\"og:description\" content=\"Dein Ameisennest! Dein Design! Gestalte die G\u00e4nge deines Ytong-Ameisennests selbst! Ma\u00dfgeschneiderte und professionelle Ameisennester! Dein selbstgemachtes Ameisennest von Antderground.\" \/>\n<meta property=\"og:url\" content=\"https:\/\/antderground.com\/de\/produkt\/erstelle-dein-ameisennest-ytong\/\" \/>\n<meta property=\"og:site_name\" content=\"ANTDERGROUND\" \/>\n<meta property=\"article:modified_time\" content=\"2023-11-30T22:00:06+00:00\" \/>\n<meta property=\"og:image\" content=\"https:\/\/antderground.com\/wp-content\/uploads\/2023\/10\/crea-tu-hormiguero-ytong.png\" \/>\n\t<meta property=\"og:image:width\" content=\"540\" \/>\n\t<meta property=\"og:image:height\" content=\"540\" \/>\n\t<meta property=\"og:image:type\" content=\"image\/png\" \/>\n<meta name=\"twitter:card\" content=\"summary_large_image\" \/>\n<meta name=\"twitter:label1\" content=\"Gesch\u00e4tzte Lesezeit\" \/>\n\t<meta name=\"twitter:data1\" content=\"1\u00a0Minute\" \/>\n<script type=\"application\/ld+json\" class=\"yoast-schema-graph\">{\"@context\":\"https:\\\/\\\/schema.org\",\"@graph\":[{\"@type\":\"WebPage\",\"@id\":\"https:\\\/\\\/antderground.com\\\/de\\\/produkt\\\/erstelle-dein-ameisennest-ytong\\\/\",\"url\":\"https:\\\/\\\/antderground.com\\\/de\\\/produkt\\\/erstelle-dein-ameisennest-ytong\\\/\",\"name\":\"Erstelle dein Ameisennest (Ytong) - ANTDERGROUND\",\"isPartOf\":{\"@id\":\"https:\\\/\\\/antderground.com\\\/de\\\/#website\"},\"primaryImageOfPage\":{\"@id\":\"https:\\\/\\\/antderground.com\\\/de\\\/produkt\\\/erstelle-dein-ameisennest-ytong\\\/#primaryimage\"},\"image\":{\"@id\":\"https:\\\/\\\/antderground.com\\\/de\\\/produkt\\\/erstelle-dein-ameisennest-ytong\\\/#primaryimage\"},\"thumbnailUrl\":\"https:\\\/\\\/antderground.com\\\/wp-content\\\/uploads\\\/2023\\\/10\\\/crea-tu-hormiguero-ytong.png\",\"datePublished\":\"2023-10-10T10:08:30+00:00\",\"dateModified\":\"2023-11-30T22:00:06+00:00\",\"description\":\"Dein Ameisennest! Dein Design! Gestalte die G\u00e4nge deines Ytong-Ameisennests selbst! Ma\u00dfgeschneiderte und professionelle Ameisennester! Dein selbstgemachtes Ameisennest von Antderground.\",\"breadcrumb\":{\"@id\":\"https:\\\/\\\/antderground.com\\\/de\\\/produkt\\\/erstelle-dein-ameisennest-ytong\\\/#breadcrumb\"},\"inLanguage\":\"de\",\"potentialAction\":[{\"@type\":\"ReadAction\",\"target\":[\"https:\\\/\\\/antderground.com\\\/de\\\/produkt\\\/erstelle-dein-ameisennest-ytong\\\/\"]}]},{\"@type\":\"ImageObject\",\"inLanguage\":\"de\",\"@id\":\"https:\\\/\\\/antderground.com\\\/de\\\/produkt\\\/erstelle-dein-ameisennest-ytong\\\/#primaryimage\",\"url\":\"https:\\\/\\\/antderground.com\\\/wp-content\\\/uploads\\\/2023\\\/10\\\/crea-tu-hormiguero-ytong.png\",\"contentUrl\":\"https:\\\/\\\/antderground.com\\\/wp-content\\\/uploads\\\/2023\\\/10\\\/crea-tu-hormiguero-ytong.png\",\"width\":540,\"height\":540},{\"@type\":\"BreadcrumbList\",\"@id\":\"https:\\\/\\\/antderground.com\\\/de\\\/produkt\\\/erstelle-dein-ameisennest-ytong\\\/#breadcrumb\",\"itemListElement\":[{\"@type\":\"ListItem\",\"position\":1,\"name\":\"Portada\",\"item\":\"https:\\\/\\\/antderground.com\\\/de\\\/\"},{\"@type\":\"ListItem\",\"position\":2,\"name\":\"Shop\",\"item\":\"https:\\\/\\\/antderground.com\\\/de\\\/shop\\\/\"},{\"@type\":\"ListItem\",\"position\":3,\"name\":\"Erstelle dein Ameisennest (Ytong)\"}]},{\"@type\":\"WebSite\",\"@id\":\"https:\\\/\\\/antderground.com\\\/de\\\/#website\",\"url\":\"https:\\\/\\\/antderground.com\\\/de\\\/\",\"name\":\"ANTDERGROUND\",\"description\":\"Tu tienda de hormigas, gran variedad de hormigueros acr\u00edlicos,madera,arena,3D y mas.. Pide tus hormigas gratis con tu pedido, somos expertos en hormigueros antifugas.\",\"publisher\":{\"@id\":\"https:\\\/\\\/antderground.com\\\/de\\\/#\\\/schema\\\/person\\\/0e322c505e84fe72c65e2f6d08f96b81\"},\"alternateName\":\"Antderground\",\"potentialAction\":[{\"@type\":\"SearchAction\",\"target\":{\"@type\":\"EntryPoint\",\"urlTemplate\":\"https:\\\/\\\/antderground.com\\\/de\\\/?s={search_term_string}\"},\"query-input\":{\"@type\":\"PropertyValueSpecification\",\"valueRequired\":true,\"valueName\":\"search_term_string\"}}],\"inLanguage\":\"de\"},{\"@type\":[\"Person\",\"Organization\"],\"@id\":\"https:\\\/\\\/antderground.com\\\/de\\\/#\\\/schema\\\/person\\\/0e322c505e84fe72c65e2f6d08f96b81\",\"name\":\"Eric de Antderground\",\"image\":{\"@type\":\"ImageObject\",\"inLanguage\":\"de\",\"@id\":\"https:\\\/\\\/secure.gravatar.com\\\/avatar\\\/c49a1b9f79216d1498cb73c1e85cd47f4465dda35f2a94c03790d491bd4423c3?s=96&d=mm&r=g\",\"url\":\"https:\\\/\\\/secure.gravatar.com\\\/avatar\\\/c49a1b9f79216d1498cb73c1e85cd47f4465dda35f2a94c03790d491bd4423c3?s=96&d=mm&r=g\",\"contentUrl\":\"https:\\\/\\\/secure.gravatar.com\\\/avatar\\\/c49a1b9f79216d1498cb73c1e85cd47f4465dda35f2a94c03790d491bd4423c3?s=96&d=mm&r=g\",\"caption\":\"Eric de Antderground\"},\"logo\":{\"@id\":\"https:\\\/\\\/secure.gravatar.com\\\/avatar\\\/c49a1b9f79216d1498cb73c1e85cd47f4465dda35f2a94c03790d491bd4423c3?s=96&d=mm&r=g\"},\"description\":\"Eric es el especialista y fundador de Antderground, con una amplia trayectoria en artr\u00f3podos y enfocado en la mirmecolog\u00eda y el dise\u00f1o de hormigueros artificiales. Su enfoque combina la innovaci\u00f3n t\u00e9cnica con el respeto por la biolog\u00eda de las hormigas, is\u00f3podos y otros, desarrollando sistemas de nidos modulares 3D y acr\u00edlicos que son referentes para aficionados y profesionales en toda Europa. Su objetivo es facilitar la cr\u00eda de hormigas y otros artr\u00f3podos mediante soluciones seguras y divulgaci\u00f3n de calidad.\",\"sameAs\":[\"https:\\\/\\\/antderground.com\\\/\",\"https:\\\/\\\/www.youtube.com\\\/channel\\\/UCio72z7TlbufkAthAJIJfPw\"]}]}<\/script>\n<!-- \/ Yoast SEO plugin. -->","yoast_head_json":{"title":"Erstelle dein Ameisennest (Ytong) - ANTDERGROUND","description":"Dein Ameisennest! Dein Design! Gestalte die G\u00e4nge deines Ytong-Ameisennests selbst! Ma\u00dfgeschneiderte und professionelle Ameisennester! Dein selbstgemachtes Ameisennest von Antderground.","robots":{"index":"index","follow":"follow","max-snippet":"max-snippet:-1","max-image-preview":"max-image-preview:large","max-video-preview":"max-video-preview:-1"},"canonical":"https:\/\/antderground.com\/de\/produkt\/erstelle-dein-ameisennest-ytong\/","og_locale":"de_DE","og_type":"article","og_title":"Erstelle dein Ameisennest (Ytong) - ANTDERGROUND","og_description":"Dein Ameisennest! Dein Design! Gestalte die G\u00e4nge deines Ytong-Ameisennests selbst! Ma\u00dfgeschneiderte und professionelle Ameisennester! Dein selbstgemachtes Ameisennest von Antderground.","og_url":"https:\/\/antderground.com\/de\/produkt\/erstelle-dein-ameisennest-ytong\/","og_site_name":"ANTDERGROUND","article_modified_time":"2023-11-30T22:00:06+00:00","og_image":[{"width":540,"height":540,"url":"https:\/\/antderground.com\/wp-content\/uploads\/2023\/10\/crea-tu-hormiguero-ytong.png","type":"image\/png"}],"twitter_card":"summary_large_image","twitter_misc":{"Gesch\u00e4tzte Lesezeit":"1\u00a0Minute"},"schema":{"@context":"https:\/\/schema.org","@graph":[{"@type":"WebPage","@id":"https:\/\/antderground.com\/de\/produkt\/erstelle-dein-ameisennest-ytong\/","url":"https:\/\/antderground.com\/de\/produkt\/erstelle-dein-ameisennest-ytong\/","name":"Erstelle dein Ameisennest (Ytong) - ANTDERGROUND","isPartOf":{"@id":"https:\/\/antderground.com\/de\/#website"},"primaryImageOfPage":{"@id":"https:\/\/antderground.com\/de\/produkt\/erstelle-dein-ameisennest-ytong\/#primaryimage"},"image":{"@id":"https:\/\/antderground.com\/de\/produkt\/erstelle-dein-ameisennest-ytong\/#primaryimage"},"thumbnailUrl":"https:\/\/antderground.com\/wp-content\/uploads\/2023\/10\/crea-tu-hormiguero-ytong.png","datePublished":"2023-10-10T10:08:30+00:00","dateModified":"2023-11-30T22:00:06+00:00","description":"Dein Ameisennest! Dein Design! Gestalte die G\u00e4nge deines Ytong-Ameisennests selbst! Ma\u00dfgeschneiderte und professionelle Ameisennester! Dein selbstgemachtes Ameisennest von Antderground.","breadcrumb":{"@id":"https:\/\/antderground.com\/de\/produkt\/erstelle-dein-ameisennest-ytong\/#breadcrumb"},"inLanguage":"de","potentialAction":[{"@type":"ReadAction","target":["https:\/\/antderground.com\/de\/produkt\/erstelle-dein-ameisennest-ytong\/"]}]},{"@type":"ImageObject","inLanguage":"de","@id":"https:\/\/antderground.com\/de\/produkt\/erstelle-dein-ameisennest-ytong\/#primaryimage","url":"https:\/\/antderground.com\/wp-content\/uploads\/2023\/10\/crea-tu-hormiguero-ytong.png","contentUrl":"https:\/\/antderground.com\/wp-content\/uploads\/2023\/10\/crea-tu-hormiguero-ytong.png","width":540,"height":540},{"@type":"BreadcrumbList","@id":"https:\/\/antderground.com\/de\/produkt\/erstelle-dein-ameisennest-ytong\/#breadcrumb","itemListElement":[{"@type":"ListItem","position":1,"name":"Portada","item":"https:\/\/antderground.com\/de\/"},{"@type":"ListItem","position":2,"name":"Shop","item":"https:\/\/antderground.com\/de\/shop\/"},{"@type":"ListItem","position":3,"name":"Erstelle dein Ameisennest (Ytong)"}]},{"@type":"WebSite","@id":"https:\/\/antderground.com\/de\/#website","url":"https:\/\/antderground.com\/de\/","name":"ANTDERGROUND","description":"Tu tienda de hormigas, gran variedad de hormigueros acr\u00edlicos,madera,arena,3D y mas.. Pide tus hormigas gratis con tu pedido, somos expertos en hormigueros antifugas.","publisher":{"@id":"https:\/\/antderground.com\/de\/#\/schema\/person\/0e322c505e84fe72c65e2f6d08f96b81"},"alternateName":"Antderground","potentialAction":[{"@type":"SearchAction","target":{"@type":"EntryPoint","urlTemplate":"https:\/\/antderground.com\/de\/?s={search_term_string}"},"query-input":{"@type":"PropertyValueSpecification","valueRequired":true,"valueName":"search_term_string"}}],"inLanguage":"de"},{"@type":["Person","Organization"],"@id":"https:\/\/antderground.com\/de\/#\/schema\/person\/0e322c505e84fe72c65e2f6d08f96b81","name":"Eric de Antderground","image":{"@type":"ImageObject","inLanguage":"de","@id":"https:\/\/secure.gravatar.com\/avatar\/c49a1b9f79216d1498cb73c1e85cd47f4465dda35f2a94c03790d491bd4423c3?s=96&d=mm&r=g","url":"https:\/\/secure.gravatar.com\/avatar\/c49a1b9f79216d1498cb73c1e85cd47f4465dda35f2a94c03790d491bd4423c3?s=96&d=mm&r=g","contentUrl":"https:\/\/secure.gravatar.com\/avatar\/c49a1b9f79216d1498cb73c1e85cd47f4465dda35f2a94c03790d491bd4423c3?s=96&d=mm&r=g","caption":"Eric de Antderground"},"logo":{"@id":"https:\/\/secure.gravatar.com\/avatar\/c49a1b9f79216d1498cb73c1e85cd47f4465dda35f2a94c03790d491bd4423c3?s=96&d=mm&r=g"},"description":"Eric es el especialista y fundador de Antderground, con una amplia trayectoria en artr\u00f3podos y enfocado en la mirmecolog\u00eda y el dise\u00f1o de hormigueros artificiales. Su enfoque combina la innovaci\u00f3n t\u00e9cnica con el respeto por la biolog\u00eda de las hormigas, is\u00f3podos y otros, desarrollando sistemas de nidos modulares 3D y acr\u00edlicos que son referentes para aficionados y profesionales en toda Europa. Su objetivo es facilitar la cr\u00eda de hormigas y otros artr\u00f3podos mediante soluciones seguras y divulgaci\u00f3n de calidad.","sameAs":["https:\/\/antderground.com\/","https:\/\/www.youtube.com\/channel\/UCio72z7TlbufkAthAJIJfPw"]}]}},"_links":{"self":[{"href":"https:\/\/antderground.com\/de\/wp-json\/wp\/v2\/product\/30459","targetHints":{"allow":["GET"]}}],"collection":[{"href":"https:\/\/antderground.com\/de\/wp-json\/wp\/v2\/product"}],"about":[{"href":"https:\/\/antderground.com\/de\/wp-json\/wp\/v2\/types\/product"}],"version-history":[{"count":0,"href":"https:\/\/antderground.com\/de\/wp-json\/wp\/v2\/product\/30459\/revisions"}],"wp:featuredmedia":[{"embeddable":true,"href":"https:\/\/antderground.com\/de\/wp-json\/wp\/v2\/media\/30453"}],"wp:attachment":[{"href":"https:\/\/antderground.com\/de\/wp-json\/wp\/v2\/media?parent=30459"}],"wp:term":[{"taxonomy":"product_brand","embeddable":true,"href":"https:\/\/antderground.com\/de\/wp-json\/wp\/v2\/product_brand?post=30459"},{"taxonomy":"product_cat","embeddable":true,"href":"https:\/\/antderground.com\/de\/wp-json\/wp\/v2\/product_cat?post=30459"},{"taxonomy":"product_tag","embeddable":true,"href":"https:\/\/antderground.com\/de\/wp-json\/wp\/v2\/product_tag?post=30459"}],"curies":[{"name":"wp","href":"https:\/\/api.w.org\/{rel}","templated":true}]}}