{"id":31100,"date":"2023-11-23T23:33:59","date_gmt":"2023-11-23T22:33:59","guid":{"rendered":"https:\/\/www.antderground.com\/producto\/3d-modulares-ameisennest-set-xl\/"},"modified":"2023-11-24T11:41:14","modified_gmt":"2023-11-24T10:41:14","slug":"3d-modulares-ameisennest-set-xl","status":"publish","type":"product","link":"https:\/\/antderground.com\/de\/produkt\/3d-modulares-ameisennest-set-xl\/","title":{"rendered":"3D-Modulares Ameisennest-Set (XL)"},"content":{"rendered":"<p>Wenn Sie dar\u00fcber nachdenken, eine gro\u00dfe Ameisenkolonie zu halten, ist dieses Kit f\u00fcr modulare 3D-Ameisennester perfekt, um einen authentischen Raum wie ein Experte in der Myrmekologie zu schaffen.<\/p>\n<h2>Detaillierte Informationen zum Kit f\u00fcr modulare 3D-Ameisennester.<\/h2>\n<p>Wie oben erw\u00e4hnt, besteht dieses Kit aus:<\/p>\n<h4>(2) 3D-modulare Ameisennester (10&#215;20):<\/h4>\n<p>Reservoirs: (2) je 20 ml.<br \/>\nGr\u00f6\u00dfe: 10&#215;20<br \/>\nFarbe: Wei\u00df\/Gelb.<br \/>\nDeckel: Inklusive, Farbe Rot.<br \/>\nModular: Ja.<br \/>\nInterne T\u00fcren: 1.<br \/>\nExterne T\u00fcren: 6.<\/p>\n<h4>(1) Modulares 3D-Ameisennest (10&#215;10)<\/h4>\n<p>Gr\u00f6\u00dfe: 10cm x 10cm.<br \/>\nTank: 35 ml.<br \/>\nKammern\/Galerie: Unterschiedliche H\u00f6hen.<br \/>\nFarbe: Wei\u00df.<br \/>\nInklusive rotem Deckel.<br \/>\nModular: Ja.<\/p>\n<h4>(1) Ameisenarena (20 x 20)<\/h4>\n<p>Gr\u00f6\u00dfe: 20x20x15 (cm)<br \/>\nMaterial: Methacrylat \/ PLA (3D)<br \/>\nAnschl\u00fcsse \/ Eing\u00e4nge: 8<br \/>\nModular: Ja<br \/>\nObere Abdeckung: Ja<br \/>\nBel\u00fcftungssystem: Ja, oberer Teil.<\/p>\n<h4>(5) Rote Abdeckung f\u00fcr Ameisennester.<\/h4>\n<h4>(6) Modulare Verbindungsst\u00fccke.<\/h4>\n<p>&nbsp;<\/p>\n","protected":false},"excerpt":{"rendered":"<p>Ein Ameisennest-Kit ideal f\u00fcr gro\u00dfe Ameisenkolonien. Genie\u00dfe es, deine Ameisen in ger\u00e4umigen Bereichen zu beobachten und zu pflegen. Ein Erlebnis im gro\u00dfen Stil! Ein perfektes Reich f\u00fcr deine Ameisen!<\/p>\n<p><strong>Das Kit enth\u00e4lt:<br \/>\n<\/strong>(2) 3D-modulare Ameisennester (10&#215;20)(cm)<br \/>\n(1) Modulares 3D-Ameisennest (10&#215;10)(cm)<br \/>\n(1) Ameisenarena (20 x 20)(cm)<br \/>\n(5) Rote Abdeckung f\u00fcr Ameisennester.<br \/>\n(6) Modulare Verbindungsst\u00fccke.<\/p>\n","protected":false},"featured_media":31093,"template":"","meta":[],"product_brand":[],"product_cat":[504,531],"product_tag":[],"class_list":{"0":"post-31100","1":"product","2":"type-product","3":"status-publish","4":"has-post-thumbnail","6":"product_cat-ameisennester","7":"product_cat-ameisennest-sets","9":"first","10":"instock","11":"sale","12":"shipping-taxable","13":"purchasable","14":"product-type-simple"},"yoast_head":"<!-- This site is optimized with the Yoast SEO plugin v27.4 - https:\/\/yoast.com\/product\/yoast-seo-wordpress\/ -->\n<title>3D-Modulares Ameisennest-Set (XL) - ANTDERGROUND<\/title>\n<meta name=\"description\" content=\"Ein vollst\u00e4ndiges Kit mit verbundenen modularen 3D-Ameisennestern und einer gro\u00dfen Ameisenarena! Fantastisches Set f\u00fcr Ameisenkolonien! Ein Reich f\u00fcr Ameisen.\" \/>\n<meta name=\"robots\" content=\"index, follow, max-snippet:-1, max-image-preview:large, max-video-preview:-1\" \/>\n<link rel=\"canonical\" href=\"https:\/\/antderground.com\/de\/produkt\/3d-modulares-ameisennest-set-xl\/\" \/>\n<meta property=\"og:locale\" content=\"de_DE\" \/>\n<meta property=\"og:type\" content=\"article\" \/>\n<meta property=\"og:title\" content=\"3D-Modulares Ameisennest-Set (XL) - ANTDERGROUND\" \/>\n<meta property=\"og:description\" content=\"Ein vollst\u00e4ndiges Kit mit verbundenen modularen 3D-Ameisennestern und einer gro\u00dfen Ameisenarena! Fantastisches Set f\u00fcr Ameisenkolonien! Ein Reich f\u00fcr Ameisen.\" \/>\n<meta property=\"og:url\" content=\"https:\/\/antderground.com\/de\/produkt\/3d-modulares-ameisennest-set-xl\/\" \/>\n<meta property=\"og:site_name\" content=\"ANTDERGROUND\" \/>\n<meta property=\"article:modified_time\" content=\"2023-11-24T10:41:14+00:00\" \/>\n<meta property=\"og:image\" content=\"https:\/\/antderground.com\/wp-content\/uploads\/2023\/11\/Kit-Hormigueros-modulares-3D-XL.jpg\" \/>\n\t<meta property=\"og:image:width\" content=\"1335\" \/>\n\t<meta property=\"og:image:height\" content=\"1335\" \/>\n\t<meta property=\"og:image:type\" content=\"image\/jpeg\" \/>\n<meta name=\"twitter:card\" content=\"summary_large_image\" \/>\n<meta name=\"twitter:label1\" content=\"Gesch\u00e4tzte Lesezeit\" \/>\n\t<meta name=\"twitter:data1\" content=\"1\u00a0Minute\" \/>\n<script type=\"application\/ld+json\" class=\"yoast-schema-graph\">{\"@context\":\"https:\\\/\\\/schema.org\",\"@graph\":[{\"@type\":\"WebPage\",\"@id\":\"https:\\\/\\\/antderground.com\\\/de\\\/produkt\\\/3d-modulares-ameisennest-set-xl\\\/\",\"url\":\"https:\\\/\\\/antderground.com\\\/de\\\/produkt\\\/3d-modulares-ameisennest-set-xl\\\/\",\"name\":\"3D-Modulares Ameisennest-Set (XL) - ANTDERGROUND\",\"isPartOf\":{\"@id\":\"https:\\\/\\\/antderground.com\\\/de\\\/#website\"},\"primaryImageOfPage\":{\"@id\":\"https:\\\/\\\/antderground.com\\\/de\\\/produkt\\\/3d-modulares-ameisennest-set-xl\\\/#primaryimage\"},\"image\":{\"@id\":\"https:\\\/\\\/antderground.com\\\/de\\\/produkt\\\/3d-modulares-ameisennest-set-xl\\\/#primaryimage\"},\"thumbnailUrl\":\"https:\\\/\\\/antderground.com\\\/wp-content\\\/uploads\\\/2023\\\/11\\\/Kit-Hormigueros-modulares-3D-XL.jpg\",\"datePublished\":\"2023-11-23T22:33:59+00:00\",\"dateModified\":\"2023-11-24T10:41:14+00:00\",\"description\":\"Ein vollst\u00e4ndiges Kit mit verbundenen modularen 3D-Ameisennestern und einer gro\u00dfen Ameisenarena! Fantastisches Set f\u00fcr Ameisenkolonien! Ein Reich f\u00fcr Ameisen.\",\"breadcrumb\":{\"@id\":\"https:\\\/\\\/antderground.com\\\/de\\\/produkt\\\/3d-modulares-ameisennest-set-xl\\\/#breadcrumb\"},\"inLanguage\":\"de\",\"potentialAction\":[{\"@type\":\"ReadAction\",\"target\":[\"https:\\\/\\\/antderground.com\\\/de\\\/produkt\\\/3d-modulares-ameisennest-set-xl\\\/\"]}]},{\"@type\":\"ImageObject\",\"inLanguage\":\"de\",\"@id\":\"https:\\\/\\\/antderground.com\\\/de\\\/produkt\\\/3d-modulares-ameisennest-set-xl\\\/#primaryimage\",\"url\":\"https:\\\/\\\/antderground.com\\\/wp-content\\\/uploads\\\/2023\\\/11\\\/Kit-Hormigueros-modulares-3D-XL.jpg\",\"contentUrl\":\"https:\\\/\\\/antderground.com\\\/wp-content\\\/uploads\\\/2023\\\/11\\\/Kit-Hormigueros-modulares-3D-XL.jpg\",\"width\":1335,\"height\":1335,\"caption\":\"3D-Modulares Ameisennest-Set (XL)\"},{\"@type\":\"BreadcrumbList\",\"@id\":\"https:\\\/\\\/antderground.com\\\/de\\\/produkt\\\/3d-modulares-ameisennest-set-xl\\\/#breadcrumb\",\"itemListElement\":[{\"@type\":\"ListItem\",\"position\":1,\"name\":\"Portada\",\"item\":\"https:\\\/\\\/antderground.com\\\/de\\\/\"},{\"@type\":\"ListItem\",\"position\":2,\"name\":\"Shop\",\"item\":\"https:\\\/\\\/antderground.com\\\/de\\\/shop\\\/\"},{\"@type\":\"ListItem\",\"position\":3,\"name\":\"3D-Modulares Ameisennest-Set (XL)\"}]},{\"@type\":\"WebSite\",\"@id\":\"https:\\\/\\\/antderground.com\\\/de\\\/#website\",\"url\":\"https:\\\/\\\/antderground.com\\\/de\\\/\",\"name\":\"ANTDERGROUND\",\"description\":\"Tu tienda de hormigas, gran variedad de hormigueros acr\u00edlicos,madera,arena,3D y mas.. Pide tus hormigas gratis con tu pedido, somos expertos en hormigueros antifugas.\",\"publisher\":{\"@id\":\"https:\\\/\\\/antderground.com\\\/de\\\/#\\\/schema\\\/person\\\/0e322c505e84fe72c65e2f6d08f96b81\"},\"alternateName\":\"Antderground\",\"potentialAction\":[{\"@type\":\"SearchAction\",\"target\":{\"@type\":\"EntryPoint\",\"urlTemplate\":\"https:\\\/\\\/antderground.com\\\/de\\\/?s={search_term_string}\"},\"query-input\":{\"@type\":\"PropertyValueSpecification\",\"valueRequired\":true,\"valueName\":\"search_term_string\"}}],\"inLanguage\":\"de\"},{\"@type\":[\"Person\",\"Organization\"],\"@id\":\"https:\\\/\\\/antderground.com\\\/de\\\/#\\\/schema\\\/person\\\/0e322c505e84fe72c65e2f6d08f96b81\",\"name\":\"Eric de Antderground\",\"image\":{\"@type\":\"ImageObject\",\"inLanguage\":\"de\",\"@id\":\"https:\\\/\\\/secure.gravatar.com\\\/avatar\\\/c49a1b9f79216d1498cb73c1e85cd47f4465dda35f2a94c03790d491bd4423c3?s=96&d=mm&r=g\",\"url\":\"https:\\\/\\\/secure.gravatar.com\\\/avatar\\\/c49a1b9f79216d1498cb73c1e85cd47f4465dda35f2a94c03790d491bd4423c3?s=96&d=mm&r=g\",\"contentUrl\":\"https:\\\/\\\/secure.gravatar.com\\\/avatar\\\/c49a1b9f79216d1498cb73c1e85cd47f4465dda35f2a94c03790d491bd4423c3?s=96&d=mm&r=g\",\"caption\":\"Eric de Antderground\"},\"logo\":{\"@id\":\"https:\\\/\\\/secure.gravatar.com\\\/avatar\\\/c49a1b9f79216d1498cb73c1e85cd47f4465dda35f2a94c03790d491bd4423c3?s=96&d=mm&r=g\"},\"description\":\"Eric es el especialista y fundador de Antderground, con una amplia trayectoria en artr\u00f3podos y enfocado en la mirmecolog\u00eda y el dise\u00f1o de hormigueros artificiales. Su enfoque combina la innovaci\u00f3n t\u00e9cnica con el respeto por la biolog\u00eda de las hormigas, is\u00f3podos y otros, desarrollando sistemas de nidos modulares 3D y acr\u00edlicos que son referentes para aficionados y profesionales en toda Europa. Su objetivo es facilitar la cr\u00eda de hormigas y otros artr\u00f3podos mediante soluciones seguras y divulgaci\u00f3n de calidad.\",\"sameAs\":[\"https:\\\/\\\/antderground.com\\\/\",\"https:\\\/\\\/www.youtube.com\\\/channel\\\/UCio72z7TlbufkAthAJIJfPw\"]}]}<\/script>\n<!-- \/ Yoast SEO plugin. -->","yoast_head_json":{"title":"3D-Modulares Ameisennest-Set (XL) - ANTDERGROUND","description":"Ein vollst\u00e4ndiges Kit mit verbundenen modularen 3D-Ameisennestern und einer gro\u00dfen Ameisenarena! Fantastisches Set f\u00fcr Ameisenkolonien! Ein Reich f\u00fcr Ameisen.","robots":{"index":"index","follow":"follow","max-snippet":"max-snippet:-1","max-image-preview":"max-image-preview:large","max-video-preview":"max-video-preview:-1"},"canonical":"https:\/\/antderground.com\/de\/produkt\/3d-modulares-ameisennest-set-xl\/","og_locale":"de_DE","og_type":"article","og_title":"3D-Modulares Ameisennest-Set (XL) - ANTDERGROUND","og_description":"Ein vollst\u00e4ndiges Kit mit verbundenen modularen 3D-Ameisennestern und einer gro\u00dfen Ameisenarena! Fantastisches Set f\u00fcr Ameisenkolonien! Ein Reich f\u00fcr Ameisen.","og_url":"https:\/\/antderground.com\/de\/produkt\/3d-modulares-ameisennest-set-xl\/","og_site_name":"ANTDERGROUND","article_modified_time":"2023-11-24T10:41:14+00:00","og_image":[{"width":1335,"height":1335,"url":"https:\/\/antderground.com\/wp-content\/uploads\/2023\/11\/Kit-Hormigueros-modulares-3D-XL.jpg","type":"image\/jpeg"}],"twitter_card":"summary_large_image","twitter_misc":{"Gesch\u00e4tzte Lesezeit":"1\u00a0Minute"},"schema":{"@context":"https:\/\/schema.org","@graph":[{"@type":"WebPage","@id":"https:\/\/antderground.com\/de\/produkt\/3d-modulares-ameisennest-set-xl\/","url":"https:\/\/antderground.com\/de\/produkt\/3d-modulares-ameisennest-set-xl\/","name":"3D-Modulares Ameisennest-Set (XL) - ANTDERGROUND","isPartOf":{"@id":"https:\/\/antderground.com\/de\/#website"},"primaryImageOfPage":{"@id":"https:\/\/antderground.com\/de\/produkt\/3d-modulares-ameisennest-set-xl\/#primaryimage"},"image":{"@id":"https:\/\/antderground.com\/de\/produkt\/3d-modulares-ameisennest-set-xl\/#primaryimage"},"thumbnailUrl":"https:\/\/antderground.com\/wp-content\/uploads\/2023\/11\/Kit-Hormigueros-modulares-3D-XL.jpg","datePublished":"2023-11-23T22:33:59+00:00","dateModified":"2023-11-24T10:41:14+00:00","description":"Ein vollst\u00e4ndiges Kit mit verbundenen modularen 3D-Ameisennestern und einer gro\u00dfen Ameisenarena! Fantastisches Set f\u00fcr Ameisenkolonien! Ein Reich f\u00fcr Ameisen.","breadcrumb":{"@id":"https:\/\/antderground.com\/de\/produkt\/3d-modulares-ameisennest-set-xl\/#breadcrumb"},"inLanguage":"de","potentialAction":[{"@type":"ReadAction","target":["https:\/\/antderground.com\/de\/produkt\/3d-modulares-ameisennest-set-xl\/"]}]},{"@type":"ImageObject","inLanguage":"de","@id":"https:\/\/antderground.com\/de\/produkt\/3d-modulares-ameisennest-set-xl\/#primaryimage","url":"https:\/\/antderground.com\/wp-content\/uploads\/2023\/11\/Kit-Hormigueros-modulares-3D-XL.jpg","contentUrl":"https:\/\/antderground.com\/wp-content\/uploads\/2023\/11\/Kit-Hormigueros-modulares-3D-XL.jpg","width":1335,"height":1335,"caption":"3D-Modulares Ameisennest-Set (XL)"},{"@type":"BreadcrumbList","@id":"https:\/\/antderground.com\/de\/produkt\/3d-modulares-ameisennest-set-xl\/#breadcrumb","itemListElement":[{"@type":"ListItem","position":1,"name":"Portada","item":"https:\/\/antderground.com\/de\/"},{"@type":"ListItem","position":2,"name":"Shop","item":"https:\/\/antderground.com\/de\/shop\/"},{"@type":"ListItem","position":3,"name":"3D-Modulares Ameisennest-Set (XL)"}]},{"@type":"WebSite","@id":"https:\/\/antderground.com\/de\/#website","url":"https:\/\/antderground.com\/de\/","name":"ANTDERGROUND","description":"Tu tienda de hormigas, gran variedad de hormigueros acr\u00edlicos,madera,arena,3D y mas.. Pide tus hormigas gratis con tu pedido, somos expertos en hormigueros antifugas.","publisher":{"@id":"https:\/\/antderground.com\/de\/#\/schema\/person\/0e322c505e84fe72c65e2f6d08f96b81"},"alternateName":"Antderground","potentialAction":[{"@type":"SearchAction","target":{"@type":"EntryPoint","urlTemplate":"https:\/\/antderground.com\/de\/?s={search_term_string}"},"query-input":{"@type":"PropertyValueSpecification","valueRequired":true,"valueName":"search_term_string"}}],"inLanguage":"de"},{"@type":["Person","Organization"],"@id":"https:\/\/antderground.com\/de\/#\/schema\/person\/0e322c505e84fe72c65e2f6d08f96b81","name":"Eric de Antderground","image":{"@type":"ImageObject","inLanguage":"de","@id":"https:\/\/secure.gravatar.com\/avatar\/c49a1b9f79216d1498cb73c1e85cd47f4465dda35f2a94c03790d491bd4423c3?s=96&d=mm&r=g","url":"https:\/\/secure.gravatar.com\/avatar\/c49a1b9f79216d1498cb73c1e85cd47f4465dda35f2a94c03790d491bd4423c3?s=96&d=mm&r=g","contentUrl":"https:\/\/secure.gravatar.com\/avatar\/c49a1b9f79216d1498cb73c1e85cd47f4465dda35f2a94c03790d491bd4423c3?s=96&d=mm&r=g","caption":"Eric de Antderground"},"logo":{"@id":"https:\/\/secure.gravatar.com\/avatar\/c49a1b9f79216d1498cb73c1e85cd47f4465dda35f2a94c03790d491bd4423c3?s=96&d=mm&r=g"},"description":"Eric es el especialista y fundador de Antderground, con una amplia trayectoria en artr\u00f3podos y enfocado en la mirmecolog\u00eda y el dise\u00f1o de hormigueros artificiales. Su enfoque combina la innovaci\u00f3n t\u00e9cnica con el respeto por la biolog\u00eda de las hormigas, is\u00f3podos y otros, desarrollando sistemas de nidos modulares 3D y acr\u00edlicos que son referentes para aficionados y profesionales en toda Europa. Su objetivo es facilitar la cr\u00eda de hormigas y otros artr\u00f3podos mediante soluciones seguras y divulgaci\u00f3n de calidad.","sameAs":["https:\/\/antderground.com\/","https:\/\/www.youtube.com\/channel\/UCio72z7TlbufkAthAJIJfPw"]}]}},"_links":{"self":[{"href":"https:\/\/antderground.com\/de\/wp-json\/wp\/v2\/product\/31100","targetHints":{"allow":["GET"]}}],"collection":[{"href":"https:\/\/antderground.com\/de\/wp-json\/wp\/v2\/product"}],"about":[{"href":"https:\/\/antderground.com\/de\/wp-json\/wp\/v2\/types\/product"}],"version-history":[{"count":0,"href":"https:\/\/antderground.com\/de\/wp-json\/wp\/v2\/product\/31100\/revisions"}],"wp:featuredmedia":[{"embeddable":true,"href":"https:\/\/antderground.com\/de\/wp-json\/wp\/v2\/media\/31093"}],"wp:attachment":[{"href":"https:\/\/antderground.com\/de\/wp-json\/wp\/v2\/media?parent=31100"}],"wp:term":[{"taxonomy":"product_brand","embeddable":true,"href":"https:\/\/antderground.com\/de\/wp-json\/wp\/v2\/product_brand?post=31100"},{"taxonomy":"product_cat","embeddable":true,"href":"https:\/\/antderground.com\/de\/wp-json\/wp\/v2\/product_cat?post=31100"},{"taxonomy":"product_tag","embeddable":true,"href":"https:\/\/antderground.com\/de\/wp-json\/wp\/v2\/product_tag?post=31100"}],"curies":[{"name":"wp","href":"https:\/\/api.w.org\/{rel}","templated":true}]}}