{"id":31418,"date":"2023-12-12T11:33:15","date_gmt":"2023-12-12T10:33:15","guid":{"rendered":"https:\/\/www.antderground.com\/producto\/modulares-3d-set-v2-kleines\/"},"modified":"2023-12-12T21:16:55","modified_gmt":"2023-12-12T20:16:55","slug":"modulares-3d-set-v2-kleines","status":"publish","type":"product","link":"https:\/\/antderground.com\/de\/produkt\/modulares-3d-set-v2-kleines\/","title":{"rendered":"Modulares 3D-Set (v2) (Kleines)"},"content":{"rendered":"<p><strong>Merkmale des modularen 3D-Ameisennest:<\/strong><br \/>\nGr\u00f6\u00dfe: 10cm x 10cm.<br \/>\nTank: 20 ml.<br \/>\nKammern\/Galerie: Unterschiedliche H\u00f6hen.<br \/>\nFarbe: Wei\u00df.<br \/>\nInklusive rotem Deckel.<br \/>\nModular: Ja.<br \/>\n<a href=\"https:\/\/antderground.com\/de\/produkt\/3d-ameisenhaufen-modular-von-10x10-mit-vertikaler-tank\/\" target=\"_blank\" rel=\"noopener\">+<\/a><\/p>\n<p><strong>Ameisenarena<\/strong>\u00a0(<strong>Eigenschaften:<\/strong>):<br \/>\nFarbe: Wei\u00df.<br \/>\nGr\u00f6\u00dfe: 10\u00d710 (cm).<br \/>\nStruktur: In 3D erstellte Struktur \/ Seiten aus Plexiglas.<br \/>\nBel\u00fcftung: Ja.<br \/>\nModular: Ja.<br \/>\nEing\u00e4nge\/Verbindungen: 4.<br \/>\n<a href=\"https:\/\/antderground.com\/de\/produkt\/futterschachtel-10-x-10\/\" target=\"_blank\" rel=\"noopener\">+<\/a><\/p>\n","protected":false},"excerpt":{"rendered":"<p>Modulares 3D-Set (v2)| Bestehend aus einem modularen 3D-Ameisenhaufen der Gr\u00f6\u00dfe 10&#215;10 mit ameisenarena 10&#215;10 und einem modularen Verbindungsst\u00fcck. Dieser modulare Bausatz ist ideal f\u00fcr eine grenzenlose Erweiterung, wenn die Ameisenkolonie w\u00e4chst. Ein Superk\u00f6nigreich f\u00fcr Ihre Ameisenk\u00f6nigin!!<\/p>\n<p>Kit-Informationen:<br \/>\n1 Modulares 3D-Ameisennest (10\u00d710 cm).<br \/>\n1 Rote Abdeckung f\u00fcr das Ameisennest.<br \/>\n1 Modulare Ameisenarena (10\u00d710 cm).<br \/>\n1 Modulares Verbindungsst\u00fcck.<\/p>\n","protected":false},"featured_media":31410,"template":"","meta":[],"product_brand":[],"product_cat":[504,505,531],"product_tag":[],"class_list":{"0":"post-31418","1":"product","2":"type-product","3":"status-publish","4":"has-post-thumbnail","6":"product_cat-ameisennester","7":"product_cat-ameisenfarmen-3d","8":"product_cat-ameisennest-sets","10":"first","11":"instock","12":"sale","13":"shipping-taxable","14":"purchasable","15":"product-type-simple"},"yoast_head":"<!-- This site is optimized with the Yoast SEO plugin v27.3 - https:\/\/yoast.com\/product\/yoast-seo-wordpress\/ -->\n<title>Modulares 3D-Set (v2) | 3D Ameisenhaufen 10x10 + Ameisenarena 10x10- ANTDERGROUND<\/title>\n<meta name=\"description\" content=\"Modulares 3D-Set (v2) | Ameisenest 3D (modular) von 10x10 mit einer ameisenarena von 10x10. Ideal, um in die Welt der Ameisen einzusteigen.\" \/>\n<meta name=\"robots\" content=\"index, follow, max-snippet:-1, max-image-preview:large, max-video-preview:-1\" \/>\n<link rel=\"canonical\" href=\"https:\/\/antderground.com\/de\/produkt\/modulares-3d-set-v2-kleines\/\" \/>\n<meta property=\"og:locale\" content=\"de_DE\" \/>\n<meta property=\"og:type\" content=\"article\" \/>\n<meta property=\"og:title\" content=\"Modulares 3D-Set (v2) | 3D Ameisenhaufen 10x10 + Ameisenarena 10x10- ANTDERGROUND\" \/>\n<meta property=\"og:description\" content=\"Modulares 3D-Set (v2) | Ameisenest 3D (modular) von 10x10 mit einer ameisenarena von 10x10. Ideal, um in die Welt der Ameisen einzusteigen.\" \/>\n<meta property=\"og:url\" content=\"https:\/\/antderground.com\/de\/produkt\/modulares-3d-set-v2-kleines\/\" \/>\n<meta property=\"og:site_name\" content=\"ANTDERGROUND\" \/>\n<meta property=\"article:modified_time\" content=\"2023-12-12T20:16:55+00:00\" \/>\n<meta property=\"og:image\" content=\"https:\/\/antderground.com\/wp-content\/uploads\/2023\/12\/kit-v2.jpg\" \/>\n\t<meta property=\"og:image:width\" content=\"1280\" \/>\n\t<meta property=\"og:image:height\" content=\"1280\" \/>\n\t<meta property=\"og:image:type\" content=\"image\/jpeg\" \/>\n<meta name=\"twitter:card\" content=\"summary_large_image\" \/>\n<script type=\"application\/ld+json\" class=\"yoast-schema-graph\">{\"@context\":\"https:\\\/\\\/schema.org\",\"@graph\":[{\"@type\":\"WebPage\",\"@id\":\"https:\\\/\\\/antderground.com\\\/de\\\/produkt\\\/modulares-3d-set-v2-kleines\\\/\",\"url\":\"https:\\\/\\\/antderground.com\\\/de\\\/produkt\\\/modulares-3d-set-v2-kleines\\\/\",\"name\":\"Modulares 3D-Set (v2) | 3D Ameisenhaufen 10x10 + Ameisenarena 10x10- ANTDERGROUND\",\"isPartOf\":{\"@id\":\"https:\\\/\\\/antderground.com\\\/de\\\/#website\"},\"primaryImageOfPage\":{\"@id\":\"https:\\\/\\\/antderground.com\\\/de\\\/produkt\\\/modulares-3d-set-v2-kleines\\\/#primaryimage\"},\"image\":{\"@id\":\"https:\\\/\\\/antderground.com\\\/de\\\/produkt\\\/modulares-3d-set-v2-kleines\\\/#primaryimage\"},\"thumbnailUrl\":\"https:\\\/\\\/antderground.com\\\/wp-content\\\/uploads\\\/2023\\\/12\\\/kit-v2.jpg\",\"datePublished\":\"2023-12-12T10:33:15+00:00\",\"dateModified\":\"2023-12-12T20:16:55+00:00\",\"description\":\"Modulares 3D-Set (v2) | Ameisenest 3D (modular) von 10x10 mit einer ameisenarena von 10x10. Ideal, um in die Welt der Ameisen einzusteigen.\",\"breadcrumb\":{\"@id\":\"https:\\\/\\\/antderground.com\\\/de\\\/produkt\\\/modulares-3d-set-v2-kleines\\\/#breadcrumb\"},\"inLanguage\":\"de\",\"potentialAction\":[{\"@type\":\"ReadAction\",\"target\":[\"https:\\\/\\\/antderground.com\\\/de\\\/produkt\\\/modulares-3d-set-v2-kleines\\\/\"]}]},{\"@type\":\"ImageObject\",\"inLanguage\":\"de\",\"@id\":\"https:\\\/\\\/antderground.com\\\/de\\\/produkt\\\/modulares-3d-set-v2-kleines\\\/#primaryimage\",\"url\":\"https:\\\/\\\/antderground.com\\\/wp-content\\\/uploads\\\/2023\\\/12\\\/kit-v2.jpg\",\"contentUrl\":\"https:\\\/\\\/antderground.com\\\/wp-content\\\/uploads\\\/2023\\\/12\\\/kit-v2.jpg\",\"width\":1280,\"height\":1280},{\"@type\":\"BreadcrumbList\",\"@id\":\"https:\\\/\\\/antderground.com\\\/de\\\/produkt\\\/modulares-3d-set-v2-kleines\\\/#breadcrumb\",\"itemListElement\":[{\"@type\":\"ListItem\",\"position\":1,\"name\":\"Portada\",\"item\":\"https:\\\/\\\/antderground.com\\\/de\\\/\"},{\"@type\":\"ListItem\",\"position\":2,\"name\":\"Shop\",\"item\":\"https:\\\/\\\/antderground.com\\\/de\\\/shop\\\/\"},{\"@type\":\"ListItem\",\"position\":3,\"name\":\"Modulares 3D-Set (v2) (Kleines)\"}]},{\"@type\":\"WebSite\",\"@id\":\"https:\\\/\\\/antderground.com\\\/de\\\/#website\",\"url\":\"https:\\\/\\\/antderground.com\\\/de\\\/\",\"name\":\"ANTDERGROUND\",\"description\":\"Tu tienda de hormigas, gran variedad de hormigueros acr\u00edlicos,madera,arena,3D y mas.. Pide tus hormigas gratis con tu pedido, somos expertos en hormigueros antifugas.\",\"publisher\":{\"@id\":\"https:\\\/\\\/antderground.com\\\/de\\\/#\\\/schema\\\/person\\\/0e322c505e84fe72c65e2f6d08f96b81\"},\"alternateName\":\"Antderground\",\"potentialAction\":[{\"@type\":\"SearchAction\",\"target\":{\"@type\":\"EntryPoint\",\"urlTemplate\":\"https:\\\/\\\/antderground.com\\\/de\\\/?s={search_term_string}\"},\"query-input\":{\"@type\":\"PropertyValueSpecification\",\"valueRequired\":true,\"valueName\":\"search_term_string\"}}],\"inLanguage\":\"de\"},{\"@type\":[\"Person\",\"Organization\"],\"@id\":\"https:\\\/\\\/antderground.com\\\/de\\\/#\\\/schema\\\/person\\\/0e322c505e84fe72c65e2f6d08f96b81\",\"name\":\"Eric de Antderground\",\"image\":{\"@type\":\"ImageObject\",\"inLanguage\":\"de\",\"@id\":\"https:\\\/\\\/secure.gravatar.com\\\/avatar\\\/c49a1b9f79216d1498cb73c1e85cd47f4465dda35f2a94c03790d491bd4423c3?s=96&d=mm&r=g\",\"url\":\"https:\\\/\\\/secure.gravatar.com\\\/avatar\\\/c49a1b9f79216d1498cb73c1e85cd47f4465dda35f2a94c03790d491bd4423c3?s=96&d=mm&r=g\",\"contentUrl\":\"https:\\\/\\\/secure.gravatar.com\\\/avatar\\\/c49a1b9f79216d1498cb73c1e85cd47f4465dda35f2a94c03790d491bd4423c3?s=96&d=mm&r=g\",\"caption\":\"Eric de Antderground\"},\"logo\":{\"@id\":\"https:\\\/\\\/secure.gravatar.com\\\/avatar\\\/c49a1b9f79216d1498cb73c1e85cd47f4465dda35f2a94c03790d491bd4423c3?s=96&d=mm&r=g\"},\"description\":\"Eric es el especialista y fundador de Antderground, con una amplia trayectoria en artr\u00f3podos y enfocado en la mirmecolog\u00eda y el dise\u00f1o de hormigueros artificiales. Su enfoque combina la innovaci\u00f3n t\u00e9cnica con el respeto por la biolog\u00eda de las hormigas, is\u00f3podos y otros, desarrollando sistemas de nidos modulares 3D y acr\u00edlicos que son referentes para aficionados y profesionales en toda Europa. Su objetivo es facilitar la cr\u00eda de hormigas y otros artr\u00f3podos mediante soluciones seguras y divulgaci\u00f3n de calidad.\",\"sameAs\":[\"https:\\\/\\\/antderground.com\\\/\",\"https:\\\/\\\/www.youtube.com\\\/channel\\\/UCio72z7TlbufkAthAJIJfPw\"]}]}<\/script>\n<!-- \/ Yoast SEO plugin. -->","yoast_head_json":{"title":"Modulares 3D-Set (v2) | 3D Ameisenhaufen 10x10 + Ameisenarena 10x10- ANTDERGROUND","description":"Modulares 3D-Set (v2) | Ameisenest 3D (modular) von 10x10 mit einer ameisenarena von 10x10. Ideal, um in die Welt der Ameisen einzusteigen.","robots":{"index":"index","follow":"follow","max-snippet":"max-snippet:-1","max-image-preview":"max-image-preview:large","max-video-preview":"max-video-preview:-1"},"canonical":"https:\/\/antderground.com\/de\/produkt\/modulares-3d-set-v2-kleines\/","og_locale":"de_DE","og_type":"article","og_title":"Modulares 3D-Set (v2) | 3D Ameisenhaufen 10x10 + Ameisenarena 10x10- ANTDERGROUND","og_description":"Modulares 3D-Set (v2) | Ameisenest 3D (modular) von 10x10 mit einer ameisenarena von 10x10. Ideal, um in die Welt der Ameisen einzusteigen.","og_url":"https:\/\/antderground.com\/de\/produkt\/modulares-3d-set-v2-kleines\/","og_site_name":"ANTDERGROUND","article_modified_time":"2023-12-12T20:16:55+00:00","og_image":[{"width":1280,"height":1280,"url":"https:\/\/antderground.com\/wp-content\/uploads\/2023\/12\/kit-v2.jpg","type":"image\/jpeg"}],"twitter_card":"summary_large_image","schema":{"@context":"https:\/\/schema.org","@graph":[{"@type":"WebPage","@id":"https:\/\/antderground.com\/de\/produkt\/modulares-3d-set-v2-kleines\/","url":"https:\/\/antderground.com\/de\/produkt\/modulares-3d-set-v2-kleines\/","name":"Modulares 3D-Set (v2) | 3D Ameisenhaufen 10x10 + Ameisenarena 10x10- ANTDERGROUND","isPartOf":{"@id":"https:\/\/antderground.com\/de\/#website"},"primaryImageOfPage":{"@id":"https:\/\/antderground.com\/de\/produkt\/modulares-3d-set-v2-kleines\/#primaryimage"},"image":{"@id":"https:\/\/antderground.com\/de\/produkt\/modulares-3d-set-v2-kleines\/#primaryimage"},"thumbnailUrl":"https:\/\/antderground.com\/wp-content\/uploads\/2023\/12\/kit-v2.jpg","datePublished":"2023-12-12T10:33:15+00:00","dateModified":"2023-12-12T20:16:55+00:00","description":"Modulares 3D-Set (v2) | Ameisenest 3D (modular) von 10x10 mit einer ameisenarena von 10x10. Ideal, um in die Welt der Ameisen einzusteigen.","breadcrumb":{"@id":"https:\/\/antderground.com\/de\/produkt\/modulares-3d-set-v2-kleines\/#breadcrumb"},"inLanguage":"de","potentialAction":[{"@type":"ReadAction","target":["https:\/\/antderground.com\/de\/produkt\/modulares-3d-set-v2-kleines\/"]}]},{"@type":"ImageObject","inLanguage":"de","@id":"https:\/\/antderground.com\/de\/produkt\/modulares-3d-set-v2-kleines\/#primaryimage","url":"https:\/\/antderground.com\/wp-content\/uploads\/2023\/12\/kit-v2.jpg","contentUrl":"https:\/\/antderground.com\/wp-content\/uploads\/2023\/12\/kit-v2.jpg","width":1280,"height":1280},{"@type":"BreadcrumbList","@id":"https:\/\/antderground.com\/de\/produkt\/modulares-3d-set-v2-kleines\/#breadcrumb","itemListElement":[{"@type":"ListItem","position":1,"name":"Portada","item":"https:\/\/antderground.com\/de\/"},{"@type":"ListItem","position":2,"name":"Shop","item":"https:\/\/antderground.com\/de\/shop\/"},{"@type":"ListItem","position":3,"name":"Modulares 3D-Set (v2) (Kleines)"}]},{"@type":"WebSite","@id":"https:\/\/antderground.com\/de\/#website","url":"https:\/\/antderground.com\/de\/","name":"ANTDERGROUND","description":"Tu tienda de hormigas, gran variedad de hormigueros acr\u00edlicos,madera,arena,3D y mas.. Pide tus hormigas gratis con tu pedido, somos expertos en hormigueros antifugas.","publisher":{"@id":"https:\/\/antderground.com\/de\/#\/schema\/person\/0e322c505e84fe72c65e2f6d08f96b81"},"alternateName":"Antderground","potentialAction":[{"@type":"SearchAction","target":{"@type":"EntryPoint","urlTemplate":"https:\/\/antderground.com\/de\/?s={search_term_string}"},"query-input":{"@type":"PropertyValueSpecification","valueRequired":true,"valueName":"search_term_string"}}],"inLanguage":"de"},{"@type":["Person","Organization"],"@id":"https:\/\/antderground.com\/de\/#\/schema\/person\/0e322c505e84fe72c65e2f6d08f96b81","name":"Eric de Antderground","image":{"@type":"ImageObject","inLanguage":"de","@id":"https:\/\/secure.gravatar.com\/avatar\/c49a1b9f79216d1498cb73c1e85cd47f4465dda35f2a94c03790d491bd4423c3?s=96&d=mm&r=g","url":"https:\/\/secure.gravatar.com\/avatar\/c49a1b9f79216d1498cb73c1e85cd47f4465dda35f2a94c03790d491bd4423c3?s=96&d=mm&r=g","contentUrl":"https:\/\/secure.gravatar.com\/avatar\/c49a1b9f79216d1498cb73c1e85cd47f4465dda35f2a94c03790d491bd4423c3?s=96&d=mm&r=g","caption":"Eric de Antderground"},"logo":{"@id":"https:\/\/secure.gravatar.com\/avatar\/c49a1b9f79216d1498cb73c1e85cd47f4465dda35f2a94c03790d491bd4423c3?s=96&d=mm&r=g"},"description":"Eric es el especialista y fundador de Antderground, con una amplia trayectoria en artr\u00f3podos y enfocado en la mirmecolog\u00eda y el dise\u00f1o de hormigueros artificiales. Su enfoque combina la innovaci\u00f3n t\u00e9cnica con el respeto por la biolog\u00eda de las hormigas, is\u00f3podos y otros, desarrollando sistemas de nidos modulares 3D y acr\u00edlicos que son referentes para aficionados y profesionales en toda Europa. Su objetivo es facilitar la cr\u00eda de hormigas y otros artr\u00f3podos mediante soluciones seguras y divulgaci\u00f3n de calidad.","sameAs":["https:\/\/antderground.com\/","https:\/\/www.youtube.com\/channel\/UCio72z7TlbufkAthAJIJfPw"]}]}},"_links":{"self":[{"href":"https:\/\/antderground.com\/de\/wp-json\/wp\/v2\/product\/31418","targetHints":{"allow":["GET"]}}],"collection":[{"href":"https:\/\/antderground.com\/de\/wp-json\/wp\/v2\/product"}],"about":[{"href":"https:\/\/antderground.com\/de\/wp-json\/wp\/v2\/types\/product"}],"version-history":[{"count":0,"href":"https:\/\/antderground.com\/de\/wp-json\/wp\/v2\/product\/31418\/revisions"}],"wp:featuredmedia":[{"embeddable":true,"href":"https:\/\/antderground.com\/de\/wp-json\/wp\/v2\/media\/31410"}],"wp:attachment":[{"href":"https:\/\/antderground.com\/de\/wp-json\/wp\/v2\/media?parent=31418"}],"wp:term":[{"taxonomy":"product_brand","embeddable":true,"href":"https:\/\/antderground.com\/de\/wp-json\/wp\/v2\/product_brand?post=31418"},{"taxonomy":"product_cat","embeddable":true,"href":"https:\/\/antderground.com\/de\/wp-json\/wp\/v2\/product_cat?post=31418"},{"taxonomy":"product_tag","embeddable":true,"href":"https:\/\/antderground.com\/de\/wp-json\/wp\/v2\/product_tag?post=31418"}],"curies":[{"name":"wp","href":"https:\/\/api.w.org\/{rel}","templated":true}]}}