{"id":32192,"date":"2019-07-22T13:50:55","date_gmt":"2019-07-22T11:50:55","guid":{"rendered":"https:\/\/www.antderground.com\/producto\/messor-barbarus\/"},"modified":"2025-08-24T18:26:57","modified_gmt":"2025-08-24T16:26:57","slug":"messor-barbarus","status":"publish","type":"product","link":"https:\/\/antderground.com\/de\/produkt\/messor-barbarus\/","title":{"rendered":"Messor Barbarus"},"content":{"rendered":"<p>Die <a href=\"https:\/\/antderground.com\/de\/produkt-kategorie\/ameisen\/\" target=\"_blank\" rel=\"noopener\">Ameisenk\u00f6nigin<\/a> von Messor Barbarus, ideal f\u00fcr den Einstieg in die Welt der Ameisen oder der Myrm\u00f6kologie. Nachfolgend zeigen wir einige grundlegende Informationen oder technische Datenbl\u00e4tter.<\/p>\n<p><strong>Wissenschaftlicher Name:<\/strong><\/p>\n<ul>\n<li>Art: Messor barbarus<\/li>\n<\/ul>\n<p><strong>Klassifizierung:<\/strong><\/p>\n<ul>\n<li>K\u00f6nigreich: Animalia<\/li>\n<li>Stamm: Arthropoda<\/li>\n<li>Klasse: Insecta<\/li>\n<li>Ordnung: Hymenoptera<\/li>\n<li>Familie: Formicidae<\/li>\n<li>Gattung: Messor<\/li>\n<\/ul>\n<p><strong>Morphologie:<\/strong><\/p>\n<ul>\n<li>Gr\u00f6\u00dfe: Variabel, aber Arbeiterinnen haben typischerweise eine Gr\u00f6\u00dfe von 5 bis 10 mm.<\/li>\n<li>Farbe: Braun bis r\u00f6tlich.<\/li>\n<li>Kopf: Proportional zum K\u00f6rper, mit auff\u00e4lligen F\u00fchlern und Mandibeln.<\/li>\n<li>Thorax: In drei Segmente unterteilt: Pro-, Meso- und Metathorax.<\/li>\n<li>Hinterleib: Segmentiert, mit einem charakteristischen Petiolus.<\/li>\n<\/ul>\n<p><strong>Verhalten:<\/strong><\/p>\n<ul>\n<li>Kolonietyp: Polygyne (mehrere K\u00f6niginnen pro Kolonie).<\/li>\n<li>Ern\u00e4hrung: Haupts\u00e4chlich granivoren, ern\u00e4hrt sich von Samen.<\/li>\n<li>Gewohnheiten: Bau unterirdischer Nester, die sich durch Erdhaufen an der Oberfl\u00e4che auszeichnen.<\/li>\n<\/ul>\n<p><strong>Lebensraum:<\/strong><\/p>\n<ul>\n<li>Bevorzugt trockene und warme Gebiete.<\/li>\n<li>Kann in Feldern, Wiesen und Gebieten mit niedriger Vegetation gefunden werden.<\/li>\n<\/ul>\n<p><strong>Geografische Verbreitung:<\/strong><\/p>\n<ul>\n<li>S\u00fcdeuropa und Nordafrika.<\/li>\n<\/ul>\n<p><strong>Lebenszyklus:<\/strong><\/p>\n<ul>\n<li>Vollst\u00e4ndige Metamorphose (Ei, Larve, Puppe, erwachsen).<\/li>\n<li>Die Kolonie kann mehrere K\u00f6niginnen umfassen.<\/li>\n<\/ul>\n<p><strong>Weitere Aspekte:<\/strong><\/p>\n<ul>\n<li>Interaktion mit anderen Arten: Kann mit anderen Ameisen interagieren und um Ressourcen konkurrieren.<\/li>\n<li>\u00d6kologische Bedeutung: Tr\u00e4gt zur Samenausbreitung in seinem Lebensraum bei.<\/li>\n<\/ul>\n<p>&nbsp;<\/p>\n","protected":false},"excerpt":{"rendered":"<p>Entdecken Sie Ameisen (Messor barbarus), eine perfekte Art f\u00fcr den Einstieg in die Myrm\u00f6kologie, sie ist einfach zu pflegen und eine Kolonie zu gr\u00fcnden.<\/p>\n","protected":false},"featured_media":23153,"template":"","meta":[],"product_brand":[],"product_cat":[495,496],"product_tag":[],"class_list":{"0":"post-32192","1":"product","2":"type-product","3":"status-publish","4":"has-post-thumbnail","6":"product_cat-ameisen","7":"product_cat-europaische-ameisen","9":"first","10":"instock","11":"shipping-taxable","12":"purchasable","13":"product-type-variable"},"yoast_head":"<!-- This site is optimized with the Yoast SEO plugin v27.3 - https:\/\/yoast.com\/product\/yoast-seo-wordpress\/ -->\n<title>Messor Barbarus | Ameisenk\u00f6nigin oder Ameisenkolonie - ANTDERGROUND<\/title>\n<meta name=\"description\" content=\"Entdecken Sie die Ameisenk\u00f6nigin Messor Barbarus, eine perfekte Art, um loszulegen und Ihre eigene Ameisenkolonie zu gr\u00fcnden. Beginnen Sie mit Ihren Arbeiterameisen!!\" \/>\n<meta name=\"robots\" content=\"index, follow, max-snippet:-1, max-image-preview:large, max-video-preview:-1\" \/>\n<link rel=\"canonical\" href=\"https:\/\/antderground.com\/de\/produkt\/messor-barbarus\/\" \/>\n<meta property=\"og:locale\" content=\"de_DE\" \/>\n<meta property=\"og:type\" content=\"article\" \/>\n<meta property=\"og:title\" content=\"Messor Barbarus | Ameisenk\u00f6nigin oder Ameisenkolonie - ANTDERGROUND\" \/>\n<meta property=\"og:description\" content=\"Entdecken Sie die Ameisenk\u00f6nigin Messor Barbarus, eine perfekte Art, um loszulegen und Ihre eigene Ameisenkolonie zu gr\u00fcnden. Beginnen Sie mit Ihren Arbeiterameisen!!\" \/>\n<meta property=\"og:url\" content=\"https:\/\/antderground.com\/de\/produkt\/messor-barbarus\/\" \/>\n<meta property=\"og:site_name\" content=\"ANTDERGROUND\" \/>\n<meta property=\"article:modified_time\" content=\"2025-08-24T16:26:57+00:00\" \/>\n<meta property=\"og:image\" content=\"https:\/\/antderground.com\/wp-content\/uploads\/2019\/07\/messor-barbarus-1.jpg\" \/>\n\t<meta property=\"og:image:width\" content=\"709\" \/>\n\t<meta property=\"og:image:height\" content=\"709\" \/>\n\t<meta property=\"og:image:type\" content=\"image\/jpeg\" \/>\n<meta name=\"twitter:card\" content=\"summary_large_image\" \/>\n<meta name=\"twitter:label1\" content=\"Gesch\u00e4tzte Lesezeit\" \/>\n\t<meta name=\"twitter:data1\" content=\"1\u00a0Minute\" \/>\n<script type=\"application\/ld+json\" class=\"yoast-schema-graph\">{\"@context\":\"https:\\\/\\\/schema.org\",\"@graph\":[{\"@type\":\"WebPage\",\"@id\":\"https:\\\/\\\/antderground.com\\\/de\\\/produkt\\\/messor-barbarus\\\/\",\"url\":\"https:\\\/\\\/antderground.com\\\/de\\\/produkt\\\/messor-barbarus\\\/\",\"name\":\"Messor Barbarus | Ameisenk\u00f6nigin oder Ameisenkolonie - ANTDERGROUND\",\"isPartOf\":{\"@id\":\"https:\\\/\\\/antderground.com\\\/de\\\/#website\"},\"primaryImageOfPage\":{\"@id\":\"https:\\\/\\\/antderground.com\\\/de\\\/produkt\\\/messor-barbarus\\\/#primaryimage\"},\"image\":{\"@id\":\"https:\\\/\\\/antderground.com\\\/de\\\/produkt\\\/messor-barbarus\\\/#primaryimage\"},\"thumbnailUrl\":\"https:\\\/\\\/antderground.com\\\/wp-content\\\/uploads\\\/2019\\\/07\\\/messor-barbarus-1.jpg\",\"datePublished\":\"2019-07-22T11:50:55+00:00\",\"dateModified\":\"2025-08-24T16:26:57+00:00\",\"description\":\"Entdecken Sie die Ameisenk\u00f6nigin Messor Barbarus, eine perfekte Art, um loszulegen und Ihre eigene Ameisenkolonie zu gr\u00fcnden. Beginnen Sie mit Ihren Arbeiterameisen!!\",\"breadcrumb\":{\"@id\":\"https:\\\/\\\/antderground.com\\\/de\\\/produkt\\\/messor-barbarus\\\/#breadcrumb\"},\"inLanguage\":\"de\",\"potentialAction\":[{\"@type\":\"ReadAction\",\"target\":[\"https:\\\/\\\/antderground.com\\\/de\\\/produkt\\\/messor-barbarus\\\/\"]}]},{\"@type\":\"ImageObject\",\"inLanguage\":\"de\",\"@id\":\"https:\\\/\\\/antderground.com\\\/de\\\/produkt\\\/messor-barbarus\\\/#primaryimage\",\"url\":\"https:\\\/\\\/antderground.com\\\/wp-content\\\/uploads\\\/2019\\\/07\\\/messor-barbarus-1.jpg\",\"contentUrl\":\"https:\\\/\\\/antderground.com\\\/wp-content\\\/uploads\\\/2019\\\/07\\\/messor-barbarus-1.jpg\",\"width\":709,\"height\":709,\"caption\":\"hormiga messor barbarus\"},{\"@type\":\"BreadcrumbList\",\"@id\":\"https:\\\/\\\/antderground.com\\\/de\\\/produkt\\\/messor-barbarus\\\/#breadcrumb\",\"itemListElement\":[{\"@type\":\"ListItem\",\"position\":1,\"name\":\"Portada\",\"item\":\"https:\\\/\\\/antderground.com\\\/de\\\/\"},{\"@type\":\"ListItem\",\"position\":2,\"name\":\"Shop\",\"item\":\"https:\\\/\\\/antderground.com\\\/de\\\/shop\\\/\"},{\"@type\":\"ListItem\",\"position\":3,\"name\":\"Messor Barbarus\"}]},{\"@type\":\"WebSite\",\"@id\":\"https:\\\/\\\/antderground.com\\\/de\\\/#website\",\"url\":\"https:\\\/\\\/antderground.com\\\/de\\\/\",\"name\":\"ANTDERGROUND\",\"description\":\"Tu tienda de hormigas, gran variedad de hormigueros acr\u00edlicos,madera,arena,3D y mas.. Pide tus hormigas gratis con tu pedido, somos expertos en hormigueros antifugas.\",\"publisher\":{\"@id\":\"https:\\\/\\\/antderground.com\\\/de\\\/#\\\/schema\\\/person\\\/0e322c505e84fe72c65e2f6d08f96b81\"},\"alternateName\":\"Antderground\",\"potentialAction\":[{\"@type\":\"SearchAction\",\"target\":{\"@type\":\"EntryPoint\",\"urlTemplate\":\"https:\\\/\\\/antderground.com\\\/de\\\/?s={search_term_string}\"},\"query-input\":{\"@type\":\"PropertyValueSpecification\",\"valueRequired\":true,\"valueName\":\"search_term_string\"}}],\"inLanguage\":\"de\"},{\"@type\":[\"Person\",\"Organization\"],\"@id\":\"https:\\\/\\\/antderground.com\\\/de\\\/#\\\/schema\\\/person\\\/0e322c505e84fe72c65e2f6d08f96b81\",\"name\":\"Eric de Antderground\",\"image\":{\"@type\":\"ImageObject\",\"inLanguage\":\"de\",\"@id\":\"https:\\\/\\\/secure.gravatar.com\\\/avatar\\\/c49a1b9f79216d1498cb73c1e85cd47f4465dda35f2a94c03790d491bd4423c3?s=96&d=mm&r=g\",\"url\":\"https:\\\/\\\/secure.gravatar.com\\\/avatar\\\/c49a1b9f79216d1498cb73c1e85cd47f4465dda35f2a94c03790d491bd4423c3?s=96&d=mm&r=g\",\"contentUrl\":\"https:\\\/\\\/secure.gravatar.com\\\/avatar\\\/c49a1b9f79216d1498cb73c1e85cd47f4465dda35f2a94c03790d491bd4423c3?s=96&d=mm&r=g\",\"caption\":\"Eric de Antderground\"},\"logo\":{\"@id\":\"https:\\\/\\\/secure.gravatar.com\\\/avatar\\\/c49a1b9f79216d1498cb73c1e85cd47f4465dda35f2a94c03790d491bd4423c3?s=96&d=mm&r=g\"},\"description\":\"Eric es el especialista y fundador de Antderground, con una amplia trayectoria en artr\u00f3podos y enfocado en la mirmecolog\u00eda y el dise\u00f1o de hormigueros artificiales. Su enfoque combina la innovaci\u00f3n t\u00e9cnica con el respeto por la biolog\u00eda de las hormigas, is\u00f3podos y otros, desarrollando sistemas de nidos modulares 3D y acr\u00edlicos que son referentes para aficionados y profesionales en toda Europa. Su objetivo es facilitar la cr\u00eda de hormigas y otros artr\u00f3podos mediante soluciones seguras y divulgaci\u00f3n de calidad.\",\"sameAs\":[\"https:\\\/\\\/antderground.com\\\/\",\"https:\\\/\\\/www.youtube.com\\\/channel\\\/UCio72z7TlbufkAthAJIJfPw\"]}]}<\/script>\n<!-- \/ Yoast SEO plugin. -->","yoast_head_json":{"title":"Messor Barbarus | Ameisenk\u00f6nigin oder Ameisenkolonie - ANTDERGROUND","description":"Entdecken Sie die Ameisenk\u00f6nigin Messor Barbarus, eine perfekte Art, um loszulegen und Ihre eigene Ameisenkolonie zu gr\u00fcnden. Beginnen Sie mit Ihren Arbeiterameisen!!","robots":{"index":"index","follow":"follow","max-snippet":"max-snippet:-1","max-image-preview":"max-image-preview:large","max-video-preview":"max-video-preview:-1"},"canonical":"https:\/\/antderground.com\/de\/produkt\/messor-barbarus\/","og_locale":"de_DE","og_type":"article","og_title":"Messor Barbarus | Ameisenk\u00f6nigin oder Ameisenkolonie - ANTDERGROUND","og_description":"Entdecken Sie die Ameisenk\u00f6nigin Messor Barbarus, eine perfekte Art, um loszulegen und Ihre eigene Ameisenkolonie zu gr\u00fcnden. Beginnen Sie mit Ihren Arbeiterameisen!!","og_url":"https:\/\/antderground.com\/de\/produkt\/messor-barbarus\/","og_site_name":"ANTDERGROUND","article_modified_time":"2025-08-24T16:26:57+00:00","og_image":[{"width":709,"height":709,"url":"https:\/\/antderground.com\/wp-content\/uploads\/2019\/07\/messor-barbarus-1.jpg","type":"image\/jpeg"}],"twitter_card":"summary_large_image","twitter_misc":{"Gesch\u00e4tzte Lesezeit":"1\u00a0Minute"},"schema":{"@context":"https:\/\/schema.org","@graph":[{"@type":"WebPage","@id":"https:\/\/antderground.com\/de\/produkt\/messor-barbarus\/","url":"https:\/\/antderground.com\/de\/produkt\/messor-barbarus\/","name":"Messor Barbarus | Ameisenk\u00f6nigin oder Ameisenkolonie - ANTDERGROUND","isPartOf":{"@id":"https:\/\/antderground.com\/de\/#website"},"primaryImageOfPage":{"@id":"https:\/\/antderground.com\/de\/produkt\/messor-barbarus\/#primaryimage"},"image":{"@id":"https:\/\/antderground.com\/de\/produkt\/messor-barbarus\/#primaryimage"},"thumbnailUrl":"https:\/\/antderground.com\/wp-content\/uploads\/2019\/07\/messor-barbarus-1.jpg","datePublished":"2019-07-22T11:50:55+00:00","dateModified":"2025-08-24T16:26:57+00:00","description":"Entdecken Sie die Ameisenk\u00f6nigin Messor Barbarus, eine perfekte Art, um loszulegen und Ihre eigene Ameisenkolonie zu gr\u00fcnden. Beginnen Sie mit Ihren Arbeiterameisen!!","breadcrumb":{"@id":"https:\/\/antderground.com\/de\/produkt\/messor-barbarus\/#breadcrumb"},"inLanguage":"de","potentialAction":[{"@type":"ReadAction","target":["https:\/\/antderground.com\/de\/produkt\/messor-barbarus\/"]}]},{"@type":"ImageObject","inLanguage":"de","@id":"https:\/\/antderground.com\/de\/produkt\/messor-barbarus\/#primaryimage","url":"https:\/\/antderground.com\/wp-content\/uploads\/2019\/07\/messor-barbarus-1.jpg","contentUrl":"https:\/\/antderground.com\/wp-content\/uploads\/2019\/07\/messor-barbarus-1.jpg","width":709,"height":709,"caption":"hormiga messor barbarus"},{"@type":"BreadcrumbList","@id":"https:\/\/antderground.com\/de\/produkt\/messor-barbarus\/#breadcrumb","itemListElement":[{"@type":"ListItem","position":1,"name":"Portada","item":"https:\/\/antderground.com\/de\/"},{"@type":"ListItem","position":2,"name":"Shop","item":"https:\/\/antderground.com\/de\/shop\/"},{"@type":"ListItem","position":3,"name":"Messor Barbarus"}]},{"@type":"WebSite","@id":"https:\/\/antderground.com\/de\/#website","url":"https:\/\/antderground.com\/de\/","name":"ANTDERGROUND","description":"Tu tienda de hormigas, gran variedad de hormigueros acr\u00edlicos,madera,arena,3D y mas.. Pide tus hormigas gratis con tu pedido, somos expertos en hormigueros antifugas.","publisher":{"@id":"https:\/\/antderground.com\/de\/#\/schema\/person\/0e322c505e84fe72c65e2f6d08f96b81"},"alternateName":"Antderground","potentialAction":[{"@type":"SearchAction","target":{"@type":"EntryPoint","urlTemplate":"https:\/\/antderground.com\/de\/?s={search_term_string}"},"query-input":{"@type":"PropertyValueSpecification","valueRequired":true,"valueName":"search_term_string"}}],"inLanguage":"de"},{"@type":["Person","Organization"],"@id":"https:\/\/antderground.com\/de\/#\/schema\/person\/0e322c505e84fe72c65e2f6d08f96b81","name":"Eric de Antderground","image":{"@type":"ImageObject","inLanguage":"de","@id":"https:\/\/secure.gravatar.com\/avatar\/c49a1b9f79216d1498cb73c1e85cd47f4465dda35f2a94c03790d491bd4423c3?s=96&d=mm&r=g","url":"https:\/\/secure.gravatar.com\/avatar\/c49a1b9f79216d1498cb73c1e85cd47f4465dda35f2a94c03790d491bd4423c3?s=96&d=mm&r=g","contentUrl":"https:\/\/secure.gravatar.com\/avatar\/c49a1b9f79216d1498cb73c1e85cd47f4465dda35f2a94c03790d491bd4423c3?s=96&d=mm&r=g","caption":"Eric de Antderground"},"logo":{"@id":"https:\/\/secure.gravatar.com\/avatar\/c49a1b9f79216d1498cb73c1e85cd47f4465dda35f2a94c03790d491bd4423c3?s=96&d=mm&r=g"},"description":"Eric es el especialista y fundador de Antderground, con una amplia trayectoria en artr\u00f3podos y enfocado en la mirmecolog\u00eda y el dise\u00f1o de hormigueros artificiales. Su enfoque combina la innovaci\u00f3n t\u00e9cnica con el respeto por la biolog\u00eda de las hormigas, is\u00f3podos y otros, desarrollando sistemas de nidos modulares 3D y acr\u00edlicos que son referentes para aficionados y profesionales en toda Europa. Su objetivo es facilitar la cr\u00eda de hormigas y otros artr\u00f3podos mediante soluciones seguras y divulgaci\u00f3n de calidad.","sameAs":["https:\/\/antderground.com\/","https:\/\/www.youtube.com\/channel\/UCio72z7TlbufkAthAJIJfPw"]}]}},"_links":{"self":[{"href":"https:\/\/antderground.com\/de\/wp-json\/wp\/v2\/product\/32192","targetHints":{"allow":["GET"]}}],"collection":[{"href":"https:\/\/antderground.com\/de\/wp-json\/wp\/v2\/product"}],"about":[{"href":"https:\/\/antderground.com\/de\/wp-json\/wp\/v2\/types\/product"}],"version-history":[{"count":0,"href":"https:\/\/antderground.com\/de\/wp-json\/wp\/v2\/product\/32192\/revisions"}],"wp:featuredmedia":[{"embeddable":true,"href":"https:\/\/antderground.com\/de\/wp-json\/wp\/v2\/media\/23153"}],"wp:attachment":[{"href":"https:\/\/antderground.com\/de\/wp-json\/wp\/v2\/media?parent=32192"}],"wp:term":[{"taxonomy":"product_brand","embeddable":true,"href":"https:\/\/antderground.com\/de\/wp-json\/wp\/v2\/product_brand?post=32192"},{"taxonomy":"product_cat","embeddable":true,"href":"https:\/\/antderground.com\/de\/wp-json\/wp\/v2\/product_cat?post=32192"},{"taxonomy":"product_tag","embeddable":true,"href":"https:\/\/antderground.com\/de\/wp-json\/wp\/v2\/product_tag?post=32192"}],"curies":[{"name":"wp","href":"https:\/\/api.w.org\/{rel}","templated":true}]}}