{"id":33325,"date":"2024-03-26T17:12:51","date_gmt":"2024-03-26T16:12:51","guid":{"rendered":"https:\/\/www.antderground.com\/producto\/cubaris-panda-king\/"},"modified":"2024-03-26T17:12:51","modified_gmt":"2024-03-26T16:12:51","slug":"cubaris-panda-king","status":"publish","type":"product","link":"https:\/\/antderground.com\/de\/produkt\/cubaris-panda-king\/","title":{"rendered":"Cubaris panda king"},"content":{"rendered":"<p><strong>Name:<\/strong> Cubaris panda king<br \/>\n<strong>Gew\u00f6hnlicher Name:<\/strong> Cubaris panda king<br \/>\n<strong>Taxonomische Klassifikation:<\/strong><\/p>\n<p>K\u00f6nigreich: Animalia<br \/>\nStamm: Arthropoda<br \/>\nUnterstamm: Crustacea<br \/>\nKlasse: Malacostraca<br \/>\nOrdnung: Isopoda<br \/>\nFamilie: Cubaridae<br \/>\nGattung: Cubaris<br \/>\nSpezies: Cubaris panda king<br \/>\nVerbreitung: Sie kommen haupts\u00e4chlich in tropischen und subtropischen Lebensr\u00e4umen vor, insbesondere in asiatischen Gebieten wie Thailand.<\/p>\n<p><strong>Beschreibung:<\/strong><\/p>\n<p>Gr\u00f6\u00dfe: Die Cubaris panda king haben eine Gr\u00f6\u00dfe, die in der Regel zwischen 5 mm und 1,3 cm variiert.<br \/>\nFarbe: In der Regel in dunklen Farbt\u00f6nen, mit Mustern, die an einen Panda erinnern, was ihnen ihren gebr\u00e4uchlichen Namen gibt.<br \/>\nK\u00f6rperform: Oval und dorsoventral abgeflacht, mit sieben Paar Beinen.<br \/>\nLebensraum: Sie leben in feuchten und dunklen Umgebungen, wie unter Steinen, verrottendem Holz, Laub oder in H\u00f6hlen.<\/p>\n<p><strong>Ern\u00e4hrung:<\/strong> Sie sind Detritivoren, das hei\u00dft, sie ern\u00e4hren sich haupts\u00e4chlich von organischem Material in Zersetzung, wie abgestorbenen Bl\u00e4ttern, verrottendem Holz und anderen pflanzlichen \u00dcberresten.<\/p>\n<p><strong>Verhalten:<\/strong> Cubaris panda king ist bekannt daf\u00fcr, eine soziale Art zu sein, die dazu neigt, sich in Kolonien zu gruppieren. Sie sind nachtaktiv und verbringen den gr\u00f6\u00dften Teil des Tages versteckt.<\/p>\n<p><strong>Fortpflanzung:<\/strong> Sie reproduzieren sich durch Parthenogenese, ein Prozess, bei dem die Eier sich ohne Befruchtung durch M\u00e4nnchen entwickeln. Die Nachkommen durchlaufen mehrere Entwicklungsstadien, bevor sie erwachsen werden.<\/p>\n<p><strong>\u00d6kologische Bedeutung:<\/strong> Cubaris panda king spielt eine wichtige Rolle bei der Zersetzung organischer Materie in \u00d6kosystemen, was zum N\u00e4hrstoffkreislauf beitr\u00e4gt und zur Bodengesundheit beitr\u00e4gt.<\/p>\n","protected":false},"excerpt":{"rendered":"<p>Entdecken Sie das faszinierende Leben im Kleinen mit dem Cubaris Panda King! W\u00e4chter des \u00f6kologischen Gleichgewichts f\u00fcr Ihr Terrarium. Erwecken Sie Ihren Lebensraum mit diesen entz\u00fcckenden und n\u00fctzlichen Begleitern zum Leben!<\/p>\n","protected":false},"featured_media":33304,"template":"","meta":[],"product_brand":[],"product_cat":[528,530,719],"product_tag":[],"class_list":{"0":"post-33325","1":"product","2":"type-product","3":"status-publish","4":"has-post-thumbnail","6":"product_cat-arthropoden","7":"product_cat-isopoden","8":"product_cat-cubaris","10":"first","11":"instock","12":"shipping-taxable","13":"purchasable","14":"product-type-variable"},"yoast_head":"<!-- This site is optimized with the Yoast SEO plugin v27.3 - https:\/\/yoast.com\/product\/yoast-seo-wordpress\/ -->\n<title>Cubaris panda king | Isopoden | Insekten - ANTDERGROUND<\/title>\n<meta name=\"description\" content=\"Neue Asseln (Cubaris Panda King) sind f\u00fcr ihre Farbe bekannt und geh\u00f6ren zu den sch\u00f6nsten in der Kategorie der Asseln (Terrarium).\" \/>\n<meta name=\"robots\" content=\"index, follow, max-snippet:-1, max-image-preview:large, max-video-preview:-1\" \/>\n<link rel=\"canonical\" href=\"https:\/\/antderground.com\/de\/produkt\/cubaris-panda-king\/\" \/>\n<meta property=\"og:locale\" content=\"de_DE\" \/>\n<meta property=\"og:type\" content=\"article\" \/>\n<meta property=\"og:title\" content=\"Cubaris panda king | Isopoden | Insekten - ANTDERGROUND\" \/>\n<meta property=\"og:description\" content=\"Neue Asseln (Cubaris Panda King) sind f\u00fcr ihre Farbe bekannt und geh\u00f6ren zu den sch\u00f6nsten in der Kategorie der Asseln (Terrarium).\" \/>\n<meta property=\"og:url\" content=\"https:\/\/antderground.com\/de\/produkt\/cubaris-panda-king\/\" \/>\n<meta property=\"og:site_name\" content=\"ANTDERGROUND\" \/>\n<meta property=\"og:image\" content=\"https:\/\/antderground.com\/wp-content\/uploads\/2024\/03\/Cubaris-panda-king.jpg\" \/>\n\t<meta property=\"og:image:width\" content=\"1826\" \/>\n\t<meta property=\"og:image:height\" content=\"1826\" \/>\n\t<meta property=\"og:image:type\" content=\"image\/jpeg\" \/>\n<meta name=\"twitter:card\" content=\"summary_large_image\" \/>\n<meta name=\"twitter:label1\" content=\"Gesch\u00e4tzte Lesezeit\" \/>\n\t<meta name=\"twitter:data1\" content=\"1\u00a0Minute\" \/>\n<script type=\"application\/ld+json\" class=\"yoast-schema-graph\">{\"@context\":\"https:\\\/\\\/schema.org\",\"@graph\":[{\"@type\":\"WebPage\",\"@id\":\"https:\\\/\\\/antderground.com\\\/de\\\/produkt\\\/cubaris-panda-king\\\/\",\"url\":\"https:\\\/\\\/antderground.com\\\/de\\\/produkt\\\/cubaris-panda-king\\\/\",\"name\":\"Cubaris panda king | Isopoden | Insekten - ANTDERGROUND\",\"isPartOf\":{\"@id\":\"https:\\\/\\\/antderground.com\\\/de\\\/#website\"},\"primaryImageOfPage\":{\"@id\":\"https:\\\/\\\/antderground.com\\\/de\\\/produkt\\\/cubaris-panda-king\\\/#primaryimage\"},\"image\":{\"@id\":\"https:\\\/\\\/antderground.com\\\/de\\\/produkt\\\/cubaris-panda-king\\\/#primaryimage\"},\"thumbnailUrl\":\"https:\\\/\\\/antderground.com\\\/wp-content\\\/uploads\\\/2024\\\/03\\\/Cubaris-panda-king.jpg\",\"datePublished\":\"2024-03-26T16:12:51+00:00\",\"description\":\"Neue Asseln (Cubaris Panda King) sind f\u00fcr ihre Farbe bekannt und geh\u00f6ren zu den sch\u00f6nsten in der Kategorie der Asseln (Terrarium).\",\"breadcrumb\":{\"@id\":\"https:\\\/\\\/antderground.com\\\/de\\\/produkt\\\/cubaris-panda-king\\\/#breadcrumb\"},\"inLanguage\":\"de\",\"potentialAction\":[{\"@type\":\"ReadAction\",\"target\":[\"https:\\\/\\\/antderground.com\\\/de\\\/produkt\\\/cubaris-panda-king\\\/\"]}]},{\"@type\":\"ImageObject\",\"inLanguage\":\"de\",\"@id\":\"https:\\\/\\\/antderground.com\\\/de\\\/produkt\\\/cubaris-panda-king\\\/#primaryimage\",\"url\":\"https:\\\/\\\/antderground.com\\\/wp-content\\\/uploads\\\/2024\\\/03\\\/Cubaris-panda-king.jpg\",\"contentUrl\":\"https:\\\/\\\/antderground.com\\\/wp-content\\\/uploads\\\/2024\\\/03\\\/Cubaris-panda-king.jpg\",\"width\":1826,\"height\":1826,\"caption\":\"Cubaris panda king\"},{\"@type\":\"BreadcrumbList\",\"@id\":\"https:\\\/\\\/antderground.com\\\/de\\\/produkt\\\/cubaris-panda-king\\\/#breadcrumb\",\"itemListElement\":[{\"@type\":\"ListItem\",\"position\":1,\"name\":\"Portada\",\"item\":\"https:\\\/\\\/antderground.com\\\/de\\\/\"},{\"@type\":\"ListItem\",\"position\":2,\"name\":\"Shop\",\"item\":\"https:\\\/\\\/antderground.com\\\/de\\\/shop\\\/\"},{\"@type\":\"ListItem\",\"position\":3,\"name\":\"Cubaris panda king\"}]},{\"@type\":\"WebSite\",\"@id\":\"https:\\\/\\\/antderground.com\\\/de\\\/#website\",\"url\":\"https:\\\/\\\/antderground.com\\\/de\\\/\",\"name\":\"ANTDERGROUND\",\"description\":\"Tu tienda de hormigas, gran variedad de hormigueros acr\u00edlicos,madera,arena,3D y mas.. Pide tus hormigas gratis con tu pedido, somos expertos en hormigueros antifugas.\",\"publisher\":{\"@id\":\"https:\\\/\\\/antderground.com\\\/de\\\/#\\\/schema\\\/person\\\/0e322c505e84fe72c65e2f6d08f96b81\"},\"alternateName\":\"Antderground\",\"potentialAction\":[{\"@type\":\"SearchAction\",\"target\":{\"@type\":\"EntryPoint\",\"urlTemplate\":\"https:\\\/\\\/antderground.com\\\/de\\\/?s={search_term_string}\"},\"query-input\":{\"@type\":\"PropertyValueSpecification\",\"valueRequired\":true,\"valueName\":\"search_term_string\"}}],\"inLanguage\":\"de\"},{\"@type\":[\"Person\",\"Organization\"],\"@id\":\"https:\\\/\\\/antderground.com\\\/de\\\/#\\\/schema\\\/person\\\/0e322c505e84fe72c65e2f6d08f96b81\",\"name\":\"Eric de Antderground\",\"image\":{\"@type\":\"ImageObject\",\"inLanguage\":\"de\",\"@id\":\"https:\\\/\\\/secure.gravatar.com\\\/avatar\\\/c49a1b9f79216d1498cb73c1e85cd47f4465dda35f2a94c03790d491bd4423c3?s=96&d=mm&r=g\",\"url\":\"https:\\\/\\\/secure.gravatar.com\\\/avatar\\\/c49a1b9f79216d1498cb73c1e85cd47f4465dda35f2a94c03790d491bd4423c3?s=96&d=mm&r=g\",\"contentUrl\":\"https:\\\/\\\/secure.gravatar.com\\\/avatar\\\/c49a1b9f79216d1498cb73c1e85cd47f4465dda35f2a94c03790d491bd4423c3?s=96&d=mm&r=g\",\"caption\":\"Eric de Antderground\"},\"logo\":{\"@id\":\"https:\\\/\\\/secure.gravatar.com\\\/avatar\\\/c49a1b9f79216d1498cb73c1e85cd47f4465dda35f2a94c03790d491bd4423c3?s=96&d=mm&r=g\"},\"description\":\"Eric es el especialista y fundador de Antderground, con una amplia trayectoria en artr\u00f3podos y enfocado en la mirmecolog\u00eda y el dise\u00f1o de hormigueros artificiales. Su enfoque combina la innovaci\u00f3n t\u00e9cnica con el respeto por la biolog\u00eda de las hormigas, is\u00f3podos y otros, desarrollando sistemas de nidos modulares 3D y acr\u00edlicos que son referentes para aficionados y profesionales en toda Europa. Su objetivo es facilitar la cr\u00eda de hormigas y otros artr\u00f3podos mediante soluciones seguras y divulgaci\u00f3n de calidad.\",\"sameAs\":[\"https:\\\/\\\/antderground.com\\\/\",\"https:\\\/\\\/www.youtube.com\\\/channel\\\/UCio72z7TlbufkAthAJIJfPw\"]}]}<\/script>\n<!-- \/ Yoast SEO plugin. -->","yoast_head_json":{"title":"Cubaris panda king | Isopoden | Insekten - ANTDERGROUND","description":"Neue Asseln (Cubaris Panda King) sind f\u00fcr ihre Farbe bekannt und geh\u00f6ren zu den sch\u00f6nsten in der Kategorie der Asseln (Terrarium).","robots":{"index":"index","follow":"follow","max-snippet":"max-snippet:-1","max-image-preview":"max-image-preview:large","max-video-preview":"max-video-preview:-1"},"canonical":"https:\/\/antderground.com\/de\/produkt\/cubaris-panda-king\/","og_locale":"de_DE","og_type":"article","og_title":"Cubaris panda king | Isopoden | Insekten - ANTDERGROUND","og_description":"Neue Asseln (Cubaris Panda King) sind f\u00fcr ihre Farbe bekannt und geh\u00f6ren zu den sch\u00f6nsten in der Kategorie der Asseln (Terrarium).","og_url":"https:\/\/antderground.com\/de\/produkt\/cubaris-panda-king\/","og_site_name":"ANTDERGROUND","og_image":[{"width":1826,"height":1826,"url":"https:\/\/antderground.com\/wp-content\/uploads\/2024\/03\/Cubaris-panda-king.jpg","type":"image\/jpeg"}],"twitter_card":"summary_large_image","twitter_misc":{"Gesch\u00e4tzte Lesezeit":"1\u00a0Minute"},"schema":{"@context":"https:\/\/schema.org","@graph":[{"@type":"WebPage","@id":"https:\/\/antderground.com\/de\/produkt\/cubaris-panda-king\/","url":"https:\/\/antderground.com\/de\/produkt\/cubaris-panda-king\/","name":"Cubaris panda king | Isopoden | Insekten - ANTDERGROUND","isPartOf":{"@id":"https:\/\/antderground.com\/de\/#website"},"primaryImageOfPage":{"@id":"https:\/\/antderground.com\/de\/produkt\/cubaris-panda-king\/#primaryimage"},"image":{"@id":"https:\/\/antderground.com\/de\/produkt\/cubaris-panda-king\/#primaryimage"},"thumbnailUrl":"https:\/\/antderground.com\/wp-content\/uploads\/2024\/03\/Cubaris-panda-king.jpg","datePublished":"2024-03-26T16:12:51+00:00","description":"Neue Asseln (Cubaris Panda King) sind f\u00fcr ihre Farbe bekannt und geh\u00f6ren zu den sch\u00f6nsten in der Kategorie der Asseln (Terrarium).","breadcrumb":{"@id":"https:\/\/antderground.com\/de\/produkt\/cubaris-panda-king\/#breadcrumb"},"inLanguage":"de","potentialAction":[{"@type":"ReadAction","target":["https:\/\/antderground.com\/de\/produkt\/cubaris-panda-king\/"]}]},{"@type":"ImageObject","inLanguage":"de","@id":"https:\/\/antderground.com\/de\/produkt\/cubaris-panda-king\/#primaryimage","url":"https:\/\/antderground.com\/wp-content\/uploads\/2024\/03\/Cubaris-panda-king.jpg","contentUrl":"https:\/\/antderground.com\/wp-content\/uploads\/2024\/03\/Cubaris-panda-king.jpg","width":1826,"height":1826,"caption":"Cubaris panda king"},{"@type":"BreadcrumbList","@id":"https:\/\/antderground.com\/de\/produkt\/cubaris-panda-king\/#breadcrumb","itemListElement":[{"@type":"ListItem","position":1,"name":"Portada","item":"https:\/\/antderground.com\/de\/"},{"@type":"ListItem","position":2,"name":"Shop","item":"https:\/\/antderground.com\/de\/shop\/"},{"@type":"ListItem","position":3,"name":"Cubaris panda king"}]},{"@type":"WebSite","@id":"https:\/\/antderground.com\/de\/#website","url":"https:\/\/antderground.com\/de\/","name":"ANTDERGROUND","description":"Tu tienda de hormigas, gran variedad de hormigueros acr\u00edlicos,madera,arena,3D y mas.. Pide tus hormigas gratis con tu pedido, somos expertos en hormigueros antifugas.","publisher":{"@id":"https:\/\/antderground.com\/de\/#\/schema\/person\/0e322c505e84fe72c65e2f6d08f96b81"},"alternateName":"Antderground","potentialAction":[{"@type":"SearchAction","target":{"@type":"EntryPoint","urlTemplate":"https:\/\/antderground.com\/de\/?s={search_term_string}"},"query-input":{"@type":"PropertyValueSpecification","valueRequired":true,"valueName":"search_term_string"}}],"inLanguage":"de"},{"@type":["Person","Organization"],"@id":"https:\/\/antderground.com\/de\/#\/schema\/person\/0e322c505e84fe72c65e2f6d08f96b81","name":"Eric de Antderground","image":{"@type":"ImageObject","inLanguage":"de","@id":"https:\/\/secure.gravatar.com\/avatar\/c49a1b9f79216d1498cb73c1e85cd47f4465dda35f2a94c03790d491bd4423c3?s=96&d=mm&r=g","url":"https:\/\/secure.gravatar.com\/avatar\/c49a1b9f79216d1498cb73c1e85cd47f4465dda35f2a94c03790d491bd4423c3?s=96&d=mm&r=g","contentUrl":"https:\/\/secure.gravatar.com\/avatar\/c49a1b9f79216d1498cb73c1e85cd47f4465dda35f2a94c03790d491bd4423c3?s=96&d=mm&r=g","caption":"Eric de Antderground"},"logo":{"@id":"https:\/\/secure.gravatar.com\/avatar\/c49a1b9f79216d1498cb73c1e85cd47f4465dda35f2a94c03790d491bd4423c3?s=96&d=mm&r=g"},"description":"Eric es el especialista y fundador de Antderground, con una amplia trayectoria en artr\u00f3podos y enfocado en la mirmecolog\u00eda y el dise\u00f1o de hormigueros artificiales. Su enfoque combina la innovaci\u00f3n t\u00e9cnica con el respeto por la biolog\u00eda de las hormigas, is\u00f3podos y otros, desarrollando sistemas de nidos modulares 3D y acr\u00edlicos que son referentes para aficionados y profesionales en toda Europa. Su objetivo es facilitar la cr\u00eda de hormigas y otros artr\u00f3podos mediante soluciones seguras y divulgaci\u00f3n de calidad.","sameAs":["https:\/\/antderground.com\/","https:\/\/www.youtube.com\/channel\/UCio72z7TlbufkAthAJIJfPw"]}]}},"_links":{"self":[{"href":"https:\/\/antderground.com\/de\/wp-json\/wp\/v2\/product\/33325","targetHints":{"allow":["GET"]}}],"collection":[{"href":"https:\/\/antderground.com\/de\/wp-json\/wp\/v2\/product"}],"about":[{"href":"https:\/\/antderground.com\/de\/wp-json\/wp\/v2\/types\/product"}],"version-history":[{"count":0,"href":"https:\/\/antderground.com\/de\/wp-json\/wp\/v2\/product\/33325\/revisions"}],"wp:featuredmedia":[{"embeddable":true,"href":"https:\/\/antderground.com\/de\/wp-json\/wp\/v2\/media\/33304"}],"wp:attachment":[{"href":"https:\/\/antderground.com\/de\/wp-json\/wp\/v2\/media?parent=33325"}],"wp:term":[{"taxonomy":"product_brand","embeddable":true,"href":"https:\/\/antderground.com\/de\/wp-json\/wp\/v2\/product_brand?post=33325"},{"taxonomy":"product_cat","embeddable":true,"href":"https:\/\/antderground.com\/de\/wp-json\/wp\/v2\/product_cat?post=33325"},{"taxonomy":"product_tag","embeddable":true,"href":"https:\/\/antderground.com\/de\/wp-json\/wp\/v2\/product_tag?post=33325"}],"curies":[{"name":"wp","href":"https:\/\/api.w.org\/{rel}","templated":true}]}}