{"id":33813,"date":"2024-04-24T11:04:31","date_gmt":"2024-04-24T09:04:31","guid":{"rendered":"https:\/\/www.antderground.com\/producto\/sepia-knochen\/"},"modified":"2024-04-24T11:04:31","modified_gmt":"2024-04-24T09:04:31","slug":"sepia-knochen","status":"publish","type":"product","link":"https:\/\/antderground.com\/de\/produkt\/sepia-knochen\/","title":{"rendered":"Sepia Knochen"},"content":{"rendered":"<h2>Der wert des sepia-knochens f\u00fcr die tierwelt<\/h2>\n<p>In dem komplexen Netzwerk der Natur haben selbst die kleinsten Details eine gro\u00dfe Auswirkung. Der Sepia-Knochen, ein scheinbar unbedeutender Meeresabfall, ist tats\u00e4chlich ein Schatz f\u00fcr Insekten und andere winzige Lebewesen wie Isopoden.<\/p>\n<p>Unter der Erde zersetzen Isopoden organische Materie, eine lebenswichtige Rolle, die Kalzium f\u00fcr die St\u00e4rkung ihrer Exoskelette und die Sicherung ihrer Fortpflanzung erfordert. Die kalkhaltige Schale des Sepia liefert diese entscheidende Kalziumquelle.<\/p>\n<p>Aber die Vorteile erstrecken sich auf eine Vielzahl von Kreaturen. Von Insekten \u00fcber Reptilien bis hin zu V\u00f6geln profitieren alle von Kalzium f\u00fcr ihre Gesundheit und Fortpflanzung. Die Zugabe von Sepia-Knochen zur Ern\u00e4hrung dieser Kreaturen f\u00f6rdert ihr Wohlbefinden und ihre Langlebigkeit und tr\u00e4gt somit zum \u00f6kologischen Gleichgewicht bei.<\/p>\n<p>Zusammenfassend ist der Sepia-Knochen nicht nur ein Meeresabfall, sondern ein wertvolles Gut, das die Verflechtung und Gro\u00dfz\u00fcgigkeit der Natur unterstreicht. Indem wir jedes Element der nat\u00fcrlichen Welt wertsch\u00e4tzen und bewahren, sichern wir eine lebendige Zukunft f\u00fcr alle Lebensformen auf unserem Planeten.<\/p>\n","protected":false},"excerpt":{"rendered":"<p>\u00a1Maximiza la salud de tus mascotas y promueve la biodiversidad! Los huesos de calamar est\u00e1n llenos de calcio y son esenciales para fortalecer los huesos y caparazones de una amplia gama de animales, desde insectos hasta reptiles y aves. \u00a1Un recurso natural que beneficia a todos los habitantes del reino animal!<\/p>\n","protected":false},"featured_media":33801,"template":"","meta":[],"product_brand":[],"product_cat":[534,681],"product_tag":[],"class_list":{"0":"post-33813","1":"product","2":"type-product","3":"status-publish","4":"has-post-thumbnail","6":"product_cat-ameisenfutter","7":"product_cat-erganzungsfuttermittel","9":"first","10":"instock","11":"shipping-taxable","12":"purchasable","13":"product-type-variable"},"yoast_head":"<!-- This site is optimized with the Yoast SEO plugin v27.3 - https:\/\/yoast.com\/product\/yoast-seo-wordpress\/ -->\n<title>Sepia Knochen | Futter f\u00fcr Insekten, Reptilien, V\u00f6gel, Amphibien - ANTDERGROUND<\/title>\n<meta name=\"description\" content=\"Entdecken Sie Sepiaknochen: eine nat\u00fcrliche Kalziumquelle f\u00fcr Insekten, Asseln und mehr. St\u00e4rken Sie die Gesundheit Ihres Haustieres und f\u00f6rdern Sie die Artenvielfalt!\" \/>\n<meta name=\"robots\" content=\"index, follow, max-snippet:-1, max-image-preview:large, max-video-preview:-1\" \/>\n<link rel=\"canonical\" href=\"https:\/\/antderground.com\/de\/produkt\/sepia-knochen\/\" \/>\n<meta property=\"og:locale\" content=\"de_DE\" \/>\n<meta property=\"og:type\" content=\"article\" \/>\n<meta property=\"og:title\" content=\"Sepia Knochen | Futter f\u00fcr Insekten, Reptilien, V\u00f6gel, Amphibien - ANTDERGROUND\" \/>\n<meta property=\"og:description\" content=\"Entdecken Sie Sepiaknochen: eine nat\u00fcrliche Kalziumquelle f\u00fcr Insekten, Asseln und mehr. St\u00e4rken Sie die Gesundheit Ihres Haustieres und f\u00f6rdern Sie die Artenvielfalt!\" \/>\n<meta property=\"og:url\" content=\"https:\/\/antderground.com\/de\/produkt\/sepia-knochen\/\" \/>\n<meta property=\"og:site_name\" content=\"ANTDERGROUND\" \/>\n<meta property=\"og:image\" content=\"https:\/\/antderground.com\/wp-content\/uploads\/2024\/04\/hueso-de-sepia-e1713949355930.jpg\" \/>\n\t<meta property=\"og:image:width\" content=\"1417\" \/>\n\t<meta property=\"og:image:height\" content=\"1417\" \/>\n\t<meta property=\"og:image:type\" content=\"image\/jpeg\" \/>\n<meta name=\"twitter:card\" content=\"summary_large_image\" \/>\n<meta name=\"twitter:label1\" content=\"Gesch\u00e4tzte Lesezeit\" \/>\n\t<meta name=\"twitter:data1\" content=\"1\u00a0Minute\" \/>\n<script type=\"application\/ld+json\" class=\"yoast-schema-graph\">{\"@context\":\"https:\\\/\\\/schema.org\",\"@graph\":[{\"@type\":\"WebPage\",\"@id\":\"https:\\\/\\\/antderground.com\\\/de\\\/produkt\\\/sepia-knochen\\\/\",\"url\":\"https:\\\/\\\/antderground.com\\\/de\\\/produkt\\\/sepia-knochen\\\/\",\"name\":\"Sepia Knochen | Futter f\u00fcr Insekten, Reptilien, V\u00f6gel, Amphibien - ANTDERGROUND\",\"isPartOf\":{\"@id\":\"https:\\\/\\\/antderground.com\\\/de\\\/#website\"},\"primaryImageOfPage\":{\"@id\":\"https:\\\/\\\/antderground.com\\\/de\\\/produkt\\\/sepia-knochen\\\/#primaryimage\"},\"image\":{\"@id\":\"https:\\\/\\\/antderground.com\\\/de\\\/produkt\\\/sepia-knochen\\\/#primaryimage\"},\"thumbnailUrl\":\"https:\\\/\\\/antderground.com\\\/wp-content\\\/uploads\\\/2024\\\/04\\\/hueso-de-sepia-e1713949355930.jpg\",\"datePublished\":\"2024-04-24T09:04:31+00:00\",\"description\":\"Entdecken Sie Sepiaknochen: eine nat\u00fcrliche Kalziumquelle f\u00fcr Insekten, Asseln und mehr. St\u00e4rken Sie die Gesundheit Ihres Haustieres und f\u00f6rdern Sie die Artenvielfalt!\",\"breadcrumb\":{\"@id\":\"https:\\\/\\\/antderground.com\\\/de\\\/produkt\\\/sepia-knochen\\\/#breadcrumb\"},\"inLanguage\":\"de\",\"potentialAction\":[{\"@type\":\"ReadAction\",\"target\":[\"https:\\\/\\\/antderground.com\\\/de\\\/produkt\\\/sepia-knochen\\\/\"]}]},{\"@type\":\"ImageObject\",\"inLanguage\":\"de\",\"@id\":\"https:\\\/\\\/antderground.com\\\/de\\\/produkt\\\/sepia-knochen\\\/#primaryimage\",\"url\":\"https:\\\/\\\/antderground.com\\\/wp-content\\\/uploads\\\/2024\\\/04\\\/hueso-de-sepia-e1713949355930.jpg\",\"contentUrl\":\"https:\\\/\\\/antderground.com\\\/wp-content\\\/uploads\\\/2024\\\/04\\\/hueso-de-sepia-e1713949355930.jpg\",\"width\":1329,\"height\":1336,\"caption\":\"Sepia Knochen\"},{\"@type\":\"BreadcrumbList\",\"@id\":\"https:\\\/\\\/antderground.com\\\/de\\\/produkt\\\/sepia-knochen\\\/#breadcrumb\",\"itemListElement\":[{\"@type\":\"ListItem\",\"position\":1,\"name\":\"Portada\",\"item\":\"https:\\\/\\\/antderground.com\\\/de\\\/\"},{\"@type\":\"ListItem\",\"position\":2,\"name\":\"Shop\",\"item\":\"https:\\\/\\\/antderground.com\\\/de\\\/shop\\\/\"},{\"@type\":\"ListItem\",\"position\":3,\"name\":\"Sepia Knochen\"}]},{\"@type\":\"WebSite\",\"@id\":\"https:\\\/\\\/antderground.com\\\/de\\\/#website\",\"url\":\"https:\\\/\\\/antderground.com\\\/de\\\/\",\"name\":\"ANTDERGROUND\",\"description\":\"Tu tienda de hormigas, gran variedad de hormigueros acr\u00edlicos,madera,arena,3D y mas.. Pide tus hormigas gratis con tu pedido, somos expertos en hormigueros antifugas.\",\"publisher\":{\"@id\":\"https:\\\/\\\/antderground.com\\\/de\\\/#\\\/schema\\\/person\\\/0e322c505e84fe72c65e2f6d08f96b81\"},\"alternateName\":\"Antderground\",\"potentialAction\":[{\"@type\":\"SearchAction\",\"target\":{\"@type\":\"EntryPoint\",\"urlTemplate\":\"https:\\\/\\\/antderground.com\\\/de\\\/?s={search_term_string}\"},\"query-input\":{\"@type\":\"PropertyValueSpecification\",\"valueRequired\":true,\"valueName\":\"search_term_string\"}}],\"inLanguage\":\"de\"},{\"@type\":[\"Person\",\"Organization\"],\"@id\":\"https:\\\/\\\/antderground.com\\\/de\\\/#\\\/schema\\\/person\\\/0e322c505e84fe72c65e2f6d08f96b81\",\"name\":\"Eric de Antderground\",\"image\":{\"@type\":\"ImageObject\",\"inLanguage\":\"de\",\"@id\":\"https:\\\/\\\/secure.gravatar.com\\\/avatar\\\/c49a1b9f79216d1498cb73c1e85cd47f4465dda35f2a94c03790d491bd4423c3?s=96&d=mm&r=g\",\"url\":\"https:\\\/\\\/secure.gravatar.com\\\/avatar\\\/c49a1b9f79216d1498cb73c1e85cd47f4465dda35f2a94c03790d491bd4423c3?s=96&d=mm&r=g\",\"contentUrl\":\"https:\\\/\\\/secure.gravatar.com\\\/avatar\\\/c49a1b9f79216d1498cb73c1e85cd47f4465dda35f2a94c03790d491bd4423c3?s=96&d=mm&r=g\",\"caption\":\"Eric de Antderground\"},\"logo\":{\"@id\":\"https:\\\/\\\/secure.gravatar.com\\\/avatar\\\/c49a1b9f79216d1498cb73c1e85cd47f4465dda35f2a94c03790d491bd4423c3?s=96&d=mm&r=g\"},\"description\":\"Eric es el especialista y fundador de Antderground, con una amplia trayectoria en artr\u00f3podos y enfocado en la mirmecolog\u00eda y el dise\u00f1o de hormigueros artificiales. Su enfoque combina la innovaci\u00f3n t\u00e9cnica con el respeto por la biolog\u00eda de las hormigas, is\u00f3podos y otros, desarrollando sistemas de nidos modulares 3D y acr\u00edlicos que son referentes para aficionados y profesionales en toda Europa. Su objetivo es facilitar la cr\u00eda de hormigas y otros artr\u00f3podos mediante soluciones seguras y divulgaci\u00f3n de calidad.\",\"sameAs\":[\"https:\\\/\\\/antderground.com\\\/\",\"https:\\\/\\\/www.youtube.com\\\/channel\\\/UCio72z7TlbufkAthAJIJfPw\"]}]}<\/script>\n<!-- \/ Yoast SEO plugin. -->","yoast_head_json":{"title":"Sepia Knochen | Futter f\u00fcr Insekten, Reptilien, V\u00f6gel, Amphibien - ANTDERGROUND","description":"Entdecken Sie Sepiaknochen: eine nat\u00fcrliche Kalziumquelle f\u00fcr Insekten, Asseln und mehr. St\u00e4rken Sie die Gesundheit Ihres Haustieres und f\u00f6rdern Sie die Artenvielfalt!","robots":{"index":"index","follow":"follow","max-snippet":"max-snippet:-1","max-image-preview":"max-image-preview:large","max-video-preview":"max-video-preview:-1"},"canonical":"https:\/\/antderground.com\/de\/produkt\/sepia-knochen\/","og_locale":"de_DE","og_type":"article","og_title":"Sepia Knochen | Futter f\u00fcr Insekten, Reptilien, V\u00f6gel, Amphibien - ANTDERGROUND","og_description":"Entdecken Sie Sepiaknochen: eine nat\u00fcrliche Kalziumquelle f\u00fcr Insekten, Asseln und mehr. St\u00e4rken Sie die Gesundheit Ihres Haustieres und f\u00f6rdern Sie die Artenvielfalt!","og_url":"https:\/\/antderground.com\/de\/produkt\/sepia-knochen\/","og_site_name":"ANTDERGROUND","og_image":[{"width":1417,"height":1417,"url":"https:\/\/antderground.com\/wp-content\/uploads\/2024\/04\/hueso-de-sepia-e1713949355930.jpg","type":"image\/jpeg"}],"twitter_card":"summary_large_image","twitter_misc":{"Gesch\u00e4tzte Lesezeit":"1\u00a0Minute"},"schema":{"@context":"https:\/\/schema.org","@graph":[{"@type":"WebPage","@id":"https:\/\/antderground.com\/de\/produkt\/sepia-knochen\/","url":"https:\/\/antderground.com\/de\/produkt\/sepia-knochen\/","name":"Sepia Knochen | Futter f\u00fcr Insekten, Reptilien, V\u00f6gel, Amphibien - ANTDERGROUND","isPartOf":{"@id":"https:\/\/antderground.com\/de\/#website"},"primaryImageOfPage":{"@id":"https:\/\/antderground.com\/de\/produkt\/sepia-knochen\/#primaryimage"},"image":{"@id":"https:\/\/antderground.com\/de\/produkt\/sepia-knochen\/#primaryimage"},"thumbnailUrl":"https:\/\/antderground.com\/wp-content\/uploads\/2024\/04\/hueso-de-sepia-e1713949355930.jpg","datePublished":"2024-04-24T09:04:31+00:00","description":"Entdecken Sie Sepiaknochen: eine nat\u00fcrliche Kalziumquelle f\u00fcr Insekten, Asseln und mehr. St\u00e4rken Sie die Gesundheit Ihres Haustieres und f\u00f6rdern Sie die Artenvielfalt!","breadcrumb":{"@id":"https:\/\/antderground.com\/de\/produkt\/sepia-knochen\/#breadcrumb"},"inLanguage":"de","potentialAction":[{"@type":"ReadAction","target":["https:\/\/antderground.com\/de\/produkt\/sepia-knochen\/"]}]},{"@type":"ImageObject","inLanguage":"de","@id":"https:\/\/antderground.com\/de\/produkt\/sepia-knochen\/#primaryimage","url":"https:\/\/antderground.com\/wp-content\/uploads\/2024\/04\/hueso-de-sepia-e1713949355930.jpg","contentUrl":"https:\/\/antderground.com\/wp-content\/uploads\/2024\/04\/hueso-de-sepia-e1713949355930.jpg","width":1329,"height":1336,"caption":"Sepia Knochen"},{"@type":"BreadcrumbList","@id":"https:\/\/antderground.com\/de\/produkt\/sepia-knochen\/#breadcrumb","itemListElement":[{"@type":"ListItem","position":1,"name":"Portada","item":"https:\/\/antderground.com\/de\/"},{"@type":"ListItem","position":2,"name":"Shop","item":"https:\/\/antderground.com\/de\/shop\/"},{"@type":"ListItem","position":3,"name":"Sepia Knochen"}]},{"@type":"WebSite","@id":"https:\/\/antderground.com\/de\/#website","url":"https:\/\/antderground.com\/de\/","name":"ANTDERGROUND","description":"Tu tienda de hormigas, gran variedad de hormigueros acr\u00edlicos,madera,arena,3D y mas.. Pide tus hormigas gratis con tu pedido, somos expertos en hormigueros antifugas.","publisher":{"@id":"https:\/\/antderground.com\/de\/#\/schema\/person\/0e322c505e84fe72c65e2f6d08f96b81"},"alternateName":"Antderground","potentialAction":[{"@type":"SearchAction","target":{"@type":"EntryPoint","urlTemplate":"https:\/\/antderground.com\/de\/?s={search_term_string}"},"query-input":{"@type":"PropertyValueSpecification","valueRequired":true,"valueName":"search_term_string"}}],"inLanguage":"de"},{"@type":["Person","Organization"],"@id":"https:\/\/antderground.com\/de\/#\/schema\/person\/0e322c505e84fe72c65e2f6d08f96b81","name":"Eric de Antderground","image":{"@type":"ImageObject","inLanguage":"de","@id":"https:\/\/secure.gravatar.com\/avatar\/c49a1b9f79216d1498cb73c1e85cd47f4465dda35f2a94c03790d491bd4423c3?s=96&d=mm&r=g","url":"https:\/\/secure.gravatar.com\/avatar\/c49a1b9f79216d1498cb73c1e85cd47f4465dda35f2a94c03790d491bd4423c3?s=96&d=mm&r=g","contentUrl":"https:\/\/secure.gravatar.com\/avatar\/c49a1b9f79216d1498cb73c1e85cd47f4465dda35f2a94c03790d491bd4423c3?s=96&d=mm&r=g","caption":"Eric de Antderground"},"logo":{"@id":"https:\/\/secure.gravatar.com\/avatar\/c49a1b9f79216d1498cb73c1e85cd47f4465dda35f2a94c03790d491bd4423c3?s=96&d=mm&r=g"},"description":"Eric es el especialista y fundador de Antderground, con una amplia trayectoria en artr\u00f3podos y enfocado en la mirmecolog\u00eda y el dise\u00f1o de hormigueros artificiales. Su enfoque combina la innovaci\u00f3n t\u00e9cnica con el respeto por la biolog\u00eda de las hormigas, is\u00f3podos y otros, desarrollando sistemas de nidos modulares 3D y acr\u00edlicos que son referentes para aficionados y profesionales en toda Europa. Su objetivo es facilitar la cr\u00eda de hormigas y otros artr\u00f3podos mediante soluciones seguras y divulgaci\u00f3n de calidad.","sameAs":["https:\/\/antderground.com\/","https:\/\/www.youtube.com\/channel\/UCio72z7TlbufkAthAJIJfPw"]}]}},"_links":{"self":[{"href":"https:\/\/antderground.com\/de\/wp-json\/wp\/v2\/product\/33813","targetHints":{"allow":["GET"]}}],"collection":[{"href":"https:\/\/antderground.com\/de\/wp-json\/wp\/v2\/product"}],"about":[{"href":"https:\/\/antderground.com\/de\/wp-json\/wp\/v2\/types\/product"}],"version-history":[{"count":0,"href":"https:\/\/antderground.com\/de\/wp-json\/wp\/v2\/product\/33813\/revisions"}],"wp:featuredmedia":[{"embeddable":true,"href":"https:\/\/antderground.com\/de\/wp-json\/wp\/v2\/media\/33801"}],"wp:attachment":[{"href":"https:\/\/antderground.com\/de\/wp-json\/wp\/v2\/media?parent=33813"}],"wp:term":[{"taxonomy":"product_brand","embeddable":true,"href":"https:\/\/antderground.com\/de\/wp-json\/wp\/v2\/product_brand?post=33813"},{"taxonomy":"product_cat","embeddable":true,"href":"https:\/\/antderground.com\/de\/wp-json\/wp\/v2\/product_cat?post=33813"},{"taxonomy":"product_tag","embeddable":true,"href":"https:\/\/antderground.com\/de\/wp-json\/wp\/v2\/product_tag?post=33813"}],"curies":[{"name":"wp","href":"https:\/\/api.w.org\/{rel}","templated":true}]}}