{"id":33978,"date":"2024-04-30T22:31:41","date_gmt":"2024-04-30T20:31:41","guid":{"rendered":"https:\/\/www.antderground.com\/producto\/caribena-versicolor\/"},"modified":"2025-02-05T16:54:23","modified_gmt":"2025-02-05T15:54:23","slug":"caribena-versicolor","status":"publish","type":"product","link":"https:\/\/antderground.com\/de\/produkt\/caribena-versicolor\/","title":{"rendered":"Caribena versicolor"},"content":{"rendered":"<p><strong>Wissenschaftlicher Name:<\/strong> Caribena versicolor <strong>Gemeinsamer Name:<\/strong> Karibik-Vogelspinne, Martinique-Vogelspinne<\/p>\n<p><strong>Taxonomische Klassifikation:<\/strong><\/p>\n<ul>\n<li>Reich: Animalia<\/li>\n<li>Stamm: Arthropoda<\/li>\n<li>Klasse: Arachnida<\/li>\n<li>Ordnung: Araneae<\/li>\n<li>Familie: Theraphosidae<\/li>\n<li>Gattung: Caribena<\/li>\n<\/ul>\n<p><strong>Beschreibung:<\/strong><\/p>\n<ul>\n<li>Gr\u00f6\u00dfe: Die Karibik-Vogelspinnen sind im Vergleich zu anderen Arten relativ gro\u00df, mit einem K\u00f6rper, der eine Spannweite von bis zu 12 cm erreichen kann.<\/li>\n<li>F\u00e4rbung: Eine der auff\u00e4lligsten Eigenschaften dieser Art ist ihre spektakul\u00e4re F\u00e4rbung. Die Jungtiere haben ein \u00fcberwiegend metallisches Blau, w\u00e4hrend die Erwachsenen ein vielf\u00e4ltiges Farbmuster entwickeln, das Blau-, Gr\u00fcn-, Gelb- und Rott\u00f6ne umfasst.<\/li>\n<li>Morphologie: Sie haben einen robusten, mit Haaren bedeckten K\u00f6rper, acht Augen in zwei Reihen angeordnet und prominente Kieferklauen (Giftz\u00e4hne).<\/li>\n<\/ul>\n<p><strong>Lebensraum und Verbreitung:<\/strong><\/p>\n<ul>\n<li>Nat\u00fcrlicher Lebensraum: Karibik-Vogelspinnen sind baumbewohnende Spinnen und leben bevorzugt in tropischen und subtropischen Waldgebieten.<\/li>\n<li>Geografische Verbreitung: Sie sind endemisch auf den Kleinen Antillen, insbesondere auf Inseln wie Martinique, Dominica, Guadeloupe und St. Lucia.<\/li>\n<\/ul>\n<p><strong>Verhalten und Ern\u00e4hrung:<\/strong><\/p>\n<ul>\n<li>Verhalten: Sie sind in der Regel ruhige und wenig aggressive Spinnen, obwohl sie bei Bedrohung ein defensives Verhalten zeigen k\u00f6nnen.<\/li>\n<li>Ern\u00e4hrung: Sie sind opportunistische Raubtiere, die sich haupts\u00e4chlich von Insekten und anderen Arthropoden ern\u00e4hren. Sie fangen ihre Beute, indem sie Seide verwenden, um Spinnennetze zu bauen, oder indem sie sie direkt \u00fcberfallen.<\/li>\n<\/ul>\n<p><strong>Fortpflanzung:<\/strong><\/p>\n<ul>\n<li>Geschlechtsdimorphismus: M\u00e4nnchen sind in der Regel schlanker und kleiner als Weibchen. Au\u00dferdem k\u00f6nnen sie an den Vorderbeinen Sporne aufweisen, die sie w\u00e4hrend des Paarungsrituals und der Kopulation verwenden.<\/li>\n<li>Fortpflanzungszyklus: Die Fortpflanzung von Karibik-Vogelspinnen beinhaltet ein komplexes Paarungsritual, das oft damit endet, dass das Weibchen das M\u00e4nnchen nach dem Akt verzehrt.<\/li>\n<\/ul>\n","protected":false},"excerpt":{"rendered":"<p>Entdecken Sie die bezaubernde karibische Vogelspinne versicolor f\u00fcr Ihr Terrarium. Mit seiner sch\u00f6nen Farbgebung ist es eine perfekte Erg\u00e4nzung f\u00fcr jeden Spinnenfan. Wir empfehlen, bereits Erfahrung mit Vogelspinnen oder Spinnentieren im Allgemeinen zu haben. Bringen Sie mit dieser faszinierenden Art Sch\u00f6nheit und Faszination in Ihren Raum.<\/p>\n","protected":false},"featured_media":33964,"template":"","meta":[],"product_brand":[],"product_cat":[528,586],"product_tag":[],"class_list":{"0":"post-33978","1":"product","2":"type-product","3":"status-publish","4":"has-post-thumbnail","6":"product_cat-arthropoden","7":"product_cat-vogelspinnen","9":"first","10":"outofstock","11":"shipping-taxable","12":"purchasable","13":"product-type-variable"},"yoast_head":"<!-- This site is optimized with the Yoast SEO plugin v27.3 - https:\/\/yoast.com\/product\/yoast-seo-wordpress\/ -->\n<title>Caribena versicolor | Martinique-Vogelspinne - ANTDERGROUND<\/title>\n<meta name=\"description\" content=\"Kaufen Sie die Vogelspinne Caribbean versicolor! Ideal f\u00fcr Ihr Terrarium. Faszinierend und farbenfroh, eine fesselnde Erg\u00e4nzung f\u00fcr jede Spinnentiersammlung.\" \/>\n<meta name=\"robots\" content=\"index, follow, max-snippet:-1, max-image-preview:large, max-video-preview:-1\" \/>\n<link rel=\"canonical\" href=\"https:\/\/antderground.com\/de\/produkt\/caribena-versicolor\/\" \/>\n<meta property=\"og:locale\" content=\"de_DE\" \/>\n<meta property=\"og:type\" content=\"article\" \/>\n<meta property=\"og:title\" content=\"Caribena versicolor | Martinique-Vogelspinne - ANTDERGROUND\" \/>\n<meta property=\"og:description\" content=\"Kaufen Sie die Vogelspinne Caribbean versicolor! Ideal f\u00fcr Ihr Terrarium. Faszinierend und farbenfroh, eine fesselnde Erg\u00e4nzung f\u00fcr jede Spinnentiersammlung.\" \/>\n<meta property=\"og:url\" content=\"https:\/\/antderground.com\/de\/produkt\/caribena-versicolor\/\" \/>\n<meta property=\"og:site_name\" content=\"ANTDERGROUND\" \/>\n<meta property=\"article:modified_time\" content=\"2025-02-05T15:54:23+00:00\" \/>\n<meta property=\"og:image\" content=\"https:\/\/antderground.com\/wp-content\/uploads\/2024\/04\/caribena-versicolor.jpg\" \/>\n\t<meta property=\"og:image:width\" content=\"1417\" \/>\n\t<meta property=\"og:image:height\" content=\"1417\" \/>\n\t<meta property=\"og:image:type\" content=\"image\/jpeg\" \/>\n<meta name=\"twitter:card\" content=\"summary_large_image\" \/>\n<meta name=\"twitter:label1\" content=\"Gesch\u00e4tzte Lesezeit\" \/>\n\t<meta name=\"twitter:data1\" content=\"1\u00a0Minute\" \/>\n<script type=\"application\/ld+json\" class=\"yoast-schema-graph\">{\"@context\":\"https:\\\/\\\/schema.org\",\"@graph\":[{\"@type\":\"WebPage\",\"@id\":\"https:\\\/\\\/antderground.com\\\/de\\\/produkt\\\/caribena-versicolor\\\/\",\"url\":\"https:\\\/\\\/antderground.com\\\/de\\\/produkt\\\/caribena-versicolor\\\/\",\"name\":\"Caribena versicolor | Martinique-Vogelspinne - ANTDERGROUND\",\"isPartOf\":{\"@id\":\"https:\\\/\\\/antderground.com\\\/de\\\/#website\"},\"primaryImageOfPage\":{\"@id\":\"https:\\\/\\\/antderground.com\\\/de\\\/produkt\\\/caribena-versicolor\\\/#primaryimage\"},\"image\":{\"@id\":\"https:\\\/\\\/antderground.com\\\/de\\\/produkt\\\/caribena-versicolor\\\/#primaryimage\"},\"thumbnailUrl\":\"https:\\\/\\\/antderground.com\\\/wp-content\\\/uploads\\\/2024\\\/04\\\/caribena-versicolor.jpg\",\"datePublished\":\"2024-04-30T20:31:41+00:00\",\"dateModified\":\"2025-02-05T15:54:23+00:00\",\"description\":\"Kaufen Sie die Vogelspinne Caribbean versicolor! Ideal f\u00fcr Ihr Terrarium. Faszinierend und farbenfroh, eine fesselnde Erg\u00e4nzung f\u00fcr jede Spinnentiersammlung.\",\"breadcrumb\":{\"@id\":\"https:\\\/\\\/antderground.com\\\/de\\\/produkt\\\/caribena-versicolor\\\/#breadcrumb\"},\"inLanguage\":\"de\",\"potentialAction\":[{\"@type\":\"ReadAction\",\"target\":[\"https:\\\/\\\/antderground.com\\\/de\\\/produkt\\\/caribena-versicolor\\\/\"]}]},{\"@type\":\"ImageObject\",\"inLanguage\":\"de\",\"@id\":\"https:\\\/\\\/antderground.com\\\/de\\\/produkt\\\/caribena-versicolor\\\/#primaryimage\",\"url\":\"https:\\\/\\\/antderground.com\\\/wp-content\\\/uploads\\\/2024\\\/04\\\/caribena-versicolor.jpg\",\"contentUrl\":\"https:\\\/\\\/antderground.com\\\/wp-content\\\/uploads\\\/2024\\\/04\\\/caribena-versicolor.jpg\",\"width\":1417,\"height\":1417,\"caption\":\"Martinique-Vogelspinne\"},{\"@type\":\"BreadcrumbList\",\"@id\":\"https:\\\/\\\/antderground.com\\\/de\\\/produkt\\\/caribena-versicolor\\\/#breadcrumb\",\"itemListElement\":[{\"@type\":\"ListItem\",\"position\":1,\"name\":\"Portada\",\"item\":\"https:\\\/\\\/antderground.com\\\/de\\\/\"},{\"@type\":\"ListItem\",\"position\":2,\"name\":\"Shop\",\"item\":\"https:\\\/\\\/antderground.com\\\/de\\\/shop\\\/\"},{\"@type\":\"ListItem\",\"position\":3,\"name\":\"Caribena versicolor\"}]},{\"@type\":\"WebSite\",\"@id\":\"https:\\\/\\\/antderground.com\\\/de\\\/#website\",\"url\":\"https:\\\/\\\/antderground.com\\\/de\\\/\",\"name\":\"ANTDERGROUND\",\"description\":\"Tu tienda de hormigas, gran variedad de hormigueros acr\u00edlicos,madera,arena,3D y mas.. Pide tus hormigas gratis con tu pedido, somos expertos en hormigueros antifugas.\",\"publisher\":{\"@id\":\"https:\\\/\\\/antderground.com\\\/de\\\/#\\\/schema\\\/person\\\/0e322c505e84fe72c65e2f6d08f96b81\"},\"alternateName\":\"Antderground\",\"potentialAction\":[{\"@type\":\"SearchAction\",\"target\":{\"@type\":\"EntryPoint\",\"urlTemplate\":\"https:\\\/\\\/antderground.com\\\/de\\\/?s={search_term_string}\"},\"query-input\":{\"@type\":\"PropertyValueSpecification\",\"valueRequired\":true,\"valueName\":\"search_term_string\"}}],\"inLanguage\":\"de\"},{\"@type\":[\"Person\",\"Organization\"],\"@id\":\"https:\\\/\\\/antderground.com\\\/de\\\/#\\\/schema\\\/person\\\/0e322c505e84fe72c65e2f6d08f96b81\",\"name\":\"Eric de Antderground\",\"image\":{\"@type\":\"ImageObject\",\"inLanguage\":\"de\",\"@id\":\"https:\\\/\\\/secure.gravatar.com\\\/avatar\\\/c49a1b9f79216d1498cb73c1e85cd47f4465dda35f2a94c03790d491bd4423c3?s=96&d=mm&r=g\",\"url\":\"https:\\\/\\\/secure.gravatar.com\\\/avatar\\\/c49a1b9f79216d1498cb73c1e85cd47f4465dda35f2a94c03790d491bd4423c3?s=96&d=mm&r=g\",\"contentUrl\":\"https:\\\/\\\/secure.gravatar.com\\\/avatar\\\/c49a1b9f79216d1498cb73c1e85cd47f4465dda35f2a94c03790d491bd4423c3?s=96&d=mm&r=g\",\"caption\":\"Eric de Antderground\"},\"logo\":{\"@id\":\"https:\\\/\\\/secure.gravatar.com\\\/avatar\\\/c49a1b9f79216d1498cb73c1e85cd47f4465dda35f2a94c03790d491bd4423c3?s=96&d=mm&r=g\"},\"description\":\"Eric es el especialista y fundador de Antderground, con una amplia trayectoria en artr\u00f3podos y enfocado en la mirmecolog\u00eda y el dise\u00f1o de hormigueros artificiales. Su enfoque combina la innovaci\u00f3n t\u00e9cnica con el respeto por la biolog\u00eda de las hormigas, is\u00f3podos y otros, desarrollando sistemas de nidos modulares 3D y acr\u00edlicos que son referentes para aficionados y profesionales en toda Europa. Su objetivo es facilitar la cr\u00eda de hormigas y otros artr\u00f3podos mediante soluciones seguras y divulgaci\u00f3n de calidad.\",\"sameAs\":[\"https:\\\/\\\/antderground.com\\\/\",\"https:\\\/\\\/www.youtube.com\\\/channel\\\/UCio72z7TlbufkAthAJIJfPw\"]}]}<\/script>\n<!-- \/ Yoast SEO plugin. -->","yoast_head_json":{"title":"Caribena versicolor | Martinique-Vogelspinne - ANTDERGROUND","description":"Kaufen Sie die Vogelspinne Caribbean versicolor! Ideal f\u00fcr Ihr Terrarium. Faszinierend und farbenfroh, eine fesselnde Erg\u00e4nzung f\u00fcr jede Spinnentiersammlung.","robots":{"index":"index","follow":"follow","max-snippet":"max-snippet:-1","max-image-preview":"max-image-preview:large","max-video-preview":"max-video-preview:-1"},"canonical":"https:\/\/antderground.com\/de\/produkt\/caribena-versicolor\/","og_locale":"de_DE","og_type":"article","og_title":"Caribena versicolor | Martinique-Vogelspinne - ANTDERGROUND","og_description":"Kaufen Sie die Vogelspinne Caribbean versicolor! Ideal f\u00fcr Ihr Terrarium. Faszinierend und farbenfroh, eine fesselnde Erg\u00e4nzung f\u00fcr jede Spinnentiersammlung.","og_url":"https:\/\/antderground.com\/de\/produkt\/caribena-versicolor\/","og_site_name":"ANTDERGROUND","article_modified_time":"2025-02-05T15:54:23+00:00","og_image":[{"width":1417,"height":1417,"url":"https:\/\/antderground.com\/wp-content\/uploads\/2024\/04\/caribena-versicolor.jpg","type":"image\/jpeg"}],"twitter_card":"summary_large_image","twitter_misc":{"Gesch\u00e4tzte Lesezeit":"1\u00a0Minute"},"schema":{"@context":"https:\/\/schema.org","@graph":[{"@type":"WebPage","@id":"https:\/\/antderground.com\/de\/produkt\/caribena-versicolor\/","url":"https:\/\/antderground.com\/de\/produkt\/caribena-versicolor\/","name":"Caribena versicolor | Martinique-Vogelspinne - ANTDERGROUND","isPartOf":{"@id":"https:\/\/antderground.com\/de\/#website"},"primaryImageOfPage":{"@id":"https:\/\/antderground.com\/de\/produkt\/caribena-versicolor\/#primaryimage"},"image":{"@id":"https:\/\/antderground.com\/de\/produkt\/caribena-versicolor\/#primaryimage"},"thumbnailUrl":"https:\/\/antderground.com\/wp-content\/uploads\/2024\/04\/caribena-versicolor.jpg","datePublished":"2024-04-30T20:31:41+00:00","dateModified":"2025-02-05T15:54:23+00:00","description":"Kaufen Sie die Vogelspinne Caribbean versicolor! Ideal f\u00fcr Ihr Terrarium. Faszinierend und farbenfroh, eine fesselnde Erg\u00e4nzung f\u00fcr jede Spinnentiersammlung.","breadcrumb":{"@id":"https:\/\/antderground.com\/de\/produkt\/caribena-versicolor\/#breadcrumb"},"inLanguage":"de","potentialAction":[{"@type":"ReadAction","target":["https:\/\/antderground.com\/de\/produkt\/caribena-versicolor\/"]}]},{"@type":"ImageObject","inLanguage":"de","@id":"https:\/\/antderground.com\/de\/produkt\/caribena-versicolor\/#primaryimage","url":"https:\/\/antderground.com\/wp-content\/uploads\/2024\/04\/caribena-versicolor.jpg","contentUrl":"https:\/\/antderground.com\/wp-content\/uploads\/2024\/04\/caribena-versicolor.jpg","width":1417,"height":1417,"caption":"Martinique-Vogelspinne"},{"@type":"BreadcrumbList","@id":"https:\/\/antderground.com\/de\/produkt\/caribena-versicolor\/#breadcrumb","itemListElement":[{"@type":"ListItem","position":1,"name":"Portada","item":"https:\/\/antderground.com\/de\/"},{"@type":"ListItem","position":2,"name":"Shop","item":"https:\/\/antderground.com\/de\/shop\/"},{"@type":"ListItem","position":3,"name":"Caribena versicolor"}]},{"@type":"WebSite","@id":"https:\/\/antderground.com\/de\/#website","url":"https:\/\/antderground.com\/de\/","name":"ANTDERGROUND","description":"Tu tienda de hormigas, gran variedad de hormigueros acr\u00edlicos,madera,arena,3D y mas.. Pide tus hormigas gratis con tu pedido, somos expertos en hormigueros antifugas.","publisher":{"@id":"https:\/\/antderground.com\/de\/#\/schema\/person\/0e322c505e84fe72c65e2f6d08f96b81"},"alternateName":"Antderground","potentialAction":[{"@type":"SearchAction","target":{"@type":"EntryPoint","urlTemplate":"https:\/\/antderground.com\/de\/?s={search_term_string}"},"query-input":{"@type":"PropertyValueSpecification","valueRequired":true,"valueName":"search_term_string"}}],"inLanguage":"de"},{"@type":["Person","Organization"],"@id":"https:\/\/antderground.com\/de\/#\/schema\/person\/0e322c505e84fe72c65e2f6d08f96b81","name":"Eric de Antderground","image":{"@type":"ImageObject","inLanguage":"de","@id":"https:\/\/secure.gravatar.com\/avatar\/c49a1b9f79216d1498cb73c1e85cd47f4465dda35f2a94c03790d491bd4423c3?s=96&d=mm&r=g","url":"https:\/\/secure.gravatar.com\/avatar\/c49a1b9f79216d1498cb73c1e85cd47f4465dda35f2a94c03790d491bd4423c3?s=96&d=mm&r=g","contentUrl":"https:\/\/secure.gravatar.com\/avatar\/c49a1b9f79216d1498cb73c1e85cd47f4465dda35f2a94c03790d491bd4423c3?s=96&d=mm&r=g","caption":"Eric de Antderground"},"logo":{"@id":"https:\/\/secure.gravatar.com\/avatar\/c49a1b9f79216d1498cb73c1e85cd47f4465dda35f2a94c03790d491bd4423c3?s=96&d=mm&r=g"},"description":"Eric es el especialista y fundador de Antderground, con una amplia trayectoria en artr\u00f3podos y enfocado en la mirmecolog\u00eda y el dise\u00f1o de hormigueros artificiales. Su enfoque combina la innovaci\u00f3n t\u00e9cnica con el respeto por la biolog\u00eda de las hormigas, is\u00f3podos y otros, desarrollando sistemas de nidos modulares 3D y acr\u00edlicos que son referentes para aficionados y profesionales en toda Europa. Su objetivo es facilitar la cr\u00eda de hormigas y otros artr\u00f3podos mediante soluciones seguras y divulgaci\u00f3n de calidad.","sameAs":["https:\/\/antderground.com\/","https:\/\/www.youtube.com\/channel\/UCio72z7TlbufkAthAJIJfPw"]}]}},"_links":{"self":[{"href":"https:\/\/antderground.com\/de\/wp-json\/wp\/v2\/product\/33978","targetHints":{"allow":["GET"]}}],"collection":[{"href":"https:\/\/antderground.com\/de\/wp-json\/wp\/v2\/product"}],"about":[{"href":"https:\/\/antderground.com\/de\/wp-json\/wp\/v2\/types\/product"}],"version-history":[{"count":0,"href":"https:\/\/antderground.com\/de\/wp-json\/wp\/v2\/product\/33978\/revisions"}],"wp:featuredmedia":[{"embeddable":true,"href":"https:\/\/antderground.com\/de\/wp-json\/wp\/v2\/media\/33964"}],"wp:attachment":[{"href":"https:\/\/antderground.com\/de\/wp-json\/wp\/v2\/media?parent=33978"}],"wp:term":[{"taxonomy":"product_brand","embeddable":true,"href":"https:\/\/antderground.com\/de\/wp-json\/wp\/v2\/product_brand?post=33978"},{"taxonomy":"product_cat","embeddable":true,"href":"https:\/\/antderground.com\/de\/wp-json\/wp\/v2\/product_cat?post=33978"},{"taxonomy":"product_tag","embeddable":true,"href":"https:\/\/antderground.com\/de\/wp-json\/wp\/v2\/product_tag?post=33978"}],"curies":[{"name":"wp","href":"https:\/\/api.w.org\/{rel}","templated":true}]}}