{"id":34073,"date":"2024-05-06T11:43:01","date_gmt":"2024-05-06T09:43:01","guid":{"rendered":"https:\/\/www.antderground.com\/producto\/kultivierung-von-wuermern-galleria-mellonella\/"},"modified":"2024-05-06T11:43:01","modified_gmt":"2024-05-06T09:43:01","slug":"kultivierung-von-wuermern-galleria-mellonella","status":"publish","type":"product","link":"https:\/\/antderground.com\/de\/produkt\/kultivierung-von-wuermern-galleria-mellonella\/","title":{"rendered":"Kultivierung von W\u00fcrmern (Galleria Mellonella)"},"content":{"rendered":"","protected":false},"excerpt":{"rendered":"<p>Entdecken Sie die faszinierende Welt der Wurmzucht (Galleria Mellonella)! Ideal als Lebendfutter f\u00fcr eine Vielzahl von Insekten, Reptilien, Amphibien und Arthropoden. Entdecken Sie unterschiedliche Gr\u00f6\u00dfen und ein optimales Umfeld f\u00fcr ihre Entwicklung. Lassen Sie Ihre Leidenschaft f\u00fcr die Natur wachsen!<\/p>\n","protected":false},"featured_media":34057,"template":"","meta":[],"product_brand":[],"product_cat":[534,662],"product_tag":[],"class_list":{"0":"post-34073","1":"product","2":"type-product","3":"status-publish","4":"has-post-thumbnail","6":"product_cat-ameisenfutter","7":"product_cat-lebendfutter","9":"first","10":"outofstock","11":"shipping-taxable","12":"purchasable","13":"product-type-variable"},"yoast_head":"<!-- This site is optimized with the Yoast SEO plugin v27.3 - https:\/\/yoast.com\/product\/yoast-seo-wordpress\/ -->\n<title>Kultivierung von W\u00fcrmern (Galleria Mellonella) - ANTDERGROUND<\/title>\n<meta name=\"description\" content=\"Entdecken Sie die Zucht von W\u00fcrmern (Galleria Mellonella): ideales Lebendfutter f\u00fcr exotische Haustiere. Gr\u00f6\u00dfenvielfalt in optimaler Umgebung.\" \/>\n<meta name=\"robots\" content=\"index, follow, max-snippet:-1, max-image-preview:large, max-video-preview:-1\" \/>\n<link rel=\"canonical\" href=\"https:\/\/antderground.com\/de\/produkt\/kultivierung-von-wuermern-galleria-mellonella\/\" \/>\n<meta property=\"og:locale\" content=\"de_DE\" \/>\n<meta property=\"og:type\" content=\"article\" \/>\n<meta property=\"og:title\" content=\"Kultivierung von W\u00fcrmern (Galleria Mellonella) - ANTDERGROUND\" \/>\n<meta property=\"og:description\" content=\"Entdecken Sie die Zucht von W\u00fcrmern (Galleria Mellonella): ideales Lebendfutter f\u00fcr exotische Haustiere. Gr\u00f6\u00dfenvielfalt in optimaler Umgebung.\" \/>\n<meta property=\"og:url\" content=\"https:\/\/antderground.com\/de\/produkt\/kultivierung-von-wuermern-galleria-mellonella\/\" \/>\n<meta property=\"og:site_name\" content=\"ANTDERGROUND\" \/>\n<meta property=\"og:image\" content=\"https:\/\/antderground.com\/wp-content\/uploads\/2024\/05\/cultivo-gusanos-de-miel.jpg\" \/>\n\t<meta property=\"og:image:width\" content=\"1417\" \/>\n\t<meta property=\"og:image:height\" content=\"1417\" \/>\n\t<meta property=\"og:image:type\" content=\"image\/jpeg\" \/>\n<meta name=\"twitter:card\" content=\"summary_large_image\" \/>\n<script type=\"application\/ld+json\" class=\"yoast-schema-graph\">{\"@context\":\"https:\\\/\\\/schema.org\",\"@graph\":[{\"@type\":\"WebPage\",\"@id\":\"https:\\\/\\\/antderground.com\\\/de\\\/produkt\\\/kultivierung-von-wuermern-galleria-mellonella\\\/\",\"url\":\"https:\\\/\\\/antderground.com\\\/de\\\/produkt\\\/kultivierung-von-wuermern-galleria-mellonella\\\/\",\"name\":\"Kultivierung von W\u00fcrmern (Galleria Mellonella) - ANTDERGROUND\",\"isPartOf\":{\"@id\":\"https:\\\/\\\/antderground.com\\\/de\\\/#website\"},\"primaryImageOfPage\":{\"@id\":\"https:\\\/\\\/antderground.com\\\/de\\\/produkt\\\/kultivierung-von-wuermern-galleria-mellonella\\\/#primaryimage\"},\"image\":{\"@id\":\"https:\\\/\\\/antderground.com\\\/de\\\/produkt\\\/kultivierung-von-wuermern-galleria-mellonella\\\/#primaryimage\"},\"thumbnailUrl\":\"https:\\\/\\\/antderground.com\\\/wp-content\\\/uploads\\\/2024\\\/05\\\/cultivo-gusanos-de-miel.jpg\",\"datePublished\":\"2024-05-06T09:43:01+00:00\",\"description\":\"Entdecken Sie die Zucht von W\u00fcrmern (Galleria Mellonella): ideales Lebendfutter f\u00fcr exotische Haustiere. Gr\u00f6\u00dfenvielfalt in optimaler Umgebung.\",\"breadcrumb\":{\"@id\":\"https:\\\/\\\/antderground.com\\\/de\\\/produkt\\\/kultivierung-von-wuermern-galleria-mellonella\\\/#breadcrumb\"},\"inLanguage\":\"de\",\"potentialAction\":[{\"@type\":\"ReadAction\",\"target\":[\"https:\\\/\\\/antderground.com\\\/de\\\/produkt\\\/kultivierung-von-wuermern-galleria-mellonella\\\/\"]}]},{\"@type\":\"ImageObject\",\"inLanguage\":\"de\",\"@id\":\"https:\\\/\\\/antderground.com\\\/de\\\/produkt\\\/kultivierung-von-wuermern-galleria-mellonella\\\/#primaryimage\",\"url\":\"https:\\\/\\\/antderground.com\\\/wp-content\\\/uploads\\\/2024\\\/05\\\/cultivo-gusanos-de-miel.jpg\",\"contentUrl\":\"https:\\\/\\\/antderground.com\\\/wp-content\\\/uploads\\\/2024\\\/05\\\/cultivo-gusanos-de-miel.jpg\",\"width\":1417,\"height\":1417,\"caption\":\"cultivo gusanos de miel\"},{\"@type\":\"BreadcrumbList\",\"@id\":\"https:\\\/\\\/antderground.com\\\/de\\\/produkt\\\/kultivierung-von-wuermern-galleria-mellonella\\\/#breadcrumb\",\"itemListElement\":[{\"@type\":\"ListItem\",\"position\":1,\"name\":\"Portada\",\"item\":\"https:\\\/\\\/antderground.com\\\/de\\\/\"},{\"@type\":\"ListItem\",\"position\":2,\"name\":\"Shop\",\"item\":\"https:\\\/\\\/antderground.com\\\/de\\\/shop\\\/\"},{\"@type\":\"ListItem\",\"position\":3,\"name\":\"Kultivierung von W\u00fcrmern (Galleria Mellonella)\"}]},{\"@type\":\"WebSite\",\"@id\":\"https:\\\/\\\/antderground.com\\\/de\\\/#website\",\"url\":\"https:\\\/\\\/antderground.com\\\/de\\\/\",\"name\":\"ANTDERGROUND\",\"description\":\"Tu tienda de hormigas, gran variedad de hormigueros acr\u00edlicos,madera,arena,3D y mas.. Pide tus hormigas gratis con tu pedido, somos expertos en hormigueros antifugas.\",\"publisher\":{\"@id\":\"https:\\\/\\\/antderground.com\\\/de\\\/#\\\/schema\\\/person\\\/0e322c505e84fe72c65e2f6d08f96b81\"},\"alternateName\":\"Antderground\",\"potentialAction\":[{\"@type\":\"SearchAction\",\"target\":{\"@type\":\"EntryPoint\",\"urlTemplate\":\"https:\\\/\\\/antderground.com\\\/de\\\/?s={search_term_string}\"},\"query-input\":{\"@type\":\"PropertyValueSpecification\",\"valueRequired\":true,\"valueName\":\"search_term_string\"}}],\"inLanguage\":\"de\"},{\"@type\":[\"Person\",\"Organization\"],\"@id\":\"https:\\\/\\\/antderground.com\\\/de\\\/#\\\/schema\\\/person\\\/0e322c505e84fe72c65e2f6d08f96b81\",\"name\":\"Eric de Antderground\",\"image\":{\"@type\":\"ImageObject\",\"inLanguage\":\"de\",\"@id\":\"https:\\\/\\\/secure.gravatar.com\\\/avatar\\\/c49a1b9f79216d1498cb73c1e85cd47f4465dda35f2a94c03790d491bd4423c3?s=96&d=mm&r=g\",\"url\":\"https:\\\/\\\/secure.gravatar.com\\\/avatar\\\/c49a1b9f79216d1498cb73c1e85cd47f4465dda35f2a94c03790d491bd4423c3?s=96&d=mm&r=g\",\"contentUrl\":\"https:\\\/\\\/secure.gravatar.com\\\/avatar\\\/c49a1b9f79216d1498cb73c1e85cd47f4465dda35f2a94c03790d491bd4423c3?s=96&d=mm&r=g\",\"caption\":\"Eric de Antderground\"},\"logo\":{\"@id\":\"https:\\\/\\\/secure.gravatar.com\\\/avatar\\\/c49a1b9f79216d1498cb73c1e85cd47f4465dda35f2a94c03790d491bd4423c3?s=96&d=mm&r=g\"},\"description\":\"Eric es el especialista y fundador de Antderground, con una amplia trayectoria en artr\u00f3podos y enfocado en la mirmecolog\u00eda y el dise\u00f1o de hormigueros artificiales. Su enfoque combina la innovaci\u00f3n t\u00e9cnica con el respeto por la biolog\u00eda de las hormigas, is\u00f3podos y otros, desarrollando sistemas de nidos modulares 3D y acr\u00edlicos que son referentes para aficionados y profesionales en toda Europa. Su objetivo es facilitar la cr\u00eda de hormigas y otros artr\u00f3podos mediante soluciones seguras y divulgaci\u00f3n de calidad.\",\"sameAs\":[\"https:\\\/\\\/antderground.com\\\/\",\"https:\\\/\\\/www.youtube.com\\\/channel\\\/UCio72z7TlbufkAthAJIJfPw\"]}]}<\/script>\n<!-- \/ Yoast SEO plugin. -->","yoast_head_json":{"title":"Kultivierung von W\u00fcrmern (Galleria Mellonella) - ANTDERGROUND","description":"Entdecken Sie die Zucht von W\u00fcrmern (Galleria Mellonella): ideales Lebendfutter f\u00fcr exotische Haustiere. Gr\u00f6\u00dfenvielfalt in optimaler Umgebung.","robots":{"index":"index","follow":"follow","max-snippet":"max-snippet:-1","max-image-preview":"max-image-preview:large","max-video-preview":"max-video-preview:-1"},"canonical":"https:\/\/antderground.com\/de\/produkt\/kultivierung-von-wuermern-galleria-mellonella\/","og_locale":"de_DE","og_type":"article","og_title":"Kultivierung von W\u00fcrmern (Galleria Mellonella) - ANTDERGROUND","og_description":"Entdecken Sie die Zucht von W\u00fcrmern (Galleria Mellonella): ideales Lebendfutter f\u00fcr exotische Haustiere. Gr\u00f6\u00dfenvielfalt in optimaler Umgebung.","og_url":"https:\/\/antderground.com\/de\/produkt\/kultivierung-von-wuermern-galleria-mellonella\/","og_site_name":"ANTDERGROUND","og_image":[{"width":1417,"height":1417,"url":"https:\/\/antderground.com\/wp-content\/uploads\/2024\/05\/cultivo-gusanos-de-miel.jpg","type":"image\/jpeg"}],"twitter_card":"summary_large_image","schema":{"@context":"https:\/\/schema.org","@graph":[{"@type":"WebPage","@id":"https:\/\/antderground.com\/de\/produkt\/kultivierung-von-wuermern-galleria-mellonella\/","url":"https:\/\/antderground.com\/de\/produkt\/kultivierung-von-wuermern-galleria-mellonella\/","name":"Kultivierung von W\u00fcrmern (Galleria Mellonella) - ANTDERGROUND","isPartOf":{"@id":"https:\/\/antderground.com\/de\/#website"},"primaryImageOfPage":{"@id":"https:\/\/antderground.com\/de\/produkt\/kultivierung-von-wuermern-galleria-mellonella\/#primaryimage"},"image":{"@id":"https:\/\/antderground.com\/de\/produkt\/kultivierung-von-wuermern-galleria-mellonella\/#primaryimage"},"thumbnailUrl":"https:\/\/antderground.com\/wp-content\/uploads\/2024\/05\/cultivo-gusanos-de-miel.jpg","datePublished":"2024-05-06T09:43:01+00:00","description":"Entdecken Sie die Zucht von W\u00fcrmern (Galleria Mellonella): ideales Lebendfutter f\u00fcr exotische Haustiere. Gr\u00f6\u00dfenvielfalt in optimaler Umgebung.","breadcrumb":{"@id":"https:\/\/antderground.com\/de\/produkt\/kultivierung-von-wuermern-galleria-mellonella\/#breadcrumb"},"inLanguage":"de","potentialAction":[{"@type":"ReadAction","target":["https:\/\/antderground.com\/de\/produkt\/kultivierung-von-wuermern-galleria-mellonella\/"]}]},{"@type":"ImageObject","inLanguage":"de","@id":"https:\/\/antderground.com\/de\/produkt\/kultivierung-von-wuermern-galleria-mellonella\/#primaryimage","url":"https:\/\/antderground.com\/wp-content\/uploads\/2024\/05\/cultivo-gusanos-de-miel.jpg","contentUrl":"https:\/\/antderground.com\/wp-content\/uploads\/2024\/05\/cultivo-gusanos-de-miel.jpg","width":1417,"height":1417,"caption":"cultivo gusanos de miel"},{"@type":"BreadcrumbList","@id":"https:\/\/antderground.com\/de\/produkt\/kultivierung-von-wuermern-galleria-mellonella\/#breadcrumb","itemListElement":[{"@type":"ListItem","position":1,"name":"Portada","item":"https:\/\/antderground.com\/de\/"},{"@type":"ListItem","position":2,"name":"Shop","item":"https:\/\/antderground.com\/de\/shop\/"},{"@type":"ListItem","position":3,"name":"Kultivierung von W\u00fcrmern (Galleria Mellonella)"}]},{"@type":"WebSite","@id":"https:\/\/antderground.com\/de\/#website","url":"https:\/\/antderground.com\/de\/","name":"ANTDERGROUND","description":"Tu tienda de hormigas, gran variedad de hormigueros acr\u00edlicos,madera,arena,3D y mas.. Pide tus hormigas gratis con tu pedido, somos expertos en hormigueros antifugas.","publisher":{"@id":"https:\/\/antderground.com\/de\/#\/schema\/person\/0e322c505e84fe72c65e2f6d08f96b81"},"alternateName":"Antderground","potentialAction":[{"@type":"SearchAction","target":{"@type":"EntryPoint","urlTemplate":"https:\/\/antderground.com\/de\/?s={search_term_string}"},"query-input":{"@type":"PropertyValueSpecification","valueRequired":true,"valueName":"search_term_string"}}],"inLanguage":"de"},{"@type":["Person","Organization"],"@id":"https:\/\/antderground.com\/de\/#\/schema\/person\/0e322c505e84fe72c65e2f6d08f96b81","name":"Eric de Antderground","image":{"@type":"ImageObject","inLanguage":"de","@id":"https:\/\/secure.gravatar.com\/avatar\/c49a1b9f79216d1498cb73c1e85cd47f4465dda35f2a94c03790d491bd4423c3?s=96&d=mm&r=g","url":"https:\/\/secure.gravatar.com\/avatar\/c49a1b9f79216d1498cb73c1e85cd47f4465dda35f2a94c03790d491bd4423c3?s=96&d=mm&r=g","contentUrl":"https:\/\/secure.gravatar.com\/avatar\/c49a1b9f79216d1498cb73c1e85cd47f4465dda35f2a94c03790d491bd4423c3?s=96&d=mm&r=g","caption":"Eric de Antderground"},"logo":{"@id":"https:\/\/secure.gravatar.com\/avatar\/c49a1b9f79216d1498cb73c1e85cd47f4465dda35f2a94c03790d491bd4423c3?s=96&d=mm&r=g"},"description":"Eric es el especialista y fundador de Antderground, con una amplia trayectoria en artr\u00f3podos y enfocado en la mirmecolog\u00eda y el dise\u00f1o de hormigueros artificiales. Su enfoque combina la innovaci\u00f3n t\u00e9cnica con el respeto por la biolog\u00eda de las hormigas, is\u00f3podos y otros, desarrollando sistemas de nidos modulares 3D y acr\u00edlicos que son referentes para aficionados y profesionales en toda Europa. Su objetivo es facilitar la cr\u00eda de hormigas y otros artr\u00f3podos mediante soluciones seguras y divulgaci\u00f3n de calidad.","sameAs":["https:\/\/antderground.com\/","https:\/\/www.youtube.com\/channel\/UCio72z7TlbufkAthAJIJfPw"]}]}},"_links":{"self":[{"href":"https:\/\/antderground.com\/de\/wp-json\/wp\/v2\/product\/34073","targetHints":{"allow":["GET"]}}],"collection":[{"href":"https:\/\/antderground.com\/de\/wp-json\/wp\/v2\/product"}],"about":[{"href":"https:\/\/antderground.com\/de\/wp-json\/wp\/v2\/types\/product"}],"version-history":[{"count":0,"href":"https:\/\/antderground.com\/de\/wp-json\/wp\/v2\/product\/34073\/revisions"}],"wp:featuredmedia":[{"embeddable":true,"href":"https:\/\/antderground.com\/de\/wp-json\/wp\/v2\/media\/34057"}],"wp:attachment":[{"href":"https:\/\/antderground.com\/de\/wp-json\/wp\/v2\/media?parent=34073"}],"wp:term":[{"taxonomy":"product_brand","embeddable":true,"href":"https:\/\/antderground.com\/de\/wp-json\/wp\/v2\/product_brand?post=34073"},{"taxonomy":"product_cat","embeddable":true,"href":"https:\/\/antderground.com\/de\/wp-json\/wp\/v2\/product_cat?post=34073"},{"taxonomy":"product_tag","embeddable":true,"href":"https:\/\/antderground.com\/de\/wp-json\/wp\/v2\/product_tag?post=34073"}],"curies":[{"name":"wp","href":"https:\/\/api.w.org\/{rel}","templated":true}]}}