{"id":34283,"date":"2024-05-15T15:55:03","date_gmt":"2024-05-15T13:55:03","guid":{"rendered":"https:\/\/www.antderground.com\/producto\/myrmica-rubra\/"},"modified":"2024-06-03T21:08:16","modified_gmt":"2024-06-03T19:08:16","slug":"myrmica-rubra","status":"publish","type":"product","link":"https:\/\/antderground.com\/de\/produkt\/myrmica-rubra\/","title":{"rendered":"Myrmica rubra"},"content":{"rendered":"<h3>Technisches Datenblatt: Myrmica rubra<\/h3>\n<p><strong>Wissenschaftlicher Name:<\/strong> Myrmica rubra<\/p>\n<p><strong>Taxonomische Klassifizierung:<\/strong><\/p>\n<ul>\n<li><strong>Reich:<\/strong> Animalia<\/li>\n<li><strong>Stamm:<\/strong> Arthropoda<\/li>\n<li><strong>Klasse:<\/strong> Insecta<\/li>\n<li><strong>Ordnung:<\/strong> Hymenoptera<\/li>\n<li><strong>Familie:<\/strong> Formicidae<\/li>\n<li><strong>Gattung:<\/strong> Myrmica<\/li>\n<li><strong>Art:<\/strong> Myrmica rubra<\/li>\n<\/ul>\n<p><strong>Beschreibung:<\/strong><\/p>\n<ul>\n<li><strong>Farbe:<\/strong> R\u00f6tlich, mit T\u00f6nen, die zwischen hellbraun und dunkelbraun variieren k\u00f6nnen.<\/li>\n<li><strong>Gr\u00f6\u00dfe:<\/strong> Arbeiterinnen von 4-6 mm; K\u00f6niginnen von 5,5-7 mm.<\/li>\n<li><strong>K\u00f6rperbau:<\/strong> K\u00f6rper in drei Hauptteile gegliedert: Kopf, Mesosoma und Metasoma. Sie haben zwei Dornen am Propodeum (hintere Teil des Mesosomas).<\/li>\n<li><strong>F\u00fchler:<\/strong> Bestehen aus 12 Segmenten bei den Arbeiterinnen und 13 bei den M\u00e4nnchen.<\/li>\n<\/ul>\n<p><strong>Verbreitung:<\/strong><\/p>\n<ul>\n<li>Urspr\u00fcnglich aus Europa und Asien.<\/li>\n<\/ul>\n<p><strong>Lebensraum:<\/strong><\/p>\n<ul>\n<li>Bevorzugt feuchte Gebiete wie Wiesen, G\u00e4rten, W\u00e4lder und Ufer von Fl\u00fcssen und Seen.<\/li>\n<li>Bauen Nester im Boden, oft unter Steinen, Holz oder Tr\u00fcmmern.<\/li>\n<\/ul>\n<p><strong>Verhalten:<\/strong><\/p>\n<ul>\n<li><strong>Ern\u00e4hrung:<\/strong> Allesfresser, ern\u00e4hren sich von Insekten, Nektar und s\u00fc\u00dfen Materialien.<\/li>\n<li><strong>Fortpflanzung:<\/strong> Kolonien k\u00f6nnen mehrere K\u00f6niginnen haben (Polygynie). Die neuen K\u00f6niginnen und M\u00e4nnchen paaren sich bei Hochzeitsfl\u00fcgen.<\/li>\n<li><strong>Soziales Verhalten:<\/strong> Hoch sozial, die Arbeiterinnen arbeiten zusammen bei der Nahrungssuche und bei der Pflege der Brut und der K\u00f6nigin.<\/li>\n<\/ul>\n","protected":false},"excerpt":{"rendered":"<p>Entdecken Sie die faszinierende Welt der Ameise Myrmica rubra in Ihrem Terrarium oder k\u00fcnstlichen Ameisenhaufen. Beobachten Sie ihre unglaubliche Teamarbeit und Organisation. Eine lehrreiche und spannende Erfahrung!<\/p>\n","protected":false},"featured_media":34247,"template":"","meta":[],"product_brand":[],"product_cat":[495,496],"product_tag":[],"class_list":{"0":"post-34283","1":"product","2":"type-product","3":"status-publish","4":"has-post-thumbnail","6":"product_cat-ameisen","7":"product_cat-europaische-ameisen","9":"first","10":"instock","11":"shipping-taxable","12":"purchasable","13":"product-type-variable"},"yoast_head":"<!-- This site is optimized with the Yoast SEO plugin v27.4 - https:\/\/yoast.com\/product\/yoast-seo-wordpress\/ -->\n<title>Myrmica rubra | K\u00f6niginameise | Formicidae - ANTDERGROUND<\/title>\n<meta name=\"description\" content=\"Entdecken Sie die neue Ameisensorte Myrmica rubra. Entdecken Sie die Welt der Myrmekologie mit Ameisenk\u00f6niginnen und ihren Arbeiterinnen.\" \/>\n<meta name=\"robots\" content=\"index, follow, max-snippet:-1, max-image-preview:large, max-video-preview:-1\" \/>\n<link rel=\"canonical\" href=\"https:\/\/antderground.com\/de\/produkt\/myrmica-rubra\/\" \/>\n<meta property=\"og:locale\" content=\"de_DE\" \/>\n<meta property=\"og:type\" content=\"article\" \/>\n<meta property=\"og:title\" content=\"Myrmica rubra | K\u00f6niginameise | Formicidae - ANTDERGROUND\" \/>\n<meta property=\"og:description\" content=\"Entdecken Sie die neue Ameisensorte Myrmica rubra. Entdecken Sie die Welt der Myrmekologie mit Ameisenk\u00f6niginnen und ihren Arbeiterinnen.\" \/>\n<meta property=\"og:url\" content=\"https:\/\/antderground.com\/de\/produkt\/myrmica-rubra\/\" \/>\n<meta property=\"og:site_name\" content=\"ANTDERGROUND\" \/>\n<meta property=\"article:modified_time\" content=\"2024-06-03T19:08:16+00:00\" \/>\n<meta property=\"og:image\" content=\"https:\/\/antderground.com\/wp-content\/uploads\/2024\/05\/Myrmica-rubra.jpg\" \/>\n\t<meta property=\"og:image:width\" content=\"1417\" \/>\n\t<meta property=\"og:image:height\" content=\"1417\" \/>\n\t<meta property=\"og:image:type\" content=\"image\/jpeg\" \/>\n<meta name=\"twitter:card\" content=\"summary_large_image\" \/>\n<meta name=\"twitter:label1\" content=\"Gesch\u00e4tzte Lesezeit\" \/>\n\t<meta name=\"twitter:data1\" content=\"1\u00a0Minute\" \/>\n<script type=\"application\/ld+json\" class=\"yoast-schema-graph\">{\"@context\":\"https:\\\/\\\/schema.org\",\"@graph\":[{\"@type\":\"WebPage\",\"@id\":\"https:\\\/\\\/antderground.com\\\/de\\\/produkt\\\/myrmica-rubra\\\/\",\"url\":\"https:\\\/\\\/antderground.com\\\/de\\\/produkt\\\/myrmica-rubra\\\/\",\"name\":\"Myrmica rubra | K\u00f6niginameise | Formicidae - ANTDERGROUND\",\"isPartOf\":{\"@id\":\"https:\\\/\\\/antderground.com\\\/de\\\/#website\"},\"primaryImageOfPage\":{\"@id\":\"https:\\\/\\\/antderground.com\\\/de\\\/produkt\\\/myrmica-rubra\\\/#primaryimage\"},\"image\":{\"@id\":\"https:\\\/\\\/antderground.com\\\/de\\\/produkt\\\/myrmica-rubra\\\/#primaryimage\"},\"thumbnailUrl\":\"https:\\\/\\\/antderground.com\\\/wp-content\\\/uploads\\\/2024\\\/05\\\/Myrmica-rubra.jpg\",\"datePublished\":\"2024-05-15T13:55:03+00:00\",\"dateModified\":\"2024-06-03T19:08:16+00:00\",\"description\":\"Entdecken Sie die neue Ameisensorte Myrmica rubra. Entdecken Sie die Welt der Myrmekologie mit Ameisenk\u00f6niginnen und ihren Arbeiterinnen.\",\"breadcrumb\":{\"@id\":\"https:\\\/\\\/antderground.com\\\/de\\\/produkt\\\/myrmica-rubra\\\/#breadcrumb\"},\"inLanguage\":\"de\",\"potentialAction\":[{\"@type\":\"ReadAction\",\"target\":[\"https:\\\/\\\/antderground.com\\\/de\\\/produkt\\\/myrmica-rubra\\\/\"]}]},{\"@type\":\"ImageObject\",\"inLanguage\":\"de\",\"@id\":\"https:\\\/\\\/antderground.com\\\/de\\\/produkt\\\/myrmica-rubra\\\/#primaryimage\",\"url\":\"https:\\\/\\\/antderground.com\\\/wp-content\\\/uploads\\\/2024\\\/05\\\/Myrmica-rubra.jpg\",\"contentUrl\":\"https:\\\/\\\/antderground.com\\\/wp-content\\\/uploads\\\/2024\\\/05\\\/Myrmica-rubra.jpg\",\"width\":1417,\"height\":1417,\"caption\":\"Myrmica rubra\"},{\"@type\":\"BreadcrumbList\",\"@id\":\"https:\\\/\\\/antderground.com\\\/de\\\/produkt\\\/myrmica-rubra\\\/#breadcrumb\",\"itemListElement\":[{\"@type\":\"ListItem\",\"position\":1,\"name\":\"Portada\",\"item\":\"https:\\\/\\\/antderground.com\\\/de\\\/\"},{\"@type\":\"ListItem\",\"position\":2,\"name\":\"Shop\",\"item\":\"https:\\\/\\\/antderground.com\\\/de\\\/shop\\\/\"},{\"@type\":\"ListItem\",\"position\":3,\"name\":\"Myrmica rubra\"}]},{\"@type\":\"WebSite\",\"@id\":\"https:\\\/\\\/antderground.com\\\/de\\\/#website\",\"url\":\"https:\\\/\\\/antderground.com\\\/de\\\/\",\"name\":\"ANTDERGROUND\",\"description\":\"Tu tienda de hormigas, gran variedad de hormigueros acr\u00edlicos,madera,arena,3D y mas.. Pide tus hormigas gratis con tu pedido, somos expertos en hormigueros antifugas.\",\"publisher\":{\"@id\":\"https:\\\/\\\/antderground.com\\\/de\\\/#\\\/schema\\\/person\\\/0e322c505e84fe72c65e2f6d08f96b81\"},\"alternateName\":\"Antderground\",\"potentialAction\":[{\"@type\":\"SearchAction\",\"target\":{\"@type\":\"EntryPoint\",\"urlTemplate\":\"https:\\\/\\\/antderground.com\\\/de\\\/?s={search_term_string}\"},\"query-input\":{\"@type\":\"PropertyValueSpecification\",\"valueRequired\":true,\"valueName\":\"search_term_string\"}}],\"inLanguage\":\"de\"},{\"@type\":[\"Person\",\"Organization\"],\"@id\":\"https:\\\/\\\/antderground.com\\\/de\\\/#\\\/schema\\\/person\\\/0e322c505e84fe72c65e2f6d08f96b81\",\"name\":\"Eric de Antderground\",\"image\":{\"@type\":\"ImageObject\",\"inLanguage\":\"de\",\"@id\":\"https:\\\/\\\/secure.gravatar.com\\\/avatar\\\/c49a1b9f79216d1498cb73c1e85cd47f4465dda35f2a94c03790d491bd4423c3?s=96&d=mm&r=g\",\"url\":\"https:\\\/\\\/secure.gravatar.com\\\/avatar\\\/c49a1b9f79216d1498cb73c1e85cd47f4465dda35f2a94c03790d491bd4423c3?s=96&d=mm&r=g\",\"contentUrl\":\"https:\\\/\\\/secure.gravatar.com\\\/avatar\\\/c49a1b9f79216d1498cb73c1e85cd47f4465dda35f2a94c03790d491bd4423c3?s=96&d=mm&r=g\",\"caption\":\"Eric de Antderground\"},\"logo\":{\"@id\":\"https:\\\/\\\/secure.gravatar.com\\\/avatar\\\/c49a1b9f79216d1498cb73c1e85cd47f4465dda35f2a94c03790d491bd4423c3?s=96&d=mm&r=g\"},\"description\":\"Eric es el especialista y fundador de Antderground, con una amplia trayectoria en artr\u00f3podos y enfocado en la mirmecolog\u00eda y el dise\u00f1o de hormigueros artificiales. Su enfoque combina la innovaci\u00f3n t\u00e9cnica con el respeto por la biolog\u00eda de las hormigas, is\u00f3podos y otros, desarrollando sistemas de nidos modulares 3D y acr\u00edlicos que son referentes para aficionados y profesionales en toda Europa. Su objetivo es facilitar la cr\u00eda de hormigas y otros artr\u00f3podos mediante soluciones seguras y divulgaci\u00f3n de calidad.\",\"sameAs\":[\"https:\\\/\\\/antderground.com\\\/\",\"https:\\\/\\\/www.youtube.com\\\/channel\\\/UCio72z7TlbufkAthAJIJfPw\"]}]}<\/script>\n<!-- \/ Yoast SEO plugin. -->","yoast_head_json":{"title":"Myrmica rubra | K\u00f6niginameise | Formicidae - ANTDERGROUND","description":"Entdecken Sie die neue Ameisensorte Myrmica rubra. Entdecken Sie die Welt der Myrmekologie mit Ameisenk\u00f6niginnen und ihren Arbeiterinnen.","robots":{"index":"index","follow":"follow","max-snippet":"max-snippet:-1","max-image-preview":"max-image-preview:large","max-video-preview":"max-video-preview:-1"},"canonical":"https:\/\/antderground.com\/de\/produkt\/myrmica-rubra\/","og_locale":"de_DE","og_type":"article","og_title":"Myrmica rubra | K\u00f6niginameise | Formicidae - ANTDERGROUND","og_description":"Entdecken Sie die neue Ameisensorte Myrmica rubra. Entdecken Sie die Welt der Myrmekologie mit Ameisenk\u00f6niginnen und ihren Arbeiterinnen.","og_url":"https:\/\/antderground.com\/de\/produkt\/myrmica-rubra\/","og_site_name":"ANTDERGROUND","article_modified_time":"2024-06-03T19:08:16+00:00","og_image":[{"width":1417,"height":1417,"url":"https:\/\/antderground.com\/wp-content\/uploads\/2024\/05\/Myrmica-rubra.jpg","type":"image\/jpeg"}],"twitter_card":"summary_large_image","twitter_misc":{"Gesch\u00e4tzte Lesezeit":"1\u00a0Minute"},"schema":{"@context":"https:\/\/schema.org","@graph":[{"@type":"WebPage","@id":"https:\/\/antderground.com\/de\/produkt\/myrmica-rubra\/","url":"https:\/\/antderground.com\/de\/produkt\/myrmica-rubra\/","name":"Myrmica rubra | K\u00f6niginameise | Formicidae - ANTDERGROUND","isPartOf":{"@id":"https:\/\/antderground.com\/de\/#website"},"primaryImageOfPage":{"@id":"https:\/\/antderground.com\/de\/produkt\/myrmica-rubra\/#primaryimage"},"image":{"@id":"https:\/\/antderground.com\/de\/produkt\/myrmica-rubra\/#primaryimage"},"thumbnailUrl":"https:\/\/antderground.com\/wp-content\/uploads\/2024\/05\/Myrmica-rubra.jpg","datePublished":"2024-05-15T13:55:03+00:00","dateModified":"2024-06-03T19:08:16+00:00","description":"Entdecken Sie die neue Ameisensorte Myrmica rubra. Entdecken Sie die Welt der Myrmekologie mit Ameisenk\u00f6niginnen und ihren Arbeiterinnen.","breadcrumb":{"@id":"https:\/\/antderground.com\/de\/produkt\/myrmica-rubra\/#breadcrumb"},"inLanguage":"de","potentialAction":[{"@type":"ReadAction","target":["https:\/\/antderground.com\/de\/produkt\/myrmica-rubra\/"]}]},{"@type":"ImageObject","inLanguage":"de","@id":"https:\/\/antderground.com\/de\/produkt\/myrmica-rubra\/#primaryimage","url":"https:\/\/antderground.com\/wp-content\/uploads\/2024\/05\/Myrmica-rubra.jpg","contentUrl":"https:\/\/antderground.com\/wp-content\/uploads\/2024\/05\/Myrmica-rubra.jpg","width":1417,"height":1417,"caption":"Myrmica rubra"},{"@type":"BreadcrumbList","@id":"https:\/\/antderground.com\/de\/produkt\/myrmica-rubra\/#breadcrumb","itemListElement":[{"@type":"ListItem","position":1,"name":"Portada","item":"https:\/\/antderground.com\/de\/"},{"@type":"ListItem","position":2,"name":"Shop","item":"https:\/\/antderground.com\/de\/shop\/"},{"@type":"ListItem","position":3,"name":"Myrmica rubra"}]},{"@type":"WebSite","@id":"https:\/\/antderground.com\/de\/#website","url":"https:\/\/antderground.com\/de\/","name":"ANTDERGROUND","description":"Tu tienda de hormigas, gran variedad de hormigueros acr\u00edlicos,madera,arena,3D y mas.. Pide tus hormigas gratis con tu pedido, somos expertos en hormigueros antifugas.","publisher":{"@id":"https:\/\/antderground.com\/de\/#\/schema\/person\/0e322c505e84fe72c65e2f6d08f96b81"},"alternateName":"Antderground","potentialAction":[{"@type":"SearchAction","target":{"@type":"EntryPoint","urlTemplate":"https:\/\/antderground.com\/de\/?s={search_term_string}"},"query-input":{"@type":"PropertyValueSpecification","valueRequired":true,"valueName":"search_term_string"}}],"inLanguage":"de"},{"@type":["Person","Organization"],"@id":"https:\/\/antderground.com\/de\/#\/schema\/person\/0e322c505e84fe72c65e2f6d08f96b81","name":"Eric de Antderground","image":{"@type":"ImageObject","inLanguage":"de","@id":"https:\/\/secure.gravatar.com\/avatar\/c49a1b9f79216d1498cb73c1e85cd47f4465dda35f2a94c03790d491bd4423c3?s=96&d=mm&r=g","url":"https:\/\/secure.gravatar.com\/avatar\/c49a1b9f79216d1498cb73c1e85cd47f4465dda35f2a94c03790d491bd4423c3?s=96&d=mm&r=g","contentUrl":"https:\/\/secure.gravatar.com\/avatar\/c49a1b9f79216d1498cb73c1e85cd47f4465dda35f2a94c03790d491bd4423c3?s=96&d=mm&r=g","caption":"Eric de Antderground"},"logo":{"@id":"https:\/\/secure.gravatar.com\/avatar\/c49a1b9f79216d1498cb73c1e85cd47f4465dda35f2a94c03790d491bd4423c3?s=96&d=mm&r=g"},"description":"Eric es el especialista y fundador de Antderground, con una amplia trayectoria en artr\u00f3podos y enfocado en la mirmecolog\u00eda y el dise\u00f1o de hormigueros artificiales. Su enfoque combina la innovaci\u00f3n t\u00e9cnica con el respeto por la biolog\u00eda de las hormigas, is\u00f3podos y otros, desarrollando sistemas de nidos modulares 3D y acr\u00edlicos que son referentes para aficionados y profesionales en toda Europa. Su objetivo es facilitar la cr\u00eda de hormigas y otros artr\u00f3podos mediante soluciones seguras y divulgaci\u00f3n de calidad.","sameAs":["https:\/\/antderground.com\/","https:\/\/www.youtube.com\/channel\/UCio72z7TlbufkAthAJIJfPw"]}]}},"_links":{"self":[{"href":"https:\/\/antderground.com\/de\/wp-json\/wp\/v2\/product\/34283","targetHints":{"allow":["GET"]}}],"collection":[{"href":"https:\/\/antderground.com\/de\/wp-json\/wp\/v2\/product"}],"about":[{"href":"https:\/\/antderground.com\/de\/wp-json\/wp\/v2\/types\/product"}],"version-history":[{"count":0,"href":"https:\/\/antderground.com\/de\/wp-json\/wp\/v2\/product\/34283\/revisions"}],"wp:featuredmedia":[{"embeddable":true,"href":"https:\/\/antderground.com\/de\/wp-json\/wp\/v2\/media\/34247"}],"wp:attachment":[{"href":"https:\/\/antderground.com\/de\/wp-json\/wp\/v2\/media?parent=34283"}],"wp:term":[{"taxonomy":"product_brand","embeddable":true,"href":"https:\/\/antderground.com\/de\/wp-json\/wp\/v2\/product_brand?post=34283"},{"taxonomy":"product_cat","embeddable":true,"href":"https:\/\/antderground.com\/de\/wp-json\/wp\/v2\/product_cat?post=34283"},{"taxonomy":"product_tag","embeddable":true,"href":"https:\/\/antderground.com\/de\/wp-json\/wp\/v2\/product_tag?post=34283"}],"curies":[{"name":"wp","href":"https:\/\/api.w.org\/{rel}","templated":true}]}}