{"id":34728,"date":"2024-06-10T15:52:38","date_gmt":"2024-06-10T13:52:38","guid":{"rendered":"https:\/\/www.antderground.com\/producto\/futter-fuer-springschwaenze\/"},"modified":"2024-06-10T15:52:38","modified_gmt":"2024-06-10T13:52:38","slug":"futter-fuer-springschwaenze","status":"publish","type":"product","link":"https:\/\/antderground.com\/de\/produkt\/futter-fuer-springschwaenze\/","title":{"rendered":"Futter f\u00fcr Springschw\u00e4nze"},"content":{"rendered":"","protected":false},"excerpt":{"rendered":"<p>Optimieren Sie die Gesundheit Ihrer Springschw\u00e4nze mit unserer gemahlenen Getreidemischung. Unverzichtbare Nahrung f\u00fcr ihre Entwicklung und Fortpflanzung. Verl\u00e4ngert seinen Lebenszyklus im Anbau.<\/p>\n","protected":false},"featured_media":34675,"template":"","meta":[],"product_brand":[],"product_cat":[534,669,681],"product_tag":[],"class_list":{"0":"post-34728","1":"product","2":"type-product","3":"status-publish","4":"has-post-thumbnail","6":"product_cat-ameisenfutter","7":"product_cat-trockenfutter-samen-und-getreide","8":"product_cat-erganzungsfuttermittel","10":"first","11":"instock","12":"shipping-taxable","13":"purchasable","14":"product-type-variable"},"yoast_head":"<!-- This site is optimized with the Yoast SEO plugin v27.3 - https:\/\/yoast.com\/product\/yoast-seo-wordpress\/ -->\n<title>Futter f\u00fcr Springschw\u00e4nze | Futter f\u00fcr Insekten - ANTDERGROUND<\/title>\n<meta name=\"description\" content=\"Entdecken Sie das Futter f\u00fcr Springschw\u00e4nze, eine perfekte Kombination zur F\u00fctterung Ihrer Springschwanzernte auf Basis von gemahlenem Getreide. Alles f\u00fcr Ihre Insekten!!\" \/>\n<meta name=\"robots\" content=\"index, follow, max-snippet:-1, max-image-preview:large, max-video-preview:-1\" \/>\n<link rel=\"canonical\" href=\"https:\/\/antderground.com\/de\/produkt\/futter-fuer-springschwaenze\/\" \/>\n<meta property=\"og:locale\" content=\"de_DE\" \/>\n<meta property=\"og:type\" content=\"article\" \/>\n<meta property=\"og:title\" content=\"Futter f\u00fcr Springschw\u00e4nze | Futter f\u00fcr Insekten - ANTDERGROUND\" \/>\n<meta property=\"og:description\" content=\"Entdecken Sie das Futter f\u00fcr Springschw\u00e4nze, eine perfekte Kombination zur F\u00fctterung Ihrer Springschwanzernte auf Basis von gemahlenem Getreide. Alles f\u00fcr Ihre Insekten!!\" \/>\n<meta property=\"og:url\" content=\"https:\/\/antderground.com\/de\/produkt\/futter-fuer-springschwaenze\/\" \/>\n<meta property=\"og:site_name\" content=\"ANTDERGROUND\" \/>\n<meta property=\"og:image\" content=\"https:\/\/antderground.com\/wp-content\/uploads\/2024\/06\/Alimento-para-colembolos.jpg\" \/>\n\t<meta property=\"og:image:width\" content=\"2048\" \/>\n\t<meta property=\"og:image:height\" content=\"2048\" \/>\n\t<meta property=\"og:image:type\" content=\"image\/jpeg\" \/>\n<meta name=\"twitter:card\" content=\"summary_large_image\" \/>\n<script type=\"application\/ld+json\" class=\"yoast-schema-graph\">{\"@context\":\"https:\\\/\\\/schema.org\",\"@graph\":[{\"@type\":\"WebPage\",\"@id\":\"https:\\\/\\\/antderground.com\\\/de\\\/produkt\\\/futter-fuer-springschwaenze\\\/\",\"url\":\"https:\\\/\\\/antderground.com\\\/de\\\/produkt\\\/futter-fuer-springschwaenze\\\/\",\"name\":\"Futter f\u00fcr Springschw\u00e4nze | Futter f\u00fcr Insekten - ANTDERGROUND\",\"isPartOf\":{\"@id\":\"https:\\\/\\\/antderground.com\\\/de\\\/#website\"},\"primaryImageOfPage\":{\"@id\":\"https:\\\/\\\/antderground.com\\\/de\\\/produkt\\\/futter-fuer-springschwaenze\\\/#primaryimage\"},\"image\":{\"@id\":\"https:\\\/\\\/antderground.com\\\/de\\\/produkt\\\/futter-fuer-springschwaenze\\\/#primaryimage\"},\"thumbnailUrl\":\"https:\\\/\\\/antderground.com\\\/wp-content\\\/uploads\\\/2024\\\/06\\\/Alimento-para-colembolos.jpg\",\"datePublished\":\"2024-06-10T13:52:38+00:00\",\"description\":\"Entdecken Sie das Futter f\u00fcr Springschw\u00e4nze, eine perfekte Kombination zur F\u00fctterung Ihrer Springschwanzernte auf Basis von gemahlenem Getreide. Alles f\u00fcr Ihre Insekten!!\",\"breadcrumb\":{\"@id\":\"https:\\\/\\\/antderground.com\\\/de\\\/produkt\\\/futter-fuer-springschwaenze\\\/#breadcrumb\"},\"inLanguage\":\"de\",\"potentialAction\":[{\"@type\":\"ReadAction\",\"target\":[\"https:\\\/\\\/antderground.com\\\/de\\\/produkt\\\/futter-fuer-springschwaenze\\\/\"]}]},{\"@type\":\"ImageObject\",\"inLanguage\":\"de\",\"@id\":\"https:\\\/\\\/antderground.com\\\/de\\\/produkt\\\/futter-fuer-springschwaenze\\\/#primaryimage\",\"url\":\"https:\\\/\\\/antderground.com\\\/wp-content\\\/uploads\\\/2024\\\/06\\\/Alimento-para-colembolos.jpg\",\"contentUrl\":\"https:\\\/\\\/antderground.com\\\/wp-content\\\/uploads\\\/2024\\\/06\\\/Alimento-para-colembolos.jpg\",\"width\":2048,\"height\":2048,\"caption\":\"Alimento para colembolos\"},{\"@type\":\"BreadcrumbList\",\"@id\":\"https:\\\/\\\/antderground.com\\\/de\\\/produkt\\\/futter-fuer-springschwaenze\\\/#breadcrumb\",\"itemListElement\":[{\"@type\":\"ListItem\",\"position\":1,\"name\":\"Portada\",\"item\":\"https:\\\/\\\/antderground.com\\\/de\\\/\"},{\"@type\":\"ListItem\",\"position\":2,\"name\":\"Shop\",\"item\":\"https:\\\/\\\/antderground.com\\\/de\\\/shop\\\/\"},{\"@type\":\"ListItem\",\"position\":3,\"name\":\"Futter f\u00fcr Springschw\u00e4nze\"}]},{\"@type\":\"WebSite\",\"@id\":\"https:\\\/\\\/antderground.com\\\/de\\\/#website\",\"url\":\"https:\\\/\\\/antderground.com\\\/de\\\/\",\"name\":\"ANTDERGROUND\",\"description\":\"Tu tienda de hormigas, gran variedad de hormigueros acr\u00edlicos,madera,arena,3D y mas.. Pide tus hormigas gratis con tu pedido, somos expertos en hormigueros antifugas.\",\"publisher\":{\"@id\":\"https:\\\/\\\/antderground.com\\\/de\\\/#\\\/schema\\\/person\\\/0e322c505e84fe72c65e2f6d08f96b81\"},\"alternateName\":\"Antderground\",\"potentialAction\":[{\"@type\":\"SearchAction\",\"target\":{\"@type\":\"EntryPoint\",\"urlTemplate\":\"https:\\\/\\\/antderground.com\\\/de\\\/?s={search_term_string}\"},\"query-input\":{\"@type\":\"PropertyValueSpecification\",\"valueRequired\":true,\"valueName\":\"search_term_string\"}}],\"inLanguage\":\"de\"},{\"@type\":[\"Person\",\"Organization\"],\"@id\":\"https:\\\/\\\/antderground.com\\\/de\\\/#\\\/schema\\\/person\\\/0e322c505e84fe72c65e2f6d08f96b81\",\"name\":\"Eric de Antderground\",\"image\":{\"@type\":\"ImageObject\",\"inLanguage\":\"de\",\"@id\":\"https:\\\/\\\/secure.gravatar.com\\\/avatar\\\/c49a1b9f79216d1498cb73c1e85cd47f4465dda35f2a94c03790d491bd4423c3?s=96&d=mm&r=g\",\"url\":\"https:\\\/\\\/secure.gravatar.com\\\/avatar\\\/c49a1b9f79216d1498cb73c1e85cd47f4465dda35f2a94c03790d491bd4423c3?s=96&d=mm&r=g\",\"contentUrl\":\"https:\\\/\\\/secure.gravatar.com\\\/avatar\\\/c49a1b9f79216d1498cb73c1e85cd47f4465dda35f2a94c03790d491bd4423c3?s=96&d=mm&r=g\",\"caption\":\"Eric de Antderground\"},\"logo\":{\"@id\":\"https:\\\/\\\/secure.gravatar.com\\\/avatar\\\/c49a1b9f79216d1498cb73c1e85cd47f4465dda35f2a94c03790d491bd4423c3?s=96&d=mm&r=g\"},\"description\":\"Eric es el especialista y fundador de Antderground, con una amplia trayectoria en artr\u00f3podos y enfocado en la mirmecolog\u00eda y el dise\u00f1o de hormigueros artificiales. Su enfoque combina la innovaci\u00f3n t\u00e9cnica con el respeto por la biolog\u00eda de las hormigas, is\u00f3podos y otros, desarrollando sistemas de nidos modulares 3D y acr\u00edlicos que son referentes para aficionados y profesionales en toda Europa. Su objetivo es facilitar la cr\u00eda de hormigas y otros artr\u00f3podos mediante soluciones seguras y divulgaci\u00f3n de calidad.\",\"sameAs\":[\"https:\\\/\\\/antderground.com\\\/\",\"https:\\\/\\\/www.youtube.com\\\/channel\\\/UCio72z7TlbufkAthAJIJfPw\"]}]}<\/script>\n<!-- \/ Yoast SEO plugin. -->","yoast_head_json":{"title":"Futter f\u00fcr Springschw\u00e4nze | Futter f\u00fcr Insekten - ANTDERGROUND","description":"Entdecken Sie das Futter f\u00fcr Springschw\u00e4nze, eine perfekte Kombination zur F\u00fctterung Ihrer Springschwanzernte auf Basis von gemahlenem Getreide. Alles f\u00fcr Ihre Insekten!!","robots":{"index":"index","follow":"follow","max-snippet":"max-snippet:-1","max-image-preview":"max-image-preview:large","max-video-preview":"max-video-preview:-1"},"canonical":"https:\/\/antderground.com\/de\/produkt\/futter-fuer-springschwaenze\/","og_locale":"de_DE","og_type":"article","og_title":"Futter f\u00fcr Springschw\u00e4nze | Futter f\u00fcr Insekten - ANTDERGROUND","og_description":"Entdecken Sie das Futter f\u00fcr Springschw\u00e4nze, eine perfekte Kombination zur F\u00fctterung Ihrer Springschwanzernte auf Basis von gemahlenem Getreide. Alles f\u00fcr Ihre Insekten!!","og_url":"https:\/\/antderground.com\/de\/produkt\/futter-fuer-springschwaenze\/","og_site_name":"ANTDERGROUND","og_image":[{"width":2048,"height":2048,"url":"https:\/\/antderground.com\/wp-content\/uploads\/2024\/06\/Alimento-para-colembolos.jpg","type":"image\/jpeg"}],"twitter_card":"summary_large_image","schema":{"@context":"https:\/\/schema.org","@graph":[{"@type":"WebPage","@id":"https:\/\/antderground.com\/de\/produkt\/futter-fuer-springschwaenze\/","url":"https:\/\/antderground.com\/de\/produkt\/futter-fuer-springschwaenze\/","name":"Futter f\u00fcr Springschw\u00e4nze | Futter f\u00fcr Insekten - ANTDERGROUND","isPartOf":{"@id":"https:\/\/antderground.com\/de\/#website"},"primaryImageOfPage":{"@id":"https:\/\/antderground.com\/de\/produkt\/futter-fuer-springschwaenze\/#primaryimage"},"image":{"@id":"https:\/\/antderground.com\/de\/produkt\/futter-fuer-springschwaenze\/#primaryimage"},"thumbnailUrl":"https:\/\/antderground.com\/wp-content\/uploads\/2024\/06\/Alimento-para-colembolos.jpg","datePublished":"2024-06-10T13:52:38+00:00","description":"Entdecken Sie das Futter f\u00fcr Springschw\u00e4nze, eine perfekte Kombination zur F\u00fctterung Ihrer Springschwanzernte auf Basis von gemahlenem Getreide. Alles f\u00fcr Ihre Insekten!!","breadcrumb":{"@id":"https:\/\/antderground.com\/de\/produkt\/futter-fuer-springschwaenze\/#breadcrumb"},"inLanguage":"de","potentialAction":[{"@type":"ReadAction","target":["https:\/\/antderground.com\/de\/produkt\/futter-fuer-springschwaenze\/"]}]},{"@type":"ImageObject","inLanguage":"de","@id":"https:\/\/antderground.com\/de\/produkt\/futter-fuer-springschwaenze\/#primaryimage","url":"https:\/\/antderground.com\/wp-content\/uploads\/2024\/06\/Alimento-para-colembolos.jpg","contentUrl":"https:\/\/antderground.com\/wp-content\/uploads\/2024\/06\/Alimento-para-colembolos.jpg","width":2048,"height":2048,"caption":"Alimento para colembolos"},{"@type":"BreadcrumbList","@id":"https:\/\/antderground.com\/de\/produkt\/futter-fuer-springschwaenze\/#breadcrumb","itemListElement":[{"@type":"ListItem","position":1,"name":"Portada","item":"https:\/\/antderground.com\/de\/"},{"@type":"ListItem","position":2,"name":"Shop","item":"https:\/\/antderground.com\/de\/shop\/"},{"@type":"ListItem","position":3,"name":"Futter f\u00fcr Springschw\u00e4nze"}]},{"@type":"WebSite","@id":"https:\/\/antderground.com\/de\/#website","url":"https:\/\/antderground.com\/de\/","name":"ANTDERGROUND","description":"Tu tienda de hormigas, gran variedad de hormigueros acr\u00edlicos,madera,arena,3D y mas.. Pide tus hormigas gratis con tu pedido, somos expertos en hormigueros antifugas.","publisher":{"@id":"https:\/\/antderground.com\/de\/#\/schema\/person\/0e322c505e84fe72c65e2f6d08f96b81"},"alternateName":"Antderground","potentialAction":[{"@type":"SearchAction","target":{"@type":"EntryPoint","urlTemplate":"https:\/\/antderground.com\/de\/?s={search_term_string}"},"query-input":{"@type":"PropertyValueSpecification","valueRequired":true,"valueName":"search_term_string"}}],"inLanguage":"de"},{"@type":["Person","Organization"],"@id":"https:\/\/antderground.com\/de\/#\/schema\/person\/0e322c505e84fe72c65e2f6d08f96b81","name":"Eric de Antderground","image":{"@type":"ImageObject","inLanguage":"de","@id":"https:\/\/secure.gravatar.com\/avatar\/c49a1b9f79216d1498cb73c1e85cd47f4465dda35f2a94c03790d491bd4423c3?s=96&d=mm&r=g","url":"https:\/\/secure.gravatar.com\/avatar\/c49a1b9f79216d1498cb73c1e85cd47f4465dda35f2a94c03790d491bd4423c3?s=96&d=mm&r=g","contentUrl":"https:\/\/secure.gravatar.com\/avatar\/c49a1b9f79216d1498cb73c1e85cd47f4465dda35f2a94c03790d491bd4423c3?s=96&d=mm&r=g","caption":"Eric de Antderground"},"logo":{"@id":"https:\/\/secure.gravatar.com\/avatar\/c49a1b9f79216d1498cb73c1e85cd47f4465dda35f2a94c03790d491bd4423c3?s=96&d=mm&r=g"},"description":"Eric es el especialista y fundador de Antderground, con una amplia trayectoria en artr\u00f3podos y enfocado en la mirmecolog\u00eda y el dise\u00f1o de hormigueros artificiales. Su enfoque combina la innovaci\u00f3n t\u00e9cnica con el respeto por la biolog\u00eda de las hormigas, is\u00f3podos y otros, desarrollando sistemas de nidos modulares 3D y acr\u00edlicos que son referentes para aficionados y profesionales en toda Europa. Su objetivo es facilitar la cr\u00eda de hormigas y otros artr\u00f3podos mediante soluciones seguras y divulgaci\u00f3n de calidad.","sameAs":["https:\/\/antderground.com\/","https:\/\/www.youtube.com\/channel\/UCio72z7TlbufkAthAJIJfPw"]}]}},"_links":{"self":[{"href":"https:\/\/antderground.com\/de\/wp-json\/wp\/v2\/product\/34728","targetHints":{"allow":["GET"]}}],"collection":[{"href":"https:\/\/antderground.com\/de\/wp-json\/wp\/v2\/product"}],"about":[{"href":"https:\/\/antderground.com\/de\/wp-json\/wp\/v2\/types\/product"}],"version-history":[{"count":0,"href":"https:\/\/antderground.com\/de\/wp-json\/wp\/v2\/product\/34728\/revisions"}],"wp:featuredmedia":[{"embeddable":true,"href":"https:\/\/antderground.com\/de\/wp-json\/wp\/v2\/media\/34675"}],"wp:attachment":[{"href":"https:\/\/antderground.com\/de\/wp-json\/wp\/v2\/media?parent=34728"}],"wp:term":[{"taxonomy":"product_brand","embeddable":true,"href":"https:\/\/antderground.com\/de\/wp-json\/wp\/v2\/product_brand?post=34728"},{"taxonomy":"product_cat","embeddable":true,"href":"https:\/\/antderground.com\/de\/wp-json\/wp\/v2\/product_cat?post=34728"},{"taxonomy":"product_tag","embeddable":true,"href":"https:\/\/antderground.com\/de\/wp-json\/wp\/v2\/product_tag?post=34728"}],"curies":[{"name":"wp","href":"https:\/\/api.w.org\/{rel}","templated":true}]}}