{"id":34835,"date":"2019-08-02T22:42:23","date_gmt":"2019-08-02T20:42:23","guid":{"rendered":"https:\/\/www.antderground.com\/producto\/pheidole-pallidula\/"},"modified":"2025-07-17T14:32:30","modified_gmt":"2025-07-17T12:32:30","slug":"pheidole-pallidula","status":"publish","type":"product","link":"https:\/\/antderground.com\/de\/produkt\/pheidole-pallidula\/","title":{"rendered":"Pheidole pallidula"},"content":{"rendered":"<p>Wissenschaftlicher Name: Pheidole pallidula<\/p>\n<p>Klasse: Insecta<br \/>\nOrdnung: Hymenoptera<br \/>\nFamilie: Formicidae<br \/>\nGattung: Pheidole<br \/>\nArt: pallidula<\/p>\n<p>Morphologische Merkmale:<\/p>\n<p>Gr\u00f6\u00dfe: Die Arbeiterinnen sind etwa 2-4 mm gro\u00df, w\u00e4hrend die K\u00f6niginnen bis zu 7 mm erreichen k\u00f6nnen.<br \/>\nFarbe: Die Arbeiterinnen sind dunkelbraun bis schwarz gef\u00e4rbt, mit einem helleren Abdomen, w\u00e4hrend die K\u00f6niginnen hellere Farbt\u00f6ne haben k\u00f6nnen.<br \/>\nK\u00f6rper: Sie haben einen im Verh\u00e4ltnis zum K\u00f6rper gro\u00dfen Kopf, mit einem gut differenzierten Thorax und Abdomen.<br \/>\nAntennen: Die Anzahl der Segmente in den Antennen variiert je nach Kaste, aber sie haben in der Regel 12 Segmente.<br \/>\nAugen: Sie haben relativ gro\u00dfe Komplexaugen.<\/p>\n<p>Lebenszyklus:<\/p>\n<p>Die Kolonie besteht aus einer oder mehreren K\u00f6niginnen, Arbeiterinnen und Larven.<br \/>\nDie K\u00f6nigin ist das einzige fruchtbare Weibchen der Kolonie und legt die Eier.<br \/>\nDie Larven durchlaufen verschiedene Stadien, bevor sie zu erwachsenen Arbeiterinnen werden.<br \/>\nDie Arbeiterinnen sind daf\u00fcr verantwortlich, Nahrung zu suchen, die Larven zu pflegen und die Kolonie zu verteidigen.<\/p>\n<p>Lebensraum und Verbreitung:<\/p>\n<p>Die Ameise Pheidole pallidula stammt aus mediterranen Regionen und kommt h\u00e4ufig in Europa vor.<\/p>\n","protected":false},"excerpt":{"rendered":"<p>Entdecken Sie die Kraft der Ameise Pheidole pallidula: Klein, aber kraftvoll arbeitet sie unerm\u00fcdlich daran, gro\u00dfe Ziele zu erreichen. Machen Sie es noch heute zu einem Teil Ihres Nestes! \ud83d\udc1c\ud83d\udcaa<\/p>\n","protected":false},"featured_media":29430,"template":"","meta":[],"product_brand":[],"product_cat":[495,496],"product_tag":[],"class_list":{"0":"post-34835","1":"product","2":"type-product","3":"status-publish","4":"has-post-thumbnail","6":"product_cat-ameisen","7":"product_cat-europaische-ameisen","9":"first","10":"instock","11":"shipping-taxable","12":"purchasable","13":"product-type-variable"},"yoast_head":"<!-- This site is optimized with the Yoast SEO plugin v27.4 - https:\/\/yoast.com\/product\/yoast-seo-wordpress\/ -->\n<title>Pheidole pallidula | Formicidae | Myrm\u00f6kologie - ANTDERGROUND<\/title>\n<meta name=\"description\" content=\"Entdecken Sie die Eigenschaften und den Lebensstil der einheimischen Ameise Pheidole pallidula in einem k\u00fcnstlichen Ameisenhaufen. Entdecken Sie die myrmekologische Welt\" \/>\n<meta name=\"robots\" content=\"index, follow, max-snippet:-1, max-image-preview:large, max-video-preview:-1\" \/>\n<link rel=\"canonical\" href=\"https:\/\/antderground.com\/de\/produkt\/pheidole-pallidula\/\" \/>\n<meta property=\"og:locale\" content=\"de_DE\" \/>\n<meta property=\"og:type\" content=\"article\" \/>\n<meta property=\"og:title\" content=\"Pheidole pallidula | Formicidae | Myrm\u00f6kologie - ANTDERGROUND\" \/>\n<meta property=\"og:description\" content=\"Entdecken Sie die Eigenschaften und den Lebensstil der einheimischen Ameise Pheidole pallidula in einem k\u00fcnstlichen Ameisenhaufen. Entdecken Sie die myrmekologische Welt\" \/>\n<meta property=\"og:url\" content=\"https:\/\/antderground.com\/de\/produkt\/pheidole-pallidula\/\" \/>\n<meta property=\"og:site_name\" content=\"ANTDERGROUND\" \/>\n<meta property=\"article:modified_time\" content=\"2025-07-17T12:32:30+00:00\" \/>\n<meta property=\"og:image\" content=\"https:\/\/antderground.com\/wp-content\/uploads\/2019\/08\/PHEIDOLE-PALLIDULA.jpg\" \/>\n\t<meta property=\"og:image:width\" content=\"1417\" \/>\n\t<meta property=\"og:image:height\" content=\"1417\" \/>\n\t<meta property=\"og:image:type\" content=\"image\/jpeg\" \/>\n<meta name=\"twitter:card\" content=\"summary_large_image\" \/>\n<meta name=\"twitter:label1\" content=\"Gesch\u00e4tzte Lesezeit\" \/>\n\t<meta name=\"twitter:data1\" content=\"1\u00a0Minute\" \/>\n<script type=\"application\/ld+json\" class=\"yoast-schema-graph\">{\"@context\":\"https:\\\/\\\/schema.org\",\"@graph\":[{\"@type\":\"WebPage\",\"@id\":\"https:\\\/\\\/antderground.com\\\/de\\\/produkt\\\/pheidole-pallidula\\\/\",\"url\":\"https:\\\/\\\/antderground.com\\\/de\\\/produkt\\\/pheidole-pallidula\\\/\",\"name\":\"Pheidole pallidula | Formicidae | Myrm\u00f6kologie - ANTDERGROUND\",\"isPartOf\":{\"@id\":\"https:\\\/\\\/antderground.com\\\/de\\\/#website\"},\"primaryImageOfPage\":{\"@id\":\"https:\\\/\\\/antderground.com\\\/de\\\/produkt\\\/pheidole-pallidula\\\/#primaryimage\"},\"image\":{\"@id\":\"https:\\\/\\\/antderground.com\\\/de\\\/produkt\\\/pheidole-pallidula\\\/#primaryimage\"},\"thumbnailUrl\":\"https:\\\/\\\/antderground.com\\\/wp-content\\\/uploads\\\/2019\\\/08\\\/PHEIDOLE-PALLIDULA.jpg\",\"datePublished\":\"2019-08-02T20:42:23+00:00\",\"dateModified\":\"2025-07-17T12:32:30+00:00\",\"description\":\"Entdecken Sie die Eigenschaften und den Lebensstil der einheimischen Ameise Pheidole pallidula in einem k\u00fcnstlichen Ameisenhaufen. Entdecken Sie die myrmekologische Welt\",\"breadcrumb\":{\"@id\":\"https:\\\/\\\/antderground.com\\\/de\\\/produkt\\\/pheidole-pallidula\\\/#breadcrumb\"},\"inLanguage\":\"de\",\"potentialAction\":[{\"@type\":\"ReadAction\",\"target\":[\"https:\\\/\\\/antderground.com\\\/de\\\/produkt\\\/pheidole-pallidula\\\/\"]}]},{\"@type\":\"ImageObject\",\"inLanguage\":\"de\",\"@id\":\"https:\\\/\\\/antderground.com\\\/de\\\/produkt\\\/pheidole-pallidula\\\/#primaryimage\",\"url\":\"https:\\\/\\\/antderground.com\\\/wp-content\\\/uploads\\\/2019\\\/08\\\/PHEIDOLE-PALLIDULA.jpg\",\"contentUrl\":\"https:\\\/\\\/antderground.com\\\/wp-content\\\/uploads\\\/2019\\\/08\\\/PHEIDOLE-PALLIDULA.jpg\",\"width\":1417,\"height\":1417,\"caption\":\"PHEIDOLE PALLIDULA\"},{\"@type\":\"BreadcrumbList\",\"@id\":\"https:\\\/\\\/antderground.com\\\/de\\\/produkt\\\/pheidole-pallidula\\\/#breadcrumb\",\"itemListElement\":[{\"@type\":\"ListItem\",\"position\":1,\"name\":\"Portada\",\"item\":\"https:\\\/\\\/antderground.com\\\/de\\\/\"},{\"@type\":\"ListItem\",\"position\":2,\"name\":\"Shop\",\"item\":\"https:\\\/\\\/antderground.com\\\/de\\\/shop\\\/\"},{\"@type\":\"ListItem\",\"position\":3,\"name\":\"Pheidole pallidula\"}]},{\"@type\":\"WebSite\",\"@id\":\"https:\\\/\\\/antderground.com\\\/de\\\/#website\",\"url\":\"https:\\\/\\\/antderground.com\\\/de\\\/\",\"name\":\"ANTDERGROUND\",\"description\":\"Tu tienda de hormigas, gran variedad de hormigueros acr\u00edlicos,madera,arena,3D y mas.. Pide tus hormigas gratis con tu pedido, somos expertos en hormigueros antifugas.\",\"publisher\":{\"@id\":\"https:\\\/\\\/antderground.com\\\/de\\\/#\\\/schema\\\/person\\\/0e322c505e84fe72c65e2f6d08f96b81\"},\"alternateName\":\"Antderground\",\"potentialAction\":[{\"@type\":\"SearchAction\",\"target\":{\"@type\":\"EntryPoint\",\"urlTemplate\":\"https:\\\/\\\/antderground.com\\\/de\\\/?s={search_term_string}\"},\"query-input\":{\"@type\":\"PropertyValueSpecification\",\"valueRequired\":true,\"valueName\":\"search_term_string\"}}],\"inLanguage\":\"de\"},{\"@type\":[\"Person\",\"Organization\"],\"@id\":\"https:\\\/\\\/antderground.com\\\/de\\\/#\\\/schema\\\/person\\\/0e322c505e84fe72c65e2f6d08f96b81\",\"name\":\"Eric de Antderground\",\"image\":{\"@type\":\"ImageObject\",\"inLanguage\":\"de\",\"@id\":\"https:\\\/\\\/secure.gravatar.com\\\/avatar\\\/c49a1b9f79216d1498cb73c1e85cd47f4465dda35f2a94c03790d491bd4423c3?s=96&d=mm&r=g\",\"url\":\"https:\\\/\\\/secure.gravatar.com\\\/avatar\\\/c49a1b9f79216d1498cb73c1e85cd47f4465dda35f2a94c03790d491bd4423c3?s=96&d=mm&r=g\",\"contentUrl\":\"https:\\\/\\\/secure.gravatar.com\\\/avatar\\\/c49a1b9f79216d1498cb73c1e85cd47f4465dda35f2a94c03790d491bd4423c3?s=96&d=mm&r=g\",\"caption\":\"Eric de Antderground\"},\"logo\":{\"@id\":\"https:\\\/\\\/secure.gravatar.com\\\/avatar\\\/c49a1b9f79216d1498cb73c1e85cd47f4465dda35f2a94c03790d491bd4423c3?s=96&d=mm&r=g\"},\"description\":\"Eric es el especialista y fundador de Antderground, con una amplia trayectoria en artr\u00f3podos y enfocado en la mirmecolog\u00eda y el dise\u00f1o de hormigueros artificiales. Su enfoque combina la innovaci\u00f3n t\u00e9cnica con el respeto por la biolog\u00eda de las hormigas, is\u00f3podos y otros, desarrollando sistemas de nidos modulares 3D y acr\u00edlicos que son referentes para aficionados y profesionales en toda Europa. Su objetivo es facilitar la cr\u00eda de hormigas y otros artr\u00f3podos mediante soluciones seguras y divulgaci\u00f3n de calidad.\",\"sameAs\":[\"https:\\\/\\\/antderground.com\\\/\",\"https:\\\/\\\/www.youtube.com\\\/channel\\\/UCio72z7TlbufkAthAJIJfPw\"]}]}<\/script>\n<!-- \/ Yoast SEO plugin. -->","yoast_head_json":{"title":"Pheidole pallidula | Formicidae | Myrm\u00f6kologie - ANTDERGROUND","description":"Entdecken Sie die Eigenschaften und den Lebensstil der einheimischen Ameise Pheidole pallidula in einem k\u00fcnstlichen Ameisenhaufen. Entdecken Sie die myrmekologische Welt","robots":{"index":"index","follow":"follow","max-snippet":"max-snippet:-1","max-image-preview":"max-image-preview:large","max-video-preview":"max-video-preview:-1"},"canonical":"https:\/\/antderground.com\/de\/produkt\/pheidole-pallidula\/","og_locale":"de_DE","og_type":"article","og_title":"Pheidole pallidula | Formicidae | Myrm\u00f6kologie - ANTDERGROUND","og_description":"Entdecken Sie die Eigenschaften und den Lebensstil der einheimischen Ameise Pheidole pallidula in einem k\u00fcnstlichen Ameisenhaufen. Entdecken Sie die myrmekologische Welt","og_url":"https:\/\/antderground.com\/de\/produkt\/pheidole-pallidula\/","og_site_name":"ANTDERGROUND","article_modified_time":"2025-07-17T12:32:30+00:00","og_image":[{"width":1417,"height":1417,"url":"https:\/\/antderground.com\/wp-content\/uploads\/2019\/08\/PHEIDOLE-PALLIDULA.jpg","type":"image\/jpeg"}],"twitter_card":"summary_large_image","twitter_misc":{"Gesch\u00e4tzte Lesezeit":"1\u00a0Minute"},"schema":{"@context":"https:\/\/schema.org","@graph":[{"@type":"WebPage","@id":"https:\/\/antderground.com\/de\/produkt\/pheidole-pallidula\/","url":"https:\/\/antderground.com\/de\/produkt\/pheidole-pallidula\/","name":"Pheidole pallidula | Formicidae | Myrm\u00f6kologie - ANTDERGROUND","isPartOf":{"@id":"https:\/\/antderground.com\/de\/#website"},"primaryImageOfPage":{"@id":"https:\/\/antderground.com\/de\/produkt\/pheidole-pallidula\/#primaryimage"},"image":{"@id":"https:\/\/antderground.com\/de\/produkt\/pheidole-pallidula\/#primaryimage"},"thumbnailUrl":"https:\/\/antderground.com\/wp-content\/uploads\/2019\/08\/PHEIDOLE-PALLIDULA.jpg","datePublished":"2019-08-02T20:42:23+00:00","dateModified":"2025-07-17T12:32:30+00:00","description":"Entdecken Sie die Eigenschaften und den Lebensstil der einheimischen Ameise Pheidole pallidula in einem k\u00fcnstlichen Ameisenhaufen. Entdecken Sie die myrmekologische Welt","breadcrumb":{"@id":"https:\/\/antderground.com\/de\/produkt\/pheidole-pallidula\/#breadcrumb"},"inLanguage":"de","potentialAction":[{"@type":"ReadAction","target":["https:\/\/antderground.com\/de\/produkt\/pheidole-pallidula\/"]}]},{"@type":"ImageObject","inLanguage":"de","@id":"https:\/\/antderground.com\/de\/produkt\/pheidole-pallidula\/#primaryimage","url":"https:\/\/antderground.com\/wp-content\/uploads\/2019\/08\/PHEIDOLE-PALLIDULA.jpg","contentUrl":"https:\/\/antderground.com\/wp-content\/uploads\/2019\/08\/PHEIDOLE-PALLIDULA.jpg","width":1417,"height":1417,"caption":"PHEIDOLE PALLIDULA"},{"@type":"BreadcrumbList","@id":"https:\/\/antderground.com\/de\/produkt\/pheidole-pallidula\/#breadcrumb","itemListElement":[{"@type":"ListItem","position":1,"name":"Portada","item":"https:\/\/antderground.com\/de\/"},{"@type":"ListItem","position":2,"name":"Shop","item":"https:\/\/antderground.com\/de\/shop\/"},{"@type":"ListItem","position":3,"name":"Pheidole pallidula"}]},{"@type":"WebSite","@id":"https:\/\/antderground.com\/de\/#website","url":"https:\/\/antderground.com\/de\/","name":"ANTDERGROUND","description":"Tu tienda de hormigas, gran variedad de hormigueros acr\u00edlicos,madera,arena,3D y mas.. Pide tus hormigas gratis con tu pedido, somos expertos en hormigueros antifugas.","publisher":{"@id":"https:\/\/antderground.com\/de\/#\/schema\/person\/0e322c505e84fe72c65e2f6d08f96b81"},"alternateName":"Antderground","potentialAction":[{"@type":"SearchAction","target":{"@type":"EntryPoint","urlTemplate":"https:\/\/antderground.com\/de\/?s={search_term_string}"},"query-input":{"@type":"PropertyValueSpecification","valueRequired":true,"valueName":"search_term_string"}}],"inLanguage":"de"},{"@type":["Person","Organization"],"@id":"https:\/\/antderground.com\/de\/#\/schema\/person\/0e322c505e84fe72c65e2f6d08f96b81","name":"Eric de Antderground","image":{"@type":"ImageObject","inLanguage":"de","@id":"https:\/\/secure.gravatar.com\/avatar\/c49a1b9f79216d1498cb73c1e85cd47f4465dda35f2a94c03790d491bd4423c3?s=96&d=mm&r=g","url":"https:\/\/secure.gravatar.com\/avatar\/c49a1b9f79216d1498cb73c1e85cd47f4465dda35f2a94c03790d491bd4423c3?s=96&d=mm&r=g","contentUrl":"https:\/\/secure.gravatar.com\/avatar\/c49a1b9f79216d1498cb73c1e85cd47f4465dda35f2a94c03790d491bd4423c3?s=96&d=mm&r=g","caption":"Eric de Antderground"},"logo":{"@id":"https:\/\/secure.gravatar.com\/avatar\/c49a1b9f79216d1498cb73c1e85cd47f4465dda35f2a94c03790d491bd4423c3?s=96&d=mm&r=g"},"description":"Eric es el especialista y fundador de Antderground, con una amplia trayectoria en artr\u00f3podos y enfocado en la mirmecolog\u00eda y el dise\u00f1o de hormigueros artificiales. Su enfoque combina la innovaci\u00f3n t\u00e9cnica con el respeto por la biolog\u00eda de las hormigas, is\u00f3podos y otros, desarrollando sistemas de nidos modulares 3D y acr\u00edlicos que son referentes para aficionados y profesionales en toda Europa. Su objetivo es facilitar la cr\u00eda de hormigas y otros artr\u00f3podos mediante soluciones seguras y divulgaci\u00f3n de calidad.","sameAs":["https:\/\/antderground.com\/","https:\/\/www.youtube.com\/channel\/UCio72z7TlbufkAthAJIJfPw"]}]}},"_links":{"self":[{"href":"https:\/\/antderground.com\/de\/wp-json\/wp\/v2\/product\/34835","targetHints":{"allow":["GET"]}}],"collection":[{"href":"https:\/\/antderground.com\/de\/wp-json\/wp\/v2\/product"}],"about":[{"href":"https:\/\/antderground.com\/de\/wp-json\/wp\/v2\/types\/product"}],"version-history":[{"count":0,"href":"https:\/\/antderground.com\/de\/wp-json\/wp\/v2\/product\/34835\/revisions"}],"wp:featuredmedia":[{"embeddable":true,"href":"https:\/\/antderground.com\/de\/wp-json\/wp\/v2\/media\/29430"}],"wp:attachment":[{"href":"https:\/\/antderground.com\/de\/wp-json\/wp\/v2\/media?parent=34835"}],"wp:term":[{"taxonomy":"product_brand","embeddable":true,"href":"https:\/\/antderground.com\/de\/wp-json\/wp\/v2\/product_brand?post=34835"},{"taxonomy":"product_cat","embeddable":true,"href":"https:\/\/antderground.com\/de\/wp-json\/wp\/v2\/product_cat?post=34835"},{"taxonomy":"product_tag","embeddable":true,"href":"https:\/\/antderground.com\/de\/wp-json\/wp\/v2\/product_tag?post=34835"}],"curies":[{"name":"wp","href":"https:\/\/api.w.org\/{rel}","templated":true}]}}