{"id":35062,"date":"2024-07-05T15:59:47","date_gmt":"2024-07-05T13:59:47","guid":{"rendered":"https:\/\/www.antderground.com\/producto\/starterset-fuer-asseln-isopoden\/"},"modified":"2024-07-05T15:59:47","modified_gmt":"2024-07-05T13:59:47","slug":"starterset-fuer-asseln-isopoden","status":"publish","type":"product","link":"https:\/\/antderground.com\/de\/produkt\/starterset-fuer-asseln-isopoden\/","title":{"rendered":"Starterset f\u00fcr Asseln (Isopoden)"},"content":{"rendered":"<h3>Inhalt des Kits<\/h3>\n<p><strong>Plastikterrarium:<\/strong> Ein elegantes Plastikterrarium mit den Ma\u00dfen 18 x 12 x 14,5 cm, ideal, um Asseln zu beherbergen und ihnen eine sichere und komfortable Umgebung zu bieten. Hergestellt aus hochwertigen Materialien, bietet es eine hervorragende Sicht und eine angemessene Bel\u00fcftung.<\/p>\n<p><strong>Sepiaschale:<\/strong> Grundlegend f\u00fcr die Kalziumversorgung, die f\u00fcr die Gesundheit und Entwicklung der Asseln notwendig ist. Au\u00dferdem tr\u00e4gt sie zur Aufrechterhaltung eines geeigneten pH-Werts im Terrarium bei.<\/p>\n<p><strong>Asselfutter:<\/strong> Eine nahrhafte und ausgewogene Mischung, die eine vollst\u00e4ndige und gesunde Ern\u00e4hrung f\u00fcr deine Asseln sicherstellt, ihr Wachstum f\u00f6rdert und ihre Vitalit\u00e4t unterst\u00fctzt.<\/p>\n<p><strong>Kiefernrinde:<\/strong> Bietet ein nat\u00fcrliches Substrat, das nicht nur das Terrarium dekoriert, sondern auch f\u00fcr die Feuchtigkeitsspeicherung und die Schaffung eines optimalen Mikroklimas unerl\u00e4sslich ist.<\/p>\n<p><strong>Kokosfaser:<\/strong> Dieses nat\u00fcrliche Substrat ist perfekt, um die richtige Feuchtigkeit im Terrarium zu erhalten und das nat\u00fcrliche Verhalten der Asseln, wie das Graben und Verstecken, zu f\u00f6rdern.<\/p>\n<p><strong>Futternapf:<\/strong> Ein kleiner, leicht zu reinigender Futternapf, ideal um das Futter bereitzustellen und den Raum ordentlich zu halten.<\/p>\n<p><strong>Merkmale und Vorteile:<\/strong><br \/>\nEinfach zu verwenden: Alles, was du zum Starten ben\u00f6tigst, ist enthalten.<\/p>\n","protected":false},"excerpt":{"rendered":"<p>Entdecken Sie das <strong><em>Starter-Kit f\u00fcr Isopoden<\/em><\/strong>! Alles, was Sie brauchen, um ein ideales Zuhause zu schaffen: Kunststoffterrarium, Tintenfischknochen, Futter, nat\u00fcrliche Substrate und mehr. Ideal f\u00fcr Einsteiger und Naturbegeisterte. Beginnen Sie noch heute Ihr faszinierendes Abenteuer!<\/p>\n","protected":false},"featured_media":35030,"template":"","meta":[],"product_brand":[],"product_cat":[599],"product_tag":[],"class_list":{"0":"post-35062","1":"product","2":"type-product","3":"status-publish","4":"has-post-thumbnail","6":"product_cat-sets-fur-asseln","8":"first","9":"outofstock","10":"shipping-taxable","11":"purchasable","12":"product-type-simple"},"yoast_head":"<!-- This site is optimized with the Yoast SEO plugin v27.4 - https:\/\/yoast.com\/product\/yoast-seo-wordpress\/ -->\n<title>Starterset f\u00fcr Asseln (Isopoden) - ANTDERGROUND<\/title>\n<meta name=\"description\" content=\"Entdecken Sie das Starter-Set f\u00fcr Asseln (isopoden): Kunststoffterrarium, Tintenfischknochen, Futter und nat\u00fcrliche Substrate.\" \/>\n<meta name=\"robots\" content=\"index, follow, max-snippet:-1, max-image-preview:large, max-video-preview:-1\" \/>\n<link rel=\"canonical\" href=\"https:\/\/antderground.com\/de\/produkt\/starterset-fuer-asseln-isopoden\/\" \/>\n<meta property=\"og:locale\" content=\"de_DE\" \/>\n<meta property=\"og:type\" content=\"article\" \/>\n<meta property=\"og:title\" content=\"Starterset f\u00fcr Asseln (Isopoden) - ANTDERGROUND\" \/>\n<meta property=\"og:description\" content=\"Entdecken Sie das Starter-Set f\u00fcr Asseln (isopoden): Kunststoffterrarium, Tintenfischknochen, Futter und nat\u00fcrliche Substrate.\" \/>\n<meta property=\"og:url\" content=\"https:\/\/antderground.com\/de\/produkt\/starterset-fuer-asseln-isopoden\/\" \/>\n<meta property=\"og:site_name\" content=\"ANTDERGROUND\" \/>\n<meta property=\"og:image\" content=\"https:\/\/antderground.com\/wp-content\/uploads\/2024\/07\/kits-isopodos.jpg\" \/>\n\t<meta property=\"og:image:width\" content=\"1417\" \/>\n\t<meta property=\"og:image:height\" content=\"1417\" \/>\n\t<meta property=\"og:image:type\" content=\"image\/jpeg\" \/>\n<meta name=\"twitter:card\" content=\"summary_large_image\" \/>\n<meta name=\"twitter:label1\" content=\"Gesch\u00e4tzte Lesezeit\" \/>\n\t<meta name=\"twitter:data1\" content=\"1\u00a0Minute\" \/>\n<script type=\"application\/ld+json\" class=\"yoast-schema-graph\">{\"@context\":\"https:\\\/\\\/schema.org\",\"@graph\":[{\"@type\":\"WebPage\",\"@id\":\"https:\\\/\\\/antderground.com\\\/de\\\/produkt\\\/starterset-fuer-asseln-isopoden\\\/\",\"url\":\"https:\\\/\\\/antderground.com\\\/de\\\/produkt\\\/starterset-fuer-asseln-isopoden\\\/\",\"name\":\"Starterset f\u00fcr Asseln (Isopoden) - ANTDERGROUND\",\"isPartOf\":{\"@id\":\"https:\\\/\\\/antderground.com\\\/de\\\/#website\"},\"primaryImageOfPage\":{\"@id\":\"https:\\\/\\\/antderground.com\\\/de\\\/produkt\\\/starterset-fuer-asseln-isopoden\\\/#primaryimage\"},\"image\":{\"@id\":\"https:\\\/\\\/antderground.com\\\/de\\\/produkt\\\/starterset-fuer-asseln-isopoden\\\/#primaryimage\"},\"thumbnailUrl\":\"https:\\\/\\\/antderground.com\\\/wp-content\\\/uploads\\\/2024\\\/07\\\/kits-isopodos.jpg\",\"datePublished\":\"2024-07-05T13:59:47+00:00\",\"description\":\"Entdecken Sie das Starter-Set f\u00fcr Asseln (isopoden): Kunststoffterrarium, Tintenfischknochen, Futter und nat\u00fcrliche Substrate.\",\"breadcrumb\":{\"@id\":\"https:\\\/\\\/antderground.com\\\/de\\\/produkt\\\/starterset-fuer-asseln-isopoden\\\/#breadcrumb\"},\"inLanguage\":\"de\",\"potentialAction\":[{\"@type\":\"ReadAction\",\"target\":[\"https:\\\/\\\/antderground.com\\\/de\\\/produkt\\\/starterset-fuer-asseln-isopoden\\\/\"]}]},{\"@type\":\"ImageObject\",\"inLanguage\":\"de\",\"@id\":\"https:\\\/\\\/antderground.com\\\/de\\\/produkt\\\/starterset-fuer-asseln-isopoden\\\/#primaryimage\",\"url\":\"https:\\\/\\\/antderground.com\\\/wp-content\\\/uploads\\\/2024\\\/07\\\/kits-isopodos.jpg\",\"contentUrl\":\"https:\\\/\\\/antderground.com\\\/wp-content\\\/uploads\\\/2024\\\/07\\\/kits-isopodos.jpg\",\"width\":1417,\"height\":1417,\"caption\":\"Starter-Kit f\u00fcr Isopoden\"},{\"@type\":\"BreadcrumbList\",\"@id\":\"https:\\\/\\\/antderground.com\\\/de\\\/produkt\\\/starterset-fuer-asseln-isopoden\\\/#breadcrumb\",\"itemListElement\":[{\"@type\":\"ListItem\",\"position\":1,\"name\":\"Portada\",\"item\":\"https:\\\/\\\/antderground.com\\\/de\\\/\"},{\"@type\":\"ListItem\",\"position\":2,\"name\":\"Shop\",\"item\":\"https:\\\/\\\/antderground.com\\\/de\\\/shop\\\/\"},{\"@type\":\"ListItem\",\"position\":3,\"name\":\"Starterset f\u00fcr Asseln (Isopoden)\"}]},{\"@type\":\"WebSite\",\"@id\":\"https:\\\/\\\/antderground.com\\\/de\\\/#website\",\"url\":\"https:\\\/\\\/antderground.com\\\/de\\\/\",\"name\":\"ANTDERGROUND\",\"description\":\"Tu tienda de hormigas, gran variedad de hormigueros acr\u00edlicos,madera,arena,3D y mas.. Pide tus hormigas gratis con tu pedido, somos expertos en hormigueros antifugas.\",\"publisher\":{\"@id\":\"https:\\\/\\\/antderground.com\\\/de\\\/#\\\/schema\\\/person\\\/0e322c505e84fe72c65e2f6d08f96b81\"},\"alternateName\":\"Antderground\",\"potentialAction\":[{\"@type\":\"SearchAction\",\"target\":{\"@type\":\"EntryPoint\",\"urlTemplate\":\"https:\\\/\\\/antderground.com\\\/de\\\/?s={search_term_string}\"},\"query-input\":{\"@type\":\"PropertyValueSpecification\",\"valueRequired\":true,\"valueName\":\"search_term_string\"}}],\"inLanguage\":\"de\"},{\"@type\":[\"Person\",\"Organization\"],\"@id\":\"https:\\\/\\\/antderground.com\\\/de\\\/#\\\/schema\\\/person\\\/0e322c505e84fe72c65e2f6d08f96b81\",\"name\":\"Eric de Antderground\",\"image\":{\"@type\":\"ImageObject\",\"inLanguage\":\"de\",\"@id\":\"https:\\\/\\\/secure.gravatar.com\\\/avatar\\\/c49a1b9f79216d1498cb73c1e85cd47f4465dda35f2a94c03790d491bd4423c3?s=96&d=mm&r=g\",\"url\":\"https:\\\/\\\/secure.gravatar.com\\\/avatar\\\/c49a1b9f79216d1498cb73c1e85cd47f4465dda35f2a94c03790d491bd4423c3?s=96&d=mm&r=g\",\"contentUrl\":\"https:\\\/\\\/secure.gravatar.com\\\/avatar\\\/c49a1b9f79216d1498cb73c1e85cd47f4465dda35f2a94c03790d491bd4423c3?s=96&d=mm&r=g\",\"caption\":\"Eric de Antderground\"},\"logo\":{\"@id\":\"https:\\\/\\\/secure.gravatar.com\\\/avatar\\\/c49a1b9f79216d1498cb73c1e85cd47f4465dda35f2a94c03790d491bd4423c3?s=96&d=mm&r=g\"},\"description\":\"Eric es el especialista y fundador de Antderground, con una amplia trayectoria en artr\u00f3podos y enfocado en la mirmecolog\u00eda y el dise\u00f1o de hormigueros artificiales. Su enfoque combina la innovaci\u00f3n t\u00e9cnica con el respeto por la biolog\u00eda de las hormigas, is\u00f3podos y otros, desarrollando sistemas de nidos modulares 3D y acr\u00edlicos que son referentes para aficionados y profesionales en toda Europa. Su objetivo es facilitar la cr\u00eda de hormigas y otros artr\u00f3podos mediante soluciones seguras y divulgaci\u00f3n de calidad.\",\"sameAs\":[\"https:\\\/\\\/antderground.com\\\/\",\"https:\\\/\\\/www.youtube.com\\\/channel\\\/UCio72z7TlbufkAthAJIJfPw\"]}]}<\/script>\n<!-- \/ Yoast SEO plugin. -->","yoast_head_json":{"title":"Starterset f\u00fcr Asseln (Isopoden) - ANTDERGROUND","description":"Entdecken Sie das Starter-Set f\u00fcr Asseln (isopoden): Kunststoffterrarium, Tintenfischknochen, Futter und nat\u00fcrliche Substrate.","robots":{"index":"index","follow":"follow","max-snippet":"max-snippet:-1","max-image-preview":"max-image-preview:large","max-video-preview":"max-video-preview:-1"},"canonical":"https:\/\/antderground.com\/de\/produkt\/starterset-fuer-asseln-isopoden\/","og_locale":"de_DE","og_type":"article","og_title":"Starterset f\u00fcr Asseln (Isopoden) - ANTDERGROUND","og_description":"Entdecken Sie das Starter-Set f\u00fcr Asseln (isopoden): Kunststoffterrarium, Tintenfischknochen, Futter und nat\u00fcrliche Substrate.","og_url":"https:\/\/antderground.com\/de\/produkt\/starterset-fuer-asseln-isopoden\/","og_site_name":"ANTDERGROUND","og_image":[{"width":1417,"height":1417,"url":"https:\/\/antderground.com\/wp-content\/uploads\/2024\/07\/kits-isopodos.jpg","type":"image\/jpeg"}],"twitter_card":"summary_large_image","twitter_misc":{"Gesch\u00e4tzte Lesezeit":"1\u00a0Minute"},"schema":{"@context":"https:\/\/schema.org","@graph":[{"@type":"WebPage","@id":"https:\/\/antderground.com\/de\/produkt\/starterset-fuer-asseln-isopoden\/","url":"https:\/\/antderground.com\/de\/produkt\/starterset-fuer-asseln-isopoden\/","name":"Starterset f\u00fcr Asseln (Isopoden) - ANTDERGROUND","isPartOf":{"@id":"https:\/\/antderground.com\/de\/#website"},"primaryImageOfPage":{"@id":"https:\/\/antderground.com\/de\/produkt\/starterset-fuer-asseln-isopoden\/#primaryimage"},"image":{"@id":"https:\/\/antderground.com\/de\/produkt\/starterset-fuer-asseln-isopoden\/#primaryimage"},"thumbnailUrl":"https:\/\/antderground.com\/wp-content\/uploads\/2024\/07\/kits-isopodos.jpg","datePublished":"2024-07-05T13:59:47+00:00","description":"Entdecken Sie das Starter-Set f\u00fcr Asseln (isopoden): Kunststoffterrarium, Tintenfischknochen, Futter und nat\u00fcrliche Substrate.","breadcrumb":{"@id":"https:\/\/antderground.com\/de\/produkt\/starterset-fuer-asseln-isopoden\/#breadcrumb"},"inLanguage":"de","potentialAction":[{"@type":"ReadAction","target":["https:\/\/antderground.com\/de\/produkt\/starterset-fuer-asseln-isopoden\/"]}]},{"@type":"ImageObject","inLanguage":"de","@id":"https:\/\/antderground.com\/de\/produkt\/starterset-fuer-asseln-isopoden\/#primaryimage","url":"https:\/\/antderground.com\/wp-content\/uploads\/2024\/07\/kits-isopodos.jpg","contentUrl":"https:\/\/antderground.com\/wp-content\/uploads\/2024\/07\/kits-isopodos.jpg","width":1417,"height":1417,"caption":"Starter-Kit f\u00fcr Isopoden"},{"@type":"BreadcrumbList","@id":"https:\/\/antderground.com\/de\/produkt\/starterset-fuer-asseln-isopoden\/#breadcrumb","itemListElement":[{"@type":"ListItem","position":1,"name":"Portada","item":"https:\/\/antderground.com\/de\/"},{"@type":"ListItem","position":2,"name":"Shop","item":"https:\/\/antderground.com\/de\/shop\/"},{"@type":"ListItem","position":3,"name":"Starterset f\u00fcr Asseln (Isopoden)"}]},{"@type":"WebSite","@id":"https:\/\/antderground.com\/de\/#website","url":"https:\/\/antderground.com\/de\/","name":"ANTDERGROUND","description":"Tu tienda de hormigas, gran variedad de hormigueros acr\u00edlicos,madera,arena,3D y mas.. Pide tus hormigas gratis con tu pedido, somos expertos en hormigueros antifugas.","publisher":{"@id":"https:\/\/antderground.com\/de\/#\/schema\/person\/0e322c505e84fe72c65e2f6d08f96b81"},"alternateName":"Antderground","potentialAction":[{"@type":"SearchAction","target":{"@type":"EntryPoint","urlTemplate":"https:\/\/antderground.com\/de\/?s={search_term_string}"},"query-input":{"@type":"PropertyValueSpecification","valueRequired":true,"valueName":"search_term_string"}}],"inLanguage":"de"},{"@type":["Person","Organization"],"@id":"https:\/\/antderground.com\/de\/#\/schema\/person\/0e322c505e84fe72c65e2f6d08f96b81","name":"Eric de Antderground","image":{"@type":"ImageObject","inLanguage":"de","@id":"https:\/\/secure.gravatar.com\/avatar\/c49a1b9f79216d1498cb73c1e85cd47f4465dda35f2a94c03790d491bd4423c3?s=96&d=mm&r=g","url":"https:\/\/secure.gravatar.com\/avatar\/c49a1b9f79216d1498cb73c1e85cd47f4465dda35f2a94c03790d491bd4423c3?s=96&d=mm&r=g","contentUrl":"https:\/\/secure.gravatar.com\/avatar\/c49a1b9f79216d1498cb73c1e85cd47f4465dda35f2a94c03790d491bd4423c3?s=96&d=mm&r=g","caption":"Eric de Antderground"},"logo":{"@id":"https:\/\/secure.gravatar.com\/avatar\/c49a1b9f79216d1498cb73c1e85cd47f4465dda35f2a94c03790d491bd4423c3?s=96&d=mm&r=g"},"description":"Eric es el especialista y fundador de Antderground, con una amplia trayectoria en artr\u00f3podos y enfocado en la mirmecolog\u00eda y el dise\u00f1o de hormigueros artificiales. Su enfoque combina la innovaci\u00f3n t\u00e9cnica con el respeto por la biolog\u00eda de las hormigas, is\u00f3podos y otros, desarrollando sistemas de nidos modulares 3D y acr\u00edlicos que son referentes para aficionados y profesionales en toda Europa. Su objetivo es facilitar la cr\u00eda de hormigas y otros artr\u00f3podos mediante soluciones seguras y divulgaci\u00f3n de calidad.","sameAs":["https:\/\/antderground.com\/","https:\/\/www.youtube.com\/channel\/UCio72z7TlbufkAthAJIJfPw"]}]}},"_links":{"self":[{"href":"https:\/\/antderground.com\/de\/wp-json\/wp\/v2\/product\/35062","targetHints":{"allow":["GET"]}}],"collection":[{"href":"https:\/\/antderground.com\/de\/wp-json\/wp\/v2\/product"}],"about":[{"href":"https:\/\/antderground.com\/de\/wp-json\/wp\/v2\/types\/product"}],"version-history":[{"count":0,"href":"https:\/\/antderground.com\/de\/wp-json\/wp\/v2\/product\/35062\/revisions"}],"wp:featuredmedia":[{"embeddable":true,"href":"https:\/\/antderground.com\/de\/wp-json\/wp\/v2\/media\/35030"}],"wp:attachment":[{"href":"https:\/\/antderground.com\/de\/wp-json\/wp\/v2\/media?parent=35062"}],"wp:term":[{"taxonomy":"product_brand","embeddable":true,"href":"https:\/\/antderground.com\/de\/wp-json\/wp\/v2\/product_brand?post=35062"},{"taxonomy":"product_cat","embeddable":true,"href":"https:\/\/antderground.com\/de\/wp-json\/wp\/v2\/product_cat?post=35062"},{"taxonomy":"product_tag","embeddable":true,"href":"https:\/\/antderground.com\/de\/wp-json\/wp\/v2\/product_tag?post=35062"}],"curies":[{"name":"wp","href":"https:\/\/api.w.org\/{rel}","templated":true}]}}