{"id":35113,"date":"2024-07-08T12:38:28","date_gmt":"2024-07-08T10:38:28","guid":{"rendered":"https:\/\/www.antderground.com\/producto\/futterstelle-fuer-asseln\/"},"modified":"2024-07-08T12:38:28","modified_gmt":"2024-07-08T10:38:28","slug":"futterstelle-fuer-asseln","status":"publish","type":"product","link":"https:\/\/antderground.com\/de\/produkt\/futterstelle-fuer-asseln\/","title":{"rendered":"Futterstelle f\u00fcr Asseln"},"content":{"rendered":"","protected":false},"excerpt":{"rendered":"<p>Entdecken Sie die perfekte L\u00f6sung f\u00fcr Ihre isopoden! Mit unserem spezialisierten Futterplatz sorgen Sie f\u00fcr ausgewogene Ern\u00e4hrung und Komfort f\u00fcr Ihre kleinen Begleiter. Leicht zu reinigen und f\u00fcr das Wohlbefinden Ihrer Asseln gestaltet! Geben Sie Ihren Asseln nur das Beste. \ud83c\udf3f\ud83d\udc3e<\/p>\n","protected":false},"featured_media":35106,"template":"","meta":[],"product_brand":[],"product_cat":[514,525],"product_tag":[],"class_list":{"0":"post-35113","1":"product","2":"type-product","3":"status-publish","4":"has-post-thumbnail","6":"product_cat-zubehor","7":"product_cat-tranken-und-futtertroge","9":"first","10":"instock","11":"shipping-taxable","12":"purchasable","13":"product-type-simple"},"yoast_head":"<!-- This site is optimized with the Yoast SEO plugin v27.3 - https:\/\/yoast.com\/product\/yoast-seo-wordpress\/ -->\n<title>Futterstelle f\u00fcr Asseln - ANTDERGROUND<\/title>\n<meta name=\"description\" content=\"Cuida els teus is\u00f2podes amb el nostre alimentador ideal! Disseny pr\u00e0ctic, f\u00e0cil de netejar. \ud83d\udc3e\ud83c\udf3f | Terraris | Artr\u00f2podes\" \/>\n<meta name=\"robots\" content=\"index, follow, max-snippet:-1, max-image-preview:large, max-video-preview:-1\" \/>\n<link rel=\"canonical\" href=\"https:\/\/antderground.com\/de\/produkt\/futterstelle-fuer-asseln\/\" \/>\n<meta property=\"og:locale\" content=\"de_DE\" \/>\n<meta property=\"og:type\" content=\"article\" \/>\n<meta property=\"og:title\" content=\"Futterstelle f\u00fcr Asseln - ANTDERGROUND\" \/>\n<meta property=\"og:description\" content=\"Cuida els teus is\u00f2podes amb el nostre alimentador ideal! Disseny pr\u00e0ctic, f\u00e0cil de netejar. \ud83d\udc3e\ud83c\udf3f | Terraris | Artr\u00f2podes\" \/>\n<meta property=\"og:url\" content=\"https:\/\/antderground.com\/de\/produkt\/futterstelle-fuer-asseln\/\" \/>\n<meta property=\"og:site_name\" content=\"ANTDERGROUND\" \/>\n<meta property=\"og:image\" content=\"https:\/\/antderground.com\/wp-content\/uploads\/2024\/07\/Imagen-de-WhatsApp-2024-07-06-a-las-08.37.51_f46b4abf.jpg\" \/>\n\t<meta property=\"og:image:width\" content=\"1600\" \/>\n\t<meta property=\"og:image:height\" content=\"1600\" \/>\n\t<meta property=\"og:image:type\" content=\"image\/jpeg\" \/>\n<meta name=\"twitter:card\" content=\"summary_large_image\" \/>\n<script type=\"application\/ld+json\" class=\"yoast-schema-graph\">{\"@context\":\"https:\\\/\\\/schema.org\",\"@graph\":[{\"@type\":\"WebPage\",\"@id\":\"https:\\\/\\\/antderground.com\\\/de\\\/produkt\\\/futterstelle-fuer-asseln\\\/\",\"url\":\"https:\\\/\\\/antderground.com\\\/de\\\/produkt\\\/futterstelle-fuer-asseln\\\/\",\"name\":\"Futterstelle f\u00fcr Asseln - ANTDERGROUND\",\"isPartOf\":{\"@id\":\"https:\\\/\\\/antderground.com\\\/de\\\/#website\"},\"primaryImageOfPage\":{\"@id\":\"https:\\\/\\\/antderground.com\\\/de\\\/produkt\\\/futterstelle-fuer-asseln\\\/#primaryimage\"},\"image\":{\"@id\":\"https:\\\/\\\/antderground.com\\\/de\\\/produkt\\\/futterstelle-fuer-asseln\\\/#primaryimage\"},\"thumbnailUrl\":\"https:\\\/\\\/antderground.com\\\/wp-content\\\/uploads\\\/2024\\\/07\\\/Imagen-de-WhatsApp-2024-07-06-a-las-08.37.51_f46b4abf.jpg\",\"datePublished\":\"2024-07-08T10:38:28+00:00\",\"description\":\"Cuida els teus is\u00f2podes amb el nostre alimentador ideal! Disseny pr\u00e0ctic, f\u00e0cil de netejar. \ud83d\udc3e\ud83c\udf3f | Terraris | Artr\u00f2podes\",\"breadcrumb\":{\"@id\":\"https:\\\/\\\/antderground.com\\\/de\\\/produkt\\\/futterstelle-fuer-asseln\\\/#breadcrumb\"},\"inLanguage\":\"de\",\"potentialAction\":[{\"@type\":\"ReadAction\",\"target\":[\"https:\\\/\\\/antderground.com\\\/de\\\/produkt\\\/futterstelle-fuer-asseln\\\/\"]}]},{\"@type\":\"ImageObject\",\"inLanguage\":\"de\",\"@id\":\"https:\\\/\\\/antderground.com\\\/de\\\/produkt\\\/futterstelle-fuer-asseln\\\/#primaryimage\",\"url\":\"https:\\\/\\\/antderground.com\\\/wp-content\\\/uploads\\\/2024\\\/07\\\/Imagen-de-WhatsApp-2024-07-06-a-las-08.37.51_f46b4abf.jpg\",\"contentUrl\":\"https:\\\/\\\/antderground.com\\\/wp-content\\\/uploads\\\/2024\\\/07\\\/Imagen-de-WhatsApp-2024-07-06-a-las-08.37.51_f46b4abf.jpg\",\"width\":1600,\"height\":1600,\"caption\":\"comedero para isopodos\"},{\"@type\":\"BreadcrumbList\",\"@id\":\"https:\\\/\\\/antderground.com\\\/de\\\/produkt\\\/futterstelle-fuer-asseln\\\/#breadcrumb\",\"itemListElement\":[{\"@type\":\"ListItem\",\"position\":1,\"name\":\"Portada\",\"item\":\"https:\\\/\\\/antderground.com\\\/de\\\/\"},{\"@type\":\"ListItem\",\"position\":2,\"name\":\"Shop\",\"item\":\"https:\\\/\\\/antderground.com\\\/de\\\/shop\\\/\"},{\"@type\":\"ListItem\",\"position\":3,\"name\":\"Futterstelle f\u00fcr Asseln\"}]},{\"@type\":\"WebSite\",\"@id\":\"https:\\\/\\\/antderground.com\\\/de\\\/#website\",\"url\":\"https:\\\/\\\/antderground.com\\\/de\\\/\",\"name\":\"ANTDERGROUND\",\"description\":\"Tu tienda de hormigas, gran variedad de hormigueros acr\u00edlicos,madera,arena,3D y mas.. Pide tus hormigas gratis con tu pedido, somos expertos en hormigueros antifugas.\",\"publisher\":{\"@id\":\"https:\\\/\\\/antderground.com\\\/de\\\/#\\\/schema\\\/person\\\/0e322c505e84fe72c65e2f6d08f96b81\"},\"alternateName\":\"Antderground\",\"potentialAction\":[{\"@type\":\"SearchAction\",\"target\":{\"@type\":\"EntryPoint\",\"urlTemplate\":\"https:\\\/\\\/antderground.com\\\/de\\\/?s={search_term_string}\"},\"query-input\":{\"@type\":\"PropertyValueSpecification\",\"valueRequired\":true,\"valueName\":\"search_term_string\"}}],\"inLanguage\":\"de\"},{\"@type\":[\"Person\",\"Organization\"],\"@id\":\"https:\\\/\\\/antderground.com\\\/de\\\/#\\\/schema\\\/person\\\/0e322c505e84fe72c65e2f6d08f96b81\",\"name\":\"Eric de Antderground\",\"image\":{\"@type\":\"ImageObject\",\"inLanguage\":\"de\",\"@id\":\"https:\\\/\\\/secure.gravatar.com\\\/avatar\\\/c49a1b9f79216d1498cb73c1e85cd47f4465dda35f2a94c03790d491bd4423c3?s=96&d=mm&r=g\",\"url\":\"https:\\\/\\\/secure.gravatar.com\\\/avatar\\\/c49a1b9f79216d1498cb73c1e85cd47f4465dda35f2a94c03790d491bd4423c3?s=96&d=mm&r=g\",\"contentUrl\":\"https:\\\/\\\/secure.gravatar.com\\\/avatar\\\/c49a1b9f79216d1498cb73c1e85cd47f4465dda35f2a94c03790d491bd4423c3?s=96&d=mm&r=g\",\"caption\":\"Eric de Antderground\"},\"logo\":{\"@id\":\"https:\\\/\\\/secure.gravatar.com\\\/avatar\\\/c49a1b9f79216d1498cb73c1e85cd47f4465dda35f2a94c03790d491bd4423c3?s=96&d=mm&r=g\"},\"description\":\"Eric es el especialista y fundador de Antderground, con una amplia trayectoria en artr\u00f3podos y enfocado en la mirmecolog\u00eda y el dise\u00f1o de hormigueros artificiales. Su enfoque combina la innovaci\u00f3n t\u00e9cnica con el respeto por la biolog\u00eda de las hormigas, is\u00f3podos y otros, desarrollando sistemas de nidos modulares 3D y acr\u00edlicos que son referentes para aficionados y profesionales en toda Europa. Su objetivo es facilitar la cr\u00eda de hormigas y otros artr\u00f3podos mediante soluciones seguras y divulgaci\u00f3n de calidad.\",\"sameAs\":[\"https:\\\/\\\/antderground.com\\\/\",\"https:\\\/\\\/www.youtube.com\\\/channel\\\/UCio72z7TlbufkAthAJIJfPw\"]}]}<\/script>\n<!-- \/ Yoast SEO plugin. -->","yoast_head_json":{"title":"Futterstelle f\u00fcr Asseln - ANTDERGROUND","description":"Cuida els teus is\u00f2podes amb el nostre alimentador ideal! Disseny pr\u00e0ctic, f\u00e0cil de netejar. \ud83d\udc3e\ud83c\udf3f | Terraris | Artr\u00f2podes","robots":{"index":"index","follow":"follow","max-snippet":"max-snippet:-1","max-image-preview":"max-image-preview:large","max-video-preview":"max-video-preview:-1"},"canonical":"https:\/\/antderground.com\/de\/produkt\/futterstelle-fuer-asseln\/","og_locale":"de_DE","og_type":"article","og_title":"Futterstelle f\u00fcr Asseln - ANTDERGROUND","og_description":"Cuida els teus is\u00f2podes amb el nostre alimentador ideal! Disseny pr\u00e0ctic, f\u00e0cil de netejar. \ud83d\udc3e\ud83c\udf3f | Terraris | Artr\u00f2podes","og_url":"https:\/\/antderground.com\/de\/produkt\/futterstelle-fuer-asseln\/","og_site_name":"ANTDERGROUND","og_image":[{"width":1600,"height":1600,"url":"https:\/\/antderground.com\/wp-content\/uploads\/2024\/07\/Imagen-de-WhatsApp-2024-07-06-a-las-08.37.51_f46b4abf.jpg","type":"image\/jpeg"}],"twitter_card":"summary_large_image","schema":{"@context":"https:\/\/schema.org","@graph":[{"@type":"WebPage","@id":"https:\/\/antderground.com\/de\/produkt\/futterstelle-fuer-asseln\/","url":"https:\/\/antderground.com\/de\/produkt\/futterstelle-fuer-asseln\/","name":"Futterstelle f\u00fcr Asseln - ANTDERGROUND","isPartOf":{"@id":"https:\/\/antderground.com\/de\/#website"},"primaryImageOfPage":{"@id":"https:\/\/antderground.com\/de\/produkt\/futterstelle-fuer-asseln\/#primaryimage"},"image":{"@id":"https:\/\/antderground.com\/de\/produkt\/futterstelle-fuer-asseln\/#primaryimage"},"thumbnailUrl":"https:\/\/antderground.com\/wp-content\/uploads\/2024\/07\/Imagen-de-WhatsApp-2024-07-06-a-las-08.37.51_f46b4abf.jpg","datePublished":"2024-07-08T10:38:28+00:00","description":"Cuida els teus is\u00f2podes amb el nostre alimentador ideal! Disseny pr\u00e0ctic, f\u00e0cil de netejar. \ud83d\udc3e\ud83c\udf3f | Terraris | Artr\u00f2podes","breadcrumb":{"@id":"https:\/\/antderground.com\/de\/produkt\/futterstelle-fuer-asseln\/#breadcrumb"},"inLanguage":"de","potentialAction":[{"@type":"ReadAction","target":["https:\/\/antderground.com\/de\/produkt\/futterstelle-fuer-asseln\/"]}]},{"@type":"ImageObject","inLanguage":"de","@id":"https:\/\/antderground.com\/de\/produkt\/futterstelle-fuer-asseln\/#primaryimage","url":"https:\/\/antderground.com\/wp-content\/uploads\/2024\/07\/Imagen-de-WhatsApp-2024-07-06-a-las-08.37.51_f46b4abf.jpg","contentUrl":"https:\/\/antderground.com\/wp-content\/uploads\/2024\/07\/Imagen-de-WhatsApp-2024-07-06-a-las-08.37.51_f46b4abf.jpg","width":1600,"height":1600,"caption":"comedero para isopodos"},{"@type":"BreadcrumbList","@id":"https:\/\/antderground.com\/de\/produkt\/futterstelle-fuer-asseln\/#breadcrumb","itemListElement":[{"@type":"ListItem","position":1,"name":"Portada","item":"https:\/\/antderground.com\/de\/"},{"@type":"ListItem","position":2,"name":"Shop","item":"https:\/\/antderground.com\/de\/shop\/"},{"@type":"ListItem","position":3,"name":"Futterstelle f\u00fcr Asseln"}]},{"@type":"WebSite","@id":"https:\/\/antderground.com\/de\/#website","url":"https:\/\/antderground.com\/de\/","name":"ANTDERGROUND","description":"Tu tienda de hormigas, gran variedad de hormigueros acr\u00edlicos,madera,arena,3D y mas.. Pide tus hormigas gratis con tu pedido, somos expertos en hormigueros antifugas.","publisher":{"@id":"https:\/\/antderground.com\/de\/#\/schema\/person\/0e322c505e84fe72c65e2f6d08f96b81"},"alternateName":"Antderground","potentialAction":[{"@type":"SearchAction","target":{"@type":"EntryPoint","urlTemplate":"https:\/\/antderground.com\/de\/?s={search_term_string}"},"query-input":{"@type":"PropertyValueSpecification","valueRequired":true,"valueName":"search_term_string"}}],"inLanguage":"de"},{"@type":["Person","Organization"],"@id":"https:\/\/antderground.com\/de\/#\/schema\/person\/0e322c505e84fe72c65e2f6d08f96b81","name":"Eric de Antderground","image":{"@type":"ImageObject","inLanguage":"de","@id":"https:\/\/secure.gravatar.com\/avatar\/c49a1b9f79216d1498cb73c1e85cd47f4465dda35f2a94c03790d491bd4423c3?s=96&d=mm&r=g","url":"https:\/\/secure.gravatar.com\/avatar\/c49a1b9f79216d1498cb73c1e85cd47f4465dda35f2a94c03790d491bd4423c3?s=96&d=mm&r=g","contentUrl":"https:\/\/secure.gravatar.com\/avatar\/c49a1b9f79216d1498cb73c1e85cd47f4465dda35f2a94c03790d491bd4423c3?s=96&d=mm&r=g","caption":"Eric de Antderground"},"logo":{"@id":"https:\/\/secure.gravatar.com\/avatar\/c49a1b9f79216d1498cb73c1e85cd47f4465dda35f2a94c03790d491bd4423c3?s=96&d=mm&r=g"},"description":"Eric es el especialista y fundador de Antderground, con una amplia trayectoria en artr\u00f3podos y enfocado en la mirmecolog\u00eda y el dise\u00f1o de hormigueros artificiales. Su enfoque combina la innovaci\u00f3n t\u00e9cnica con el respeto por la biolog\u00eda de las hormigas, is\u00f3podos y otros, desarrollando sistemas de nidos modulares 3D y acr\u00edlicos que son referentes para aficionados y profesionales en toda Europa. Su objetivo es facilitar la cr\u00eda de hormigas y otros artr\u00f3podos mediante soluciones seguras y divulgaci\u00f3n de calidad.","sameAs":["https:\/\/antderground.com\/","https:\/\/www.youtube.com\/channel\/UCio72z7TlbufkAthAJIJfPw"]}]}},"_links":{"self":[{"href":"https:\/\/antderground.com\/de\/wp-json\/wp\/v2\/product\/35113","targetHints":{"allow":["GET"]}}],"collection":[{"href":"https:\/\/antderground.com\/de\/wp-json\/wp\/v2\/product"}],"about":[{"href":"https:\/\/antderground.com\/de\/wp-json\/wp\/v2\/types\/product"}],"version-history":[{"count":0,"href":"https:\/\/antderground.com\/de\/wp-json\/wp\/v2\/product\/35113\/revisions"}],"wp:featuredmedia":[{"embeddable":true,"href":"https:\/\/antderground.com\/de\/wp-json\/wp\/v2\/media\/35106"}],"wp:attachment":[{"href":"https:\/\/antderground.com\/de\/wp-json\/wp\/v2\/media?parent=35113"}],"wp:term":[{"taxonomy":"product_brand","embeddable":true,"href":"https:\/\/antderground.com\/de\/wp-json\/wp\/v2\/product_brand?post=35113"},{"taxonomy":"product_cat","embeddable":true,"href":"https:\/\/antderground.com\/de\/wp-json\/wp\/v2\/product_cat?post=35113"},{"taxonomy":"product_tag","embeddable":true,"href":"https:\/\/antderground.com\/de\/wp-json\/wp\/v2\/product_tag?post=35113"}],"curies":[{"name":"wp","href":"https:\/\/api.w.org\/{rel}","templated":true}]}}