{"id":35154,"date":"2024-07-09T11:23:18","date_gmt":"2024-07-09T09:23:18","guid":{"rendered":"https:\/\/www.antderground.com\/producto\/braplast-18-5-x-12-5-x-7-5-cm\/"},"modified":"2024-07-09T11:23:18","modified_gmt":"2024-07-09T09:23:18","slug":"braplast-18-5-x-12-5-x-7-5-cm","status":"publish","type":"product","link":"https:\/\/antderground.com\/de\/produkt\/braplast-18-5-x-12-5-x-7-5-cm\/","title":{"rendered":"BraPlast 18.5 x 12.5 x 7.5 cm"},"content":{"rendered":"<h3>Technische beschreibung des BraPlast kunststoffterrariums<\/h3>\n<ul>\n<li><strong>Abmessungen<\/strong>: 18,5 x 12,5 x 7,5 cm<\/li>\n<li><strong>Kapazit\u00e4t<\/strong>: 1,3 Liter<\/li>\n<li><strong>Material<\/strong>: Transparenter, hochfester Kunststoff<\/li>\n<li><strong>Eigenschaften<\/strong>:\n<ul>\n<li><strong>Transparenz<\/strong>: Erm\u00f6glicht eine hervorragende Sicht zur Beobachtung der Arthropoden.<\/li>\n<li><strong>Einfache Reinigung<\/strong>: Glatte und zug\u00e4ngliche Oberfl\u00e4che, die die Pflege und Hygiene des Terrariums erleichtert.<\/li>\n<li><strong>Widerstandsf\u00e4higkeit<\/strong>: Robuste Konstruktion, die Langlebigkeit und Sicherheit f\u00fcr die Bewohner gew\u00e4hrleistet.<\/li>\n<li><strong>Portabilit\u00e4t<\/strong>: Kompakte Gr\u00f6\u00dfe und leichtes Gewicht, ideal f\u00fcr einfachen Transport.<\/li>\n<\/ul>\n<\/li>\n<\/ul>\n<p><strong>Ideale Verwendung<\/strong>: Speziell entwickelt f\u00fcr die Haltung und den Transport von Arthropoden, bietet es eine sichere und geeignete Umgebung f\u00fcr diese kleinen Lebewesen.<\/p>\n","protected":false},"excerpt":{"rendered":"<p>Das BraPlast-Kunststoffterrarium oder die BraPlast-Box ist eine hervorragende Option f\u00fcr Arthropodenliebhaber. Mit den Ma\u00dfen 18,5 x 12,5 x 7,5 cm bietet dieser transparente Beh\u00e4lter ein Fassungsverm\u00f6gen von 1,3 Litern, ideal f\u00fcr die Unterbringung verschiedener Arthropodenarten.<\/p>\n<p>Sein langlebiges Design und das leicht zu reinigende Material sorgen f\u00fcr Langlebigkeit und einfache Wartung. Dar\u00fcber hinaus ist es aufgrund seiner kompakten und leichten Gr\u00f6\u00dfe leicht zu transportieren, sodass Sie Ihre kleinen Insekten bequem und sicher \u00fcberall hin mitnehmen k\u00f6nnen.<\/p>\n","protected":false},"featured_media":35135,"template":"","meta":[],"product_brand":[],"product_cat":[527],"product_tag":[],"class_list":{"0":"post-35154","1":"product","2":"type-product","3":"status-publish","4":"has-post-thumbnail","6":"product_cat-terrarien","8":"first","9":"outofstock","10":"shipping-taxable","11":"purchasable","12":"product-type-simple"},"yoast_head":"<!-- This site is optimized with the Yoast SEO plugin v27.3 - https:\/\/yoast.com\/product\/yoast-seo-wordpress\/ -->\n<title>BraPlast 18.5 x 12.5 x 7.5 cm | Plastikterrarien - ANTDERGROUND<\/title>\n<meta name=\"description\" content=\"BraPlast-Kunststoffbox oder Terrarium mit den Ma\u00dfen 18,5 x 12,5 x 7,5 cm, 1,3 l Fassungsverm\u00f6gen, transparent, leicht zu reinigen, widerstandsf\u00e4hig und tragbar, ideal f\u00fcr Arthropoden.\" \/>\n<meta name=\"robots\" content=\"index, follow, max-snippet:-1, max-image-preview:large, max-video-preview:-1\" \/>\n<link rel=\"canonical\" href=\"https:\/\/antderground.com\/de\/produkt\/braplast-18-5-x-12-5-x-7-5-cm\/\" \/>\n<meta property=\"og:locale\" content=\"de_DE\" \/>\n<meta property=\"og:type\" content=\"article\" \/>\n<meta property=\"og:title\" content=\"BraPlast 18.5 x 12.5 x 7.5 cm | Plastikterrarien - ANTDERGROUND\" \/>\n<meta property=\"og:description\" content=\"BraPlast-Kunststoffbox oder Terrarium mit den Ma\u00dfen 18,5 x 12,5 x 7,5 cm, 1,3 l Fassungsverm\u00f6gen, transparent, leicht zu reinigen, widerstandsf\u00e4hig und tragbar, ideal f\u00fcr Arthropoden.\" \/>\n<meta property=\"og:url\" content=\"https:\/\/antderground.com\/de\/produkt\/braplast-18-5-x-12-5-x-7-5-cm\/\" \/>\n<meta property=\"og:site_name\" content=\"ANTDERGROUND\" \/>\n<meta property=\"og:image\" content=\"https:\/\/antderground.com\/wp-content\/uploads\/2024\/07\/BraPlast-18.5-x-12.5-x-7.5-cm-Transparente.jpg\" \/>\n\t<meta property=\"og:image:width\" content=\"1600\" \/>\n\t<meta property=\"og:image:height\" content=\"1600\" \/>\n\t<meta property=\"og:image:type\" content=\"image\/jpeg\" \/>\n<meta name=\"twitter:card\" content=\"summary_large_image\" \/>\n<script type=\"application\/ld+json\" class=\"yoast-schema-graph\">{\"@context\":\"https:\\\/\\\/schema.org\",\"@graph\":[{\"@type\":\"WebPage\",\"@id\":\"https:\\\/\\\/antderground.com\\\/de\\\/produkt\\\/braplast-18-5-x-12-5-x-7-5-cm\\\/\",\"url\":\"https:\\\/\\\/antderground.com\\\/de\\\/produkt\\\/braplast-18-5-x-12-5-x-7-5-cm\\\/\",\"name\":\"BraPlast 18.5 x 12.5 x 7.5 cm | Plastikterrarien - ANTDERGROUND\",\"isPartOf\":{\"@id\":\"https:\\\/\\\/antderground.com\\\/de\\\/#website\"},\"primaryImageOfPage\":{\"@id\":\"https:\\\/\\\/antderground.com\\\/de\\\/produkt\\\/braplast-18-5-x-12-5-x-7-5-cm\\\/#primaryimage\"},\"image\":{\"@id\":\"https:\\\/\\\/antderground.com\\\/de\\\/produkt\\\/braplast-18-5-x-12-5-x-7-5-cm\\\/#primaryimage\"},\"thumbnailUrl\":\"https:\\\/\\\/antderground.com\\\/wp-content\\\/uploads\\\/2024\\\/07\\\/BraPlast-18.5-x-12.5-x-7.5-cm-Transparente.jpg\",\"datePublished\":\"2024-07-09T09:23:18+00:00\",\"description\":\"BraPlast-Kunststoffbox oder Terrarium mit den Ma\u00dfen 18,5 x 12,5 x 7,5 cm, 1,3 l Fassungsverm\u00f6gen, transparent, leicht zu reinigen, widerstandsf\u00e4hig und tragbar, ideal f\u00fcr Arthropoden.\",\"breadcrumb\":{\"@id\":\"https:\\\/\\\/antderground.com\\\/de\\\/produkt\\\/braplast-18-5-x-12-5-x-7-5-cm\\\/#breadcrumb\"},\"inLanguage\":\"de\",\"potentialAction\":[{\"@type\":\"ReadAction\",\"target\":[\"https:\\\/\\\/antderground.com\\\/de\\\/produkt\\\/braplast-18-5-x-12-5-x-7-5-cm\\\/\"]}]},{\"@type\":\"ImageObject\",\"inLanguage\":\"de\",\"@id\":\"https:\\\/\\\/antderground.com\\\/de\\\/produkt\\\/braplast-18-5-x-12-5-x-7-5-cm\\\/#primaryimage\",\"url\":\"https:\\\/\\\/antderground.com\\\/wp-content\\\/uploads\\\/2024\\\/07\\\/BraPlast-18.5-x-12.5-x-7.5-cm-Transparente.jpg\",\"contentUrl\":\"https:\\\/\\\/antderground.com\\\/wp-content\\\/uploads\\\/2024\\\/07\\\/BraPlast-18.5-x-12.5-x-7.5-cm-Transparente.jpg\",\"width\":1600,\"height\":1600},{\"@type\":\"BreadcrumbList\",\"@id\":\"https:\\\/\\\/antderground.com\\\/de\\\/produkt\\\/braplast-18-5-x-12-5-x-7-5-cm\\\/#breadcrumb\",\"itemListElement\":[{\"@type\":\"ListItem\",\"position\":1,\"name\":\"Portada\",\"item\":\"https:\\\/\\\/antderground.com\\\/de\\\/\"},{\"@type\":\"ListItem\",\"position\":2,\"name\":\"Shop\",\"item\":\"https:\\\/\\\/antderground.com\\\/de\\\/shop\\\/\"},{\"@type\":\"ListItem\",\"position\":3,\"name\":\"BraPlast 18.5 x 12.5 x 7.5 cm\"}]},{\"@type\":\"WebSite\",\"@id\":\"https:\\\/\\\/antderground.com\\\/de\\\/#website\",\"url\":\"https:\\\/\\\/antderground.com\\\/de\\\/\",\"name\":\"ANTDERGROUND\",\"description\":\"Tu tienda de hormigas, gran variedad de hormigueros acr\u00edlicos,madera,arena,3D y mas.. Pide tus hormigas gratis con tu pedido, somos expertos en hormigueros antifugas.\",\"publisher\":{\"@id\":\"https:\\\/\\\/antderground.com\\\/de\\\/#\\\/schema\\\/person\\\/0e322c505e84fe72c65e2f6d08f96b81\"},\"alternateName\":\"Antderground\",\"potentialAction\":[{\"@type\":\"SearchAction\",\"target\":{\"@type\":\"EntryPoint\",\"urlTemplate\":\"https:\\\/\\\/antderground.com\\\/de\\\/?s={search_term_string}\"},\"query-input\":{\"@type\":\"PropertyValueSpecification\",\"valueRequired\":true,\"valueName\":\"search_term_string\"}}],\"inLanguage\":\"de\"},{\"@type\":[\"Person\",\"Organization\"],\"@id\":\"https:\\\/\\\/antderground.com\\\/de\\\/#\\\/schema\\\/person\\\/0e322c505e84fe72c65e2f6d08f96b81\",\"name\":\"Eric de Antderground\",\"image\":{\"@type\":\"ImageObject\",\"inLanguage\":\"de\",\"@id\":\"https:\\\/\\\/secure.gravatar.com\\\/avatar\\\/c49a1b9f79216d1498cb73c1e85cd47f4465dda35f2a94c03790d491bd4423c3?s=96&d=mm&r=g\",\"url\":\"https:\\\/\\\/secure.gravatar.com\\\/avatar\\\/c49a1b9f79216d1498cb73c1e85cd47f4465dda35f2a94c03790d491bd4423c3?s=96&d=mm&r=g\",\"contentUrl\":\"https:\\\/\\\/secure.gravatar.com\\\/avatar\\\/c49a1b9f79216d1498cb73c1e85cd47f4465dda35f2a94c03790d491bd4423c3?s=96&d=mm&r=g\",\"caption\":\"Eric de Antderground\"},\"logo\":{\"@id\":\"https:\\\/\\\/secure.gravatar.com\\\/avatar\\\/c49a1b9f79216d1498cb73c1e85cd47f4465dda35f2a94c03790d491bd4423c3?s=96&d=mm&r=g\"},\"description\":\"Eric es el especialista y fundador de Antderground, con una amplia trayectoria en artr\u00f3podos y enfocado en la mirmecolog\u00eda y el dise\u00f1o de hormigueros artificiales. Su enfoque combina la innovaci\u00f3n t\u00e9cnica con el respeto por la biolog\u00eda de las hormigas, is\u00f3podos y otros, desarrollando sistemas de nidos modulares 3D y acr\u00edlicos que son referentes para aficionados y profesionales en toda Europa. Su objetivo es facilitar la cr\u00eda de hormigas y otros artr\u00f3podos mediante soluciones seguras y divulgaci\u00f3n de calidad.\",\"sameAs\":[\"https:\\\/\\\/antderground.com\\\/\",\"https:\\\/\\\/www.youtube.com\\\/channel\\\/UCio72z7TlbufkAthAJIJfPw\"]}]}<\/script>\n<!-- \/ Yoast SEO plugin. -->","yoast_head_json":{"title":"BraPlast 18.5 x 12.5 x 7.5 cm | Plastikterrarien - ANTDERGROUND","description":"BraPlast-Kunststoffbox oder Terrarium mit den Ma\u00dfen 18,5 x 12,5 x 7,5 cm, 1,3 l Fassungsverm\u00f6gen, transparent, leicht zu reinigen, widerstandsf\u00e4hig und tragbar, ideal f\u00fcr Arthropoden.","robots":{"index":"index","follow":"follow","max-snippet":"max-snippet:-1","max-image-preview":"max-image-preview:large","max-video-preview":"max-video-preview:-1"},"canonical":"https:\/\/antderground.com\/de\/produkt\/braplast-18-5-x-12-5-x-7-5-cm\/","og_locale":"de_DE","og_type":"article","og_title":"BraPlast 18.5 x 12.5 x 7.5 cm | Plastikterrarien - ANTDERGROUND","og_description":"BraPlast-Kunststoffbox oder Terrarium mit den Ma\u00dfen 18,5 x 12,5 x 7,5 cm, 1,3 l Fassungsverm\u00f6gen, transparent, leicht zu reinigen, widerstandsf\u00e4hig und tragbar, ideal f\u00fcr Arthropoden.","og_url":"https:\/\/antderground.com\/de\/produkt\/braplast-18-5-x-12-5-x-7-5-cm\/","og_site_name":"ANTDERGROUND","og_image":[{"width":1600,"height":1600,"url":"https:\/\/antderground.com\/wp-content\/uploads\/2024\/07\/BraPlast-18.5-x-12.5-x-7.5-cm-Transparente.jpg","type":"image\/jpeg"}],"twitter_card":"summary_large_image","schema":{"@context":"https:\/\/schema.org","@graph":[{"@type":"WebPage","@id":"https:\/\/antderground.com\/de\/produkt\/braplast-18-5-x-12-5-x-7-5-cm\/","url":"https:\/\/antderground.com\/de\/produkt\/braplast-18-5-x-12-5-x-7-5-cm\/","name":"BraPlast 18.5 x 12.5 x 7.5 cm | Plastikterrarien - ANTDERGROUND","isPartOf":{"@id":"https:\/\/antderground.com\/de\/#website"},"primaryImageOfPage":{"@id":"https:\/\/antderground.com\/de\/produkt\/braplast-18-5-x-12-5-x-7-5-cm\/#primaryimage"},"image":{"@id":"https:\/\/antderground.com\/de\/produkt\/braplast-18-5-x-12-5-x-7-5-cm\/#primaryimage"},"thumbnailUrl":"https:\/\/antderground.com\/wp-content\/uploads\/2024\/07\/BraPlast-18.5-x-12.5-x-7.5-cm-Transparente.jpg","datePublished":"2024-07-09T09:23:18+00:00","description":"BraPlast-Kunststoffbox oder Terrarium mit den Ma\u00dfen 18,5 x 12,5 x 7,5 cm, 1,3 l Fassungsverm\u00f6gen, transparent, leicht zu reinigen, widerstandsf\u00e4hig und tragbar, ideal f\u00fcr Arthropoden.","breadcrumb":{"@id":"https:\/\/antderground.com\/de\/produkt\/braplast-18-5-x-12-5-x-7-5-cm\/#breadcrumb"},"inLanguage":"de","potentialAction":[{"@type":"ReadAction","target":["https:\/\/antderground.com\/de\/produkt\/braplast-18-5-x-12-5-x-7-5-cm\/"]}]},{"@type":"ImageObject","inLanguage":"de","@id":"https:\/\/antderground.com\/de\/produkt\/braplast-18-5-x-12-5-x-7-5-cm\/#primaryimage","url":"https:\/\/antderground.com\/wp-content\/uploads\/2024\/07\/BraPlast-18.5-x-12.5-x-7.5-cm-Transparente.jpg","contentUrl":"https:\/\/antderground.com\/wp-content\/uploads\/2024\/07\/BraPlast-18.5-x-12.5-x-7.5-cm-Transparente.jpg","width":1600,"height":1600},{"@type":"BreadcrumbList","@id":"https:\/\/antderground.com\/de\/produkt\/braplast-18-5-x-12-5-x-7-5-cm\/#breadcrumb","itemListElement":[{"@type":"ListItem","position":1,"name":"Portada","item":"https:\/\/antderground.com\/de\/"},{"@type":"ListItem","position":2,"name":"Shop","item":"https:\/\/antderground.com\/de\/shop\/"},{"@type":"ListItem","position":3,"name":"BraPlast 18.5 x 12.5 x 7.5 cm"}]},{"@type":"WebSite","@id":"https:\/\/antderground.com\/de\/#website","url":"https:\/\/antderground.com\/de\/","name":"ANTDERGROUND","description":"Tu tienda de hormigas, gran variedad de hormigueros acr\u00edlicos,madera,arena,3D y mas.. Pide tus hormigas gratis con tu pedido, somos expertos en hormigueros antifugas.","publisher":{"@id":"https:\/\/antderground.com\/de\/#\/schema\/person\/0e322c505e84fe72c65e2f6d08f96b81"},"alternateName":"Antderground","potentialAction":[{"@type":"SearchAction","target":{"@type":"EntryPoint","urlTemplate":"https:\/\/antderground.com\/de\/?s={search_term_string}"},"query-input":{"@type":"PropertyValueSpecification","valueRequired":true,"valueName":"search_term_string"}}],"inLanguage":"de"},{"@type":["Person","Organization"],"@id":"https:\/\/antderground.com\/de\/#\/schema\/person\/0e322c505e84fe72c65e2f6d08f96b81","name":"Eric de Antderground","image":{"@type":"ImageObject","inLanguage":"de","@id":"https:\/\/secure.gravatar.com\/avatar\/c49a1b9f79216d1498cb73c1e85cd47f4465dda35f2a94c03790d491bd4423c3?s=96&d=mm&r=g","url":"https:\/\/secure.gravatar.com\/avatar\/c49a1b9f79216d1498cb73c1e85cd47f4465dda35f2a94c03790d491bd4423c3?s=96&d=mm&r=g","contentUrl":"https:\/\/secure.gravatar.com\/avatar\/c49a1b9f79216d1498cb73c1e85cd47f4465dda35f2a94c03790d491bd4423c3?s=96&d=mm&r=g","caption":"Eric de Antderground"},"logo":{"@id":"https:\/\/secure.gravatar.com\/avatar\/c49a1b9f79216d1498cb73c1e85cd47f4465dda35f2a94c03790d491bd4423c3?s=96&d=mm&r=g"},"description":"Eric es el especialista y fundador de Antderground, con una amplia trayectoria en artr\u00f3podos y enfocado en la mirmecolog\u00eda y el dise\u00f1o de hormigueros artificiales. Su enfoque combina la innovaci\u00f3n t\u00e9cnica con el respeto por la biolog\u00eda de las hormigas, is\u00f3podos y otros, desarrollando sistemas de nidos modulares 3D y acr\u00edlicos que son referentes para aficionados y profesionales en toda Europa. Su objetivo es facilitar la cr\u00eda de hormigas y otros artr\u00f3podos mediante soluciones seguras y divulgaci\u00f3n de calidad.","sameAs":["https:\/\/antderground.com\/","https:\/\/www.youtube.com\/channel\/UCio72z7TlbufkAthAJIJfPw"]}]}},"_links":{"self":[{"href":"https:\/\/antderground.com\/de\/wp-json\/wp\/v2\/product\/35154","targetHints":{"allow":["GET"]}}],"collection":[{"href":"https:\/\/antderground.com\/de\/wp-json\/wp\/v2\/product"}],"about":[{"href":"https:\/\/antderground.com\/de\/wp-json\/wp\/v2\/types\/product"}],"version-history":[{"count":0,"href":"https:\/\/antderground.com\/de\/wp-json\/wp\/v2\/product\/35154\/revisions"}],"wp:featuredmedia":[{"embeddable":true,"href":"https:\/\/antderground.com\/de\/wp-json\/wp\/v2\/media\/35135"}],"wp:attachment":[{"href":"https:\/\/antderground.com\/de\/wp-json\/wp\/v2\/media?parent=35154"}],"wp:term":[{"taxonomy":"product_brand","embeddable":true,"href":"https:\/\/antderground.com\/de\/wp-json\/wp\/v2\/product_brand?post=35154"},{"taxonomy":"product_cat","embeddable":true,"href":"https:\/\/antderground.com\/de\/wp-json\/wp\/v2\/product_cat?post=35154"},{"taxonomy":"product_tag","embeddable":true,"href":"https:\/\/antderground.com\/de\/wp-json\/wp\/v2\/product_tag?post=35154"}],"curies":[{"name":"wp","href":"https:\/\/api.w.org\/{rel}","templated":true}]}}