{"id":35436,"date":"2024-07-23T15:25:31","date_gmt":"2024-07-23T13:25:31","guid":{"rendered":"https:\/\/www.antderground.com\/producto\/waldmoos\/"},"modified":"2026-01-10T21:44:46","modified_gmt":"2026-01-10T20:44:46","slug":"waldmoos","status":"publish","type":"product","link":"https:\/\/antderground.com\/de\/produkt\/waldmoos\/","title":{"rendered":"Waldmoos"},"content":{"rendered":"","protected":false},"excerpt":{"rendered":"<p>Waldmoos eignet sich perfekt zur Dekoration Ihres Terrariums und bietet eine nat\u00fcrliche, feuchte Umgebung, ideal f\u00fcr Reptilien, Amphibien, Arthropoden wie Ameisen und Asseln und viele andere Insekten.<\/p>\n<p>Es ist langlebig, einfach zu verwenden, f\u00f6rdert die Eiablage und eignet sich auch perfekt f\u00fcr die Gestaltung von ewigen G\u00e4rten oder bioaktiven Terrarien. Sorgen Sie mit diesem nat\u00fcrlichen Accessoire daf\u00fcr, dass sich Ihre Haustiere wohlf\u00fchlen und Ihr Zuhause sch\u00f6n bleibt.<\/p>\n","protected":false},"featured_media":35422,"template":"","meta":[],"product_brand":[],"product_cat":[532,617],"product_tag":[],"class_list":{"0":"post-35436","1":"product","2":"type-product","3":"status-publish","4":"has-post-thumbnail","6":"product_cat-ersatzteile","7":"product_cat-substrate","9":"first","10":"instock","11":"shipping-taxable","12":"purchasable","13":"product-type-variable"},"yoast_head":"<!-- This site is optimized with the Yoast SEO plugin v27.4 - https:\/\/yoast.com\/product\/yoast-seo-wordpress\/ -->\n<title>Waldmoos f\u00fcr terrarium | Nat\u00fcrliche Substrate - ANTDERGROUND<\/title>\n<meta name=\"description\" content=\"Waldmoos: Dekorieren Sie Ihr Terrarium und sorgen Sie f\u00fcr die ideale Luftfeuchtigkeit f\u00fcr Reptilien, Amphibien und Arthropoden. Langlebig und einfach zu verwenden, ideal f\u00fcr Ihren Lebensraum!\" \/>\n<meta name=\"robots\" content=\"index, follow, max-snippet:-1, max-image-preview:large, max-video-preview:-1\" \/>\n<link rel=\"canonical\" href=\"https:\/\/antderground.com\/de\/produkt\/waldmoos\/\" \/>\n<meta property=\"og:locale\" content=\"de_DE\" \/>\n<meta property=\"og:type\" content=\"article\" \/>\n<meta property=\"og:title\" content=\"Waldmoos f\u00fcr terrarium | Nat\u00fcrliche Substrate - ANTDERGROUND\" \/>\n<meta property=\"og:description\" content=\"Waldmoos: Dekorieren Sie Ihr Terrarium und sorgen Sie f\u00fcr die ideale Luftfeuchtigkeit f\u00fcr Reptilien, Amphibien und Arthropoden. Langlebig und einfach zu verwenden, ideal f\u00fcr Ihren Lebensraum!\" \/>\n<meta property=\"og:url\" content=\"https:\/\/antderground.com\/de\/produkt\/waldmoos\/\" \/>\n<meta property=\"og:site_name\" content=\"ANTDERGROUND\" \/>\n<meta property=\"article:modified_time\" content=\"2026-01-10T20:44:46+00:00\" \/>\n<meta property=\"og:image\" content=\"https:\/\/antderground.com\/wp-content\/uploads\/2024\/07\/Musgo-de-bosque-vivo.jpg\" \/>\n\t<meta property=\"og:image:width\" content=\"2048\" \/>\n\t<meta property=\"og:image:height\" content=\"2048\" \/>\n\t<meta property=\"og:image:type\" content=\"image\/jpeg\" \/>\n<meta name=\"twitter:card\" content=\"summary_large_image\" \/>\n<script type=\"application\/ld+json\" class=\"yoast-schema-graph\">{\"@context\":\"https:\\\/\\\/schema.org\",\"@graph\":[{\"@type\":\"WebPage\",\"@id\":\"https:\\\/\\\/antderground.com\\\/de\\\/produkt\\\/waldmoos\\\/\",\"url\":\"https:\\\/\\\/antderground.com\\\/de\\\/produkt\\\/waldmoos\\\/\",\"name\":\"Waldmoos f\u00fcr terrarium | Nat\u00fcrliche Substrate - ANTDERGROUND\",\"isPartOf\":{\"@id\":\"https:\\\/\\\/antderground.com\\\/de\\\/#website\"},\"primaryImageOfPage\":{\"@id\":\"https:\\\/\\\/antderground.com\\\/de\\\/produkt\\\/waldmoos\\\/#primaryimage\"},\"image\":{\"@id\":\"https:\\\/\\\/antderground.com\\\/de\\\/produkt\\\/waldmoos\\\/#primaryimage\"},\"thumbnailUrl\":\"https:\\\/\\\/antderground.com\\\/wp-content\\\/uploads\\\/2024\\\/07\\\/Musgo-de-bosque-vivo.jpg\",\"datePublished\":\"2024-07-23T13:25:31+00:00\",\"dateModified\":\"2026-01-10T20:44:46+00:00\",\"description\":\"Waldmoos: Dekorieren Sie Ihr Terrarium und sorgen Sie f\u00fcr die ideale Luftfeuchtigkeit f\u00fcr Reptilien, Amphibien und Arthropoden. Langlebig und einfach zu verwenden, ideal f\u00fcr Ihren Lebensraum!\",\"breadcrumb\":{\"@id\":\"https:\\\/\\\/antderground.com\\\/de\\\/produkt\\\/waldmoos\\\/#breadcrumb\"},\"inLanguage\":\"de\",\"potentialAction\":[{\"@type\":\"ReadAction\",\"target\":[\"https:\\\/\\\/antderground.com\\\/de\\\/produkt\\\/waldmoos\\\/\"]}]},{\"@type\":\"ImageObject\",\"inLanguage\":\"de\",\"@id\":\"https:\\\/\\\/antderground.com\\\/de\\\/produkt\\\/waldmoos\\\/#primaryimage\",\"url\":\"https:\\\/\\\/antderground.com\\\/wp-content\\\/uploads\\\/2024\\\/07\\\/Musgo-de-bosque-vivo.jpg\",\"contentUrl\":\"https:\\\/\\\/antderground.com\\\/wp-content\\\/uploads\\\/2024\\\/07\\\/Musgo-de-bosque-vivo.jpg\",\"width\":2048,\"height\":2048},{\"@type\":\"BreadcrumbList\",\"@id\":\"https:\\\/\\\/antderground.com\\\/de\\\/produkt\\\/waldmoos\\\/#breadcrumb\",\"itemListElement\":[{\"@type\":\"ListItem\",\"position\":1,\"name\":\"Portada\",\"item\":\"https:\\\/\\\/antderground.com\\\/de\\\/\"},{\"@type\":\"ListItem\",\"position\":2,\"name\":\"Shop\",\"item\":\"https:\\\/\\\/antderground.com\\\/de\\\/shop\\\/\"},{\"@type\":\"ListItem\",\"position\":3,\"name\":\"Waldmoos\"}]},{\"@type\":\"WebSite\",\"@id\":\"https:\\\/\\\/antderground.com\\\/de\\\/#website\",\"url\":\"https:\\\/\\\/antderground.com\\\/de\\\/\",\"name\":\"ANTDERGROUND\",\"description\":\"Tu tienda de hormigas, gran variedad de hormigueros acr\u00edlicos,madera,arena,3D y mas.. Pide tus hormigas gratis con tu pedido, somos expertos en hormigueros antifugas.\",\"publisher\":{\"@id\":\"https:\\\/\\\/antderground.com\\\/de\\\/#\\\/schema\\\/person\\\/0e322c505e84fe72c65e2f6d08f96b81\"},\"alternateName\":\"Antderground\",\"potentialAction\":[{\"@type\":\"SearchAction\",\"target\":{\"@type\":\"EntryPoint\",\"urlTemplate\":\"https:\\\/\\\/antderground.com\\\/de\\\/?s={search_term_string}\"},\"query-input\":{\"@type\":\"PropertyValueSpecification\",\"valueRequired\":true,\"valueName\":\"search_term_string\"}}],\"inLanguage\":\"de\"},{\"@type\":[\"Person\",\"Organization\"],\"@id\":\"https:\\\/\\\/antderground.com\\\/de\\\/#\\\/schema\\\/person\\\/0e322c505e84fe72c65e2f6d08f96b81\",\"name\":\"Eric de Antderground\",\"image\":{\"@type\":\"ImageObject\",\"inLanguage\":\"de\",\"@id\":\"https:\\\/\\\/secure.gravatar.com\\\/avatar\\\/c49a1b9f79216d1498cb73c1e85cd47f4465dda35f2a94c03790d491bd4423c3?s=96&d=mm&r=g\",\"url\":\"https:\\\/\\\/secure.gravatar.com\\\/avatar\\\/c49a1b9f79216d1498cb73c1e85cd47f4465dda35f2a94c03790d491bd4423c3?s=96&d=mm&r=g\",\"contentUrl\":\"https:\\\/\\\/secure.gravatar.com\\\/avatar\\\/c49a1b9f79216d1498cb73c1e85cd47f4465dda35f2a94c03790d491bd4423c3?s=96&d=mm&r=g\",\"caption\":\"Eric de Antderground\"},\"logo\":{\"@id\":\"https:\\\/\\\/secure.gravatar.com\\\/avatar\\\/c49a1b9f79216d1498cb73c1e85cd47f4465dda35f2a94c03790d491bd4423c3?s=96&d=mm&r=g\"},\"description\":\"Eric es el especialista y fundador de Antderground, con una amplia trayectoria en artr\u00f3podos y enfocado en la mirmecolog\u00eda y el dise\u00f1o de hormigueros artificiales. Su enfoque combina la innovaci\u00f3n t\u00e9cnica con el respeto por la biolog\u00eda de las hormigas, is\u00f3podos y otros, desarrollando sistemas de nidos modulares 3D y acr\u00edlicos que son referentes para aficionados y profesionales en toda Europa. Su objetivo es facilitar la cr\u00eda de hormigas y otros artr\u00f3podos mediante soluciones seguras y divulgaci\u00f3n de calidad.\",\"sameAs\":[\"https:\\\/\\\/antderground.com\\\/\",\"https:\\\/\\\/www.youtube.com\\\/channel\\\/UCio72z7TlbufkAthAJIJfPw\"]}]}<\/script>\n<!-- \/ Yoast SEO plugin. -->","yoast_head_json":{"title":"Waldmoos f\u00fcr terrarium | Nat\u00fcrliche Substrate - ANTDERGROUND","description":"Waldmoos: Dekorieren Sie Ihr Terrarium und sorgen Sie f\u00fcr die ideale Luftfeuchtigkeit f\u00fcr Reptilien, Amphibien und Arthropoden. Langlebig und einfach zu verwenden, ideal f\u00fcr Ihren Lebensraum!","robots":{"index":"index","follow":"follow","max-snippet":"max-snippet:-1","max-image-preview":"max-image-preview:large","max-video-preview":"max-video-preview:-1"},"canonical":"https:\/\/antderground.com\/de\/produkt\/waldmoos\/","og_locale":"de_DE","og_type":"article","og_title":"Waldmoos f\u00fcr terrarium | Nat\u00fcrliche Substrate - ANTDERGROUND","og_description":"Waldmoos: Dekorieren Sie Ihr Terrarium und sorgen Sie f\u00fcr die ideale Luftfeuchtigkeit f\u00fcr Reptilien, Amphibien und Arthropoden. Langlebig und einfach zu verwenden, ideal f\u00fcr Ihren Lebensraum!","og_url":"https:\/\/antderground.com\/de\/produkt\/waldmoos\/","og_site_name":"ANTDERGROUND","article_modified_time":"2026-01-10T20:44:46+00:00","og_image":[{"width":2048,"height":2048,"url":"https:\/\/antderground.com\/wp-content\/uploads\/2024\/07\/Musgo-de-bosque-vivo.jpg","type":"image\/jpeg"}],"twitter_card":"summary_large_image","schema":{"@context":"https:\/\/schema.org","@graph":[{"@type":"WebPage","@id":"https:\/\/antderground.com\/de\/produkt\/waldmoos\/","url":"https:\/\/antderground.com\/de\/produkt\/waldmoos\/","name":"Waldmoos f\u00fcr terrarium | Nat\u00fcrliche Substrate - ANTDERGROUND","isPartOf":{"@id":"https:\/\/antderground.com\/de\/#website"},"primaryImageOfPage":{"@id":"https:\/\/antderground.com\/de\/produkt\/waldmoos\/#primaryimage"},"image":{"@id":"https:\/\/antderground.com\/de\/produkt\/waldmoos\/#primaryimage"},"thumbnailUrl":"https:\/\/antderground.com\/wp-content\/uploads\/2024\/07\/Musgo-de-bosque-vivo.jpg","datePublished":"2024-07-23T13:25:31+00:00","dateModified":"2026-01-10T20:44:46+00:00","description":"Waldmoos: Dekorieren Sie Ihr Terrarium und sorgen Sie f\u00fcr die ideale Luftfeuchtigkeit f\u00fcr Reptilien, Amphibien und Arthropoden. Langlebig und einfach zu verwenden, ideal f\u00fcr Ihren Lebensraum!","breadcrumb":{"@id":"https:\/\/antderground.com\/de\/produkt\/waldmoos\/#breadcrumb"},"inLanguage":"de","potentialAction":[{"@type":"ReadAction","target":["https:\/\/antderground.com\/de\/produkt\/waldmoos\/"]}]},{"@type":"ImageObject","inLanguage":"de","@id":"https:\/\/antderground.com\/de\/produkt\/waldmoos\/#primaryimage","url":"https:\/\/antderground.com\/wp-content\/uploads\/2024\/07\/Musgo-de-bosque-vivo.jpg","contentUrl":"https:\/\/antderground.com\/wp-content\/uploads\/2024\/07\/Musgo-de-bosque-vivo.jpg","width":2048,"height":2048},{"@type":"BreadcrumbList","@id":"https:\/\/antderground.com\/de\/produkt\/waldmoos\/#breadcrumb","itemListElement":[{"@type":"ListItem","position":1,"name":"Portada","item":"https:\/\/antderground.com\/de\/"},{"@type":"ListItem","position":2,"name":"Shop","item":"https:\/\/antderground.com\/de\/shop\/"},{"@type":"ListItem","position":3,"name":"Waldmoos"}]},{"@type":"WebSite","@id":"https:\/\/antderground.com\/de\/#website","url":"https:\/\/antderground.com\/de\/","name":"ANTDERGROUND","description":"Tu tienda de hormigas, gran variedad de hormigueros acr\u00edlicos,madera,arena,3D y mas.. Pide tus hormigas gratis con tu pedido, somos expertos en hormigueros antifugas.","publisher":{"@id":"https:\/\/antderground.com\/de\/#\/schema\/person\/0e322c505e84fe72c65e2f6d08f96b81"},"alternateName":"Antderground","potentialAction":[{"@type":"SearchAction","target":{"@type":"EntryPoint","urlTemplate":"https:\/\/antderground.com\/de\/?s={search_term_string}"},"query-input":{"@type":"PropertyValueSpecification","valueRequired":true,"valueName":"search_term_string"}}],"inLanguage":"de"},{"@type":["Person","Organization"],"@id":"https:\/\/antderground.com\/de\/#\/schema\/person\/0e322c505e84fe72c65e2f6d08f96b81","name":"Eric de Antderground","image":{"@type":"ImageObject","inLanguage":"de","@id":"https:\/\/secure.gravatar.com\/avatar\/c49a1b9f79216d1498cb73c1e85cd47f4465dda35f2a94c03790d491bd4423c3?s=96&d=mm&r=g","url":"https:\/\/secure.gravatar.com\/avatar\/c49a1b9f79216d1498cb73c1e85cd47f4465dda35f2a94c03790d491bd4423c3?s=96&d=mm&r=g","contentUrl":"https:\/\/secure.gravatar.com\/avatar\/c49a1b9f79216d1498cb73c1e85cd47f4465dda35f2a94c03790d491bd4423c3?s=96&d=mm&r=g","caption":"Eric de Antderground"},"logo":{"@id":"https:\/\/secure.gravatar.com\/avatar\/c49a1b9f79216d1498cb73c1e85cd47f4465dda35f2a94c03790d491bd4423c3?s=96&d=mm&r=g"},"description":"Eric es el especialista y fundador de Antderground, con una amplia trayectoria en artr\u00f3podos y enfocado en la mirmecolog\u00eda y el dise\u00f1o de hormigueros artificiales. Su enfoque combina la innovaci\u00f3n t\u00e9cnica con el respeto por la biolog\u00eda de las hormigas, is\u00f3podos y otros, desarrollando sistemas de nidos modulares 3D y acr\u00edlicos que son referentes para aficionados y profesionales en toda Europa. Su objetivo es facilitar la cr\u00eda de hormigas y otros artr\u00f3podos mediante soluciones seguras y divulgaci\u00f3n de calidad.","sameAs":["https:\/\/antderground.com\/","https:\/\/www.youtube.com\/channel\/UCio72z7TlbufkAthAJIJfPw"]}]}},"_links":{"self":[{"href":"https:\/\/antderground.com\/de\/wp-json\/wp\/v2\/product\/35436","targetHints":{"allow":["GET"]}}],"collection":[{"href":"https:\/\/antderground.com\/de\/wp-json\/wp\/v2\/product"}],"about":[{"href":"https:\/\/antderground.com\/de\/wp-json\/wp\/v2\/types\/product"}],"version-history":[{"count":0,"href":"https:\/\/antderground.com\/de\/wp-json\/wp\/v2\/product\/35436\/revisions"}],"wp:featuredmedia":[{"embeddable":true,"href":"https:\/\/antderground.com\/de\/wp-json\/wp\/v2\/media\/35422"}],"wp:attachment":[{"href":"https:\/\/antderground.com\/de\/wp-json\/wp\/v2\/media?parent=35436"}],"wp:term":[{"taxonomy":"product_brand","embeddable":true,"href":"https:\/\/antderground.com\/de\/wp-json\/wp\/v2\/product_brand?post=35436"},{"taxonomy":"product_cat","embeddable":true,"href":"https:\/\/antderground.com\/de\/wp-json\/wp\/v2\/product_cat?post=35436"},{"taxonomy":"product_tag","embeddable":true,"href":"https:\/\/antderground.com\/de\/wp-json\/wp\/v2\/product_tag?post=35436"}],"curies":[{"name":"wp","href":"https:\/\/api.w.org\/{rel}","templated":true}]}}