{"id":35789,"date":"2024-08-12T00:42:03","date_gmt":"2024-08-11T22:42:03","guid":{"rendered":"https:\/\/www.antderground.com\/producto\/eierablage-aus-pappe\/"},"modified":"2025-07-26T15:59:42","modified_gmt":"2025-07-26T13:59:42","slug":"eierablage-aus-pappe","status":"publish","type":"product","link":"https:\/\/antderground.com\/de\/produkt\/eierablage-aus-pappe\/","title":{"rendered":"Eierablage aus Pappe"},"content":{"rendered":"<h3>Vorteile von Eierablagen aus Pappe f\u00fcr die Zucht von Lebendfutter<\/h3>\n<p><strong>Idealer R\u00fcckzugsort:<\/strong><br \/>\nEierablagen aus Pappe in der Gr\u00f6\u00dfe 30&#215;30 cm bieten den Insekten, wie Blaptica-K\u00e4fern, Tenebrio-W\u00fcrmern und Grillen, einen optimalen R\u00fcckzugsort, der ihrem nat\u00fcrlichen Lebensraum nachempfunden ist.<\/p>\n<p><strong>Bel\u00fcftung und Luftzirkulation:<\/strong><br \/>\nDas Pappmaterial erm\u00f6glicht eine gute Luftzirkulation, was entscheidend ist, um Feuchtigkeitsansammlungen zu verhindern und ein gesundes Umfeld f\u00fcr die Insekten zu gew\u00e4hrleisten.<\/p>\n<p><strong>Biologisch Abbaubar und Umweltfreundlich:<\/strong><br \/>\nEierablagen aus Pappe sind umweltfreundlich und biologisch abbaubar, was nachhaltige Praktiken bei der Zucht von Lebendfutter unterst\u00fctzt.<\/p>\n<p><strong>Einfache Reinigung und Handhabung:<\/strong><br \/>\nDie leichten Eierablagen aus Pappe sind einfach zu handhaben, was die Reinigung und den Transport der Insekten w\u00e4hrend der Zucht erleichtert.<\/p>\n","protected":false},"excerpt":{"rendered":"<p>Die Eierablagen aus Pappe in der Gr\u00f6\u00dfe 30&#215;30 cm sind ideal f\u00fcr die Zucht von Insekten wie Kakerlaken und Grillen. Sie bieten Schutz, gute Bel\u00fcftung und ein gesundes Umfeld. Zudem sind sie umweltfreundlich, biologisch abbaubar und leicht zu handhaben, wodurch nachhaltige Praktiken gef\u00f6rdert werden.<\/p>\n<p><strong>Gr\u00f6\u00dfe:<\/strong> 30&#215;30 cm<br \/>\n<strong>Material:<\/strong> Pappe<\/p>\n","protected":false},"featured_media":35769,"template":"","meta":[],"product_brand":[],"product_cat":[514,494],"product_tag":[],"class_list":{"0":"post-35789","1":"product","2":"type-product","3":"status-publish","4":"has-post-thumbnail","6":"product_cat-zubehor","7":"product_cat-dekoration","9":"first","10":"instock","11":"shipping-taxable","12":"purchasable","13":"product-type-variable"},"yoast_head":"<!-- This site is optimized with the Yoast SEO plugin v27.3 - https:\/\/yoast.com\/product\/yoast-seo-wordpress\/ -->\n<title>Eierablage aus Pappe 30x30 cm | Ideal f\u00fcr Insekten - ANTDERGROUND<\/title>\n<meta name=\"description\" content=\"Entdecken Sie die Eierablage aus Pappe in der Gr\u00f6\u00dfe 30x30 cm, ideal f\u00fcr Verstecke zur Zucht von Insekten wie Blaptica-Kakerlaken oder Tenebrio-W\u00fcrmern.\" \/>\n<meta name=\"robots\" content=\"index, follow, max-snippet:-1, max-image-preview:large, max-video-preview:-1\" \/>\n<link rel=\"canonical\" href=\"https:\/\/antderground.com\/de\/produkt\/eierablage-aus-pappe\/\" \/>\n<meta property=\"og:locale\" content=\"de_DE\" \/>\n<meta property=\"og:type\" content=\"article\" \/>\n<meta property=\"og:title\" content=\"Eierablage aus Pappe 30x30 cm | Ideal f\u00fcr Insekten - ANTDERGROUND\" \/>\n<meta property=\"og:description\" content=\"Entdecken Sie die Eierablage aus Pappe in der Gr\u00f6\u00dfe 30x30 cm, ideal f\u00fcr Verstecke zur Zucht von Insekten wie Blaptica-Kakerlaken oder Tenebrio-W\u00fcrmern.\" \/>\n<meta property=\"og:url\" content=\"https:\/\/antderground.com\/de\/produkt\/eierablage-aus-pappe\/\" \/>\n<meta property=\"og:site_name\" content=\"ANTDERGROUND\" \/>\n<meta property=\"article:modified_time\" content=\"2025-07-26T13:59:42+00:00\" \/>\n<meta property=\"og:image\" content=\"https:\/\/antderground.com\/wp-content\/uploads\/2024\/08\/huevera-de-carton.jpg\" \/>\n\t<meta property=\"og:image:width\" content=\"1417\" \/>\n\t<meta property=\"og:image:height\" content=\"1417\" \/>\n\t<meta property=\"og:image:type\" content=\"image\/jpeg\" \/>\n<meta name=\"twitter:card\" content=\"summary_large_image\" \/>\n<meta name=\"twitter:label1\" content=\"Gesch\u00e4tzte Lesezeit\" \/>\n\t<meta name=\"twitter:data1\" content=\"1\u00a0Minute\" \/>\n<script type=\"application\/ld+json\" class=\"yoast-schema-graph\">{\"@context\":\"https:\\\/\\\/schema.org\",\"@graph\":[{\"@type\":\"WebPage\",\"@id\":\"https:\\\/\\\/antderground.com\\\/de\\\/produkt\\\/eierablage-aus-pappe\\\/\",\"url\":\"https:\\\/\\\/antderground.com\\\/de\\\/produkt\\\/eierablage-aus-pappe\\\/\",\"name\":\"Eierablage aus Pappe 30x30 cm | Ideal f\u00fcr Insekten - ANTDERGROUND\",\"isPartOf\":{\"@id\":\"https:\\\/\\\/antderground.com\\\/de\\\/#website\"},\"primaryImageOfPage\":{\"@id\":\"https:\\\/\\\/antderground.com\\\/de\\\/produkt\\\/eierablage-aus-pappe\\\/#primaryimage\"},\"image\":{\"@id\":\"https:\\\/\\\/antderground.com\\\/de\\\/produkt\\\/eierablage-aus-pappe\\\/#primaryimage\"},\"thumbnailUrl\":\"https:\\\/\\\/antderground.com\\\/wp-content\\\/uploads\\\/2024\\\/08\\\/huevera-de-carton.jpg\",\"datePublished\":\"2024-08-11T22:42:03+00:00\",\"dateModified\":\"2025-07-26T13:59:42+00:00\",\"description\":\"Entdecken Sie die Eierablage aus Pappe in der Gr\u00f6\u00dfe 30x30 cm, ideal f\u00fcr Verstecke zur Zucht von Insekten wie Blaptica-Kakerlaken oder Tenebrio-W\u00fcrmern.\",\"breadcrumb\":{\"@id\":\"https:\\\/\\\/antderground.com\\\/de\\\/produkt\\\/eierablage-aus-pappe\\\/#breadcrumb\"},\"inLanguage\":\"de\",\"potentialAction\":[{\"@type\":\"ReadAction\",\"target\":[\"https:\\\/\\\/antderground.com\\\/de\\\/produkt\\\/eierablage-aus-pappe\\\/\"]}]},{\"@type\":\"ImageObject\",\"inLanguage\":\"de\",\"@id\":\"https:\\\/\\\/antderground.com\\\/de\\\/produkt\\\/eierablage-aus-pappe\\\/#primaryimage\",\"url\":\"https:\\\/\\\/antderground.com\\\/wp-content\\\/uploads\\\/2024\\\/08\\\/huevera-de-carton.jpg\",\"contentUrl\":\"https:\\\/\\\/antderground.com\\\/wp-content\\\/uploads\\\/2024\\\/08\\\/huevera-de-carton.jpg\",\"width\":1417,\"height\":1417,\"caption\":\"Eierablage aus Pappe\"},{\"@type\":\"BreadcrumbList\",\"@id\":\"https:\\\/\\\/antderground.com\\\/de\\\/produkt\\\/eierablage-aus-pappe\\\/#breadcrumb\",\"itemListElement\":[{\"@type\":\"ListItem\",\"position\":1,\"name\":\"Portada\",\"item\":\"https:\\\/\\\/antderground.com\\\/de\\\/\"},{\"@type\":\"ListItem\",\"position\":2,\"name\":\"Shop\",\"item\":\"https:\\\/\\\/antderground.com\\\/de\\\/shop\\\/\"},{\"@type\":\"ListItem\",\"position\":3,\"name\":\"Eierablage aus Pappe\"}]},{\"@type\":\"WebSite\",\"@id\":\"https:\\\/\\\/antderground.com\\\/de\\\/#website\",\"url\":\"https:\\\/\\\/antderground.com\\\/de\\\/\",\"name\":\"ANTDERGROUND\",\"description\":\"Tu tienda de hormigas, gran variedad de hormigueros acr\u00edlicos,madera,arena,3D y mas.. Pide tus hormigas gratis con tu pedido, somos expertos en hormigueros antifugas.\",\"publisher\":{\"@id\":\"https:\\\/\\\/antderground.com\\\/de\\\/#\\\/schema\\\/person\\\/0e322c505e84fe72c65e2f6d08f96b81\"},\"alternateName\":\"Antderground\",\"potentialAction\":[{\"@type\":\"SearchAction\",\"target\":{\"@type\":\"EntryPoint\",\"urlTemplate\":\"https:\\\/\\\/antderground.com\\\/de\\\/?s={search_term_string}\"},\"query-input\":{\"@type\":\"PropertyValueSpecification\",\"valueRequired\":true,\"valueName\":\"search_term_string\"}}],\"inLanguage\":\"de\"},{\"@type\":[\"Person\",\"Organization\"],\"@id\":\"https:\\\/\\\/antderground.com\\\/de\\\/#\\\/schema\\\/person\\\/0e322c505e84fe72c65e2f6d08f96b81\",\"name\":\"Eric de Antderground\",\"image\":{\"@type\":\"ImageObject\",\"inLanguage\":\"de\",\"@id\":\"https:\\\/\\\/secure.gravatar.com\\\/avatar\\\/c49a1b9f79216d1498cb73c1e85cd47f4465dda35f2a94c03790d491bd4423c3?s=96&d=mm&r=g\",\"url\":\"https:\\\/\\\/secure.gravatar.com\\\/avatar\\\/c49a1b9f79216d1498cb73c1e85cd47f4465dda35f2a94c03790d491bd4423c3?s=96&d=mm&r=g\",\"contentUrl\":\"https:\\\/\\\/secure.gravatar.com\\\/avatar\\\/c49a1b9f79216d1498cb73c1e85cd47f4465dda35f2a94c03790d491bd4423c3?s=96&d=mm&r=g\",\"caption\":\"Eric de Antderground\"},\"logo\":{\"@id\":\"https:\\\/\\\/secure.gravatar.com\\\/avatar\\\/c49a1b9f79216d1498cb73c1e85cd47f4465dda35f2a94c03790d491bd4423c3?s=96&d=mm&r=g\"},\"description\":\"Eric es el especialista y fundador de Antderground, con una amplia trayectoria en artr\u00f3podos y enfocado en la mirmecolog\u00eda y el dise\u00f1o de hormigueros artificiales. Su enfoque combina la innovaci\u00f3n t\u00e9cnica con el respeto por la biolog\u00eda de las hormigas, is\u00f3podos y otros, desarrollando sistemas de nidos modulares 3D y acr\u00edlicos que son referentes para aficionados y profesionales en toda Europa. Su objetivo es facilitar la cr\u00eda de hormigas y otros artr\u00f3podos mediante soluciones seguras y divulgaci\u00f3n de calidad.\",\"sameAs\":[\"https:\\\/\\\/antderground.com\\\/\",\"https:\\\/\\\/www.youtube.com\\\/channel\\\/UCio72z7TlbufkAthAJIJfPw\"]}]}<\/script>\n<!-- \/ Yoast SEO plugin. -->","yoast_head_json":{"title":"Eierablage aus Pappe 30x30 cm | Ideal f\u00fcr Insekten - ANTDERGROUND","description":"Entdecken Sie die Eierablage aus Pappe in der Gr\u00f6\u00dfe 30x30 cm, ideal f\u00fcr Verstecke zur Zucht von Insekten wie Blaptica-Kakerlaken oder Tenebrio-W\u00fcrmern.","robots":{"index":"index","follow":"follow","max-snippet":"max-snippet:-1","max-image-preview":"max-image-preview:large","max-video-preview":"max-video-preview:-1"},"canonical":"https:\/\/antderground.com\/de\/produkt\/eierablage-aus-pappe\/","og_locale":"de_DE","og_type":"article","og_title":"Eierablage aus Pappe 30x30 cm | Ideal f\u00fcr Insekten - ANTDERGROUND","og_description":"Entdecken Sie die Eierablage aus Pappe in der Gr\u00f6\u00dfe 30x30 cm, ideal f\u00fcr Verstecke zur Zucht von Insekten wie Blaptica-Kakerlaken oder Tenebrio-W\u00fcrmern.","og_url":"https:\/\/antderground.com\/de\/produkt\/eierablage-aus-pappe\/","og_site_name":"ANTDERGROUND","article_modified_time":"2025-07-26T13:59:42+00:00","og_image":[{"width":1417,"height":1417,"url":"https:\/\/antderground.com\/wp-content\/uploads\/2024\/08\/huevera-de-carton.jpg","type":"image\/jpeg"}],"twitter_card":"summary_large_image","twitter_misc":{"Gesch\u00e4tzte Lesezeit":"1\u00a0Minute"},"schema":{"@context":"https:\/\/schema.org","@graph":[{"@type":"WebPage","@id":"https:\/\/antderground.com\/de\/produkt\/eierablage-aus-pappe\/","url":"https:\/\/antderground.com\/de\/produkt\/eierablage-aus-pappe\/","name":"Eierablage aus Pappe 30x30 cm | Ideal f\u00fcr Insekten - ANTDERGROUND","isPartOf":{"@id":"https:\/\/antderground.com\/de\/#website"},"primaryImageOfPage":{"@id":"https:\/\/antderground.com\/de\/produkt\/eierablage-aus-pappe\/#primaryimage"},"image":{"@id":"https:\/\/antderground.com\/de\/produkt\/eierablage-aus-pappe\/#primaryimage"},"thumbnailUrl":"https:\/\/antderground.com\/wp-content\/uploads\/2024\/08\/huevera-de-carton.jpg","datePublished":"2024-08-11T22:42:03+00:00","dateModified":"2025-07-26T13:59:42+00:00","description":"Entdecken Sie die Eierablage aus Pappe in der Gr\u00f6\u00dfe 30x30 cm, ideal f\u00fcr Verstecke zur Zucht von Insekten wie Blaptica-Kakerlaken oder Tenebrio-W\u00fcrmern.","breadcrumb":{"@id":"https:\/\/antderground.com\/de\/produkt\/eierablage-aus-pappe\/#breadcrumb"},"inLanguage":"de","potentialAction":[{"@type":"ReadAction","target":["https:\/\/antderground.com\/de\/produkt\/eierablage-aus-pappe\/"]}]},{"@type":"ImageObject","inLanguage":"de","@id":"https:\/\/antderground.com\/de\/produkt\/eierablage-aus-pappe\/#primaryimage","url":"https:\/\/antderground.com\/wp-content\/uploads\/2024\/08\/huevera-de-carton.jpg","contentUrl":"https:\/\/antderground.com\/wp-content\/uploads\/2024\/08\/huevera-de-carton.jpg","width":1417,"height":1417,"caption":"Eierablage aus Pappe"},{"@type":"BreadcrumbList","@id":"https:\/\/antderground.com\/de\/produkt\/eierablage-aus-pappe\/#breadcrumb","itemListElement":[{"@type":"ListItem","position":1,"name":"Portada","item":"https:\/\/antderground.com\/de\/"},{"@type":"ListItem","position":2,"name":"Shop","item":"https:\/\/antderground.com\/de\/shop\/"},{"@type":"ListItem","position":3,"name":"Eierablage aus Pappe"}]},{"@type":"WebSite","@id":"https:\/\/antderground.com\/de\/#website","url":"https:\/\/antderground.com\/de\/","name":"ANTDERGROUND","description":"Tu tienda de hormigas, gran variedad de hormigueros acr\u00edlicos,madera,arena,3D y mas.. Pide tus hormigas gratis con tu pedido, somos expertos en hormigueros antifugas.","publisher":{"@id":"https:\/\/antderground.com\/de\/#\/schema\/person\/0e322c505e84fe72c65e2f6d08f96b81"},"alternateName":"Antderground","potentialAction":[{"@type":"SearchAction","target":{"@type":"EntryPoint","urlTemplate":"https:\/\/antderground.com\/de\/?s={search_term_string}"},"query-input":{"@type":"PropertyValueSpecification","valueRequired":true,"valueName":"search_term_string"}}],"inLanguage":"de"},{"@type":["Person","Organization"],"@id":"https:\/\/antderground.com\/de\/#\/schema\/person\/0e322c505e84fe72c65e2f6d08f96b81","name":"Eric de Antderground","image":{"@type":"ImageObject","inLanguage":"de","@id":"https:\/\/secure.gravatar.com\/avatar\/c49a1b9f79216d1498cb73c1e85cd47f4465dda35f2a94c03790d491bd4423c3?s=96&d=mm&r=g","url":"https:\/\/secure.gravatar.com\/avatar\/c49a1b9f79216d1498cb73c1e85cd47f4465dda35f2a94c03790d491bd4423c3?s=96&d=mm&r=g","contentUrl":"https:\/\/secure.gravatar.com\/avatar\/c49a1b9f79216d1498cb73c1e85cd47f4465dda35f2a94c03790d491bd4423c3?s=96&d=mm&r=g","caption":"Eric de Antderground"},"logo":{"@id":"https:\/\/secure.gravatar.com\/avatar\/c49a1b9f79216d1498cb73c1e85cd47f4465dda35f2a94c03790d491bd4423c3?s=96&d=mm&r=g"},"description":"Eric es el especialista y fundador de Antderground, con una amplia trayectoria en artr\u00f3podos y enfocado en la mirmecolog\u00eda y el dise\u00f1o de hormigueros artificiales. Su enfoque combina la innovaci\u00f3n t\u00e9cnica con el respeto por la biolog\u00eda de las hormigas, is\u00f3podos y otros, desarrollando sistemas de nidos modulares 3D y acr\u00edlicos que son referentes para aficionados y profesionales en toda Europa. Su objetivo es facilitar la cr\u00eda de hormigas y otros artr\u00f3podos mediante soluciones seguras y divulgaci\u00f3n de calidad.","sameAs":["https:\/\/antderground.com\/","https:\/\/www.youtube.com\/channel\/UCio72z7TlbufkAthAJIJfPw"]}]}},"_links":{"self":[{"href":"https:\/\/antderground.com\/de\/wp-json\/wp\/v2\/product\/35789","targetHints":{"allow":["GET"]}}],"collection":[{"href":"https:\/\/antderground.com\/de\/wp-json\/wp\/v2\/product"}],"about":[{"href":"https:\/\/antderground.com\/de\/wp-json\/wp\/v2\/types\/product"}],"version-history":[{"count":0,"href":"https:\/\/antderground.com\/de\/wp-json\/wp\/v2\/product\/35789\/revisions"}],"wp:featuredmedia":[{"embeddable":true,"href":"https:\/\/antderground.com\/de\/wp-json\/wp\/v2\/media\/35769"}],"wp:attachment":[{"href":"https:\/\/antderground.com\/de\/wp-json\/wp\/v2\/media?parent=35789"}],"wp:term":[{"taxonomy":"product_brand","embeddable":true,"href":"https:\/\/antderground.com\/de\/wp-json\/wp\/v2\/product_brand?post=35789"},{"taxonomy":"product_cat","embeddable":true,"href":"https:\/\/antderground.com\/de\/wp-json\/wp\/v2\/product_cat?post=35789"},{"taxonomy":"product_tag","embeddable":true,"href":"https:\/\/antderground.com\/de\/wp-json\/wp\/v2\/product_tag?post=35789"}],"curies":[{"name":"wp","href":"https:\/\/api.w.org\/{rel}","templated":true}]}}