{"id":36451,"date":"2024-09-10T15:40:12","date_gmt":"2024-09-10T13:40:12","guid":{"rendered":"https:\/\/www.antderground.com\/producto\/3d-modulares-ameisennest-10x20-v2-grosse-kammern\/"},"modified":"2024-09-10T15:40:12","modified_gmt":"2024-09-10T13:40:12","slug":"3d-modulares-ameisennest-10x20-v2-grosse-kammern","status":"publish","type":"product","link":"https:\/\/antderground.com\/de\/produkt\/3d-modulares-ameisennest-10x20-v2-grosse-kammern\/","title":{"rendered":"3D-modulares Ameisennest (10\u00d720) v2 (Gro\u00dfe Kammern)"},"content":{"rendered":"<p>Das <strong>Modulare 3D-Ameisenfarm Version 2<\/strong> ist eine fortschrittliche Option, um Arten zu halten, die eine feuchte Umgebung ben\u00f6tigen. Mit einem praktischen und sicheren Design erm\u00f6glicht es eine einfache Erweiterung und Pflege des Lebensraums.<\/p>\n<p><strong>Modulare 3D-Ameisenfarm Version 2 &#8211; Gr\u00f6\u00dfe 10&#215;20<\/strong><\/p>\n<p><strong>Abmessungen und Materialien<\/strong><\/p>\n<ul>\n<li>Gesamtabmessungen: 10&#215;20 cm.<\/li>\n<li>Hergestellt aus wei\u00dfem PLA.<\/li>\n<li>Rote Abdeckung aus Acrylglas zum Schutz der Ameisen.<\/li>\n<\/ul>\n<p><strong>Kammerdesign<\/strong><\/p>\n<ul>\n<li>Gro\u00dfe Kammern f\u00fcr eine bessere Raumnutzung.<\/li>\n<li>Gro\u00dfz\u00fcgiger Feuchtigkeitsbereich, um eine feuchte Umgebung zu gew\u00e4hrleisten.<\/li>\n<\/ul>\n<p><strong>Feuchtigkeitssystem<\/strong><\/p>\n<ul>\n<li>Doppelschicht-Feuchtigkeitssystem.<\/li>\n<li>M\u00f6glichkeit, die Feuchtigkeit zu regulieren, ohne den normalen Bereich zu \u00f6ffnen.<\/li>\n<\/ul>\n<p><strong>Modulare Konnektivit\u00e4t<\/strong><\/p>\n<ul>\n<li>6 Verbindungst\u00fcren.<\/li>\n<li>Drehbare T\u00fcr an jeder Verbindung f\u00fcr mehr Sicherheit und Kontrolle.<\/li>\n<\/ul>\n<p><strong>Trinkstation<\/strong><\/p>\n<ul>\n<li>Inklusive 20 ml Trinkbeh\u00e4lter.<\/li>\n<\/ul>\n","protected":false},"excerpt":{"rendered":"<p>Entdecken Sie den neuen modularen 3D-Ameisenhaufen Version 2 im Format 10 x 20 cm mit gr\u00f6\u00dferen Fl\u00e4chen, der Ihren Ameisen das beste Zuhause bietet. Mit gro\u00dfen Kammern, einer Hydratationszone zur Aufrechterhaltung einer feuchten Umgebung, 6 sicheren Anschl\u00fcssen und einem eleganten Design aus wei\u00dfem PLA mit rotem Deckel. Perfekte Pflege mit Stil und Funktionalit\u00e4t!<\/p>\n<p><strong>Eigenschaften:<br \/>\n<\/strong>Variante 2: Gr\u00f6\u00dfere Fl\u00e4chen.<br \/>\nReservoirs: 20 ml<br \/>\nFarbe: Wei\u00df\/Gelb<br \/>\nDeckel: Rote Farbe inklusive.<br \/>\nModular: Ja<br \/>\nInnent\u00fcren: 1.<br \/>\nAu\u00dfent\u00fcren: 6.<\/p>\n","protected":false},"featured_media":36435,"template":"","meta":[],"product_brand":[],"product_cat":[504,505],"product_tag":[],"class_list":{"0":"post-36451","1":"product","2":"type-product","3":"status-publish","4":"has-post-thumbnail","6":"product_cat-ameisennester","7":"product_cat-ameisenfarmen-3d","9":"first","10":"instock","11":"sale","12":"shipping-taxable","13":"purchasable","14":"product-type-simple"},"yoast_head":"<!-- This site is optimized with the Yoast SEO plugin v27.3 - https:\/\/yoast.com\/product\/yoast-seo-wordpress\/ -->\n<title>3D-modulares Ameisennest (10\u00d720) v2 (Gro\u00dfe Kammern) - ANTDERGROUND<\/title>\n<meta name=\"description\" content=\"Neue Version (v2) des modularen 3D-Ameisennests 10x20, mit gr\u00f6\u00dferen und sichereren Bereichen. Entdecken Sie das perfekte Nest f\u00fcr Ihre Ameisenkolonie.\" \/>\n<meta name=\"robots\" content=\"index, follow, max-snippet:-1, max-image-preview:large, max-video-preview:-1\" \/>\n<link rel=\"canonical\" href=\"https:\/\/antderground.com\/de\/produkt\/3d-modulares-ameisennest-10x20-v2-grosse-kammern\/\" \/>\n<meta property=\"og:locale\" content=\"de_DE\" \/>\n<meta property=\"og:type\" content=\"article\" \/>\n<meta property=\"og:title\" content=\"3D-modulares Ameisennest (10\u00d720) v2 (Gro\u00dfe Kammern) - ANTDERGROUND\" \/>\n<meta property=\"og:description\" content=\"Neue Version (v2) des modularen 3D-Ameisennests 10x20, mit gr\u00f6\u00dferen und sichereren Bereichen. Entdecken Sie das perfekte Nest f\u00fcr Ihre Ameisenkolonie.\" \/>\n<meta property=\"og:url\" content=\"https:\/\/antderground.com\/de\/produkt\/3d-modulares-ameisennest-10x20-v2-grosse-kammern\/\" \/>\n<meta property=\"og:site_name\" content=\"ANTDERGROUND\" \/>\n<meta property=\"og:image\" content=\"https:\/\/antderground.com\/wp-content\/uploads\/2024\/09\/hormiguero-3d-v2-10x20-1.jpeg\" \/>\n\t<meta property=\"og:image:width\" content=\"1600\" \/>\n\t<meta property=\"og:image:height\" content=\"1600\" \/>\n\t<meta property=\"og:image:type\" content=\"image\/jpeg\" \/>\n<meta name=\"twitter:card\" content=\"summary_large_image\" \/>\n<meta name=\"twitter:label1\" content=\"Gesch\u00e4tzte Lesezeit\" \/>\n\t<meta name=\"twitter:data1\" content=\"1\u00a0Minute\" \/>\n<script type=\"application\/ld+json\" class=\"yoast-schema-graph\">{\"@context\":\"https:\\\/\\\/schema.org\",\"@graph\":[{\"@type\":\"WebPage\",\"@id\":\"https:\\\/\\\/antderground.com\\\/de\\\/produkt\\\/3d-modulares-ameisennest-10x20-v2-grosse-kammern\\\/\",\"url\":\"https:\\\/\\\/antderground.com\\\/de\\\/produkt\\\/3d-modulares-ameisennest-10x20-v2-grosse-kammern\\\/\",\"name\":\"3D-modulares Ameisennest (10\u00d720) v2 (Gro\u00dfe Kammern) - ANTDERGROUND\",\"isPartOf\":{\"@id\":\"https:\\\/\\\/antderground.com\\\/de\\\/#website\"},\"primaryImageOfPage\":{\"@id\":\"https:\\\/\\\/antderground.com\\\/de\\\/produkt\\\/3d-modulares-ameisennest-10x20-v2-grosse-kammern\\\/#primaryimage\"},\"image\":{\"@id\":\"https:\\\/\\\/antderground.com\\\/de\\\/produkt\\\/3d-modulares-ameisennest-10x20-v2-grosse-kammern\\\/#primaryimage\"},\"thumbnailUrl\":\"https:\\\/\\\/antderground.com\\\/wp-content\\\/uploads\\\/2024\\\/09\\\/hormiguero-3d-v2-10x20-1.jpeg\",\"datePublished\":\"2024-09-10T13:40:12+00:00\",\"description\":\"Neue Version (v2) des modularen 3D-Ameisennests 10x20, mit gr\u00f6\u00dferen und sichereren Bereichen. Entdecken Sie das perfekte Nest f\u00fcr Ihre Ameisenkolonie.\",\"breadcrumb\":{\"@id\":\"https:\\\/\\\/antderground.com\\\/de\\\/produkt\\\/3d-modulares-ameisennest-10x20-v2-grosse-kammern\\\/#breadcrumb\"},\"inLanguage\":\"de\",\"potentialAction\":[{\"@type\":\"ReadAction\",\"target\":[\"https:\\\/\\\/antderground.com\\\/de\\\/produkt\\\/3d-modulares-ameisennest-10x20-v2-grosse-kammern\\\/\"]}]},{\"@type\":\"ImageObject\",\"inLanguage\":\"de\",\"@id\":\"https:\\\/\\\/antderground.com\\\/de\\\/produkt\\\/3d-modulares-ameisennest-10x20-v2-grosse-kammern\\\/#primaryimage\",\"url\":\"https:\\\/\\\/antderground.com\\\/wp-content\\\/uploads\\\/2024\\\/09\\\/hormiguero-3d-v2-10x20-1.jpeg\",\"contentUrl\":\"https:\\\/\\\/antderground.com\\\/wp-content\\\/uploads\\\/2024\\\/09\\\/hormiguero-3d-v2-10x20-1.jpeg\",\"width\":1600,\"height\":1600},{\"@type\":\"BreadcrumbList\",\"@id\":\"https:\\\/\\\/antderground.com\\\/de\\\/produkt\\\/3d-modulares-ameisennest-10x20-v2-grosse-kammern\\\/#breadcrumb\",\"itemListElement\":[{\"@type\":\"ListItem\",\"position\":1,\"name\":\"Portada\",\"item\":\"https:\\\/\\\/antderground.com\\\/de\\\/\"},{\"@type\":\"ListItem\",\"position\":2,\"name\":\"Shop\",\"item\":\"https:\\\/\\\/antderground.com\\\/de\\\/shop\\\/\"},{\"@type\":\"ListItem\",\"position\":3,\"name\":\"3D-modulares Ameisennest (10\u00d720) v2 (Gro\u00dfe Kammern)\"}]},{\"@type\":\"WebSite\",\"@id\":\"https:\\\/\\\/antderground.com\\\/de\\\/#website\",\"url\":\"https:\\\/\\\/antderground.com\\\/de\\\/\",\"name\":\"ANTDERGROUND\",\"description\":\"Tu tienda de hormigas, gran variedad de hormigueros acr\u00edlicos,madera,arena,3D y mas.. Pide tus hormigas gratis con tu pedido, somos expertos en hormigueros antifugas.\",\"publisher\":{\"@id\":\"https:\\\/\\\/antderground.com\\\/de\\\/#\\\/schema\\\/person\\\/0e322c505e84fe72c65e2f6d08f96b81\"},\"alternateName\":\"Antderground\",\"potentialAction\":[{\"@type\":\"SearchAction\",\"target\":{\"@type\":\"EntryPoint\",\"urlTemplate\":\"https:\\\/\\\/antderground.com\\\/de\\\/?s={search_term_string}\"},\"query-input\":{\"@type\":\"PropertyValueSpecification\",\"valueRequired\":true,\"valueName\":\"search_term_string\"}}],\"inLanguage\":\"de\"},{\"@type\":[\"Person\",\"Organization\"],\"@id\":\"https:\\\/\\\/antderground.com\\\/de\\\/#\\\/schema\\\/person\\\/0e322c505e84fe72c65e2f6d08f96b81\",\"name\":\"Eric de Antderground\",\"image\":{\"@type\":\"ImageObject\",\"inLanguage\":\"de\",\"@id\":\"https:\\\/\\\/secure.gravatar.com\\\/avatar\\\/c49a1b9f79216d1498cb73c1e85cd47f4465dda35f2a94c03790d491bd4423c3?s=96&d=mm&r=g\",\"url\":\"https:\\\/\\\/secure.gravatar.com\\\/avatar\\\/c49a1b9f79216d1498cb73c1e85cd47f4465dda35f2a94c03790d491bd4423c3?s=96&d=mm&r=g\",\"contentUrl\":\"https:\\\/\\\/secure.gravatar.com\\\/avatar\\\/c49a1b9f79216d1498cb73c1e85cd47f4465dda35f2a94c03790d491bd4423c3?s=96&d=mm&r=g\",\"caption\":\"Eric de Antderground\"},\"logo\":{\"@id\":\"https:\\\/\\\/secure.gravatar.com\\\/avatar\\\/c49a1b9f79216d1498cb73c1e85cd47f4465dda35f2a94c03790d491bd4423c3?s=96&d=mm&r=g\"},\"description\":\"Eric es el especialista y fundador de Antderground, con una amplia trayectoria en artr\u00f3podos y enfocado en la mirmecolog\u00eda y el dise\u00f1o de hormigueros artificiales. Su enfoque combina la innovaci\u00f3n t\u00e9cnica con el respeto por la biolog\u00eda de las hormigas, is\u00f3podos y otros, desarrollando sistemas de nidos modulares 3D y acr\u00edlicos que son referentes para aficionados y profesionales en toda Europa. Su objetivo es facilitar la cr\u00eda de hormigas y otros artr\u00f3podos mediante soluciones seguras y divulgaci\u00f3n de calidad.\",\"sameAs\":[\"https:\\\/\\\/antderground.com\\\/\",\"https:\\\/\\\/www.youtube.com\\\/channel\\\/UCio72z7TlbufkAthAJIJfPw\"]}]}<\/script>\n<!-- \/ Yoast SEO plugin. -->","yoast_head_json":{"title":"3D-modulares Ameisennest (10\u00d720) v2 (Gro\u00dfe Kammern) - ANTDERGROUND","description":"Neue Version (v2) des modularen 3D-Ameisennests 10x20, mit gr\u00f6\u00dferen und sichereren Bereichen. Entdecken Sie das perfekte Nest f\u00fcr Ihre Ameisenkolonie.","robots":{"index":"index","follow":"follow","max-snippet":"max-snippet:-1","max-image-preview":"max-image-preview:large","max-video-preview":"max-video-preview:-1"},"canonical":"https:\/\/antderground.com\/de\/produkt\/3d-modulares-ameisennest-10x20-v2-grosse-kammern\/","og_locale":"de_DE","og_type":"article","og_title":"3D-modulares Ameisennest (10\u00d720) v2 (Gro\u00dfe Kammern) - ANTDERGROUND","og_description":"Neue Version (v2) des modularen 3D-Ameisennests 10x20, mit gr\u00f6\u00dferen und sichereren Bereichen. Entdecken Sie das perfekte Nest f\u00fcr Ihre Ameisenkolonie.","og_url":"https:\/\/antderground.com\/de\/produkt\/3d-modulares-ameisennest-10x20-v2-grosse-kammern\/","og_site_name":"ANTDERGROUND","og_image":[{"width":1600,"height":1600,"url":"https:\/\/antderground.com\/wp-content\/uploads\/2024\/09\/hormiguero-3d-v2-10x20-1.jpeg","type":"image\/jpeg"}],"twitter_card":"summary_large_image","twitter_misc":{"Gesch\u00e4tzte Lesezeit":"1\u00a0Minute"},"schema":{"@context":"https:\/\/schema.org","@graph":[{"@type":"WebPage","@id":"https:\/\/antderground.com\/de\/produkt\/3d-modulares-ameisennest-10x20-v2-grosse-kammern\/","url":"https:\/\/antderground.com\/de\/produkt\/3d-modulares-ameisennest-10x20-v2-grosse-kammern\/","name":"3D-modulares Ameisennest (10\u00d720) v2 (Gro\u00dfe Kammern) - ANTDERGROUND","isPartOf":{"@id":"https:\/\/antderground.com\/de\/#website"},"primaryImageOfPage":{"@id":"https:\/\/antderground.com\/de\/produkt\/3d-modulares-ameisennest-10x20-v2-grosse-kammern\/#primaryimage"},"image":{"@id":"https:\/\/antderground.com\/de\/produkt\/3d-modulares-ameisennest-10x20-v2-grosse-kammern\/#primaryimage"},"thumbnailUrl":"https:\/\/antderground.com\/wp-content\/uploads\/2024\/09\/hormiguero-3d-v2-10x20-1.jpeg","datePublished":"2024-09-10T13:40:12+00:00","description":"Neue Version (v2) des modularen 3D-Ameisennests 10x20, mit gr\u00f6\u00dferen und sichereren Bereichen. Entdecken Sie das perfekte Nest f\u00fcr Ihre Ameisenkolonie.","breadcrumb":{"@id":"https:\/\/antderground.com\/de\/produkt\/3d-modulares-ameisennest-10x20-v2-grosse-kammern\/#breadcrumb"},"inLanguage":"de","potentialAction":[{"@type":"ReadAction","target":["https:\/\/antderground.com\/de\/produkt\/3d-modulares-ameisennest-10x20-v2-grosse-kammern\/"]}]},{"@type":"ImageObject","inLanguage":"de","@id":"https:\/\/antderground.com\/de\/produkt\/3d-modulares-ameisennest-10x20-v2-grosse-kammern\/#primaryimage","url":"https:\/\/antderground.com\/wp-content\/uploads\/2024\/09\/hormiguero-3d-v2-10x20-1.jpeg","contentUrl":"https:\/\/antderground.com\/wp-content\/uploads\/2024\/09\/hormiguero-3d-v2-10x20-1.jpeg","width":1600,"height":1600},{"@type":"BreadcrumbList","@id":"https:\/\/antderground.com\/de\/produkt\/3d-modulares-ameisennest-10x20-v2-grosse-kammern\/#breadcrumb","itemListElement":[{"@type":"ListItem","position":1,"name":"Portada","item":"https:\/\/antderground.com\/de\/"},{"@type":"ListItem","position":2,"name":"Shop","item":"https:\/\/antderground.com\/de\/shop\/"},{"@type":"ListItem","position":3,"name":"3D-modulares Ameisennest (10\u00d720) v2 (Gro\u00dfe Kammern)"}]},{"@type":"WebSite","@id":"https:\/\/antderground.com\/de\/#website","url":"https:\/\/antderground.com\/de\/","name":"ANTDERGROUND","description":"Tu tienda de hormigas, gran variedad de hormigueros acr\u00edlicos,madera,arena,3D y mas.. Pide tus hormigas gratis con tu pedido, somos expertos en hormigueros antifugas.","publisher":{"@id":"https:\/\/antderground.com\/de\/#\/schema\/person\/0e322c505e84fe72c65e2f6d08f96b81"},"alternateName":"Antderground","potentialAction":[{"@type":"SearchAction","target":{"@type":"EntryPoint","urlTemplate":"https:\/\/antderground.com\/de\/?s={search_term_string}"},"query-input":{"@type":"PropertyValueSpecification","valueRequired":true,"valueName":"search_term_string"}}],"inLanguage":"de"},{"@type":["Person","Organization"],"@id":"https:\/\/antderground.com\/de\/#\/schema\/person\/0e322c505e84fe72c65e2f6d08f96b81","name":"Eric de Antderground","image":{"@type":"ImageObject","inLanguage":"de","@id":"https:\/\/secure.gravatar.com\/avatar\/c49a1b9f79216d1498cb73c1e85cd47f4465dda35f2a94c03790d491bd4423c3?s=96&d=mm&r=g","url":"https:\/\/secure.gravatar.com\/avatar\/c49a1b9f79216d1498cb73c1e85cd47f4465dda35f2a94c03790d491bd4423c3?s=96&d=mm&r=g","contentUrl":"https:\/\/secure.gravatar.com\/avatar\/c49a1b9f79216d1498cb73c1e85cd47f4465dda35f2a94c03790d491bd4423c3?s=96&d=mm&r=g","caption":"Eric de Antderground"},"logo":{"@id":"https:\/\/secure.gravatar.com\/avatar\/c49a1b9f79216d1498cb73c1e85cd47f4465dda35f2a94c03790d491bd4423c3?s=96&d=mm&r=g"},"description":"Eric es el especialista y fundador de Antderground, con una amplia trayectoria en artr\u00f3podos y enfocado en la mirmecolog\u00eda y el dise\u00f1o de hormigueros artificiales. Su enfoque combina la innovaci\u00f3n t\u00e9cnica con el respeto por la biolog\u00eda de las hormigas, is\u00f3podos y otros, desarrollando sistemas de nidos modulares 3D y acr\u00edlicos que son referentes para aficionados y profesionales en toda Europa. Su objetivo es facilitar la cr\u00eda de hormigas y otros artr\u00f3podos mediante soluciones seguras y divulgaci\u00f3n de calidad.","sameAs":["https:\/\/antderground.com\/","https:\/\/www.youtube.com\/channel\/UCio72z7TlbufkAthAJIJfPw"]}]}},"_links":{"self":[{"href":"https:\/\/antderground.com\/de\/wp-json\/wp\/v2\/product\/36451","targetHints":{"allow":["GET"]}}],"collection":[{"href":"https:\/\/antderground.com\/de\/wp-json\/wp\/v2\/product"}],"about":[{"href":"https:\/\/antderground.com\/de\/wp-json\/wp\/v2\/types\/product"}],"version-history":[{"count":0,"href":"https:\/\/antderground.com\/de\/wp-json\/wp\/v2\/product\/36451\/revisions"}],"wp:featuredmedia":[{"embeddable":true,"href":"https:\/\/antderground.com\/de\/wp-json\/wp\/v2\/media\/36435"}],"wp:attachment":[{"href":"https:\/\/antderground.com\/de\/wp-json\/wp\/v2\/media?parent=36451"}],"wp:term":[{"taxonomy":"product_brand","embeddable":true,"href":"https:\/\/antderground.com\/de\/wp-json\/wp\/v2\/product_brand?post=36451"},{"taxonomy":"product_cat","embeddable":true,"href":"https:\/\/antderground.com\/de\/wp-json\/wp\/v2\/product_cat?post=36451"},{"taxonomy":"product_tag","embeddable":true,"href":"https:\/\/antderground.com\/de\/wp-json\/wp\/v2\/product_tag?post=36451"}],"curies":[{"name":"wp","href":"https:\/\/api.w.org\/{rel}","templated":true}]}}