{"id":36523,"date":"2024-08-27T18:05:16","date_gmt":"2024-08-27T16:05:16","guid":{"rendered":"https:\/\/www.antderground.com\/producto\/ameisenkolonie-starterset-v2\/"},"modified":"2024-08-27T18:05:16","modified_gmt":"2024-08-27T16:05:16","slug":"ameisenkolonie-starterset-v2","status":"publish","type":"product","link":"https:\/\/antderground.com\/de\/produkt\/ameisenkolonie-starterset-v2\/","title":{"rendered":"Ameisenkolonie Starterset (v2)"},"content":{"rendered":"<p>\u00dcberblick: Version 2 dieses Colony Starter Kits ist die perfekte L\u00f6sung f\u00fcr den Einstieg in die faszinierende Welt der Ameisenzucht. Dieses Kit enth\u00e4lt alle wesentlichen Komponenten, um vom ersten Moment an eine geeignete Umgebung f\u00fcr Ihre Kolonie zu schaffen. Das Kit besteht aus einem aktualisierten Ameisennest mit Trennung, einer Futterbox und einem Anschluss, die alle auf einfache Handhabung und optimale Kontrolle ausgelegt sind.<\/p>\n<p>3D-Design: Jede Komponente wird 3D-gefertigt, um eine robuste Konstruktion und perfekte Passform zu gew\u00e4hrleisten.<\/p>\n<p>Einfache Wartung: Das Design erleichtert den Zugang und die Reinigung aller Teile des Kits.<\/p>\n<p>Kompatibilit\u00e4t: Der Ameisenhaufen und die Futterbox sind so konzipiert, dass sie mithilfe des mitgelieferten Steckers einfach verbunden werden k\u00f6nnen, was eine problemlose Integration gew\u00e4hrleistet.<\/p>\n","protected":false},"excerpt":{"rendered":"<p>Entdecken Sie das Ameisenhaufen-Set Version 2, ideal f\u00fcr die Gr\u00fcndung einer Kolonie.<br \/>\nBeinhaltet (Verbesserter Ameisenhaufen mit Trennung + Futterbox + Anschluss).<\/p>\n<p><strong>3D-Ameisenhaufen:<\/strong><br \/>\nGr\u00f6\u00dfe: 7 cm x 4,5 cm.<br \/>\nTank: 20 ml (einfacher Anschluss).<br \/>\nFarbe: Wei\u00df.<br \/>\nDeckel: Inklusive roter Farbe<br \/>\nT\u00fcr: Doppelt\u00fcr, Dreht\u00fcr + Sicherheit<\/p>\n<p><strong>3D-Futterschachteln:<\/strong><br \/>\nGr\u00f6\u00dfe: 5 cm x 5 cm.<br \/>\nFarbe: Wei\u00df<br \/>\nBel\u00fcftung: Ja, obere Abdeckung.<br \/>\nAnschl\u00fcsse: 2<\/p>\n<p><strong>Anschluss f\u00fcr Ameisenhaufen und Futterschachteln:<\/strong><br \/>\nFarbe: Wei\u00df<br \/>\nAnschluss: horizontal.<\/p>\n","protected":false},"featured_media":36125,"template":"","meta":[],"product_brand":[],"product_cat":[504,505,531],"product_tag":[],"class_list":{"0":"post-36523","1":"product","2":"type-product","3":"status-publish","4":"has-post-thumbnail","6":"product_cat-ameisennester","7":"product_cat-ameisenfarmen-3d","8":"product_cat-ameisennest-sets","10":"first","11":"instock","12":"sale","13":"shipping-taxable","14":"purchasable","15":"product-type-simple"},"yoast_head":"<!-- This site is optimized with the Yoast SEO plugin v27.4 - https:\/\/yoast.com\/product\/yoast-seo-wordpress\/ -->\n<title>Ameisenkolonie Starterset (v2) | Ameisenhaufen | Myrmekologie - ANTDERGROUND<\/title>\n<meta name=\"description\" content=\"Colony Starter Kit V2: 3D-Ameisenhaufen, Futterbox. Ideal, um Ihre Ameisenkolonie zu gr\u00fcnden. Enth\u00e4lt alles, was Sie brauchen.\" \/>\n<meta name=\"robots\" content=\"index, follow, max-snippet:-1, max-image-preview:large, max-video-preview:-1\" \/>\n<link rel=\"canonical\" href=\"https:\/\/antderground.com\/de\/produkt\/ameisenkolonie-starterset-v2\/\" \/>\n<meta property=\"og:locale\" content=\"de_DE\" \/>\n<meta property=\"og:type\" content=\"article\" \/>\n<meta property=\"og:title\" content=\"Ameisenkolonie Starterset (v2) | Ameisenhaufen | Myrmekologie - ANTDERGROUND\" \/>\n<meta property=\"og:description\" content=\"Colony Starter Kit V2: 3D-Ameisenhaufen, Futterbox. Ideal, um Ihre Ameisenkolonie zu gr\u00fcnden. Enth\u00e4lt alles, was Sie brauchen.\" \/>\n<meta property=\"og:url\" content=\"https:\/\/antderground.com\/de\/produkt\/ameisenkolonie-starterset-v2\/\" \/>\n<meta property=\"og:site_name\" content=\"ANTDERGROUND\" \/>\n<meta property=\"og:image\" content=\"https:\/\/antderground.com\/wp-content\/uploads\/2024\/08\/Kit-inicio-de-colonia-v2-1.jpeg\" \/>\n\t<meta property=\"og:image:width\" content=\"1600\" \/>\n\t<meta property=\"og:image:height\" content=\"1600\" \/>\n\t<meta property=\"og:image:type\" content=\"image\/jpeg\" \/>\n<meta name=\"twitter:card\" content=\"summary_large_image\" \/>\n<meta name=\"twitter:label1\" content=\"Gesch\u00e4tzte Lesezeit\" \/>\n\t<meta name=\"twitter:data1\" content=\"1\u00a0Minute\" \/>\n<script type=\"application\/ld+json\" class=\"yoast-schema-graph\">{\"@context\":\"https:\\\/\\\/schema.org\",\"@graph\":[{\"@type\":\"WebPage\",\"@id\":\"https:\\\/\\\/antderground.com\\\/de\\\/produkt\\\/ameisenkolonie-starterset-v2\\\/\",\"url\":\"https:\\\/\\\/antderground.com\\\/de\\\/produkt\\\/ameisenkolonie-starterset-v2\\\/\",\"name\":\"Ameisenkolonie Starterset (v2) | Ameisenhaufen | Myrmekologie - ANTDERGROUND\",\"isPartOf\":{\"@id\":\"https:\\\/\\\/antderground.com\\\/de\\\/#website\"},\"primaryImageOfPage\":{\"@id\":\"https:\\\/\\\/antderground.com\\\/de\\\/produkt\\\/ameisenkolonie-starterset-v2\\\/#primaryimage\"},\"image\":{\"@id\":\"https:\\\/\\\/antderground.com\\\/de\\\/produkt\\\/ameisenkolonie-starterset-v2\\\/#primaryimage\"},\"thumbnailUrl\":\"https:\\\/\\\/antderground.com\\\/wp-content\\\/uploads\\\/2024\\\/08\\\/Kit-inicio-de-colonia-v2-1.jpeg\",\"datePublished\":\"2024-08-27T16:05:16+00:00\",\"description\":\"Colony Starter Kit V2: 3D-Ameisenhaufen, Futterbox. Ideal, um Ihre Ameisenkolonie zu gr\u00fcnden. Enth\u00e4lt alles, was Sie brauchen.\",\"breadcrumb\":{\"@id\":\"https:\\\/\\\/antderground.com\\\/de\\\/produkt\\\/ameisenkolonie-starterset-v2\\\/#breadcrumb\"},\"inLanguage\":\"de\",\"potentialAction\":[{\"@type\":\"ReadAction\",\"target\":[\"https:\\\/\\\/antderground.com\\\/de\\\/produkt\\\/ameisenkolonie-starterset-v2\\\/\"]}]},{\"@type\":\"ImageObject\",\"inLanguage\":\"de\",\"@id\":\"https:\\\/\\\/antderground.com\\\/de\\\/produkt\\\/ameisenkolonie-starterset-v2\\\/#primaryimage\",\"url\":\"https:\\\/\\\/antderground.com\\\/wp-content\\\/uploads\\\/2024\\\/08\\\/Kit-inicio-de-colonia-v2-1.jpeg\",\"contentUrl\":\"https:\\\/\\\/antderground.com\\\/wp-content\\\/uploads\\\/2024\\\/08\\\/Kit-inicio-de-colonia-v2-1.jpeg\",\"width\":1600,\"height\":1600,\"caption\":\"Ameisenkolonie Starterset (v2)\"},{\"@type\":\"BreadcrumbList\",\"@id\":\"https:\\\/\\\/antderground.com\\\/de\\\/produkt\\\/ameisenkolonie-starterset-v2\\\/#breadcrumb\",\"itemListElement\":[{\"@type\":\"ListItem\",\"position\":1,\"name\":\"Portada\",\"item\":\"https:\\\/\\\/antderground.com\\\/de\\\/\"},{\"@type\":\"ListItem\",\"position\":2,\"name\":\"Shop\",\"item\":\"https:\\\/\\\/antderground.com\\\/de\\\/shop\\\/\"},{\"@type\":\"ListItem\",\"position\":3,\"name\":\"Ameisenkolonie Starterset (v2)\"}]},{\"@type\":\"WebSite\",\"@id\":\"https:\\\/\\\/antderground.com\\\/de\\\/#website\",\"url\":\"https:\\\/\\\/antderground.com\\\/de\\\/\",\"name\":\"ANTDERGROUND\",\"description\":\"Tu tienda de hormigas, gran variedad de hormigueros acr\u00edlicos,madera,arena,3D y mas.. Pide tus hormigas gratis con tu pedido, somos expertos en hormigueros antifugas.\",\"publisher\":{\"@id\":\"https:\\\/\\\/antderground.com\\\/de\\\/#\\\/schema\\\/person\\\/0e322c505e84fe72c65e2f6d08f96b81\"},\"alternateName\":\"Antderground\",\"potentialAction\":[{\"@type\":\"SearchAction\",\"target\":{\"@type\":\"EntryPoint\",\"urlTemplate\":\"https:\\\/\\\/antderground.com\\\/de\\\/?s={search_term_string}\"},\"query-input\":{\"@type\":\"PropertyValueSpecification\",\"valueRequired\":true,\"valueName\":\"search_term_string\"}}],\"inLanguage\":\"de\"},{\"@type\":[\"Person\",\"Organization\"],\"@id\":\"https:\\\/\\\/antderground.com\\\/de\\\/#\\\/schema\\\/person\\\/0e322c505e84fe72c65e2f6d08f96b81\",\"name\":\"Eric de Antderground\",\"image\":{\"@type\":\"ImageObject\",\"inLanguage\":\"de\",\"@id\":\"https:\\\/\\\/secure.gravatar.com\\\/avatar\\\/c49a1b9f79216d1498cb73c1e85cd47f4465dda35f2a94c03790d491bd4423c3?s=96&d=mm&r=g\",\"url\":\"https:\\\/\\\/secure.gravatar.com\\\/avatar\\\/c49a1b9f79216d1498cb73c1e85cd47f4465dda35f2a94c03790d491bd4423c3?s=96&d=mm&r=g\",\"contentUrl\":\"https:\\\/\\\/secure.gravatar.com\\\/avatar\\\/c49a1b9f79216d1498cb73c1e85cd47f4465dda35f2a94c03790d491bd4423c3?s=96&d=mm&r=g\",\"caption\":\"Eric de Antderground\"},\"logo\":{\"@id\":\"https:\\\/\\\/secure.gravatar.com\\\/avatar\\\/c49a1b9f79216d1498cb73c1e85cd47f4465dda35f2a94c03790d491bd4423c3?s=96&d=mm&r=g\"},\"description\":\"Eric es el especialista y fundador de Antderground, con una amplia trayectoria en artr\u00f3podos y enfocado en la mirmecolog\u00eda y el dise\u00f1o de hormigueros artificiales. Su enfoque combina la innovaci\u00f3n t\u00e9cnica con el respeto por la biolog\u00eda de las hormigas, is\u00f3podos y otros, desarrollando sistemas de nidos modulares 3D y acr\u00edlicos que son referentes para aficionados y profesionales en toda Europa. Su objetivo es facilitar la cr\u00eda de hormigas y otros artr\u00f3podos mediante soluciones seguras y divulgaci\u00f3n de calidad.\",\"sameAs\":[\"https:\\\/\\\/antderground.com\\\/\",\"https:\\\/\\\/www.youtube.com\\\/channel\\\/UCio72z7TlbufkAthAJIJfPw\"]}]}<\/script>\n<!-- \/ Yoast SEO plugin. -->","yoast_head_json":{"title":"Ameisenkolonie Starterset (v2) | Ameisenhaufen | Myrmekologie - ANTDERGROUND","description":"Colony Starter Kit V2: 3D-Ameisenhaufen, Futterbox. Ideal, um Ihre Ameisenkolonie zu gr\u00fcnden. Enth\u00e4lt alles, was Sie brauchen.","robots":{"index":"index","follow":"follow","max-snippet":"max-snippet:-1","max-image-preview":"max-image-preview:large","max-video-preview":"max-video-preview:-1"},"canonical":"https:\/\/antderground.com\/de\/produkt\/ameisenkolonie-starterset-v2\/","og_locale":"de_DE","og_type":"article","og_title":"Ameisenkolonie Starterset (v2) | Ameisenhaufen | Myrmekologie - ANTDERGROUND","og_description":"Colony Starter Kit V2: 3D-Ameisenhaufen, Futterbox. Ideal, um Ihre Ameisenkolonie zu gr\u00fcnden. Enth\u00e4lt alles, was Sie brauchen.","og_url":"https:\/\/antderground.com\/de\/produkt\/ameisenkolonie-starterset-v2\/","og_site_name":"ANTDERGROUND","og_image":[{"width":1600,"height":1600,"url":"https:\/\/antderground.com\/wp-content\/uploads\/2024\/08\/Kit-inicio-de-colonia-v2-1.jpeg","type":"image\/jpeg"}],"twitter_card":"summary_large_image","twitter_misc":{"Gesch\u00e4tzte Lesezeit":"1\u00a0Minute"},"schema":{"@context":"https:\/\/schema.org","@graph":[{"@type":"WebPage","@id":"https:\/\/antderground.com\/de\/produkt\/ameisenkolonie-starterset-v2\/","url":"https:\/\/antderground.com\/de\/produkt\/ameisenkolonie-starterset-v2\/","name":"Ameisenkolonie Starterset (v2) | Ameisenhaufen | Myrmekologie - ANTDERGROUND","isPartOf":{"@id":"https:\/\/antderground.com\/de\/#website"},"primaryImageOfPage":{"@id":"https:\/\/antderground.com\/de\/produkt\/ameisenkolonie-starterset-v2\/#primaryimage"},"image":{"@id":"https:\/\/antderground.com\/de\/produkt\/ameisenkolonie-starterset-v2\/#primaryimage"},"thumbnailUrl":"https:\/\/antderground.com\/wp-content\/uploads\/2024\/08\/Kit-inicio-de-colonia-v2-1.jpeg","datePublished":"2024-08-27T16:05:16+00:00","description":"Colony Starter Kit V2: 3D-Ameisenhaufen, Futterbox. Ideal, um Ihre Ameisenkolonie zu gr\u00fcnden. Enth\u00e4lt alles, was Sie brauchen.","breadcrumb":{"@id":"https:\/\/antderground.com\/de\/produkt\/ameisenkolonie-starterset-v2\/#breadcrumb"},"inLanguage":"de","potentialAction":[{"@type":"ReadAction","target":["https:\/\/antderground.com\/de\/produkt\/ameisenkolonie-starterset-v2\/"]}]},{"@type":"ImageObject","inLanguage":"de","@id":"https:\/\/antderground.com\/de\/produkt\/ameisenkolonie-starterset-v2\/#primaryimage","url":"https:\/\/antderground.com\/wp-content\/uploads\/2024\/08\/Kit-inicio-de-colonia-v2-1.jpeg","contentUrl":"https:\/\/antderground.com\/wp-content\/uploads\/2024\/08\/Kit-inicio-de-colonia-v2-1.jpeg","width":1600,"height":1600,"caption":"Ameisenkolonie Starterset (v2)"},{"@type":"BreadcrumbList","@id":"https:\/\/antderground.com\/de\/produkt\/ameisenkolonie-starterset-v2\/#breadcrumb","itemListElement":[{"@type":"ListItem","position":1,"name":"Portada","item":"https:\/\/antderground.com\/de\/"},{"@type":"ListItem","position":2,"name":"Shop","item":"https:\/\/antderground.com\/de\/shop\/"},{"@type":"ListItem","position":3,"name":"Ameisenkolonie Starterset (v2)"}]},{"@type":"WebSite","@id":"https:\/\/antderground.com\/de\/#website","url":"https:\/\/antderground.com\/de\/","name":"ANTDERGROUND","description":"Tu tienda de hormigas, gran variedad de hormigueros acr\u00edlicos,madera,arena,3D y mas.. Pide tus hormigas gratis con tu pedido, somos expertos en hormigueros antifugas.","publisher":{"@id":"https:\/\/antderground.com\/de\/#\/schema\/person\/0e322c505e84fe72c65e2f6d08f96b81"},"alternateName":"Antderground","potentialAction":[{"@type":"SearchAction","target":{"@type":"EntryPoint","urlTemplate":"https:\/\/antderground.com\/de\/?s={search_term_string}"},"query-input":{"@type":"PropertyValueSpecification","valueRequired":true,"valueName":"search_term_string"}}],"inLanguage":"de"},{"@type":["Person","Organization"],"@id":"https:\/\/antderground.com\/de\/#\/schema\/person\/0e322c505e84fe72c65e2f6d08f96b81","name":"Eric de Antderground","image":{"@type":"ImageObject","inLanguage":"de","@id":"https:\/\/secure.gravatar.com\/avatar\/c49a1b9f79216d1498cb73c1e85cd47f4465dda35f2a94c03790d491bd4423c3?s=96&d=mm&r=g","url":"https:\/\/secure.gravatar.com\/avatar\/c49a1b9f79216d1498cb73c1e85cd47f4465dda35f2a94c03790d491bd4423c3?s=96&d=mm&r=g","contentUrl":"https:\/\/secure.gravatar.com\/avatar\/c49a1b9f79216d1498cb73c1e85cd47f4465dda35f2a94c03790d491bd4423c3?s=96&d=mm&r=g","caption":"Eric de Antderground"},"logo":{"@id":"https:\/\/secure.gravatar.com\/avatar\/c49a1b9f79216d1498cb73c1e85cd47f4465dda35f2a94c03790d491bd4423c3?s=96&d=mm&r=g"},"description":"Eric es el especialista y fundador de Antderground, con una amplia trayectoria en artr\u00f3podos y enfocado en la mirmecolog\u00eda y el dise\u00f1o de hormigueros artificiales. Su enfoque combina la innovaci\u00f3n t\u00e9cnica con el respeto por la biolog\u00eda de las hormigas, is\u00f3podos y otros, desarrollando sistemas de nidos modulares 3D y acr\u00edlicos que son referentes para aficionados y profesionales en toda Europa. Su objetivo es facilitar la cr\u00eda de hormigas y otros artr\u00f3podos mediante soluciones seguras y divulgaci\u00f3n de calidad.","sameAs":["https:\/\/antderground.com\/","https:\/\/www.youtube.com\/channel\/UCio72z7TlbufkAthAJIJfPw"]}]}},"_links":{"self":[{"href":"https:\/\/antderground.com\/de\/wp-json\/wp\/v2\/product\/36523","targetHints":{"allow":["GET"]}}],"collection":[{"href":"https:\/\/antderground.com\/de\/wp-json\/wp\/v2\/product"}],"about":[{"href":"https:\/\/antderground.com\/de\/wp-json\/wp\/v2\/types\/product"}],"version-history":[{"count":0,"href":"https:\/\/antderground.com\/de\/wp-json\/wp\/v2\/product\/36523\/revisions"}],"wp:featuredmedia":[{"embeddable":true,"href":"https:\/\/antderground.com\/de\/wp-json\/wp\/v2\/media\/36125"}],"wp:attachment":[{"href":"https:\/\/antderground.com\/de\/wp-json\/wp\/v2\/media?parent=36523"}],"wp:term":[{"taxonomy":"product_brand","embeddable":true,"href":"https:\/\/antderground.com\/de\/wp-json\/wp\/v2\/product_brand?post=36523"},{"taxonomy":"product_cat","embeddable":true,"href":"https:\/\/antderground.com\/de\/wp-json\/wp\/v2\/product_cat?post=36523"},{"taxonomy":"product_tag","embeddable":true,"href":"https:\/\/antderground.com\/de\/wp-json\/wp\/v2\/product_tag?post=36523"}],"curies":[{"name":"wp","href":"https:\/\/api.w.org\/{rel}","templated":true}]}}